{"id":990,"date":"2025-08-22T09:21:47","date_gmt":"2025-08-22T01:21:47","guid":{"rendered":"http:\/\/cnsinometal.com\/?post_type=product&#038;p=990"},"modified":"2025-08-22T09:21:47","modified_gmt":"2025-08-22T01:21:47","slug":"galvanized-metal-sheet-zero-spangle-0-21mm-sgcc-sgcd-galvanized-steel-coil","status":"publish","type":"product","link":"https:\/\/cnsinometal.com\/fr\/produit\/galvanized-metal-sheet-zero-spangle-0-21mm-sgcc-sgcd-galvanized-steel-coil\/","title":{"rendered":"T\u00f4le galvanis\u00e9e \u00e0 angle nul 0.21mm SGCC\/SGCD Bobine d'acier galvanis\u00e9"},"content":{"rendered":"<div id=\"Product\" class=\"descriptions\" data-v-e8f33c66=\"\">\n<div class=\"ant-descriptions ant-descriptions-small ant-descriptions-bordered\" data-v-e8f33c66=\"\">\n<div class=\"ant-descriptions-view\">\n<table data-extentions-extra-tablecapture-id=\"998846\">\n<tbody>\n<tr class=\"ant-descriptions-row\">\n<th class=\"ant-descriptions-item-label ant-descriptions-item-colon\">Num\u00e9ro de mod\u00e8le<\/th>\n<td class=\"ant-descriptions-item-content\" colspan=\"5\">Sino0703<\/td>\n<\/tr>\n<tr class=\"ant-descriptions-row\">\n<th class=\"ant-descriptions-item-label ant-descriptions-item-colon\">Nom de la marque<\/th>\n<td class=\"ant-descriptions-item-content\" colspan=\"5\">Shandong Sino<\/td>\n<\/tr>\n<tr class=\"ant-descriptions-row\">\n<th class=\"ant-descriptions-item-label ant-descriptions-item-colon\">origine<\/th>\n<td class=\"ant-descriptions-item-content\" colspan=\"5\">Chine<\/td>\n<\/tr>\n<tr class=\"ant-descriptions-row\">\n<th class=\"ant-descriptions-item-label ant-descriptions-item-colon\">Petites commandes<\/th>\n<td class=\"ant-descriptions-item-content\" colspan=\"5\">Accept\u00e9<\/td>\n<\/tr>\n<\/tbody>\n<\/table>\n<\/div>\n<\/div>\n<\/div>\n<div class=\"certifications-box\" data-v-e8f33c66=\"\">\n<div class=\"specifications\" data-v-e8f33c66=\"\">\n<h3 class=\"specifications-title\" data-v-e8f33c66=\"\">Principales sp\u00e9cifications\/caract\u00e9ristiques sp\u00e9ciales :<\/h3>\n<div class=\"tpl_txt_editor\" data-v-e8f33c66=\"\">\n<p><img decoding=\"async\" class=\"lazy\" src=\"https:\/\/sc04.alicdn.com\/kf\/H8d54d57833ef4ec489a9a138f38c5496f\/267642358\/H8d54d57833ef4ec489a9a138f38c5496f.jpg\" alt=\"\" data-href=\"\" data-src=\"https:\/\/sc04.alicdn.com\/kf\/H8d54d57833ef4ec489a9a138f38c5496f\/267642358\/H8d54d57833ef4ec489a9a138f38c5496f.jpg\" data-extentions-extra-ocr-id=\"44a8fe60eeb6a8b5333d8a8d91f0963a\" \/><\/p>\n<p><img decoding=\"async\" class=\"lazy\" src=\"https:\/\/sc04.alicdn.com\/kf\/Hc63f633c8f8b49d29eef442c1799f39aB\/267642358\/Hc63f633c8f8b49d29eef442c1799f39aB.jpg\" alt=\"\" data-href=\"\" data-src=\"https:\/\/sc04.alicdn.com\/kf\/Hc63f633c8f8b49d29eef442c1799f39aB\/267642358\/Hc63f633c8f8b49d29eef442c1799f39aB.jpg\" data-extentions-extra-ocr-id=\"44a8fe60eeb6a8b5333d8a8d91f0963a\" \/><\/p>\n<p><img decoding=\"async\" class=\"lazy\" src=\"https:\/\/sc04.alicdn.com\/kf\/H5ea58869684f4a3f9388d065132e25e3y\/267642358\/H5ea58869684f4a3f9388d065132e25e3y.jpg\" alt=\"\" data-href=\"\" data-src=\"https:\/\/sc04.alicdn.com\/kf\/H5ea58869684f4a3f9388d065132e25e3y\/267642358\/H5ea58869684f4a3f9388d065132e25e3y.jpg\" data-extentions-extra-ocr-id=\"44a8fe60eeb6a8b5333d8a8d91f0963a\" \/><\/p>\n<p><img decoding=\"async\" class=\"lazy\" src=\"https:\/\/sc04.alicdn.com\/kf\/H2d5ba32c806b4482b9440e9837c8d28bW\/267642358\/H2d5ba32c806b4482b9440e9837c8d28bW.jpg\" alt=\"\" data-href=\"\" data-src=\"https:\/\/sc04.alicdn.com\/kf\/H2d5ba32c806b4482b9440e9837c8d28bW\/267642358\/H2d5ba32c806b4482b9440e9837c8d28bW.jpg\" data-extentions-extra-ocr-id=\"44a8fe60eeb6a8b5333d8a8d91f0963a\" \/><\/p>\n<div class=\"gs-desc-table\">\n<table data-extentions-extra-tablecapture-id=\"290019\">\n<tbody>\n<tr>\n<td colspan=\"1\" rowspan=\"1\" width=\"auto\">Standard<\/td>\n<td colspan=\"1\" rowspan=\"1\" width=\"auto\">astm a526 a528 a444, a653, jis g3302, en10142 en1012, etc.<\/td>\n<\/tr>\n<tr>\n<td colspan=\"1\" rowspan=\"1\" width=\"auto\">Grade<\/td>\n<td colspan=\"1\" rowspan=\"1\" width=\"auto\">DX51D+Z, DX52D+Z, DC52D+Z, DC51D+Z, S350GD+Z, G550, SGCC, DD52D+Z etc.<\/td>\n<\/tr>\n<tr>\n<td colspan=\"1\" rowspan=\"1\" width=\"auto\">\u00c9paisseur<\/td>\n<td colspan=\"1\" rowspan=\"1\" width=\"auto\">0,12-3,0 mm (sur mesure, sup\u00e9rieur \u00e0 3,0 mm disponible)<\/td>\n<\/tr>\n<tr>\n<td colspan=\"1\" rowspan=\"1\" width=\"auto\">Largeur<\/td>\n<td colspan=\"1\" rowspan=\"1\" width=\"auto\">600-2000mm (sur mesure)<\/td>\n<\/tr>\n<tr>\n<td colspan=\"1\" rowspan=\"1\" width=\"auto\">Longueur<\/td>\n<td colspan=\"1\" rowspan=\"1\" width=\"auto\">Selon les exigences du client<\/td>\n<\/tr>\n<tr>\n<td colspan=\"1\" rowspan=\"1\" width=\"auto\">Diam\u00e8tre int\u00e9rieur de la bobine<\/td>\n<td colspan=\"1\" rowspan=\"1\" width=\"auto\">508mm\/610mm (sur mesure)<\/td>\n<\/tr>\n<tr>\n<td colspan=\"1\" rowspan=\"1\" width=\"auto\">Rev\u00eatement de zinc<\/td>\n<td colspan=\"1\" rowspan=\"1\" width=\"auto\">20-600g\/m2<\/td>\n<\/tr>\n<tr>\n<td colspan=\"1\" rowspan=\"1\" width=\"auto\">Mati\u00e8res premi\u00e8res<\/td>\n<td colspan=\"1\" rowspan=\"1\" width=\"auto\">Base lamin\u00e9e \u00e0 froid. (base lamin\u00e9e \u00e0 chaud \u00e9galement disponible)<\/td>\n<\/tr>\n<tr>\n<td colspan=\"1\" rowspan=\"1\" width=\"auto\">Technique<\/td>\n<td colspan=\"1\" rowspan=\"1\" width=\"auto\">tremp\u00e9 \u00e0 chaud. (\u00e9lectro \u00e9galement disponible)<\/td>\n<\/tr>\n<tr>\n<td colspan=\"1\" rowspan=\"1\" width=\"auto\">Poids de la bobine<\/td>\n<td colspan=\"1\" rowspan=\"1\" width=\"auto\">3-8 tonnes<\/td>\n<\/tr>\n<tr>\n<td colspan=\"1\" rowspan=\"1\" width=\"auto\">Tol\u00e9rance<\/td>\n<td colspan=\"1\" rowspan=\"1\" width=\"auto\">\u00c9paisseur +- 0,02 ou +- 0,04, largeur +-5mm<\/td>\n<\/tr>\n<tr>\n<td colspan=\"1\" rowspan=\"1\" width=\"auto\">Type de triangle<\/td>\n<td colspan=\"1\" rowspan=\"1\" width=\"auto\">z\u00e9ro paillette, petite paillette, paillette r\u00e9guli\u00e8re, grande paillette<\/td>\n<\/tr>\n<tr>\n<td colspan=\"1\" rowspan=\"1\" width=\"auto\">Traitement de surface<\/td>\n<td colspan=\"1\" rowspan=\"1\" width=\"auto\">Chrom\u00e9\/non chrom\u00e9, huil\u00e9\/non huil\u00e9, anti-traces de doigts<\/td>\n<\/tr>\n<tr>\n<td colspan=\"1\" rowspan=\"1\" width=\"auto\">Certification<\/td>\n<td colspan=\"1\" rowspan=\"1\" width=\"auto\">CE, ISO9001-2008, SGS<\/td>\n<\/tr>\n<tr>\n<td colspan=\"1\" rowspan=\"1\" width=\"auto\">Production mensuelle<\/td>\n<td colspan=\"1\" rowspan=\"1\" width=\"auto\">17000 tonnes<\/td>\n<\/tr>\n<tr>\n<td colspan=\"1\" rowspan=\"1\" width=\"auto\">Emballage<\/td>\n<td colspan=\"1\" rowspan=\"1\" width=\"auto\">3 couches. papier kraft \u00e0 l'ext\u00e9rieur + film plastique imperm\u00e9able au milieu + plaque d'acier recouverte de bandes \u00e0 l'ext\u00e9rieur<\/td>\n<\/tr>\n<tr>\n<td colspan=\"1\" rowspan=\"1\" width=\"auto\">Duret\u00e9<\/td>\n<td colspan=\"1\" rowspan=\"1\" width=\"auto\">Dur<\/td>\n<\/tr>\n<tr>\n<td colspan=\"1\" rowspan=\"1\" width=\"auto\">Rev\u00eatement de zinc<\/td>\n<td colspan=\"1\" rowspan=\"1\" width=\"auto\">30-275g\/m2, double face<\/td>\n<\/tr>\n<tr>\n<td colspan=\"1\" rowspan=\"1\" width=\"auto\">Usage sp\u00e9cial<\/td>\n<td colspan=\"1\" rowspan=\"1\" width=\"auto\">T\u00f4les d'acier \u00e0 haute r\u00e9sistance<\/td>\n<\/tr>\n<tr>\n<td colspan=\"1\" rowspan=\"1\" width=\"auto\">Emballage<\/td>\n<td colspan=\"1\" rowspan=\"1\" width=\"auto\">Paquet maritime<\/p>\n<p><img decoding=\"async\" class=\"lazy\" src=\"https:\/\/sc04.alicdn.com\/kf\/Hd6afef492c354163a795eb76cb7fe60dQ\/267642358\/Hd6afef492c354163a795eb76cb7fe60dQ.jpg\" alt=\"\" data-href=\"\" data-src=\"https:\/\/sc04.alicdn.com\/kf\/Hd6afef492c354163a795eb76cb7fe60dQ\/267642358\/Hd6afef492c354163a795eb76cb7fe60dQ.jpg\" data-extentions-extra-ocr-id=\"44a8fe60eeb6a8b5333d8a8d91f0963a\" \/><\/td>\n<\/tr>\n<\/tbody>\n<\/table>\n<\/div>\n<\/div>\n<\/div>\n<div class=\"textImg-box\" data-v-d0e03504=\"\" data-v-e8f33c66=\"\"><\/div>\n<\/div>\n<div id=\"Shipping\" class=\"certifications\" data-v-e8f33c66=\"\">\n<h3 class=\"title\" data-v-e8f33c66=\"\">Informations sur l'exp\u00e9dition<\/h3>\n<div class=\"certifications-content\" data-v-e8f33c66=\"\">\n<div class=\"ant-descriptions ant-descriptions-small ant-descriptions-bordered\" data-v-e8f33c66=\"\">\n<div class=\"ant-descriptions-view\">\n<table data-extentions-extra-tablecapture-id=\"60941\">\n<tbody>\n<tr class=\"ant-descriptions-row\">\n<th class=\"ant-descriptions-item-label ant-descriptions-item-colon\">Port FOB<\/th>\n<td class=\"ant-descriptions-item-content\" colspan=\"5\">Qingdao<\/td>\n<\/tr>\n<tr class=\"ant-descriptions-row\">\n<th class=\"ant-descriptions-item-label ant-descriptions-item-colon\">Code HTS<\/th>\n<td class=\"ant-descriptions-item-content\" colspan=\"5\">7210.49.10 00<\/td>\n<\/tr>\n<\/tbody>\n<\/table>\n<\/div>\n<\/div>\n<div class=\"ant-descriptions ant-descriptions-small ant-descriptions-bordered\" data-v-e8f33c66=\"\">\n<div class=\"ant-descriptions-view\">\n<table data-extentions-extra-tablecapture-id=\"809796\">\n<tbody>\n<tr class=\"ant-descriptions-row\">\n<th class=\"ant-descriptions-item-label ant-descriptions-item-colon\">D\u00e9lai d'ex\u00e9cution<\/th>\n<td class=\"ant-descriptions-item-content\" colspan=\"5\">10-30 jours<\/td>\n<\/tr>\n<\/tbody>\n<\/table>\n<\/div>\n<\/div>\n<\/div>\n<\/div>\n<div id=\"MainExportMarkets\" class=\"markets\" data-v-e8f33c66=\"\">\n<h3 class=\"title\" data-v-e8f33c66=\"\">Principaux march\u00e9s d'exportation<\/h3>\n<div class=\"markets-content\" data-v-e8f33c66=\"\">\n<div class=\"markets-content-row\" data-v-e8f33c66=\"\">\n<div class=\"item\" data-v-e8f33c66=\"\">- Asie<\/div>\n<div class=\"item\" data-v-e8f33c66=\"\">- Australasie<\/div>\n<div class=\"item\" data-v-e8f33c66=\"\">- Am\u00e9rique centrale et du Sud<\/div>\n<div class=\"item\" data-v-e8f33c66=\"\">- Europe de l'Est<\/div>\n<\/div>\n<div class=\"markets-content-row\" data-v-e8f33c66=\"\">\n<div class=\"item\" data-v-e8f33c66=\"\">- Moyen-Orient\/Afrique<\/div>\n<div class=\"item\" data-v-e8f33c66=\"\">- Am\u00e9rique du Nord<\/div>\n<div class=\"item\" data-v-e8f33c66=\"\">- Europe occidentale<\/div>\n<\/div>\n<\/div>\n<\/div>","protected":false},"excerpt":{"rendered":"<p>Model Number Sino0703 Brand Name Shandong Sino origin China Small Orders Accepted Key Specifications\/ Special Features: Standard astm a526 a528 a444, a653, jis g3302, en10142 en1012, etc Grade DX51D+Z, DX52D+Z, DC52D+Z, DC51D+Z, S350GD+Z, G550, SGCC, DD52D+Z etc Thickness 0.12-3.0mm (customize, above 3.0mm available) Width 600-2000mm (customize) Length As customer requirements Coil inner diameter 508mm\/610mm (customize)&#8230;<\/p>","protected":false},"featured_media":991,"comment_status":"open","ping_status":"closed","template":"","meta":{"_kadence_starter_templates_imported_post":false,"_kad_post_transparent":"default","_kad_post_title":"","_kad_post_layout":"default","_kad_post_sidebar_id":"","_kad_post_content_style":"default","_kad_post_vertical_padding":"default","_kad_post_feature":"","_kad_post_feature_position":"","_kad_post_header":false,"_kad_post_footer":false},"product_brand":[],"product_cat":[27],"product_tag":[],"class_list":{"0":"post-990","1":"product","2":"type-product","3":"status-publish","4":"has-post-thumbnail","6":"product_cat-galvanized-steel-coil-gi","8":"first","9":"instock","10":"shipping-taxable","11":"product-type-simple","12":"entry","13":"content-bg","14":"loop-entry"},"jetpack_sharing_enabled":true,"_links":{"self":[{"href":"https:\/\/cnsinometal.com\/fr\/wp-json\/wp\/v2\/product\/990","targetHints":{"allow":["GET"]}}],"collection":[{"href":"https:\/\/cnsinometal.com\/fr\/wp-json\/wp\/v2\/product"}],"about":[{"href":"https:\/\/cnsinometal.com\/fr\/wp-json\/wp\/v2\/types\/product"}],"replies":[{"embeddable":true,"href":"https:\/\/cnsinometal.com\/fr\/wp-json\/wp\/v2\/comments?post=990"}],"wp:featuredmedia":[{"embeddable":true,"href":"https:\/\/cnsinometal.com\/fr\/wp-json\/wp\/v2\/media\/991"}],"wp:attachment":[{"href":"https:\/\/cnsinometal.com\/fr\/wp-json\/wp\/v2\/media?parent=990"}],"wp:term":[{"taxonomy":"product_brand","embeddable":true,"href":"https:\/\/cnsinometal.com\/fr\/wp-json\/wp\/v2\/product_brand?post=990"},{"taxonomy":"product_cat","embeddable":true,"href":"https:\/\/cnsinometal.com\/fr\/wp-json\/wp\/v2\/product_cat?post=990"},{"taxonomy":"product_tag","embeddable":true,"href":"https:\/\/cnsinometal.com\/fr\/wp-json\/wp\/v2\/product_tag?post=990"}],"curies":[{"name":"wp","href":"https:\/\/api.w.org\/{rel}","templated":true}]}}