{"id":960,"date":"2025-08-20T13:46:12","date_gmt":"2025-08-20T05:46:12","guid":{"rendered":"http:\/\/cnsinometal.com\/?post_type=product&#038;p=960"},"modified":"2025-08-20T13:46:12","modified_gmt":"2025-08-20T05:46:12","slug":"prime-quality-best-price-hot-dipped-galvalume-steel-coil","status":"publish","type":"product","link":"https:\/\/cnsinometal.com\/fr\/produit\/prime-quality-best-price-hot-dipped-galvalume-steel-coil\/","title":{"rendered":"Bobine d'acier galvanis\u00e9 de premi\u00e8re qualit\u00e9 et de meilleur prix, tremp\u00e9e \u00e0 chaud"},"content":{"rendered":"<div class=\"\" data-v-e8f33c66=\"\">\n<div class=\"ant-affix\">\n<div class=\"tabs affix-tabs affix-tab-box\" data-v-e8f33c66=\"\">\n<div class=\"ant-anchor-wrapper\" data-v-e8f33c66=\"\">\n<div class=\"ant-anchor fixed\">\n<div class=\"tab ant-anchor-link ant-anchor-link-active\" data-v-e8f33c66=\"\">\n<h2 data-v-e8f33c66=\"\">Informations sur le produit<\/h2>\n<\/div>\n<div class=\"tab ant-anchor-link\" data-v-e8f33c66=\"\">\n<h2 data-v-e8f33c66=\"\">Informations sur l'exp\u00e9dition<\/h2>\n<\/div>\n<div class=\"tab ant-anchor-link\" data-v-e8f33c66=\"\">\n<h2 data-v-e8f33c66=\"\">Principaux march\u00e9s d'exportation<\/h2>\n<\/div>\n<div class=\"tab ant-anchor-link\" data-v-e8f33c66=\"\">\n<h2 data-v-e8f33c66=\"\">Modalit\u00e9s de paiement<\/h2>\n<\/div>\n<\/div>\n<\/div>\n<\/div>\n<\/div>\n<\/div>\n<div id=\"content\" class=\"content info-content\" data-v-e8f33c66=\"\">\n<div id=\"Product\" class=\"descriptions\" data-v-e8f33c66=\"\">\n<div class=\"ant-descriptions ant-descriptions-small ant-descriptions-bordered\" data-v-e8f33c66=\"\">\n<div class=\"ant-descriptions-view\">\n<table data-extentions-extra-tablecapture-id=\"75006\">\n<tbody>\n<tr class=\"ant-descriptions-row\">\n<th class=\"ant-descriptions-item-label ant-descriptions-item-colon\">Num\u00e9ro de mod\u00e8le<\/th>\n<td class=\"ant-descriptions-item-content\" colspan=\"5\">SINO14-GL-#8395<\/td>\n<\/tr>\n<tr class=\"ant-descriptions-row\">\n<th class=\"ant-descriptions-item-label ant-descriptions-item-colon\">Petites commandes<\/th>\n<td class=\"ant-descriptions-item-content\" colspan=\"5\">Accept\u00e9<\/td>\n<\/tr>\n<\/tbody>\n<\/table>\n<\/div>\n<\/div>\n<\/div>\n<div class=\"certifications-box\" data-v-e8f33c66=\"\">\n<div class=\"specifications\" data-v-e8f33c66=\"\">\n<h3 class=\"specifications-title\" data-v-e8f33c66=\"\">Principales sp\u00e9cifications\/caract\u00e9ristiques sp\u00e9ciales :<\/h3>\n<div class=\"tpl_txt_editor\" data-v-e8f33c66=\"\">\n<p>&nbsp;<\/p>\n<div class=\"gs-desc-table\">\n<table data-extentions-extra-tablecapture-id=\"324661\">\n<tbody>\n<tr>\n<th colspan=\"1\" rowspan=\"1\" width=\"auto\">Num\u00e9ro de mod\u00e8le<\/th>\n<th colspan=\"1\" rowspan=\"1\" width=\"auto\">SINO14<\/th>\n<\/tr>\n<tr>\n<td colspan=\"1\" rowspan=\"1\" width=\"auto\">Nom de la marque<\/td>\n<td colspan=\"1\" rowspan=\"1\" width=\"auto\">SINO METAL<\/td>\n<\/tr>\n<tr>\n<td colspan=\"1\" rowspan=\"1\" width=\"auto\">Origine<\/td>\n<td colspan=\"1\" rowspan=\"1\" width=\"auto\">Chine<\/td>\n<\/tr>\n<tr>\n<td colspan=\"1\" rowspan=\"1\" width=\"auto\">Petites commandes<\/td>\n<td colspan=\"1\" rowspan=\"1\" width=\"auto\">Accept\u00e9<\/td>\n<\/tr>\n<\/tbody>\n<\/table>\n<\/div>\n<p><strong> \u00a0 SPECIFICATION<\/strong><\/p>\n<div class=\"gs-desc-table\">\n<table data-extentions-extra-tablecapture-id=\"740035\">\n<tbody>\n<tr>\n<th colspan=\"1\" rowspan=\"1\" width=\"auto\">\u00c9paisseur<\/th>\n<th colspan=\"1\" rowspan=\"1\" width=\"auto\">0,13 mm-2,0 mm<\/th>\n<\/tr>\n<tr>\n<td colspan=\"1\" rowspan=\"1\" width=\"auto\">Largeur<\/td>\n<td colspan=\"1\" rowspan=\"1\" width=\"auto\">600mm-1500mm<\/td>\n<\/tr>\n<tr>\n<td colspan=\"1\" rowspan=\"1\" width=\"auto\">AZ Coating<\/td>\n<td colspan=\"1\" rowspan=\"1\" width=\"auto\">40g\/m2-200g\/m2<\/td>\n<\/tr>\n<tr>\n<td colspan=\"1\" rowspan=\"1\" width=\"auto\">Pinceau<\/td>\n<td colspan=\"1\" rowspan=\"1\" width=\"auto\">R\u00e9gulier\/Minimis\u00e9<\/td>\n<\/tr>\n<tr>\n<td colspan=\"1\" rowspan=\"1\" width=\"auto\">Passivation<\/td>\n<td colspan=\"1\" rowspan=\"1\" width=\"auto\">Chrom\u00e9\/sans chrome<\/td>\n<\/tr>\n<tr>\n<td colspan=\"1\" rowspan=\"1\" width=\"auto\">Traitement de surface<\/td>\n<td colspan=\"1\" rowspan=\"1\" width=\"auto\">Anti-doigts\/passe peau<\/td>\n<\/tr>\n<tr>\n<td colspan=\"1\" rowspan=\"1\" width=\"auto\">Huile<\/td>\n<td colspan=\"1\" rowspan=\"1\" width=\"auto\">Huil\u00e9\/S\u00e9ch\u00e9<\/td>\n<\/tr>\n<tr>\n<td colspan=\"1\" rowspan=\"1\" width=\"auto\">Id de la bobine<\/td>\n<td colspan=\"1\" rowspan=\"1\" width=\"auto\">508mm\/610mm<\/td>\n<\/tr>\n<tr>\n<td colspan=\"1\" rowspan=\"1\" width=\"auto\">Poids de la bobine<\/td>\n<td colspan=\"1\" rowspan=\"1\" width=\"auto\">3mt-10mt<\/td>\n<\/tr>\n<\/tbody>\n<\/table>\n<\/div>\n<p><strong>DESCRIPTION DU PRODUIT<\/strong><\/p>\n<p>L'acier rev\u00eatu d'aluminium-zinc \u00e0 chaud a une teneur \u00e9lev\u00e9e en aluminium, 55% de masse et 80% de capacit\u00e9, et pr\u00e9sente une meilleure r\u00e9sistance thermique que les t\u00f4les d'acier galvanis\u00e9es \u00e0 chaud ordinaires. M\u00eame lorsqu'il est expos\u00e9 \u00e0 des temp\u00e9ratures \u00e9lev\u00e9es, il ne pr\u00e9sente pas d'augmentation significative de la masse due \u00e0 l'oxydation ni de d\u00e9coloration de la surface due \u00e0 l'alliage progressif.<\/p>\n<div data-w-e-type=\"imageSingle\">\n<div data-w-e-type=\"attachment\" data-imagetype=\"one\" data-attachmentid=\"\" data-attachmentkey=\"\" data-parenttype=\"imageSingle\" data-position=\"\" data-imgurl=\"\" data-imagewidth=\"\" data-imageheight=\"\" data-url=\"\"><img decoding=\"async\" class=\"lazy\" src=\"https:\/\/p.globalsources.com\/IMAGES\/PDT\/B6015519457\/GL.png\" data-src=\"https:\/\/p.globalsources.com\/IMAGES\/PDT\/B6015519457\/GL.png\" data-extentions-extra-ocr-id=\"44a8fe60eeb6a8b5333d8a8d91f0963a\" \/><\/div>\n<\/div>\n<p><strong> \u00a0COLIS ET EXP\u00c9DITION<\/strong><\/p>\n<div data-w-e-type=\"imageSingle\">\n<div data-w-e-type=\"attachment\" data-imagetype=\"one\" data-attachmentid=\"\" data-attachmentkey=\"\" data-parenttype=\"imageSingle\" data-position=\"\" data-imgurl=\"\" data-imagewidth=\"\" data-imageheight=\"\" data-url=\"\"><img decoding=\"async\" class=\"lazy\" src=\"https:\/\/p.globalsources.com\/IMAGES\/PDT\/B6015519440\/GL.png\" data-src=\"https:\/\/p.globalsources.com\/IMAGES\/PDT\/B6015519440\/GL.png\" data-extentions-extra-ocr-id=\"44a8fe60eeb6a8b5333d8a8d91f0963a\" \/><\/div>\n<\/div>\n<p><strong> \u00a0 \u00a0CERTIFICAT \u00a0<\/strong><\/p>\n<div data-w-e-type=\"imageSingle\">\n<div data-w-e-type=\"attachment\" data-imagetype=\"one\" data-attachmentid=\"\" data-attachmentkey=\"\" data-parenttype=\"imageSingle\" data-position=\"\" data-imgurl=\"\" data-imagewidth=\"\" data-imageheight=\"\" data-url=\"\"><img decoding=\"async\" class=\"lazy\" src=\"https:\/\/p.globalsources.com\/IMAGES\/PDT\/B6015519458\/GL.jpg\" data-src=\"https:\/\/p.globalsources.com\/IMAGES\/PDT\/B6015519458\/GL.jpg\" data-extentions-extra-ocr-id=\"44a8fe60eeb6a8b5333d8a8d91f0963a\" \/><\/div>\n<\/div>\n<\/div>\n<\/div>\n<div class=\"textImg-box\" data-v-d0e03504=\"\" data-v-e8f33c66=\"\"><\/div>\n<\/div>\n<div id=\"Shipping\" class=\"certifications\" data-v-e8f33c66=\"\">\n<h3 class=\"title\" data-v-e8f33c66=\"\">Informations sur l'exp\u00e9dition<\/h3>\n<div class=\"certifications-content\" data-v-e8f33c66=\"\">\n<div class=\"ant-descriptions ant-descriptions-small ant-descriptions-bordered\" data-v-e8f33c66=\"\">\n<div class=\"ant-descriptions-view\">\n<table data-extentions-extra-tablecapture-id=\"611357\">\n<tbody>\n<tr class=\"ant-descriptions-row\">\n<th class=\"ant-descriptions-item-label ant-descriptions-item-colon\">Port FOB<\/th>\n<td class=\"ant-descriptions-item-content\" colspan=\"5\">Qingdao<\/td>\n<\/tr>\n<\/tbody>\n<\/table>\n<\/div>\n<\/div>\n<div class=\"ant-descriptions ant-descriptions-small ant-descriptions-bordered\" data-v-e8f33c66=\"\">\n<div class=\"ant-descriptions-view\">\n<table data-extentions-extra-tablecapture-id=\"18898\">\n<tbody>\n<tr class=\"ant-descriptions-row\">\n<th class=\"ant-descriptions-item-label ant-descriptions-item-colon\">D\u00e9lai d'ex\u00e9cution<\/th>\n<td class=\"ant-descriptions-item-content\" colspan=\"5\">25-35 jours<\/td>\n<\/tr>\n<\/tbody>\n<\/table>\n<\/div>\n<\/div>\n<\/div>\n<\/div>\n<div id=\"MainExportMarkets\" class=\"markets\" data-v-e8f33c66=\"\">\n<h3 class=\"title\" data-v-e8f33c66=\"\">Principaux march\u00e9s d'exportation<\/h3>\n<div class=\"markets-content\" data-v-e8f33c66=\"\">\n<div class=\"markets-content-row\" data-v-e8f33c66=\"\">\n<div class=\"item\" data-v-e8f33c66=\"\">- Asie<\/div>\n<div class=\"item\" data-v-e8f33c66=\"\">- Australasie<\/div>\n<div class=\"item\" data-v-e8f33c66=\"\">- Am\u00e9rique centrale et du Sud<\/div>\n<div class=\"item\" data-v-e8f33c66=\"\">- Europe de l'Est<\/div>\n<\/div>\n<div class=\"markets-content-row\" data-v-e8f33c66=\"\">\n<div class=\"item\" data-v-e8f33c66=\"\">- Moyen-Orient\/Afrique<\/div>\n<div class=\"item\" data-v-e8f33c66=\"\">- Am\u00e9rique du Nord<\/div>\n<div class=\"item\" data-v-e8f33c66=\"\">- Europe occidentale<\/div>\n<\/div>\n<\/div>\n<\/div>\n<\/div>\n<div class=\"content border-radius\" data-v-e8f33c66=\"\">\n<div id=\"Payment\" class=\"payment-details\" data-v-e8f33c66=\"\">\n<div class=\"title\" data-v-e8f33c66=\"\">Modalit\u00e9s de paiement<\/div>\n<\/div>\n<\/div>","protected":false},"excerpt":{"rendered":"<p><strong> SPECIFICATION<\/strong><\/p>\n<div class=\"gs-desc-table\">\n<table data-extentions-extra-tablecapture-id=\"740035\">\n<tbody>\n<tr>\n<th colspan=\"1\" rowspan=\"1\" width=\"auto\">\u00c9paisseur<\/th>\n<th colspan=\"1\" rowspan=\"1\" width=\"auto\">0,13 mm-2,0 mm<\/th>\n<\/tr>\n<tr>\n<td colspan=\"1\" rowspan=\"1\" width=\"auto\">Largeur<\/td>\n<td colspan=\"1\" rowspan=\"1\" width=\"auto\">600mm-1500mm<\/td>\n<\/tr>\n<tr>\n<td colspan=\"1\" rowspan=\"1\" width=\"auto\">AZ Coating<\/td>\n<td colspan=\"1\" rowspan=\"1\" width=\"auto\">40g\/m2-200g\/m2<\/td>\n<\/tr>\n<tr>\n<td colspan=\"1\" rowspan=\"1\" width=\"auto\">Pinceau<\/td>\n<td colspan=\"1\" rowspan=\"1\" width=\"auto\">R\u00e9gulier\/Minimis\u00e9<\/td>\n<\/tr>\n<tr>\n<td colspan=\"1\" rowspan=\"1\" width=\"auto\">Passivation<\/td>\n<td colspan=\"1\" rowspan=\"1\" width=\"auto\">Chrom\u00e9\/sans chrome<\/td>\n<\/tr>\n<tr>\n<td colspan=\"1\" rowspan=\"1\" width=\"auto\">Traitement de surface<\/td>\n<td colspan=\"1\" rowspan=\"1\" width=\"auto\">Anti-doigts\/passe peau<\/td>\n<\/tr>\n<tr>\n<td colspan=\"1\" rowspan=\"1\" width=\"auto\">Huile<\/td>\n<td colspan=\"1\" rowspan=\"1\" width=\"auto\">Huil\u00e9\/S\u00e9ch\u00e9<\/td>\n<\/tr>\n<tr>\n<td colspan=\"1\" rowspan=\"1\" width=\"auto\">Id de la bobine<\/td>\n<td colspan=\"1\" rowspan=\"1\" width=\"auto\">508mm\/610mm<\/td>\n<\/tr>\n<tr>\n<td colspan=\"1\" rowspan=\"1\" width=\"auto\">Poids de la bobine<\/td>\n<td colspan=\"1\" rowspan=\"1\" width=\"auto\">3mt-10mt<\/td>\n<\/tr>\n<\/tbody>\n<\/table>\n<\/div>","protected":false},"featured_media":766,"comment_status":"open","ping_status":"closed","template":"","meta":{"_kadence_starter_templates_imported_post":false,"_kad_post_transparent":"default","_kad_post_title":"","_kad_post_layout":"default","_kad_post_sidebar_id":"","_kad_post_content_style":"default","_kad_post_vertical_padding":"default","_kad_post_feature":"","_kad_post_feature_position":"","_kad_post_header":false,"_kad_post_footer":false},"product_brand":[],"product_cat":[28],"product_tag":[],"class_list":{"0":"post-960","1":"product","2":"type-product","3":"status-publish","4":"has-post-thumbnail","6":"product_cat-galvalume-steel-coil-gl","8":"first","9":"instock","10":"shipping-taxable","11":"product-type-simple","12":"entry","13":"content-bg","14":"loop-entry"},"jetpack_sharing_enabled":true,"_links":{"self":[{"href":"https:\/\/cnsinometal.com\/fr\/wp-json\/wp\/v2\/product\/960","targetHints":{"allow":["GET"]}}],"collection":[{"href":"https:\/\/cnsinometal.com\/fr\/wp-json\/wp\/v2\/product"}],"about":[{"href":"https:\/\/cnsinometal.com\/fr\/wp-json\/wp\/v2\/types\/product"}],"replies":[{"embeddable":true,"href":"https:\/\/cnsinometal.com\/fr\/wp-json\/wp\/v2\/comments?post=960"}],"wp:featuredmedia":[{"embeddable":true,"href":"https:\/\/cnsinometal.com\/fr\/wp-json\/wp\/v2\/media\/766"}],"wp:attachment":[{"href":"https:\/\/cnsinometal.com\/fr\/wp-json\/wp\/v2\/media?parent=960"}],"wp:term":[{"taxonomy":"product_brand","embeddable":true,"href":"https:\/\/cnsinometal.com\/fr\/wp-json\/wp\/v2\/product_brand?post=960"},{"taxonomy":"product_cat","embeddable":true,"href":"https:\/\/cnsinometal.com\/fr\/wp-json\/wp\/v2\/product_cat?post=960"},{"taxonomy":"product_tag","embeddable":true,"href":"https:\/\/cnsinometal.com\/fr\/wp-json\/wp\/v2\/product_tag?post=960"}],"curies":[{"name":"wp","href":"https:\/\/api.w.org\/{rel}","templated":true}]}}