{"id":955,"date":"2025-08-19T16:18:23","date_gmt":"2025-08-19T08:18:23","guid":{"rendered":"http:\/\/cnsinometal.com\/?post_type=product&#038;p=955"},"modified":"2025-08-19T16:18:23","modified_gmt":"2025-08-19T08:18:23","slug":"aluminum-ppal-led-profile-strip","status":"publish","type":"product","link":"https:\/\/cnsinometal.com\/fr\/produit\/aluminum-ppal-led-profile-strip\/","title":{"rendered":"Bande profil\u00e9e LED PPAL en aluminium"},"content":{"rendered":"<div class=\"\" data-v-e8f33c66=\"\">\n<div class=\"ant-affix\">\n<div class=\"tabs affix-tabs affix-tab-box\" data-v-e8f33c66=\"\">\n<div class=\"ant-anchor-wrapper\" data-v-e8f33c66=\"\">\n<div class=\"ant-anchor fixed\">\n<div class=\"tab ant-anchor-link\" data-v-e8f33c66=\"\">\n<h2 data-v-e8f33c66=\"\">Informations sur le produit<\/h2>\n<\/div>\n<div class=\"tab ant-anchor-link\" data-v-e8f33c66=\"\">\n<h2 data-v-e8f33c66=\"\">Informations sur l'exp\u00e9dition<\/h2>\n<\/div>\n<div class=\"tab ant-anchor-link\" data-v-e8f33c66=\"\">\n<h2 data-v-e8f33c66=\"\">Principaux march\u00e9s d'exportation<\/h2>\n<\/div>\n<div class=\"tab ant-anchor-link ant-anchor-link-active\" data-v-e8f33c66=\"\">\n<h2 data-v-e8f33c66=\"\">Modalit\u00e9s de paiement<\/h2>\n<\/div>\n<\/div>\n<\/div>\n<\/div>\n<\/div>\n<\/div>\n<div id=\"content\" class=\"content info-content\" data-v-e8f33c66=\"\">\n<div id=\"Product\" class=\"descriptions\" data-v-e8f33c66=\"\">\n<div class=\"ant-descriptions ant-descriptions-small ant-descriptions-bordered\" data-v-e8f33c66=\"\">\n<div class=\"ant-descriptions-view\">\n<table data-extentions-extra-tablecapture-id=\"234634\">\n<tbody>\n<tr class=\"ant-descriptions-row\">\n<th class=\"ant-descriptions-item-label ant-descriptions-item-colon\">Num\u00e9ro de mod\u00e8le<\/th>\n<td class=\"ant-descriptions-item-content\" colspan=\"5\">Sino0714<\/td>\n<\/tr>\n<tr class=\"ant-descriptions-row\">\n<th class=\"ant-descriptions-item-label ant-descriptions-item-colon\">Nom de la marque<\/th>\n<td class=\"ant-descriptions-item-content\" colspan=\"5\">Shandong Sino<\/td>\n<\/tr>\n<tr class=\"ant-descriptions-row\">\n<th class=\"ant-descriptions-item-label ant-descriptions-item-colon\">origine<\/th>\n<td class=\"ant-descriptions-item-content\" colspan=\"5\">Chine<\/td>\n<\/tr>\n<tr class=\"ant-descriptions-row\">\n<th class=\"ant-descriptions-item-label ant-descriptions-item-colon\">Petites commandes<\/th>\n<td class=\"ant-descriptions-item-content\" colspan=\"5\">Accept\u00e9<\/td>\n<\/tr>\n<\/tbody>\n<\/table>\n<\/div>\n<\/div>\n<\/div>\n<div class=\"certifications-box\" data-v-e8f33c66=\"\">\n<div class=\"specifications\" data-v-e8f33c66=\"\">\n<h3 class=\"specifications-title\" data-v-e8f33c66=\"\">Principales sp\u00e9cifications\/caract\u00e9ristiques sp\u00e9ciales :<\/h3>\n<div class=\"tpl_txt_editor\" data-v-e8f33c66=\"\">\n<p>Description des produits<\/p>\n<p><strong>Caract\u00e9ristiques :<\/strong><strong>1) La r\u00e9sistance \u00e0 la corrosion est due \u00e0 la fonction protectrice de la couche barri\u00e8re d'aluminium et de zinc, ainsi qu'\u00e0 la fonction protectrice du zinc sacrificiel. <\/strong><\/p>\n<p><strong>2 La r\u00e9sistance \u00e0 la chaleur est meilleure que celle de l'acier galvanis\u00e9 et similaire \u00e0 celle de l'acier aluminis\u00e9. La plaque d'acier alli\u00e9 aluminium-zinc peut \u00eatre utilis\u00e9e dans un environnement \u00e0 haute temp\u00e9rature de 315 degr\u00e9s. 3 La haute r\u00e9flectivit\u00e9 de la plaque d'acier al-zinc 55% en fait une barri\u00e8re thermique. L'acier alumino-zinc\u00e9 a presque deux fois la r\u00e9flectivit\u00e9 thermique de l'acier galvanis\u00e9, de sorte qu'il peut \u00e9galement \u00eatre utilis\u00e9 comme toiture et panneau sans peinture. <\/strong><\/p>\n<p><strong>4. apparence vari\u00e9e, personnalisable<\/strong><\/p>\n<p><img decoding=\"async\" class=\"lazy\" src=\"https:\/\/sc01.alicdn.com\/kf\/H284cd3025682457796c65ddb9c0a51baB\/220715792\/H284cd3025682457796c65ddb9c0a51baB.jpg\" alt=\"\" data-href=\"\" data-src=\"https:\/\/sc01.alicdn.com\/kf\/H284cd3025682457796c65ddb9c0a51baB\/220715792\/H284cd3025682457796c65ddb9c0a51baB.jpg\" data-extentions-extra-ocr-id=\"44a8fe60eeb6a8b5333d8a8d91f0963a\" \/><\/p>\n<p><img decoding=\"async\" class=\"lazy\" src=\"https:\/\/sc02.alicdn.com\/kf\/Hdbbc6cce4e2e4a08a721da081a137111i\/220715792\/Hdbbc6cce4e2e4a08a721da081a137111i.jpg\" alt=\"\" data-href=\"\" data-src=\"https:\/\/sc02.alicdn.com\/kf\/Hdbbc6cce4e2e4a08a721da081a137111i\/220715792\/Hdbbc6cce4e2e4a08a721da081a137111i.jpg\" data-extentions-extra-ocr-id=\"44a8fe60eeb6a8b5333d8a8d91f0963a\" \/><\/p>\n<p><img decoding=\"async\" class=\"lazy\" src=\"https:\/\/sc02.alicdn.com\/kf\/H44c9da446b024124ac639df1cb411154J\/220715792\/H44c9da446b024124ac639df1cb411154J.jpg\" alt=\"\" data-href=\"\" data-src=\"https:\/\/sc02.alicdn.com\/kf\/H44c9da446b024124ac639df1cb411154J\/220715792\/H44c9da446b024124ac639df1cb411154J.jpg\" data-extentions-extra-ocr-id=\"44a8fe60eeb6a8b5333d8a8d91f0963a\" \/><\/p>\n<p>Paramenteurs de produits<\/p>\n<div class=\"gs-desc-table\">\n<table data-extentions-extra-tablecapture-id=\"322991\">\n<tbody>\n<tr>\n<td colspan=\"1\" rowspan=\"1\" width=\"auto\">Nom du produit<\/td>\n<td colspan=\"1\" rowspan=\"1\" width=\"auto\">Bobine d'acier galvanis\u00e9 pr\u00e9laqu\u00e9<\/td>\n<\/tr>\n<tr>\n<td colspan=\"1\" rowspan=\"1\" width=\"auto\">Grade<\/td>\n<td colspan=\"1\" rowspan=\"1\" width=\"auto\">JIS G 3302-1998, ASTM A653M, GB\/T 2518, EN10142,Q\/CHG 3-2005, EN 10142, DIN 17162<\/td>\n<\/tr>\n<tr>\n<td colspan=\"1\" rowspan=\"1\" width=\"auto\">\u00c9paisseur<\/td>\n<td colspan=\"1\" rowspan=\"1\" width=\"auto\">0,14-2,0 mm<\/td>\n<\/tr>\n<tr>\n<td colspan=\"1\" rowspan=\"1\" width=\"auto\">Largeur<\/td>\n<td colspan=\"1\" rowspan=\"1\" width=\"auto\">300mm-1500mm<\/td>\n<\/tr>\n<tr>\n<td colspan=\"1\" rowspan=\"1\" width=\"auto\">Poids de la bobine<\/td>\n<td colspan=\"1\" rowspan=\"1\" width=\"auto\">3-5 tonnes m\u00e9triques ;<\/td>\n<\/tr>\n<tr>\n<td colspan=\"1\" rowspan=\"1\" width=\"auto\">ID de la bobine<\/td>\n<td colspan=\"1\" rowspan=\"1\" width=\"auto\">508mm\/610mm ;<\/td>\n<\/tr>\n<tr>\n<td colspan=\"1\" rowspan=\"1\" width=\"auto\">Rev\u00eatement de zinc<\/td>\n<td colspan=\"1\" rowspan=\"1\" width=\"auto\">30-275g\/m2 ;<\/td>\n<\/tr>\n<tr>\n<td colspan=\"1\" rowspan=\"1\" width=\"auto\">Rev\u00eatement de film<\/td>\n<td colspan=\"1\" rowspan=\"1\" width=\"auto\">Dessus : 15-18um , Dos : 5-7um ;<\/td>\n<\/tr>\n<tr>\n<td colspan=\"1\" rowspan=\"1\" width=\"auto\">Couleur<\/td>\n<td colspan=\"1\" rowspan=\"1\" width=\"auto\">Couleurs Ral<\/td>\n<\/tr>\n<tr>\n<td colspan=\"1\" rowspan=\"1\" width=\"auto\">Fonctionnalit\u00e9<\/td>\n<td colspan=\"1\" rowspan=\"1\" width=\"auto\">R\u00e9sistance \u00e0 la corrosion ; r\u00e9sistance \u00e0 la chaleur ; haute r\u00e9flectivit\u00e9 ; aspect vari\u00e9, personnalisable<\/td>\n<\/tr>\n<tr>\n<td colspan=\"1\" rowspan=\"1\" width=\"auto\">Application<\/td>\n<td colspan=\"1\" rowspan=\"1\" width=\"auto\">Il est principalement transform\u00e9 en carton ondul\u00e9 ou en carton sandwich conforme au polyur\u00e9thane et utilis\u00e9 pour le toit, les murs et les portes des b\u00e2timents industriels et commerciaux tels que les ateliers \u00e0 structure m\u00e9tallique, les a\u00e9roports et les entrep\u00f4ts. 2. Utilis\u00e9 pour la production de r\u00e9frig\u00e9rateurs et de grands syst\u00e8mes de climatisation, de cong\u00e9lateurs, de grille-pain, de meubles, etc. 3. l'industrie du transport est bas\u00e9e sur la galvanisation \u00e9lectrique et la t\u00f4le froide, qui est principalement utilis\u00e9e pour le carter d'huile, la d\u00e9coration int\u00e9rieure de l'automobile, etc.<\/p>\n<p><img decoding=\"async\" class=\"lazy\" src=\"https:\/\/sc02.alicdn.com\/kf\/H37ecf58a4adc4853a42523366811d6136\/220715792\/H37ecf58a4adc4853a42523366811d6136.jpg\" alt=\"\" data-href=\"\" data-src=\"https:\/\/sc02.alicdn.com\/kf\/H37ecf58a4adc4853a42523366811d6136\/220715792\/H37ecf58a4adc4853a42523366811d6136.jpg\" data-extentions-extra-ocr-id=\"44a8fe60eeb6a8b5333d8a8d91f0963a\" \/><\/p>\n<p>Num\u00e9ro de code RAL<\/p>\n<p><u>Aspect vari\u00e9, personnalisable<\/p>\n<p><\/u><strong>&gt;&gt; Cliquez pour obtenir une aide manuelle &lt;&lt;<\/p>\n<p><\/strong>Images d\u00e9taill\u00e9es<\/p>\n<p><img decoding=\"async\" class=\"lazy\" src=\"https:\/\/sc01.alicdn.com\/kf\/Hbbcbac1bf3974462990c6623731696d1C\/220715792\/Hbbcbac1bf3974462990c6623731696d1C.jpg\" alt=\"\" data-href=\"\" data-src=\"https:\/\/sc01.alicdn.com\/kf\/Hbbcbac1bf3974462990c6623731696d1C\/220715792\/Hbbcbac1bf3974462990c6623731696d1C.jpg\" data-extentions-extra-ocr-id=\"44a8fe60eeb6a8b5333d8a8d91f0963a\" \/><br \/>\n<img decoding=\"async\" class=\"lazy\" src=\"https:\/\/sc02.alicdn.com\/kf\/H59650aea1fde429a97e67c9aeb654fdaK\/220715792\/H59650aea1fde429a97e67c9aeb654fdaK.jpg\" alt=\"\" data-href=\"\" data-src=\"https:\/\/sc02.alicdn.com\/kf\/H59650aea1fde429a97e67c9aeb654fdaK\/220715792\/H59650aea1fde429a97e67c9aeb654fdaK.jpg\" data-extentions-extra-ocr-id=\"44a8fe60eeb6a8b5333d8a8d91f0963a\" \/><\/p>\n<p><img decoding=\"async\" class=\"lazy\" src=\"https:\/\/sc02.alicdn.com\/kf\/H297c0c78916b4b23811fc22e951aada7d\/220715792\/H297c0c78916b4b23811fc22e951aada7d.jpg\" alt=\"\" data-href=\"\" data-src=\"https:\/\/sc02.alicdn.com\/kf\/H297c0c78916b4b23811fc22e951aada7d\/220715792\/H297c0c78916b4b23811fc22e951aada7d.jpg\" data-extentions-extra-ocr-id=\"44a8fe60eeb6a8b5333d8a8d91f0963a\" \/><\/p>\n<p>VRAI COUP DE FEU<\/p>\n<p><a href=\"https:\/\/jncindustrial.en.alibaba.com\/contactinfo.html\" target=\"_blank\" rel=\"noopener\">Nous faisons de notre mieux pour montrer la couleur originale du produit, mais il peut y avoir une certaine aberration chromatique due \u00e0 l'\u00e9cran d'affichage et \u00e0 la lumi\u00e8re. N'h\u00e9sitez pas \u00e0 nous contacter pour d'autres photos ou vid\u00e9os &gt;&gt; Cliquez ici<\/a><\/p>\n<p>Processus d'emballage<\/p>\n<p><img decoding=\"async\" class=\"lazy\" src=\"https:\/\/sc01.alicdn.com\/kf\/H7beecb38981542859f3b1bb5a57f5efbR\/220715792\/H7beecb38981542859f3b1bb5a57f5efbR.jpg\" alt=\"\" data-href=\"\" data-src=\"https:\/\/sc01.alicdn.com\/kf\/H7beecb38981542859f3b1bb5a57f5efbR\/220715792\/H7beecb38981542859f3b1bb5a57f5efbR.jpg\" data-extentions-extra-ocr-id=\"44a8fe60eeb6a8b5333d8a8d91f0963a\" \/><\/td>\n<\/tr>\n<\/tbody>\n<\/table>\n<\/div>\n<\/div>\n<\/div>\n<div class=\"textImg-box\" data-v-d0e03504=\"\" data-v-e8f33c66=\"\"><\/div>\n<\/div>\n<div id=\"Shipping\" class=\"certifications\" data-v-e8f33c66=\"\">\n<h3 class=\"title\" data-v-e8f33c66=\"\">Informations sur l'exp\u00e9dition<\/h3>\n<div class=\"certifications-content\" data-v-e8f33c66=\"\">\n<div class=\"ant-descriptions ant-descriptions-small ant-descriptions-bordered\" data-v-e8f33c66=\"\">\n<div class=\"ant-descriptions-view\">\n<table data-extentions-extra-tablecapture-id=\"626713\">\n<tbody>\n<tr class=\"ant-descriptions-row\">\n<th class=\"ant-descriptions-item-label ant-descriptions-item-colon\">Port FOB<\/th>\n<td class=\"ant-descriptions-item-content\" colspan=\"5\">Qingdao<\/td>\n<\/tr>\n<tr class=\"ant-descriptions-row\">\n<th class=\"ant-descriptions-item-label ant-descriptions-item-colon\">Code HTS<\/th>\n<td class=\"ant-descriptions-item-content\" colspan=\"5\">7606.12.59 00<\/td>\n<\/tr>\n<\/tbody>\n<\/table>\n<\/div>\n<\/div>\n<div class=\"ant-descriptions ant-descriptions-small ant-descriptions-bordered\" data-v-e8f33c66=\"\">\n<div class=\"ant-descriptions-view\">\n<table data-extentions-extra-tablecapture-id=\"252350\">\n<tbody>\n<tr class=\"ant-descriptions-row\">\n<th class=\"ant-descriptions-item-label ant-descriptions-item-colon\">D\u00e9lai d'ex\u00e9cution<\/th>\n<td class=\"ant-descriptions-item-content\" colspan=\"5\">10-40 jours<\/td>\n<\/tr>\n<\/tbody>\n<\/table>\n<\/div>\n<\/div>\n<\/div>\n<\/div>\n<div id=\"MainExportMarkets\" class=\"markets\" data-v-e8f33c66=\"\">\n<h3 class=\"title\" data-v-e8f33c66=\"\">Principaux march\u00e9s d'exportation<\/h3>\n<div class=\"markets-content\" data-v-e8f33c66=\"\">\n<div class=\"markets-content-row\" data-v-e8f33c66=\"\">\n<div class=\"item\" data-v-e8f33c66=\"\">- Asie<\/div>\n<div class=\"item\" data-v-e8f33c66=\"\">- Australasie<\/div>\n<div class=\"item\" data-v-e8f33c66=\"\">- Am\u00e9rique centrale et du Sud<\/div>\n<div class=\"item\" data-v-e8f33c66=\"\">- Europe de l'Est<\/div>\n<\/div>\n<div class=\"markets-content-row\" data-v-e8f33c66=\"\">\n<div class=\"item\" data-v-e8f33c66=\"\">- Moyen-Orient\/Afrique<\/div>\n<div class=\"item\" data-v-e8f33c66=\"\">- Am\u00e9rique du Nord<\/div>\n<div class=\"item\" data-v-e8f33c66=\"\">- Europe occidentale<\/div>\n<\/div>\n<\/div>\n<\/div>\n<\/div>\n<div class=\"content border-radius\" data-v-e8f33c66=\"\">\n<div id=\"Payment\" class=\"payment-details\" data-v-e8f33c66=\"\">\n<div class=\"title\" data-v-e8f33c66=\"\">Modalit\u00e9s de paiement<\/div>\n<div class=\"table\" data-v-e8f33c66=\"\">\n<div class=\"ant-descriptions ant-descriptions-small ant-descriptions-bordered\" data-v-e8f33c66=\"\">\n<div class=\"ant-descriptions-view\">\n<table data-extentions-extra-tablecapture-id=\"711388\">\n<tbody>\n<tr class=\"ant-descriptions-row\">\n<th class=\"ant-descriptions-item-label ant-descriptions-item-colon\">Mode de paiement<\/th>\n<td class=\"ant-descriptions-item-content\" colspan=\"5\">Lettre de cr\u00e9dit \u00e0 vue (L\/C \u00e0 vue)<\/td>\n<\/tr>\n<\/tbody>\n<\/table>\n<\/div>\n<\/div>\n<\/div>\n<\/div>\n<\/div>","protected":false},"excerpt":{"rendered":"<p>Product Information Shipping Information Main Export Markets Payment Details Model Number Sino0714 Brand Name Shandong Sino origin China Small Orders Accepted Key Specifications\/ Special Features: Products Description Features:1.Corrosion resistance comes from the protective function of the barrier layer of aluminum and zinc , and the protective function of the sacrificial zinc. 2.The heat resistance is&#8230;<\/p>","protected":false},"featured_media":935,"comment_status":"open","ping_status":"closed","template":"","meta":{"_kadence_starter_templates_imported_post":false,"_kad_post_transparent":"default","_kad_post_title":"","_kad_post_layout":"default","_kad_post_sidebar_id":"","_kad_post_content_style":"default","_kad_post_vertical_padding":"default","_kad_post_feature":"","_kad_post_feature_position":"","_kad_post_header":false,"_kad_post_footer":false},"product_brand":[],"product_cat":[31],"product_tag":[],"class_list":{"0":"post-955","1":"product","2":"type-product","3":"status-publish","4":"has-post-thumbnail","6":"product_cat-pre-painted-aluminum-coil-ppal","8":"first","9":"instock","10":"shipping-taxable","11":"product-type-simple","12":"entry","13":"content-bg","14":"loop-entry"},"jetpack_sharing_enabled":true,"_links":{"self":[{"href":"https:\/\/cnsinometal.com\/fr\/wp-json\/wp\/v2\/product\/955","targetHints":{"allow":["GET"]}}],"collection":[{"href":"https:\/\/cnsinometal.com\/fr\/wp-json\/wp\/v2\/product"}],"about":[{"href":"https:\/\/cnsinometal.com\/fr\/wp-json\/wp\/v2\/types\/product"}],"replies":[{"embeddable":true,"href":"https:\/\/cnsinometal.com\/fr\/wp-json\/wp\/v2\/comments?post=955"}],"wp:featuredmedia":[{"embeddable":true,"href":"https:\/\/cnsinometal.com\/fr\/wp-json\/wp\/v2\/media\/935"}],"wp:attachment":[{"href":"https:\/\/cnsinometal.com\/fr\/wp-json\/wp\/v2\/media?parent=955"}],"wp:term":[{"taxonomy":"product_brand","embeddable":true,"href":"https:\/\/cnsinometal.com\/fr\/wp-json\/wp\/v2\/product_brand?post=955"},{"taxonomy":"product_cat","embeddable":true,"href":"https:\/\/cnsinometal.com\/fr\/wp-json\/wp\/v2\/product_cat?post=955"},{"taxonomy":"product_tag","embeddable":true,"href":"https:\/\/cnsinometal.com\/fr\/wp-json\/wp\/v2\/product_tag?post=955"}],"curies":[{"name":"wp","href":"https:\/\/api.w.org\/{rel}","templated":true}]}}