{"id":954,"date":"2025-08-19T16:14:47","date_gmt":"2025-08-19T08:14:47","guid":{"rendered":"http:\/\/cnsinometal.com\/?post_type=product&#038;p=954"},"modified":"2025-08-19T16:14:47","modified_gmt":"2025-08-19T08:14:47","slug":"color-painted-galvalume-steel-coil","status":"publish","type":"product","link":"https:\/\/cnsinometal.com\/fr\/produit\/color-painted-galvalume-steel-coil\/","title":{"rendered":"Bobine d'acier galvanis\u00e9 peinte en couleur"},"content":{"rendered":"<div class=\"\" data-v-e8f33c66=\"\">\n<div class=\"ant-affix\">\n<div class=\"tabs affix-tabs affix-tab-box\" data-v-e8f33c66=\"\">\n<div class=\"ant-anchor-wrapper\" data-v-e8f33c66=\"\">\n<div class=\"ant-anchor fixed\">\n<div class=\"tab ant-anchor-link ant-anchor-link-active\" data-v-e8f33c66=\"\">\n<h2 data-v-e8f33c66=\"\">Informations sur le produit<\/h2>\n<\/div>\n<div class=\"tab ant-anchor-link\" data-v-e8f33c66=\"\">\n<h2 data-v-e8f33c66=\"\">Informations sur l'exp\u00e9dition<\/h2>\n<\/div>\n<div class=\"tab ant-anchor-link\" data-v-e8f33c66=\"\">\n<h2 data-v-e8f33c66=\"\">Principaux march\u00e9s d'exportation<\/h2>\n<\/div>\n<div class=\"tab ant-anchor-link\" data-v-e8f33c66=\"\">\n<h2 data-v-e8f33c66=\"\">Modalit\u00e9s de paiement<\/h2>\n<\/div>\n<\/div>\n<\/div>\n<\/div>\n<\/div>\n<\/div>\n<div id=\"content\" class=\"content info-content\" data-v-e8f33c66=\"\">\n<div id=\"Product\" class=\"descriptions\" data-v-e8f33c66=\"\">\n<div class=\"ant-descriptions ant-descriptions-small ant-descriptions-bordered\" data-v-e8f33c66=\"\">\n<div class=\"ant-descriptions-view\">\n<table data-extentions-extra-tablecapture-id=\"413911\">\n<tbody>\n<tr class=\"ant-descriptions-row\">\n<th class=\"ant-descriptions-item-label ant-descriptions-item-colon\">Num\u00e9ro de mod\u00e8le<\/th>\n<td class=\"ant-descriptions-item-content\" colspan=\"5\">Sino0716<\/td>\n<\/tr>\n<tr class=\"ant-descriptions-row\">\n<th class=\"ant-descriptions-item-label ant-descriptions-item-colon\">Nom de la marque<\/th>\n<td class=\"ant-descriptions-item-content\" colspan=\"5\">Shandong Sino<\/td>\n<\/tr>\n<tr class=\"ant-descriptions-row\">\n<th class=\"ant-descriptions-item-label ant-descriptions-item-colon\">origine<\/th>\n<td class=\"ant-descriptions-item-content\" colspan=\"5\">Chine<\/td>\n<\/tr>\n<tr class=\"ant-descriptions-row\">\n<th class=\"ant-descriptions-item-label ant-descriptions-item-colon\">Petites commandes<\/th>\n<td class=\"ant-descriptions-item-content\" colspan=\"5\">Accept\u00e9<\/td>\n<\/tr>\n<\/tbody>\n<\/table>\n<\/div>\n<\/div>\n<\/div>\n<div class=\"certifications-box\" data-v-e8f33c66=\"\">\n<div class=\"specifications\" data-v-e8f33c66=\"\">\n<h3 class=\"specifications-title\" data-v-e8f33c66=\"\">Principales sp\u00e9cifications\/caract\u00e9ristiques sp\u00e9ciales :<\/h3>\n<div class=\"tpl_txt_editor\" data-v-e8f33c66=\"\">\n<p><strong>Sp\u00e9cifications des produits<\/strong><\/p>\n<div class=\"gs-desc-table\">\n<table data-extentions-extra-tablecapture-id=\"376750\">\n<tbody>\n<tr>\n<td colspan=\"1\" rowspan=\"1\" width=\"auto\">Norme technique<\/td>\n<td colspan=\"1\" rowspan=\"1\" width=\"auto\">EN10147\/EN10142\/DIN 17162\/JIS G3302\/ASTM A653<\/td>\n<\/tr>\n<tr>\n<td colspan=\"1\" rowspan=\"1\" width=\"auto\">Qualit\u00e9 de l'acier<\/td>\n<td colspan=\"4\" rowspan=\"1\" width=\"auto\">DC51D+Z, DC52D+Z, DC53D+Z, S280GD+Z, S350GD+Z, S550GD+Z, DC51D+AZ, DC52D+AZ, S250GD+AZ, S300GD+AZ, S350GD+AZ, S550GD+AZ, SECC,SECE, BLCE+Z, BLDE+Z, BUSDE+Zou selon les besoins du client.<\/td>\n<\/tr>\n<tr>\n<td colspan=\"1\" rowspan=\"1\" width=\"auto\">Acier de base<\/td>\n<td colspan=\"4\" rowspan=\"1\" width=\"auto\">Acier galvanis\u00e9 \u00e0 chaud, acier galvalume \u00e0 chaud, acier \u00e9lectrogalvanis\u00e9<\/td>\n<\/tr>\n<tr>\n<td colspan=\"1\" rowspan=\"1\" width=\"auto\">\u00c9paisseur<\/td>\n<td colspan=\"4\" rowspan=\"1\" width=\"auto\">0,12-6,0 mm<\/td>\n<\/tr>\n<tr>\n<td colspan=\"1\" rowspan=\"1\" width=\"auto\">Largeur<\/td>\n<td colspan=\"4\" rowspan=\"1\" width=\"auto\">600-1500mm<\/td>\n<\/tr>\n<tr>\n<td colspan=\"1\" rowspan=\"1\" width=\"auto\">Couleur de la surface<\/td>\n<td colspan=\"4\" rowspan=\"1\" width=\"auto\">RAL, motif grain de bois, motif camouflage, motif pierre, motif mat, motif brillant, motif fleur, etc.<\/td>\n<\/tr>\n<tr>\n<td colspan=\"1\" rowspan=\"1\" width=\"auto\">Qualit\u00e9<\/td>\n<td colspan=\"4\" rowspan=\"1\" width=\"auto\">Approuv\u00e9 par SGS, ISO<\/td>\n<\/tr>\n<tr>\n<td colspan=\"1\" rowspan=\"1\" width=\"auto\">Poids de la bobine<\/td>\n<td colspan=\"4\" rowspan=\"1\" width=\"auto\">3-20 tonnes m\u00e9triques par bobine<\/td>\n<\/tr>\n<tr>\n<td colspan=\"1\" rowspan=\"1\" width=\"auto\">Paquet<\/td>\n<td colspan=\"1\" rowspan=\"1\" width=\"auto\">Le papier imperm\u00e9able est l'emballage int\u00e9rieur, l'acier galvanis\u00e9 ou la t\u00f4le d'acier rev\u00eatue est l'emballage ext\u00e9rieur, la plaque de protection lat\u00e9rale, puis l'emballage est envelopp\u00e9 par sept courroies d'acier.<\/td>\n<\/tr>\n<tr>\n<td colspan=\"1\" rowspan=\"1\" width=\"auto\">March\u00e9 d'exportation<\/td>\n<td colspan=\"1\" rowspan=\"1\" width=\"auto\">Europe, Afrique, Asie centrale, Asie du Sud-Est, Moyen-Orient, Am\u00e9rique du Sud, Am\u00e9rique du Nord, etc.<\/p>\n<p><img decoding=\"async\" class=\"lazy\" src=\"https:\/\/sc04.alicdn.com\/kf\/Hfd2e324fe9214c77a01b341a767be9a3D\/252268812\/Hfd2e324fe9214c77a01b341a767be9a3D.png\" alt=\"\" data-href=\"\" data-src=\"https:\/\/sc04.alicdn.com\/kf\/Hfd2e324fe9214c77a01b341a767be9a3D\/252268812\/Hfd2e324fe9214c77a01b341a767be9a3D.png\" data-extentions-extra-ocr-id=\"44a8fe60eeb6a8b5333d8a8d91f0963a\" \/><br \/>\n<img decoding=\"async\" class=\"lazy\" src=\"https:\/\/sc04.alicdn.com\/kf\/H4034effcc14b40329925c3be63f5d1c7D\/252268812\/H4034effcc14b40329925c3be63f5d1c7D.png\" alt=\"\" data-href=\"\" data-src=\"https:\/\/sc04.alicdn.com\/kf\/H4034effcc14b40329925c3be63f5d1c7D\/252268812\/H4034effcc14b40329925c3be63f5d1c7D.png\" data-extentions-extra-ocr-id=\"44a8fe60eeb6a8b5333d8a8d91f0963a\" \/><\/p>\n<p><img decoding=\"async\" class=\"lazy\" src=\"https:\/\/sc04.alicdn.com\/kf\/H538d58a94e214463a838cd6e3f04a88f2\/252268812\/H538d58a94e214463a838cd6e3f04a88f2.png\" alt=\"\" data-href=\"\" data-src=\"https:\/\/sc04.alicdn.com\/kf\/H538d58a94e214463a838cd6e3f04a88f2\/252268812\/H538d58a94e214463a838cd6e3f04a88f2.png\" data-extentions-extra-ocr-id=\"44a8fe60eeb6a8b5333d8a8d91f0963a\" \/><\/p>\n<p><img decoding=\"async\" class=\"lazy\" src=\"https:\/\/sc04.alicdn.com\/kf\/H040a89b7c472481ca7dea613a950451bw\/252268812\/H040a89b7c472481ca7dea613a950451bw.jpg\" alt=\"\" data-href=\"\" data-src=\"https:\/\/sc04.alicdn.com\/kf\/H040a89b7c472481ca7dea613a950451bw\/252268812\/H040a89b7c472481ca7dea613a950451bw.jpg\" data-extentions-extra-ocr-id=\"44a8fe60eeb6a8b5333d8a8d91f0963a\" \/><br \/>\n<img decoding=\"async\" class=\"lazy\" src=\"https:\/\/sc04.alicdn.com\/kf\/Haec448e1cc034a0091b68ecc0896250fT\/252268812\/Haec448e1cc034a0091b68ecc0896250fT.jpg\" alt=\"\" data-href=\"\" data-src=\"https:\/\/sc04.alicdn.com\/kf\/Haec448e1cc034a0091b68ecc0896250fT\/252268812\/Haec448e1cc034a0091b68ecc0896250fT.jpg\" data-extentions-extra-ocr-id=\"44a8fe60eeb6a8b5333d8a8d91f0963a\" \/><\/p>\n<p><strong>Pr\u00e9sentation du produit<\/p>\n<p><\/strong>PPGI et PPGL (acier galvanis\u00e9 pr\u00e9laqu\u00e9 et acier galvalume pr\u00e9laqu\u00e9), \u00e9galement connus sous le nom d'acier pr\u00e9laqu\u00e9 ou de bobines d'acier color\u00e9, sont des produits compos\u00e9s de t\u00f4les d'acier galvanis\u00e9 \u00e0 chaud, de t\u00f4les d'acier galvalume \u00e0 chaud, de t\u00f4les d'acier galvanis\u00e9 par \u00e9lectrolyse, etc. Apr\u00e8s un pr\u00e9traitement de la surface, une ou plusieurs couches de rev\u00eatement organique sont appliqu\u00e9es sur la surface, puis cuites et solidifi\u00e9es. Les bobines d'acier \u00e0 rev\u00eatement color\u00e9 sont l\u00e9g\u00e8res, belles en apparence, ont de bonnes performances anticorrosion et peuvent \u00eatre directement transform\u00e9es. La couleur est g\u00e9n\u00e9ralement divis\u00e9e en gris, bleu de mer, rouge brique, etc. Elle est principalement utilis\u00e9e dans la publicit\u00e9, la construction, la d\u00e9coration, les appareils m\u00e9nagers, les appareils \u00e9lectriques, l'industrie du meuble et l'industrie du transport. Les rev\u00eatements utilis\u00e9s pour les bobines d'acier rev\u00eatues de couleur sont bas\u00e9s sur l'environnement dans lequel la r\u00e9sine est s\u00e9lectionn\u00e9e, comme le polyester modifi\u00e9 au silicium, le plastisol de chlorure de polyvinyle, le chlorure de polyvinylid\u00e8ne, etc.<\/p>\n<p><img decoding=\"async\" class=\"lazy\" src=\"https:\/\/sc04.alicdn.com\/kf\/H7d11db633a9443c0a4d211bf9dfce332B\/252268812\/H7d11db633a9443c0a4d211bf9dfce332B.png\" alt=\"\" data-href=\"\" data-src=\"https:\/\/sc04.alicdn.com\/kf\/H7d11db633a9443c0a4d211bf9dfce332B\/252268812\/H7d11db633a9443c0a4d211bf9dfce332B.png\" data-extentions-extra-ocr-id=\"44a8fe60eeb6a8b5333d8a8d91f0963a\" \/><\/p>\n<p><img decoding=\"async\" class=\"lazy\" src=\"https:\/\/sc04.alicdn.com\/kf\/Hfc83b70a0f684714a4a5582eb586bf65X\/252268812\/Hfc83b70a0f684714a4a5582eb586bf65X.png\" alt=\"\" data-href=\"\" data-src=\"https:\/\/sc04.alicdn.com\/kf\/Hfc83b70a0f684714a4a5582eb586bf65X\/252268812\/Hfc83b70a0f684714a4a5582eb586bf65X.png\" data-extentions-extra-ocr-id=\"44a8fe60eeb6a8b5333d8a8d91f0963a\" \/><\/p>\n<p><strong>PPGI<\/p>\n<p><\/strong><img decoding=\"async\" class=\"lazy\" src=\"https:\/\/sc04.alicdn.com\/kf\/H2b3d8083452e4fe8b17f4e10138fcf96X\/252268812\/H2b3d8083452e4fe8b17f4e10138fcf96X.png\" alt=\"\" data-href=\"\" data-src=\"https:\/\/sc04.alicdn.com\/kf\/H2b3d8083452e4fe8b17f4e10138fcf96X\/252268812\/H2b3d8083452e4fe8b17f4e10138fcf96X.png\" data-extentions-extra-ocr-id=\"44a8fe60eeb6a8b5333d8a8d91f0963a\" \/><\/p>\n<p><strong>PPGL<\/p>\n<p>Processus de production<\/p>\n<p><\/strong><img decoding=\"async\" class=\"lazy\" src=\"https:\/\/sc04.alicdn.com\/kf\/Hd9cd54a4dd204fa8ab1ab4d4e5069e0d5\/252268812\/Hd9cd54a4dd204fa8ab1ab4d4e5069e0d5.png\" alt=\"\" data-href=\"\" data-src=\"https:\/\/sc04.alicdn.com\/kf\/Hd9cd54a4dd204fa8ab1ab4d4e5069e0d5\/252268812\/Hd9cd54a4dd204fa8ab1ab4d4e5069e0d5.png\" data-extentions-extra-ocr-id=\"44a8fe60eeb6a8b5333d8a8d91f0963a\" \/><\/p>\n<p><strong>D\u00e9tails du produit<\/p>\n<p><\/strong><img decoding=\"async\" class=\"lazy\" src=\"https:\/\/sc04.alicdn.com\/kf\/H28517544124543a89d8a5a5d3c39882eA\/252268812\/H28517544124543a89d8a5a5d3c39882eA.jpg\" alt=\"\" data-href=\"\" data-src=\"https:\/\/sc04.alicdn.com\/kf\/H28517544124543a89d8a5a5d3c39882eA\/252268812\/H28517544124543a89d8a5a5d3c39882eA.jpg\" data-extentions-extra-ocr-id=\"44a8fe60eeb6a8b5333d8a8d91f0963a\" \/><br \/>\n<img decoding=\"async\" class=\"lazy\" src=\"https:\/\/sc04.alicdn.com\/kf\/Hacbda1634f2449dd92131166333876bem\/252268812\/Hacbda1634f2449dd92131166333876bem.jpg\" alt=\"\" data-href=\"\" data-src=\"https:\/\/sc04.alicdn.com\/kf\/Hacbda1634f2449dd92131166333876bem\/252268812\/Hacbda1634f2449dd92131166333876bem.jpg\" data-extentions-extra-ocr-id=\"44a8fe60eeb6a8b5333d8a8d91f0963a\" \/><br \/>\n<img decoding=\"async\" class=\"lazy\" src=\"https:\/\/sc04.alicdn.com\/kf\/Hb7ad21d5d21749018645a787e683a6aaB\/252268812\/Hb7ad21d5d21749018645a787e683a6aaB.jpg\" alt=\"\" data-href=\"\" data-src=\"https:\/\/sc04.alicdn.com\/kf\/Hb7ad21d5d21749018645a787e683a6aaB\/252268812\/Hb7ad21d5d21749018645a787e683a6aaB.jpg\" data-extentions-extra-ocr-id=\"44a8fe60eeb6a8b5333d8a8d91f0963a\" \/><br \/>\n<img decoding=\"async\" class=\"lazy\" src=\"https:\/\/sc04.alicdn.com\/kf\/H37da2adafe104a73af1fb55369eca3c75\/252268812\/H37da2adafe104a73af1fb55369eca3c75.jpg\" alt=\"\" data-href=\"\" data-src=\"https:\/\/sc04.alicdn.com\/kf\/H37da2adafe104a73af1fb55369eca3c75\/252268812\/H37da2adafe104a73af1fb55369eca3c75.jpg\" data-extentions-extra-ocr-id=\"44a8fe60eeb6a8b5333d8a8d91f0963a\" \/><\/p>\n<p><strong>Ligne de production<\/p>\n<p><\/strong><img decoding=\"async\" class=\"lazy\" src=\"https:\/\/sc04.alicdn.com\/kf\/H5f3a4d8d10a4465a8b4fb59033cf6358u\/252268812\/H5f3a4d8d10a4465a8b4fb59033cf6358u.png\" alt=\"\" data-href=\"\" data-src=\"https:\/\/sc04.alicdn.com\/kf\/H5f3a4d8d10a4465a8b4fb59033cf6358u\/252268812\/H5f3a4d8d10a4465a8b4fb59033cf6358u.png\" data-extentions-extra-ocr-id=\"44a8fe60eeb6a8b5333d8a8d91f0963a\" \/><\/p>\n<p><img decoding=\"async\" class=\"lazy\" src=\"https:\/\/sc04.alicdn.com\/kf\/H28517544124543a89d8a5a5d3c39882eA\/252268812\/H28517544124543a89d8a5a5d3c39882eA.jpg\" alt=\"\" data-href=\"\" data-src=\"https:\/\/sc04.alicdn.com\/kf\/H28517544124543a89d8a5a5d3c39882eA\/252268812\/H28517544124543a89d8a5a5d3c39882eA.jpg\" data-extentions-extra-ocr-id=\"44a8fe60eeb6a8b5333d8a8d91f0963a\" \/><br \/>\n<img decoding=\"async\" class=\"lazy\" src=\"https:\/\/sc04.alicdn.com\/kf\/Hacbda1634f2449dd92131166333876bem\/252268812\/Hacbda1634f2449dd92131166333876bem.jpg\" alt=\"\" data-href=\"\" data-src=\"https:\/\/sc04.alicdn.com\/kf\/Hacbda1634f2449dd92131166333876bem\/252268812\/Hacbda1634f2449dd92131166333876bem.jpg\" data-extentions-extra-ocr-id=\"44a8fe60eeb6a8b5333d8a8d91f0963a\" \/><br \/>\n<img decoding=\"async\" class=\"lazy\" src=\"https:\/\/sc04.alicdn.com\/kf\/Hb7ad21d5d21749018645a787e683a6aaB\/252268812\/Hb7ad21d5d21749018645a787e683a6aaB.jpg\" alt=\"\" data-href=\"\" data-src=\"https:\/\/sc04.alicdn.com\/kf\/Hb7ad21d5d21749018645a787e683a6aaB\/252268812\/Hb7ad21d5d21749018645a787e683a6aaB.jpg\" data-extentions-extra-ocr-id=\"44a8fe60eeb6a8b5333d8a8d91f0963a\" \/><\/p>\n<p><strong>Cat\u00e9gorie de produits<\/p>\n<p><\/strong><img decoding=\"async\" class=\"lazy\" src=\"https:\/\/sc04.alicdn.com\/kf\/H2c0e64fd6c6f4fb59875ae597d7f4bdeP\/252268812\/H2c0e64fd6c6f4fb59875ae597d7f4bdeP.png\" alt=\"\" data-href=\"\" data-src=\"https:\/\/sc04.alicdn.com\/kf\/H2c0e64fd6c6f4fb59875ae597d7f4bdeP\/252268812\/H2c0e64fd6c6f4fb59875ae597d7f4bdeP.png\" data-extentions-extra-ocr-id=\"44a8fe60eeb6a8b5333d8a8d91f0963a\" \/><\/p>\n<p><strong>Bobines d'acier pr\u00e9patin\u00e9 autonettoyantes<\/p>\n<p><\/strong><img decoding=\"async\" class=\"lazy\" src=\"https:\/\/sc04.alicdn.com\/kf\/H530bceba930f4d3c8207fb4d0f821a77M\/252268812\/H530bceba930f4d3c8207fb4d0f821a77M.png\" alt=\"\" data-href=\"\" data-src=\"https:\/\/sc04.alicdn.com\/kf\/H530bceba930f4d3c8207fb4d0f821a77M\/252268812\/H530bceba930f4d3c8207fb4d0f821a77M.png\" data-extentions-extra-ocr-id=\"44a8fe60eeb6a8b5333d8a8d91f0963a\" \/><\/p>\n<p><strong>Bobine d'acier pr\u00e9peint \u00e0 contr\u00f4le thermique<\/p>\n<p><\/strong><img decoding=\"async\" class=\"lazy\" src=\"https:\/\/sc04.alicdn.com\/kf\/H1fab9f1042924c3da4754235ab69ab79d\/252268812\/H1fab9f1042924c3da4754235ab69ab79d.png\" alt=\"\" data-href=\"\" data-src=\"https:\/\/sc04.alicdn.com\/kf\/H1fab9f1042924c3da4754235ab69ab79d\/252268812\/H1fab9f1042924c3da4754235ab69ab79d.png\" data-extentions-extra-ocr-id=\"44a8fe60eeb6a8b5333d8a8d91f0963a\" \/><\/p>\n<p><strong>Bobine d'acier pr\u00e9peint antistatique<\/p>\n<p><\/strong><img decoding=\"async\" class=\"lazy\" src=\"https:\/\/sc04.alicdn.com\/kf\/H8579693c8698416eb660237ad2ac751fx\/252268812\/H8579693c8698416eb660237ad2ac751fx.jpg\" alt=\"\" data-href=\"\" data-src=\"https:\/\/sc04.alicdn.com\/kf\/H8579693c8698416eb660237ad2ac751fx\/252268812\/H8579693c8698416eb660237ad2ac751fx.jpg\" data-extentions-extra-ocr-id=\"44a8fe60eeb6a8b5333d8a8d91f0963a\" \/><\/p>\n<p><strong>Bobine d'acier pr\u00e9peint antiseptique<\/p>\n<p><\/strong><img decoding=\"async\" class=\"lazy\" src=\"https:\/\/sc04.alicdn.com\/kf\/H107016460f66462e910431ab7bc618faZ\/252268812\/H107016460f66462e910431ab7bc618faZ.jpg\" alt=\"\" data-href=\"\" data-src=\"https:\/\/sc04.alicdn.com\/kf\/H107016460f66462e910431ab7bc618faZ\/252268812\/H107016460f66462e910431ab7bc618faZ.jpg\" data-extentions-extra-ocr-id=\"44a8fe60eeb6a8b5333d8a8d91f0963a\" \/><\/p>\n<p><strong>Bobine d'acier pr\u00e9peint r\u00e9sistant au peroxyde d'hydrog\u00e8ne<\/p>\n<p><\/strong><img decoding=\"async\" class=\"lazy\" src=\"https:\/\/sc04.alicdn.com\/kf\/Heac8a059803943c7aa0afb597dc8ef8dB\/252268812\/Heac8a059803943c7aa0afb597dc8ef8dB.jpg\" alt=\"\" data-href=\"\" data-src=\"https:\/\/sc04.alicdn.com\/kf\/Heac8a059803943c7aa0afb597dc8ef8dB\/252268812\/Heac8a059803943c7aa0afb597dc8ef8dB.jpg\" data-extentions-extra-ocr-id=\"44a8fe60eeb6a8b5333d8a8d91f0963a\" \/><\/p>\n<p><strong>Bobines d'acier pr\u00e9peint pour l'\u00e9levage<\/p>\n<p><\/strong><\/td>\n<\/tr>\n<\/tbody>\n<\/table>\n<\/div>\n<h3>Type de rev\u00eatement<\/h3>\n<p><strong>Polyester (PE) : Bonne adh\u00e9rence, couleurs riches, large gamme de formabilit\u00e9 et de durabilit\u00e9 ext\u00e9rieure, r\u00e9sistance chimique moyenne et faible co\u00fbt. Polyester modifi\u00e9 au silicium (SMP) : bonne r\u00e9sistance \u00e0 l'abrasion et \u00e0 la chaleur, ainsi que bonne durabilit\u00e9 ext\u00e9rieure et r\u00e9sistance au farinage, r\u00e9tention de la brillance, flexibilit\u00e9 g\u00e9n\u00e9rale et co\u00fbt moyen. Polyester haute durabilit\u00e9 (HDP) : Excellente r\u00e9tention de la couleur et performance anti-ultraviolet, excellente durabilit\u00e9 ext\u00e9rieure et anti-pulv\u00e9risation, bonne adh\u00e9rence du film de peinture, couleur riche, excellent rapport qualit\u00e9-prix. Fluorure de polyvinylid\u00e8ne (PVDF) : Excellente r\u00e9tention des couleurs et r\u00e9sistance aux UV, excellente durabilit\u00e9 ext\u00e9rieure et r\u00e9sistance au farinage, excellente r\u00e9sistance aux solvants, bonne aptitude au moulage, r\u00e9sistance aux taches, couleurs limit\u00e9es et co\u00fbt \u00e9lev\u00e9. <\/strong><\/p>\n<h3><\/h3>\n<p><strong>1) T\u00f4le d'acier galvanis\u00e9e \u00e0 chaud avec rev\u00eatement de couleur (t\u00f4le d'acier galvanis\u00e9e pr\u00e9laqu\u00e9e)<\/strong><br \/>\nLe produit obtenu par l'application d'un rev\u00eatement organique sur une t\u00f4le d'acier galvanis\u00e9e \u00e0 chaud est une t\u00f4le color\u00e9e galvanis\u00e9e \u00e0 chaud. Outre l'effet protecteur du zinc, la t\u00f4le color\u00e9e galvanis\u00e9e \u00e0 chaud prot\u00e8ge \u00e9galement contre la rouille et a une dur\u00e9e de vie plus longue que la t\u00f4le galvanis\u00e9e \u00e0 chaud ;<\/p>\n<p><strong>2. t\u00f4le rev\u00eatue d'aluminium-zinc \u00e0 chaud (t\u00f4le d'acier galvalume pr\u00e9patin\u00e9e)<\/strong><br \/>\nLes t\u00f4les d'acier aluminium-zinc tremp\u00e9es \u00e0 chaud peuvent \u00e9galement \u00eatre utilis\u00e9es comme substrats \u00e0 rev\u00eatement color\u00e9 (55% AI-Zn et 5% AI-Zn) ;<\/p>\n<\/div>\n<\/div>\n<div class=\"textImg-box\" data-v-d0e03504=\"\" data-v-e8f33c66=\"\"><\/div>\n<\/div>\n<div id=\"Shipping\" class=\"certifications\" data-v-e8f33c66=\"\">\n<h3 class=\"title\" data-v-e8f33c66=\"\">Informations sur l'exp\u00e9dition<\/h3>\n<div class=\"certifications-content\" data-v-e8f33c66=\"\">\n<div class=\"ant-descriptions ant-descriptions-small ant-descriptions-bordered\" data-v-e8f33c66=\"\">\n<div class=\"ant-descriptions-view\">\n<table data-extentions-extra-tablecapture-id=\"852798\">\n<tbody>\n<tr class=\"ant-descriptions-row\">\n<th class=\"ant-descriptions-item-label ant-descriptions-item-colon\">Port FOB<\/th>\n<td class=\"ant-descriptions-item-content\" colspan=\"5\">Qingdao<\/td>\n<\/tr>\n<tr class=\"ant-descriptions-row\">\n<th class=\"ant-descriptions-item-label ant-descriptions-item-colon\">Code HTS<\/th>\n<td class=\"ant-descriptions-item-content\" colspan=\"5\">7210.49.00 00<\/td>\n<\/tr>\n<\/tbody>\n<\/table>\n<\/div>\n<\/div>\n<div class=\"ant-descriptions ant-descriptions-small ant-descriptions-bordered\" data-v-e8f33c66=\"\">\n<div class=\"ant-descriptions-view\">\n<table data-extentions-extra-tablecapture-id=\"186648\">\n<tbody>\n<tr class=\"ant-descriptions-row\">\n<th class=\"ant-descriptions-item-label ant-descriptions-item-colon\">D\u00e9lai d'ex\u00e9cution<\/th>\n<td class=\"ant-descriptions-item-content\" colspan=\"5\">5-40 jours<\/td>\n<\/tr>\n<\/tbody>\n<\/table>\n<\/div>\n<\/div>\n<\/div>\n<\/div>\n<div id=\"MainExportMarkets\" class=\"markets\" data-v-e8f33c66=\"\">\n<h3 class=\"title\" data-v-e8f33c66=\"\">Principaux march\u00e9s d'exportation<\/h3>\n<div class=\"markets-content\" data-v-e8f33c66=\"\">\n<div class=\"markets-content-row\" data-v-e8f33c66=\"\">\n<div class=\"item\" data-v-e8f33c66=\"\">- Asie<\/div>\n<div class=\"item\" data-v-e8f33c66=\"\">- Australasie<\/div>\n<div class=\"item\" data-v-e8f33c66=\"\">- Am\u00e9rique centrale et du Sud<\/div>\n<div class=\"item\" data-v-e8f33c66=\"\">- Europe de l'Est<\/div>\n<\/div>\n<div class=\"markets-content-row\" data-v-e8f33c66=\"\">\n<div class=\"item\" data-v-e8f33c66=\"\">- Moyen-Orient\/Afrique<\/div>\n<div class=\"item\" data-v-e8f33c66=\"\">- Am\u00e9rique du Nord<\/div>\n<div class=\"item\" data-v-e8f33c66=\"\">- Europe occidentale<\/div>\n<\/div>\n<\/div>\n<\/div>\n<\/div>","protected":false},"excerpt":{"rendered":"<p>Product Information Shipping Information Main Export Markets Payment Details Model Number Sino0716 Brand Name Shandong Sino origin China Small Orders Accepted Key Specifications\/ Special Features: Product Specifications Technical Standard EN10147\/EN10142\/DIN 17162\/JIS G3302\/ASTM A653 Steel Grade DC51D+Z, DC52D+Z, DC53D+Z, S280GD+Z, S350GD+Z, S550GD+Z, DC51D+AZ, DC52D+AZ, S250GD+AZ, S300GD+AZ, S350GD+AZ, S550GD+AZ, SECC,SECE, BLCE+Z, BLDE+Z, BUSDE+Zor Customer\u2019s Requirement Base Steel&#8230;<\/p>","protected":false},"featured_media":927,"comment_status":"open","ping_status":"closed","template":"","meta":{"_kadence_starter_templates_imported_post":false,"_kad_post_transparent":"default","_kad_post_title":"","_kad_post_layout":"default","_kad_post_sidebar_id":"","_kad_post_content_style":"default","_kad_post_vertical_padding":"default","_kad_post_feature":"","_kad_post_feature_position":"","_kad_post_header":false,"_kad_post_footer":false},"product_brand":[],"product_cat":[30],"product_tag":[],"class_list":{"0":"post-954","1":"product","2":"type-product","3":"status-publish","4":"has-post-thumbnail","6":"product_cat-pre-painted-galvalume-steel-coil-ppgl","8":"first","9":"instock","10":"shipping-taxable","11":"product-type-simple","12":"entry","13":"content-bg","14":"loop-entry"},"jetpack_sharing_enabled":true,"_links":{"self":[{"href":"https:\/\/cnsinometal.com\/fr\/wp-json\/wp\/v2\/product\/954","targetHints":{"allow":["GET"]}}],"collection":[{"href":"https:\/\/cnsinometal.com\/fr\/wp-json\/wp\/v2\/product"}],"about":[{"href":"https:\/\/cnsinometal.com\/fr\/wp-json\/wp\/v2\/types\/product"}],"replies":[{"embeddable":true,"href":"https:\/\/cnsinometal.com\/fr\/wp-json\/wp\/v2\/comments?post=954"}],"wp:featuredmedia":[{"embeddable":true,"href":"https:\/\/cnsinometal.com\/fr\/wp-json\/wp\/v2\/media\/927"}],"wp:attachment":[{"href":"https:\/\/cnsinometal.com\/fr\/wp-json\/wp\/v2\/media?parent=954"}],"wp:term":[{"taxonomy":"product_brand","embeddable":true,"href":"https:\/\/cnsinometal.com\/fr\/wp-json\/wp\/v2\/product_brand?post=954"},{"taxonomy":"product_cat","embeddable":true,"href":"https:\/\/cnsinometal.com\/fr\/wp-json\/wp\/v2\/product_cat?post=954"},{"taxonomy":"product_tag","embeddable":true,"href":"https:\/\/cnsinometal.com\/fr\/wp-json\/wp\/v2\/product_tag?post=954"}],"curies":[{"name":"wp","href":"https:\/\/api.w.org\/{rel}","templated":true}]}}