{"id":694,"date":"2025-04-10T10:07:23","date_gmt":"2025-04-10T02:07:23","guid":{"rendered":"http:\/\/cnsinometal.com\/?post_type=product&#038;p=694"},"modified":"2025-04-10T10:07:23","modified_gmt":"2025-04-10T02:07:23","slug":"galvanized-stee-coilgi","status":"publish","type":"product","link":"https:\/\/cnsinometal.com\/fr\/produit\/galvanized-stee-coilgi\/","title":{"rendered":"Bobine d'acier galvanis\u00e9 (GI)"},"content":{"rendered":"<p>La galvanisation est un proc\u00e9d\u00e9 de rev\u00eatement m\u00e9tallique qui consiste \u00e0 appliquer une couche protectrice de zinc sur des substrats en acier ou en fer afin de pr\u00e9venir la corrosion par le biais d'une anode sacrificielle. Les m\u00e9thodes les plus courantes sont la galvanisation \u00e0 chaud (immersion de l'acier dans du zinc fondu) et l'\u00e9lectro-galvanisation (d\u00e9p\u00f4t \u00e9lectrolytique de zinc). L'acier galvanis\u00e9 combine la r\u00e9sistance de l'acier et les propri\u00e9t\u00e9s anticorrosives du zinc. Il est largement utilis\u00e9 dans la construction, les tours de transmission d'\u00e9nergie, les pi\u00e8ces automobiles, les pipelines et les infrastructures ext\u00e9rieures.<\/p>\n<h2>D\u00e9tails du produit<\/h2>\n<table style=\"height: 251px;\" width=\"997\">\n<tbody>\n<tr>\n<td width=\"162\">Objet<\/td>\n<td width=\"365\">Bobine GI<\/td>\n<\/tr>\n<tr>\n<td>Standard<\/td>\n<td>AISI ; ASTM ; BS ; GB ; JIS<\/td>\n<\/tr>\n<tr>\n<td>Substrat<\/td>\n<td>Acier lamin\u00e9 \u00e0 chaud\/ acier lamin\u00e9 \u00e0 froid<\/td>\n<\/tr>\n<tr>\n<td>\u00c9paisseur<\/td>\n<td>0,12mm-2mm<\/td>\n<\/tr>\n<tr>\n<td>Largeur<\/td>\n<td>50mm-1500mm<\/td>\n<\/tr>\n<tr>\n<td>Rev\u00eatement<\/td>\n<td>20g\/\u33a1-275g\/\u33a1<\/td>\n<\/tr>\n<tr>\n<td>Poids de la bobine<\/td>\n<td>selon vos besoins<\/td>\n<\/tr>\n<tr>\n<td>Structure de la surface<\/td>\n<td>Z\u00e9ro paillette ; Petit paillette ; Paillette normale ; Grand paillette<\/td>\n<\/tr>\n<tr>\n<td>Paquet<\/td>\n<td>Emballage d'exportation standard ou selon vos besoins<\/td>\n<\/tr>\n<\/tbody>\n<\/table>\n<p>&nbsp;<\/p>\n<p>&nbsp;<\/p>\n<h2>Avantages et caract\u00e9ristiques des bobines d'acier galvanis\u00e9<\/h2>\n<ul class=\"auto-hide-last-sibling-br\">\n<li><em>Excellente r\u00e9sistance \u00e0 la corrosion<\/em>: La couche de zinc forme un film protecteur dense sur la surface du m\u00e9tal, emp\u00eachant efficacement l'air, l'humidit\u00e9 et d'autres substances corrosives d'entrer en contact avec le m\u00e9tal de base, ce qui prolonge consid\u00e9rablement la dur\u00e9e de vie du produit.<\/li>\n<li><em>Bonne propri\u00e9t\u00e9 d\u00e9corative<\/em>: Les produits galvanis\u00e9s ont g\u00e9n\u00e9ralement un aspect brillant et uniforme. Diff\u00e9rents traitements de surface tels que la passivation et l'enduction d'huile peuvent \u00eatre effectu\u00e9s en fonction des besoins pour obtenir un meilleur effet d\u00e9coratif et r\u00e9pondre aux exigences esth\u00e9tiques des diff\u00e9rents sc\u00e9narios d'application.<\/li>\n<li><em>Forte adh\u00e9rence<\/em>: Il existe une forte force de liaison entre la couche de zinc et le m\u00e9tal de base, qui peut r\u00e9sister \u00e0 un certain degr\u00e9 de d\u00e9formation sans se d\u00e9tacher, ce qui garantit l'int\u00e9grit\u00e9 et l'efficacit\u00e9 de la couche protectrice.<\/li>\n<li><em>Co\u00fbt \u00e9lev\u00e9 - efficacit\u00e9<\/em>: Compar\u00e9e \u00e0 d'autres m\u00e9thodes de traitement anticorrosion telles que le nickelage et le chromage, la galvanisation a un co\u00fbt relativement faible et peut fournir une protection fiable, avec un rapport co\u00fbt\/performance \u00e9lev\u00e9.<\/li>\n<li><em>Bonne performance de transformation<\/em>: Les produits galvanis\u00e9s ont encore de bonnes performances de transformation et peuvent \u00eatre soumis \u00e0 diverses op\u00e9rations de transformation telles que l'emboutissage, le pliage et le soudage sans causer de graves dommages \u00e0 la couche de zinc.<\/li>\n<\/ul>\n<ul>\n<li style=\"list-style-type: none;\"><\/li>\n<\/ul>\n<h2>Domaines d'application<\/h2>\n<ul class=\"auto-hide-last-sibling-br\">\n<li><em>Industrie de la construction<\/em>: Il est utilis\u00e9 pour les toits, les murs, les portes et fen\u00eatres, les conduits de ventilation, etc. Il peut r\u00e9sister efficacement \u00e0 l'\u00e9rosion due au vent et \u00e0 la pluie, prolonger la dur\u00e9e de vie des \u00e9l\u00e9ments de construction et offrir un aspect esth\u00e9tique. Par exemple, les t\u00f4les d'acier galvanis\u00e9 sont souvent utilis\u00e9es comme mat\u00e9riaux de couverture pour les toits des b\u00e2timents.<\/li>\n<li><em>Industrie automobile<\/em>: Les produits galvanis\u00e9s sont utilis\u00e9s dans de nombreuses parties des automobiles, telles que la carrosserie, le ch\u00e2ssis et les composants. Par exemple, les t\u00f4les d'acier galvanis\u00e9 sont utilis\u00e9es dans la fabrication des carrosseries pour am\u00e9liorer la r\u00e9sistance \u00e0 la corrosion et aux chocs de la carrosserie et prolonger la dur\u00e9e de vie du v\u00e9hicule.<\/li>\n<li><em>Industrie de l'\u00e9nergie<\/em>: Les installations \u00e9lectriques telles que les tours de transmission, les poteaux \u00e9lectriques et les chemins de c\u00e2bles sont g\u00e9n\u00e9ralement trait\u00e9s par galvanisation afin d'emp\u00eacher le m\u00e9tal de rouiller et de se corroder dans l'environnement ext\u00e9rieur et d'assurer un fonctionnement s\u00fbr et stable des installations \u00e9lectriques.<\/li>\n<li><em>Fabrication m\u00e9canique<\/em>: La galvanisation de diverses pi\u00e8ces m\u00e9caniques et de bo\u00eetiers d'\u00e9quipement permet non seulement d'am\u00e9liorer la r\u00e9sistance \u00e0 la corrosion, mais aussi d'am\u00e9liorer l'apparence et la qualit\u00e9 globale du produit.<\/li>\n<li><em>Domaine des appareils m\u00e9nagers<\/em>: Les enveloppes ext\u00e9rieures et les composants internes des appareils m\u00e9nagers tels que les r\u00e9frig\u00e9rateurs, les climatiseurs et les machines \u00e0 laver utilisent souvent des t\u00f4les ou des fils d'acier galvanis\u00e9 pour am\u00e9liorer la r\u00e9sistance \u00e0 la corrosion et la durabilit\u00e9 des produits et leur donner une belle apparence.<\/li>\n<\/ul>\n<p>&nbsp;<\/p>","protected":false},"excerpt":{"rendered":"<p>Galvanizing is a metal coating process that applies a protective zinc layer to steel or iron substrates to prevent corrosion through sacrificial anode protection. Common methods include hot-dip galvanizing(immersing steel in molten zinc) and electro-galvanizing(electrolytic zinc deposition). Galvanized steel combines the strength of steel with zinc\u2019s anti-corrosive properties, widely used in construction, power transmission towers,&#8230;<\/p>","protected":false},"featured_media":695,"comment_status":"open","ping_status":"closed","template":"","meta":{"_kadence_starter_templates_imported_post":false,"_kad_post_transparent":"default","_kad_post_title":"","_kad_post_layout":"default","_kad_post_sidebar_id":"","_kad_post_content_style":"default","_kad_post_vertical_padding":"default","_kad_post_feature":"","_kad_post_feature_position":"","_kad_post_header":false,"_kad_post_footer":false},"product_brand":[],"product_cat":[27,22],"product_tag":[],"class_list":{"0":"post-694","1":"product","2":"type-product","3":"status-publish","4":"has-post-thumbnail","6":"product_cat-galvanized-steel-coil-gi","7":"product_cat-uncategorized","9":"first","10":"instock","11":"shipping-taxable","12":"product-type-simple","13":"entry","14":"content-bg","15":"loop-entry"},"jetpack_sharing_enabled":true,"_links":{"self":[{"href":"https:\/\/cnsinometal.com\/fr\/wp-json\/wp\/v2\/product\/694","targetHints":{"allow":["GET"]}}],"collection":[{"href":"https:\/\/cnsinometal.com\/fr\/wp-json\/wp\/v2\/product"}],"about":[{"href":"https:\/\/cnsinometal.com\/fr\/wp-json\/wp\/v2\/types\/product"}],"replies":[{"embeddable":true,"href":"https:\/\/cnsinometal.com\/fr\/wp-json\/wp\/v2\/comments?post=694"}],"wp:featuredmedia":[{"embeddable":true,"href":"https:\/\/cnsinometal.com\/fr\/wp-json\/wp\/v2\/media\/695"}],"wp:attachment":[{"href":"https:\/\/cnsinometal.com\/fr\/wp-json\/wp\/v2\/media?parent=694"}],"wp:term":[{"taxonomy":"product_brand","embeddable":true,"href":"https:\/\/cnsinometal.com\/fr\/wp-json\/wp\/v2\/product_brand?post=694"},{"taxonomy":"product_cat","embeddable":true,"href":"https:\/\/cnsinometal.com\/fr\/wp-json\/wp\/v2\/product_cat?post=694"},{"taxonomy":"product_tag","embeddable":true,"href":"https:\/\/cnsinometal.com\/fr\/wp-json\/wp\/v2\/product_tag?post=694"}],"curies":[{"name":"wp","href":"https:\/\/api.w.org\/{rel}","templated":true}]}}