{"id":655,"date":"2025-02-18T08:25:03","date_gmt":"2025-02-18T00:25:03","guid":{"rendered":"http:\/\/cnsinometal.com\/?post_type=product&#038;p=655"},"modified":"2025-02-18T08:25:04","modified_gmt":"2025-02-18T00:25:04","slug":"scratch-resistant-color-coated-steel-coil-ral7016","status":"publish","type":"product","link":"https:\/\/cnsinometal.com\/fr\/produit\/scratch-resistant-color-coated-steel-coil-ral7016\/","title":{"rendered":"Bobine d'acier \u00e0 rev\u00eatement color\u00e9 r\u00e9sistant aux rayures RAL7016"},"content":{"rendered":"","protected":false},"excerpt":{"rendered":"<p>\u00c9paisseur : 0,16 mm-1,2 mm<br \/>\nLargeur : 50mm-1500mm<br \/>\nDiam\u00e8tre int\u00e9rieur : 508 mm ou 610 mm<br \/>\nM\u00e9tal de base : bobine d'acier galvanis\u00e9<br \/>\nCouleur : RAL7016<br \/>\nPeinture : Dessus\uff1a25\u03bcm\uff1bback\uff1a25\u03bcm<\/p>","protected":false},"featured_media":656,"comment_status":"open","ping_status":"closed","template":"","meta":{"_kadence_starter_templates_imported_post":false,"_kad_post_transparent":"default","_kad_post_title":"","_kad_post_layout":"default","_kad_post_sidebar_id":"","_kad_post_content_style":"default","_kad_post_vertical_padding":"default","_kad_post_feature":"","_kad_post_feature_position":"","_kad_post_header":false,"_kad_post_footer":false},"product_brand":[],"product_cat":[29],"product_tag":[],"class_list":{"0":"post-655","1":"product","2":"type-product","3":"status-publish","4":"has-post-thumbnail","6":"product_cat-pre-painted-galvanized-steel-coil-ppgi","8":"first","9":"instock","10":"shipping-taxable","11":"product-type-simple","12":"entry","13":"content-bg","14":"loop-entry"},"jetpack_sharing_enabled":true,"_links":{"self":[{"href":"https:\/\/cnsinometal.com\/fr\/wp-json\/wp\/v2\/product\/655","targetHints":{"allow":["GET"]}}],"collection":[{"href":"https:\/\/cnsinometal.com\/fr\/wp-json\/wp\/v2\/product"}],"about":[{"href":"https:\/\/cnsinometal.com\/fr\/wp-json\/wp\/v2\/types\/product"}],"replies":[{"embeddable":true,"href":"https:\/\/cnsinometal.com\/fr\/wp-json\/wp\/v2\/comments?post=655"}],"wp:featuredmedia":[{"embeddable":true,"href":"https:\/\/cnsinometal.com\/fr\/wp-json\/wp\/v2\/media\/656"}],"wp:attachment":[{"href":"https:\/\/cnsinometal.com\/fr\/wp-json\/wp\/v2\/media?parent=655"}],"wp:term":[{"taxonomy":"product_brand","embeddable":true,"href":"https:\/\/cnsinometal.com\/fr\/wp-json\/wp\/v2\/product_brand?post=655"},{"taxonomy":"product_cat","embeddable":true,"href":"https:\/\/cnsinometal.com\/fr\/wp-json\/wp\/v2\/product_cat?post=655"},{"taxonomy":"product_tag","embeddable":true,"href":"https:\/\/cnsinometal.com\/fr\/wp-json\/wp\/v2\/product_tag?post=655"}],"curies":[{"name":"wp","href":"https:\/\/api.w.org\/{rel}","templated":true}]}}