{"id":631,"date":"2025-02-17T17:49:57","date_gmt":"2025-02-17T09:49:57","guid":{"rendered":"http:\/\/cnsinometal.com\/?post_type=product&#038;p=631"},"modified":"2025-04-08T15:02:44","modified_gmt":"2025-04-08T07:02:44","slug":"ral8017-ppgi-coil","status":"publish","type":"product","link":"https:\/\/cnsinometal.com\/fr\/produit\/ral8017-ppgi-coil\/","title":{"rendered":"Bobine d'acier galvanis\u00e9 pr\u00e9peint (PPGI)"},"content":{"rendered":"<p>Shandong Sino Metal Co. est une entreprise int\u00e9gr\u00e9e de premier plan dans le domaine de la transformation et du commerce en Chine, qui se concentre sur la production et la vente de bobines d'acier \u00e0 rev\u00eatement color\u00e9. Gr\u00e2ce \u00e0 leur qualit\u00e9 sup\u00e9rieure, nos produits sont largement reconnus par les clients.<br \/>\nVous recherchez un fabricant de bobines d'acier galvanis\u00e9 pr\u00e9laqu\u00e9 en Chine ? Contactez Shandong Sino Metal d\u00e8s aujourd'hui et renforcez votre marque avec nos bobines d'acier galvanis\u00e9 pr\u00e9laqu\u00e9.<br \/>\n<strong>Que sont les bobines d'acier galvanis\u00e9 pr\u00e9laqu\u00e9 ?<\/strong><br \/>\nIl utilise des bobines d'acier galvanis\u00e9 comme mat\u00e9riau de base. Les bobines d'acier galvanis\u00e9 sont d'abord nettoy\u00e9es et pr\u00e9trait\u00e9es pour \u00e9liminer l'huile et la poussi\u00e8re de la surface. Ensuite, le mat\u00e9riau de base pr\u00e9par\u00e9 est recouvert d'un rev\u00eatement organique tel que PE, SMP, HDP, PVDF, etc.<br \/>\n<strong>Application des bobines d'acier galvanis\u00e9 pr\u00e9laqu\u00e9<\/strong><br \/>\n1. Toitures, panneaux muraux et plafonds<br \/>\n2. Fen\u00eatres et portes<br \/>\n3. Panneaux d'appareils m\u00e9nagers<br \/>\n4. Le mobilier<br \/>\n5. Industrie automobile<br \/>\n6. Autres, tels que panneaux de signalisation, tableaux blancs, etc.<br \/>\n<strong>Structure du rev\u00eatement de couleur<\/strong><br \/>\n<img fetchpriority=\"high\" decoding=\"async\" class=\"alignnone size-full wp-image-633\" src=\"http:\/\/cnsinometal.com\/wp-content\/uploads\/2025\/02\/\u56fe\u72472-3.jpg\" alt=\"\" width=\"984\" height=\"697\" srcset=\"https:\/\/cnsinometal.com\/wp-content\/uploads\/2025\/02\/\u56fe\u72472-3.jpg 984w, https:\/\/cnsinometal.com\/wp-content\/uploads\/2025\/02\/\u56fe\u72472-3-800x567.jpg 800w, https:\/\/cnsinometal.com\/wp-content\/uploads\/2025\/02\/\u56fe\u72472-3-300x213.jpg 300w, https:\/\/cnsinometal.com\/wp-content\/uploads\/2025\/02\/\u56fe\u72472-3-768x544.jpg 768w, https:\/\/cnsinometal.com\/wp-content\/uploads\/2025\/02\/\u56fe\u72472-3-18x12.jpg 18w\" sizes=\"(max-width: 984px) 100vw, 984px\" \/><br \/>\n<strong>\u00c0 propos de la ligne de production d'enduction de couleur<\/strong><br \/>\n<img decoding=\"async\" class=\"alignnone size-full wp-image-634\" src=\"http:\/\/cnsinometal.com\/wp-content\/uploads\/2025\/02\/\u56fe\u72473-3.jpg\" alt=\"\" width=\"541\" height=\"810\" srcset=\"https:\/\/cnsinometal.com\/wp-content\/uploads\/2025\/02\/\u56fe\u72473-3.jpg 541w, https:\/\/cnsinometal.com\/wp-content\/uploads\/2025\/02\/\u56fe\u72473-3-200x300.jpg 200w, https:\/\/cnsinometal.com\/wp-content\/uploads\/2025\/02\/\u56fe\u72473-3-8x12.jpg 8w\" sizes=\"(max-width: 541px) 100vw, 541px\" \/> <img decoding=\"async\" class=\"alignnone size-full wp-image-635\" src=\"http:\/\/cnsinometal.com\/wp-content\/uploads\/2025\/02\/\u56fe\u72474-2.jpg\" alt=\"\" width=\"616\" height=\"822\" srcset=\"https:\/\/cnsinometal.com\/wp-content\/uploads\/2025\/02\/\u56fe\u72474-2.jpg 616w, https:\/\/cnsinometal.com\/wp-content\/uploads\/2025\/02\/\u56fe\u72474-2-225x300.jpg 225w, https:\/\/cnsinometal.com\/wp-content\/uploads\/2025\/02\/\u56fe\u72474-2-9x12.jpg 9w\" sizes=\"(max-width: 616px) 100vw, 616px\" \/> <img loading=\"lazy\" decoding=\"async\" class=\"alignnone size-full wp-image-636\" src=\"http:\/\/cnsinometal.com\/wp-content\/uploads\/2025\/02\/\u56fe\u72475-2.jpg\" alt=\"\" width=\"485\" height=\"647\" srcset=\"https:\/\/cnsinometal.com\/wp-content\/uploads\/2025\/02\/\u56fe\u72475-2.jpg 485w, https:\/\/cnsinometal.com\/wp-content\/uploads\/2025\/02\/\u56fe\u72475-2-225x300.jpg 225w, https:\/\/cnsinometal.com\/wp-content\/uploads\/2025\/02\/\u56fe\u72475-2-9x12.jpg 9w\" sizes=\"(max-width: 485px) 100vw, 485px\" \/> <img loading=\"lazy\" decoding=\"async\" class=\"alignnone size-full wp-image-637\" src=\"http:\/\/cnsinometal.com\/wp-content\/uploads\/2025\/02\/\u56fe\u72476-2.jpg\" alt=\"\" width=\"490\" height=\"654\" srcset=\"https:\/\/cnsinometal.com\/wp-content\/uploads\/2025\/02\/\u56fe\u72476-2.jpg 490w, https:\/\/cnsinometal.com\/wp-content\/uploads\/2025\/02\/\u56fe\u72476-2-225x300.jpg 225w, https:\/\/cnsinometal.com\/wp-content\/uploads\/2025\/02\/\u56fe\u72476-2-9x12.jpg 9w\" sizes=\"(max-width: 490px) 100vw, 490px\" \/> <img loading=\"lazy\" decoding=\"async\" class=\"alignnone size-full wp-image-638\" src=\"http:\/\/cnsinometal.com\/wp-content\/uploads\/2025\/02\/\u56fe\u72477-2.jpg\" alt=\"\" width=\"488\" height=\"651\" srcset=\"https:\/\/cnsinometal.com\/wp-content\/uploads\/2025\/02\/\u56fe\u72477-2.jpg 488w, https:\/\/cnsinometal.com\/wp-content\/uploads\/2025\/02\/\u56fe\u72477-2-225x300.jpg 225w, https:\/\/cnsinometal.com\/wp-content\/uploads\/2025\/02\/\u56fe\u72477-2-9x12.jpg 9w\" sizes=\"(max-width: 488px) 100vw, 488px\" \/> <img loading=\"lazy\" decoding=\"async\" class=\"alignnone size-full wp-image-639\" src=\"http:\/\/cnsinometal.com\/wp-content\/uploads\/2025\/02\/\u56fe\u72478-1.jpg\" alt=\"\" width=\"481\" height=\"641\" srcset=\"https:\/\/cnsinometal.com\/wp-content\/uploads\/2025\/02\/\u56fe\u72478-1.jpg 481w, https:\/\/cnsinometal.com\/wp-content\/uploads\/2025\/02\/\u56fe\u72478-1-225x300.jpg 225w, https:\/\/cnsinometal.com\/wp-content\/uploads\/2025\/02\/\u56fe\u72478-1-9x12.jpg 9w\" sizes=\"(max-width: 481px) 100vw, 481px\" \/><br \/>\n<strong>Caract\u00e9ristiques des bobines d'acier galvanis\u00e9 \u00e0 rev\u00eatement color\u00e9<\/strong><br \/>\n1. Excellente r\u00e9sistance \u00e0 la corrosion<br \/>\n2. Belle apparence<br \/>\n3. Bonne performance de traitement<br \/>\n4. Poids l\u00e9ger<br \/>\n5. Diverses couleurs et motifs<br \/>\n6. Solution personnalis\u00e9e<br \/>\n\u00c0 propos de l'emballage<br \/>\n1. emballage d'exportation standard en bon \u00e9tat de navigabilit\u00e9<br \/>\n2. emballage vertical ou horizontal<\/p>\n<p><img loading=\"lazy\" decoding=\"async\" class=\"alignnone size-full wp-image-640\" src=\"http:\/\/cnsinometal.com\/wp-content\/uploads\/2025\/02\/\u56fe\u72479-1.jpg\" alt=\"\" width=\"532\" height=\"710\" srcset=\"https:\/\/cnsinometal.com\/wp-content\/uploads\/2025\/02\/\u56fe\u72479-1.jpg 532w, https:\/\/cnsinometal.com\/wp-content\/uploads\/2025\/02\/\u56fe\u72479-1-225x300.jpg 225w, https:\/\/cnsinometal.com\/wp-content\/uploads\/2025\/02\/\u56fe\u72479-1-9x12.jpg 9w\" sizes=\"(max-width: 532px) 100vw, 532px\" \/> <img loading=\"lazy\" decoding=\"async\" class=\"alignnone size-full wp-image-641\" src=\"http:\/\/cnsinometal.com\/wp-content\/uploads\/2025\/02\/\u56fe\u724710-1.jpg\" alt=\"\" width=\"539\" height=\"720\" srcset=\"https:\/\/cnsinometal.com\/wp-content\/uploads\/2025\/02\/\u56fe\u724710-1.jpg 539w, https:\/\/cnsinometal.com\/wp-content\/uploads\/2025\/02\/\u56fe\u724710-1-225x300.jpg 225w, https:\/\/cnsinometal.com\/wp-content\/uploads\/2025\/02\/\u56fe\u724710-1-9x12.jpg 9w\" sizes=\"(max-width: 539px) 100vw, 539px\" \/> <img loading=\"lazy\" decoding=\"async\" class=\"alignnone size-full wp-image-642\" src=\"http:\/\/cnsinometal.com\/wp-content\/uploads\/2025\/02\/\u56fe\u724711-1.jpg\" alt=\"\" width=\"663\" height=\"651\" srcset=\"https:\/\/cnsinometal.com\/wp-content\/uploads\/2025\/02\/\u56fe\u724711-1.jpg 663w, https:\/\/cnsinometal.com\/wp-content\/uploads\/2025\/02\/\u56fe\u724711-1-300x295.jpg 300w, https:\/\/cnsinometal.com\/wp-content\/uploads\/2025\/02\/\u56fe\u724711-1-12x12.jpg 12w\" sizes=\"(max-width: 663px) 100vw, 663px\" \/> <img loading=\"lazy\" decoding=\"async\" class=\"alignnone size-full wp-image-643\" src=\"http:\/\/cnsinometal.com\/wp-content\/uploads\/2025\/02\/\u56fe\u724712-1.jpg\" alt=\"\" width=\"495\" height=\"657\" srcset=\"https:\/\/cnsinometal.com\/wp-content\/uploads\/2025\/02\/\u56fe\u724712-1.jpg 495w, https:\/\/cnsinometal.com\/wp-content\/uploads\/2025\/02\/\u56fe\u724712-1-226x300.jpg 226w, https:\/\/cnsinometal.com\/wp-content\/uploads\/2025\/02\/\u56fe\u724712-1-9x12.jpg 9w\" sizes=\"(max-width: 495px) 100vw, 495px\" \/><\/p>","protected":false},"excerpt":{"rendered":"<p>\u00c9paisseur : 0,16 mm-1,2 mm<br \/>\nLargeur : 50mm-1500mm<br \/>\nDiam\u00e8tre int\u00e9rieur : 508 mm<br \/>\nM\u00e9tal de base : bobine d'acier galvanis\u00e9<\/p>","protected":false},"featured_media":670,"comment_status":"open","ping_status":"closed","template":"","meta":{"_kadence_starter_templates_imported_post":false,"_kad_post_transparent":"default","_kad_post_title":"","_kad_post_layout":"default","_kad_post_sidebar_id":"","_kad_post_content_style":"default","_kad_post_vertical_padding":"default","_kad_post_feature":"","_kad_post_feature_position":"","_kad_post_header":false,"_kad_post_footer":false},"product_brand":[],"product_cat":[29],"product_tag":[],"class_list":{"0":"post-631","1":"product","2":"type-product","3":"status-publish","4":"has-post-thumbnail","6":"product_cat-pre-painted-galvanized-steel-coil-ppgi","8":"first","9":"instock","10":"shipping-taxable","11":"product-type-simple","12":"entry","13":"content-bg","14":"loop-entry"},"jetpack_sharing_enabled":true,"_links":{"self":[{"href":"https:\/\/cnsinometal.com\/fr\/wp-json\/wp\/v2\/product\/631","targetHints":{"allow":["GET"]}}],"collection":[{"href":"https:\/\/cnsinometal.com\/fr\/wp-json\/wp\/v2\/product"}],"about":[{"href":"https:\/\/cnsinometal.com\/fr\/wp-json\/wp\/v2\/types\/product"}],"replies":[{"embeddable":true,"href":"https:\/\/cnsinometal.com\/fr\/wp-json\/wp\/v2\/comments?post=631"}],"wp:featuredmedia":[{"embeddable":true,"href":"https:\/\/cnsinometal.com\/fr\/wp-json\/wp\/v2\/media\/670"}],"wp:attachment":[{"href":"https:\/\/cnsinometal.com\/fr\/wp-json\/wp\/v2\/media?parent=631"}],"wp:term":[{"taxonomy":"product_brand","embeddable":true,"href":"https:\/\/cnsinometal.com\/fr\/wp-json\/wp\/v2\/product_brand?post=631"},{"taxonomy":"product_cat","embeddable":true,"href":"https:\/\/cnsinometal.com\/fr\/wp-json\/wp\/v2\/product_cat?post=631"},{"taxonomy":"product_tag","embeddable":true,"href":"https:\/\/cnsinometal.com\/fr\/wp-json\/wp\/v2\/product_tag?post=631"}],"curies":[{"name":"wp","href":"https:\/\/api.w.org\/{rel}","templated":true}]}}