{"id":618,"date":"2025-02-17T17:39:42","date_gmt":"2025-02-17T09:39:42","guid":{"rendered":"http:\/\/cnsinometal.com\/?post_type=product&#038;p=618"},"modified":"2025-04-08T14:53:20","modified_gmt":"2025-04-08T06:53:20","slug":"lazarite-blue-ppgl-coil-2","status":"publish","type":"product","link":"https:\/\/cnsinometal.com\/fr\/produit\/lazarite-blue-ppgl-coil-2\/","title":{"rendered":"Bobine d'acier galvalume \u00e0 rev\u00eatement color\u00e9 (PPGL)"},"content":{"rendered":"<p>Shandong Sino Metal Co. est une entreprise int\u00e9gr\u00e9e de premier plan dans le domaine de la transformation et du commerce en Chine, qui se concentre sur la production et la vente de bobines d'acier \u00e0 rev\u00eatement color\u00e9. Gr\u00e2ce \u00e0 leur qualit\u00e9 sup\u00e9rieure, nos produits sont largement reconnus par les clients.<br \/>\nVous \u00eates \u00e0 la recherche d'un fabricant de bobines d'acier galvanis\u00e9 pr\u00e9laqu\u00e9 en Chine ? Contactez Shandong Sino Metal d\u00e8s aujourd'hui et renforcez votre marque avec nos bobines d'acier galvanis\u00e9 pr\u00e9laqu\u00e9.<br \/>\n<strong>Qu'est-ce qu'un rouleau d'acier Galvalume pr\u00e9laqu\u00e9 ? Les bobines d'acier Galvalume pr\u00e9laqu\u00e9 Introduction<\/strong><br \/>\nIntroduire le mat\u00e9riau de base aluminium-zinc dans la ligne de production de rev\u00eatement. Appliquer d'abord l'appr\u00eat, puis la couche de finition pour garantir l'uniformit\u00e9 et l'adh\u00e9rence du rev\u00eatement. Les bobines d'aluminium-zinc rev\u00eatues d'une couche de couleur sont largement utilis\u00e9es dans la construction, l'\u00e9lectrom\u00e9nager et d'autres domaines.<br \/>\n<strong>Structure du rev\u00eatement de couleur<\/strong><br \/>\n<img fetchpriority=\"high\" decoding=\"async\" class=\"alignnone size-full wp-image-620\" src=\"http:\/\/cnsinometal.com\/wp-content\/uploads\/2025\/02\/\u56fe\u72472-2.jpg\" alt=\"\" width=\"984\" height=\"697\" srcset=\"https:\/\/cnsinometal.com\/wp-content\/uploads\/2025\/02\/\u56fe\u72472-2.jpg 984w, https:\/\/cnsinometal.com\/wp-content\/uploads\/2025\/02\/\u56fe\u72472-2-800x567.jpg 800w, https:\/\/cnsinometal.com\/wp-content\/uploads\/2025\/02\/\u56fe\u72472-2-300x213.jpg 300w, https:\/\/cnsinometal.com\/wp-content\/uploads\/2025\/02\/\u56fe\u72472-2-768x544.jpg 768w, https:\/\/cnsinometal.com\/wp-content\/uploads\/2025\/02\/\u56fe\u72472-2-18x12.jpg 18w\" sizes=\"(max-width: 984px) 100vw, 984px\" \/><br \/>\n<strong>\u00c0 propos de la ligne de production d'enduction de couleur<\/strong><br \/>\n<img decoding=\"async\" class=\"alignnone size-full wp-image-621\" src=\"http:\/\/cnsinometal.com\/wp-content\/uploads\/2025\/02\/\u56fe\u72473-2.jpg\" alt=\"\" width=\"541\" height=\"810\" srcset=\"https:\/\/cnsinometal.com\/wp-content\/uploads\/2025\/02\/\u56fe\u72473-2.jpg 541w, https:\/\/cnsinometal.com\/wp-content\/uploads\/2025\/02\/\u56fe\u72473-2-200x300.jpg 200w, https:\/\/cnsinometal.com\/wp-content\/uploads\/2025\/02\/\u56fe\u72473-2-8x12.jpg 8w\" sizes=\"(max-width: 541px) 100vw, 541px\" \/> <img decoding=\"async\" class=\"alignnone size-full wp-image-622\" src=\"http:\/\/cnsinometal.com\/wp-content\/uploads\/2025\/02\/\u56fe\u72474-1.jpg\" alt=\"\" width=\"616\" height=\"822\" srcset=\"https:\/\/cnsinometal.com\/wp-content\/uploads\/2025\/02\/\u56fe\u72474-1.jpg 616w, https:\/\/cnsinometal.com\/wp-content\/uploads\/2025\/02\/\u56fe\u72474-1-225x300.jpg 225w, https:\/\/cnsinometal.com\/wp-content\/uploads\/2025\/02\/\u56fe\u72474-1-9x12.jpg 9w\" sizes=\"(max-width: 616px) 100vw, 616px\" \/> <img loading=\"lazy\" decoding=\"async\" class=\"alignnone size-full wp-image-623\" src=\"http:\/\/cnsinometal.com\/wp-content\/uploads\/2025\/02\/\u56fe\u72475-1.jpg\" alt=\"\" width=\"485\" height=\"647\" srcset=\"https:\/\/cnsinometal.com\/wp-content\/uploads\/2025\/02\/\u56fe\u72475-1.jpg 485w, https:\/\/cnsinometal.com\/wp-content\/uploads\/2025\/02\/\u56fe\u72475-1-225x300.jpg 225w, https:\/\/cnsinometal.com\/wp-content\/uploads\/2025\/02\/\u56fe\u72475-1-9x12.jpg 9w\" sizes=\"(max-width: 485px) 100vw, 485px\" \/> <img loading=\"lazy\" decoding=\"async\" class=\"alignnone size-full wp-image-624\" src=\"http:\/\/cnsinometal.com\/wp-content\/uploads\/2025\/02\/\u56fe\u72476-1.jpg\" alt=\"\" width=\"490\" height=\"654\" srcset=\"https:\/\/cnsinometal.com\/wp-content\/uploads\/2025\/02\/\u56fe\u72476-1.jpg 490w, https:\/\/cnsinometal.com\/wp-content\/uploads\/2025\/02\/\u56fe\u72476-1-225x300.jpg 225w, https:\/\/cnsinometal.com\/wp-content\/uploads\/2025\/02\/\u56fe\u72476-1-9x12.jpg 9w\" sizes=\"(max-width: 490px) 100vw, 490px\" \/> <img loading=\"lazy\" decoding=\"async\" class=\"alignnone size-full wp-image-625\" src=\"http:\/\/cnsinometal.com\/wp-content\/uploads\/2025\/02\/\u56fe\u72477-1.jpg\" alt=\"\" width=\"488\" height=\"651\" srcset=\"https:\/\/cnsinometal.com\/wp-content\/uploads\/2025\/02\/\u56fe\u72477-1.jpg 488w, https:\/\/cnsinometal.com\/wp-content\/uploads\/2025\/02\/\u56fe\u72477-1-225x300.jpg 225w, https:\/\/cnsinometal.com\/wp-content\/uploads\/2025\/02\/\u56fe\u72477-1-9x12.jpg 9w\" sizes=\"(max-width: 488px) 100vw, 488px\" \/> <img loading=\"lazy\" decoding=\"async\" class=\"alignnone size-full wp-image-626\" src=\"http:\/\/cnsinometal.com\/wp-content\/uploads\/2025\/02\/\u56fe\u72478.jpg\" alt=\"\" width=\"481\" height=\"641\" srcset=\"https:\/\/cnsinometal.com\/wp-content\/uploads\/2025\/02\/\u56fe\u72478.jpg 481w, https:\/\/cnsinometal.com\/wp-content\/uploads\/2025\/02\/\u56fe\u72478-225x300.jpg 225w, https:\/\/cnsinometal.com\/wp-content\/uploads\/2025\/02\/\u56fe\u72478-9x12.jpg 9w\" sizes=\"(max-width: 481px) 100vw, 481px\" \/><br \/>\n<strong>Avantages et caract\u00e9ristiques des bobines d'acier aluminium-zinc rev\u00eatues d'une couche de couleur<\/strong><br \/>\n<strong>Avantages<\/strong><br \/>\n1. r\u00e9sistance sup\u00e9rieure \u00e0 la corrosion<br \/>\nL'aluminium-zinc (55% Al, 43.4% Zn,1.6% Si) combin\u00e9 \u00e0 une peinture organique offre une r\u00e9sistance \u00e0 la corrosion 2 \u00e0 6 fois sup\u00e9rieure \u00e0 celle de l'acier galvanis\u00e9, ce qui est id\u00e9al pour les zones c\u00f4ti\u00e8res\/industrielles.<br \/>\n2. tol\u00e9rance aux hautes temp\u00e9ratures<br \/>\nR\u00e9siste jusqu'\u00e0 600\u00b0C (\u00e0 court terme), convient aux applications expos\u00e9es \u00e0 la chaleur (par exemple, chemin\u00e9es, ext\u00e9rieurs de fours).<br \/>\n3. la polyvalence esth\u00e9tique<br \/>\nDisponible en PVDF\/SMP ou en rev\u00eatement polyester avec diverses couleurs (normes RAL\/Pantone), ce qui permet d'am\u00e9liorer la conception architecturale.<br \/>\n4. L\u00e9ger et tr\u00e8s r\u00e9sistant<br \/>\nLes aciers avanc\u00e9s \u00e0 haute r\u00e9sistance (AHSS) (par exemple, HX420LAD) r\u00e9duisent le poids de 15-20% tout en maintenant l'int\u00e9grit\u00e9 structurelle.<br \/>\n5. Dur\u00e9e de vie prolong\u00e9e<br \/>\nDur\u00e9e de vie de plus de 25 ans prouv\u00e9e par des essais sur le terrain (ISO 12944 classe C5-M), ce qui minimise les co\u00fbts de remplacement.<br \/>\nCaract\u00e9ristiques<br \/>\n1. Structure multicouche<br \/>\nM\u00e9tal de base (acier CRCA) + couche d'alliage Alu-Zinc + syst\u00e8me d'appr\u00eat\/couche de finition<br \/>\n2. Proc\u00e9d\u00e9 de rev\u00eatement en continu<br \/>\nLa galvanisation \u00e0 chaud suivie du rev\u00eatement des bobines permet un contr\u00f4le pr\u00e9cis de l'\u00e9paisseur.<br \/>\n3. Formabilit\u00e9<br \/>\nCompatible avec le profilage et le poin\u00e7onnage, certifi\u00e9 pour les profils complexes.<br \/>\n4. Respect de l'environnement<br \/>\nEnti\u00e8rement recyclables (certifi\u00e9s GRS), les rev\u00eatements \u00e0 faible teneur en COV r\u00e9pondent aux exigences LEED\/BREEAM.<br \/>\n5. Utilit\u00e9 intersectorielle<br \/>\nLargement utilis\u00e9 dans la construction (panneaux sandwich), les appareils \u00e9lectrom\u00e9nagers (tambours de machines \u00e0 laver) et l'automobile (composants HVAC).<br \/>\n<strong>\u00c0 propos de l'emballage<\/strong><br \/>\n1. emballage d'exportation standard en bon \u00e9tat de navigabilit\u00e9<br \/>\n2. emballage vertical ou horizontal<\/p>\n<p><img loading=\"lazy\" decoding=\"async\" class=\"alignnone size-full wp-image-627\" src=\"http:\/\/cnsinometal.com\/wp-content\/uploads\/2025\/02\/\u56fe\u72479.jpg\" alt=\"\" width=\"532\" height=\"710\" srcset=\"https:\/\/cnsinometal.com\/wp-content\/uploads\/2025\/02\/\u56fe\u72479.jpg 532w, https:\/\/cnsinometal.com\/wp-content\/uploads\/2025\/02\/\u56fe\u72479-225x300.jpg 225w, https:\/\/cnsinometal.com\/wp-content\/uploads\/2025\/02\/\u56fe\u72479-9x12.jpg 9w\" sizes=\"(max-width: 532px) 100vw, 532px\" \/> <img loading=\"lazy\" decoding=\"async\" class=\"alignnone size-full wp-image-628\" src=\"http:\/\/cnsinometal.com\/wp-content\/uploads\/2025\/02\/\u56fe\u724710.jpg\" alt=\"\" width=\"539\" height=\"720\" srcset=\"https:\/\/cnsinometal.com\/wp-content\/uploads\/2025\/02\/\u56fe\u724710.jpg 539w, https:\/\/cnsinometal.com\/wp-content\/uploads\/2025\/02\/\u56fe\u724710-225x300.jpg 225w, https:\/\/cnsinometal.com\/wp-content\/uploads\/2025\/02\/\u56fe\u724710-9x12.jpg 9w\" sizes=\"(max-width: 539px) 100vw, 539px\" \/> <img loading=\"lazy\" decoding=\"async\" class=\"alignnone size-full wp-image-629\" src=\"http:\/\/cnsinometal.com\/wp-content\/uploads\/2025\/02\/\u56fe\u724711.jpg\" alt=\"\" width=\"663\" height=\"651\" srcset=\"https:\/\/cnsinometal.com\/wp-content\/uploads\/2025\/02\/\u56fe\u724711.jpg 663w, https:\/\/cnsinometal.com\/wp-content\/uploads\/2025\/02\/\u56fe\u724711-300x295.jpg 300w, https:\/\/cnsinometal.com\/wp-content\/uploads\/2025\/02\/\u56fe\u724711-12x12.jpg 12w\" sizes=\"(max-width: 663px) 100vw, 663px\" \/> <img loading=\"lazy\" decoding=\"async\" class=\"alignnone size-full wp-image-630\" src=\"http:\/\/cnsinometal.com\/wp-content\/uploads\/2025\/02\/\u56fe\u724712.jpg\" alt=\"\" width=\"495\" height=\"657\" srcset=\"https:\/\/cnsinometal.com\/wp-content\/uploads\/2025\/02\/\u56fe\u724712.jpg 495w, https:\/\/cnsinometal.com\/wp-content\/uploads\/2025\/02\/\u56fe\u724712-226x300.jpg 226w, https:\/\/cnsinometal.com\/wp-content\/uploads\/2025\/02\/\u56fe\u724712-9x12.jpg 9w\" sizes=\"(max-width: 495px) 100vw, 495px\" \/><\/p>","protected":false},"excerpt":{"rendered":"<p>\u00c9paisseur : 0,16 mm-1,2 mm<br \/>\nLargeur : 50mm-1500mm<br \/>\nDiam\u00e8tre int\u00e9rieur : 508 mm<br \/>\nM\u00e9tal de base : bobine d'acier aluminium-zinc<\/p>","protected":false},"featured_media":277,"comment_status":"open","ping_status":"closed","template":"","meta":{"_kadence_starter_templates_imported_post":false,"_kad_post_transparent":"default","_kad_post_title":"","_kad_post_layout":"default","_kad_post_sidebar_id":"","_kad_post_content_style":"default","_kad_post_vertical_padding":"default","_kad_post_feature":"","_kad_post_feature_position":"","_kad_post_header":false,"_kad_post_footer":false},"product_brand":[],"product_cat":[30],"product_tag":[],"class_list":{"0":"post-618","1":"product","2":"type-product","3":"status-publish","4":"has-post-thumbnail","6":"product_cat-pre-painted-galvalume-steel-coil-ppgl","8":"first","9":"instock","10":"shipping-taxable","11":"product-type-simple","12":"entry","13":"content-bg","14":"loop-entry"},"jetpack_sharing_enabled":true,"_links":{"self":[{"href":"https:\/\/cnsinometal.com\/fr\/wp-json\/wp\/v2\/product\/618","targetHints":{"allow":["GET"]}}],"collection":[{"href":"https:\/\/cnsinometal.com\/fr\/wp-json\/wp\/v2\/product"}],"about":[{"href":"https:\/\/cnsinometal.com\/fr\/wp-json\/wp\/v2\/types\/product"}],"replies":[{"embeddable":true,"href":"https:\/\/cnsinometal.com\/fr\/wp-json\/wp\/v2\/comments?post=618"}],"wp:featuredmedia":[{"embeddable":true,"href":"https:\/\/cnsinometal.com\/fr\/wp-json\/wp\/v2\/media\/277"}],"wp:attachment":[{"href":"https:\/\/cnsinometal.com\/fr\/wp-json\/wp\/v2\/media?parent=618"}],"wp:term":[{"taxonomy":"product_brand","embeddable":true,"href":"https:\/\/cnsinometal.com\/fr\/wp-json\/wp\/v2\/product_brand?post=618"},{"taxonomy":"product_cat","embeddable":true,"href":"https:\/\/cnsinometal.com\/fr\/wp-json\/wp\/v2\/product_cat?post=618"},{"taxonomy":"product_tag","embeddable":true,"href":"https:\/\/cnsinometal.com\/fr\/wp-json\/wp\/v2\/product_tag?post=618"}],"curies":[{"name":"wp","href":"https:\/\/api.w.org\/{rel}","templated":true}]}}