{"id":606,"date":"2025-02-17T17:29:00","date_gmt":"2025-02-17T09:29:00","guid":{"rendered":"http:\/\/cnsinometal.com\/?post_type=product&#038;p=606"},"modified":"2025-02-17T17:29:00","modified_gmt":"2025-02-17T09:29:00","slug":"ral3011-ppgi-ppgl-roofing-sheet","status":"publish","type":"product","link":"https:\/\/cnsinometal.com\/fr\/produit\/ral3011-ppgi-ppgl-roofing-sheet\/","title":{"rendered":"RAL3011 PPGI\/PPGL Plaque de toiture"},"content":{"rendered":"<p>Shandong Sino Metal Co. est une entreprise int\u00e9gr\u00e9e de premier plan dans le domaine de la transformation et du commerce en Chine, qui se concentre sur la production et la vente de bobines d'acier \u00e0 rev\u00eatement color\u00e9. Gr\u00e2ce \u00e0 leur qualit\u00e9 sup\u00e9rieure, nos produits sont largement reconnus par les clients.<br \/>\nVous recherchez un fabricant de t\u00f4les de toiture en Chine ? Contactez Shandong Sino Metal d\u00e8s aujourd'hui et dynamisez votre marque avec nos plaques de toiture.<br \/>\n<strong>A propos des plaques de toiture PPGI\/PPGL<\/strong><br \/>\nLes t\u00f4les de toiture offrent beaut\u00e9 et durabilit\u00e9 pour r\u00e9pondre \u00e0 tous vos besoins agricoles, r\u00e9sidentiels et commerciaux. En tant que fournisseur en gros et fabricant en Chine, Shandong Sino Metal dispose d'une usine qui lui permet de fournir des t\u00f4les de toiture de diff\u00e9rentes conceptions et tailles. En outre, les couleurs et les motifs sont personnalisables.<br \/>\n<strong>Ligne de production<\/strong><\/p>\n<p><img fetchpriority=\"high\" decoding=\"async\" class=\"alignnone size-medium wp-image-611\" src=\"http:\/\/cnsinometal.com\/wp-content\/uploads\/2025\/02\/\u56fe\u72471-1-225x300.jpg\" alt=\"\" width=\"225\" height=\"300\" srcset=\"https:\/\/cnsinometal.com\/wp-content\/uploads\/2025\/02\/\u56fe\u72471-1-225x300.jpg 225w, https:\/\/cnsinometal.com\/wp-content\/uploads\/2025\/02\/\u56fe\u72471-1-800x1067.jpg 800w, https:\/\/cnsinometal.com\/wp-content\/uploads\/2025\/02\/\u56fe\u72471-1-768x1024.jpg 768w, https:\/\/cnsinometal.com\/wp-content\/uploads\/2025\/02\/\u56fe\u72471-1-1152x1536.jpg 1152w, https:\/\/cnsinometal.com\/wp-content\/uploads\/2025\/02\/\u56fe\u72471-1-9x12.jpg 9w, https:\/\/cnsinometal.com\/wp-content\/uploads\/2025\/02\/\u56fe\u72471-1.jpg 1279w\" sizes=\"(max-width: 225px) 100vw, 225px\" \/><\/p>\n<p><img decoding=\"async\" class=\"alignnone size-medium wp-image-612\" src=\"http:\/\/cnsinometal.com\/wp-content\/uploads\/2025\/02\/\u56fe\u72472-1-300x225.jpg\" alt=\"\" width=\"300\" height=\"225\" srcset=\"https:\/\/cnsinometal.com\/wp-content\/uploads\/2025\/02\/\u56fe\u72472-1-300x225.jpg 300w, https:\/\/cnsinometal.com\/wp-content\/uploads\/2025\/02\/\u56fe\u72472-1-800x600.jpg 800w, https:\/\/cnsinometal.com\/wp-content\/uploads\/2025\/02\/\u56fe\u72472-1-1024x768.jpg 1024w, https:\/\/cnsinometal.com\/wp-content\/uploads\/2025\/02\/\u56fe\u72472-1-768x576.jpg 768w, https:\/\/cnsinometal.com\/wp-content\/uploads\/2025\/02\/\u56fe\u72472-1-16x12.jpg 16w, https:\/\/cnsinometal.com\/wp-content\/uploads\/2025\/02\/\u56fe\u72472-1.jpg 1200w\" sizes=\"(max-width: 300px) 100vw, 300px\" \/><\/p>\n<p><img decoding=\"async\" class=\"alignnone size-medium wp-image-613\" src=\"http:\/\/cnsinometal.com\/wp-content\/uploads\/2025\/02\/\u56fe\u72473-1-300x225.jpg\" alt=\"\" width=\"300\" height=\"225\" srcset=\"https:\/\/cnsinometal.com\/wp-content\/uploads\/2025\/02\/\u56fe\u72473-1-300x225.jpg 300w, https:\/\/cnsinometal.com\/wp-content\/uploads\/2025\/02\/\u56fe\u72473-1-800x600.jpg 800w, https:\/\/cnsinometal.com\/wp-content\/uploads\/2025\/02\/\u56fe\u72473-1-1024x768.jpg 1024w, https:\/\/cnsinometal.com\/wp-content\/uploads\/2025\/02\/\u56fe\u72473-1-768x576.jpg 768w, https:\/\/cnsinometal.com\/wp-content\/uploads\/2025\/02\/\u56fe\u72473-1-16x12.jpg 16w, https:\/\/cnsinometal.com\/wp-content\/uploads\/2025\/02\/\u56fe\u72473-1.jpg 1200w\" sizes=\"(max-width: 300px) 100vw, 300px\" \/><\/p>\n<p><strong>Application des plaques de toiture PPGI\/PPGL<\/strong><br \/>\n1. Les applications agricoles comprennent, entre autres, les serres, les poulaillers, les \u00e9tables, les greniers \u00e0 foin et les granges.<br \/>\n2. Les applications r\u00e9sidentielles comprennent les maisons, les maisons de fortune, les appartements, les tours, les garages, les hangars de stockage, etc.<br \/>\n3. Applications commerciales, par exemple usines, entrep\u00f4ts, usines de fabrication, grands magasins, immeubles de bureaux, etc.<br \/>\n4. Les b\u00e2timents publics, tels que les cin\u00e9mas, les salles d'exposition, les gymnases, les terminaux, les \u00e9coles et les h\u00f4pitaux.<\/p>\n<p><strong>Avantages des plaques de toiture PPGI\/PPGL<\/strong><br \/>\n1. longue dur\u00e9e de vie<br \/>\n2. r\u00e9duction du bruit et isolation thermique<br \/>\n3. faible co\u00fbt d'installation<br \/>\n4. belle apparence<br \/>\n5. Bonne performance de drainage<br \/>\n6. d'excellentes performances en mati\u00e8re de s\u00e9curit\u00e9<\/p>\n<p><strong>A propos de l'emballage et du chargement<\/strong><\/p>\n<p><img loading=\"lazy\" decoding=\"async\" class=\"alignnone size-medium wp-image-614\" src=\"http:\/\/cnsinometal.com\/wp-content\/uploads\/2025\/02\/\u56fe\u72474-300x135.jpg\" alt=\"\" width=\"300\" height=\"135\" srcset=\"https:\/\/cnsinometal.com\/wp-content\/uploads\/2025\/02\/\u56fe\u72474-300x135.jpg 300w, https:\/\/cnsinometal.com\/wp-content\/uploads\/2025\/02\/\u56fe\u72474-800x360.jpg 800w, https:\/\/cnsinometal.com\/wp-content\/uploads\/2025\/02\/\u56fe\u72474-1024x461.jpg 1024w, https:\/\/cnsinometal.com\/wp-content\/uploads\/2025\/02\/\u56fe\u72474-768x346.jpg 768w, https:\/\/cnsinometal.com\/wp-content\/uploads\/2025\/02\/\u56fe\u72474-18x8.jpg 18w, https:\/\/cnsinometal.com\/wp-content\/uploads\/2025\/02\/\u56fe\u72474.jpg 1264w\" sizes=\"(max-width: 300px) 100vw, 300px\" \/><\/p>\n<p><img loading=\"lazy\" decoding=\"async\" class=\"alignnone size-medium wp-image-615\" src=\"http:\/\/cnsinometal.com\/wp-content\/uploads\/2025\/02\/\u56fe\u72475-300x225.jpg\" alt=\"\" width=\"300\" height=\"225\" srcset=\"https:\/\/cnsinometal.com\/wp-content\/uploads\/2025\/02\/\u56fe\u72475-300x225.jpg 300w, https:\/\/cnsinometal.com\/wp-content\/uploads\/2025\/02\/\u56fe\u72475-16x12.jpg 16w, https:\/\/cnsinometal.com\/wp-content\/uploads\/2025\/02\/\u56fe\u72475.jpg 532w\" sizes=\"(max-width: 300px) 100vw, 300px\" \/><\/p>\n<p><img loading=\"lazy\" decoding=\"async\" class=\"alignnone size-medium wp-image-616\" src=\"http:\/\/cnsinometal.com\/wp-content\/uploads\/2025\/02\/\u56fe\u72476-300x225.jpg\" alt=\"\" width=\"300\" height=\"225\" srcset=\"https:\/\/cnsinometal.com\/wp-content\/uploads\/2025\/02\/\u56fe\u72476-300x225.jpg 300w, https:\/\/cnsinometal.com\/wp-content\/uploads\/2025\/02\/\u56fe\u72476-16x12.jpg 16w, https:\/\/cnsinometal.com\/wp-content\/uploads\/2025\/02\/\u56fe\u72476.jpg 560w\" sizes=\"(max-width: 300px) 100vw, 300px\" \/><\/p>\n<p><img loading=\"lazy\" decoding=\"async\" class=\"alignnone size-medium wp-image-617\" src=\"http:\/\/cnsinometal.com\/wp-content\/uploads\/2025\/02\/\u56fe\u72477-300x225.jpg\" alt=\"\" width=\"300\" height=\"225\" srcset=\"https:\/\/cnsinometal.com\/wp-content\/uploads\/2025\/02\/\u56fe\u72477-300x225.jpg 300w, https:\/\/cnsinometal.com\/wp-content\/uploads\/2025\/02\/\u56fe\u72477-800x600.jpg 800w, https:\/\/cnsinometal.com\/wp-content\/uploads\/2025\/02\/\u56fe\u72477-1024x768.jpg 1024w, https:\/\/cnsinometal.com\/wp-content\/uploads\/2025\/02\/\u56fe\u72477-768x576.jpg 768w, https:\/\/cnsinometal.com\/wp-content\/uploads\/2025\/02\/\u56fe\u72477-16x12.jpg 16w, https:\/\/cnsinometal.com\/wp-content\/uploads\/2025\/02\/\u56fe\u72477.jpg 1259w\" sizes=\"(max-width: 300px) 100vw, 300px\" \/><\/p>","protected":false},"excerpt":{"rendered":"<p>\u00c9paisseur : 0,20 mm-0,8 mm<br \/>\nLargeur : 600 mm-1250 mm<br \/>\nMotif : vague, trap\u00e8ze, tuile, etc.<br \/>\nCouleur : RAL3011<\/p>","protected":false},"featured_media":607,"comment_status":"open","ping_status":"closed","template":"","meta":{"_kadence_starter_templates_imported_post":false,"_kad_post_transparent":"default","_kad_post_title":"","_kad_post_layout":"default","_kad_post_sidebar_id":"","_kad_post_content_style":"default","_kad_post_vertical_padding":"default","_kad_post_feature":"","_kad_post_feature_position":"","_kad_post_header":false,"_kad_post_footer":false},"product_brand":[],"product_cat":[32],"product_tag":[],"class_list":{"0":"post-606","1":"product","2":"type-product","3":"status-publish","4":"has-post-thumbnail","6":"product_cat-roofing-sheet","8":"first","9":"instock","10":"shipping-taxable","11":"product-type-simple","12":"entry","13":"content-bg","14":"loop-entry"},"jetpack_sharing_enabled":true,"_links":{"self":[{"href":"https:\/\/cnsinometal.com\/fr\/wp-json\/wp\/v2\/product\/606","targetHints":{"allow":["GET"]}}],"collection":[{"href":"https:\/\/cnsinometal.com\/fr\/wp-json\/wp\/v2\/product"}],"about":[{"href":"https:\/\/cnsinometal.com\/fr\/wp-json\/wp\/v2\/types\/product"}],"replies":[{"embeddable":true,"href":"https:\/\/cnsinometal.com\/fr\/wp-json\/wp\/v2\/comments?post=606"}],"wp:featuredmedia":[{"embeddable":true,"href":"https:\/\/cnsinometal.com\/fr\/wp-json\/wp\/v2\/media\/607"}],"wp:attachment":[{"href":"https:\/\/cnsinometal.com\/fr\/wp-json\/wp\/v2\/media?parent=606"}],"wp:term":[{"taxonomy":"product_brand","embeddable":true,"href":"https:\/\/cnsinometal.com\/fr\/wp-json\/wp\/v2\/product_brand?post=606"},{"taxonomy":"product_cat","embeddable":true,"href":"https:\/\/cnsinometal.com\/fr\/wp-json\/wp\/v2\/product_cat?post=606"},{"taxonomy":"product_tag","embeddable":true,"href":"https:\/\/cnsinometal.com\/fr\/wp-json\/wp\/v2\/product_tag?post=606"}],"curies":[{"name":"wp","href":"https:\/\/api.w.org\/{rel}","templated":true}]}}