{"id":603,"date":"2025-02-17T16:22:13","date_gmt":"2025-02-17T08:22:13","guid":{"rendered":"http:\/\/cnsinometal.com\/?post_type=product&#038;p=603"},"modified":"2025-02-17T16:41:06","modified_gmt":"2025-02-17T08:41:06","slug":"wrinkle-ppgi-sheet","status":"publish","type":"product","link":"https:\/\/cnsinometal.com\/fr\/produit\/wrinkle-ppgi-sheet\/","title":{"rendered":"T\u00f4le PPGI ondul\u00e9e"},"content":{"rendered":"<p>Shandong Sino Metal Co. est une entreprise int\u00e9gr\u00e9e de premier plan dans le domaine de la transformation et du commerce en Chine, qui se concentre sur la production et la vente de bobines d'acier \u00e0 rev\u00eatement color\u00e9. Gr\u00e2ce \u00e0 leur qualit\u00e9 sup\u00e9rieure, nos produits sont largement reconnus par les clients.<\/p>\r\n\r\n\r\n\r\n<p>Vous recherchez un fabricant de t\u00f4les de toiture en Chine ? Contactez Shandong Sino Metal d\u00e8s aujourd'hui et dynamisez votre marque avec nos plaques de toiture.<\/p>\r\n\r\n\r\n\r\n<p><strong>A propos des plaques de toiture PPGI\/PPGL<\/strong><\/p>\r\n\r\n\r\n\r\n<p>Les t\u00f4les de toiture offrent beaut\u00e9 et durabilit\u00e9 pour r\u00e9pondre \u00e0 tous vos besoins agricoles, r\u00e9sidentiels et commerciaux. En tant que fournisseur en gros et fabricant en Chine, Shandong Sino Metal dispose d'une usine qui lui permet de fournir des t\u00f4les de toiture de diff\u00e9rentes conceptions et tailles. En outre, les couleurs et les motifs sont personnalisables.<\/p>\r\n\r\n\r\n\r\n<p><strong>Ligne de production<\/strong><\/p>\r\n\r\n\r\n\r\n<figure class=\"wp-block-image size-large\"><img fetchpriority=\"high\" decoding=\"async\" width=\"1024\" height=\"816\" class=\"wp-image-592\" src=\"http:\/\/cnsinometal.com\/wp-content\/uploads\/2025\/02\/\u672a\u6807\u9898-8_02-1024x816.jpg\" alt=\"\" srcset=\"https:\/\/cnsinometal.com\/wp-content\/uploads\/2025\/02\/\u672a\u6807\u9898-8_02-1024x816.jpg 1024w, https:\/\/cnsinometal.com\/wp-content\/uploads\/2025\/02\/\u672a\u6807\u9898-8_02-800x637.jpg 800w, https:\/\/cnsinometal.com\/wp-content\/uploads\/2025\/02\/\u672a\u6807\u9898-8_02-300x239.jpg 300w, https:\/\/cnsinometal.com\/wp-content\/uploads\/2025\/02\/\u672a\u6807\u9898-8_02-768x612.jpg 768w, https:\/\/cnsinometal.com\/wp-content\/uploads\/2025\/02\/\u672a\u6807\u9898-8_02-15x12.jpg 15w, https:\/\/cnsinometal.com\/wp-content\/uploads\/2025\/02\/\u672a\u6807\u9898-8_02.jpg 1200w\" sizes=\"(max-width: 1024px) 100vw, 1024px\" \/><\/figure>\r\n\r\n\r\n\r\n<p><strong>Application des plaques de toiture PPGI\/PPGL<\/strong><\/p>\r\n\r\n\r\n\r\n<p>1. Les applications agricoles comprennent, entre autres, les serres, les poulaillers, les \u00e9tables, les greniers \u00e0 foin et les granges.<\/p>\r\n\r\n\r\n\r\n<p>2. Les applications r\u00e9sidentielles comprennent les maisons, les maisons de fortune, les appartements, les tours, les garages, les hangars de stockage, etc.<\/p>\r\n\r\n\r\n\r\n<p>3. Applications commerciales, par exemple usines, entrep\u00f4ts, usines de fabrication, grands magasins, immeubles de bureaux, etc.<\/p>\r\n\r\n\r\n\r\n<p>4. Les b\u00e2timents publics, tels que les cin\u00e9mas, les salles d'exposition, les gymnases, les terminaux, les \u00e9coles et les h\u00f4pitaux.<\/p>\r\n\r\n\r\n\r\n<p><strong>Avantages des plaques de toiture PPGI\/PPGL<\/strong><\/p>\r\n\r\n\r\n\r\n<ol class=\"wp-block-list\">\r\n<li>Longue dur\u00e9e de vie<\/li>\r\n\r\n\r\n\r\n<li>R\u00e9duction du bruit et isolation thermique<\/li>\r\n\r\n\r\n\r\n<li>Faible co\u00fbt d'installation<\/li>\r\n\r\n\r\n\r\n<li>Belle apparence<\/li>\r\n\r\n\r\n\r\n<li>Bonne performance en mati\u00e8re de drainage<\/li>\r\n\r\n\r\n\r\n<li>Excellentes performances en mati\u00e8re de s\u00e9curit\u00e9<\/li>\r\n<\/ol>\r\n\r\n\r\n\r\n<h3 class=\"wp-block-heading\"><strong>A propos de l'emballage et du chargement<\/strong><\/h3>\r\n<p><img decoding=\"async\" class=\"wp-image-571 alignnone\" src=\"http:\/\/cnsinometal.com\/wp-content\/uploads\/2025\/02\/\u5fae\u4fe1\u56fe\u7247_202405101127491-300x225.jpg\" alt=\"\" width=\"600\" height=\"450\" srcset=\"https:\/\/cnsinometal.com\/wp-content\/uploads\/2025\/02\/\u5fae\u4fe1\u56fe\u7247_202405101127491-300x225.jpg 300w, https:\/\/cnsinometal.com\/wp-content\/uploads\/2025\/02\/\u5fae\u4fe1\u56fe\u7247_202405101127491-800x600.jpg 800w, https:\/\/cnsinometal.com\/wp-content\/uploads\/2025\/02\/\u5fae\u4fe1\u56fe\u7247_202405101127491-1024x768.jpg 1024w, https:\/\/cnsinometal.com\/wp-content\/uploads\/2025\/02\/\u5fae\u4fe1\u56fe\u7247_202405101127491-768x576.jpg 768w, https:\/\/cnsinometal.com\/wp-content\/uploads\/2025\/02\/\u5fae\u4fe1\u56fe\u7247_202405101127491-1536x1152.jpg 1536w, https:\/\/cnsinometal.com\/wp-content\/uploads\/2025\/02\/\u5fae\u4fe1\u56fe\u7247_202405101127491-2048x1536.jpg 2048w, https:\/\/cnsinometal.com\/wp-content\/uploads\/2025\/02\/\u5fae\u4fe1\u56fe\u7247_202405101127491-16x12.jpg 16w\" sizes=\"(max-width: 600px) 100vw, 600px\" \/><br \/><img decoding=\"async\" class=\"wp-image-575 alignnone\" src=\"http:\/\/cnsinometal.com\/wp-content\/uploads\/2025\/02\/\u5fae\u4fe1\u56fe\u7247_202405101128011-1-300x225.jpg\" alt=\"\" width=\"600\" height=\"450\" srcset=\"https:\/\/cnsinometal.com\/wp-content\/uploads\/2025\/02\/\u5fae\u4fe1\u56fe\u7247_202405101128011-1-300x225.jpg 300w, https:\/\/cnsinometal.com\/wp-content\/uploads\/2025\/02\/\u5fae\u4fe1\u56fe\u7247_202405101128011-1-800x600.jpg 800w, https:\/\/cnsinometal.com\/wp-content\/uploads\/2025\/02\/\u5fae\u4fe1\u56fe\u7247_202405101128011-1-1024x768.jpg 1024w, https:\/\/cnsinometal.com\/wp-content\/uploads\/2025\/02\/\u5fae\u4fe1\u56fe\u7247_202405101128011-1-768x576.jpg 768w, https:\/\/cnsinometal.com\/wp-content\/uploads\/2025\/02\/\u5fae\u4fe1\u56fe\u7247_202405101128011-1-1536x1152.jpg 1536w, https:\/\/cnsinometal.com\/wp-content\/uploads\/2025\/02\/\u5fae\u4fe1\u56fe\u7247_202405101128011-1-2048x1536.jpg 2048w, https:\/\/cnsinometal.com\/wp-content\/uploads\/2025\/02\/\u5fae\u4fe1\u56fe\u7247_202405101128011-1-16x12.jpg 16w\" sizes=\"(max-width: 600px) 100vw, 600px\" \/><img loading=\"lazy\" decoding=\"async\" class=\"wp-image-576 alignleft\" src=\"http:\/\/cnsinometal.com\/wp-content\/uploads\/2025\/02\/\u5fae\u4fe1\u56fe\u7247_202405101127581-300x225.jpg\" alt=\"\" width=\"600\" height=\"450\" srcset=\"https:\/\/cnsinometal.com\/wp-content\/uploads\/2025\/02\/\u5fae\u4fe1\u56fe\u7247_202405101127581-300x225.jpg 300w, https:\/\/cnsinometal.com\/wp-content\/uploads\/2025\/02\/\u5fae\u4fe1\u56fe\u7247_202405101127581-800x600.jpg 800w, https:\/\/cnsinometal.com\/wp-content\/uploads\/2025\/02\/\u5fae\u4fe1\u56fe\u7247_202405101127581-1024x768.jpg 1024w, https:\/\/cnsinometal.com\/wp-content\/uploads\/2025\/02\/\u5fae\u4fe1\u56fe\u7247_202405101127581-768x576.jpg 768w, https:\/\/cnsinometal.com\/wp-content\/uploads\/2025\/02\/\u5fae\u4fe1\u56fe\u7247_202405101127581-1536x1152.jpg 1536w\" sizes=\"(max-width: 600px) 100vw, 600px\" \/><img loading=\"lazy\" decoding=\"async\" class=\"wp-image-577 alignleft\" src=\"http:\/\/cnsinometal.com\/wp-content\/uploads\/2025\/02\/\u5fae\u4fe1\u56fe\u7247_202412031129001-300x225.jpg\" alt=\"\" width=\"600\" height=\"450\" srcset=\"https:\/\/cnsinometal.com\/wp-content\/uploads\/2025\/02\/\u5fae\u4fe1\u56fe\u7247_202412031129001-300x225.jpg 300w, https:\/\/cnsinometal.com\/wp-content\/uploads\/2025\/02\/\u5fae\u4fe1\u56fe\u7247_202412031129001-800x600.jpg 800w, https:\/\/cnsinometal.com\/wp-content\/uploads\/2025\/02\/\u5fae\u4fe1\u56fe\u7247_202412031129001-1024x768.jpg 1024w, https:\/\/cnsinometal.com\/wp-content\/uploads\/2025\/02\/\u5fae\u4fe1\u56fe\u7247_202412031129001-768x576.jpg 768w, https:\/\/cnsinometal.com\/wp-content\/uploads\/2025\/02\/\u5fae\u4fe1\u56fe\u7247_202412031129001-1536x1152.jpg 1536w, https:\/\/cnsinometal.com\/wp-content\/uploads\/2025\/02\/\u5fae\u4fe1\u56fe\u7247_202412031129001-2048x1536.jpg 2048w, https:\/\/cnsinometal.com\/wp-content\/uploads\/2025\/02\/\u5fae\u4fe1\u56fe\u7247_202412031129001-16x12.jpg 16w\" sizes=\"(max-width: 600px) 100vw, 600px\" \/><\/p>","protected":false},"excerpt":{"rendered":"<p class=\"MsoNormal\"><span style=\"mso-spacerun: 'yes'; font-family: \u5b8b\u4f53; mso-ascii-font-family: Arial; mso-hansi-font-family: Arial; mso-bidi-font-family: Arial; font-size: 14.0000pt; mso-font-kerning: 1.0000pt;\"><span style=\"font-family: Arial;\">\u00c9paisseur : 0,20 mm-0,8 mm<\/span><\/span><\/p>\n<p class=\"MsoNormal\"><span style=\"mso-spacerun: 'yes'; font-family: \u5b8b\u4f53; mso-ascii-font-family: Arial; mso-hansi-font-family: Arial; mso-bidi-font-family: Arial; font-size: 14.0000pt; mso-font-kerning: 1.0000pt;\"><span style=\"font-family: Arial;\">Largeur : 600 mm-1250 mm<\/span><\/span><\/p>\n<p class=\"MsoNormal\"><span style=\"mso-spacerun: 'yes'; font-family: \u5b8b\u4f53; mso-ascii-font-family: Arial; mso-hansi-font-family: Arial; mso-bidi-font-family: Arial; font-size: 14.0000pt; mso-font-kerning: 1.0000pt;\"><span style=\"font-family: Arial;\">Motif : vague, trap\u00e8ze, tuile, etc.<\/span><\/span><\/p>\n<p class=\"MsoNormal\"><span style=\"mso-spacerun: 'yes'; font-family: \u5b8b\u4f53; mso-ascii-font-family: Arial; mso-hansi-font-family: Arial; mso-bidi-font-family: Arial; font-size: 14.0000pt; mso-font-kerning: 1.0000pt;\"><span style=\"font-family: Arial;\">Couleur : Wrinkle\u00a0<\/span><\/span><\/p>","protected":false},"featured_media":476,"comment_status":"open","ping_status":"closed","template":"","meta":{"_kadence_starter_templates_imported_post":false,"_kad_post_transparent":"default","_kad_post_title":"","_kad_post_layout":"default","_kad_post_sidebar_id":"","_kad_post_content_style":"default","_kad_post_vertical_padding":"default","_kad_post_feature":"","_kad_post_feature_position":"","_kad_post_header":false,"_kad_post_footer":false},"product_brand":[],"product_cat":[32,22],"product_tag":[],"class_list":{"0":"post-603","1":"product","2":"type-product","3":"status-publish","4":"has-post-thumbnail","6":"product_cat-roofing-sheet","7":"product_cat-uncategorized","9":"first","10":"instock","11":"shipping-taxable","12":"product-type-simple","13":"entry","14":"content-bg","15":"loop-entry"},"jetpack_sharing_enabled":true,"_links":{"self":[{"href":"https:\/\/cnsinometal.com\/fr\/wp-json\/wp\/v2\/product\/603","targetHints":{"allow":["GET"]}}],"collection":[{"href":"https:\/\/cnsinometal.com\/fr\/wp-json\/wp\/v2\/product"}],"about":[{"href":"https:\/\/cnsinometal.com\/fr\/wp-json\/wp\/v2\/types\/product"}],"replies":[{"embeddable":true,"href":"https:\/\/cnsinometal.com\/fr\/wp-json\/wp\/v2\/comments?post=603"}],"wp:featuredmedia":[{"embeddable":true,"href":"https:\/\/cnsinometal.com\/fr\/wp-json\/wp\/v2\/media\/476"}],"wp:attachment":[{"href":"https:\/\/cnsinometal.com\/fr\/wp-json\/wp\/v2\/media?parent=603"}],"wp:term":[{"taxonomy":"product_brand","embeddable":true,"href":"https:\/\/cnsinometal.com\/fr\/wp-json\/wp\/v2\/product_brand?post=603"},{"taxonomy":"product_cat","embeddable":true,"href":"https:\/\/cnsinometal.com\/fr\/wp-json\/wp\/v2\/product_cat?post=603"},{"taxonomy":"product_tag","embeddable":true,"href":"https:\/\/cnsinometal.com\/fr\/wp-json\/wp\/v2\/product_tag?post=603"}],"curies":[{"name":"wp","href":"https:\/\/api.w.org\/{rel}","templated":true}]}}