{"id":563,"date":"2025-02-12T13:53:55","date_gmt":"2025-02-12T05:53:55","guid":{"rendered":"http:\/\/cnsinometal.com\/?post_type=product&#038;p=563"},"modified":"2025-08-19T16:00:22","modified_gmt":"2025-08-19T08:00:22","slug":"ppgi-ppgl-roofing-sheet","status":"publish","type":"product","link":"https:\/\/cnsinometal.com\/fr\/produit\/ppgi-ppgl-roofing-sheet\/","title":{"rendered":"Plaque de couverture PPGI\/PPGL"},"content":{"rendered":"<h3>T\u00f4le d'acier pr\u00e9laqu\u00e9<\/h3>\n<table style=\"border-collapse: collapse; width: 516.02pt;\" border=\"0\" width=\"688\" cellspacing=\"0\" cellpadding=\"0\">\n<tbody>\n<tr style=\"height: 18.75pt;\">\n<td class=\"et2\" style=\"height: 18.75pt; width: 108.00pt;\" width=\"144\" height=\"25\">Objet<\/td>\n<td class=\"et2\" style=\"width: 408.00pt;\" width=\"544\">T\u00f4le d'acier pr\u00e9patin\u00e9e<\/td>\n<\/tr>\n<tr style=\"height: 18.75pt;\">\n<td class=\"et3\" style=\"height: 18.75pt;\" height=\"25\">Substrat<\/td>\n<td class=\"et3\">PPGI\/PPGL<\/td>\n<\/tr>\n<tr style=\"height: 18.75pt;\">\n<td class=\"et3\" style=\"height: 18.75pt;\" height=\"25\">\u00c9paisseur<\/td>\n<td class=\"et3\">0,16 mm-1,2 mm<\/td>\n<\/tr>\n<tr style=\"height: 18.75pt;\">\n<td class=\"et3\" style=\"height: 18.75pt;\" height=\"25\">Largeur<\/td>\n<td class=\"et3\">600mm-1250mm<\/td>\n<\/tr>\n<tr style=\"height: 18.75pt;\">\n<td class=\"et3\" style=\"height: 18.75pt;\" height=\"25\">Longueur<\/td>\n<td class=\"et3\">Selon vos besoins<\/td>\n<\/tr>\n<tr style=\"height: 18.75pt;\">\n<td class=\"et3\" style=\"height: 18.75pt;\" height=\"25\">Types de peinture<\/td>\n<td class=\"et3\">PE,SMP,HDP,PVDF<\/td>\n<\/tr>\n<tr style=\"height: 18.75pt;\">\n<td class=\"et3\" style=\"height: 18.75pt;\" height=\"25\">Couleur<\/td>\n<td class=\"et3\">Couleur du syst\u00e8me RAL<\/td>\n<\/tr>\n<tr style=\"height: 18.75pt;\">\n<td class=\"et3\" style=\"height: 18.75pt;\" height=\"25\">Paquet<\/td>\n<td class=\"et3\">Emballage d'exportation standard ou selon vos besoins<\/td>\n<\/tr>\n<\/tbody>\n<\/table>\n<p>Shandong Sino Metal Co. est une entreprise int\u00e9gr\u00e9e de premier plan dans le domaine de la transformation et du commerce en Chine, qui se concentre sur la production et la vente de bobines d'acier \u00e0 rev\u00eatement color\u00e9. Gr\u00e2ce \u00e0 leur qualit\u00e9 sup\u00e9rieure, nos produits sont largement reconnus par les clients.<\/p>\n<p>Vous recherchez un fabricant de t\u00f4les de couverture en Chine ? Contact <span style=\"color: #ff0000;\"><strong>Shandong Sino Metal<\/strong><\/span>\u00a0aujourd'hui et dynamisez votre marque avec nos plaques de toiture<\/p>\n<h3><strong><b>A propos de <\/b><\/strong>T\u00f4le d'acier pr\u00e9laqu\u00e9<\/h3>\n<p>Les t\u00f4les de toiture offrent beaut\u00e9 et durabilit\u00e9 pour r\u00e9pondre \u00e0 tous vos besoins agricoles, r\u00e9sidentiels et commerciaux. En tant que fournisseur en gros et fabricant en Chine, Shandong Sino Metal dispose d'une usine qui lui permet de fournir des t\u00f4les de toiture de diff\u00e9rentes conceptions et tailles. En outre, les couleurs et les motifs sont personnalisables.<\/p>\n<h3>Ligne de production<\/h3>\n<p><img fetchpriority=\"high\" decoding=\"async\" class=\"alignnone wp-image-592 size-full\" src=\"http:\/\/cnsinometal.com\/wp-content\/uploads\/2025\/02\/\u672a\u6807\u9898-8_02.jpg\" alt=\"\" width=\"1200\" height=\"956\" srcset=\"https:\/\/cnsinometal.com\/wp-content\/uploads\/2025\/02\/\u672a\u6807\u9898-8_02.jpg 1200w, https:\/\/cnsinometal.com\/wp-content\/uploads\/2025\/02\/\u672a\u6807\u9898-8_02-800x637.jpg 800w, https:\/\/cnsinometal.com\/wp-content\/uploads\/2025\/02\/\u672a\u6807\u9898-8_02-300x239.jpg 300w, https:\/\/cnsinometal.com\/wp-content\/uploads\/2025\/02\/\u672a\u6807\u9898-8_02-1024x816.jpg 1024w, https:\/\/cnsinometal.com\/wp-content\/uploads\/2025\/02\/\u672a\u6807\u9898-8_02-768x612.jpg 768w, https:\/\/cnsinometal.com\/wp-content\/uploads\/2025\/02\/\u672a\u6807\u9898-8_02-15x12.jpg 15w\" sizes=\"(max-width: 1200px) 100vw, 1200px\" \/><\/p>\n<h3><strong><b>\u00a0 <\/b><\/strong><strong><b>Application des plaques de toiture PPGI\/PPGL<\/b><\/strong><\/h3>\n<ol>\n<li>Les applications agricoles comprennent, entre autres, les serres, les poulaillers, les \u00e9tables, les greniers \u00e0 foin et les granges.<\/li>\n<li>Les applications r\u00e9sidentielles comprennent les maisons, les maisons de fortune, les appartements, les tours, les garages, les hangars de stockage, etc.<\/li>\n<li>Applications commerciales, par exemple usines, entrep\u00f4ts, usines de fabrication, grands magasins, immeubles de bureaux, etc.<\/li>\n<li>Les b\u00e2timents publics, tels que les cin\u00e9mas, les salles d'exposition, les gymnases, les terminaux, les \u00e9coles et les h\u00f4pitaux.<\/li>\n<\/ol>\n<h3><strong><b>\u00a0<\/b><\/strong><strong><b>Avantages des plaques de toiture PPGI\/PPGL<\/b><\/strong><\/h3>\n<p>1. Longue dur\u00e9e de vie<\/p>\n<p>2. R\u00e9duction du bruit et isolation thermique<\/p>\n<p>3. Faible co\u00fbt d'installation<\/p>\n<p>4. Belle apparence<\/p>\n<p>5. Bonne performance en mati\u00e8re de drainage<\/p>\n<p>6. Excellentes performances en mati\u00e8re de s\u00e9curit\u00e9<\/p>\n<h3><\/h3>\n<h3><\/h3>\n<h3><\/h3>\n<h3><\/h3>\n<h3><\/h3>\n<h3><\/h3>\n<h3><\/h3>\n<h3><\/h3>\n<h3><strong><b>Emballage<\/b><\/strong><\/h3>\n<h3><b> <\/b><img decoding=\"async\" class=\"wp-image-571 alignleft\" src=\"http:\/\/cnsinometal.com\/wp-content\/uploads\/2025\/02\/\u5fae\u4fe1\u56fe\u7247_202405101127491-1024x768.jpg\" alt=\"\" width=\"350\" height=\"263\" srcset=\"https:\/\/cnsinometal.com\/wp-content\/uploads\/2025\/02\/\u5fae\u4fe1\u56fe\u7247_202405101127491-1024x768.jpg 1024w, https:\/\/cnsinometal.com\/wp-content\/uploads\/2025\/02\/\u5fae\u4fe1\u56fe\u7247_202405101127491-800x600.jpg 800w, https:\/\/cnsinometal.com\/wp-content\/uploads\/2025\/02\/\u5fae\u4fe1\u56fe\u7247_202405101127491-300x225.jpg 300w, https:\/\/cnsinometal.com\/wp-content\/uploads\/2025\/02\/\u5fae\u4fe1\u56fe\u7247_202405101127491-768x576.jpg 768w, https:\/\/cnsinometal.com\/wp-content\/uploads\/2025\/02\/\u5fae\u4fe1\u56fe\u7247_202405101127491-1536x1152.jpg 1536w, https:\/\/cnsinometal.com\/wp-content\/uploads\/2025\/02\/\u5fae\u4fe1\u56fe\u7247_202405101127491-2048x1536.jpg 2048w, https:\/\/cnsinometal.com\/wp-content\/uploads\/2025\/02\/\u5fae\u4fe1\u56fe\u7247_202405101127491-16x12.jpg 16w\" sizes=\"(max-width: 350px) 100vw, 350px\" \/> <img decoding=\"async\" class=\"wp-image-575 alignleft\" src=\"http:\/\/cnsinometal.com\/wp-content\/uploads\/2025\/02\/\u5fae\u4fe1\u56fe\u7247_202405101128011-1-1024x768.jpg\" alt=\"\" width=\"350\" height=\"263\" srcset=\"https:\/\/cnsinometal.com\/wp-content\/uploads\/2025\/02\/\u5fae\u4fe1\u56fe\u7247_202405101128011-1-1024x768.jpg 1024w, https:\/\/cnsinometal.com\/wp-content\/uploads\/2025\/02\/\u5fae\u4fe1\u56fe\u7247_202405101128011-1-800x600.jpg 800w, https:\/\/cnsinometal.com\/wp-content\/uploads\/2025\/02\/\u5fae\u4fe1\u56fe\u7247_202405101128011-1-300x225.jpg 300w, https:\/\/cnsinometal.com\/wp-content\/uploads\/2025\/02\/\u5fae\u4fe1\u56fe\u7247_202405101128011-1-768x576.jpg 768w, https:\/\/cnsinometal.com\/wp-content\/uploads\/2025\/02\/\u5fae\u4fe1\u56fe\u7247_202405101128011-1-1536x1152.jpg 1536w, https:\/\/cnsinometal.com\/wp-content\/uploads\/2025\/02\/\u5fae\u4fe1\u56fe\u7247_202405101128011-1-2048x1536.jpg 2048w, https:\/\/cnsinometal.com\/wp-content\/uploads\/2025\/02\/\u5fae\u4fe1\u56fe\u7247_202405101128011-1-16x12.jpg 16w\" sizes=\"(max-width: 350px) 100vw, 350px\" \/><img loading=\"lazy\" decoding=\"async\" class=\"alignleft wp-image-577\" src=\"http:\/\/cnsinometal.com\/wp-content\/uploads\/2025\/02\/\u5fae\u4fe1\u56fe\u7247_202412031129001-1024x768.jpg\" alt=\"\" width=\"350\" height=\"263\" srcset=\"https:\/\/cnsinometal.com\/wp-content\/uploads\/2025\/02\/\u5fae\u4fe1\u56fe\u7247_202412031129001-1024x768.jpg 1024w, https:\/\/cnsinometal.com\/wp-content\/uploads\/2025\/02\/\u5fae\u4fe1\u56fe\u7247_202412031129001-800x600.jpg 800w, https:\/\/cnsinometal.com\/wp-content\/uploads\/2025\/02\/\u5fae\u4fe1\u56fe\u7247_202412031129001-300x225.jpg 300w, https:\/\/cnsinometal.com\/wp-content\/uploads\/2025\/02\/\u5fae\u4fe1\u56fe\u7247_202412031129001-768x576.jpg 768w, https:\/\/cnsinometal.com\/wp-content\/uploads\/2025\/02\/\u5fae\u4fe1\u56fe\u7247_202412031129001-1536x1152.jpg 1536w, https:\/\/cnsinometal.com\/wp-content\/uploads\/2025\/02\/\u5fae\u4fe1\u56fe\u7247_202412031129001-2048x1536.jpg 2048w, https:\/\/cnsinometal.com\/wp-content\/uploads\/2025\/02\/\u5fae\u4fe1\u56fe\u7247_202412031129001-16x12.jpg 16w\" sizes=\"(max-width: 350px) 100vw, 350px\" \/><\/h3>","protected":false},"excerpt":{"rendered":"<p>\u00c9paisseur : 0,20 mm-0,8 mm<\/p>\n<p>Largeur : 600 mm-1250 mm<\/p>\n<p>Motif : vague, trap\u00e8ze, tuile, etc.<\/p>\n<p>Couleur : couleur du syst\u00e8me RAL<\/p>","protected":false},"featured_media":674,"comment_status":"open","ping_status":"closed","template":"","meta":{"_kadence_starter_templates_imported_post":false,"_kad_post_transparent":"default","_kad_post_title":"","_kad_post_layout":"default","_kad_post_sidebar_id":"","_kad_post_content_style":"default","_kad_post_vertical_padding":"default","_kad_post_feature":"","_kad_post_feature_position":"","_kad_post_header":false,"_kad_post_footer":false},"product_brand":[],"product_cat":[32],"product_tag":[],"class_list":{"0":"post-563","1":"product","2":"type-product","3":"status-publish","4":"has-post-thumbnail","6":"product_cat-roofing-sheet","8":"first","9":"instock","10":"shipping-taxable","11":"product-type-simple","12":"entry","13":"content-bg","14":"loop-entry"},"jetpack_sharing_enabled":true,"_links":{"self":[{"href":"https:\/\/cnsinometal.com\/fr\/wp-json\/wp\/v2\/product\/563","targetHints":{"allow":["GET"]}}],"collection":[{"href":"https:\/\/cnsinometal.com\/fr\/wp-json\/wp\/v2\/product"}],"about":[{"href":"https:\/\/cnsinometal.com\/fr\/wp-json\/wp\/v2\/types\/product"}],"replies":[{"embeddable":true,"href":"https:\/\/cnsinometal.com\/fr\/wp-json\/wp\/v2\/comments?post=563"}],"wp:featuredmedia":[{"embeddable":true,"href":"https:\/\/cnsinometal.com\/fr\/wp-json\/wp\/v2\/media\/674"}],"wp:attachment":[{"href":"https:\/\/cnsinometal.com\/fr\/wp-json\/wp\/v2\/media?parent=563"}],"wp:term":[{"taxonomy":"product_brand","embeddable":true,"href":"https:\/\/cnsinometal.com\/fr\/wp-json\/wp\/v2\/product_brand?post=563"},{"taxonomy":"product_cat","embeddable":true,"href":"https:\/\/cnsinometal.com\/fr\/wp-json\/wp\/v2\/product_cat?post=563"},{"taxonomy":"product_tag","embeddable":true,"href":"https:\/\/cnsinometal.com\/fr\/wp-json\/wp\/v2\/product_tag?post=563"}],"curies":[{"name":"wp","href":"https:\/\/api.w.org\/{rel}","templated":true}]}}