{"id":556,"date":"2025-02-12T09:43:03","date_gmt":"2025-02-12T01:43:03","guid":{"rendered":"http:\/\/cnsinometal.com\/?post_type=product&#038;p=556"},"modified":"2025-02-12T11:06:46","modified_gmt":"2025-02-12T03:06:46","slug":"ral-8017-ppgi-coil","status":"publish","type":"product","link":"https:\/\/cnsinometal.com\/fr\/produit\/ral-8017-ppgi-coil\/","title":{"rendered":"RAL 8017 PPGI Coil"},"content":{"rendered":"<h3><strong>Bobine d'acier galvanis\u00e9 pr\u00e9peint<\/strong><\/h3>\n<table style=\"border-collapse: collapse; width: 516.02pt;\" border=\"0\" width=\"688\" cellspacing=\"0\" cellpadding=\"0\">\n<tbody>\n<tr style=\"height: 25.00pt;\">\n<td class=\"et2\" style=\"height: 25.00pt; width: 108.00pt;\" width=\"144\" height=\"33\">Objet<\/td>\n<td class=\"et2\" style=\"width: 408.00pt;\" width=\"544\">Bobine de PPGI<\/td>\n<\/tr>\n<tr style=\"height: 25.00pt;\">\n<td class=\"et3\" style=\"height: 25.00pt;\" height=\"33\">Substrat<\/td>\n<td class=\"et3\">Acier galvanis\u00e9<\/td>\n<\/tr>\n<tr style=\"height: 25.00pt;\">\n<td class=\"et3\" style=\"height: 25.00pt;\" height=\"33\">Grade<\/td>\n<td class=\"et3\">DX51\/52\/53\/54D+Z<span class=\"font3\">\uff0c<\/span><span class=\"font2\">S280GD+Z,S350GD+Z,S550GD+Z,SECC,etc.<\/span><\/td>\n<\/tr>\n<tr style=\"height: 25.00pt;\">\n<td class=\"et3\" style=\"height: 25.00pt;\" height=\"33\">\u00c9paisseur<\/td>\n<td class=\"et3\">0,16 mm-1,2 mm<\/td>\n<\/tr>\n<tr style=\"height: 25.00pt;\">\n<td class=\"et3\" style=\"height: 25.00pt;\" height=\"33\">Largeur<\/td>\n<td class=\"et3\">50mm-1500mm<\/td>\n<\/tr>\n<tr style=\"height: 25.00pt;\">\n<td class=\"et3\" style=\"height: 25.00pt;\" height=\"33\">Types de peinture<\/td>\n<td class=\"et3\">PE,SMP,HDP,PVDF<\/td>\n<\/tr>\n<tr style=\"height: 25.00pt;\">\n<td class=\"et3\" style=\"height: 25.00pt;\" height=\"33\">Couleur<\/td>\n<td class=\"et3\">Couleur du syst\u00e8me RAL<\/td>\n<\/tr>\n<tr style=\"height: 25.00pt;\">\n<td class=\"et3\" style=\"height: 25.00pt;\" height=\"33\">Diam\u00e8tre int\u00e9rieur<\/td>\n<td class=\"et3\">508mm ou 610mm<\/td>\n<\/tr>\n<tr style=\"height: 25.00pt;\">\n<td class=\"et3\" style=\"height: 25.00pt;\" height=\"33\">Paquet<\/td>\n<td class=\"et3\">Emballage d'exportation standard ou selon vos besoins<\/td>\n<\/tr>\n<\/tbody>\n<\/table>\n<p>&nbsp;<\/p>\n<p>Shandong Sino Metal Co. est une entreprise int\u00e9gr\u00e9e de premier plan dans le domaine de la transformation et du commerce en Chine, qui se concentre sur la production et la vente de bobines d'acier \u00e0 rev\u00eatement color\u00e9. Gr\u00e2ce \u00e0 leur qualit\u00e9 sup\u00e9rieure, nos produits sont largement reconnus par les clients.<\/p>\n<p>Vous recherchez un fabricant de bobines d'acier galvanis\u00e9 pr\u00e9laqu\u00e9 en Chine ? Contact <strong><span style=\"color: #ff0000;\">Shandong Sino Metal<\/span><\/strong>\u00a0d\u00e8s aujourd'hui et dynamisez votre marque avec nos bobines d'acier galvanis\u00e9 pr\u00e9patin\u00e9.<\/p>\n<h4><strong><b>Que sont les bobines d'acier galvanis\u00e9 pr\u00e9laqu\u00e9 ? <\/b><\/strong><\/h4>\n<p><strong><b>\u00a0<\/b><\/strong>Il utilise des bobines d'acier galvanis\u00e9 comme mat\u00e9riau de base. Les bobines d'acier galvanis\u00e9 sont d'abord nettoy\u00e9es et pr\u00e9trait\u00e9es pour \u00e9liminer l'huile et la poussi\u00e8re de la surface. Ensuite, le mat\u00e9riau de base pr\u00e9par\u00e9 est recouvert d'un rev\u00eatement organique tel que PE, SMP, HDP, PVDF, etc.<\/p>\n<h4><strong><b>Application des bobines d'acier galvanis\u00e9 pr\u00e9laqu\u00e9<\/b><\/strong><\/h4>\n<ol>\n<li><a href=\"https:\/\/wzppgi.com\/ppgi-roofing-sheet\/\">Toiture<\/a>les panneaux muraux et les plafonds<\/li>\n<li>Fen\u00eatres et portes<\/li>\n<li>Panneaux d'appareils m\u00e9nagers<\/li>\n<li>Mobilier<\/li>\n<li>Industrie automobile<\/li>\n<li>D'autres, comme les panneaux de signalisation, les tableaux blancs, etc.<\/li>\n<\/ol>\n<h4><strong>Structure du rev\u00eatement de couleur<\/strong><\/h4>\n<p><img fetchpriority=\"high\" decoding=\"async\" class=\"alignnone size-large wp-image-530\" src=\"http:\/\/cnsinometal.com\/wp-content\/uploads\/2025\/02\/506ee12f01080a9cbbe2eab04d6a6c9-2-1024x725.jpg\" alt=\"\" width=\"1024\" height=\"725\" srcset=\"https:\/\/cnsinometal.com\/wp-content\/uploads\/2025\/02\/506ee12f01080a9cbbe2eab04d6a6c9-2-1024x725.jpg 1024w, https:\/\/cnsinometal.com\/wp-content\/uploads\/2025\/02\/506ee12f01080a9cbbe2eab04d6a6c9-2-scaled-800x567.jpg 800w, https:\/\/cnsinometal.com\/wp-content\/uploads\/2025\/02\/506ee12f01080a9cbbe2eab04d6a6c9-2-300x212.jpg 300w, https:\/\/cnsinometal.com\/wp-content\/uploads\/2025\/02\/506ee12f01080a9cbbe2eab04d6a6c9-2-768x544.jpg 768w\" sizes=\"(max-width: 1024px) 100vw, 1024px\" \/><\/p>\n<h4><strong>Ligne de production d'enduction de couleur<br \/>\n<\/strong><\/h4>\n<p><img decoding=\"async\" class=\"wp-image-557 alignleft\" src=\"http:\/\/cnsinometal.com\/wp-content\/uploads\/2025\/02\/777-1-768x1024.jpg\" alt=\"\" width=\"375\" height=\"500\" srcset=\"https:\/\/cnsinometal.com\/wp-content\/uploads\/2025\/02\/777-1-768x1024.jpg 768w, https:\/\/cnsinometal.com\/wp-content\/uploads\/2025\/02\/777-1-800x1067.jpg 800w, https:\/\/cnsinometal.com\/wp-content\/uploads\/2025\/02\/777-1-225x300.jpg 225w, https:\/\/cnsinometal.com\/wp-content\/uploads\/2025\/02\/777-1-1152x1536.jpg 1152w, https:\/\/cnsinometal.com\/wp-content\/uploads\/2025\/02\/777-1-9x12.jpg 9w, https:\/\/cnsinometal.com\/wp-content\/uploads\/2025\/02\/777-1.jpg 1410w\" sizes=\"(max-width: 375px) 100vw, 375px\" \/><img decoding=\"async\" class=\"wp-image-544 alignleft\" src=\"http:\/\/cnsinometal.com\/wp-content\/uploads\/2025\/02\/111-768x1024.jpg\" alt=\"\" width=\"375\" height=\"500\" srcset=\"https:\/\/cnsinometal.com\/wp-content\/uploads\/2025\/02\/111-768x1024.jpg 768w, https:\/\/cnsinometal.com\/wp-content\/uploads\/2025\/02\/111-800x1067.jpg 800w, https:\/\/cnsinometal.com\/wp-content\/uploads\/2025\/02\/111-225x300.jpg 225w, https:\/\/cnsinometal.com\/wp-content\/uploads\/2025\/02\/111-1152x1536.jpg 1152w, https:\/\/cnsinometal.com\/wp-content\/uploads\/2025\/02\/111-9x12.jpg 9w, https:\/\/cnsinometal.com\/wp-content\/uploads\/2025\/02\/111.jpg 1440w\" sizes=\"(max-width: 375px) 100vw, 375px\" \/><img loading=\"lazy\" decoding=\"async\" class=\"wp-image-545 alignleft\" src=\"http:\/\/cnsinometal.com\/wp-content\/uploads\/2025\/02\/222-768x1024.jpg\" alt=\"\" width=\"375\" height=\"500\" srcset=\"https:\/\/cnsinometal.com\/wp-content\/uploads\/2025\/02\/222-768x1024.jpg 768w, https:\/\/cnsinometal.com\/wp-content\/uploads\/2025\/02\/222-800x1067.jpg 800w, https:\/\/cnsinometal.com\/wp-content\/uploads\/2025\/02\/222-225x300.jpg 225w, https:\/\/cnsinometal.com\/wp-content\/uploads\/2025\/02\/222-1152x1536.jpg 1152w, https:\/\/cnsinometal.com\/wp-content\/uploads\/2025\/02\/222-9x12.jpg 9w, https:\/\/cnsinometal.com\/wp-content\/uploads\/2025\/02\/222.jpg 1440w\" sizes=\"(max-width: 375px) 100vw, 375px\" \/><img loading=\"lazy\" decoding=\"async\" class=\"wp-image-546 alignleft\" src=\"http:\/\/cnsinometal.com\/wp-content\/uploads\/2025\/02\/333-768x1024.jpg\" alt=\"\" width=\"375\" height=\"500\" srcset=\"https:\/\/cnsinometal.com\/wp-content\/uploads\/2025\/02\/333-768x1024.jpg 768w, https:\/\/cnsinometal.com\/wp-content\/uploads\/2025\/02\/333-800x1067.jpg 800w, https:\/\/cnsinometal.com\/wp-content\/uploads\/2025\/02\/333-225x300.jpg 225w, https:\/\/cnsinometal.com\/wp-content\/uploads\/2025\/02\/333-1152x1536.jpg 1152w, https:\/\/cnsinometal.com\/wp-content\/uploads\/2025\/02\/333-9x12.jpg 9w, https:\/\/cnsinometal.com\/wp-content\/uploads\/2025\/02\/333.jpg 1422w\" sizes=\"(max-width: 375px) 100vw, 375px\" \/><img loading=\"lazy\" decoding=\"async\" class=\"wp-image-547 alignleft\" src=\"http:\/\/cnsinometal.com\/wp-content\/uploads\/2025\/02\/444-768x1024.jpg\" alt=\"\" width=\"375\" height=\"500\" srcset=\"https:\/\/cnsinometal.com\/wp-content\/uploads\/2025\/02\/444-768x1024.jpg 768w, https:\/\/cnsinometal.com\/wp-content\/uploads\/2025\/02\/444-800x1067.jpg 800w, https:\/\/cnsinometal.com\/wp-content\/uploads\/2025\/02\/444-225x300.jpg 225w, https:\/\/cnsinometal.com\/wp-content\/uploads\/2025\/02\/444-1152x1536.jpg 1152w, https:\/\/cnsinometal.com\/wp-content\/uploads\/2025\/02\/444-9x12.jpg 9w, https:\/\/cnsinometal.com\/wp-content\/uploads\/2025\/02\/444.jpg 1440w\" sizes=\"(max-width: 375px) 100vw, 375px\" \/><img loading=\"lazy\" decoding=\"async\" class=\"wp-image-548 alignnone\" src=\"http:\/\/cnsinometal.com\/wp-content\/uploads\/2025\/02\/555-768x1024.jpg\" alt=\"\" width=\"375\" height=\"500\" srcset=\"https:\/\/cnsinometal.com\/wp-content\/uploads\/2025\/02\/555-768x1024.jpg 768w, https:\/\/cnsinometal.com\/wp-content\/uploads\/2025\/02\/555-800x1067.jpg 800w, https:\/\/cnsinometal.com\/wp-content\/uploads\/2025\/02\/555-225x300.jpg 225w, https:\/\/cnsinometal.com\/wp-content\/uploads\/2025\/02\/555-1152x1536.jpg 1152w, https:\/\/cnsinometal.com\/wp-content\/uploads\/2025\/02\/555-9x12.jpg 9w, https:\/\/cnsinometal.com\/wp-content\/uploads\/2025\/02\/555.jpg 1440w\" sizes=\"(max-width: 375px) 100vw, 375px\" \/><\/p>\n<h4><strong><b>Caract\u00e9ristiques des bobines d'acier galvanis\u00e9 \u00e0 rev\u00eatement color\u00e9<\/b><\/strong><\/h4>\n<ol>\n<li>Excellente r\u00e9sistance \u00e0 la corrosion<\/li>\n<li>Belle apparence<\/li>\n<li>Bonne performance de traitement<\/li>\n<li>Poids l\u00e9ger<\/li>\n<li>Diverses couleurs et motifs<\/li>\n<li>Solution sur mesure<\/li>\n<\/ol>\n<h4><strong><b>\u00c0 propos de l'emballage<\/b><\/strong><\/h4>\n<ol>\n<li>Emballage d'exportation standard en bon \u00e9tat de navigabilit\u00e9<\/li>\n<li>Emballage vertical ou horizontal<\/li>\n<li><img loading=\"lazy\" decoding=\"async\" class=\"wp-image-549 alignleft\" src=\"http:\/\/cnsinometal.com\/wp-content\/uploads\/2025\/02\/fcf0c73d677579ed4ad0e6187af5d66-768x1024.jpg\" alt=\"\" width=\"375\" height=\"500\" srcset=\"https:\/\/cnsinometal.com\/wp-content\/uploads\/2025\/02\/fcf0c73d677579ed4ad0e6187af5d66-768x1024.jpg 768w, https:\/\/cnsinometal.com\/wp-content\/uploads\/2025\/02\/fcf0c73d677579ed4ad0e6187af5d66-800x1067.jpg 800w, https:\/\/cnsinometal.com\/wp-content\/uploads\/2025\/02\/fcf0c73d677579ed4ad0e6187af5d66-225x300.jpg 225w, https:\/\/cnsinometal.com\/wp-content\/uploads\/2025\/02\/fcf0c73d677579ed4ad0e6187af5d66-1152x1536.jpg 1152w, https:\/\/cnsinometal.com\/wp-content\/uploads\/2025\/02\/fcf0c73d677579ed4ad0e6187af5d66-9x12.jpg 9w, https:\/\/cnsinometal.com\/wp-content\/uploads\/2025\/02\/fcf0c73d677579ed4ad0e6187af5d66.jpg 1280w\" sizes=\"(max-width: 375px) 100vw, 375px\" \/> <img loading=\"lazy\" decoding=\"async\" class=\"wp-image-550 alignleft\" src=\"http:\/\/cnsinometal.com\/wp-content\/uploads\/2025\/02\/28d4bc4d06d1c77793f69724997cd85-768x1024.jpg\" alt=\"\" width=\"375\" height=\"500\" srcset=\"https:\/\/cnsinometal.com\/wp-content\/uploads\/2025\/02\/28d4bc4d06d1c77793f69724997cd85-768x1024.jpg 768w, https:\/\/cnsinometal.com\/wp-content\/uploads\/2025\/02\/28d4bc4d06d1c77793f69724997cd85-800x1067.jpg 800w, https:\/\/cnsinometal.com\/wp-content\/uploads\/2025\/02\/28d4bc4d06d1c77793f69724997cd85-225x300.jpg 225w, https:\/\/cnsinometal.com\/wp-content\/uploads\/2025\/02\/28d4bc4d06d1c77793f69724997cd85-1152x1536.jpg 1152w, https:\/\/cnsinometal.com\/wp-content\/uploads\/2025\/02\/28d4bc4d06d1c77793f69724997cd85-9x12.jpg 9w, https:\/\/cnsinometal.com\/wp-content\/uploads\/2025\/02\/28d4bc4d06d1c77793f69724997cd85.jpg 1280w\" sizes=\"(max-width: 375px) 100vw, 375px\" \/><img loading=\"lazy\" decoding=\"async\" class=\"wp-image-551 alignleft\" src=\"http:\/\/cnsinometal.com\/wp-content\/uploads\/2025\/02\/c11b9dbd0c3ed282156974105a36178-768x1024.jpg\" alt=\"\" width=\"375\" height=\"500\" srcset=\"https:\/\/cnsinometal.com\/wp-content\/uploads\/2025\/02\/c11b9dbd0c3ed282156974105a36178-768x1024.jpg 768w, https:\/\/cnsinometal.com\/wp-content\/uploads\/2025\/02\/c11b9dbd0c3ed282156974105a36178-800x1067.jpg 800w, https:\/\/cnsinometal.com\/wp-content\/uploads\/2025\/02\/c11b9dbd0c3ed282156974105a36178-225x300.jpg 225w, https:\/\/cnsinometal.com\/wp-content\/uploads\/2025\/02\/c11b9dbd0c3ed282156974105a36178-1152x1536.jpg 1152w, https:\/\/cnsinometal.com\/wp-content\/uploads\/2025\/02\/c11b9dbd0c3ed282156974105a36178-9x12.jpg 9w, https:\/\/cnsinometal.com\/wp-content\/uploads\/2025\/02\/c11b9dbd0c3ed282156974105a36178.jpg 1280w\" sizes=\"(max-width: 375px) 100vw, 375px\" \/><img loading=\"lazy\" decoding=\"async\" class=\"wp-image-553 alignleft\" src=\"http:\/\/cnsinometal.com\/wp-content\/uploads\/2025\/02\/75a7e608a1387e931d70be41034c6b2-768x1024.jpg\" alt=\"\" width=\"375\" height=\"500\" srcset=\"https:\/\/cnsinometal.com\/wp-content\/uploads\/2025\/02\/75a7e608a1387e931d70be41034c6b2-768x1024.jpg 768w, https:\/\/cnsinometal.com\/wp-content\/uploads\/2025\/02\/75a7e608a1387e931d70be41034c6b2-scaled-800x1067.jpg 800w, https:\/\/cnsinometal.com\/wp-content\/uploads\/2025\/02\/75a7e608a1387e931d70be41034c6b2-225x300.jpg 225w, https:\/\/cnsinometal.com\/wp-content\/uploads\/2025\/02\/75a7e608a1387e931d70be41034c6b2-scaled.jpg 1920w\" sizes=\"(max-width: 375px) 100vw, 375px\" \/><img loading=\"lazy\" decoding=\"async\" class=\"wp-image-560\" src=\"http:\/\/cnsinometal.com\/wp-content\/uploads\/2025\/02\/\u5fae\u4fe1\u56fe\u7247_20241203112913-1024x768.jpg\" alt=\"\" width=\"667\" height=\"500\" srcset=\"https:\/\/cnsinometal.com\/wp-content\/uploads\/2025\/02\/\u5fae\u4fe1\u56fe\u7247_20241203112913-1024x768.jpg 1024w, https:\/\/cnsinometal.com\/wp-content\/uploads\/2025\/02\/\u5fae\u4fe1\u56fe\u7247_20241203112913-scaled-800x600.jpg 800w, https:\/\/cnsinometal.com\/wp-content\/uploads\/2025\/02\/\u5fae\u4fe1\u56fe\u7247_20241203112913-300x225.jpg 300w, https:\/\/cnsinometal.com\/wp-content\/uploads\/2025\/02\/\u5fae\u4fe1\u56fe\u7247_20241203112913-768x576.jpg 768w, https:\/\/cnsinometal.com\/wp-content\/uploads\/2025\/02\/\u5fae\u4fe1\u56fe\u7247_20241203112913-1536x1152.jpg 1536w, https:\/\/cnsinometal.com\/wp-content\/uploads\/2025\/02\/\u5fae\u4fe1\u56fe\u7247_20241203112913-2048x1536.jpg 2048w, https:\/\/cnsinometal.com\/wp-content\/uploads\/2025\/02\/\u5fae\u4fe1\u56fe\u7247_20241203112913-16x12.jpg 16w\" sizes=\"(max-width: 667px) 100vw, 667px\" \/><\/li>\n<\/ol>","protected":false},"excerpt":{"rendered":"<p>\u00c9paisseur : 0,16 mm-1,2 mm<\/p>\n<p>Largeur : 50mm-1500mm<\/p>\n<p>Diam\u00e8tre int\u00e9rieur : 508 mm<\/p>\n<p>M\u00e9tal de base : bobine d'acier galvanis\u00e9<\/p>\n<p>Couleur : RAL8017<\/p>","protected":false},"featured_media":562,"comment_status":"open","ping_status":"closed","template":"","meta":{"_kadence_starter_templates_imported_post":false,"_kad_post_transparent":"default","_kad_post_title":"","_kad_post_layout":"default","_kad_post_sidebar_id":"","_kad_post_content_style":"default","_kad_post_vertical_padding":"default","_kad_post_feature":"","_kad_post_feature_position":"","_kad_post_header":false,"_kad_post_footer":false},"product_brand":[],"product_cat":[29],"product_tag":[],"class_list":{"0":"post-556","1":"product","2":"type-product","3":"status-publish","4":"has-post-thumbnail","6":"product_cat-pre-painted-galvanized-steel-coil-ppgi","8":"first","9":"instock","10":"shipping-taxable","11":"product-type-simple","12":"entry","13":"content-bg","14":"loop-entry"},"jetpack_sharing_enabled":true,"_links":{"self":[{"href":"https:\/\/cnsinometal.com\/fr\/wp-json\/wp\/v2\/product\/556","targetHints":{"allow":["GET"]}}],"collection":[{"href":"https:\/\/cnsinometal.com\/fr\/wp-json\/wp\/v2\/product"}],"about":[{"href":"https:\/\/cnsinometal.com\/fr\/wp-json\/wp\/v2\/types\/product"}],"replies":[{"embeddable":true,"href":"https:\/\/cnsinometal.com\/fr\/wp-json\/wp\/v2\/comments?post=556"}],"wp:featuredmedia":[{"embeddable":true,"href":"https:\/\/cnsinometal.com\/fr\/wp-json\/wp\/v2\/media\/562"}],"wp:attachment":[{"href":"https:\/\/cnsinometal.com\/fr\/wp-json\/wp\/v2\/media?parent=556"}],"wp:term":[{"taxonomy":"product_brand","embeddable":true,"href":"https:\/\/cnsinometal.com\/fr\/wp-json\/wp\/v2\/product_brand?post=556"},{"taxonomy":"product_cat","embeddable":true,"href":"https:\/\/cnsinometal.com\/fr\/wp-json\/wp\/v2\/product_cat?post=556"},{"taxonomy":"product_tag","embeddable":true,"href":"https:\/\/cnsinometal.com\/fr\/wp-json\/wp\/v2\/product_tag?post=556"}],"curies":[{"name":"wp","href":"https:\/\/api.w.org\/{rel}","templated":true}]}}