{"id":518,"date":"2025-02-11T09:36:51","date_gmt":"2025-02-11T01:36:51","guid":{"rendered":"http:\/\/cnsinometal.com\/?post_type=product&#038;p=518"},"modified":"2025-02-12T11:02:55","modified_gmt":"2025-02-12T03:02:55","slug":"lazarite-blue-ppgl-coil","status":"publish","type":"product","link":"https:\/\/cnsinometal.com\/fr\/produit\/lazarite-blue-ppgl-coil\/","title":{"rendered":"Lazarite Blue PPGL Coil"},"content":{"rendered":"<h3>Bobine de PPGL<\/h3>\n<table style=\"border-collapse: collapse; width: 516.02pt;\" border=\"0\" width=\"688\" cellspacing=\"0\" cellpadding=\"0\">\n<tbody>\n<tr style=\"height: 25.00pt;\">\n<td class=\"et2\" style=\"height: 25.00pt; width: 108.00pt;\" width=\"144\" height=\"33\">Objet<\/td>\n<td class=\"et2\" style=\"width: 408.00pt;\" width=\"544\">Bobine de PPGL<\/td>\n<\/tr>\n<tr style=\"height: 25.00pt;\">\n<td class=\"et3\" style=\"height: 25.00pt;\" height=\"33\">Substrat<\/td>\n<td class=\"et3\">Acier galvanis\u00e9<\/td>\n<\/tr>\n<tr style=\"height: 25.00pt;\">\n<td class=\"et3\" style=\"height: 25.00pt;\" height=\"33\">\u00c9paisseur<\/td>\n<td class=\"et3\">0,16 mm-1,2 mm<\/td>\n<\/tr>\n<tr style=\"height: 25.00pt;\">\n<td class=\"et3\" style=\"height: 25.00pt;\" height=\"33\">Largeur<\/td>\n<td class=\"et3\">50mm-1500mm<\/td>\n<\/tr>\n<tr style=\"height: 25.00pt;\">\n<td class=\"et3\" style=\"height: 25.00pt;\" height=\"33\">Types de peinture<\/td>\n<td class=\"et3\">PE,SMP,HDP,PVDF<\/td>\n<\/tr>\n<tr style=\"height: 25.00pt;\">\n<td class=\"et3\" style=\"height: 25.00pt;\" height=\"33\">Couleur<\/td>\n<td class=\"et3\">Couleur du syst\u00e8me RAL<\/td>\n<\/tr>\n<tr style=\"height: 25.00pt;\">\n<td class=\"et3\" style=\"height: 25.00pt;\" height=\"33\">Diam\u00e8tre int\u00e9rieur<\/td>\n<td class=\"et3\">508mm ou 610mm<\/td>\n<\/tr>\n<tr style=\"height: 25.00pt;\">\n<td class=\"et3\" style=\"height: 25.00pt;\" height=\"33\">Paquet<\/td>\n<td class=\"et3\">Emballage d'exportation standard ou selon vos besoins<\/td>\n<\/tr>\n<\/tbody>\n<\/table>\n<p>&nbsp;<\/p>\n<p>Shandong Sino Metal Co. est une entreprise int\u00e9gr\u00e9e de premier plan dans le domaine de la transformation et du commerce en Chine, qui se concentre sur la production et la vente de bobines d'acier \u00e0 rev\u00eatement color\u00e9. Gr\u00e2ce \u00e0 leur qualit\u00e9 sup\u00e9rieure, nos produits sont largement reconnus par les clients.<\/p>\n<p>Vous recherchez un fabricant de bobines d'acier Galvalume pr\u00e9patin\u00e9 en Chine ? Contact <span style=\"color: #ff0000;\"><strong>Shandong Sino Metal<\/strong><\/span>\u00a0d\u00e8s aujourd'hui et dynamisez votre marque avec nos bobines d'acier Galvalume pr\u00e9patin\u00e9.<\/p>\n<h4><strong><b>Qu'est-ce qu'un rouleau d'acier Galvalume pr\u00e9laqu\u00e9 ? Les bobines d'acier Galvalume pr\u00e9laqu\u00e9 Introduction<\/b><\/strong><\/h4>\n<p>Introduire le mat\u00e9riau de base aluminium-zinc dans la ligne de production de rev\u00eatement. Appliquer d'abord l'appr\u00eat, puis la couche de finition pour garantir l'uniformit\u00e9 et l'adh\u00e9rence du rev\u00eatement. Les bobines d'aluminium-zinc rev\u00eatues d'une couche de couleur sont largement utilis\u00e9es dans la construction, l'\u00e9lectrom\u00e9nager et d'autres domaines.<\/p>\n<p><img fetchpriority=\"high\" decoding=\"async\" class=\"alignnone wp-image-530\" src=\"http:\/\/cnsinometal.com\/wp-content\/uploads\/2025\/02\/506ee12f01080a9cbbe2eab04d6a6c9-2-1024x725.jpg\" alt=\"\" width=\"781\" height=\"554\" srcset=\"https:\/\/cnsinometal.com\/wp-content\/uploads\/2025\/02\/506ee12f01080a9cbbe2eab04d6a6c9-2-1024x725.jpg 1024w, https:\/\/cnsinometal.com\/wp-content\/uploads\/2025\/02\/506ee12f01080a9cbbe2eab04d6a6c9-2-scaled-800x567.jpg 800w, https:\/\/cnsinometal.com\/wp-content\/uploads\/2025\/02\/506ee12f01080a9cbbe2eab04d6a6c9-2-300x212.jpg 300w, https:\/\/cnsinometal.com\/wp-content\/uploads\/2025\/02\/506ee12f01080a9cbbe2eab04d6a6c9-2-768x544.jpg 768w\" sizes=\"(max-width: 781px) 100vw, 781px\" \/><\/p>\n<h4><strong>Ligne de production d'enduction de couleur<\/strong><\/h4>\n<p><strong><img decoding=\"async\" class=\"wp-image-555 alignleft\" src=\"http:\/\/cnsinometal.com\/wp-content\/uploads\/2025\/02\/777-768x1024.jpg\" alt=\"\" width=\"375\" height=\"500\" srcset=\"https:\/\/cnsinometal.com\/wp-content\/uploads\/2025\/02\/777-768x1024.jpg 768w, https:\/\/cnsinometal.com\/wp-content\/uploads\/2025\/02\/777-800x1067.jpg 800w, https:\/\/cnsinometal.com\/wp-content\/uploads\/2025\/02\/777-225x300.jpg 225w, https:\/\/cnsinometal.com\/wp-content\/uploads\/2025\/02\/777-1152x1536.jpg 1152w, https:\/\/cnsinometal.com\/wp-content\/uploads\/2025\/02\/777-9x12.jpg 9w, https:\/\/cnsinometal.com\/wp-content\/uploads\/2025\/02\/777.jpg 1410w\" sizes=\"(max-width: 375px) 100vw, 375px\" \/><\/strong><\/p>\n<p><img decoding=\"async\" class=\"wp-image-544 alignleft\" src=\"http:\/\/cnsinometal.com\/wp-content\/uploads\/2025\/02\/111-768x1024.jpg\" alt=\"\" width=\"375\" height=\"500\" srcset=\"https:\/\/cnsinometal.com\/wp-content\/uploads\/2025\/02\/111-768x1024.jpg 768w, https:\/\/cnsinometal.com\/wp-content\/uploads\/2025\/02\/111-800x1067.jpg 800w, https:\/\/cnsinometal.com\/wp-content\/uploads\/2025\/02\/111-225x300.jpg 225w, https:\/\/cnsinometal.com\/wp-content\/uploads\/2025\/02\/111-1152x1536.jpg 1152w, https:\/\/cnsinometal.com\/wp-content\/uploads\/2025\/02\/111-9x12.jpg 9w, https:\/\/cnsinometal.com\/wp-content\/uploads\/2025\/02\/111.jpg 1440w\" sizes=\"(max-width: 375px) 100vw, 375px\" \/>\u00a0 \u00a0 \u00a0<img loading=\"lazy\" decoding=\"async\" class=\"wp-image-545 alignleft\" src=\"http:\/\/cnsinometal.com\/wp-content\/uploads\/2025\/02\/222-768x1024.jpg\" alt=\"\" width=\"375\" height=\"500\" srcset=\"https:\/\/cnsinometal.com\/wp-content\/uploads\/2025\/02\/222-768x1024.jpg 768w, https:\/\/cnsinometal.com\/wp-content\/uploads\/2025\/02\/222-800x1067.jpg 800w, https:\/\/cnsinometal.com\/wp-content\/uploads\/2025\/02\/222-225x300.jpg 225w, https:\/\/cnsinometal.com\/wp-content\/uploads\/2025\/02\/222-1152x1536.jpg 1152w, https:\/\/cnsinometal.com\/wp-content\/uploads\/2025\/02\/222-9x12.jpg 9w, https:\/\/cnsinometal.com\/wp-content\/uploads\/2025\/02\/222.jpg 1440w\" sizes=\"(max-width: 375px) 100vw, 375px\" \/><\/p>\n<p><img loading=\"lazy\" decoding=\"async\" class=\"wp-image-546 alignleft\" src=\"http:\/\/cnsinometal.com\/wp-content\/uploads\/2025\/02\/333-768x1024.jpg\" alt=\"\" width=\"375\" height=\"500\" srcset=\"https:\/\/cnsinometal.com\/wp-content\/uploads\/2025\/02\/333-768x1024.jpg 768w, https:\/\/cnsinometal.com\/wp-content\/uploads\/2025\/02\/333-800x1067.jpg 800w, https:\/\/cnsinometal.com\/wp-content\/uploads\/2025\/02\/333-225x300.jpg 225w, https:\/\/cnsinometal.com\/wp-content\/uploads\/2025\/02\/333-1152x1536.jpg 1152w, https:\/\/cnsinometal.com\/wp-content\/uploads\/2025\/02\/333-9x12.jpg 9w, https:\/\/cnsinometal.com\/wp-content\/uploads\/2025\/02\/333.jpg 1422w\" sizes=\"(max-width: 375px) 100vw, 375px\" \/>\u00a0 \u00a0 \u00a0 \u00a0 <img loading=\"lazy\" decoding=\"async\" class=\"wp-image-547 alignleft\" src=\"http:\/\/cnsinometal.com\/wp-content\/uploads\/2025\/02\/444-768x1024.jpg\" alt=\"\" width=\"375\" height=\"500\" srcset=\"https:\/\/cnsinometal.com\/wp-content\/uploads\/2025\/02\/444-768x1024.jpg 768w, https:\/\/cnsinometal.com\/wp-content\/uploads\/2025\/02\/444-800x1067.jpg 800w, https:\/\/cnsinometal.com\/wp-content\/uploads\/2025\/02\/444-225x300.jpg 225w, https:\/\/cnsinometal.com\/wp-content\/uploads\/2025\/02\/444-1152x1536.jpg 1152w, https:\/\/cnsinometal.com\/wp-content\/uploads\/2025\/02\/444-9x12.jpg 9w, https:\/\/cnsinometal.com\/wp-content\/uploads\/2025\/02\/444.jpg 1440w\" sizes=\"(max-width: 375px) 100vw, 375px\" \/>\u00a0 \u00a0 \u00a0 \u00a0<img loading=\"lazy\" decoding=\"async\" class=\"wp-image-548 alignleft\" src=\"http:\/\/cnsinometal.com\/wp-content\/uploads\/2025\/02\/555-768x1024.jpg\" alt=\"\" width=\"375\" height=\"500\" srcset=\"https:\/\/cnsinometal.com\/wp-content\/uploads\/2025\/02\/555-768x1024.jpg 768w, https:\/\/cnsinometal.com\/wp-content\/uploads\/2025\/02\/555-800x1067.jpg 800w, https:\/\/cnsinometal.com\/wp-content\/uploads\/2025\/02\/555-225x300.jpg 225w, https:\/\/cnsinometal.com\/wp-content\/uploads\/2025\/02\/555-1152x1536.jpg 1152w, https:\/\/cnsinometal.com\/wp-content\/uploads\/2025\/02\/555-9x12.jpg 9w, https:\/\/cnsinometal.com\/wp-content\/uploads\/2025\/02\/555.jpg 1440w\" sizes=\"(max-width: 375px) 100vw, 375px\" \/><\/p>\n<p>&nbsp;<\/p>\n<p>&nbsp;<\/p>\n<p>&nbsp;<\/p>\n<p>&nbsp;<\/p>\n<p>&nbsp;<\/p>\n<p>&nbsp;<\/p>\n<p>&nbsp;<\/p>\n<p>&nbsp;<\/p>\n<p>&nbsp;<\/p>\n<p>&nbsp;<\/p>\n<p>&nbsp;<\/p>\n<p>&nbsp;<\/p>\n<p>&nbsp;<\/p>\n<p>&nbsp;<\/p>\n<p>&nbsp;<\/p>\n<p>&nbsp;<\/p>\n<h4><strong><b>Avantages et caract\u00e9ristiques des bobines d'acier aluminium-zinc rev\u00eatues d'une couche de couleur<\/b><\/strong><strong><b>\u00a0<\/b><\/strong><\/h4>\n<p><strong><b>Avantages<\/b><\/strong><\/p>\n<ol>\n<li>R\u00e9sistance sup\u00e9rieure \u00e0 la corrosion<\/li>\n<\/ol>\n<p>L'aluminium-zinc (55% Al, 43.4% Zn,1.6% Si) combin\u00e9 \u00e0 une peinture organique offre une r\u00e9sistance \u00e0 la corrosion 2 \u00e0 6 fois sup\u00e9rieure \u00e0 celle de l'acier galvanis\u00e9, ce qui est id\u00e9al pour les zones c\u00f4ti\u00e8res\/industrielles.<\/p>\n<ol start=\"2\">\n<li>Tol\u00e9rance \u00e0 haute temp\u00e9rature<\/li>\n<\/ol>\n<p>R\u00e9siste jusqu'\u00e0 600\u00b0C (\u00e0 court terme), convient aux applications expos\u00e9es \u00e0 la chaleur (par exemple, chemin\u00e9es, ext\u00e9rieurs de fours).<\/p>\n<ol start=\"3\">\n<li>Polyvalence esth\u00e9tique<\/li>\n<\/ol>\n<p>Disponible en PVDF\/SMP ou en rev\u00eatement polyester avec diverses couleurs (normes RAL\/Pantone), ce qui permet d'am\u00e9liorer la conception architecturale.<\/p>\n<ol start=\"4\">\n<li>L\u00e9ger et tr\u00e8s r\u00e9sistant<\/li>\n<\/ol>\n<p>Les aciers avanc\u00e9s \u00e0 haute r\u00e9sistance (AHSS) (par exemple, HX420LAD) r\u00e9duisent le poids de 15-20% tout en maintenant l'int\u00e9grit\u00e9 structurelle.<\/p>\n<ol start=\"5\">\n<li>Dur\u00e9e de vie prolong\u00e9e<\/li>\n<\/ol>\n<p>Dur\u00e9e de vie de plus de 25 ans prouv\u00e9e par des essais sur le terrain (ISO 12944 classe C5-M), ce qui minimise les co\u00fbts de remplacement.<\/p>\n<p>Caract\u00e9ristiques<\/p>\n<ol>\n<li>Structure multicouche<\/li>\n<\/ol>\n<p>M\u00e9tal de base (acier CRCA) + couche d'alliage Alu-Zinc + syst\u00e8me d'appr\u00eat\/couche de finition<\/p>\n<ol start=\"2\">\n<li>Processus d'enduction en continu<\/li>\n<\/ol>\n<p>La galvanisation \u00e0 chaud suivie du rev\u00eatement des bobines permet un contr\u00f4le pr\u00e9cis de l'\u00e9paisseur.<\/p>\n<ol start=\"3\">\n<li>Formabilit\u00e9<\/li>\n<\/ol>\n<p>Compatible avec le profilage et le poin\u00e7onnage, certifi\u00e9 pour les profils complexes.<\/p>\n<ol start=\"4\">\n<li>Respect de l'environnement<\/li>\n<\/ol>\n<p>Enti\u00e8rement recyclables (certifi\u00e9s GRS), les rev\u00eatements \u00e0 faible teneur en COV r\u00e9pondent aux exigences LEED\/BREEAM.<\/p>\n<ol start=\"5\">\n<li>Utilit\u00e9 intersectorielle<\/li>\n<\/ol>\n<p>Largement utilis\u00e9 dans la construction (panneaux sandwich), les appareils \u00e9lectrom\u00e9nagers (tambours de machines \u00e0 laver) et l'automobile (composants HVAC).<\/p>\n<h4><strong><b>\u00c0 propos de l'emballage<\/b><\/strong><\/h4>\n<ol>\n<li>Emballage d'exportation standard en bon \u00e9tat de navigabilit\u00e9<\/li>\n<li>Emballage vertical ou horizontal<br \/>\n<img loading=\"lazy\" decoding=\"async\" class=\"wp-image-549 alignleft\" src=\"http:\/\/cnsinometal.com\/wp-content\/uploads\/2025\/02\/fcf0c73d677579ed4ad0e6187af5d66-768x1024.jpg\" alt=\"\" width=\"375\" height=\"500\" srcset=\"https:\/\/cnsinometal.com\/wp-content\/uploads\/2025\/02\/fcf0c73d677579ed4ad0e6187af5d66-768x1024.jpg 768w, https:\/\/cnsinometal.com\/wp-content\/uploads\/2025\/02\/fcf0c73d677579ed4ad0e6187af5d66-800x1067.jpg 800w, https:\/\/cnsinometal.com\/wp-content\/uploads\/2025\/02\/fcf0c73d677579ed4ad0e6187af5d66-225x300.jpg 225w, https:\/\/cnsinometal.com\/wp-content\/uploads\/2025\/02\/fcf0c73d677579ed4ad0e6187af5d66-1152x1536.jpg 1152w, https:\/\/cnsinometal.com\/wp-content\/uploads\/2025\/02\/fcf0c73d677579ed4ad0e6187af5d66-9x12.jpg 9w, https:\/\/cnsinometal.com\/wp-content\/uploads\/2025\/02\/fcf0c73d677579ed4ad0e6187af5d66.jpg 1280w\" sizes=\"(max-width: 375px) 100vw, 375px\" \/> <img loading=\"lazy\" decoding=\"async\" class=\"wp-image-550 alignleft\" src=\"http:\/\/cnsinometal.com\/wp-content\/uploads\/2025\/02\/28d4bc4d06d1c77793f69724997cd85-768x1024.jpg\" alt=\"\" width=\"375\" height=\"500\" srcset=\"https:\/\/cnsinometal.com\/wp-content\/uploads\/2025\/02\/28d4bc4d06d1c77793f69724997cd85-768x1024.jpg 768w, https:\/\/cnsinometal.com\/wp-content\/uploads\/2025\/02\/28d4bc4d06d1c77793f69724997cd85-800x1067.jpg 800w, https:\/\/cnsinometal.com\/wp-content\/uploads\/2025\/02\/28d4bc4d06d1c77793f69724997cd85-225x300.jpg 225w, https:\/\/cnsinometal.com\/wp-content\/uploads\/2025\/02\/28d4bc4d06d1c77793f69724997cd85-1152x1536.jpg 1152w, https:\/\/cnsinometal.com\/wp-content\/uploads\/2025\/02\/28d4bc4d06d1c77793f69724997cd85-9x12.jpg 9w, https:\/\/cnsinometal.com\/wp-content\/uploads\/2025\/02\/28d4bc4d06d1c77793f69724997cd85.jpg 1280w\" sizes=\"(max-width: 375px) 100vw, 375px\" \/><img loading=\"lazy\" decoding=\"async\" class=\"wp-image-551 alignleft\" src=\"http:\/\/cnsinometal.com\/wp-content\/uploads\/2025\/02\/c11b9dbd0c3ed282156974105a36178-768x1024.jpg\" alt=\"\" width=\"375\" height=\"500\" srcset=\"https:\/\/cnsinometal.com\/wp-content\/uploads\/2025\/02\/c11b9dbd0c3ed282156974105a36178-768x1024.jpg 768w, https:\/\/cnsinometal.com\/wp-content\/uploads\/2025\/02\/c11b9dbd0c3ed282156974105a36178-800x1067.jpg 800w, https:\/\/cnsinometal.com\/wp-content\/uploads\/2025\/02\/c11b9dbd0c3ed282156974105a36178-225x300.jpg 225w, https:\/\/cnsinometal.com\/wp-content\/uploads\/2025\/02\/c11b9dbd0c3ed282156974105a36178-1152x1536.jpg 1152w, https:\/\/cnsinometal.com\/wp-content\/uploads\/2025\/02\/c11b9dbd0c3ed282156974105a36178-9x12.jpg 9w, https:\/\/cnsinometal.com\/wp-content\/uploads\/2025\/02\/c11b9dbd0c3ed282156974105a36178.jpg 1280w\" sizes=\"(max-width: 375px) 100vw, 375px\" \/><img loading=\"lazy\" decoding=\"async\" class=\"wp-image-552 alignleft\" src=\"http:\/\/cnsinometal.com\/wp-content\/uploads\/2025\/02\/5c2e95ac017e25034f9a093edff6b44-1024x768.jpg\" alt=\"\" width=\"667\" height=\"500\" srcset=\"https:\/\/cnsinometal.com\/wp-content\/uploads\/2025\/02\/5c2e95ac017e25034f9a093edff6b44-1024x768.jpg 1024w, https:\/\/cnsinometal.com\/wp-content\/uploads\/2025\/02\/5c2e95ac017e25034f9a093edff6b44-800x600.jpg 800w, https:\/\/cnsinometal.com\/wp-content\/uploads\/2025\/02\/5c2e95ac017e25034f9a093edff6b44-300x225.jpg 300w, https:\/\/cnsinometal.com\/wp-content\/uploads\/2025\/02\/5c2e95ac017e25034f9a093edff6b44-768x576.jpg 768w, https:\/\/cnsinometal.com\/wp-content\/uploads\/2025\/02\/5c2e95ac017e25034f9a093edff6b44-1536x1152.jpg 1536w, https:\/\/cnsinometal.com\/wp-content\/uploads\/2025\/02\/5c2e95ac017e25034f9a093edff6b44-16x12.jpg 16w, https:\/\/cnsinometal.com\/wp-content\/uploads\/2025\/02\/5c2e95ac017e25034f9a093edff6b44.jpg 1702w\" sizes=\"(max-width: 667px) 100vw, 667px\" \/><img loading=\"lazy\" decoding=\"async\" class=\"wp-image-554 alignnone\" src=\"http:\/\/cnsinometal.com\/wp-content\/uploads\/2025\/02\/666-768x1024.jpg\" alt=\"\" width=\"375\" height=\"500\" srcset=\"https:\/\/cnsinometal.com\/wp-content\/uploads\/2025\/02\/666-768x1024.jpg 768w, https:\/\/cnsinometal.com\/wp-content\/uploads\/2025\/02\/666-800x1067.jpg 800w, https:\/\/cnsinometal.com\/wp-content\/uploads\/2025\/02\/666-225x300.jpg 225w, https:\/\/cnsinometal.com\/wp-content\/uploads\/2025\/02\/666-1152x1536.jpg 1152w, https:\/\/cnsinometal.com\/wp-content\/uploads\/2025\/02\/666-9x12.jpg 9w, https:\/\/cnsinometal.com\/wp-content\/uploads\/2025\/02\/666.jpg 1421w\" sizes=\"(max-width: 375px) 100vw, 375px\" \/><\/li>\n<\/ol>","protected":false},"excerpt":{"rendered":"<p>\u00c9paisseur : 0,16 mm-1,2 mm<\/p>\n<p>Largeur : 50mm-1500m<\/p>\n<p>Diam\u00e8tre int\u00e9rieur : 508 mm<\/p>\n<p>M\u00e9tal de base : bobine d'acier aluminium-zinc<\/p>\n<p>Couleur : bleu lazabite<\/p>","protected":false},"featured_media":527,"comment_status":"open","ping_status":"closed","template":"","meta":{"_kadence_starter_templates_imported_post":false,"_kad_post_transparent":"default","_kad_post_title":"","_kad_post_layout":"default","_kad_post_sidebar_id":"","_kad_post_content_style":"default","_kad_post_vertical_padding":"default","_kad_post_feature":"","_kad_post_feature_position":"","_kad_post_header":false,"_kad_post_footer":false},"product_brand":[],"product_cat":[34,30],"product_tag":[],"class_list":{"0":"post-518","1":"product","2":"type-product","3":"status-publish","4":"has-post-thumbnail","6":"product_cat-lazarite-blue-ppgl-coil","7":"product_cat-pre-painted-galvalume-steel-coil-ppgl","9":"first","10":"instock","11":"shipping-taxable","12":"product-type-simple","13":"entry","14":"content-bg","15":"loop-entry"},"jetpack_sharing_enabled":true,"_links":{"self":[{"href":"https:\/\/cnsinometal.com\/fr\/wp-json\/wp\/v2\/product\/518","targetHints":{"allow":["GET"]}}],"collection":[{"href":"https:\/\/cnsinometal.com\/fr\/wp-json\/wp\/v2\/product"}],"about":[{"href":"https:\/\/cnsinometal.com\/fr\/wp-json\/wp\/v2\/types\/product"}],"replies":[{"embeddable":true,"href":"https:\/\/cnsinometal.com\/fr\/wp-json\/wp\/v2\/comments?post=518"}],"wp:featuredmedia":[{"embeddable":true,"href":"https:\/\/cnsinometal.com\/fr\/wp-json\/wp\/v2\/media\/527"}],"wp:attachment":[{"href":"https:\/\/cnsinometal.com\/fr\/wp-json\/wp\/v2\/media?parent=518"}],"wp:term":[{"taxonomy":"product_brand","embeddable":true,"href":"https:\/\/cnsinometal.com\/fr\/wp-json\/wp\/v2\/product_brand?post=518"},{"taxonomy":"product_cat","embeddable":true,"href":"https:\/\/cnsinometal.com\/fr\/wp-json\/wp\/v2\/product_cat?post=518"},{"taxonomy":"product_tag","embeddable":true,"href":"https:\/\/cnsinometal.com\/fr\/wp-json\/wp\/v2\/product_tag?post=518"}],"curies":[{"name":"wp","href":"https:\/\/api.w.org\/{rel}","templated":true}]}}