{"id":485,"date":"2024-10-17T19:45:08","date_gmt":"2024-10-17T11:45:08","guid":{"rendered":"https:\/\/cnsinometal.com\/?post_type=product&#038;p=485"},"modified":"2025-02-11T10:05:46","modified_gmt":"2025-02-11T02:05:46","slug":"pre-painted-aluminum-coil-ppal","status":"publish","type":"product","link":"https:\/\/cnsinometal.com\/fr\/produit\/pre-painted-aluminum-coil-ppal\/","title":{"rendered":"BOBINE D'ALUMINIUM PR\u00c9LAQU\u00c9 (PPAL)"},"content":{"rendered":"","protected":false},"excerpt":{"rendered":"<p>Caract\u00e9ristiques :<\/p>\n<ul>\n<li>\u00c9paisseur : 0,14 mm-1,5 mm<\/li>\n<li>Largeur : 50mm-1500mm<\/li>\n<li>M\u00e9tal de base : Bobine d'acier galvanis\u00e9, bobine d'acier galvanis\u00e9, bobine d'aluminium<\/li>\n<li>Couleur : le produit peut \u00eatre peint dans n'importe quelle couleur en fonction des pr\u00e9f\u00e9rences du client et des besoins de ses projets.<\/li>\n<li>Film de protection : PVC, etc.<\/li>\n<li>Syst\u00e8me de peinture : Polyester, HDP, SMP, PVDF<\/li>\n<li>Finition de la surface : brillante, mate, maille\/velours, imprim\u00e9e<\/li>\n<\/ul>","protected":false},"featured_media":266,"comment_status":"open","ping_status":"closed","template":"","meta":{"_kadence_starter_templates_imported_post":false,"_kad_post_transparent":"default","_kad_post_title":"","_kad_post_layout":"default","_kad_post_sidebar_id":"","_kad_post_content_style":"default","_kad_post_vertical_padding":"default","_kad_post_feature":"","_kad_post_feature_position":"","_kad_post_header":false,"_kad_post_footer":false},"product_brand":[],"product_cat":[31],"product_tag":[],"class_list":{"0":"post-485","1":"product","2":"type-product","3":"status-publish","4":"has-post-thumbnail","6":"product_cat-pre-painted-aluminum-coil-ppal","8":"first","9":"instock","10":"shipping-taxable","11":"product-type-simple","12":"entry","13":"content-bg","14":"loop-entry"},"jetpack_sharing_enabled":true,"_links":{"self":[{"href":"https:\/\/cnsinometal.com\/fr\/wp-json\/wp\/v2\/product\/485","targetHints":{"allow":["GET"]}}],"collection":[{"href":"https:\/\/cnsinometal.com\/fr\/wp-json\/wp\/v2\/product"}],"about":[{"href":"https:\/\/cnsinometal.com\/fr\/wp-json\/wp\/v2\/types\/product"}],"replies":[{"embeddable":true,"href":"https:\/\/cnsinometal.com\/fr\/wp-json\/wp\/v2\/comments?post=485"}],"wp:featuredmedia":[{"embeddable":true,"href":"https:\/\/cnsinometal.com\/fr\/wp-json\/wp\/v2\/media\/266"}],"wp:attachment":[{"href":"https:\/\/cnsinometal.com\/fr\/wp-json\/wp\/v2\/media?parent=485"}],"wp:term":[{"taxonomy":"product_brand","embeddable":true,"href":"https:\/\/cnsinometal.com\/fr\/wp-json\/wp\/v2\/product_brand?post=485"},{"taxonomy":"product_cat","embeddable":true,"href":"https:\/\/cnsinometal.com\/fr\/wp-json\/wp\/v2\/product_cat?post=485"},{"taxonomy":"product_tag","embeddable":true,"href":"https:\/\/cnsinometal.com\/fr\/wp-json\/wp\/v2\/product_tag?post=485"}],"curies":[{"name":"wp","href":"https:\/\/api.w.org\/{rel}","templated":true}]}}