{"id":279,"date":"2024-10-09T19:57:43","date_gmt":"2024-10-09T11:57:43","guid":{"rendered":"http:\/\/cnsinometal.com\/?post_type=product&#038;p=279"},"modified":"2025-02-11T10:05:36","modified_gmt":"2025-02-11T02:05:36","slug":"roofing-sheet","status":"publish","type":"product","link":"https:\/\/cnsinometal.com\/fr\/produit\/roofing-sheet\/","title":{"rendered":"FEUILLE DE TOITURE"},"content":{"rendered":"<p>Gr\u00e2ce \u00e0 une technologie brevet\u00e9e, nous avons am\u00e9lior\u00e9 l'\u00e9quipement traditionnel de pressage des tuiles. \u00c0 l'origine, la forme traditionnelle des tuiles ne pouvait \u00eatre utilis\u00e9e que pour les cl\u00f4tures d'autoroutes primitives et les abris de construction r\u00e9sidentielle ; cependant, les tuiles fabriqu\u00e9es par notre soci\u00e9t\u00e9 peuvent atteindre les normes d'exportation \u00e0 l'\u00e9tranger et sont adapt\u00e9es \u00e0 une utilisation dans des installations haut de gamme telles que les stations d'autoroutes, les a\u00e9roports et les gymnases. Les presses \u00e0 carreaux modernis\u00e9es et restructur\u00e9es affichent un \"style europ\u00e9en\" et adoptent l'\"esprit Luban\", ce qui a permis \u00e0 nos produits d'\u00eatre bien accueillis par les clients \u00e9trangers. Parmi eux, la deuxi\u00e8me phase des produits en aluminium \u00e0 rev\u00eatement color\u00e9, dont certains sont utilis\u00e9s dans les panneaux d'automobiles et d'appareils \u00e9lectrom\u00e9nagers, ainsi que dans d'importants projets de construction nationaux.<\/p>","protected":false},"excerpt":{"rendered":"<p>Gr\u00e2ce \u00e0 une technologie brevet\u00e9e, nous avons am\u00e9lior\u00e9 l'\u00e9quipement traditionnel de pressage des tuiles. \u00c0 l'origine, la forme traditionnelle des tuiles ne pouvait \u00eatre utilis\u00e9e que pour les cl\u00f4tures d'autoroutes primitives et les abris de construction r\u00e9sidentielle ; cependant, les tuiles fabriqu\u00e9es par notre soci\u00e9t\u00e9 peuvent atteindre les normes d'exportation outre-mer et sont adapt\u00e9es \u00e0 une utilisation dans des installations haut de gamme telles que les stations d'autoroutes, les a\u00e9roports et les gymnases.....<\/p>","protected":false},"featured_media":280,"comment_status":"open","ping_status":"closed","template":"","meta":{"_kadence_starter_templates_imported_post":false,"_kad_post_transparent":"default","_kad_post_title":"","_kad_post_layout":"default","_kad_post_sidebar_id":"","_kad_post_content_style":"default","_kad_post_vertical_padding":"default","_kad_post_feature":"","_kad_post_feature_position":"","_kad_post_header":false,"_kad_post_footer":false},"product_brand":[],"product_cat":[24,32],"product_tag":[],"class_list":{"0":"post-279","1":"product","2":"type-product","3":"status-publish","4":"has-post-thumbnail","6":"product_cat-products","7":"product_cat-roofing-sheet","9":"first","10":"instock","11":"shipping-taxable","12":"product-type-simple","13":"entry","14":"content-bg","15":"loop-entry"},"jetpack_sharing_enabled":true,"_links":{"self":[{"href":"https:\/\/cnsinometal.com\/fr\/wp-json\/wp\/v2\/product\/279","targetHints":{"allow":["GET"]}}],"collection":[{"href":"https:\/\/cnsinometal.com\/fr\/wp-json\/wp\/v2\/product"}],"about":[{"href":"https:\/\/cnsinometal.com\/fr\/wp-json\/wp\/v2\/types\/product"}],"replies":[{"embeddable":true,"href":"https:\/\/cnsinometal.com\/fr\/wp-json\/wp\/v2\/comments?post=279"}],"wp:featuredmedia":[{"embeddable":true,"href":"https:\/\/cnsinometal.com\/fr\/wp-json\/wp\/v2\/media\/280"}],"wp:attachment":[{"href":"https:\/\/cnsinometal.com\/fr\/wp-json\/wp\/v2\/media?parent=279"}],"wp:term":[{"taxonomy":"product_brand","embeddable":true,"href":"https:\/\/cnsinometal.com\/fr\/wp-json\/wp\/v2\/product_brand?post=279"},{"taxonomy":"product_cat","embeddable":true,"href":"https:\/\/cnsinometal.com\/fr\/wp-json\/wp\/v2\/product_cat?post=279"},{"taxonomy":"product_tag","embeddable":true,"href":"https:\/\/cnsinometal.com\/fr\/wp-json\/wp\/v2\/product_tag?post=279"}],"curies":[{"name":"wp","href":"https:\/\/api.w.org\/{rel}","templated":true}]}}