{"id":262,"date":"2024-10-09T19:34:35","date_gmt":"2024-10-09T11:34:35","guid":{"rendered":"http:\/\/cnsinometal.com\/?post_type=product&#038;p=262"},"modified":"2025-04-10T10:26:38","modified_gmt":"2025-04-10T02:26:38","slug":"gl-coil","status":"publish","type":"product","link":"https:\/\/cnsinometal.com\/fr\/produit\/gl-coil\/","title":{"rendered":"Bobines d'acier galvanis\u00e9 (GL)"},"content":{"rendered":"<p>En tant que nouveau mat\u00e9riau de construction, l'acier galvalume (rev\u00eatu d'aluminium et de zinc-silicate), bas\u00e9 sur la bande d'acier lamin\u00e9e \u00e0 froid, est produit par le biais d'un processus technique continu de rev\u00eatement de zinc \u00e0 chaud en utilisant 55% d'aluminium, 43% de zinc et 2% de silicate. La couche de rev\u00eatement est un alliage Zn-Ai. Gr\u00e2ce \u00e0 ses bonnes caract\u00e9ristiques de r\u00e9sistance \u00e0 la corrosion, la t\u00f4le d'acier galvalume est 2 \u00e0 6 fois plus r\u00e9sistante \u00e0 la corrosion \u00e0 l'air que la t\u00f4le rev\u00eatue de zinc, \u00e0 \u00e9paisseur de rev\u00eatement \u00e9gale. Gr\u00e2ce \u00e0 ses caract\u00e9ristiques de rev\u00eatement fin et \u00e0 sa capacit\u00e9 de traitement, ce produit est largement utilis\u00e9 dans les industries des mat\u00e9riaux de construction, des appareils \u00e9lectriques, de l'automobile et des appareils m\u00e9nagers, etc.<\/p>\n<p>Avec des \u00e9quipements de production avanc\u00e9s, nous pouvons produire des t\u00f4les d'acier galvalume ultra-minces et \u00e0 haute r\u00e9sistance, en fournissant une excellente qualit\u00e9, nous jouissons d'une bonne r\u00e9putation \u00e0 la fois dans le pays et \u00e0 l'\u00e9tranger.<\/p>\n<h2>D\u00e9tails du produit<\/h2>\n<table style=\"border-collapse: collapse; width: 647px; height: 290px;\" border=\"0\" width=\"527\" cellspacing=\"0\" cellpadding=\"0\">\n<tbody>\n<tr style=\"height: 25.00pt;\">\n<td class=\"et2\" style=\"height: 25.00pt; width: 121.50pt;\" width=\"162\" height=\"33\">Objet<\/td>\n<td class=\"et2\" style=\"width: 273.75pt;\" width=\"365\">GL Coil<\/td>\n<\/tr>\n<tr style=\"height: 25.00pt;\">\n<td class=\"et3\" style=\"height: 25.00pt;\" height=\"33\">Standard<\/td>\n<td class=\"et3\">GB, JIS, ASTM, EN<\/td>\n<\/tr>\n<tr style=\"height: 25.00pt;\">\n<td class=\"et3\" style=\"height: 25.00pt;\" height=\"33\">\u00c9paisseur<\/td>\n<td class=\"et3\">0,13mm-0,8mm<\/td>\n<\/tr>\n<tr style=\"height: 25.00pt;\">\n<td class=\"et3\" style=\"height: 25.00pt;\" height=\"33\">Largeur<\/td>\n<td class=\"et3\">50mm-1500mm<\/td>\n<\/tr>\n<tr style=\"height: 25.00pt;\">\n<td class=\"et3\" style=\"height: 25.00pt;\" height=\"33\">Rev\u00eatement<\/td>\n<td class=\"et3\">20g\/\u33a1-275g\/\u33a1<\/td>\n<\/tr>\n<tr style=\"height: 25.00pt;\">\n<td class=\"et3\" style=\"height: 25.00pt;\" height=\"33\">Poids de la bobine<\/td>\n<td class=\"et3\">selon vos besoins<\/td>\n<\/tr>\n<tr style=\"height: 25.00pt;\">\n<td class=\"et3\" style=\"height: 25.00pt;\" height=\"33\">Traitement de surface<\/td>\n<td class=\"et3\">Huile ; chromat\u00e9 ; huile et chromat\u00e9 ; AFP<\/td>\n<\/tr>\n<tr style=\"height: 25.00pt;\">\n<td class=\"et3\" style=\"height: 25.00pt;\" height=\"33\">Paquet<\/td>\n<td class=\"et3\">Emballage d'exportation standard ou selon vos besoins<\/td>\n<\/tr>\n<\/tbody>\n<\/table>\n<p>&nbsp;<\/p>\n<h3><strong><b>Bobine d'acier aluminium-zinc Avantages et caract\u00e9ristiques<\/b><\/strong><\/h3>\n<ul>\n<li><strong>Excellente r\u00e9sistance \u00e0 la corrosion<\/strong>: Le rev\u00eatement en alliage d'aluminium et de zinc \u00e0 la surface des produits en zinc alumin\u00e9 pr\u00e9sente une bonne r\u00e9sistance \u00e0 la corrosion. L'\u00e9l\u00e9ment aluminium forme facilement un film dense d'oxyde d'aluminium dans l'air, qui peut emp\u00eacher efficacement l'oxyg\u00e8ne et l'humidit\u00e9 d'entrer en contact avec le m\u00e9tal de base et pr\u00e9venir la rouille. Par exemple, dans des environnements ext\u00e9rieurs, l'acier ordinaire peut montrer des signes de rouille en peu de temps, alors que l'acier alumino-zincif\u00e8re peut encore conserver un bon aspect et de bonnes performances apr\u00e8s des ann\u00e9es d'utilisation.<\/li>\n<li><strong>Bonne r\u00e9sistance \u00e0 la chaleur<\/strong>: Les produits en zinc alumin\u00e9 ont une bonne r\u00e9sistance \u00e0 la chaleur et peuvent supporter un certain degr\u00e9 de temp\u00e9rature \u00e9lev\u00e9e. Le rev\u00eatement en alliage d'aluminium et de zinc peut former un film protecteur stable \u00e0 des temp\u00e9ratures \u00e9lev\u00e9es, qui peut \u00eatre utilis\u00e9 dans certains cas n\u00e9cessitant une r\u00e9sistance \u00e0 des temp\u00e9ratures \u00e9lev\u00e9es, comme le syst\u00e8me d'\u00e9chappement automobile, ce qui peut prolonger efficacement la dur\u00e9e de vie des composants.<\/li>\n<li><strong>Haute r\u00e9flectivit\u00e9<\/strong>: Les produits en zinc alumin\u00e9 ont une grande r\u00e9flectivit\u00e9 en surface et une forte capacit\u00e9 \u00e0 r\u00e9fl\u00e9chir la lumi\u00e8re et la chaleur. Cette caract\u00e9ristique leur conf\u00e8re de grands avantages dans le domaine de la construction. Ils peuvent \u00eatre utilis\u00e9s comme mat\u00e9riaux de toiture, ce qui permet de r\u00e9fl\u00e9chir efficacement la lumi\u00e8re du soleil, de r\u00e9duire la temp\u00e9rature int\u00e9rieure et la consommation d'\u00e9nergie des \u00e9quipements de r\u00e9frig\u00e9ration tels que les climatiseurs, et ainsi de r\u00e9aliser des \u00e9conomies d'\u00e9nergie et de prot\u00e9ger l'environnement.<\/li>\n<li><strong>Excellente performance de traitement<\/strong>: Les produits en zinc alumin\u00e9 ont de bonnes performances de traitement et peuvent \u00eatre soumis \u00e0 diverses op\u00e9rations de traitement telles que l'estampage, le pliage et le soudage pour r\u00e9pondre aux besoins de traitement de diff\u00e9rentes industries. Au cours du processus de transformation, le rev\u00eatement de zinc alumin\u00e9 n'est pas susceptible de se d\u00e9tacher ou d'\u00eatre endommag\u00e9, et peut conserver de bonnes performances.<\/li>\n<li><strong>Belle apparence<\/strong>: Les produits en zinc alumin\u00e9 pr\u00e9sentent un \u00e9clat m\u00e9tallique gris-argent\u00e9 \u00e0 la surface, et leur apparence est belle et g\u00e9n\u00e9reuse. Ce bel aspect en fait un produit largement utilis\u00e9 dans certains domaines o\u00f9 les exigences en mati\u00e8re d'apparence sont \u00e9lev\u00e9es, tels que la d\u00e9coration des b\u00e2timents et les coques d'appareils m\u00e9nagers, ce qui peut am\u00e9liorer la qualit\u00e9 globale et la comp\u00e9titivit\u00e9 des produits sur le march\u00e9.<\/li>\n<\/ul>\n<h3><strong><b>Domaines d'application<\/b><\/strong><\/h3>\n<ul>\n<li><strong>Industrie de la construction<\/strong>: Il est largement utilis\u00e9 dans les toits, les murs, les panneaux de toit, les portes de volets roulants, etc. Sa r\u00e9sistance \u00e0 la corrosion et sa beaut\u00e9 permettent \u00e0 l'apparence du b\u00e2timent de durer longtemps et d'\u00eatre belle, tout en prot\u00e9geant efficacement la structure du b\u00e2timent contre l'\u00e9rosion de l'environnement ext\u00e9rieur.<\/li>\n<li><strong>Industrie des appareils m\u00e9nagers<\/strong>: Il est utilis\u00e9 pour les coques des r\u00e9frig\u00e9rateurs, des climatiseurs, des machines \u00e0 laver et d'autres appareils \u00e9lectrom\u00e9nagers. La r\u00e9sistance \u00e0 la corrosion et la belle apparence des produits en zinc alumin\u00e9 peuvent am\u00e9liorer la qualit\u00e9 et la dur\u00e9e de vie des appareils \u00e9lectrom\u00e9nagers, et ses bonnes performances de traitement permettent \u00e9galement aux fabricants d'appareils \u00e9lectrom\u00e9nagers d'effectuer des op\u00e9rations de moulage.<\/li>\n<li><strong>Industrie automobile<\/strong>: Il peut \u00eatre utilis\u00e9 pour les pi\u00e8ces structurelles de la carrosserie automobile, les capots de moteur, les supports de radiateur et d'autres composants. La r\u00e9sistance \u00e0 la corrosion et \u00e0 la chaleur des produits en zinc alumin\u00e9 permet de r\u00e9pondre aux exigences d'utilisation des automobiles dans diff\u00e9rents environnements, de prot\u00e9ger efficacement les composants automobiles et de prolonger la dur\u00e9e de vie des automobiles.<\/li>\n<li><strong>Industrie \u00e9lectronique<\/strong>: Il est utilis\u00e9 dans les coques et les radiateurs des \u00e9quipements \u00e9lectroniques. La haute r\u00e9flectivit\u00e9 et les bonnes performances de dissipation de la chaleur des produits en zinc alumin\u00e9 sont utiles pour la dissipation de la chaleur des \u00e9quipements \u00e9lectroniques, et leur r\u00e9sistance \u00e0 la corrosion peut \u00e9galement garantir la fiabilit\u00e9 des \u00e9quipements \u00e9lectroniques dans diff\u00e9rents environnements.<\/li>\n<\/ul>","protected":false},"excerpt":{"rendered":"<p>Caract\u00e9ristiques :<\/p>\n<ul>\n<li>\u00c9paisseur : 0,13 mm-0,8 mm<\/li>\n<li>Largeur : 50mm-1500mm<\/li>\n<li>Enrobage : 20g\/\u33a1-275g\/\u33a1<\/li>\n<li>Diam\u00e8tre de la bobine : 508\/610 mm<\/li>\n<li>Traitement de surface : anti-doigts, huile, chromat\u00e9, huile et chromat\u00e9<\/li>\n<\/ul>","protected":false},"featured_media":263,"comment_status":"open","ping_status":"closed","template":"","meta":{"_kadence_starter_templates_imported_post":false,"_kad_post_transparent":"default","_kad_post_title":"","_kad_post_layout":"default","_kad_post_sidebar_id":"","_kad_post_content_style":"default","_kad_post_vertical_padding":"default","_kad_post_feature":"","_kad_post_feature_position":"","_kad_post_header":false,"_kad_post_footer":false},"product_brand":[],"product_cat":[28],"product_tag":[],"class_list":{"0":"post-262","1":"product","2":"type-product","3":"status-publish","4":"has-post-thumbnail","6":"product_cat-galvalume-steel-coil-gl","8":"first","9":"instock","10":"shipping-taxable","11":"product-type-simple","12":"entry","13":"content-bg","14":"loop-entry"},"jetpack_sharing_enabled":true,"_links":{"self":[{"href":"https:\/\/cnsinometal.com\/fr\/wp-json\/wp\/v2\/product\/262","targetHints":{"allow":["GET"]}}],"collection":[{"href":"https:\/\/cnsinometal.com\/fr\/wp-json\/wp\/v2\/product"}],"about":[{"href":"https:\/\/cnsinometal.com\/fr\/wp-json\/wp\/v2\/types\/product"}],"replies":[{"embeddable":true,"href":"https:\/\/cnsinometal.com\/fr\/wp-json\/wp\/v2\/comments?post=262"}],"wp:featuredmedia":[{"embeddable":true,"href":"https:\/\/cnsinometal.com\/fr\/wp-json\/wp\/v2\/media\/263"}],"wp:attachment":[{"href":"https:\/\/cnsinometal.com\/fr\/wp-json\/wp\/v2\/media?parent=262"}],"wp:term":[{"taxonomy":"product_brand","embeddable":true,"href":"https:\/\/cnsinometal.com\/fr\/wp-json\/wp\/v2\/product_brand?post=262"},{"taxonomy":"product_cat","embeddable":true,"href":"https:\/\/cnsinometal.com\/fr\/wp-json\/wp\/v2\/product_cat?post=262"},{"taxonomy":"product_tag","embeddable":true,"href":"https:\/\/cnsinometal.com\/fr\/wp-json\/wp\/v2\/product_tag?post=262"}],"curies":[{"name":"wp","href":"https:\/\/api.w.org\/{rel}","templated":true}]}}