{"id":220,"date":"2024-10-09T18:56:47","date_gmt":"2024-10-09T10:56:47","guid":{"rendered":"http:\/\/cnsinometal.com\/?post_type=product&#038;p=220"},"modified":"2025-02-11T10:04:52","modified_gmt":"2025-02-11T02:04:52","slug":"gi-coil","status":"publish","type":"product","link":"https:\/\/cnsinometal.com\/fr\/produit\/gi-coil\/","title":{"rendered":"BOBINES D'ACIER GALVANIS\u00c9 (GI)"},"content":{"rendered":"<p>Les bobines d'acier galvanis\u00e9 \u00e0 chaud utilisent de l'acier lamin\u00e9 \u00e0 froid ou des bobines d'acier lamin\u00e9 \u00e0 chaud comme mat\u00e9riau de base, en recouvrant de zinc la surface de la plaque d'acier, pour r\u00e9sister \u00e0 la corrosion \u00e0 la surface de la plaque d'acier et prolonger la dur\u00e9e de vie. Ils sont utilis\u00e9s dans le g\u00e9nie civil et la construction, ainsi que dans l'automobile et les pi\u00e8ces \u00e9lectriques.<\/p>\n<p>Avec une capacit\u00e9 annuelle de 300 000 tonnes, nous effectuons constamment des travaux de recherche et de d\u00e9veloppement sur la technologie de production de la galvanisation, et nous visons \u00e0 d\u00e9velopper des applications plus \u00e9cologiques et diversifi\u00e9es pour ces produits.<\/p>","protected":false},"excerpt":{"rendered":"<p>Caract\u00e9ristiques :<\/p>\n<ul>\n<li>\u00c9paisseur : 0,12-4,0 mm<\/li>\n<li>Largeur : 50mm-1500mm<\/li>\n<li>Diam\u00e8tre de la bobine : 508\/610 mm<\/li>\n<li>M\u00e9tal de base : bobine d'acier lamin\u00e9e \u00e0 chaud<\/li>\n<li>Finition de la surface : Mini\/grande paille, paille z\u00e9ro<\/li>\n<li>Traitement de surface : Impression anti-doigts, chromat\u00e9e, huil\u00e9e\/non-huil\u00e9e<\/li>\n<\/ul>","protected":false},"featured_media":223,"comment_status":"open","ping_status":"closed","template":"","meta":{"_kadence_starter_templates_imported_post":false,"_kad_post_transparent":"default","_kad_post_title":"","_kad_post_layout":"default","_kad_post_sidebar_id":"","_kad_post_content_style":"default","_kad_post_vertical_padding":"default","_kad_post_feature":"","_kad_post_feature_position":"","_kad_post_header":false,"_kad_post_footer":false},"product_brand":[],"product_cat":[27,24],"product_tag":[],"class_list":{"0":"post-220","1":"product","2":"type-product","3":"status-publish","4":"has-post-thumbnail","6":"product_cat-galvanized-steel-coil-gi","7":"product_cat-products","9":"first","10":"instock","11":"shipping-taxable","12":"product-type-simple","13":"entry","14":"content-bg","15":"loop-entry"},"jetpack_sharing_enabled":true,"_links":{"self":[{"href":"https:\/\/cnsinometal.com\/fr\/wp-json\/wp\/v2\/product\/220","targetHints":{"allow":["GET"]}}],"collection":[{"href":"https:\/\/cnsinometal.com\/fr\/wp-json\/wp\/v2\/product"}],"about":[{"href":"https:\/\/cnsinometal.com\/fr\/wp-json\/wp\/v2\/types\/product"}],"replies":[{"embeddable":true,"href":"https:\/\/cnsinometal.com\/fr\/wp-json\/wp\/v2\/comments?post=220"}],"wp:featuredmedia":[{"embeddable":true,"href":"https:\/\/cnsinometal.com\/fr\/wp-json\/wp\/v2\/media\/223"}],"wp:attachment":[{"href":"https:\/\/cnsinometal.com\/fr\/wp-json\/wp\/v2\/media?parent=220"}],"wp:term":[{"taxonomy":"product_brand","embeddable":true,"href":"https:\/\/cnsinometal.com\/fr\/wp-json\/wp\/v2\/product_brand?post=220"},{"taxonomy":"product_cat","embeddable":true,"href":"https:\/\/cnsinometal.com\/fr\/wp-json\/wp\/v2\/product_cat?post=220"},{"taxonomy":"product_tag","embeddable":true,"href":"https:\/\/cnsinometal.com\/fr\/wp-json\/wp\/v2\/product_tag?post=220"}],"curies":[{"name":"wp","href":"https:\/\/api.w.org\/{rel}","templated":true}]}}