{"id":1044,"date":"2025-10-16T11:26:37","date_gmt":"2025-10-16T03:26:37","guid":{"rendered":"https:\/\/cnsinometal.com\/?post_type=product&#038;p=1044"},"modified":"2025-10-16T11:26:37","modified_gmt":"2025-10-16T03:26:37","slug":"high-quality-color-coated-aluminum-coil-prepainted-al-coil-ppal-coil","status":"publish","type":"product","link":"https:\/\/cnsinometal.com\/fr\/produit\/high-quality-color-coated-aluminum-coil-prepainted-al-coil-ppal-coil\/","title":{"rendered":"Bobine d'aluminium color\u00e9 de haute qualit\u00e9 Bobine d'aluminium pr\u00e9patin\u00e9 Bobine PPAL"},"content":{"rendered":"<div class=\"\" data-v-e8f33c66=\"\">\n<div class=\"ant-affix\">\n<div class=\"tabs affix-tabs affix-tab-box\" data-v-e8f33c66=\"\">\n<div class=\"ant-anchor-wrapper\" data-v-e8f33c66=\"\">\n<div class=\"ant-anchor fixed\">\n<div class=\"tab ant-anchor-link ant-anchor-link-active\" data-v-e8f33c66=\"\">\n<h2 data-v-e8f33c66=\"\">Informations sur le produit<\/h2>\n<\/div>\n<div class=\"tab ant-anchor-link\" data-v-e8f33c66=\"\">\n<h2 data-v-e8f33c66=\"\">Informations sur l'exp\u00e9dition<\/h2>\n<\/div>\n<div class=\"tab ant-anchor-link\" data-v-e8f33c66=\"\">\n<h2 data-v-e8f33c66=\"\">Principaux march\u00e9s d'exportation<\/h2>\n<\/div>\n<\/div>\n<\/div>\n<\/div>\n<\/div>\n<\/div>\n<div id=\"content\" class=\"content info-content\" data-v-e8f33c66=\"\">\n<div id=\"Product\" class=\"descriptions\" data-v-e8f33c66=\"\">\n<div class=\"ant-descriptions ant-descriptions-small ant-descriptions-bordered\" data-v-e8f33c66=\"\">\n<div class=\"ant-descriptions-view\">\n<table data-extentions-extra-tablecapture-id=\"954417\">\n<tbody>\n<tr class=\"ant-descriptions-row\">\n<th class=\"ant-descriptions-item-label ant-descriptions-item-colon\">Num\u00e9ro de mod\u00e8le<\/th>\n<td class=\"ant-descriptions-item-content\" colspan=\"5\">SINOLC78A<\/td>\n<\/tr>\n<tr class=\"ant-descriptions-row\">\n<th class=\"ant-descriptions-item-label ant-descriptions-item-colon\">Nom de la marque<\/th>\n<td class=\"ant-descriptions-item-content\" colspan=\"5\">Sino Metal<\/td>\n<\/tr>\n<tr class=\"ant-descriptions-row\">\n<th class=\"ant-descriptions-item-label ant-descriptions-item-colon\">origine<\/th>\n<td class=\"ant-descriptions-item-content\" colspan=\"5\">Chine<\/td>\n<\/tr>\n<tr class=\"ant-descriptions-row\">\n<th class=\"ant-descriptions-item-label ant-descriptions-item-colon\">Petites commandes<\/th>\n<td class=\"ant-descriptions-item-content\" colspan=\"5\">Accept\u00e9<\/td>\n<\/tr>\n<\/tbody>\n<\/table>\n<\/div>\n<\/div>\n<\/div>\n<div class=\"certifications-box\" data-v-e8f33c66=\"\">\n<div class=\"specifications\" data-v-e8f33c66=\"\">\n<h3 class=\"specifications-title\" data-v-e8f33c66=\"\">Principales sp\u00e9cifications\/caract\u00e9ristiques sp\u00e9ciales :<\/h3>\n<div class=\"tpl_txt_editor\" data-v-e8f33c66=\"\">\n<p><strong>Bobines d'aluminium color\u00e9es<\/strong><strong> sont rev\u00eatus d'une couche de couleur sur les bobines d'aluminium. L'aluminium color\u00e9 au fluorocarbone et l'aluminium color\u00e9 au polyester sont largement utilis\u00e9s dans les panneaux en aluminium plastique, les placages en aluminium et les panneaux en nid d'abeille en aluminium. Plafonds en aluminium, surfaces de toit, restes, bo\u00eetes de conserve et produits \u00e9lectroniques. Ses performances sont tr\u00e8s stables et il n'est pas facile de le corroder. Apr\u00e8s un traitement sp\u00e9cial, la surface peut atteindre <\/strong><strong>30 ans<\/strong><strong> de l'assurance qualit\u00e9. <\/strong><strong>Le poids par unit\u00e9 de volume est le plus l\u00e9ger parmi les mat\u00e9riaux m\u00e9talliques.<\/strong><strong>.<\/strong><\/p>\n<div class=\"gs-desc-table\">\n<table data-extentions-extra-tablecapture-id=\"68179\">\n<tbody>\n<tr>\n<td colspan=\"1\" rowspan=\"1\" width=\"151\">Nom du produit<\/td>\n<td colspan=\"3\" rowspan=\"1\" width=\"510\">Bobine d'aluminium pr\u00e9laqu\u00e9<\/td>\n<\/tr>\n<tr>\n<td colspan=\"1\" rowspan=\"1\" width=\"auto\">Nom de la marque<\/td>\n<td colspan=\"3\" rowspan=\"1\" width=\"auto\">SINO METAL<\/td>\n<\/tr>\n<tr>\n<td colspan=\"1\" rowspan=\"1\" width=\"auto\">Mat\u00e9riau<\/td>\n<td colspan=\"3\" rowspan=\"1\" width=\"auto\">1050, 1060, 1100, 3003, 3004, 3105, 5052, 5005, 5754, 5083, 6061 etc.<\/td>\n<\/tr>\n<tr>\n<td colspan=\"1\" rowspan=\"1\" width=\"auto\">Temp\u00e9rer<\/td>\n<td colspan=\"3\" rowspan=\"1\" width=\"auto\">O, H12, H14, H16, H18, H24, H26, H32, H34, etc.<\/td>\n<\/tr>\n<tr>\n<td colspan=\"1\" rowspan=\"1\" width=\"auto\">\u00c9paisseur<\/td>\n<td colspan=\"3\" rowspan=\"1\" width=\"auto\">0,2-3,0 mm<\/td>\n<\/tr>\n<tr>\n<td colspan=\"1\" rowspan=\"1\" width=\"auto\">Largeur<\/td>\n<td colspan=\"3\" rowspan=\"1\" width=\"auto\">30-1600mm<\/td>\n<\/tr>\n<tr>\n<td colspan=\"1\" rowspan=\"1\" width=\"auto\">Couleur<\/td>\n<td colspan=\"3\" rowspan=\"1\" width=\"auto\">Couleur RAL, selon la demande du client<\/td>\n<\/tr>\n<tr>\n<td colspan=\"1\" rowspan=\"2\" width=\"auto\">\u00c9paisseur du rev\u00eatement<\/td>\n<td colspan=\"3\" rowspan=\"1\" width=\"auto\">Rev\u00eatement PVDF : plus de 25 microns<\/td>\n<\/tr>\n<tr>\n<td colspan=\"3\" rowspan=\"1\" width=\"auto\">Rev\u00eatement PE : plus de 18 microns<\/td>\n<\/tr>\n<tr>\n<td colspan=\"1\" rowspan=\"1\" width=\"auto\">Surface<\/td>\n<td colspan=\"3\" rowspan=\"1\" width=\"auto\">Brillant\/mat\/marbre\/bois\/camouflage\/brique<\/td>\n<\/tr>\n<tr>\n<td colspan=\"1\" rowspan=\"1\" width=\"auto\">Certificats<\/td>\n<td colspan=\"3\" rowspan=\"1\" width=\"auto\">ISO 9001\/ISO 14001\/SGS\/SONCAP<\/td>\n<\/tr>\n<tr>\n<td colspan=\"1\" rowspan=\"1\" width=\"auto\">Rev\u00eatement de couleur<\/td>\n<td colspan=\"3\" rowspan=\"1\" width=\"auto\">Dessus : 15-35um Dos : 5-30um<\/td>\n<\/tr>\n<tr>\n<td colspan=\"1\" rowspan=\"1\" width=\"auto\">Film de garde<\/td>\n<td colspan=\"3\" rowspan=\"1\" width=\"auto\">PVC et autres<\/td>\n<\/tr>\n<tr>\n<td colspan=\"1\" rowspan=\"1\" width=\"auto\">Emballage<\/td>\n<td colspan=\"3\" rowspan=\"1\" width=\"auto\">Emballage maritime pour l'exportation ou selon les exigences du client<\/td>\n<\/tr>\n<tr>\n<td colspan=\"1\" rowspan=\"1\" width=\"auto\">Applications<\/td>\n<td colspan=\"3\" rowspan=\"1\" width=\"510\">Toiture, fa\u00e7ade, plafond, goutti\u00e8re, volet roulant, panneau composite<\/td>\n<\/tr>\n<\/tbody>\n<\/table>\n<\/div>\n<p><strong>Structure des bobines d'aluminium pr\u00e9laqu\u00e9<\/strong><\/p>\n<div data-w-e-type=\"imageSingle\">\n<div data-w-e-type=\"attachment\" data-imagetype=\"one\" data-attachmentid=\"\" data-attachmentkey=\"\" data-parenttype=\"imageSingle\" data-position=\"\" data-imgurl=\"\" data-imagewidth=\"\" data-imageheight=\"\" data-url=\"\"><img decoding=\"async\" class=\"lazy\" src=\"https:\/\/p.globalsources.com\/IMAGES\/PDT\/B6015410991\/Aluminum-Coil.jpg\" data-src=\"https:\/\/p.globalsources.com\/IMAGES\/PDT\/B6015410991\/Aluminum-Coil.jpg\" data-extentions-extra-ocr-id=\"44a8fe60eeb6a8b5333d8a8d91f0963a\" \/><\/div>\n<\/div>\n<p><strong>Rev\u00eatement polyester (PE)<\/strong><\/p>\n<p>Il s'agit d'une sorte de rev\u00eatement anti-UV. La r\u00e9sine polyester est un polym\u00e8re contenant une liaison ester dans la cha\u00eene principale en tant que monom\u00e8re. Une r\u00e9sine acide est ajout\u00e9e. L'absorbeur d'ultraviolets peut \u00eatre divis\u00e9 en s\u00e9ries mates et brillantes en fonction de la brillance. Il convient particuli\u00e8rement \u00e0 la d\u00e9coration int\u00e9rieure et aux panneaux publicitaires.<\/p>\n<p><strong>Proc\u00e9d\u00e9 de fabrication des bobines d'aluminium pr\u00e9laqu\u00e9<\/strong><\/p>\n<div data-w-e-type=\"imageSingle\">\n<div data-w-e-type=\"attachment\" data-imagetype=\"one\" data-attachmentid=\"\" data-attachmentkey=\"\" data-parenttype=\"imageSingle\" data-position=\"\" data-imgurl=\"\" data-imagewidth=\"\" data-imageheight=\"\" data-url=\"\"><img decoding=\"async\" class=\"lazy\" src=\"https:\/\/p.globalsources.com\/IMAGES\/PDT\/B6015411002\/Aluminum-Coil.png\" data-src=\"https:\/\/p.globalsources.com\/IMAGES\/PDT\/B6015411002\/Aluminum-Coil.png\" data-extentions-extra-ocr-id=\"44a8fe60eeb6a8b5333d8a8d91f0963a\" \/><\/div>\n<\/div>\n<h2>Diff\u00e9rences entre les bobines d'aluminium pr\u00e9laqu\u00e9 et les bobines d'acier pr\u00e9laqu\u00e9<\/h2>\n<div data-w-e-type=\"imageSingle\">\n<div data-w-e-type=\"attachment\" data-imagetype=\"one\" data-attachmentid=\"\" data-attachmentkey=\"\" data-parenttype=\"imageSingle\" data-position=\"\" data-imgurl=\"\" data-imagewidth=\"\" data-imageheight=\"\" data-url=\"\"><img decoding=\"async\" class=\"lazy\" src=\"https:\/\/p.globalsources.com\/IMAGES\/PDT\/B6015410990\/Aluminum-Coil.jpg\" data-src=\"https:\/\/p.globalsources.com\/IMAGES\/PDT\/B6015410990\/Aluminum-Coil.jpg\" data-extentions-extra-ocr-id=\"44a8fe60eeb6a8b5333d8a8d91f0963a\" \/><\/div>\n<\/div>\n<p><strong>Les avantages des bobines d'aluminium \u00e0 rev\u00eatement color\u00e9<\/strong><\/p>\n<ul>\n<li><strong>Texture l\u00e9g\u00e8re, plus facile \u00e0 modeler<\/strong><\/li>\n<li><strong>R\u00e9sistance \u00e0 la corrosion En raison de la pr\u00e9sence d'un film d'oxyde serr\u00e9 sur sa surface, il pr\u00e9sente une forte adh\u00e9rence, une r\u00e9sistance \u00e0 l'oxydation, une r\u00e9sistance \u00e0 l'acide, une r\u00e9sistance aux alcalis, une r\u00e9sistance \u00e0 la corrosion, une r\u00e9sistance \u00e0 la d\u00e9composition et une r\u00e9sistance aux ultraviolets.<\/strong><\/li>\n<li><strong>Bonne r\u00e9sistance \u00e0 la temp\u00e9rature, le point de fusion de l'aluminium est de 660 degr\u00e9s, la temp\u00e9rature g\u00e9n\u00e9rale ne peut pas atteindre son point de fusion.<\/strong><\/li>\n<li><strong>Le panneau a une r\u00e9sistance extr\u00eamement \u00e9lev\u00e9e et peut \u00eatre coup\u00e9, fendu, \u00e9quilibr\u00e9, perc\u00e9, raccord\u00e9, fix\u00e9 et comprim\u00e9 sur le bord.<\/strong><\/li>\n<\/ul>\n<p><strong>Champ d'application<\/strong><\/p>\n<p>Le PPAL est largement utilis\u00e9 dans les terminaux d'a\u00e9roports, les entrep\u00f4ts de maintenance des avions, les gares et les grands centres de transport, les centres de conf\u00e9rence et d'exposition, les stades, les salles d'exposition, les grandes installations de divertissement public, les b\u00e2timents de service public, les grands centres commerciaux, les installations commerciales et les b\u00e2timents r\u00e9sidentiels.<\/p>\n<div data-w-e-type=\"imageTwo\">\n<div data-w-e-type=\"attachment\" data-imagetype=\"two\" data-attachmentid=\"\" data-attachmentkey=\"\" data-parenttype=\"imageTwo\" data-position=\"left\" data-imgurl=\"\" data-imagewidth=\"\" data-imageheight=\"\" data-url=\"\"><img decoding=\"async\" class=\"lazy\" src=\"https:\/\/p.globalsources.com\/IMAGES\/PDT\/B6015411003\/Aluminum-Coil.jpg\" data-src=\"https:\/\/p.globalsources.com\/IMAGES\/PDT\/B6015411003\/Aluminum-Coil.jpg\" data-extentions-extra-ocr-id=\"44a8fe60eeb6a8b5333d8a8d91f0963a\" \/><\/div>\n<div data-w-e-type=\"attachment\" data-imagetype=\"two\" data-attachmentid=\"\" data-attachmentkey=\"\" data-parenttype=\"imageTwo\" data-position=\"right\" data-imgurl=\"\" data-imagewidth=\"\" data-imageheight=\"\" data-url=\"\"><img decoding=\"async\" class=\"lazy\" src=\"https:\/\/p.globalsources.com\/IMAGES\/PDT\/B6015410992\/Aluminum-Coil.jpg\" data-src=\"https:\/\/p.globalsources.com\/IMAGES\/PDT\/B6015410992\/Aluminum-Coil.jpg\" data-extentions-extra-ocr-id=\"44a8fe60eeb6a8b5333d8a8d91f0963a\" \/><\/div>\n<\/div>\n<p>A PROPOS DE SINO METAL<\/p>\n<p>Shandong Sino Metal Co.,ltd est une entreprise int\u00e9gr\u00e9e de premier plan dans le domaine de la fabrication et du commerce en Chine.<\/p>\n<p>Nous sommes sp\u00e9cialis\u00e9s dans l'acier lamin\u00e9 \u00e0 froid, l'acier galvanis\u00e9, l'acier galvanis\u00e9, l'acier pr\u00e9laqu\u00e9 et les t\u00f4les et bobines de fer-blanc. Nous effectuons \u00e9galement des transformations profondes pour ces produits, par exemple la fabrication de t\u00f4les ondul\u00e9es, de t\u00f4les de toiture pr\u00e9laqu\u00e9es, de bobines refendues en bandes, etc.<\/p>\n<p>Nous avons d\u00e9marr\u00e9 notre activit\u00e9 en 2005, aujourd'hui nous avons \u00e9tabli notre propre usine pour la fabrication de t\u00f4les de toiture et de t\u00f4les d'acier galvanis\u00e9es, galvanis\u00e9es et pr\u00e9peintes, nous avons \u00e9galement coop\u00e9r\u00e9 avec notre partenaire pour \u00e9tablir une ligne de bobines d'acier galvanis\u00e9 et des lignes de bobines d'acier pr\u00e9peintes, notre capacit\u00e9 de production annuelle peut atteindre plus de 300000 tonnes.<\/p>\n<div data-w-e-type=\"imageTwo\">\n<div data-w-e-type=\"attachment\" data-imagetype=\"two\" data-attachmentid=\"\" data-attachmentkey=\"\" data-parenttype=\"imageTwo\" data-position=\"left\" data-imgurl=\"\" data-imagewidth=\"\" data-imageheight=\"\" data-url=\"\"><img decoding=\"async\" class=\"lazy\" src=\"https:\/\/p.globalsources.com\/IMAGES\/PDT\/B6022187367\/Aluminum-Coil.jpg\" data-src=\"https:\/\/p.globalsources.com\/IMAGES\/PDT\/B6022187367\/Aluminum-Coil.jpg\" data-extentions-extra-ocr-id=\"44a8fe60eeb6a8b5333d8a8d91f0963a\" \/><\/div>\n<div data-w-e-type=\"attachment\" data-imagetype=\"two\" data-attachmentid=\"\" data-attachmentkey=\"\" data-parenttype=\"imageTwo\" data-position=\"right\" data-imgurl=\"\" data-imagewidth=\"\" data-imageheight=\"\" data-url=\"\"><img decoding=\"async\" class=\"lazy\" src=\"https:\/\/p.globalsources.com\/IMAGES\/PDT\/B6022187444\/Aluminum-Coil.jpg\" data-src=\"https:\/\/p.globalsources.com\/IMAGES\/PDT\/B6022187444\/Aluminum-Coil.jpg\" data-extentions-extra-ocr-id=\"44a8fe60eeb6a8b5333d8a8d91f0963a\" \/><\/div>\n<\/div>\n<div data-w-e-type=\"imageSingle\">\n<div data-w-e-type=\"attachment\" data-imagetype=\"one\" data-attachmentid=\"\" data-attachmentkey=\"\" data-parenttype=\"imageSingle\" data-position=\"\" data-imgurl=\"\" data-imagewidth=\"\" data-imageheight=\"\" data-url=\"\"><\/div>\n<\/div>\n<\/div>\n<\/div>\n<div class=\"textImg-box\" data-v-d0e03504=\"\" data-v-e8f33c66=\"\"><\/div>\n<\/div>\n<div id=\"Shipping\" class=\"certifications\" data-v-e8f33c66=\"\">\n<h3 class=\"title\" data-v-e8f33c66=\"\">Informations sur l'exp\u00e9dition<\/h3>\n<div class=\"certifications-content\" data-v-e8f33c66=\"\">\n<div class=\"ant-descriptions ant-descriptions-small ant-descriptions-bordered\" data-v-e8f33c66=\"\">\n<div class=\"ant-descriptions-view\">\n<table data-extentions-extra-tablecapture-id=\"363814\">\n<tbody>\n<tr class=\"ant-descriptions-row\">\n<th class=\"ant-descriptions-item-label ant-descriptions-item-colon\">Code HTS<\/th>\n<td class=\"ant-descriptions-item-content\" colspan=\"5\">7210.49.00 00<\/td>\n<\/tr>\n<\/tbody>\n<\/table>\n<\/div>\n<\/div>\n<div class=\"ant-descriptions ant-descriptions-small ant-descriptions-bordered\" data-v-e8f33c66=\"\">\n<div class=\"ant-descriptions-view\">\n<table data-extentions-extra-tablecapture-id=\"512873\">\n<tbody>\n<tr class=\"ant-descriptions-row\">\n<th class=\"ant-descriptions-item-label ant-descriptions-item-colon\">D\u00e9lai d'ex\u00e9cution<\/th>\n<td class=\"ant-descriptions-item-content\" colspan=\"5\">7-15 jours<\/td>\n<\/tr>\n<\/tbody>\n<\/table>\n<\/div>\n<\/div>\n<\/div>\n<\/div>\n<div id=\"MainExportMarkets\" class=\"markets\" data-v-e8f33c66=\"\">\n<h3 class=\"title\" data-v-e8f33c66=\"\">Principaux march\u00e9s d'exportation<\/h3>\n<div class=\"markets-content\" data-v-e8f33c66=\"\">\n<div class=\"markets-content-row\" data-v-e8f33c66=\"\">\n<div class=\"item\" data-v-e8f33c66=\"\">- Asie<\/div>\n<div class=\"item\" data-v-e8f33c66=\"\">- Australasie<\/div>\n<div class=\"item\" data-v-e8f33c66=\"\">- Am\u00e9rique centrale et du Sud<\/div>\n<div class=\"item\" data-v-e8f33c66=\"\">- Europe de l'Est<\/div>\n<\/div>\n<div class=\"markets-content-row\" data-v-e8f33c66=\"\">\n<div class=\"item\" data-v-e8f33c66=\"\">- Moyen-Orient\/Afrique<\/div>\n<div class=\"item\" data-v-e8f33c66=\"\">- Am\u00e9rique du Nord<\/div>\n<div class=\"item\" data-v-e8f33c66=\"\">- Europe occidentale<\/div>\n<\/div>\n<\/div>\n<\/div>\n<\/div>","protected":false},"excerpt":{"rendered":"<p>Informations sur le produit Informations sur l'exp\u00e9dition Principaux march\u00e9s d'exportation Num\u00e9ro de mod\u00e8le SINOLC78A Marque Sino Metal Origine Chine Petites commandes accept\u00e9es Principales sp\u00e9cifications\/ caract\u00e9ristiques sp\u00e9ciales : Les bobines d'aluminium rev\u00eatues de couleur sont rev\u00eatues de couleur sur les bobines d'aluminium. L'aluminium color\u00e9 au fluorocarbone et l'aluminium color\u00e9 au polyester sont largement utilis\u00e9s dans les panneaux en aluminium plastique, les placages en aluminium et les panneaux en nid d'abeille en aluminium. Plafond en aluminium, surface de toit,...<\/p>","protected":false},"featured_media":938,"comment_status":"open","ping_status":"closed","template":"","meta":{"_kadence_starter_templates_imported_post":false,"_kad_post_transparent":"default","_kad_post_title":"","_kad_post_layout":"default","_kad_post_sidebar_id":"","_kad_post_content_style":"default","_kad_post_vertical_padding":"default","_kad_post_feature":"","_kad_post_feature_position":"","_kad_post_header":false,"_kad_post_footer":false},"product_brand":[],"product_cat":[31],"product_tag":[],"class_list":{"0":"post-1044","1":"product","2":"type-product","3":"status-publish","4":"has-post-thumbnail","6":"product_cat-pre-painted-aluminum-coil-ppal","8":"first","9":"instock","10":"shipping-taxable","11":"product-type-simple","12":"entry","13":"content-bg","14":"loop-entry"},"jetpack_sharing_enabled":true,"_links":{"self":[{"href":"https:\/\/cnsinometal.com\/fr\/wp-json\/wp\/v2\/product\/1044","targetHints":{"allow":["GET"]}}],"collection":[{"href":"https:\/\/cnsinometal.com\/fr\/wp-json\/wp\/v2\/product"}],"about":[{"href":"https:\/\/cnsinometal.com\/fr\/wp-json\/wp\/v2\/types\/product"}],"replies":[{"embeddable":true,"href":"https:\/\/cnsinometal.com\/fr\/wp-json\/wp\/v2\/comments?post=1044"}],"wp:featuredmedia":[{"embeddable":true,"href":"https:\/\/cnsinometal.com\/fr\/wp-json\/wp\/v2\/media\/938"}],"wp:attachment":[{"href":"https:\/\/cnsinometal.com\/fr\/wp-json\/wp\/v2\/media?parent=1044"}],"wp:term":[{"taxonomy":"product_brand","embeddable":true,"href":"https:\/\/cnsinometal.com\/fr\/wp-json\/wp\/v2\/product_brand?post=1044"},{"taxonomy":"product_cat","embeddable":true,"href":"https:\/\/cnsinometal.com\/fr\/wp-json\/wp\/v2\/product_cat?post=1044"},{"taxonomy":"product_tag","embeddable":true,"href":"https:\/\/cnsinometal.com\/fr\/wp-json\/wp\/v2\/product_tag?post=1044"}],"curies":[{"name":"wp","href":"https:\/\/api.w.org\/{rel}","templated":true}]}}