{"id":1043,"date":"2025-10-16T11:24:14","date_gmt":"2025-10-16T03:24:14","guid":{"rendered":"https:\/\/cnsinometal.com\/?post_type=product&#038;p=1043"},"modified":"2025-10-16T11:24:14","modified_gmt":"2025-10-16T03:24:14","slug":"ppgl-steel-coil-pvdf-paint-coils-home-appliance-construction-material","status":"publish","type":"product","link":"https:\/\/cnsinometal.com\/fr\/produit\/ppgl-steel-coil-pvdf-paint-coils-home-appliance-construction-material\/","title":{"rendered":"Bobines d'acier PPGL Bobines de peinture PVDF Appareils m\u00e9nagers Mat\u00e9riaux de construction"},"content":{"rendered":"<div class=\"\" data-v-e8f33c66=\"\">\n<div class=\"ant-affix\">\n<div class=\"tabs affix-tabs affix-tab-box\" data-v-e8f33c66=\"\">\n<div class=\"ant-anchor-wrapper\" data-v-e8f33c66=\"\">\n<div class=\"ant-anchor fixed\">\n<div class=\"tab ant-anchor-link ant-anchor-link-active\" data-v-e8f33c66=\"\">\n<h2 data-v-e8f33c66=\"\">Informations sur le produit<\/h2>\n<\/div>\n<div class=\"tab ant-anchor-link\" data-v-e8f33c66=\"\">\n<h2 data-v-e8f33c66=\"\">Informations sur l'exp\u00e9dition<\/h2>\n<\/div>\n<div class=\"tab ant-anchor-link\" data-v-e8f33c66=\"\">\n<h2 data-v-e8f33c66=\"\">Principaux march\u00e9s d'exportation<\/h2>\n<\/div>\n<\/div>\n<\/div>\n<\/div>\n<\/div>\n<\/div>\n<div id=\"content\" class=\"content info-content\" data-v-e8f33c66=\"\">\n<div id=\"Product\" class=\"descriptions\" data-v-e8f33c66=\"\">\n<div class=\"ant-descriptions ant-descriptions-small ant-descriptions-bordered\" data-v-e8f33c66=\"\">\n<div class=\"ant-descriptions-view\">\n<table data-extentions-extra-tablecapture-id=\"596161\">\n<tbody>\n<tr class=\"ant-descriptions-row\">\n<th class=\"ant-descriptions-item-label ant-descriptions-item-colon\">Num\u00e9ro de mod\u00e8le<\/th>\n<td class=\"ant-descriptions-item-content\" colspan=\"5\">SINOLC75A<\/td>\n<\/tr>\n<tr class=\"ant-descriptions-row\">\n<th class=\"ant-descriptions-item-label ant-descriptions-item-colon\">Nom de la marque<\/th>\n<td class=\"ant-descriptions-item-content\" colspan=\"5\">Sino Metal<\/td>\n<\/tr>\n<tr class=\"ant-descriptions-row\">\n<th class=\"ant-descriptions-item-label ant-descriptions-item-colon\">origine<\/th>\n<td class=\"ant-descriptions-item-content\" colspan=\"5\">Chine<\/td>\n<\/tr>\n<tr class=\"ant-descriptions-row\">\n<th class=\"ant-descriptions-item-label ant-descriptions-item-colon\">Petites commandes<\/th>\n<td class=\"ant-descriptions-item-content\" colspan=\"5\">Accept\u00e9<\/td>\n<\/tr>\n<\/tbody>\n<\/table>\n<\/div>\n<\/div>\n<\/div>\n<div class=\"certifications-box\" data-v-e8f33c66=\"\">\n<div class=\"specifications\" data-v-e8f33c66=\"\">\n<h3 class=\"specifications-title\" data-v-e8f33c66=\"\">Principales sp\u00e9cifications\/caract\u00e9ristiques sp\u00e9ciales :<\/h3>\n<div class=\"tpl_txt_editor\" data-v-e8f33c66=\"\">\n<p><strong>L'acier imprim\u00e9 est un type de produit en acier rev\u00eatu de couleur disponible dans diff\u00e9rents motifs. En raison de sa belle apparence, de sa commodit\u00e9 et de son excellente r\u00e9sistance \u00e0 la corrosion, il est largement utilis\u00e9 ces derni\u00e8res ann\u00e9es dans les appareils \u00e9lectrom\u00e9nagers, les meubles et la d\u00e9coration des b\u00e2timents.<\/strong><\/p>\n<div class=\"gs-desc-table\">\n<table data-extentions-extra-tablecapture-id=\"493240\">\n<tbody>\n<tr>\n<td colspan=\"1\" rowspan=\"1\" width=\"151\">Nom du produit<\/td>\n<td colspan=\"3\" rowspan=\"1\" width=\"510\">Acier imprim\u00e9<\/td>\n<\/tr>\n<tr>\n<td colspan=\"1\" rowspan=\"1\" width=\"auto\">Nom de la marque<\/td>\n<td colspan=\"3\" rowspan=\"1\" width=\"auto\">SINO METAL<\/td>\n<\/tr>\n<tr>\n<td colspan=\"1\" rowspan=\"1\" width=\"auto\">Normes<\/td>\n<td colspan=\"3\" rowspan=\"1\" width=\"auto\">ASTM\/AISI\/BS\/DIN\/JIS\/GB et autres<\/td>\n<\/tr>\n<tr>\n<td colspan=\"1\" rowspan=\"1\" width=\"auto\">M\u00e9tal de base<\/td>\n<td colspan=\"3\" rowspan=\"1\" width=\"auto\">PPGI\/PPGL<\/td>\n<\/tr>\n<tr>\n<td colspan=\"1\" rowspan=\"1\" width=\"auto\">\u00c9paisseur<\/td>\n<td colspan=\"3\" rowspan=\"1\" width=\"auto\">0,14-1,50 mm<\/td>\n<\/tr>\n<tr>\n<td colspan=\"1\" rowspan=\"1\" width=\"auto\">Largeur<\/td>\n<td colspan=\"3\" rowspan=\"1\" width=\"auto\">30-1500mm<\/td>\n<\/tr>\n<tr>\n<td colspan=\"1\" rowspan=\"1\" width=\"auto\">Couleur<\/td>\n<td colspan=\"3\" rowspan=\"1\" width=\"auto\">Couleur RAL, selon la demande du client<\/td>\n<\/tr>\n<tr>\n<td colspan=\"1\" rowspan=\"1\" width=\"auto\">Peinture<\/td>\n<td colspan=\"3\" rowspan=\"1\" width=\"auto\">PE, SMP, HDP, PVDF<\/td>\n<\/tr>\n<tr>\n<td colspan=\"1\" rowspan=\"1\" width=\"auto\">Surface<\/td>\n<td colspan=\"3\" rowspan=\"1\" width=\"auto\">Brillant\/mat\/marbre\/bois\/camouflage\/brique<\/td>\n<\/tr>\n<tr>\n<td colspan=\"1\" rowspan=\"1\" width=\"auto\">Certificats<\/td>\n<td colspan=\"3\" rowspan=\"1\" width=\"auto\">ISO 9001\/ISO 14001\/SGS\/SONCAP<\/td>\n<\/tr>\n<tr>\n<td colspan=\"1\" rowspan=\"1\" width=\"auto\">M\u00e9tal de base<\/td>\n<td colspan=\"3\" rowspan=\"1\" width=\"auto\">CRC\/HRC<\/td>\n<\/tr>\n<tr>\n<td colspan=\"1\" rowspan=\"1\" width=\"auto\">Rev\u00eatement Al-Zinc<\/td>\n<td colspan=\"3\" rowspan=\"1\" width=\"auto\">40-150g\/m2<\/td>\n<\/tr>\n<tr>\n<td colspan=\"1\" rowspan=\"1\" width=\"auto\">Rev\u00eatement de couleur<\/td>\n<td colspan=\"3\" rowspan=\"1\" width=\"auto\">Dessus : 15-35um Dos : 5-30um<\/td>\n<\/tr>\n<tr>\n<td colspan=\"1\" rowspan=\"1\" width=\"auto\">Duret\u00e9<\/td>\n<td colspan=\"3\" rowspan=\"1\" width=\"auto\">HRB55-HRB90<\/td>\n<\/tr>\n<tr>\n<td colspan=\"1\" rowspan=\"1\" width=\"auto\">Film de garde<\/td>\n<td colspan=\"3\" rowspan=\"1\" width=\"auto\">PVC et autres<\/td>\n<\/tr>\n<tr>\n<td colspan=\"1\" rowspan=\"1\" width=\"auto\">Emballage<\/td>\n<td colspan=\"3\" rowspan=\"1\" width=\"auto\">Emballage maritime pour l'exportation ou selon les exigences du client<\/td>\n<\/tr>\n<tr>\n<td colspan=\"1\" rowspan=\"1\" width=\"auto\">Applications<\/td>\n<td colspan=\"3\" rowspan=\"1\" width=\"510\">Appareils m\u00e9nagers,Constructions,Transports,Fen\u00eatres et portes<\/td>\n<\/tr>\n<\/tbody>\n<\/table>\n<\/div>\n<p><strong>Diff\u00e9rence entre le m\u00e9tal de base PPGI et PPGL<\/strong><\/p>\n<p>1) PPGI est l'abr\u00e9viation d'acier galvanis\u00e9 pr\u00e9laqu\u00e9, tandis que PPGL est l'abr\u00e9viation d'acier galvalume pr\u00e9laqu\u00e9. Comme son nom l'indique, le PPGI utilise des t\u00f4les galvanis\u00e9es (avec une couche de zinc) comme m\u00e9tal de base. Le PPGL, quant \u00e0 lui, utilise des t\u00f4les de galvalume comme substrat, recouvertes de 55% d'aluminium, 43,3% de zinc et 1,6% de silicium.<\/p>\n<p>2. Le rev\u00eatement Al-Zn est plus r\u00e9sistant \u00e0 la corrosion que la t\u00f4le d'acier zingu\u00e9e.<\/p>\n<p>3. \u00e0 poids \u00e9gal, le rev\u00eatement Al-Zn peut couvrir 3% de plus d'espace que la feuille GI.<\/p>\n<p>4. le PPGL pr\u00e9sente une meilleure r\u00e9sistance \u00e0 la corrosion et \u00e0 la chaleur que le PPGI.<\/p>\n<p>5. si vous ne savez pas comment choisir, n'h\u00e9sitez pas \u00e0 me contacter et nous vous donnerons la solution la plus appropri\u00e9e.<\/p>\n<div data-w-e-type=\"imageTwo\">\n<div data-w-e-type=\"attachment\" data-imagetype=\"two\" data-attachmentid=\"\" data-attachmentkey=\"\" data-parenttype=\"imageTwo\" data-position=\"left\" data-imgurl=\"\" data-imagewidth=\"\" data-imageheight=\"\" data-url=\"\"><img decoding=\"async\" class=\"lazy\" src=\"https:\/\/p.globalsources.com\/IMAGES\/PDT\/B6016460690\/steel-coils.jpg\" data-src=\"https:\/\/p.globalsources.com\/IMAGES\/PDT\/B6016460690\/steel-coils.jpg\" data-extentions-extra-ocr-id=\"44a8fe60eeb6a8b5333d8a8d91f0963a\" \/><\/div>\n<div data-w-e-type=\"attachment\" data-imagetype=\"two\" data-attachmentid=\"\" data-attachmentkey=\"\" data-parenttype=\"imageTwo\" data-position=\"right\" data-imgurl=\"\" data-imagewidth=\"\" data-imageheight=\"\" data-url=\"\"><img decoding=\"async\" class=\"lazy\" src=\"https:\/\/p.globalsources.com\/IMAGES\/PDT\/B6016460688\/steel-coils.jpg\" data-src=\"https:\/\/p.globalsources.com\/IMAGES\/PDT\/B6016460688\/steel-coils.jpg\" data-extentions-extra-ocr-id=\"44a8fe60eeb6a8b5333d8a8d91f0963a\" \/><\/div>\n<\/div>\n<p>Bobine d'acier galvanis\u00e9 Bobine d'acier galvanis\u00e9<\/p>\n<p><strong>Structure des bobines d'acier pr\u00e9laqu\u00e9<\/strong><\/p>\n<div data-w-e-type=\"imageSingle\">\n<div data-w-e-type=\"attachment\" data-imagetype=\"one\" data-attachmentid=\"\" data-attachmentkey=\"\" data-parenttype=\"imageSingle\" data-position=\"\" data-imgurl=\"\" data-imagewidth=\"\" data-imageheight=\"\" data-url=\"\"><img decoding=\"async\" class=\"lazy\" src=\"https:\/\/p.globalsources.com\/IMAGES\/PDT\/B6016460693\/steel-coils.png\" data-src=\"https:\/\/p.globalsources.com\/IMAGES\/PDT\/B6016460693\/steel-coils.png\" data-extentions-extra-ocr-id=\"44a8fe60eeb6a8b5333d8a8d91f0963a\" \/><\/div>\n<\/div>\n<p><strong>Peinture-Fluorure de polyvinylid\u00e8ne (PVDF)<\/strong><\/p>\n<p>En raison de la forte capacit\u00e9 de liaison chimique, <a class=\"gs-pp-link\" href=\"https:\/\/wzppgi.com\/what-is-pvdf-coating\/\" target=\"\">Rev\u00eatement PVDF<\/a> pr\u00e9sente une forte corrosivit\u00e9 et une bonne r\u00e9tention de la couleur. En outre, son poids mol\u00e9culaire \u00e9lev\u00e9 et sa structure lin\u00e9aire lui conf\u00e8rent une grande r\u00e9sistance chimique, ainsi qu'une forte r\u00e9sistance aux UV et \u00e0 la chaleur. M\u00eame dans un environnement typique, sa dur\u00e9e de vie peut atteindre 20 \u00e0 25 ans.<\/p>\n<div data-w-e-type=\"imageSingle\">\n<div data-w-e-type=\"attachment\" data-imagetype=\"one\" data-attachmentid=\"\" data-attachmentkey=\"\" data-parenttype=\"imageSingle\" data-position=\"\" data-imgurl=\"\" data-imagewidth=\"\" data-imageheight=\"\" data-url=\"\"><img decoding=\"async\" class=\"lazy\" src=\"https:\/\/p.globalsources.com\/IMAGES\/PDT\/B6016460689\/steel-coils.png\" data-src=\"https:\/\/p.globalsources.com\/IMAGES\/PDT\/B6016460689\/steel-coils.png\" data-extentions-extra-ocr-id=\"44a8fe60eeb6a8b5333d8a8d91f0963a\" \/><\/div>\n<\/div>\n<p><strong>Processus des bobines d'acier pr\u00e9laqu\u00e9<\/strong><\/p>\n<div data-w-e-type=\"imageSingle\">\n<div data-w-e-type=\"attachment\" data-imagetype=\"one\" data-attachmentid=\"\" data-attachmentkey=\"\" data-parenttype=\"imageSingle\" data-position=\"\" data-imgurl=\"\" data-imagewidth=\"\" data-imageheight=\"\" data-url=\"\"><img decoding=\"async\" class=\"lazy\" src=\"https:\/\/p.globalsources.com\/IMAGES\/PDT\/B6016460695\/steel-coils.png\" data-src=\"https:\/\/p.globalsources.com\/IMAGES\/PDT\/B6016460695\/steel-coils.png\" data-extentions-extra-ocr-id=\"44a8fe60eeb6a8b5333d8a8d91f0963a\" \/><\/div>\n<\/div>\n<p><strong>Certificat<\/strong><\/p>\n<div data-w-e-type=\"imageSingle\">\n<div data-w-e-type=\"attachment\" data-imagetype=\"one\" data-attachmentid=\"\" data-attachmentkey=\"\" data-parenttype=\"imageSingle\" data-position=\"\" data-imgurl=\"\" data-imagewidth=\"\" data-imageheight=\"\" data-url=\"\"><img decoding=\"async\" class=\"lazy\" src=\"https:\/\/p.globalsources.com\/IMAGES\/PDT\/B6016460694\/steel-coils.jpg\" data-src=\"https:\/\/p.globalsources.com\/IMAGES\/PDT\/B6016460694\/steel-coils.jpg\" data-extentions-extra-ocr-id=\"44a8fe60eeb6a8b5333d8a8d91f0963a\" \/><\/div>\n<\/div>\n<p><strong>Champ d'application<\/strong><\/p>\n<p>1. Appareils \u00e9lectrom\u00e9nagers, tels que les coques de r\u00e9frig\u00e9rateurs, climatiseurs, micro-ondes, \u00e9quipements vid\u00e9o, etc.<\/p>\n<p>2. Constructions, par exemple, plafonds, murs, portes ignifuges, cloisons, panneaux sandwich, etc. En g\u00e9n\u00e9ral, il est largement utilis\u00e9 pour la d\u00e9coration int\u00e9rieure.<\/p>\n<p>3. Transport, par exemple, le panneau d'habillage int\u00e9rieur de la voiture, la cloison marine, etc.<\/p>\n<p>4. Fen\u00eatres et portes, telles que panneaux de porte, portes de s\u00e9curit\u00e9, portes de garage, cadres de portes ou de fen\u00eatres, etc.<\/p>\n<div data-w-e-type=\"imageTwo\">\n<div data-w-e-type=\"attachment\" data-imagetype=\"two\" data-attachmentid=\"\" data-attachmentkey=\"\" data-parenttype=\"imageTwo\" data-position=\"left\" data-imgurl=\"\" data-imagewidth=\"\" data-imageheight=\"\" data-url=\"\"><img decoding=\"async\" class=\"lazy\" src=\"https:\/\/p.globalsources.com\/IMAGES\/PDT\/B6016460691\/steel-coils.jpg\" data-src=\"https:\/\/p.globalsources.com\/IMAGES\/PDT\/B6016460691\/steel-coils.jpg\" data-extentions-extra-ocr-id=\"44a8fe60eeb6a8b5333d8a8d91f0963a\" \/><\/div>\n<div data-w-e-type=\"attachment\" data-imagetype=\"two\" data-attachmentid=\"\" data-attachmentkey=\"\" data-parenttype=\"imageTwo\" data-position=\"right\" data-imgurl=\"\" data-imagewidth=\"\" data-imageheight=\"\" data-url=\"\"><img decoding=\"async\" class=\"lazy\" src=\"https:\/\/p.globalsources.com\/IMAGES\/PDT\/B6016460696\/steel-coils.jpg\" data-src=\"https:\/\/p.globalsources.com\/IMAGES\/PDT\/B6016460696\/steel-coils.jpg\" data-extentions-extra-ocr-id=\"44a8fe60eeb6a8b5333d8a8d91f0963a\" \/><\/div>\n<\/div>\n<p>A PROPOS DE SINO METAL<\/p>\n<p>Shandong Sino Metal Co.,ltd est une entreprise int\u00e9gr\u00e9e de premier plan dans le domaine de la fabrication et du commerce en Chine.<\/p>\n<p>Nous sommes sp\u00e9cialis\u00e9s dans l'acier lamin\u00e9 \u00e0 froid, l'acier galvanis\u00e9, l'acier galvanis\u00e9, l'acier pr\u00e9laqu\u00e9 et les t\u00f4les et bobines de fer-blanc. Nous effectuons \u00e9galement des transformations profondes pour ces produits, par exemple la fabrication de t\u00f4les ondul\u00e9es, de t\u00f4les de toiture pr\u00e9laqu\u00e9es, de bobines refendues en bandes, etc.<\/p>\n<p>Nous avons d\u00e9marr\u00e9 notre activit\u00e9 en 2005, aujourd'hui nous avons \u00e9tabli notre propre usine pour la fabrication de t\u00f4les de toiture et de t\u00f4les d'acier galvanis\u00e9es, galvanis\u00e9es et pr\u00e9peintes, nous avons \u00e9galement coop\u00e9r\u00e9 avec notre partenaire pour \u00e9tablir une ligne de bobines d'acier galvanis\u00e9 et des lignes de bobines d'acier pr\u00e9peintes, notre capacit\u00e9 de production annuelle peut atteindre plus de 300000 tonnes.<\/p>\n<div data-w-e-type=\"imageTwo\">\n<div data-w-e-type=\"attachment\" data-imagetype=\"two\" data-attachmentid=\"\" data-attachmentkey=\"\" data-parenttype=\"imageTwo\" data-position=\"left\" data-imgurl=\"\" data-imagewidth=\"\" data-imageheight=\"\" data-url=\"\"><img decoding=\"async\" class=\"lazy\" src=\"https:\/\/p.globalsources.com\/IMAGES\/PDT\/B6022180427\/steel-coils.jpg\" data-src=\"https:\/\/p.globalsources.com\/IMAGES\/PDT\/B6022180427\/steel-coils.jpg\" data-extentions-extra-ocr-id=\"44a8fe60eeb6a8b5333d8a8d91f0963a\" \/><\/div>\n<div data-w-e-type=\"attachment\" data-imagetype=\"two\" data-attachmentid=\"\" data-attachmentkey=\"\" data-parenttype=\"imageTwo\" data-position=\"right\" data-imgurl=\"\" data-imagewidth=\"\" data-imageheight=\"\" data-url=\"\"><img decoding=\"async\" class=\"lazy\" src=\"https:\/\/p.globalsources.com\/IMAGES\/PDT\/B6022180411\/steel-coils.jpg\" data-src=\"https:\/\/p.globalsources.com\/IMAGES\/PDT\/B6022180411\/steel-coils.jpg\" data-extentions-extra-ocr-id=\"44a8fe60eeb6a8b5333d8a8d91f0963a\" \/><\/div>\n<\/div>\n<\/div>\n<\/div>\n<\/div>\n<\/div>","protected":false},"excerpt":{"rendered":"<p>Product Information Shipping Information Main Export Markets Model Number SINOLC75A Brand Name Sino Metal origin China Small Orders Accepted Key Specifications\/ Special Features: Pattern printed steel is a kind of color coated steel product available in various patterns. Due to its pretty appearance, convenience, and excellent corrosion resistance, it is widely used in home appliances,&#8230;<\/p>","protected":false},"featured_media":997,"comment_status":"open","ping_status":"closed","template":"","meta":{"_kadence_starter_templates_imported_post":false,"_kad_post_transparent":"default","_kad_post_title":"","_kad_post_layout":"default","_kad_post_sidebar_id":"","_kad_post_content_style":"default","_kad_post_vertical_padding":"default","_kad_post_feature":"","_kad_post_feature_position":"","_kad_post_header":false,"_kad_post_footer":false},"product_brand":[],"product_cat":[30],"product_tag":[],"class_list":{"0":"post-1043","1":"product","2":"type-product","3":"status-publish","4":"has-post-thumbnail","6":"product_cat-pre-painted-galvalume-steel-coil-ppgl","8":"first","9":"instock","10":"shipping-taxable","11":"product-type-simple","12":"entry","13":"content-bg","14":"loop-entry"},"jetpack_sharing_enabled":true,"_links":{"self":[{"href":"https:\/\/cnsinometal.com\/fr\/wp-json\/wp\/v2\/product\/1043","targetHints":{"allow":["GET"]}}],"collection":[{"href":"https:\/\/cnsinometal.com\/fr\/wp-json\/wp\/v2\/product"}],"about":[{"href":"https:\/\/cnsinometal.com\/fr\/wp-json\/wp\/v2\/types\/product"}],"replies":[{"embeddable":true,"href":"https:\/\/cnsinometal.com\/fr\/wp-json\/wp\/v2\/comments?post=1043"}],"wp:featuredmedia":[{"embeddable":true,"href":"https:\/\/cnsinometal.com\/fr\/wp-json\/wp\/v2\/media\/997"}],"wp:attachment":[{"href":"https:\/\/cnsinometal.com\/fr\/wp-json\/wp\/v2\/media?parent=1043"}],"wp:term":[{"taxonomy":"product_brand","embeddable":true,"href":"https:\/\/cnsinometal.com\/fr\/wp-json\/wp\/v2\/product_brand?post=1043"},{"taxonomy":"product_cat","embeddable":true,"href":"https:\/\/cnsinometal.com\/fr\/wp-json\/wp\/v2\/product_cat?post=1043"},{"taxonomy":"product_tag","embeddable":true,"href":"https:\/\/cnsinometal.com\/fr\/wp-json\/wp\/v2\/product_tag?post=1043"}],"curies":[{"name":"wp","href":"https:\/\/api.w.org\/{rel}","templated":true}]}}