{"id":1031,"date":"2025-09-23T10:43:46","date_gmt":"2025-09-23T02:43:46","guid":{"rendered":"https:\/\/cnsinometal.com\/?post_type=product&#038;p=1031"},"modified":"2025-09-23T10:44:57","modified_gmt":"2025-09-23T02:44:57","slug":"q195-high-quality-galvanized-steel-coil-gi-zero-spangle-oem-odm-z30-z275-construction-material","status":"publish","type":"product","link":"https:\/\/cnsinometal.com\/fr\/produit\/q195-high-quality-galvanized-steel-coil-gi-zero-spangle-oem-odm-z30-z275-construction-material\/","title":{"rendered":"Q195 Bobine d'acier galvanis\u00e9 de haute qualit\u00e9 GI Zero Spangle OEM ODM Z30-Z275 mat\u00e9riau de construction"},"content":{"rendered":"<div class=\"tab ant-anchor-link\" data-v-e8f33c66=\"\">\n<div class=\"\" data-v-e8f33c66=\"\">\n<div class=\"ant-affix\">\n<div class=\"tabs affix-tabs affix-tab-box\" data-v-e8f33c66=\"\">\n<div class=\"ant-anchor-wrapper\" data-v-e8f33c66=\"\">\n<div class=\"ant-anchor fixed\">\n<div class=\"tab ant-anchor-link\" data-v-e8f33c66=\"\">\n<h2 data-v-e8f33c66=\"\">Informations sur le produit<\/h2>\n<\/div>\n<div class=\"tab ant-anchor-link ant-anchor-link-active\" data-v-e8f33c66=\"\">\n<h2 data-v-e8f33c66=\"\">Informations sur l'exp\u00e9dition<\/h2>\n<\/div>\n<div class=\"tab ant-anchor-link\" data-v-e8f33c66=\"\">\n<h2 data-v-e8f33c66=\"\">Principaux march\u00e9s d'exportation<\/h2>\n<\/div>\n<\/div>\n<\/div>\n<\/div>\n<\/div>\n<\/div>\n<div id=\"content\" class=\"content info-content\" data-v-e8f33c66=\"\">\n<div id=\"Product\" class=\"descriptions\" data-v-e8f33c66=\"\">\n<div class=\"ant-descriptions ant-descriptions-small ant-descriptions-bordered\" data-v-e8f33c66=\"\">\n<div class=\"ant-descriptions-view\">\n<table data-extentions-extra-tablecapture-id=\"411621\">\n<tbody>\n<tr class=\"ant-descriptions-row\">\n<th class=\"ant-descriptions-item-label ant-descriptions-item-colon\">Num\u00e9ro de mod\u00e8le<\/th>\n<td class=\"ant-descriptions-item-content\" colspan=\"5\">SINOLC19<\/td>\n<\/tr>\n<tr class=\"ant-descriptions-row\">\n<th class=\"ant-descriptions-item-label ant-descriptions-item-colon\">Nom de la marque<\/th>\n<td class=\"ant-descriptions-item-content\" colspan=\"5\">Sino Metal<\/td>\n<\/tr>\n<tr class=\"ant-descriptions-row\">\n<th class=\"ant-descriptions-item-label ant-descriptions-item-colon\">origine<\/th>\n<td class=\"ant-descriptions-item-content\" colspan=\"5\">Chine<\/td>\n<\/tr>\n<tr class=\"ant-descriptions-row\">\n<th class=\"ant-descriptions-item-label ant-descriptions-item-colon\">Petites commandes<\/th>\n<td class=\"ant-descriptions-item-content\" colspan=\"5\">Accept\u00e9<\/td>\n<\/tr>\n<\/tbody>\n<\/table>\n<\/div>\n<\/div>\n<\/div>\n<div class=\"certifications-box\" data-v-e8f33c66=\"\">\n<div class=\"specifications\" data-v-e8f33c66=\"\">\n<h3 class=\"specifications-title\" data-v-e8f33c66=\"\">Principales sp\u00e9cifications\/caract\u00e9ristiques sp\u00e9ciales :<\/h3>\n<div class=\"tpl_txt_editor\" data-v-e8f33c66=\"\">\n<p><strong>La t\u00f4le d'acier galvanis\u00e9e \u00e0 paillettes est la paillette obtenue par la condensation du rev\u00eatement de zinc dans des conditions normales apr\u00e8s la galvanisation. Elle est principalement utilis\u00e9e dans les b\u00e2timents et autres endroits o\u00f9 il y a peu de contact direct avec le corps humain.<\/strong><\/p>\n<p>&nbsp;<\/p>\n<p><strong>Les t\u00f4les d'acier galvanis\u00e9 sans paillettes sont principalement produites par un processus de production sp\u00e9cial visant \u00e0 contr\u00f4ler le plomb dans le pot de zinc jusqu'\u00e0 un certain niveau, ou apr\u00e8s que la bande d'acier est sortie du pot de galvanisation, elle subit un traitement sp\u00e9cial pour contr\u00f4ler les paillettes jusqu'\u00e0 un niveau inf\u00e9rieur \u00e0 un certain niveau. Principalement utilis\u00e9 dans les appareils \u00e9lectrom\u00e9nagers<\/strong><\/p>\n<div class=\"gs-desc-table\">\n<table data-extentions-extra-tablecapture-id=\"981820\">\n<tbody>\n<tr>\n<td colspan=\"1\" rowspan=\"1\" width=\"177\">Nom du produit<\/td>\n<td colspan=\"3\" rowspan=\"1\" width=\"510\">Bobine d'acier galvanis\u00e9<\/td>\n<\/tr>\n<tr>\n<td colspan=\"1\" rowspan=\"1\" width=\"auto\">Nom de la marque<\/td>\n<td colspan=\"3\" rowspan=\"1\" width=\"auto\">SINO METAL<\/td>\n<\/tr>\n<tr>\n<td colspan=\"1\" rowspan=\"1\" width=\"auto\">Normes<\/td>\n<td colspan=\"3\" rowspan=\"1\" width=\"auto\">ASTM\/AISI\/BS\/DIN\/JIS\/GB et autres<\/td>\n<\/tr>\n<tr>\n<td colspan=\"1\" rowspan=\"1\" width=\"auto\">\u00c9paisseur<\/td>\n<td colspan=\"3\" rowspan=\"1\" width=\"auto\">0,12-4,00 mm<\/td>\n<\/tr>\n<tr>\n<td colspan=\"1\" rowspan=\"1\" width=\"auto\">Largeur<\/td>\n<td colspan=\"3\" rowspan=\"1\" width=\"auto\">30-1500mm<\/td>\n<\/tr>\n<tr>\n<td colspan=\"1\" rowspan=\"1\" width=\"auto\">Longueur<\/td>\n<td colspan=\"3\" rowspan=\"1\" width=\"auto\">Selon les besoins du client<\/td>\n<\/tr>\n<tr>\n<td colspan=\"1\" rowspan=\"1\" width=\"auto\">Certificats<\/td>\n<td colspan=\"3\" rowspan=\"1\" width=\"auto\">ISO 9001\/ISO 14001\/SGS\/SONCAP<\/td>\n<\/tr>\n<tr>\n<td colspan=\"1\" rowspan=\"1\" width=\"auto\">M\u00e9tal de base<\/td>\n<td colspan=\"3\" rowspan=\"1\" width=\"auto\">CRC\/HRC<\/td>\n<\/tr>\n<tr>\n<td colspan=\"1\" rowspan=\"1\" width=\"auto\">Rev\u00eatement de zinc<\/td>\n<td colspan=\"3\" rowspan=\"1\" width=\"auto\">40-275g\/m2<\/td>\n<\/tr>\n<tr>\n<td colspan=\"1\" rowspan=\"1\" width=\"auto\">Duret\u00e9<\/td>\n<td colspan=\"3\" rowspan=\"1\" width=\"auto\">HRB55-HRB90<\/td>\n<\/tr>\n<tr>\n<td colspan=\"1\" rowspan=\"1\" width=\"auto\">Film de garde<\/td>\n<td colspan=\"3\" rowspan=\"1\" width=\"auto\">PVC et autres<\/td>\n<\/tr>\n<tr>\n<td colspan=\"1\" rowspan=\"1\" width=\"auto\">Structure de la surface<\/td>\n<td colspan=\"3\" rowspan=\"1\" width=\"auto\">Z\u00e9ro Spangle\/Spangle<\/td>\n<\/tr>\n<tr>\n<td colspan=\"1\" rowspan=\"1\" width=\"auto\">Emballage<\/td>\n<td colspan=\"3\" rowspan=\"1\" width=\"auto\">Emballage maritime pour l'exportation ou selon les exigences du client<\/td>\n<\/tr>\n<tr>\n<td colspan=\"1\" rowspan=\"2\" width=\"auto\">Applications<\/td>\n<td colspan=\"3\" rowspan=\"2\" width=\"510\">appareils \u00e9lectrom\u00e9nagers, panneaux de bureau, t\u00f4les de toiture, panneaux automobiles, construction et substrat de bobines d'acier pr\u00e9laqu\u00e9.<\/td>\n<\/tr>\n<\/tbody>\n<\/table>\n<\/div>\n<div data-w-e-type=\"imageTwo\">\n<div data-w-e-type=\"attachment\" data-imagetype=\"two\" data-attachmentid=\"\" data-attachmentkey=\"\" data-parenttype=\"imageTwo\" data-position=\"left\" data-imgurl=\"\" data-imagewidth=\"\" data-imageheight=\"\"><img decoding=\"async\" class=\"lazy\" src=\"https:\/\/p.globalsources.com\/IMAGES\/PDT\/B5567332045\/Cold-rolled-galvanized-steel-coils.jpg\" data-image=\"5567332045\" data-src=\"https:\/\/p.globalsources.com\/IMAGES\/PDT\/B5567332045\/Cold-rolled-galvanized-steel-coils.jpg\" data-extentions-extra-ocr-id=\"44a8fe60eeb6a8b5333d8a8d91f0963a\" \/><\/div>\n<div data-w-e-type=\"attachment\" data-imagetype=\"two\" data-attachmentid=\"\" data-attachmentkey=\"\" data-parenttype=\"imageTwo\" data-position=\"right\" data-imgurl=\"\" data-imagewidth=\"\" data-imageheight=\"\"><img decoding=\"async\" class=\"lazy\" src=\"https:\/\/p.globalsources.com\/IMAGES\/PDT\/B5567332052\/Cold-rolled-galvanized-steel-coils.jpg\" data-image=\"5567332052\" data-src=\"https:\/\/p.globalsources.com\/IMAGES\/PDT\/B5567332052\/Cold-rolled-galvanized-steel-coils.jpg\" data-extentions-extra-ocr-id=\"44a8fe60eeb6a8b5333d8a8d91f0963a\" \/><\/div>\n<\/div>\n<p>Spangle Z\u00e9ro Spangle<\/p>\n<p><strong>Couche de rev\u00eatement galvanis\u00e9<\/strong><\/p>\n<div data-w-e-type=\"imageSingle\">\n<div data-w-e-type=\"attachment\" data-imagetype=\"one\" data-attachmentid=\"\" data-attachmentkey=\"\" data-parenttype=\"imageSingle\" data-position=\"\" data-imgurl=\"\" data-imagewidth=\"\" data-imageheight=\"\"><img decoding=\"async\" class=\"lazy\" src=\"https:\/\/p.globalsources.com\/IMAGES\/PDT\/B5567332053\/Cold-rolled-galvanized-steel-coils.jpg\" data-image=\"5567332053\" data-src=\"https:\/\/p.globalsources.com\/IMAGES\/PDT\/B5567332053\/Cold-rolled-galvanized-steel-coils.jpg\" data-extentions-extra-ocr-id=\"44a8fe60eeb6a8b5333d8a8d91f0963a\" \/><\/div>\n<\/div>\n<div data-w-e-type=\"imageSingle\">\n<div data-w-e-type=\"attachment\" data-imagetype=\"one\" data-attachmentid=\"\" data-attachmentkey=\"\" data-parenttype=\"imageSingle\" data-position=\"\" data-imgurl=\"\" data-imagewidth=\"\" data-imageheight=\"\"><img decoding=\"async\" class=\"lazy\" src=\"https:\/\/p.globalsources.com\/IMAGES\/PDT\/B5567332054\/Cold-rolled-galvanized-steel-coils.png\" data-image=\"5567332054\" data-src=\"https:\/\/p.globalsources.com\/IMAGES\/PDT\/B5567332054\/Cold-rolled-galvanized-steel-coils.png\" data-extentions-extra-ocr-id=\"44a8fe60eeb6a8b5333d8a8d91f0963a\" \/><\/div>\n<\/div>\n<p><strong>Certificat<\/strong><\/p>\n<div data-w-e-type=\"imageSingle\">\n<div data-w-e-type=\"attachment\" data-imagetype=\"one\" data-attachmentid=\"\" data-attachmentkey=\"\" data-parenttype=\"imageSingle\" data-position=\"\" data-imgurl=\"\" data-imagewidth=\"\" data-imageheight=\"\"><img decoding=\"async\" class=\"lazy\" src=\"https:\/\/p.globalsources.com\/IMAGES\/PDT\/B5567332081\/Cold-rolled-galvanized-steel-coils.jpg\" data-image=\"5567332081\" data-src=\"https:\/\/p.globalsources.com\/IMAGES\/PDT\/B5567332081\/Cold-rolled-galvanized-steel-coils.jpg\" data-extentions-extra-ocr-id=\"44a8fe60eeb6a8b5333d8a8d91f0963a\" \/><\/div>\n<\/div>\n<p>A PROPOS DE SINO METAL<\/p>\n<p>Shandong Sino Metal Co.,ltd est une entreprise int\u00e9gr\u00e9e de premier plan dans le domaine de la fabrication et du commerce en Chine.<\/p>\n<p>Nous sommes sp\u00e9cialis\u00e9s dans l'acier lamin\u00e9 \u00e0 froid, l'acier galvanis\u00e9, l'acier galvanis\u00e9, l'acier pr\u00e9laqu\u00e9 et les t\u00f4les et bobines de fer-blanc. Nous effectuons \u00e9galement des transformations profondes pour ces produits, par exemple la fabrication de t\u00f4les ondul\u00e9es, de t\u00f4les de toiture pr\u00e9laqu\u00e9es, de bobines refendues en bandes, etc.<\/p>\n<p>Nous avons d\u00e9marr\u00e9 notre activit\u00e9 en 2005, aujourd'hui nous avons \u00e9tabli notre propre usine pour la fabrication de t\u00f4les de toiture et de t\u00f4les d'acier galvanis\u00e9es, galvanis\u00e9es et pr\u00e9peintes, nous avons \u00e9galement coop\u00e9r\u00e9 avec notre partenaire pour \u00e9tablir une ligne de bobines d'acier galvanis\u00e9 et des lignes de bobines d'acier pr\u00e9peintes, notre capacit\u00e9 de production annuelle peut atteindre plus de 300000 tonnes.<\/p>\n<div data-w-e-type=\"imageTwo\">\n<div data-w-e-type=\"attachment\" data-imagetype=\"two\" data-attachmentid=\"\" data-attachmentkey=\"\" data-parenttype=\"imageTwo\" data-position=\"left\" data-imgurl=\"\" data-imagewidth=\"\" data-imageheight=\"\"><img decoding=\"async\" class=\"lazy\" src=\"https:\/\/p.globalsources.com\/IMAGES\/PDT\/B5567332060\/Cold-rolled-galvanized-steel-coils.jpg\" data-image=\"5567332060\" data-src=\"https:\/\/p.globalsources.com\/IMAGES\/PDT\/B5567332060\/Cold-rolled-galvanized-steel-coils.jpg\" data-extentions-extra-ocr-id=\"44a8fe60eeb6a8b5333d8a8d91f0963a\" \/><\/div>\n<div data-w-e-type=\"attachment\" data-imagetype=\"two\" data-attachmentid=\"\" data-attachmentkey=\"\" data-parenttype=\"imageTwo\" data-position=\"right\" data-imgurl=\"\" data-imagewidth=\"\" data-imageheight=\"\"><img decoding=\"async\" class=\"lazy\" src=\"https:\/\/p.globalsources.com\/IMAGES\/PDT\/B5567332061\/Cold-rolled-galvanized-steel-coils.jpg\" data-image=\"5567332061\" data-src=\"https:\/\/p.globalsources.com\/IMAGES\/PDT\/B5567332061\/Cold-rolled-galvanized-steel-coils.jpg\" data-extentions-extra-ocr-id=\"44a8fe60eeb6a8b5333d8a8d91f0963a\" \/><\/div>\n<\/div>\n<div data-w-e-type=\"imageSingle\">\n<div data-w-e-type=\"attachment\" data-imagetype=\"one\" data-attachmentid=\"\" data-attachmentkey=\"\" data-parenttype=\"imageSingle\" data-position=\"\" data-imgurl=\"\" data-imagewidth=\"808\" data-imageheight=\"484\"><\/div>\n<\/div>\n<\/div>\n<\/div>\n<div class=\"textImg-box\" data-v-d0e03504=\"\" data-v-e8f33c66=\"\"><\/div>\n<\/div>\n<div id=\"Shipping\" class=\"certifications\" data-v-e8f33c66=\"\">\n<h3 class=\"title\" data-v-e8f33c66=\"\">Informations sur l'exp\u00e9dition<\/h3>\n<div class=\"certifications-content\" data-v-e8f33c66=\"\">\n<div class=\"ant-descriptions ant-descriptions-small ant-descriptions-bordered\" data-v-e8f33c66=\"\">\n<div class=\"ant-descriptions-view\">\n<table data-extentions-extra-tablecapture-id=\"71220\">\n<tbody>\n<tr class=\"ant-descriptions-row\">\n<th class=\"ant-descriptions-item-label ant-descriptions-item-colon\">Code HTS<\/th>\n<td class=\"ant-descriptions-item-content\" colspan=\"5\">7210.49.00 00<\/td>\n<\/tr>\n<\/tbody>\n<\/table>\n<\/div>\n<\/div>\n<div class=\"ant-descriptions ant-descriptions-small ant-descriptions-bordered\" data-v-e8f33c66=\"\">\n<div class=\"ant-descriptions-view\">\n<table data-extentions-extra-tablecapture-id=\"577522\">\n<tbody>\n<tr class=\"ant-descriptions-row\">\n<th class=\"ant-descriptions-item-label ant-descriptions-item-colon\">D\u00e9lai d'ex\u00e9cution<\/th>\n<td class=\"ant-descriptions-item-content\" colspan=\"5\">7-15 jours<\/td>\n<\/tr>\n<\/tbody>\n<\/table>\n<\/div>\n<\/div>\n<\/div>\n<\/div>\n<div id=\"MainExportMarkets\" class=\"markets\" data-v-e8f33c66=\"\">\n<h3 class=\"title\" data-v-e8f33c66=\"\">Principaux march\u00e9s d'exportation<\/h3>\n<div class=\"markets-content\" data-v-e8f33c66=\"\">\n<div class=\"markets-content-row\" data-v-e8f33c66=\"\">\n<div class=\"item\" data-v-e8f33c66=\"\">- Asie<\/div>\n<div class=\"item\" data-v-e8f33c66=\"\">- Australasie<\/div>\n<div class=\"item\" data-v-e8f33c66=\"\">- Am\u00e9rique centrale et du Sud<\/div>\n<div class=\"item\" data-v-e8f33c66=\"\">- Europe de l'Est<\/div>\n<\/div>\n<div class=\"markets-content-row\" data-v-e8f33c66=\"\">\n<div class=\"item\" data-v-e8f33c66=\"\">- Moyen-Orient\/Afrique<\/div>\n<div class=\"item\" data-v-e8f33c66=\"\">- Am\u00e9rique du Nord<\/div>\n<div class=\"item\" data-v-e8f33c66=\"\">- Europe occidentale<\/div>\n<\/div>\n<\/div>\n<\/div>\n<\/div>\n<\/div>","protected":false},"excerpt":{"rendered":"<div class=\"\" data-v-e8f33c66=\"\">\n<div class=\"ant-affix\">\n<div class=\"tabs affix-tabs affix-tab-box\" data-v-e8f33c66=\"\">\n<div class=\"ant-anchor-wrapper\" data-v-e8f33c66=\"\">\n<div class=\"ant-anchor fixed\">\n<div class=\"tab ant-anchor-link\" data-v-e8f33c66=\"\">\n<h2 data-v-e8f33c66=\"\">Principaux march\u00e9s d'exportation<\/h2>\n<\/div>\n<\/div>\n<\/div>\n<\/div>\n<\/div>\n<\/div>\n<div id=\"content\" class=\"content info-content\" data-v-e8f33c66=\"\">\n<div id=\"Product\" class=\"descriptions\" data-v-e8f33c66=\"\">\n<div class=\"ant-descriptions ant-descriptions-small ant-descriptions-bordered\" data-v-e8f33c66=\"\">\n<div class=\"ant-descriptions-view\">\n<table data-extentions-extra-tablecapture-id=\"411621\">\n<tbody>\n<tr class=\"ant-descriptions-row\">\n<th class=\"ant-descriptions-item-label ant-descriptions-item-colon\">Num\u00e9ro de mod\u00e8le<\/th>\n<td class=\"ant-descriptions-item-content\" colspan=\"5\">SINOLC19<\/td>\n<\/tr>\n<tr class=\"ant-descriptions-row\">\n<th class=\"ant-descriptions-item-label ant-descriptions-item-colon\">Nom de la marque<\/th>\n<td class=\"ant-descriptions-item-content\" colspan=\"5\">Sino Metal<\/td>\n<\/tr>\n<tr class=\"ant-descriptions-row\">\n<th class=\"ant-descriptions-item-label ant-descriptions-item-colon\">origine<\/th>\n<td class=\"ant-descriptions-item-content\" colspan=\"5\">Chine<\/td>\n<\/tr>\n<tr class=\"ant-descriptions-row\">\n<th class=\"ant-descriptions-item-label ant-descriptions-item-colon\">Petites commandes<\/th>\n<td class=\"ant-descriptions-item-content\" colspan=\"5\">Accept\u00e9<\/td>\n<\/tr>\n<\/tbody>\n<\/table>\n<\/div>\n<\/div>\n<\/div>\n<\/div>","protected":false},"featured_media":1024,"comment_status":"open","ping_status":"closed","template":"","meta":{"_kadence_starter_templates_imported_post":false,"_kad_post_transparent":"default","_kad_post_title":"","_kad_post_layout":"default","_kad_post_sidebar_id":"","_kad_post_content_style":"default","_kad_post_vertical_padding":"default","_kad_post_feature":"","_kad_post_feature_position":"","_kad_post_header":false,"_kad_post_footer":false},"product_brand":[],"product_cat":[27],"product_tag":[],"class_list":{"0":"post-1031","1":"product","2":"type-product","3":"status-publish","4":"has-post-thumbnail","6":"product_cat-galvanized-steel-coil-gi","8":"first","9":"instock","10":"shipping-taxable","11":"product-type-simple","12":"entry","13":"content-bg","14":"loop-entry"},"jetpack_sharing_enabled":true,"_links":{"self":[{"href":"https:\/\/cnsinometal.com\/fr\/wp-json\/wp\/v2\/product\/1031","targetHints":{"allow":["GET"]}}],"collection":[{"href":"https:\/\/cnsinometal.com\/fr\/wp-json\/wp\/v2\/product"}],"about":[{"href":"https:\/\/cnsinometal.com\/fr\/wp-json\/wp\/v2\/types\/product"}],"replies":[{"embeddable":true,"href":"https:\/\/cnsinometal.com\/fr\/wp-json\/wp\/v2\/comments?post=1031"}],"wp:featuredmedia":[{"embeddable":true,"href":"https:\/\/cnsinometal.com\/fr\/wp-json\/wp\/v2\/media\/1024"}],"wp:attachment":[{"href":"https:\/\/cnsinometal.com\/fr\/wp-json\/wp\/v2\/media?parent=1031"}],"wp:term":[{"taxonomy":"product_brand","embeddable":true,"href":"https:\/\/cnsinometal.com\/fr\/wp-json\/wp\/v2\/product_brand?post=1031"},{"taxonomy":"product_cat","embeddable":true,"href":"https:\/\/cnsinometal.com\/fr\/wp-json\/wp\/v2\/product_cat?post=1031"},{"taxonomy":"product_tag","embeddable":true,"href":"https:\/\/cnsinometal.com\/fr\/wp-json\/wp\/v2\/product_tag?post=1031"}],"curies":[{"name":"wp","href":"https:\/\/api.w.org\/{rel}","templated":true}]}}