{"id":1013,"date":"2025-08-26T11:14:05","date_gmt":"2025-08-26T03:14:05","guid":{"rendered":"http:\/\/cnsinometal.com\/?post_type=product&#038;p=1013"},"modified":"2025-08-26T11:14:05","modified_gmt":"2025-08-26T03:14:05","slug":"factory-wholesale-prime-quality-color-coated-aluminum-coil-prepainted-al-coil-ppal-coil","status":"publish","type":"product","link":"https:\/\/cnsinometal.com\/fr\/produit\/factory-wholesale-prime-quality-color-coated-aluminum-coil-prepainted-al-coil-ppal-coil\/","title":{"rendered":"Bobine d'aluminium pr\u00e9laqu\u00e9 PPAL de premi\u00e8re qualit\u00e9 Factory Wholesale Color Coil"},"content":{"rendered":"<div class=\"\" data-v-e8f33c66=\"\">\n<div class=\"ant-affix\">\n<div class=\"tabs affix-tabs affix-tab-box\" data-v-e8f33c66=\"\">\n<div class=\"ant-anchor-wrapper\" data-v-e8f33c66=\"\">\n<div class=\"ant-anchor fixed\">\n<div class=\"tab ant-anchor-link\" data-v-e8f33c66=\"\">\n<h2 data-v-e8f33c66=\"\">Informations sur le produit<\/h2>\n<\/div>\n<div class=\"tab ant-anchor-link ant-anchor-link-active\" data-v-e8f33c66=\"\">\n<h2 data-v-e8f33c66=\"\">Informations sur l'exp\u00e9dition<\/h2>\n<\/div>\n<div class=\"tab ant-anchor-link\" data-v-e8f33c66=\"\">\n<h2 data-v-e8f33c66=\"\">Principaux march\u00e9s d'exportation<\/h2>\n<\/div>\n<div class=\"tab ant-anchor-link\" data-v-e8f33c66=\"\">\n<h2 data-v-e8f33c66=\"\">Modalit\u00e9s de paiement<\/h2>\n<\/div>\n<\/div>\n<\/div>\n<\/div>\n<\/div>\n<\/div>\n<div id=\"content\" class=\"content info-content\" data-v-e8f33c66=\"\">\n<div id=\"Product\" class=\"descriptions\" data-v-e8f33c66=\"\">\n<div class=\"ant-descriptions ant-descriptions-small ant-descriptions-bordered\" data-v-e8f33c66=\"\">\n<div class=\"ant-descriptions-view\">\n<table data-extentions-extra-tablecapture-id=\"630663\">\n<tbody>\n<tr class=\"ant-descriptions-row\">\n<th class=\"ant-descriptions-item-label ant-descriptions-item-colon\">Num\u00e9ro de mod\u00e8le<\/th>\n<td class=\"ant-descriptions-item-content\" colspan=\"5\">Sino0694<\/td>\n<\/tr>\n<tr class=\"ant-descriptions-row\">\n<th class=\"ant-descriptions-item-label ant-descriptions-item-colon\">Nom de la marque<\/th>\n<td class=\"ant-descriptions-item-content\" colspan=\"5\">Shandong Sino<\/td>\n<\/tr>\n<tr class=\"ant-descriptions-row\">\n<th class=\"ant-descriptions-item-label ant-descriptions-item-colon\">origine<\/th>\n<td class=\"ant-descriptions-item-content\" colspan=\"5\">Chine<\/td>\n<\/tr>\n<tr class=\"ant-descriptions-row\">\n<th class=\"ant-descriptions-item-label ant-descriptions-item-colon\">Petites commandes<\/th>\n<td class=\"ant-descriptions-item-content\" colspan=\"5\">Accept\u00e9<\/td>\n<\/tr>\n<\/tbody>\n<\/table>\n<\/div>\n<\/div>\n<\/div>\n<div class=\"certifications-box\" data-v-e8f33c66=\"\">\n<div class=\"specifications\" data-v-e8f33c66=\"\">\n<h3 class=\"specifications-title\" data-v-e8f33c66=\"\">Principales sp\u00e9cifications\/caract\u00e9ristiques sp\u00e9ciales :<\/h3>\n<div class=\"tpl_txt_editor\" data-v-e8f33c66=\"\">\n<p>Description du produit<\/p>\n<p><img decoding=\"async\" class=\"lazy\" src=\"https:\/\/sc04.alicdn.com\/kf\/H2584996184fc42fc84e5a01903caedaai\/243517123\/H2584996184fc42fc84e5a01903caedaai.png\" alt=\"\" data-href=\"\" data-src=\"https:\/\/sc04.alicdn.com\/kf\/H2584996184fc42fc84e5a01903caedaai\/243517123\/H2584996184fc42fc84e5a01903caedaai.png\" data-extentions-extra-ocr-id=\"44a8fe60eeb6a8b5333d8a8d91f0963a\" \/><\/p>\n<h3>Plaque d'aluminium<\/h3>\n<p><strong>Les plaques d'aluminium sont des mat\u00e9riaux en aluminium d'une \u00e9paisseur de 0,2 mm \u00e0 500 mm, d'une largeur de 200 mm et d'une longueur inf\u00e9rieure \u00e0 16 m\u00e8tres. Les mat\u00e9riaux en aluminium d'une \u00e9paisseur inf\u00e9rieure \u00e0 0,2 mm et les bandes ou barres d'aluminium d'une largeur inf\u00e9rieure \u00e0 200 mm (bien entendu, avec les progr\u00e8s des grands \u00e9quipements, il existe davantage de plaques d'aluminium d'une largeur maximale de 600 mm). La plaque d'aluminium est une plaque rectangulaire fabriqu\u00e9e par laminage de lingots d'aluminium, qui peut \u00eatre divis\u00e9e en plaque d'aluminium pur, plaque d'aluminium alli\u00e9, plaque d'aluminium mince, plaque d'aluminium moyen et \u00e9pais, et plaque d'aluminium \u00e0 motifs.<\/strong><\/p>\n<p>Les plaques d'aluminium sont des mat\u00e9riaux en aluminium d'une \u00e9paisseur sup\u00e9rieure \u00e0 0,2 mm et inf\u00e9rieure \u00e0 500 mm, d'une largeur sup\u00e9rieure \u00e0 200 mm et d'une longueur inf\u00e9rieure \u00e0 16 m, appel\u00e9es plaques d'aluminium ou t\u00f4les d'aluminium, les mat\u00e9riaux en aluminium d'une \u00e9paisseur inf\u00e9rieure \u00e0 0,2 mm et les largeurs inf\u00e9rieures \u00e0 200 mm sont appel\u00e9es rang\u00e9es ou bandes (bien s\u00fbr, avec les progr\u00e8s des \u00e9quipements \u00e0 grande \u00e9chelle, il existe davantage de plaques d'aluminium d'une largeur maximale de 600 mm).La plaque d'aluminium d\u00e9signe une plaque rectangulaire lamin\u00e9e \u00e0 partir de lingots d'aluminium. On distingue les plaques d'aluminium pur, les plaques d'aluminium alli\u00e9, les plaques d'aluminium mince, les plaques d'aluminium d'\u00e9paisseur moyenne et les plaques d'aluminium \u00e0 motifs.<\/p>\n<p><img decoding=\"async\" class=\"lazy\" src=\"https:\/\/sc04.alicdn.com\/kf\/H535c13c7537040b989311ddfbe1df48ev\/243517123\/H535c13c7537040b989311ddfbe1df48ev.jpg\" alt=\"\" data-href=\"\" data-src=\"https:\/\/sc04.alicdn.com\/kf\/H535c13c7537040b989311ddfbe1df48ev\/243517123\/H535c13c7537040b989311ddfbe1df48ev.jpg\" data-extentions-extra-ocr-id=\"44a8fe60eeb6a8b5333d8a8d91f0963a\" \/><\/p>\n<p><img decoding=\"async\" class=\"lazy\" src=\"https:\/\/sc04.alicdn.com\/kf\/H3f8749714cfb4f6297a334e3bcba6d09l\/243517123\/H3f8749714cfb4f6297a334e3bcba6d09l.jpg\" alt=\"\" data-href=\"\" data-src=\"https:\/\/sc04.alicdn.com\/kf\/H3f8749714cfb4f6297a334e3bcba6d09l\/243517123\/H3f8749714cfb4f6297a334e3bcba6d09l.jpg\" data-extentions-extra-ocr-id=\"44a8fe60eeb6a8b5333d8a8d91f0963a\" \/><\/p>\n<p>Sp\u00e9cifications<\/p>\n<div class=\"gs-desc-table\">\n<table data-extentions-extra-tablecapture-id=\"595349\">\n<tbody>\n<tr>\n<td colspan=\"1\" rowspan=\"1\" width=\"auto\">Nom du produit<\/td>\n<td colspan=\"1\" rowspan=\"1\" width=\"auto\">plaque\/t\u00f4le d'aluminium<\/td>\n<\/tr>\n<tr>\n<td colspan=\"1\" rowspan=\"1\" width=\"auto\">largeur<\/td>\n<td colspan=\"1\" rowspan=\"1\" width=\"auto\">20-1500mm ou selon les besoins<\/td>\n<\/tr>\n<tr>\n<td colspan=\"1\" rowspan=\"2\" width=\"auto\">\u00c9paisseur<\/td>\n<td colspan=\"1\" rowspan=\"2\" width=\"auto\">0,1mm-60mm ou selon les besoins<\/td>\n<\/tr>\n<tr>\n<td colspan=\"1\" rowspan=\"1\" width=\"auto\">Standard<\/td>\n<td colspan=\"1\" rowspan=\"1\" width=\"auto\">AISI, ASTM, DIN, JIS, GB, JIS, SUS, EN, etc.<\/td>\n<\/tr>\n<tr>\n<td colspan=\"1\" rowspan=\"1\" width=\"auto\">Technique<\/td>\n<td colspan=\"1\" rowspan=\"1\" width=\"auto\">alliage d'aluminium<\/td>\n<\/tr>\n<tr>\n<td colspan=\"1\" rowspan=\"1\" width=\"auto\">Temp\u00e9rer<\/td>\n<td colspan=\"1\" rowspan=\"1\" width=\"auto\">O H12 H14 H18<\/td>\n<\/tr>\n<tr>\n<td colspan=\"1\" rowspan=\"1\" width=\"auto\">Tol\u00e9rance d'\u00e9paisseur<\/td>\n<td colspan=\"1\" rowspan=\"1\" width=\"auto\">\u00b10,1 mm<\/td>\n<\/tr>\n<tr>\n<td colspan=\"1\" rowspan=\"1\" width=\"auto\">Mat\u00e9riau<\/td>\n<td colspan=\"1\" rowspan=\"1\" width=\"auto\">1050 1040 1045 1060 1070<\/td>\n<\/tr>\n<tr>\n<td colspan=\"1\" rowspan=\"1\" width=\"auto\">Application<\/td>\n<td colspan=\"1\" rowspan=\"1\" width=\"auto\">Il est principalement utilis\u00e9 pour fabriquer des cuisini\u00e8res telles que les casseroles, les plaques, etc.<\/td>\n<\/tr>\n<tr>\n<td colspan=\"1\" rowspan=\"1\" width=\"auto\">MOQ<\/td>\n<td colspan=\"1\" rowspan=\"1\" width=\"auto\">Nous acceptons \u00e9galement les commandes d'\u00e9chantillons.<\/td>\n<\/tr>\n<tr>\n<td colspan=\"1\" rowspan=\"1\" width=\"auto\">D\u00e9lai d'exp\u00e9dition<\/td>\n<td colspan=\"1\" rowspan=\"1\" width=\"auto\">Dans un d\u00e9lai de 5 \u00e0 7 jours ouvrables apr\u00e8s r\u00e9ception du d\u00e9p\u00f4t<\/td>\n<\/tr>\n<tr>\n<td colspan=\"1\" rowspan=\"1\" width=\"auto\">Emballage pour l'exportation<\/td>\n<td colspan=\"1\" rowspan=\"1\" width=\"auto\">Emballage maritime standard pour l'exportation, adapt\u00e9 \u00e0 tous les types de transport ou selon les besoins.<\/td>\n<\/tr>\n<tr>\n<td colspan=\"1\" rowspan=\"1\" width=\"auto\">Capacit\u00e9<\/td>\n<td colspan=\"1\" rowspan=\"1\" width=\"auto\">250 000 tonnes\/an<\/td>\n<\/tr>\n<tr>\n<td colspan=\"1\" rowspan=\"1\" width=\"auto\">Certificats<\/td>\n<td colspan=\"1\" rowspan=\"1\" width=\"auto\">API ISO9001-2008,SGS.BV<\/p>\n<p>Processus de production<\/p>\n<p><img decoding=\"async\" class=\"lazy\" src=\"https:\/\/sc04.alicdn.com\/kf\/Hb2e4eea272eb4740862c02bcdc3bb6d0e\/243517123\/Hb2e4eea272eb4740862c02bcdc3bb6d0e.png\" alt=\"\" data-href=\"\" data-src=\"https:\/\/sc04.alicdn.com\/kf\/Hb2e4eea272eb4740862c02bcdc3bb6d0e\/243517123\/Hb2e4eea272eb4740862c02bcdc3bb6d0e.png\" data-extentions-extra-ocr-id=\"44a8fe60eeb6a8b5333d8a8d91f0963a\" \/><\/td>\n<\/tr>\n<\/tbody>\n<\/table>\n<\/div>\n<\/div>\n<\/div>\n<div class=\"textImg-box\" data-v-d0e03504=\"\" data-v-e8f33c66=\"\"><\/div>\n<\/div>\n<div id=\"Shipping\" class=\"certifications\" data-v-e8f33c66=\"\">\n<h3 class=\"title\" data-v-e8f33c66=\"\">Informations sur l'exp\u00e9dition<\/h3>\n<div class=\"certifications-content\" data-v-e8f33c66=\"\">\n<div class=\"ant-descriptions ant-descriptions-small ant-descriptions-bordered\" data-v-e8f33c66=\"\">\n<div class=\"ant-descriptions-view\">\n<table data-extentions-extra-tablecapture-id=\"941507\">\n<tbody>\n<tr class=\"ant-descriptions-row\">\n<th class=\"ant-descriptions-item-label ant-descriptions-item-colon\">Port FOB<\/th>\n<td class=\"ant-descriptions-item-content\" colspan=\"5\">Qingdao<\/td>\n<\/tr>\n<tr class=\"ant-descriptions-row\">\n<th class=\"ant-descriptions-item-label ant-descriptions-item-colon\">Code HTS<\/th>\n<td class=\"ant-descriptions-item-content\" colspan=\"5\">7606.91.10 00<\/td>\n<\/tr>\n<\/tbody>\n<\/table>\n<\/div>\n<\/div>\n<div class=\"ant-descriptions ant-descriptions-small ant-descriptions-bordered\" data-v-e8f33c66=\"\">\n<div class=\"ant-descriptions-view\">\n<table data-extentions-extra-tablecapture-id=\"18684\">\n<tbody>\n<tr class=\"ant-descriptions-row\">\n<th class=\"ant-descriptions-item-label ant-descriptions-item-colon\">D\u00e9lai d'ex\u00e9cution<\/th>\n<td class=\"ant-descriptions-item-content\" colspan=\"5\">10-40 jours<\/td>\n<\/tr>\n<\/tbody>\n<\/table>\n<\/div>\n<\/div>\n<\/div>\n<\/div>\n<div id=\"MainExportMarkets\" class=\"markets\" data-v-e8f33c66=\"\">\n<h3 class=\"title\" data-v-e8f33c66=\"\">Principaux march\u00e9s d'exportation<\/h3>\n<div class=\"markets-content\" data-v-e8f33c66=\"\">\n<div class=\"markets-content-row\" data-v-e8f33c66=\"\">\n<div class=\"item\" data-v-e8f33c66=\"\">- Asie<\/div>\n<div class=\"item\" data-v-e8f33c66=\"\">- Australasie<\/div>\n<div class=\"item\" data-v-e8f33c66=\"\">- Am\u00e9rique centrale et du Sud<\/div>\n<div class=\"item\" data-v-e8f33c66=\"\">- Europe de l'Est<\/div>\n<\/div>\n<div class=\"markets-content-row\" data-v-e8f33c66=\"\">\n<div class=\"item\" data-v-e8f33c66=\"\">- Moyen-Orient\/Afrique<\/div>\n<div class=\"item\" data-v-e8f33c66=\"\">- Am\u00e9rique du Nord<\/div>\n<div class=\"item\" data-v-e8f33c66=\"\">- Europe occidentale<\/div>\n<\/div>\n<\/div>\n<\/div>\n<\/div>","protected":false},"excerpt":{"rendered":"<p>Product Information Shipping Information Main Export Markets Payment Details Model Number Sino0694 Brand Name Shandong Sino origin China Small Orders Accepted Key Specifications\/ Special Features: Product Description \u200cAluminum plate Aluminum plate refers to aluminum materials with a thickness of 0.2mm to 500mm, a width of 200mm and a length of less than 16m. Aluminum materials&#8230;<\/p>","protected":false},"featured_media":716,"comment_status":"open","ping_status":"closed","template":"","meta":{"_kadence_starter_templates_imported_post":false,"_kad_post_transparent":"default","_kad_post_title":"","_kad_post_layout":"default","_kad_post_sidebar_id":"","_kad_post_content_style":"default","_kad_post_vertical_padding":"default","_kad_post_feature":"","_kad_post_feature_position":"","_kad_post_header":false,"_kad_post_footer":false},"product_brand":[],"product_cat":[31],"product_tag":[],"class_list":{"0":"post-1013","1":"product","2":"type-product","3":"status-publish","4":"has-post-thumbnail","6":"product_cat-pre-painted-aluminum-coil-ppal","8":"first","9":"instock","10":"shipping-taxable","11":"product-type-simple","12":"entry","13":"content-bg","14":"loop-entry"},"jetpack_sharing_enabled":true,"_links":{"self":[{"href":"https:\/\/cnsinometal.com\/fr\/wp-json\/wp\/v2\/product\/1013","targetHints":{"allow":["GET"]}}],"collection":[{"href":"https:\/\/cnsinometal.com\/fr\/wp-json\/wp\/v2\/product"}],"about":[{"href":"https:\/\/cnsinometal.com\/fr\/wp-json\/wp\/v2\/types\/product"}],"replies":[{"embeddable":true,"href":"https:\/\/cnsinometal.com\/fr\/wp-json\/wp\/v2\/comments?post=1013"}],"wp:featuredmedia":[{"embeddable":true,"href":"https:\/\/cnsinometal.com\/fr\/wp-json\/wp\/v2\/media\/716"}],"wp:attachment":[{"href":"https:\/\/cnsinometal.com\/fr\/wp-json\/wp\/v2\/media?parent=1013"}],"wp:term":[{"taxonomy":"product_brand","embeddable":true,"href":"https:\/\/cnsinometal.com\/fr\/wp-json\/wp\/v2\/product_brand?post=1013"},{"taxonomy":"product_cat","embeddable":true,"href":"https:\/\/cnsinometal.com\/fr\/wp-json\/wp\/v2\/product_cat?post=1013"},{"taxonomy":"product_tag","embeddable":true,"href":"https:\/\/cnsinometal.com\/fr\/wp-json\/wp\/v2\/product_tag?post=1013"}],"curies":[{"name":"wp","href":"https:\/\/api.w.org\/{rel}","templated":true}]}}