{"id":1011,"date":"2025-08-26T11:10:27","date_gmt":"2025-08-26T03:10:27","guid":{"rendered":"http:\/\/cnsinometal.com\/?post_type=product&#038;p=1011"},"modified":"2025-08-26T11:10:27","modified_gmt":"2025-08-26T03:10:27","slug":"ppgl-steel-coils-pe-paint-building-materials-electric-appliance","status":"publish","type":"product","link":"https:\/\/cnsinometal.com\/fr\/produit\/ppgl-steel-coils-pe-paint-building-materials-electric-appliance\/","title":{"rendered":"Bobines d'acier PPGL Peinture PE Mat\u00e9riaux de construction Appareils \u00e9lectriques"},"content":{"rendered":"<div class=\"\" data-v-e8f33c66=\"\">\n<div class=\"ant-affix\">\n<div class=\"tabs affix-tabs affix-tab-box\" data-v-e8f33c66=\"\">\n<div class=\"ant-anchor-wrapper\" data-v-e8f33c66=\"\">\n<div class=\"ant-anchor fixed\">\n<div class=\"tab ant-anchor-link ant-anchor-link-active\" data-v-e8f33c66=\"\">\n<h2 data-v-e8f33c66=\"\">Informations sur le produit<\/h2>\n<\/div>\n<div class=\"tab ant-anchor-link\" data-v-e8f33c66=\"\">\n<h2 data-v-e8f33c66=\"\">Principaux march\u00e9s d'exportation<\/h2>\n<\/div>\n<\/div>\n<\/div>\n<\/div>\n<\/div>\n<\/div>\n<div id=\"content\" class=\"content info-content\" data-v-e8f33c66=\"\">\n<div id=\"Product\" class=\"descriptions\" data-v-e8f33c66=\"\">\n<div class=\"ant-descriptions ant-descriptions-small ant-descriptions-bordered\" data-v-e8f33c66=\"\">\n<div class=\"ant-descriptions-view\">\n<table data-extentions-extra-tablecapture-id=\"403337\">\n<tbody>\n<tr class=\"ant-descriptions-row\">\n<th class=\"ant-descriptions-item-label ant-descriptions-item-colon\">Num\u00e9ro de mod\u00e8le<\/th>\n<td class=\"ant-descriptions-item-content\" colspan=\"5\">SINO04<\/td>\n<\/tr>\n<tr class=\"ant-descriptions-row\">\n<th class=\"ant-descriptions-item-label ant-descriptions-item-colon\">Petites commandes<\/th>\n<td class=\"ant-descriptions-item-content\" colspan=\"5\">Accept\u00e9<\/td>\n<\/tr>\n<\/tbody>\n<\/table>\n<\/div>\n<\/div>\n<\/div>\n<div class=\"certifications-box\" data-v-e8f33c66=\"\">\n<div class=\"specifications\" data-v-e8f33c66=\"\">\n<h3 class=\"specifications-title\" data-v-e8f33c66=\"\">Principales sp\u00e9cifications\/caract\u00e9ristiques sp\u00e9ciales :<\/h3>\n<div class=\"tpl_txt_editor\" data-v-e8f33c66=\"\">\n<div class=\"gs-desc-table\">\n<table data-extentions-extra-tablecapture-id=\"305594\">\n<tbody>\n<tr>\n<th colspan=\"1\" rowspan=\"1\" width=\"auto\">Num\u00e9ro de mod\u00e8le<\/th>\n<th colspan=\"1\" rowspan=\"1\" width=\"auto\">SINO04<\/th>\n<\/tr>\n<tr>\n<td colspan=\"1\" rowspan=\"1\" width=\"auto\">Marque<\/td>\n<td colspan=\"1\" rowspan=\"1\" width=\"auto\">Sino Metal<\/td>\n<\/tr>\n<tr>\n<td colspan=\"1\" rowspan=\"1\" width=\"auto\">Origine<\/td>\n<td colspan=\"1\" rowspan=\"1\" width=\"auto\">Chine<\/td>\n<\/tr>\n<tr>\n<td colspan=\"1\" rowspan=\"1\" width=\"auto\">Petites commandes<\/td>\n<td colspan=\"1\" rowspan=\"1\" width=\"auto\">Accept\u00e9<\/td>\n<\/tr>\n<\/tbody>\n<\/table>\n<\/div>\n<p>Le m\u00e9tal de base de l'acier pr\u00e9laqu\u00e9 est l'acier galvanis\u00e9, l'acier galvalume et l'acier lamin\u00e9 \u00e0 froid. La surface peinte est lisse et fine, la s\u00e9lection des couleurs et les propri\u00e9t\u00e9s des mat\u00e9riaux r\u00e9pondent \u00e0 des besoins sp\u00e9cifiques, gr\u00e2ce \u00e0 l'utilisation combin\u00e9e de diverses peintures et de substrats de base. Am\u00e9lioration des facteurs tels que les \u00e9conomies de processus, d'espace, d'\u00e9nergie et de charge dans l'usine de l'utilisateur.<\/p>\n<div class=\"gs-desc-table\">\n<table data-extentions-extra-tablecapture-id=\"3760\">\n<tbody>\n<tr>\n<th colspan=\"1\" rowspan=\"1\" width=\"auto\">Nom du produit<\/th>\n<th colspan=\"1\" rowspan=\"1\" width=\"auto\">Acier imprim\u00e9<\/th>\n<\/tr>\n<tr>\n<td colspan=\"1\" rowspan=\"1\" width=\"auto\">Nom de la marque<\/td>\n<td colspan=\"1\" rowspan=\"1\" width=\"auto\">SINO METAL<\/td>\n<\/tr>\n<tr>\n<td colspan=\"1\" rowspan=\"1\" width=\"auto\">Normes<\/td>\n<td colspan=\"1\" rowspan=\"1\" width=\"auto\">ASTM\/AISI\/BS\/DIN\/JIS\/GB et autres<\/td>\n<\/tr>\n<tr>\n<td colspan=\"1\" rowspan=\"1\" width=\"auto\">M\u00e9tal de base<\/td>\n<td colspan=\"1\" rowspan=\"1\" width=\"auto\">PPGI\/PPGL<\/td>\n<\/tr>\n<tr>\n<td colspan=\"1\" rowspan=\"1\" width=\"auto\">\u00c9paisseur<\/td>\n<td colspan=\"1\" rowspan=\"1\" width=\"auto\">0,14-1,50 mm<\/td>\n<\/tr>\n<tr>\n<td colspan=\"1\" rowspan=\"1\" width=\"auto\">Largeur<\/td>\n<td colspan=\"1\" rowspan=\"1\" width=\"auto\">30-1500mm<\/td>\n<\/tr>\n<tr>\n<td colspan=\"1\" rowspan=\"1\" width=\"auto\">Couleur<\/td>\n<td colspan=\"1\" rowspan=\"1\" width=\"auto\">Couleur RAL ou selon la demande du client<\/td>\n<\/tr>\n<tr>\n<td colspan=\"1\" rowspan=\"1\" width=\"auto\">Peinture<\/td>\n<td colspan=\"1\" rowspan=\"1\" width=\"auto\">PE, SMP, HDP, PVDF<\/td>\n<\/tr>\n<tr>\n<td colspan=\"1\" rowspan=\"1\" width=\"auto\">Surface<\/td>\n<td colspan=\"1\" rowspan=\"1\" width=\"auto\">Bois<\/td>\n<\/tr>\n<tr>\n<td colspan=\"1\" rowspan=\"1\" width=\"auto\">Certificats<\/td>\n<td colspan=\"1\" rowspan=\"1\" width=\"auto\">ISO 9001\/ISO14001\/SGS\/SONCAP<\/td>\n<\/tr>\n<tr>\n<td colspan=\"1\" rowspan=\"1\" width=\"auto\">M\u00e9tal de base<\/td>\n<td colspan=\"1\" rowspan=\"1\" width=\"auto\">CRC\/HRC<\/td>\n<\/tr>\n<tr>\n<td colspan=\"1\" rowspan=\"1\" width=\"auto\">Rev\u00eatement Al-Zinc<\/td>\n<td colspan=\"1\" rowspan=\"1\" width=\"auto\">40-150g\/m2<\/td>\n<\/tr>\n<tr>\n<td colspan=\"1\" rowspan=\"1\" width=\"auto\">Rev\u00eatement de couleur<\/td>\n<td colspan=\"1\" rowspan=\"1\" width=\"auto\">Haut\uff1a15-35um Dos\uff1a5-30um<\/td>\n<\/tr>\n<tr>\n<td colspan=\"1\" rowspan=\"1\" width=\"auto\">Duret\u00e9<\/td>\n<td colspan=\"1\" rowspan=\"1\" width=\"auto\">HRB55-HRB90<\/td>\n<\/tr>\n<tr>\n<td colspan=\"1\" rowspan=\"1\" width=\"auto\">Film de garde<\/td>\n<td colspan=\"1\" rowspan=\"1\" width=\"auto\">PVC et autres<\/td>\n<\/tr>\n<tr>\n<td colspan=\"1\" rowspan=\"1\" width=\"auto\">Emballage<\/td>\n<td colspan=\"1\" rowspan=\"1\" width=\"auto\">Emballage maritime pour l'exportation ou selon les exigences du client<\/td>\n<\/tr>\n<tr>\n<td colspan=\"1\" rowspan=\"1\" width=\"auto\">Applications<\/td>\n<td colspan=\"1\" rowspan=\"1\" width=\"auto\">Appareil m\u00e9nager, \u00e9quipement AV, appareil \u00e9lectronique, \u00e9quipement OA<\/td>\n<\/tr>\n<\/tbody>\n<\/table>\n<\/div>\n<p><strong>STRUCTURE DU REV\u00caTEMENT<\/strong><\/p>\n<div data-w-e-type=\"imageSingle\">\n<div data-w-e-type=\"attachment\" data-imagetype=\"one\" data-attachmentid=\"\" data-attachmentkey=\"\" data-parenttype=\"imageSingle\" data-position=\"\" data-imgurl=\"\" data-imagewidth=\"\" data-imageheight=\"\" data-url=\"\"><img decoding=\"async\" class=\"lazy\" src=\"https:\/\/p.globalsources.com\/IMAGES\/PDT\/B6014979037\/PPGI-PPGL.jpg\" data-src=\"https:\/\/p.globalsources.com\/IMAGES\/PDT\/B6014979037\/PPGI-PPGL.jpg\" data-extentions-extra-ocr-id=\"44a8fe60eeb6a8b5333d8a8d91f0963a\" \/><\/div>\n<\/div>\n<p><strong>Peinture-Fluorure de polyvinylid\u00e8ne (PVDF)<\/strong><\/p>\n<p>Gr\u00e2ce \u00e0 sa forte capacit\u00e9 de liaison chimique, le rev\u00eatement PVDF est tr\u00e8s r\u00e9sistant \u00e0 la corrosion et conserve sa couleur. En outre, son poids mol\u00e9culaire \u00e9lev\u00e9 et sa structure lin\u00e9aire lui conf\u00e8rent une grande r\u00e9sistance chimique, ainsi qu'une forte r\u00e9sistance aux UV et \u00e0 la chaleur. M\u00eame dans un environnement typique, sa dur\u00e9e de vie peut atteindre 20 \u00e0 25 ans.<\/p>\n<div data-w-e-type=\"imageSingle\">\n<div data-w-e-type=\"attachment\" data-imagetype=\"one\" data-attachmentid=\"\" data-attachmentkey=\"\" data-parenttype=\"imageSingle\" data-position=\"\" data-imgurl=\"\" data-imagewidth=\"\" data-imageheight=\"\" data-url=\"\"><img decoding=\"async\" class=\"lazy\" src=\"https:\/\/p.globalsources.com\/IMAGES\/PDT\/B6014089310\/PPGI-PPGL.jpg\" data-src=\"https:\/\/p.globalsources.com\/IMAGES\/PDT\/B6014089310\/PPGI-PPGL.jpg\" data-extentions-extra-ocr-id=\"44a8fe60eeb6a8b5333d8a8d91f0963a\" \/><\/div>\n<\/div>\n<p><strong>DESCRIPTION DU PRODUIT<\/strong><\/p>\n<div data-w-e-type=\"imageSingle\">\n<div data-w-e-type=\"attachment\" data-imagetype=\"one\" data-attachmentid=\"\" data-attachmentkey=\"\" data-parenttype=\"imageSingle\" data-position=\"\" data-imgurl=\"\" data-imagewidth=\"\" data-imageheight=\"\" data-url=\"\"><img decoding=\"async\" class=\"lazy\" src=\"https:\/\/p.globalsources.com\/IMAGES\/PDT\/B6014979022\/PPGI-PPGL.png\" data-src=\"https:\/\/p.globalsources.com\/IMAGES\/PDT\/B6014979022\/PPGI-PPGL.png\" data-extentions-extra-ocr-id=\"44a8fe60eeb6a8b5333d8a8d91f0963a\" \/><\/div>\n<\/div>\n<p><strong>APPLICATION DU PRODUIT<\/strong><\/p>\n<div data-w-e-type=\"imageSingle\">\n<div data-w-e-type=\"attachment\" data-imagetype=\"one\" data-attachmentid=\"\" data-attachmentkey=\"\" data-parenttype=\"imageSingle\" data-position=\"\" data-imgurl=\"\" data-imagewidth=\"1370\" data-imageheight=\"830\" data-url=\"\"><img decoding=\"async\" class=\"lazy\" src=\"https:\/\/p.globalsources.com\/IMAGES\/PDT\/B6014979038\/PPGI-PPGL.png\" data-src=\"https:\/\/p.globalsources.com\/IMAGES\/PDT\/B6014979038\/PPGI-PPGL.png\" data-extentions-extra-ocr-id=\"44a8fe60eeb6a8b5333d8a8d91f0963a\" \/><\/div>\n<\/div>\n<p><strong>CERTIFICAT<\/strong><\/p>\n<div data-w-e-type=\"imageSingle\">\n<div data-w-e-type=\"attachment\" data-imagetype=\"one\" data-attachmentid=\"\" data-attachmentkey=\"\" data-parenttype=\"imageSingle\" data-position=\"\" data-imgurl=\"\" data-imagewidth=\"3571\" data-imageheight=\"5051\" data-url=\"\"><img decoding=\"async\" class=\"lazy\" src=\"https:\/\/p.globalsources.com\/IMAGES\/PDT\/B6014979023\/PPGI-PPGL.jpg\" data-src=\"https:\/\/p.globalsources.com\/IMAGES\/PDT\/B6014979023\/PPGI-PPGL.jpg\" data-extentions-extra-ocr-id=\"44a8fe60eeb6a8b5333d8a8d91f0963a\" \/><\/div>\n<\/div>\n<p><strong>COLIS ET EXP\u00c9DITION<\/strong><\/p>\n<div data-w-e-type=\"imageSingle\">\n<div data-w-e-type=\"attachment\" data-imagetype=\"one\" data-attachmentid=\"\" data-attachmentkey=\"\" data-parenttype=\"imageSingle\" data-position=\"\" data-imgurl=\"\" data-imagewidth=\"1442\" data-imageheight=\"774\" data-url=\"\"><img decoding=\"async\" class=\"lazy\" src=\"https:\/\/p.globalsources.com\/IMAGES\/PDT\/B6014979039\/PPGI-PPGL.png\" data-src=\"https:\/\/p.globalsources.com\/IMAGES\/PDT\/B6014979039\/PPGI-PPGL.png\" data-extentions-extra-ocr-id=\"44a8fe60eeb6a8b5333d8a8d91f0963a\" \/><\/div>\n<\/div>\n<p><strong>Nos avantages :<\/strong><\/p>\n<p>Avec une capacit\u00e9 annuelle de 300 000 tonnes, nous effectuons constamment des travaux de recherche et de d\u00e9veloppement sur la technologie de production de la galvanisation, et nous visons \u00e0 d\u00e9velopper des applications plus \u00e9cologiques et diversifi\u00e9es pour ces produits.<\/p>\n<p>Nous pensons que le PPGI offre une combinaison imbattable de qualit\u00e9, de performance et de valeur. Si vous avez des questions sur ce produit ou si vous souhaitez en savoir plus sur les avantages qu'il peut apporter \u00e0 votre entreprise, n'h\u00e9sitez pas \u00e0 nous contacter. Nous nous engageons \u00e0 fournir un excellent service \u00e0 la client\u00e8le et \u00e0 aider nos clients \u00e0 atteindre leurs objectifs commerciaux.<\/p>\n<p>Nous vous remercions d'avoir pens\u00e9 \u00e0 notre entreprise et nous nous r\u00e9jouissons d'avoir l'occasion de travailler avec vous et de vous aider \u00e0 r\u00e9ussir.<\/p>\n<div data-w-e-type=\"imageSingle\">\n<div data-w-e-type=\"attachment\" data-imagetype=\"one\" data-attachmentid=\"\" data-attachmentkey=\"\" data-parenttype=\"imageSingle\" data-position=\"\" data-imgurl=\"\" data-imagewidth=\"\" data-imageheight=\"\" data-url=\"\"><img decoding=\"async\" class=\"lazy\" src=\"https:\/\/p.globalsources.com\/IMAGES\/PDT\/B6014584880\/PPGI-PPGL.jpg\" data-src=\"https:\/\/p.globalsources.com\/IMAGES\/PDT\/B6014584880\/PPGI-PPGL.jpg\" data-extentions-extra-ocr-id=\"44a8fe60eeb6a8b5333d8a8d91f0963a\" \/><\/div>\n<\/div>\n<p>&nbsp;<\/p>\n<\/div>\n<\/div>\n<div class=\"textImg-box\" data-v-d0e03504=\"\" data-v-e8f33c66=\"\"><\/div>\n<\/div>\n<div id=\"MainExportMarkets\" class=\"markets\" data-v-e8f33c66=\"\">\n<h3 class=\"title\" data-v-e8f33c66=\"\">Principaux march\u00e9s d'exportation<\/h3>\n<div class=\"markets-content\" data-v-e8f33c66=\"\">\n<div class=\"markets-content-row\" data-v-e8f33c66=\"\">\n<div class=\"item\" data-v-e8f33c66=\"\">- Asie<\/div>\n<div class=\"item\" data-v-e8f33c66=\"\">- Australasie<\/div>\n<div class=\"item\" data-v-e8f33c66=\"\">- Am\u00e9rique centrale et du Sud<\/div>\n<div class=\"item\" data-v-e8f33c66=\"\">- Europe de l'Est<\/div>\n<\/div>\n<div class=\"markets-content-row\" data-v-e8f33c66=\"\">\n<div class=\"item\" data-v-e8f33c66=\"\">- Moyen-Orient\/Afrique<\/div>\n<div class=\"item\" data-v-e8f33c66=\"\">- Am\u00e9rique du Nord<\/div>\n<div class=\"item\" data-v-e8f33c66=\"\">- Europe occidentale<\/div>\n<\/div>\n<\/div>\n<\/div>\n<\/div>","protected":false},"excerpt":{"rendered":"<p>Product Information Main Export Markets Model Number SINO04 Small Orders Accepted Key Specifications\/ Special Features: Model Number SINO04 Brand Sino Metal Origin China Small Orders Accepted The base metal of pre-painted steel are galvanizing steel, galvalume steel and cold rolled steel smooth and fine painted surface, selection of colors and material properties that meet specific&#8230;<\/p>","protected":false},"featured_media":999,"comment_status":"open","ping_status":"closed","template":"","meta":{"_kadence_starter_templates_imported_post":false,"_kad_post_transparent":"default","_kad_post_title":"","_kad_post_layout":"default","_kad_post_sidebar_id":"","_kad_post_content_style":"default","_kad_post_vertical_padding":"default","_kad_post_feature":"","_kad_post_feature_position":"","_kad_post_header":false,"_kad_post_footer":false},"product_brand":[],"product_cat":[30],"product_tag":[],"class_list":{"0":"post-1011","1":"product","2":"type-product","3":"status-publish","4":"has-post-thumbnail","6":"product_cat-pre-painted-galvalume-steel-coil-ppgl","8":"first","9":"instock","10":"shipping-taxable","11":"product-type-simple","12":"entry","13":"content-bg","14":"loop-entry"},"jetpack_sharing_enabled":true,"_links":{"self":[{"href":"https:\/\/cnsinometal.com\/fr\/wp-json\/wp\/v2\/product\/1011","targetHints":{"allow":["GET"]}}],"collection":[{"href":"https:\/\/cnsinometal.com\/fr\/wp-json\/wp\/v2\/product"}],"about":[{"href":"https:\/\/cnsinometal.com\/fr\/wp-json\/wp\/v2\/types\/product"}],"replies":[{"embeddable":true,"href":"https:\/\/cnsinometal.com\/fr\/wp-json\/wp\/v2\/comments?post=1011"}],"wp:featuredmedia":[{"embeddable":true,"href":"https:\/\/cnsinometal.com\/fr\/wp-json\/wp\/v2\/media\/999"}],"wp:attachment":[{"href":"https:\/\/cnsinometal.com\/fr\/wp-json\/wp\/v2\/media?parent=1011"}],"wp:term":[{"taxonomy":"product_brand","embeddable":true,"href":"https:\/\/cnsinometal.com\/fr\/wp-json\/wp\/v2\/product_brand?post=1011"},{"taxonomy":"product_cat","embeddable":true,"href":"https:\/\/cnsinometal.com\/fr\/wp-json\/wp\/v2\/product_cat?post=1011"},{"taxonomy":"product_tag","embeddable":true,"href":"https:\/\/cnsinometal.com\/fr\/wp-json\/wp\/v2\/product_tag?post=1011"}],"curies":[{"name":"wp","href":"https:\/\/api.w.org\/{rel}","templated":true}]}}