{"id":1006,"date":"2025-08-22T09:47:33","date_gmt":"2025-08-22T01:47:33","guid":{"rendered":"http:\/\/cnsinometal.com\/?post_type=product&#038;p=1006"},"modified":"2025-08-22T09:47:33","modified_gmt":"2025-08-22T01:47:33","slug":"china-factory-price-fob-customized-size-aluminum-coil-colors-ppal-coils-for-fence","status":"publish","type":"product","link":"https:\/\/cnsinometal.com\/fr\/produit\/china-factory-price-fob-customized-size-aluminum-coil-colors-ppal-coils-for-fence\/","title":{"rendered":"Prix d'usine en Chine Bobines d'aluminium PPAL de dimensions personnalis\u00e9es pour cl\u00f4tures"},"content":{"rendered":"<div class=\"\" data-v-e8f33c66=\"\">\n<div class=\"ant-affix\">\n<div class=\"tabs affix-tabs affix-tab-box\" data-v-e8f33c66=\"\">\n<div class=\"ant-anchor-wrapper\" data-v-e8f33c66=\"\">\n<div class=\"ant-anchor fixed\">\n<div class=\"tab ant-anchor-link ant-anchor-link-active\" data-v-e8f33c66=\"\">\n<h2 data-v-e8f33c66=\"\">Informations sur le produit<\/h2>\n<\/div>\n<div class=\"tab ant-anchor-link\" data-v-e8f33c66=\"\">\n<h2 data-v-e8f33c66=\"\">Informations sur l'exp\u00e9dition<\/h2>\n<\/div>\n<div class=\"tab ant-anchor-link\" data-v-e8f33c66=\"\">\n<h2 data-v-e8f33c66=\"\">Principaux march\u00e9s d'exportation<\/h2>\n<\/div>\n<div class=\"tab ant-anchor-link\" data-v-e8f33c66=\"\">\n<h2 data-v-e8f33c66=\"\">Modalit\u00e9s de paiement<\/h2>\n<\/div>\n<\/div>\n<\/div>\n<\/div>\n<\/div>\n<\/div>\n<div id=\"content\" class=\"content info-content\" data-v-e8f33c66=\"\">\n<div id=\"Product\" class=\"descriptions\" data-v-e8f33c66=\"\">\n<div class=\"ant-descriptions ant-descriptions-small ant-descriptions-bordered\" data-v-e8f33c66=\"\">\n<div class=\"ant-descriptions-view\">\n<table data-extentions-extra-tablecapture-id=\"658524\">\n<tbody>\n<tr class=\"ant-descriptions-row\">\n<th class=\"ant-descriptions-item-label ant-descriptions-item-colon\">Num\u00e9ro de mod\u00e8le<\/th>\n<td class=\"ant-descriptions-item-content\" colspan=\"5\">Sino0692<\/td>\n<\/tr>\n<tr class=\"ant-descriptions-row\">\n<th class=\"ant-descriptions-item-label ant-descriptions-item-colon\">Nom de la marque<\/th>\n<td class=\"ant-descriptions-item-content\" colspan=\"5\">Shandong Sino<\/td>\n<\/tr>\n<tr class=\"ant-descriptions-row\">\n<th class=\"ant-descriptions-item-label ant-descriptions-item-colon\">origine<\/th>\n<td class=\"ant-descriptions-item-content\" colspan=\"5\">Chine<\/td>\n<\/tr>\n<tr class=\"ant-descriptions-row\">\n<th class=\"ant-descriptions-item-label ant-descriptions-item-colon\">Petites commandes<\/th>\n<td class=\"ant-descriptions-item-content\" colspan=\"5\">Accept\u00e9<\/td>\n<\/tr>\n<\/tbody>\n<\/table>\n<\/div>\n<\/div>\n<\/div>\n<div class=\"certifications-box\" data-v-e8f33c66=\"\">\n<div class=\"specifications\" data-v-e8f33c66=\"\">\n<h3 class=\"specifications-title\" data-v-e8f33c66=\"\">Principales sp\u00e9cifications\/caract\u00e9ristiques sp\u00e9ciales :<\/h3>\n<div class=\"tpl_txt_editor\" data-v-e8f33c66=\"\">\n<p>D\u00e9tails photos<\/p>\n<p><img decoding=\"async\" class=\"lazy\" src=\"https:\/\/sc04.alicdn.com\/kf\/HTB1vF9aaEGF3KVjSZFvq6z_nXXa3\/234855382\/HTB1vF9aaEGF3KVjSZFvq6z_nXXa3.jpg\" alt=\"\" data-href=\"\" data-src=\"https:\/\/sc04.alicdn.com\/kf\/HTB1vF9aaEGF3KVjSZFvq6z_nXXa3\/234855382\/HTB1vF9aaEGF3KVjSZFvq6z_nXXa3.jpg\" data-extentions-extra-ocr-id=\"44a8fe60eeb6a8b5333d8a8d91f0963a\" \/><\/p>\n<p><img decoding=\"async\" class=\"lazy\" src=\"https:\/\/sc04.alicdn.com\/kf\/Hd5ea919e165c4cc984f6c6782aa7a2259\/234855382\/Hd5ea919e165c4cc984f6c6782aa7a2259.jpg\" alt=\"\" data-href=\"\" data-src=\"https:\/\/sc04.alicdn.com\/kf\/Hd5ea919e165c4cc984f6c6782aa7a2259\/234855382\/Hd5ea919e165c4cc984f6c6782aa7a2259.jpg\" data-extentions-extra-ocr-id=\"44a8fe60eeb6a8b5333d8a8d91f0963a\" \/><\/p>\n<p><img decoding=\"async\" class=\"lazy\" src=\"https:\/\/sc04.alicdn.com\/kf\/Hda49611c5db04e96a100742d8773baf3H\/234855382\/Hda49611c5db04e96a100742d8773baf3H.jpg\" alt=\"\" data-href=\"\" data-src=\"https:\/\/sc04.alicdn.com\/kf\/Hda49611c5db04e96a100742d8773baf3H\/234855382\/Hda49611c5db04e96a100742d8773baf3H.jpg\" data-extentions-extra-ocr-id=\"44a8fe60eeb6a8b5333d8a8d91f0963a\" \/><\/p>\n<p><img decoding=\"async\" class=\"lazy\" src=\"https:\/\/sc04.alicdn.com\/kf\/Hce9afdcbc8bf4ad6b4700c7c341d971dT\/234855382\/Hce9afdcbc8bf4ad6b4700c7c341d971dT.jpg\" alt=\"\" data-href=\"\" data-src=\"https:\/\/sc04.alicdn.com\/kf\/Hce9afdcbc8bf4ad6b4700c7c341d971dT\/234855382\/Hce9afdcbc8bf4ad6b4700c7c341d971dT.jpg\" data-extentions-extra-ocr-id=\"44a8fe60eeb6a8b5333d8a8d91f0963a\" \/><\/p>\n<p>Sp\u00e9cifications<\/p>\n<div class=\"gs-desc-table\">\n<table data-extentions-extra-tablecapture-id=\"731214\">\n<tbody>\n<tr>\n<td colspan=\"1\" rowspan=\"1\" width=\"auto\">Nom du produit<\/td>\n<td colspan=\"1\" rowspan=\"1\" width=\"auto\">Bobine d'aluminium \u00e0 motif rev\u00eatu de couleur<\/td>\n<\/tr>\n<tr>\n<td colspan=\"1\" rowspan=\"1\" width=\"auto\">Lieu d'origine<\/td>\n<td colspan=\"1\" rowspan=\"1\" width=\"auto\">Chine<\/td>\n<\/tr>\n<tr>\n<td colspan=\"1\" rowspan=\"1\" width=\"auto\">Origine<\/td>\n<td colspan=\"1\" rowspan=\"1\" width=\"auto\">Shandong<\/td>\n<\/tr>\n<tr>\n<td colspan=\"1\" rowspan=\"1\" width=\"auto\">Nom de la marque<\/td>\n<td colspan=\"1\" rowspan=\"1\" width=\"auto\">HZ<\/td>\n<\/tr>\n<tr>\n<td colspan=\"1\" rowspan=\"1\" width=\"auto\">Num\u00e9ro de mod\u00e8le<\/td>\n<td colspan=\"1\" rowspan=\"1\" width=\"auto\">HZ-Bobine d'aluminium<\/td>\n<\/tr>\n<tr>\n<td colspan=\"1\" rowspan=\"1\" width=\"auto\">Application<\/td>\n<td colspan=\"1\" rowspan=\"1\" width=\"auto\">Mat\u00e9riaux de construction<\/td>\n<\/tr>\n<tr>\n<td colspan=\"1\" rowspan=\"1\" width=\"auto\">Largeur<\/td>\n<td colspan=\"1\" rowspan=\"1\" width=\"auto\">Sur mesure<\/td>\n<\/tr>\n<tr>\n<td colspan=\"1\" rowspan=\"1\" width=\"auto\">Alliage ou non<\/td>\n<td colspan=\"1\" rowspan=\"1\" width=\"auto\">Est un alliage<\/td>\n<\/tr>\n<tr>\n<td colspan=\"1\" rowspan=\"1\" width=\"auto\">Grade<\/td>\n<td colspan=\"1\" rowspan=\"1\" width=\"auto\">S\u00e9rie 1000<\/td>\n<\/tr>\n<tr>\n<td colspan=\"1\" rowspan=\"1\" width=\"auto\">Temp\u00e9rer<\/td>\n<td colspan=\"1\" rowspan=\"1\" width=\"auto\">T3 - T8<\/td>\n<\/tr>\n<tr>\n<td colspan=\"1\" rowspan=\"1\" width=\"auto\">Tol\u00e9rance<\/td>\n<td colspan=\"1\" rowspan=\"1\" width=\"auto\">\u00b11%<\/td>\n<\/tr>\n<tr>\n<td colspan=\"1\" rowspan=\"1\" width=\"auto\">Service de traitement<\/td>\n<td colspan=\"1\" rowspan=\"1\" width=\"auto\">Pliage, d\u00e9roulage, soudage, poin\u00e7onnage, d\u00e9coupage<\/td>\n<\/tr>\n<tr>\n<td colspan=\"1\" rowspan=\"1\" width=\"auto\">D\u00e9lai de livraison<\/td>\n<td colspan=\"1\" rowspan=\"1\" width=\"auto\">8-14 jours<\/td>\n<\/tr>\n<tr>\n<td colspan=\"1\" rowspan=\"1\" width=\"auto\">Nom du produit<\/td>\n<td colspan=\"1\" rowspan=\"1\" width=\"auto\">Bobine d'aluminium<\/td>\n<\/tr>\n<tr>\n<td colspan=\"1\" rowspan=\"1\" width=\"auto\">Utilisation<\/td>\n<td colspan=\"1\" rowspan=\"1\" width=\"auto\">Construction de b\u00e2timents<\/td>\n<\/tr>\n<tr>\n<td colspan=\"1\" rowspan=\"1\" width=\"auto\">Forme<\/td>\n<td colspan=\"1\" rowspan=\"1\" width=\"auto\">bobine<\/td>\n<\/tr>\n<tr>\n<td colspan=\"1\" rowspan=\"1\" width=\"auto\">MOQ<\/td>\n<td colspan=\"1\" rowspan=\"1\" width=\"auto\">5 TONNES<\/td>\n<\/tr>\n<tr>\n<td colspan=\"1\" rowspan=\"1\" width=\"auto\">\u00c9chantillon<\/td>\n<td colspan=\"1\" rowspan=\"1\" width=\"auto\">gratuit<\/td>\n<\/tr>\n<tr>\n<td colspan=\"1\" rowspan=\"1\" width=\"auto\">Surface<\/td>\n<td colspan=\"1\" rowspan=\"1\" width=\"auto\">enduit de couleur<\/td>\n<\/tr>\n<tr>\n<td colspan=\"1\" rowspan=\"1\" width=\"auto\">Mat\u00e9riau<\/td>\n<td colspan=\"1\" rowspan=\"1\" width=\"auto\">1050\/1060\/1070\/1100\/3003\/5052\/5083\/6061\/6063<\/td>\n<\/tr>\n<tr>\n<td colspan=\"1\" rowspan=\"1\" width=\"auto\">Standard<\/td>\n<td colspan=\"1\" rowspan=\"1\" width=\"auto\">ASTM AISI JIS DIN GB<\/td>\n<\/tr>\n<tr>\n<td colspan=\"1\" rowspan=\"1\" width=\"auto\">Largeur<\/td>\n<td colspan=\"1\" rowspan=\"1\" width=\"auto\">600-1250mm<\/td>\n<\/tr>\n<tr>\n<td colspan=\"1\" rowspan=\"1\" width=\"auto\">CERTIFICAT<\/td>\n<td colspan=\"1\" rowspan=\"1\" width=\"auto\">ISO9001<\/p>\n<p>Emballage et livraison<\/p>\n<p><img decoding=\"async\" class=\"lazy\" src=\"https:\/\/sc04.alicdn.com\/kf\/H3c3206e73afe47ef949cf8998266fe0dC\/234855382\/H3c3206e73afe47ef949cf8998266fe0dC.jpg\" alt=\"\" data-href=\"\" data-src=\"https:\/\/sc04.alicdn.com\/kf\/H3c3206e73afe47ef949cf8998266fe0dC\/234855382\/H3c3206e73afe47ef949cf8998266fe0dC.jpg\" data-extentions-extra-ocr-id=\"44a8fe60eeb6a8b5333d8a8d91f0963a\" \/><br \/>\n<img decoding=\"async\" class=\"lazy\" src=\"https:\/\/sc04.alicdn.com\/kf\/H9ca839b2a43f400dab21b3c9da79573dY\/234855382\/H9ca839b2a43f400dab21b3c9da79573dY.jpg\" alt=\"\" data-href=\"\" data-src=\"https:\/\/sc04.alicdn.com\/kf\/H9ca839b2a43f400dab21b3c9da79573dY\/234855382\/H9ca839b2a43f400dab21b3c9da79573dY.jpg\" data-extentions-extra-ocr-id=\"44a8fe60eeb6a8b5333d8a8d91f0963a\" \/><\/p>\n<p>Emballage standard pour l'exportation : film plastique+papier imperm\u00e9able+plaque d'acier+bande d'acier d'emballage<br \/>\nEmballage standard pour l'exportation \u00e0 l'horizontale (trou sur le c\u00f4t\u00e9)<br \/>\nEmballage standard pour l'exportation en position verticale (trou vers le ciel)<\/td>\n<\/tr>\n<\/tbody>\n<\/table>\n<\/div>\n<\/div>\n<\/div>\n<div class=\"textImg-box\" data-v-d0e03504=\"\" data-v-e8f33c66=\"\"><\/div>\n<\/div>\n<div id=\"Shipping\" class=\"certifications\" data-v-e8f33c66=\"\">\n<h3 class=\"title\" data-v-e8f33c66=\"\">Informations sur l'exp\u00e9dition<\/h3>\n<div class=\"certifications-content\" data-v-e8f33c66=\"\">\n<div class=\"ant-descriptions ant-descriptions-small ant-descriptions-bordered\" data-v-e8f33c66=\"\">\n<div class=\"ant-descriptions-view\">\n<table data-extentions-extra-tablecapture-id=\"431726\">\n<tbody>\n<tr class=\"ant-descriptions-row\">\n<th class=\"ant-descriptions-item-label ant-descriptions-item-colon\">Port FOB<\/th>\n<td class=\"ant-descriptions-item-content\" colspan=\"5\">Qingdao<\/td>\n<\/tr>\n<tr class=\"ant-descriptions-row\">\n<th class=\"ant-descriptions-item-label ant-descriptions-item-colon\">Code HTS<\/th>\n<td class=\"ant-descriptions-item-content\" colspan=\"5\">7616.99.90 90<\/td>\n<\/tr>\n<\/tbody>\n<\/table>\n<\/div>\n<\/div>\n<div class=\"ant-descriptions ant-descriptions-small ant-descriptions-bordered\" data-v-e8f33c66=\"\">\n<div class=\"ant-descriptions-view\">\n<table data-extentions-extra-tablecapture-id=\"588417\">\n<tbody>\n<tr class=\"ant-descriptions-row\">\n<th class=\"ant-descriptions-item-label ant-descriptions-item-colon\">D\u00e9lai d'ex\u00e9cution<\/th>\n<td class=\"ant-descriptions-item-content\" colspan=\"5\">5-30 jours<\/td>\n<\/tr>\n<\/tbody>\n<\/table>\n<\/div>\n<\/div>\n<\/div>\n<\/div>\n<div id=\"MainExportMarkets\" class=\"markets\" data-v-e8f33c66=\"\">\n<h3 class=\"title\" data-v-e8f33c66=\"\">Principaux march\u00e9s d'exportation<\/h3>\n<div class=\"markets-content\" data-v-e8f33c66=\"\">\n<div class=\"markets-content-row\" data-v-e8f33c66=\"\">\n<div class=\"item\" data-v-e8f33c66=\"\">- Asie<\/div>\n<div class=\"item\" data-v-e8f33c66=\"\">- Australasie<\/div>\n<div class=\"item\" data-v-e8f33c66=\"\">- Am\u00e9rique centrale et du Sud<\/div>\n<div class=\"item\" data-v-e8f33c66=\"\">- Europe de l'Est<\/div>\n<\/div>\n<div class=\"markets-content-row\" data-v-e8f33c66=\"\">\n<div class=\"item\" data-v-e8f33c66=\"\">- Moyen-Orient\/Afrique<\/div>\n<div class=\"item\" data-v-e8f33c66=\"\">- Am\u00e9rique du Nord<\/div>\n<div class=\"item\" data-v-e8f33c66=\"\">- Europe occidentale<\/div>\n<\/div>\n<\/div>\n<\/div>\n<\/div>","protected":false},"excerpt":{"rendered":"<h3 class=\"title\" data-v-e8f33c66=\"\">Principaux march\u00e9s d'exportation<\/h3>\n<div class=\"markets-content\" data-v-e8f33c66=\"\">\n<div class=\"markets-content-row\" data-v-e8f33c66=\"\">\n<div class=\"item\" data-v-e8f33c66=\"\">- Asie<\/div>\n<div class=\"item\" data-v-e8f33c66=\"\">- Australasie<\/div>\n<div class=\"item\" data-v-e8f33c66=\"\">- Am\u00e9rique centrale et du Sud<\/div>\n<div class=\"item\" data-v-e8f33c66=\"\">- Europe de l'Est<\/div>\n<\/div>\n<div class=\"markets-content-row\" data-v-e8f33c66=\"\">\n<div class=\"item\" data-v-e8f33c66=\"\">- Moyen-Orient\/Afrique<\/div>\n<div class=\"item\" data-v-e8f33c66=\"\">- Am\u00e9rique du Nord<\/div>\n<div class=\"item\" data-v-e8f33c66=\"\">- Europe occidentale<\/div>\n<\/div>\n<\/div>","protected":false},"featured_media":1007,"comment_status":"open","ping_status":"closed","template":"","meta":{"_kadence_starter_templates_imported_post":false,"_kad_post_transparent":"default","_kad_post_title":"","_kad_post_layout":"default","_kad_post_sidebar_id":"","_kad_post_content_style":"default","_kad_post_vertical_padding":"default","_kad_post_feature":"","_kad_post_feature_position":"","_kad_post_header":false,"_kad_post_footer":false},"product_brand":[],"product_cat":[31],"product_tag":[],"class_list":{"0":"post-1006","1":"product","2":"type-product","3":"status-publish","4":"has-post-thumbnail","6":"product_cat-pre-painted-aluminum-coil-ppal","8":"first","9":"instock","10":"shipping-taxable","11":"product-type-simple","12":"entry","13":"content-bg","14":"loop-entry"},"jetpack_sharing_enabled":true,"_links":{"self":[{"href":"https:\/\/cnsinometal.com\/fr\/wp-json\/wp\/v2\/product\/1006","targetHints":{"allow":["GET"]}}],"collection":[{"href":"https:\/\/cnsinometal.com\/fr\/wp-json\/wp\/v2\/product"}],"about":[{"href":"https:\/\/cnsinometal.com\/fr\/wp-json\/wp\/v2\/types\/product"}],"replies":[{"embeddable":true,"href":"https:\/\/cnsinometal.com\/fr\/wp-json\/wp\/v2\/comments?post=1006"}],"wp:featuredmedia":[{"embeddable":true,"href":"https:\/\/cnsinometal.com\/fr\/wp-json\/wp\/v2\/media\/1007"}],"wp:attachment":[{"href":"https:\/\/cnsinometal.com\/fr\/wp-json\/wp\/v2\/media?parent=1006"}],"wp:term":[{"taxonomy":"product_brand","embeddable":true,"href":"https:\/\/cnsinometal.com\/fr\/wp-json\/wp\/v2\/product_brand?post=1006"},{"taxonomy":"product_cat","embeddable":true,"href":"https:\/\/cnsinometal.com\/fr\/wp-json\/wp\/v2\/product_cat?post=1006"},{"taxonomy":"product_tag","embeddable":true,"href":"https:\/\/cnsinometal.com\/fr\/wp-json\/wp\/v2\/product_tag?post=1006"}],"curies":[{"name":"wp","href":"https:\/\/api.w.org\/{rel}","templated":true}]}}