{"id":1003,"date":"2025-08-22T09:40:25","date_gmt":"2025-08-22T01:40:25","guid":{"rendered":"http:\/\/cnsinometal.com\/?post_type=product&#038;p=1003"},"modified":"2025-08-22T09:40:25","modified_gmt":"2025-08-22T01:40:25","slug":"0-18mm0-80mm-corrugated-steel-sheet-zinc-coated-metal-iron-roofing-sheet","status":"publish","type":"product","link":"https:\/\/cnsinometal.com\/fr\/produit\/0-18mm0-80mm-corrugated-steel-sheet-zinc-coated-metal-iron-roofing-sheet\/","title":{"rendered":"0.18mm~0.80mm T\u00f4le d'acier ondul\u00e9e T\u00f4le de couverture m\u00e9tallique zingu\u00e9e"},"content":{"rendered":"<div class=\"\" data-v-e8f33c66=\"\">\n<div class=\"ant-affix\">\n<div class=\"tabs affix-tabs affix-tab-box\" data-v-e8f33c66=\"\">\n<div class=\"ant-anchor-wrapper\" data-v-e8f33c66=\"\">\n<div class=\"ant-anchor fixed\">\n<div class=\"tab ant-anchor-link ant-anchor-link-active\" data-v-e8f33c66=\"\">\n<h2 data-v-e8f33c66=\"\">Informations sur le produit<\/h2>\n<\/div>\n<div class=\"tab ant-anchor-link\" data-v-e8f33c66=\"\">\n<h2 data-v-e8f33c66=\"\">Informations sur l'exp\u00e9dition<\/h2>\n<\/div>\n<div class=\"tab ant-anchor-link\" data-v-e8f33c66=\"\">\n<h2 data-v-e8f33c66=\"\">Principaux march\u00e9s d'exportation<\/h2>\n<\/div>\n<div class=\"tab ant-anchor-link\" data-v-e8f33c66=\"\">\n<h2 data-v-e8f33c66=\"\">Modalit\u00e9s de paiement<\/h2>\n<\/div>\n<\/div>\n<\/div>\n<\/div>\n<\/div>\n<\/div>\n<div id=\"content\" class=\"content info-content\" data-v-e8f33c66=\"\">\n<div id=\"Product\" class=\"descriptions\" data-v-e8f33c66=\"\">\n<div class=\"ant-descriptions ant-descriptions-small ant-descriptions-bordered\" data-v-e8f33c66=\"\">\n<div class=\"ant-descriptions-view\">\n<table data-extentions-extra-tablecapture-id=\"435849\">\n<tbody>\n<tr class=\"ant-descriptions-row\">\n<th class=\"ant-descriptions-item-label ant-descriptions-item-colon\">Num\u00e9ro de mod\u00e8le<\/th>\n<td class=\"ant-descriptions-item-content\" colspan=\"5\">Sino0713<\/td>\n<\/tr>\n<tr class=\"ant-descriptions-row\">\n<th class=\"ant-descriptions-item-label ant-descriptions-item-colon\">Nom de la marque<\/th>\n<td class=\"ant-descriptions-item-content\" colspan=\"5\">Shandong Sino<\/td>\n<\/tr>\n<tr class=\"ant-descriptions-row\">\n<th class=\"ant-descriptions-item-label ant-descriptions-item-colon\">origine<\/th>\n<td class=\"ant-descriptions-item-content\" colspan=\"5\">Chine<\/td>\n<\/tr>\n<tr class=\"ant-descriptions-row\">\n<th class=\"ant-descriptions-item-label ant-descriptions-item-colon\">Petites commandes<\/th>\n<td class=\"ant-descriptions-item-content\" colspan=\"5\">Accept\u00e9<\/td>\n<\/tr>\n<\/tbody>\n<\/table>\n<\/div>\n<\/div>\n<\/div>\n<div class=\"certifications-box\" data-v-e8f33c66=\"\">\n<div class=\"specifications\" data-v-e8f33c66=\"\">\n<h3 class=\"specifications-title\" data-v-e8f33c66=\"\">Principales sp\u00e9cifications\/caract\u00e9ristiques sp\u00e9ciales :<\/h3>\n<div class=\"tpl_txt_editor\" data-v-e8f33c66=\"\">\n<p><img decoding=\"async\" class=\"lazy\" src=\"https:\/\/sc04.alicdn.com\/kf\/He40cf33cd12e43c4a41e9d1b99fed8d8n\/275685924\/He40cf33cd12e43c4a41e9d1b99fed8d8n.jpg\" alt=\"\" data-href=\"\" data-src=\"https:\/\/sc04.alicdn.com\/kf\/He40cf33cd12e43c4a41e9d1b99fed8d8n\/275685924\/He40cf33cd12e43c4a41e9d1b99fed8d8n.jpg\" data-extentions-extra-ocr-id=\"44a8fe60eeb6a8b5333d8a8d91f0963a\" \/><\/p>\n<p>Description du produit<\/p>\n<p><img decoding=\"async\" class=\"lazy\" src=\"https:\/\/sc04.alicdn.com\/kf\/H462c92fde60d4cb78cdd7f2ec1a2fa6c4\/275685924\/H462c92fde60d4cb78cdd7f2ec1a2fa6c4.jpg\" alt=\"\" data-href=\"\" data-src=\"https:\/\/sc04.alicdn.com\/kf\/H462c92fde60d4cb78cdd7f2ec1a2fa6c4\/275685924\/H462c92fde60d4cb78cdd7f2ec1a2fa6c4.jpg\" data-extentions-extra-ocr-id=\"44a8fe60eeb6a8b5333d8a8d91f0963a\" \/><\/p>\n<p><img decoding=\"async\" class=\"lazy\" src=\"https:\/\/sc04.alicdn.com\/kf\/H82a420af085d4506a09c2947e32d2ae8z\/275685924\/H82a420af085d4506a09c2947e32d2ae8z.jpg\" alt=\"\" data-href=\"\" data-src=\"https:\/\/sc04.alicdn.com\/kf\/H82a420af085d4506a09c2947e32d2ae8z\/275685924\/H82a420af085d4506a09c2947e32d2ae8z.jpg\" data-extentions-extra-ocr-id=\"44a8fe60eeb6a8b5333d8a8d91f0963a\" \/><\/p>\n<div class=\"gs-desc-table\">\n<table data-extentions-extra-tablecapture-id=\"209383\">\n<tbody>\n<tr>\n<td colspan=\"1\" rowspan=\"1\" width=\"auto\">Standard<\/td>\n<td colspan=\"1\" rowspan=\"1\" width=\"auto\">AiSi, ASTM, bs, DIN, GB, JIS<\/td>\n<\/tr>\n<tr>\n<td colspan=\"1\" rowspan=\"1\" width=\"auto\">Grade<\/td>\n<td colspan=\"1\" rowspan=\"1\" width=\"auto\">DX51D+Z<\/td>\n<\/tr>\n<tr>\n<td colspan=\"1\" rowspan=\"1\" width=\"auto\">Nom de la marque<\/td>\n<td colspan=\"1\" rowspan=\"1\" width=\"auto\">ZHONGTANG<\/td>\n<\/tr>\n<tr>\n<td colspan=\"1\" rowspan=\"1\" width=\"auto\">Num\u00e9ro de mod\u00e8le<\/td>\n<td colspan=\"1\" rowspan=\"1\" width=\"auto\">IES-781023<\/td>\n<\/tr>\n<tr>\n<td colspan=\"1\" rowspan=\"1\" width=\"auto\">Type<\/td>\n<td colspan=\"1\" rowspan=\"1\" width=\"auto\">T\u00f4le d'acier<\/td>\n<td colspan=\"1\" rowspan=\"1\" width=\"auto\"><\/td>\n<td colspan=\"1\" rowspan=\"1\" width=\"auto\"><\/td>\n<td colspan=\"1\" rowspan=\"1\" width=\"auto\"><\/td>\n<\/tr>\n<tr>\n<td colspan=\"1\" rowspan=\"1\" width=\"auto\">Technique<\/td>\n<td colspan=\"1\" rowspan=\"1\" width=\"auto\">Lamin\u00e9s \u00e0 chaud<\/td>\n<td colspan=\"1\" rowspan=\"1\" width=\"auto\"><\/td>\n<td colspan=\"1\" rowspan=\"1\" width=\"auto\"><\/td>\n<td colspan=\"1\" rowspan=\"1\" width=\"auto\"><\/td>\n<\/tr>\n<tr>\n<td colspan=\"1\" rowspan=\"1\" width=\"auto\">Application<\/td>\n<td colspan=\"1\" rowspan=\"1\" width=\"auto\">Plaque de conteneur<\/td>\n<td colspan=\"1\" rowspan=\"1\" width=\"auto\"><\/td>\n<td colspan=\"1\" rowspan=\"1\" width=\"auto\"><\/td>\n<td colspan=\"1\" rowspan=\"1\" width=\"auto\"><\/td>\n<\/tr>\n<tr>\n<td colspan=\"1\" rowspan=\"1\" width=\"auto\">Usage sp\u00e9cial<\/td>\n<td colspan=\"1\" rowspan=\"1\" width=\"auto\">Acier au silicium<\/td>\n<td colspan=\"1\" rowspan=\"1\" width=\"auto\"><\/td>\n<td colspan=\"1\" rowspan=\"1\" width=\"auto\"><\/td>\n<td colspan=\"1\" rowspan=\"1\" width=\"auto\"><\/td>\n<\/tr>\n<tr>\n<td colspan=\"1\" rowspan=\"1\" width=\"auto\">Largeur<\/td>\n<td colspan=\"1\" rowspan=\"1\" width=\"auto\">600-1500mm<\/td>\n<td colspan=\"1\" rowspan=\"1\" width=\"auto\"><\/td>\n<td colspan=\"1\" rowspan=\"1\" width=\"auto\"><\/td>\n<td colspan=\"1\" rowspan=\"1\" width=\"auto\"><\/td>\n<\/tr>\n<tr>\n<td colspan=\"1\" rowspan=\"1\" width=\"auto\">Tol\u00e9rance<\/td>\n<td colspan=\"1\" rowspan=\"1\" width=\"auto\">\u00b11%<\/td>\n<td colspan=\"1\" rowspan=\"1\" width=\"auto\"><\/td>\n<td colspan=\"1\" rowspan=\"1\" width=\"auto\"><\/td>\n<td colspan=\"1\" rowspan=\"1\" width=\"auto\"><\/td>\n<\/tr>\n<tr>\n<td colspan=\"1\" rowspan=\"1\" width=\"auto\">Type<\/td>\n<td colspan=\"1\" rowspan=\"1\" width=\"auto\">T\u00f4le d'acier galvanis\u00e9e \u00e0 chaud<\/td>\n<td colspan=\"1\" rowspan=\"1\" width=\"auto\"><\/td>\n<td colspan=\"1\" rowspan=\"1\" width=\"auto\"><\/td>\n<td colspan=\"1\" rowspan=\"1\" width=\"auto\"><\/td>\n<\/tr>\n<tr>\n<td colspan=\"1\" rowspan=\"1\" width=\"auto\">Service de traitement<\/td>\n<td colspan=\"1\" rowspan=\"1\" width=\"auto\">Pliage, soudage, d\u00e9cochage, d\u00e9coupage, poin\u00e7onnage<\/td>\n<td colspan=\"1\" rowspan=\"1\" width=\"auto\"><\/td>\n<td colspan=\"1\" rowspan=\"1\" width=\"auto\"><\/td>\n<td colspan=\"1\" rowspan=\"1\" width=\"auto\"><\/td>\n<\/tr>\n<tr>\n<td colspan=\"1\" rowspan=\"1\" width=\"auto\">D\u00e9lai de livraison<\/td>\n<td colspan=\"1\" rowspan=\"1\" width=\"auto\">7 jours<\/td>\n<td colspan=\"1\" rowspan=\"1\" width=\"auto\"><\/td>\n<td colspan=\"1\" rowspan=\"1\" width=\"auto\"><\/td>\n<td colspan=\"1\" rowspan=\"1\" width=\"auto\"><\/td>\n<\/tr>\n<tr>\n<td colspan=\"1\" rowspan=\"1\" width=\"auto\">Nom du produit<\/td>\n<td colspan=\"1\" rowspan=\"1\" width=\"auto\">T\u00f4le ondul\u00e9e pour toiture<\/td>\n<td colspan=\"1\" rowspan=\"1\" width=\"auto\"><\/td>\n<td colspan=\"1\" rowspan=\"1\" width=\"auto\"><\/td>\n<td colspan=\"1\" rowspan=\"1\" width=\"auto\"><\/td>\n<\/tr>\n<tr>\n<td colspan=\"1\" rowspan=\"1\" width=\"auto\">Surface<\/td>\n<td colspan=\"1\" rowspan=\"1\" width=\"auto\">Demande du client<\/td>\n<td colspan=\"1\" rowspan=\"1\" width=\"auto\"><\/td>\n<td colspan=\"1\" rowspan=\"1\" width=\"auto\"><\/td>\n<td colspan=\"1\" rowspan=\"1\" width=\"auto\"><\/td>\n<\/tr>\n<tr>\n<td colspan=\"1\" rowspan=\"1\" width=\"auto\">Mot-cl\u00e9<\/td>\n<td colspan=\"1\" rowspan=\"1\" width=\"auto\">T\u00f4le ondul\u00e9e galvanis\u00e9e T\u00f4le de toiture<\/td>\n<td colspan=\"1\" rowspan=\"1\" width=\"auto\"><\/td>\n<td colspan=\"1\" rowspan=\"1\" width=\"auto\"><\/td>\n<td colspan=\"1\" rowspan=\"1\" width=\"auto\"><\/td>\n<\/tr>\n<tr>\n<td colspan=\"1\" rowspan=\"1\" width=\"auto\">Mat\u00e9riau<\/td>\n<td colspan=\"1\" rowspan=\"1\" width=\"auto\">SGCC\/CGCC\/TDC51DZM\/TDC52DTS350GD\/TS550GD\/DX51D+Z Q195-q345<\/td>\n<td colspan=\"1\" rowspan=\"1\" width=\"auto\"><\/td>\n<td colspan=\"1\" rowspan=\"1\" width=\"auto\"><\/td>\n<td colspan=\"1\" rowspan=\"1\" width=\"auto\"><\/td>\n<\/tr>\n<tr>\n<td colspan=\"1\" rowspan=\"1\" width=\"auto\">Couleur<\/td>\n<td colspan=\"1\" rowspan=\"1\" width=\"auto\">Clients \u00c9chantillons Couleur<\/td>\n<td colspan=\"1\" rowspan=\"1\" width=\"auto\"><\/td>\n<td colspan=\"1\" rowspan=\"1\" width=\"auto\"><\/td>\n<td colspan=\"1\" rowspan=\"1\" width=\"auto\"><\/td>\n<\/tr>\n<tr>\n<td colspan=\"1\" rowspan=\"1\" width=\"auto\">D\u00e9lai de paiement<\/td>\n<td colspan=\"1\" rowspan=\"1\" width=\"auto\">30%TT Avance + 70% Solde<\/td>\n<td colspan=\"1\" rowspan=\"1\" width=\"auto\"><\/td>\n<td colspan=\"1\" rowspan=\"1\" width=\"auto\"><\/td>\n<td colspan=\"1\" rowspan=\"1\" width=\"auto\"><\/td>\n<\/tr>\n<tr>\n<td colspan=\"1\" rowspan=\"1\" width=\"auto\">\u00c9paisseur<\/td>\n<td colspan=\"1\" rowspan=\"1\" width=\"auto\">0,12 mm-3,0 mm<\/td>\n<td colspan=\"1\" rowspan=\"1\" width=\"auto\"><\/td>\n<td colspan=\"1\" rowspan=\"1\" width=\"auto\"><\/td>\n<td colspan=\"1\" rowspan=\"1\" width=\"auto\"><\/td>\n<\/tr>\n<tr>\n<td colspan=\"1\" rowspan=\"1\" width=\"auto\">Emballage<\/td>\n<td colspan=\"1\" rowspan=\"1\" width=\"auto\">Emballage maritime standard<\/td>\n<td colspan=\"1\" rowspan=\"1\" width=\"auto\"><\/td>\n<td colspan=\"1\" rowspan=\"1\" width=\"auto\"><\/td>\n<td colspan=\"1\" rowspan=\"1\" width=\"auto\">\n<p><img decoding=\"async\" class=\"lazy\" src=\"https:\/\/sc04.alicdn.com\/kf\/H4a156dd50e52419991bd73ccd25f405d8\/275685924\/H4a156dd50e52419991bd73ccd25f405d8.jpg\" alt=\"\" data-href=\"\" data-src=\"https:\/\/sc04.alicdn.com\/kf\/H4a156dd50e52419991bd73ccd25f405d8\/275685924\/H4a156dd50e52419991bd73ccd25f405d8.jpg\" data-extentions-extra-ocr-id=\"44a8fe60eeb6a8b5333d8a8d91f0963a\" \/><br \/>\n<img decoding=\"async\" class=\"lazy\" src=\"https:\/\/sc04.alicdn.com\/kf\/Hf39a905aa0ec42dbb4e3dbd0684ce743d\/275685924\/Hf39a905aa0ec42dbb4e3dbd0684ce743d.jpg\" alt=\"\" data-href=\"\" data-src=\"https:\/\/sc04.alicdn.com\/kf\/Hf39a905aa0ec42dbb4e3dbd0684ce743d\/275685924\/Hf39a905aa0ec42dbb4e3dbd0684ce743d.jpg\" data-extentions-extra-ocr-id=\"44a8fe60eeb6a8b5333d8a8d91f0963a\" \/><\/p>\n<p><img decoding=\"async\" class=\"lazy\" src=\"https:\/\/sc04.alicdn.com\/kf\/Hcca42d75d59b4318b7362cbf24cd1032Q\/275685924\/Hcca42d75d59b4318b7362cbf24cd1032Q.jpg\" alt=\"\" data-href=\"\" data-src=\"https:\/\/sc04.alicdn.com\/kf\/Hcca42d75d59b4318b7362cbf24cd1032Q\/275685924\/Hcca42d75d59b4318b7362cbf24cd1032Q.jpg\" data-extentions-extra-ocr-id=\"44a8fe60eeb6a8b5333d8a8d91f0963a\" \/><br \/>\n<img decoding=\"async\" class=\"lazy\" src=\"https:\/\/sc04.alicdn.com\/kf\/H1e1553c6ea254b6f8494c7788f990e65c\/275685924\/H1e1553c6ea254b6f8494c7788f990e65c.jpg\" alt=\"\" data-href=\"\" data-src=\"https:\/\/sc04.alicdn.com\/kf\/H1e1553c6ea254b6f8494c7788f990e65c\/275685924\/H1e1553c6ea254b6f8494c7788f990e65c.jpg\" data-extentions-extra-ocr-id=\"44a8fe60eeb6a8b5333d8a8d91f0963a\" \/><\/p>\n<p><img decoding=\"async\" class=\"lazy\" src=\"https:\/\/sc04.alicdn.com\/kf\/H9dca756245b74c36942396824f57aad7g\/275685924\/H9dca756245b74c36942396824f57aad7g.jpg\" alt=\"\" data-href=\"\" data-src=\"https:\/\/sc04.alicdn.com\/kf\/H9dca756245b74c36942396824f57aad7g\/275685924\/H9dca756245b74c36942396824f57aad7g.jpg\" data-extentions-extra-ocr-id=\"44a8fe60eeb6a8b5333d8a8d91f0963a\" \/><\/p>\n<p>Application<\/p>\n<p><img decoding=\"async\" class=\"lazy\" src=\"https:\/\/sc04.alicdn.com\/kf\/He4fa1b69b72645eea2f86463d51f3f0fD\/275685924\/He4fa1b69b72645eea2f86463d51f3f0fD.jpg\" alt=\"\" data-href=\"\" data-src=\"https:\/\/sc04.alicdn.com\/kf\/He4fa1b69b72645eea2f86463d51f3f0fD\/275685924\/He4fa1b69b72645eea2f86463d51f3f0fD.jpg\" data-extentions-extra-ocr-id=\"44a8fe60eeb6a8b5333d8a8d91f0963a\" \/><\/td>\n<\/tr>\n<\/tbody>\n<\/table>\n<\/div>\n<\/div>\n<\/div>\n<div class=\"textImg-box\" data-v-d0e03504=\"\" data-v-e8f33c66=\"\"><\/div>\n<\/div>\n<div id=\"Shipping\" class=\"certifications\" data-v-e8f33c66=\"\">\n<h3 class=\"title\" data-v-e8f33c66=\"\">Informations sur l'exp\u00e9dition<\/h3>\n<div class=\"certifications-content\" data-v-e8f33c66=\"\">\n<div class=\"ant-descriptions ant-descriptions-small ant-descriptions-bordered\" data-v-e8f33c66=\"\">\n<div class=\"ant-descriptions-view\">\n<table data-extentions-extra-tablecapture-id=\"480521\">\n<tbody>\n<tr class=\"ant-descriptions-row\">\n<th class=\"ant-descriptions-item-label ant-descriptions-item-colon\">Port FOB<\/th>\n<td class=\"ant-descriptions-item-content\" colspan=\"5\">Qingdao<\/td>\n<\/tr>\n<tr class=\"ant-descriptions-row\">\n<th class=\"ant-descriptions-item-label ant-descriptions-item-colon\">Code HTS<\/th>\n<td class=\"ant-descriptions-item-content\" colspan=\"5\">7210.70.10 00<\/td>\n<\/tr>\n<\/tbody>\n<\/table>\n<\/div>\n<\/div>\n<div class=\"ant-descriptions ant-descriptions-small ant-descriptions-bordered\" data-v-e8f33c66=\"\">\n<div class=\"ant-descriptions-view\">\n<table data-extentions-extra-tablecapture-id=\"670793\">\n<tbody>\n<tr class=\"ant-descriptions-row\">\n<th class=\"ant-descriptions-item-label ant-descriptions-item-colon\">D\u00e9lai d'ex\u00e9cution<\/th>\n<td class=\"ant-descriptions-item-content\" colspan=\"5\">8-30 jours<\/td>\n<\/tr>\n<\/tbody>\n<\/table>\n<\/div>\n<\/div>\n<\/div>\n<\/div>\n<div id=\"MainExportMarkets\" class=\"markets\" data-v-e8f33c66=\"\">\n<h3 class=\"title\" data-v-e8f33c66=\"\">Principaux march\u00e9s d'exportation<\/h3>\n<div class=\"markets-content\" data-v-e8f33c66=\"\">\n<div class=\"markets-content-row\" data-v-e8f33c66=\"\">\n<div class=\"item\" data-v-e8f33c66=\"\">- Asie<\/div>\n<div class=\"item\" data-v-e8f33c66=\"\">- Australasie<\/div>\n<div class=\"item\" data-v-e8f33c66=\"\">- Am\u00e9rique centrale et du Sud<\/div>\n<div class=\"item\" data-v-e8f33c66=\"\">- Europe de l'Est<\/div>\n<\/div>\n<div class=\"markets-content-row\" data-v-e8f33c66=\"\">\n<div class=\"item\" data-v-e8f33c66=\"\">- Moyen-Orient\/Afrique<\/div>\n<div class=\"item\" data-v-e8f33c66=\"\">- Am\u00e9rique du Nord<\/div>\n<div class=\"item\" data-v-e8f33c66=\"\">- Europe occidentale<\/div>\n<\/div>\n<\/div>\n<\/div>\n<\/div>","protected":false},"excerpt":{"rendered":"<h3 class=\"title\" data-v-e8f33c66=\"\">Principaux march\u00e9s d'exportation<\/h3>\n<div class=\"markets-content\" data-v-e8f33c66=\"\">\n<div class=\"markets-content-row\" data-v-e8f33c66=\"\">\n<div class=\"item\" data-v-e8f33c66=\"\">- Asie<\/div>\n<div class=\"item\" data-v-e8f33c66=\"\">- Australasie<\/div>\n<div class=\"item\" data-v-e8f33c66=\"\">- Am\u00e9rique centrale et du Sud<\/div>\n<div class=\"item\" data-v-e8f33c66=\"\">- Europe de l'Est<\/div>\n<\/div>\n<div class=\"markets-content-row\" data-v-e8f33c66=\"\">\n<div class=\"item\" data-v-e8f33c66=\"\">- Moyen-Orient\/Afrique<\/div>\n<div class=\"item\" data-v-e8f33c66=\"\">- Am\u00e9rique du Nord<\/div>\n<div class=\"item\" data-v-e8f33c66=\"\">- Europe occidentale<\/div>\n<\/div>\n<\/div>","protected":false},"featured_media":749,"comment_status":"open","ping_status":"closed","template":"","meta":{"_kadence_starter_templates_imported_post":false,"_kad_post_transparent":"default","_kad_post_title":"","_kad_post_layout":"default","_kad_post_sidebar_id":"","_kad_post_content_style":"default","_kad_post_vertical_padding":"default","_kad_post_feature":"","_kad_post_feature_position":"","_kad_post_header":false,"_kad_post_footer":false},"product_brand":[],"product_cat":[32],"product_tag":[],"class_list":{"0":"post-1003","1":"product","2":"type-product","3":"status-publish","4":"has-post-thumbnail","6":"product_cat-roofing-sheet","8":"first","9":"instock","10":"shipping-taxable","11":"product-type-simple","12":"entry","13":"content-bg","14":"loop-entry"},"jetpack_sharing_enabled":true,"_links":{"self":[{"href":"https:\/\/cnsinometal.com\/fr\/wp-json\/wp\/v2\/product\/1003","targetHints":{"allow":["GET"]}}],"collection":[{"href":"https:\/\/cnsinometal.com\/fr\/wp-json\/wp\/v2\/product"}],"about":[{"href":"https:\/\/cnsinometal.com\/fr\/wp-json\/wp\/v2\/types\/product"}],"replies":[{"embeddable":true,"href":"https:\/\/cnsinometal.com\/fr\/wp-json\/wp\/v2\/comments?post=1003"}],"wp:featuredmedia":[{"embeddable":true,"href":"https:\/\/cnsinometal.com\/fr\/wp-json\/wp\/v2\/media\/749"}],"wp:attachment":[{"href":"https:\/\/cnsinometal.com\/fr\/wp-json\/wp\/v2\/media?parent=1003"}],"wp:term":[{"taxonomy":"product_brand","embeddable":true,"href":"https:\/\/cnsinometal.com\/fr\/wp-json\/wp\/v2\/product_brand?post=1003"},{"taxonomy":"product_cat","embeddable":true,"href":"https:\/\/cnsinometal.com\/fr\/wp-json\/wp\/v2\/product_cat?post=1003"},{"taxonomy":"product_tag","embeddable":true,"href":"https:\/\/cnsinometal.com\/fr\/wp-json\/wp\/v2\/product_tag?post=1003"}],"curies":[{"name":"wp","href":"https:\/\/api.w.org\/{rel}","templated":true}]}}