{"id":1002,"date":"2025-08-22T09:38:46","date_gmt":"2025-08-22T01:38:46","guid":{"rendered":"http:\/\/cnsinometal.com\/?post_type=product&#038;p=1002"},"modified":"2025-08-22T09:38:46","modified_gmt":"2025-08-22T01:38:46","slug":"ppgl-coils-home-appliance-construction-material-oem-odm","status":"publish","type":"product","link":"https:\/\/cnsinometal.com\/fr\/produit\/ppgl-coils-home-appliance-construction-material-oem-odm\/","title":{"rendered":"Bobines de PPGL Appareils m\u00e9nagers Mat\u00e9riaux de construction OEM ODM"},"content":{"rendered":"<div class=\"\" data-v-e8f33c66=\"\">\n<div class=\"ant-affix\">\n<div class=\"tabs affix-tabs affix-tab-box\" data-v-e8f33c66=\"\">\n<div class=\"ant-anchor-wrapper\" data-v-e8f33c66=\"\">\n<div class=\"ant-anchor fixed\">\n<div class=\"tab ant-anchor-link\" data-v-e8f33c66=\"\">\n<h2 data-v-e8f33c66=\"\">Informations sur le produit<\/h2>\n<\/div>\n<div class=\"tab ant-anchor-link ant-anchor-link-active\" data-v-e8f33c66=\"\">\n<h2 data-v-e8f33c66=\"\">Informations sur l'exp\u00e9dition<\/h2>\n<\/div>\n<div class=\"tab ant-anchor-link\" data-v-e8f33c66=\"\">\n<h2 data-v-e8f33c66=\"\">Principaux march\u00e9s d'exportation<\/h2>\n<\/div>\n<div class=\"tab ant-anchor-link\" data-v-e8f33c66=\"\">\n<h2 data-v-e8f33c66=\"\">Modalit\u00e9s de paiement<\/h2>\n<\/div>\n<\/div>\n<\/div>\n<\/div>\n<\/div>\n<\/div>\n<div id=\"content\" class=\"content info-content\" data-v-e8f33c66=\"\">\n<div id=\"Product\" class=\"descriptions\" data-v-e8f33c66=\"\">\n<div class=\"ant-descriptions ant-descriptions-small ant-descriptions-bordered\" data-v-e8f33c66=\"\">\n<div class=\"ant-descriptions-view\">\n<table data-extentions-extra-tablecapture-id=\"523560\">\n<tbody>\n<tr class=\"ant-descriptions-row\">\n<th class=\"ant-descriptions-item-label ant-descriptions-item-colon\">Num\u00e9ro de mod\u00e8le<\/th>\n<td class=\"ant-descriptions-item-content\" colspan=\"5\">SINOLC30A<\/td>\n<\/tr>\n<tr class=\"ant-descriptions-row\">\n<th class=\"ant-descriptions-item-label ant-descriptions-item-colon\">Nom de la marque<\/th>\n<td class=\"ant-descriptions-item-content\" colspan=\"5\">Sino Metal<\/td>\n<\/tr>\n<tr class=\"ant-descriptions-row\">\n<th class=\"ant-descriptions-item-label ant-descriptions-item-colon\">origine<\/th>\n<td class=\"ant-descriptions-item-content\" colspan=\"5\">Chine<\/td>\n<\/tr>\n<tr class=\"ant-descriptions-row\">\n<th class=\"ant-descriptions-item-label ant-descriptions-item-colon\">Petites commandes<\/th>\n<td class=\"ant-descriptions-item-content\" colspan=\"5\">Accept\u00e9<\/td>\n<\/tr>\n<\/tbody>\n<\/table>\n<\/div>\n<\/div>\n<\/div>\n<div class=\"certifications-box\" data-v-e8f33c66=\"\">\n<div class=\"specifications\" data-v-e8f33c66=\"\">\n<h3 class=\"specifications-title\" data-v-e8f33c66=\"\">Principales sp\u00e9cifications\/caract\u00e9ristiques sp\u00e9ciales :<\/h3>\n<div class=\"tpl_txt_editor\" data-v-e8f33c66=\"\">\n<p><strong>Les bobines d'acier galvanis\u00e9 pr\u00e9laqu\u00e9 sont un produit obtenu en soumettant \u00e0 un traitement de surface un mat\u00e9riau de base. <\/strong><a class=\"gs-pp-link\" href=\"http:\/\/www.cosasteel.com\/galvanized-steel-coil-sheet\/\" target=\"\"><strong>t\u00f4le d'acier galvanis\u00e9e \u00e0 chaud<\/strong><\/a><strong> \u00e0 un traitement chimique de surface, en appliquant un rev\u00eatement organique sur la surface, suivi d'une cuisson et d'un durcissement.<\/strong><\/p>\n<p>&nbsp;<\/p>\n<div class=\"gs-desc-table\">\n<table data-extentions-extra-tablecapture-id=\"738238\">\n<tbody>\n<tr>\n<td colspan=\"1\" rowspan=\"1\" width=\"177\">Nom du produit<\/td>\n<td colspan=\"3\" rowspan=\"1\" width=\"510\">Bobine d'acier galvanis\u00e9 pr\u00e9peint<\/td>\n<\/tr>\n<tr>\n<td colspan=\"1\" rowspan=\"1\" width=\"auto\">Nom de la marque<\/td>\n<td colspan=\"3\" rowspan=\"1\" width=\"auto\">SINO METAL<\/td>\n<\/tr>\n<tr>\n<td colspan=\"1\" rowspan=\"1\" width=\"auto\">Normes<\/td>\n<td colspan=\"3\" rowspan=\"1\" width=\"auto\">ASTM\/AISI\/BS\/DIN\/JIS\/GB et autres<\/td>\n<\/tr>\n<tr>\n<td colspan=\"1\" rowspan=\"1\" width=\"auto\">M\u00e9tal de base<\/td>\n<td colspan=\"3\" rowspan=\"1\" width=\"auto\">GI\/GL\/CRC<\/td>\n<\/tr>\n<tr>\n<td colspan=\"1\" rowspan=\"1\" width=\"auto\">\u00c9paisseur<\/td>\n<td colspan=\"3\" rowspan=\"1\" width=\"auto\">0,14-1,50 mm<\/td>\n<\/tr>\n<tr>\n<td colspan=\"1\" rowspan=\"1\" width=\"auto\">Largeur<\/td>\n<td colspan=\"3\" rowspan=\"1\" width=\"auto\">30-1500mm<\/td>\n<\/tr>\n<tr>\n<td colspan=\"1\" rowspan=\"1\" width=\"auto\">Couleur<\/td>\n<td colspan=\"3\" rowspan=\"1\" width=\"auto\">Couleur RAL, selon la demande du client<\/td>\n<\/tr>\n<tr>\n<td colspan=\"1\" rowspan=\"1\" width=\"auto\">Peinture<\/td>\n<td colspan=\"3\" rowspan=\"1\" width=\"auto\">PE, SMP, HDP, PVDF<\/td>\n<\/tr>\n<tr>\n<td colspan=\"1\" rowspan=\"1\" width=\"auto\">Surface<\/td>\n<td colspan=\"3\" rowspan=\"1\" width=\"auto\">Brillant\/mat\/marbre\/bois\/camouflage\/brique<\/td>\n<\/tr>\n<tr>\n<td colspan=\"1\" rowspan=\"1\" width=\"auto\">Certificats<\/td>\n<td colspan=\"3\" rowspan=\"1\" width=\"auto\">ISO 9001\/ISO 14001\/SGS\/SONCAP<\/td>\n<\/tr>\n<tr>\n<td colspan=\"1\" rowspan=\"1\" width=\"auto\">M\u00e9tal de base<\/td>\n<td colspan=\"3\" rowspan=\"1\" width=\"auto\">CRC\/HRC<\/td>\n<\/tr>\n<tr>\n<td colspan=\"1\" rowspan=\"1\" width=\"auto\">Rev\u00eatement de zinc<\/td>\n<td colspan=\"3\" rowspan=\"1\" width=\"auto\">40-275g\/m2<\/td>\n<\/tr>\n<tr>\n<td colspan=\"1\" rowspan=\"1\" width=\"auto\">Rev\u00eatement de couleur<\/td>\n<td colspan=\"3\" rowspan=\"1\" width=\"auto\">Dessus : 15-35um Dos : 5-30um<\/td>\n<\/tr>\n<tr>\n<td colspan=\"1\" rowspan=\"1\" width=\"auto\">Duret\u00e9<\/td>\n<td colspan=\"3\" rowspan=\"1\" width=\"auto\">HRB55-HRB90<\/td>\n<\/tr>\n<tr>\n<td colspan=\"1\" rowspan=\"1\" width=\"auto\">Film de garde<\/td>\n<td colspan=\"3\" rowspan=\"1\" width=\"auto\">PVC et autres<\/td>\n<\/tr>\n<tr>\n<td colspan=\"1\" rowspan=\"1\" width=\"auto\">Emballage<\/td>\n<td colspan=\"3\" rowspan=\"1\" width=\"auto\">Emballage maritime pour l'exportation ou selon les exigences du client<\/td>\n<\/tr>\n<tr>\n<td colspan=\"1\" rowspan=\"1\" width=\"auto\">Applications<\/td>\n<td colspan=\"3\" rowspan=\"1\" width=\"510\">toitures, goutti\u00e8res, panneaux sandwich, fa\u00e7ades de b\u00e2timents industriels, panneaux d'entrep\u00f4ts frigorifiques, portes roulantes et appareils \u00e9lectrom\u00e9nagers<\/td>\n<\/tr>\n<\/tbody>\n<\/table>\n<\/div>\n<p><strong>Structure des bobines d'acier pr\u00e9laqu\u00e9<\/strong><\/p>\n<div data-w-e-type=\"imageSingle\">\n<div data-w-e-type=\"attachment\" data-imagetype=\"one\" data-attachmentid=\"\" data-attachmentkey=\"\" data-parenttype=\"imageSingle\" data-position=\"\" data-imgurl=\"\" data-imagewidth=\"\" data-imageheight=\"\" data-url=\"\"><img decoding=\"async\" class=\"lazy\" src=\"https:\/\/p.globalsources.com\/IMAGES\/PDT\/B6024024895\/Prepainted-zinc-coated-steel-coil.png\" data-src=\"https:\/\/p.globalsources.com\/IMAGES\/PDT\/B6024024895\/Prepainted-zinc-coated-steel-coil.png\" data-extentions-extra-ocr-id=\"44a8fe60eeb6a8b5333d8a8d91f0963a\" \/><\/div>\n<\/div>\n<p><strong>Peinture-Polyester modifi\u00e9 au silicone (SMP)<\/strong><\/p>\n<p>Le polyester contient des groupes actifs -OH\/-COOH, qui peuvent facilement r\u00e9agir avec d'autres polym\u00e8res pour am\u00e9liorer la r\u00e9sistance \u00e0 la lumi\u00e8re du soleil et les propri\u00e9t\u00e9s de farinage du PE. Par cons\u00e9quent, le SMP pr\u00e9sente une bonne r\u00e9tention des couleurs et une bonne r\u00e9sistance \u00e0 la chaleur. En outre, la r\u00e9sistance \u00e0 la corrosion du <a class=\"gs-pp-link\" href=\"https:\/\/wzppgi.com\/what-is-smp-coating\/\" target=\"\">SMP<\/a> atteint 10 \u00e0 12 ans. Mais son prix est plus \u00e9lev\u00e9 que celui du PE. L'adh\u00e9rence et la formabilit\u00e9 de la r\u00e9sine de silicone n'\u00e9tant pas bonnes, les t\u00f4les d'acier rev\u00eatues de couleur SMP ne conviennent pas aux produits qui n\u00e9cessitent plusieurs processus de formage. La plupart d'entre elles sont utilis\u00e9es pour les toits et les murs ext\u00e9rieurs des b\u00e2timents.<\/p>\n<div data-w-e-type=\"imageSingle\">\n<div data-w-e-type=\"attachment\" data-imagetype=\"one\" data-attachmentid=\"\" data-attachmentkey=\"\" data-parenttype=\"imageSingle\" data-position=\"\" data-imgurl=\"\" data-imagewidth=\"\" data-imageheight=\"\" data-url=\"\"><img decoding=\"async\" class=\"lazy\" src=\"https:\/\/p.globalsources.com\/IMAGES\/PDT\/B6024025436\/Prepainted-zinc-coated-steel-coil.png\" data-src=\"https:\/\/p.globalsources.com\/IMAGES\/PDT\/B6024025436\/Prepainted-zinc-coated-steel-coil.png\" data-extentions-extra-ocr-id=\"44a8fe60eeb6a8b5333d8a8d91f0963a\" \/><\/div>\n<\/div>\n<p><strong>Processus des bobines d'acier pr\u00e9laqu\u00e9<\/strong><\/p>\n<div data-w-e-type=\"imageSingle\">\n<div data-w-e-type=\"attachment\" data-imagetype=\"one\" data-attachmentid=\"\" data-attachmentkey=\"\" data-parenttype=\"imageSingle\" data-position=\"\" data-imgurl=\"\" data-imagewidth=\"\" data-imageheight=\"\" data-url=\"\"><img decoding=\"async\" class=\"lazy\" src=\"https:\/\/p.globalsources.com\/IMAGES\/PDT\/B6024025437\/Prepainted-zinc-coated-steel-coil.png\" data-src=\"https:\/\/p.globalsources.com\/IMAGES\/PDT\/B6024025437\/Prepainted-zinc-coated-steel-coil.png\" data-extentions-extra-ocr-id=\"44a8fe60eeb6a8b5333d8a8d91f0963a\" \/><\/div>\n<\/div>\n<p><strong>Certificat<\/strong><\/p>\n<div data-w-e-type=\"imageSingle\">\n<div data-w-e-type=\"attachment\" data-imagetype=\"one\" data-attachmentid=\"\" data-attachmentkey=\"\" data-parenttype=\"imageSingle\" data-position=\"\" data-imgurl=\"\" data-imagewidth=\"\" data-imageheight=\"\" data-url=\"\"><img decoding=\"async\" class=\"lazy\" src=\"https:\/\/p.globalsources.com\/IMAGES\/PDT\/B6024025438\/Prepainted-zinc-coated-steel-coil.jpg\" data-src=\"https:\/\/p.globalsources.com\/IMAGES\/PDT\/B6024025438\/Prepainted-zinc-coated-steel-coil.jpg\" data-extentions-extra-ocr-id=\"44a8fe60eeb6a8b5333d8a8d91f0963a\" \/><\/div>\n<\/div>\n<p><strong>Champ d'application<\/strong><\/p>\n<p>Les bobines d'acier galvanis\u00e9 pr\u00e9laqu\u00e9 (bobines PPGI) sont principalement utilis\u00e9es pour les appareils \u00e9lectrom\u00e9nagers et la construction.<\/p>\n<p>Les appareils m\u00e9nagers sont principalement utilis\u00e9s pour les panneaux lat\u00e9raux des r\u00e9frig\u00e9rateurs et les coques des climatiseurs, des cong\u00e9lateurs et des machines \u00e0 laver. Le secteur de la construction est plus largement utilis\u00e9 que celui de l'\u00e9lectrom\u00e9nager.<\/p>\n<p>Les bobines de PPGI pour la construction sont utilis\u00e9es pour les toitures, les goutti\u00e8res, les panneaux sandwich, les fa\u00e7ades de b\u00e2timents industriels, les panneaux d'entrep\u00f4ts frigorifiques et les portes roulantes.<\/p>\n<div data-w-e-type=\"imageTwo\">\n<div data-w-e-type=\"attachment\" data-imagetype=\"two\" data-attachmentid=\"\" data-attachmentkey=\"\" data-parenttype=\"imageTwo\" data-position=\"left\" data-imgurl=\"\" data-imagewidth=\"\" data-imageheight=\"\" data-url=\"\"><img decoding=\"async\" class=\"lazy\" src=\"https:\/\/p.globalsources.com\/IMAGES\/PDT\/B6024025439\/Prepainted-zinc-coated-steel-coil.jpg\" data-src=\"https:\/\/p.globalsources.com\/IMAGES\/PDT\/B6024025439\/Prepainted-zinc-coated-steel-coil.jpg\" data-extentions-extra-ocr-id=\"44a8fe60eeb6a8b5333d8a8d91f0963a\" \/><\/div>\n<div data-w-e-type=\"attachment\" data-imagetype=\"two\" data-attachmentid=\"\" data-attachmentkey=\"\" data-parenttype=\"imageTwo\" data-position=\"right\" data-imgurl=\"\" data-imagewidth=\"\" data-imageheight=\"\" data-url=\"\"><img decoding=\"async\" class=\"lazy\" src=\"https:\/\/p.globalsources.com\/IMAGES\/PDT\/B6024025197\/Prepainted-zinc-coated-steel-coil.jpg\" data-src=\"https:\/\/p.globalsources.com\/IMAGES\/PDT\/B6024025197\/Prepainted-zinc-coated-steel-coil.jpg\" data-extentions-extra-ocr-id=\"44a8fe60eeb6a8b5333d8a8d91f0963a\" \/><\/div>\n<\/div>\n<p>A PROPOS DE SINO METAL<\/p>\n<p>Shandong Sino Metal Co.,ltd est une entreprise int\u00e9gr\u00e9e de premier plan dans le domaine de la fabrication et du commerce en Chine.<\/p>\n<p>Nous sommes sp\u00e9cialis\u00e9s dans l'acier lamin\u00e9 \u00e0 froid, l'acier galvanis\u00e9, l'acier galvanis\u00e9, l'acier pr\u00e9laqu\u00e9 et les t\u00f4les et bobines de fer-blanc. Nous effectuons \u00e9galement des transformations profondes pour ces produits, par exemple la fabrication de t\u00f4les ondul\u00e9es, de t\u00f4les de toiture pr\u00e9laqu\u00e9es, de bobines refendues en bandes, etc.<\/p>\n<p>Nous avons d\u00e9marr\u00e9 notre activit\u00e9 en 2005, aujourd'hui nous avons \u00e9tabli notre propre usine pour la fabrication de t\u00f4les de toiture et de t\u00f4les d'acier galvanis\u00e9es, galvanis\u00e9es et pr\u00e9peintes, nous avons \u00e9galement coop\u00e9r\u00e9 avec notre partenaire pour \u00e9tablir une ligne de bobines d'acier galvanis\u00e9 et des lignes de bobines d'acier pr\u00e9peintes, notre capacit\u00e9 de production annuelle peut atteindre plus de 300000 tonnes.<\/p>\n<div data-w-e-type=\"imageTwo\">\n<div data-w-e-type=\"attachment\" data-imagetype=\"two\" data-attachmentid=\"\" data-attachmentkey=\"\" data-parenttype=\"imageTwo\" data-position=\"left\" data-imgurl=\"\" data-imagewidth=\"\" data-imageheight=\"\" data-url=\"\"><img decoding=\"async\" class=\"lazy\" src=\"https:\/\/p.globalsources.com\/IMAGES\/PDT\/B6024025449\/Prepainted-zinc-coated-steel-coil.jpg\" data-src=\"https:\/\/p.globalsources.com\/IMAGES\/PDT\/B6024025449\/Prepainted-zinc-coated-steel-coil.jpg\" data-extentions-extra-ocr-id=\"44a8fe60eeb6a8b5333d8a8d91f0963a\" \/><\/div>\n<div data-w-e-type=\"attachment\" data-imagetype=\"two\" data-attachmentid=\"\" data-attachmentkey=\"\" data-parenttype=\"imageTwo\" data-position=\"right\" data-imgurl=\"\" data-imagewidth=\"\" data-imageheight=\"\" data-url=\"\"><img decoding=\"async\" class=\"lazy\" src=\"https:\/\/p.globalsources.com\/IMAGES\/PDT\/B6024025462\/Prepainted-zinc-coated-steel-coil.jpg\" data-src=\"https:\/\/p.globalsources.com\/IMAGES\/PDT\/B6024025462\/Prepainted-zinc-coated-steel-coil.jpg\" data-extentions-extra-ocr-id=\"44a8fe60eeb6a8b5333d8a8d91f0963a\" \/><\/div>\n<\/div>\n<div data-w-e-type=\"imageSingle\">\n<div data-w-e-type=\"attachment\" data-imagetype=\"one\" data-attachmentid=\"\" data-attachmentkey=\"\" data-parenttype=\"imageSingle\" data-position=\"\" data-imgurl=\"\" data-imagewidth=\"\" data-imageheight=\"\" data-url=\"\"><\/div>\n<\/div>\n<\/div>\n<\/div>\n<div class=\"textImg-box\" data-v-d0e03504=\"\" data-v-e8f33c66=\"\"><\/div>\n<\/div>\n<div id=\"Shipping\" class=\"certifications\" data-v-e8f33c66=\"\">\n<h3 class=\"title\" data-v-e8f33c66=\"\">Informations sur l'exp\u00e9dition<\/h3>\n<div class=\"certifications-content\" data-v-e8f33c66=\"\">\n<div class=\"ant-descriptions ant-descriptions-small ant-descriptions-bordered\" data-v-e8f33c66=\"\">\n<div class=\"ant-descriptions-view\">\n<table data-extentions-extra-tablecapture-id=\"758641\">\n<tbody>\n<tr class=\"ant-descriptions-row\">\n<th class=\"ant-descriptions-item-label ant-descriptions-item-colon\">Port FOB<\/th>\n<td class=\"ant-descriptions-item-content\" colspan=\"5\">Qingdao ou Tianjin<\/td>\n<\/tr>\n<tr class=\"ant-descriptions-row\">\n<th class=\"ant-descriptions-item-label ant-descriptions-item-colon\">Code HTS<\/th>\n<td class=\"ant-descriptions-item-content\" colspan=\"5\">7210.70.10 00<\/td>\n<\/tr>\n<\/tbody>\n<\/table>\n<\/div>\n<\/div>\n<div class=\"ant-descriptions ant-descriptions-small ant-descriptions-bordered\" data-v-e8f33c66=\"\">\n<div class=\"ant-descriptions-view\">\n<table data-extentions-extra-tablecapture-id=\"323294\">\n<tbody>\n<tr class=\"ant-descriptions-row\">\n<th class=\"ant-descriptions-item-label ant-descriptions-item-colon\">D\u00e9lai d'ex\u00e9cution<\/th>\n<td class=\"ant-descriptions-item-content\" colspan=\"5\">7-15 jours<\/td>\n<\/tr>\n<\/tbody>\n<\/table>\n<\/div>\n<\/div>\n<\/div>\n<\/div>\n<div id=\"MainExportMarkets\" class=\"markets\" data-v-e8f33c66=\"\">\n<h3 class=\"title\" data-v-e8f33c66=\"\">Principaux march\u00e9s d'exportation<\/h3>\n<div class=\"markets-content\" data-v-e8f33c66=\"\">\n<div class=\"markets-content-row\" data-v-e8f33c66=\"\">\n<div class=\"item\" data-v-e8f33c66=\"\">- Am\u00e9rique centrale et du Sud<\/div>\n<div class=\"item\" data-v-e8f33c66=\"\">- Europe de l'Est<\/div>\n<div class=\"item\" data-v-e8f33c66=\"\">- Moyen-Orient\/Afrique<\/div>\n<div class=\"item\" data-v-e8f33c66=\"\">- Am\u00e9rique du Nord<\/div>\n<\/div>\n<div class=\"markets-content-row\" data-v-e8f33c66=\"\">\n<div class=\"item\" data-v-e8f33c66=\"\">- Asie<\/div>\n<div class=\"item\" data-v-e8f33c66=\"\">- Australasie<\/div>\n<div class=\"item\" data-v-e8f33c66=\"\">- Europe occidentale<\/div>\n<\/div>\n<\/div>\n<\/div>\n<\/div>","protected":false},"excerpt":{"rendered":"<p>Nom du produitBobine d'acier galvanis\u00e9 pr\u00e9laqu\u00e9MarqueSINO METALNormesASTM\/AISI\/BS\/DIN\/JIS\/GB et autresM\u00e9tal de baseGI\/GL\/CRCT\u00e9paisseur0,14-1,50mmLargeur30-1500mmCouleurCouleur RAL, selon la demande du clientPeinturePE, SMP, HDP, PVDFSurfaceBrillant\/mat\/marbre\/bois\/camouflage\/briqueCertificatsISO 9001\/ISO 14001\/SGS\/SONCAP<\/p>","protected":false},"featured_media":1001,"comment_status":"open","ping_status":"closed","template":"","meta":{"_kadence_starter_templates_imported_post":false,"_kad_post_transparent":"default","_kad_post_title":"","_kad_post_layout":"default","_kad_post_sidebar_id":"","_kad_post_content_style":"default","_kad_post_vertical_padding":"default","_kad_post_feature":"","_kad_post_feature_position":"","_kad_post_header":false,"_kad_post_footer":false},"product_brand":[],"product_cat":[30],"product_tag":[],"class_list":{"0":"post-1002","1":"product","2":"type-product","3":"status-publish","4":"has-post-thumbnail","6":"product_cat-pre-painted-galvalume-steel-coil-ppgl","8":"first","9":"instock","10":"shipping-taxable","11":"product-type-simple","12":"entry","13":"content-bg","14":"loop-entry"},"jetpack_sharing_enabled":true,"_links":{"self":[{"href":"https:\/\/cnsinometal.com\/fr\/wp-json\/wp\/v2\/product\/1002","targetHints":{"allow":["GET"]}}],"collection":[{"href":"https:\/\/cnsinometal.com\/fr\/wp-json\/wp\/v2\/product"}],"about":[{"href":"https:\/\/cnsinometal.com\/fr\/wp-json\/wp\/v2\/types\/product"}],"replies":[{"embeddable":true,"href":"https:\/\/cnsinometal.com\/fr\/wp-json\/wp\/v2\/comments?post=1002"}],"wp:featuredmedia":[{"embeddable":true,"href":"https:\/\/cnsinometal.com\/fr\/wp-json\/wp\/v2\/media\/1001"}],"wp:attachment":[{"href":"https:\/\/cnsinometal.com\/fr\/wp-json\/wp\/v2\/media?parent=1002"}],"wp:term":[{"taxonomy":"product_brand","embeddable":true,"href":"https:\/\/cnsinometal.com\/fr\/wp-json\/wp\/v2\/product_brand?post=1002"},{"taxonomy":"product_cat","embeddable":true,"href":"https:\/\/cnsinometal.com\/fr\/wp-json\/wp\/v2\/product_cat?post=1002"},{"taxonomy":"product_tag","embeddable":true,"href":"https:\/\/cnsinometal.com\/fr\/wp-json\/wp\/v2\/product_tag?post=1002"}],"curies":[{"name":"wp","href":"https:\/\/api.w.org\/{rel}","templated":true}]}}