{"id":942,"date":"2025-08-19T15:57:51","date_gmt":"2025-08-19T07:57:51","guid":{"rendered":"http:\/\/cnsinometal.com\/?post_type=product&#038;p=942"},"modified":"2025-08-19T16:00:57","modified_gmt":"2025-08-19T08:00:57","slug":"customized-size-aluminum-colors-coated-ppal-coils","status":"publish","type":"product","link":"https:\/\/cnsinometal.com\/es\/producto\/customized-size-aluminum-colors-coated-ppal-coils\/","title":{"rendered":"Bobinas de PPAL revestidas de aluminio de colores de tama\u00f1o personalizado"},"content":{"rendered":"<div class=\"\" data-v-e8f33c66=\"\">\n<div class=\"ant-affix\">\n<div class=\"tabs affix-tabs affix-tab-box\" data-v-e8f33c66=\"\">\n<div class=\"ant-anchor-wrapper\" data-v-e8f33c66=\"\">\n<div class=\"ant-anchor fixed\">\n<div class=\"tab ant-anchor-link\" data-v-e8f33c66=\"\">\n<h2 data-v-e8f33c66=\"\">Informaci\u00f3n sobre el producto<\/h2>\n<\/div>\n<div class=\"tab ant-anchor-link\" data-v-e8f33c66=\"\">\n<h2 data-v-e8f33c66=\"\">Informaci\u00f3n de env\u00edo<\/h2>\n<\/div>\n<div class=\"tab ant-anchor-link ant-anchor-link-active\" data-v-e8f33c66=\"\">\n<h2 data-v-e8f33c66=\"\">Principales mercados de exportaci\u00f3n<\/h2>\n<\/div>\n<\/div>\n<\/div>\n<\/div>\n<\/div>\n<\/div>\n<div id=\"content\" class=\"content info-content\" data-v-e8f33c66=\"\">\n<div id=\"Product\" class=\"descriptions\" data-v-e8f33c66=\"\">\n<div class=\"ant-descriptions ant-descriptions-small ant-descriptions-bordered\" data-v-e8f33c66=\"\">\n<div class=\"ant-descriptions-view\">\n<table data-extentions-extra-tablecapture-id=\"773398\">\n<tbody>\n<tr class=\"ant-descriptions-row\">\n<th class=\"ant-descriptions-item-label ant-descriptions-item-colon\">N\u00famero de modelo<\/th>\n<td class=\"ant-descriptions-item-content\" colspan=\"5\">SINOLC78A<\/td>\n<\/tr>\n<tr class=\"ant-descriptions-row\">\n<th class=\"ant-descriptions-item-label ant-descriptions-item-colon\">Marca<\/th>\n<td class=\"ant-descriptions-item-content\" colspan=\"5\">Sino Metal<\/td>\n<\/tr>\n<tr class=\"ant-descriptions-row\">\n<th class=\"ant-descriptions-item-label ant-descriptions-item-colon\">origen<\/th>\n<td class=\"ant-descriptions-item-content\" colspan=\"5\">China<\/td>\n<\/tr>\n<tr class=\"ant-descriptions-row\">\n<th class=\"ant-descriptions-item-label ant-descriptions-item-colon\">Peque\u00f1os pedidos<\/th>\n<td class=\"ant-descriptions-item-content\" colspan=\"5\">Aceptado<\/td>\n<\/tr>\n<\/tbody>\n<\/table>\n<\/div>\n<\/div>\n<\/div>\n<div class=\"certifications-box\" data-v-e8f33c66=\"\">\n<div class=\"specifications\" data-v-e8f33c66=\"\">\n<h3 class=\"specifications-title\" data-v-e8f33c66=\"\">Especificaciones clave\/ Caracter\u00edsticas especiales:<\/h3>\n<div class=\"tpl_txt_editor\" data-v-e8f33c66=\"\">\n<p><strong>Bobinas de aluminio con revestimiento de color<\/strong><strong> est\u00e1n recubiertos de color en bobinas de aluminio. El aluminio con revestimiento de color de fluorocarbono com\u00fan y el aluminio con revestimiento de color de poli\u00e9ster se utilizan ampliamente en paneles de aluminio-pl\u00e1stico, chapas de aluminio y paneles de aluminio de nido de abeja. Techos de aluminio, superficies de tejados, restos, latas y productos electr\u00f3nicos. Su rendimiento es muy estable y no es f\u00e1cil de corroer. Tras un tratamiento especial, la superficie puede alcanzar <\/strong><strong>30 a\u00f1os<\/strong><strong> de garant\u00eda de calidad. <\/strong><strong>El peso por unidad de volumen es el m\u00e1s ligero entre los materiales met\u00e1licos<\/strong><strong>.<\/strong><\/p>\n<div class=\"gs-desc-table\">\n<table data-extentions-extra-tablecapture-id=\"900577\">\n<tbody>\n<tr>\n<td colspan=\"1\" rowspan=\"1\" width=\"151\">Nombre del producto<\/td>\n<td colspan=\"3\" rowspan=\"1\" width=\"510\">Bobina de aluminio prelacado<\/td>\n<\/tr>\n<tr>\n<td colspan=\"1\" rowspan=\"1\" width=\"auto\">Marca<\/td>\n<td colspan=\"3\" rowspan=\"1\" width=\"auto\">SINO METAL<\/td>\n<\/tr>\n<tr>\n<td colspan=\"1\" rowspan=\"1\" width=\"auto\">Material<\/td>\n<td colspan=\"3\" rowspan=\"1\" width=\"auto\">1050, 1060, 1100, 3003, 3004, 3105, 5052, 5005, 5754, 5083, 6061, etc.<\/td>\n<\/tr>\n<tr>\n<td colspan=\"1\" rowspan=\"1\" width=\"auto\">Temple<\/td>\n<td colspan=\"3\" rowspan=\"1\" width=\"auto\">O, H12, H14, H16, H18, H24, H26, H32, H34, etc.<\/td>\n<\/tr>\n<tr>\n<td colspan=\"1\" rowspan=\"1\" width=\"auto\">Espesor<\/td>\n<td colspan=\"3\" rowspan=\"1\" width=\"auto\">0,2-3,0 mm<\/td>\n<\/tr>\n<tr>\n<td colspan=\"1\" rowspan=\"1\" width=\"auto\">Anchura<\/td>\n<td colspan=\"3\" rowspan=\"1\" width=\"auto\">30-1600 mm<\/td>\n<\/tr>\n<tr>\n<td colspan=\"1\" rowspan=\"1\" width=\"auto\">Color<\/td>\n<td colspan=\"3\" rowspan=\"1\" width=\"auto\">Color RAL, a petici\u00f3n del cliente<\/td>\n<\/tr>\n<tr>\n<td colspan=\"1\" rowspan=\"2\" width=\"auto\">Espesor del revestimiento<\/td>\n<td colspan=\"3\" rowspan=\"1\" width=\"auto\">Revestimiento de PVDF: m\u00e1s de 25 micras<\/td>\n<\/tr>\n<tr>\n<td colspan=\"3\" rowspan=\"1\" width=\"auto\">Revestimiento de PE : m\u00e1s de 18 micras<\/td>\n<\/tr>\n<tr>\n<td colspan=\"1\" rowspan=\"1\" width=\"auto\">Superficie<\/td>\n<td colspan=\"3\" rowspan=\"1\" width=\"auto\">Brillo\/mate\/m\u00e1rmol\/madera\/camuflaje\/ladrillo<\/td>\n<\/tr>\n<tr>\n<td colspan=\"1\" rowspan=\"1\" width=\"auto\">Certificados<\/td>\n<td colspan=\"3\" rowspan=\"1\" width=\"auto\">ISO 9001\/ISO 14001\/SGS\/SONCAP<\/td>\n<\/tr>\n<tr>\n<td colspan=\"1\" rowspan=\"1\" width=\"auto\">Revestimiento de color<\/td>\n<td colspan=\"3\" rowspan=\"1\" width=\"auto\">Superior: 15-35um Posterior: 5-30um<\/td>\n<\/tr>\n<tr>\n<td colspan=\"1\" rowspan=\"1\" width=\"auto\">Pel\u00edcula de guardia<\/td>\n<td colspan=\"3\" rowspan=\"1\" width=\"auto\">PVC y m\u00e1s<\/td>\n<\/tr>\n<tr>\n<td colspan=\"1\" rowspan=\"1\" width=\"auto\">Embalaje<\/td>\n<td colspan=\"3\" rowspan=\"1\" width=\"auto\">Embalaje apto para la exportaci\u00f3n o seg\u00fan los requisitos del cliente<\/td>\n<\/tr>\n<tr>\n<td colspan=\"1\" rowspan=\"1\" width=\"auto\">Aplicaciones<\/td>\n<td colspan=\"3\" rowspan=\"1\" width=\"510\">Cubierta,fachada,techo,canal\u00f3n,persiana,tablero compuesto<\/td>\n<\/tr>\n<\/tbody>\n<\/table>\n<\/div>\n<p><strong>Estructura de la bobina de aluminio lacado<\/strong><\/p>\n<div data-w-e-type=\"imageSingle\">\n<div data-w-e-type=\"attachment\" data-imagetype=\"one\" data-attachmentid=\"\" data-attachmentkey=\"\" data-parenttype=\"imageSingle\" data-position=\"\" data-imgurl=\"\" data-imagewidth=\"\" data-imageheight=\"\" data-url=\"\"><img decoding=\"async\" class=\"lazy\" src=\"https:\/\/p.globalsources.com\/IMAGES\/PDT\/B6015410991\/Aluminum-Coil.jpg\" data-src=\"https:\/\/p.globalsources.com\/IMAGES\/PDT\/B6015410991\/Aluminum-Coil.jpg\" data-extentions-extra-ocr-id=\"44a8fe60eeb6a8b5333d8a8d91f0963a\" \/><\/div>\n<\/div>\n<p><strong>Revestimiento de poli\u00e9ster (PE)<\/strong><\/p>\n<p>Es un tipo de revestimiento ultravioleta anti-UV. La resina de poli\u00e9ster es un pol\u00edmero que contiene un enlace \u00e9ster en la cadena principal como mon\u00f3mero. Se a\u00f1ade resina de \u00e1cido de esta\u00f1o. El absorbente ultravioleta puede dividirse en series mate y de alto brillo seg\u00fan el brillo. Especialmente indicado para decoraci\u00f3n de interiores y paneles publicitarios.<\/p>\n<p><strong>Proceso de bobinas de aluminio lacado<\/strong><\/p>\n<div data-w-e-type=\"imageSingle\">\n<div data-w-e-type=\"attachment\" data-imagetype=\"one\" data-attachmentid=\"\" data-attachmentkey=\"\" data-parenttype=\"imageSingle\" data-position=\"\" data-imgurl=\"\" data-imagewidth=\"\" data-imageheight=\"\" data-url=\"\"><img decoding=\"async\" class=\"lazy\" src=\"https:\/\/p.globalsources.com\/IMAGES\/PDT\/B6015411002\/Aluminum-Coil.png\" data-src=\"https:\/\/p.globalsources.com\/IMAGES\/PDT\/B6015411002\/Aluminum-Coil.png\" data-extentions-extra-ocr-id=\"44a8fe60eeb6a8b5333d8a8d91f0963a\" \/><\/div>\n<\/div>\n<h2>Diferencias entre la bobina de aluminio lacado y la bobina de acero lacado<\/h2>\n<div data-w-e-type=\"imageSingle\">\n<div data-w-e-type=\"attachment\" data-imagetype=\"one\" data-attachmentid=\"\" data-attachmentkey=\"\" data-parenttype=\"imageSingle\" data-position=\"\" data-imgurl=\"\" data-imagewidth=\"\" data-imageheight=\"\" data-url=\"\"><img decoding=\"async\" class=\"lazy\" src=\"https:\/\/p.globalsources.com\/IMAGES\/PDT\/B6015410990\/Aluminum-Coil.jpg\" data-src=\"https:\/\/p.globalsources.com\/IMAGES\/PDT\/B6015410990\/Aluminum-Coil.jpg\" data-extentions-extra-ocr-id=\"44a8fe60eeb6a8b5333d8a8d91f0963a\" \/><\/div>\n<\/div>\n<p><strong>Ventajas de la bobina de aluminio revestida de color<\/strong><\/p>\n<ul>\n<li><strong>Textura ligera, m\u00e1s f\u00e1cil de moldear<\/strong><\/li>\n<li><strong>Resistencia a la corrosi\u00f3n Al tener una pel\u00edcula de \u00f3xido apretada en su superficie, tiene una fuerte adherencia, resistencia a la oxidaci\u00f3n, resistencia a los \u00e1cidos, resistencia a los \u00e1lcalis, resistencia a la corrosi\u00f3n, resistencia a la descomposici\u00f3n y resistencia a los rayos ultravioleta.<\/strong><\/li>\n<li><strong>Buena resistencia a la temperatura, el punto de fusi\u00f3n del aluminio es de 660 grados, la temperatura general no puede alcanzar su punto de fusi\u00f3n<\/strong><\/li>\n<li><strong>El tablero tiene una resistencia extremadamente alta, que puede cortarse, hendirse, equilibrarse, taladrarse, conectarse, fijarse y comprimirse en el borde.<\/strong><\/li>\n<\/ul>\n<p><strong>Campo de aplicaci\u00f3n<\/strong><\/p>\n<p>El PPAL se utiliza ampliamente en terminales de aeropuertos, almacenes de mantenimiento de aeronaves, estaciones y grandes centros de transporte, centros de conferencias y exposiciones, estadios, salas de exposiciones, grandes instalaciones de ocio p\u00fablico, edificios de servicios p\u00fablicos, grandes centros comerciales, instalaciones comerciales y edificios residenciales.<\/p>\n<div data-w-e-type=\"imageTwo\">\n<div data-w-e-type=\"attachment\" data-imagetype=\"two\" data-attachmentid=\"\" data-attachmentkey=\"\" data-parenttype=\"imageTwo\" data-position=\"left\" data-imgurl=\"\" data-imagewidth=\"\" data-imageheight=\"\" data-url=\"\"><img decoding=\"async\" class=\"lazy\" src=\"https:\/\/p.globalsources.com\/IMAGES\/PDT\/B6015411003\/Aluminum-Coil.jpg\" data-src=\"https:\/\/p.globalsources.com\/IMAGES\/PDT\/B6015411003\/Aluminum-Coil.jpg\" data-extentions-extra-ocr-id=\"44a8fe60eeb6a8b5333d8a8d91f0963a\" \/><\/div>\n<div data-w-e-type=\"attachment\" data-imagetype=\"two\" data-attachmentid=\"\" data-attachmentkey=\"\" data-parenttype=\"imageTwo\" data-position=\"right\" data-imgurl=\"\" data-imagewidth=\"\" data-imageheight=\"\" data-url=\"\"><img decoding=\"async\" class=\"lazy\" src=\"https:\/\/p.globalsources.com\/IMAGES\/PDT\/B6015410992\/Aluminum-Coil.jpg\" data-src=\"https:\/\/p.globalsources.com\/IMAGES\/PDT\/B6015410992\/Aluminum-Coil.jpg\" data-extentions-extra-ocr-id=\"44a8fe60eeb6a8b5333d8a8d91f0963a\" \/><\/div>\n<\/div>\n<p>ACERCA DE SINO METAL<\/p>\n<p>Shandong Sino Metal Co.,ltd es una empresa integrada l\u00edder en fabricaci\u00f3n y comercio en China<\/p>\n<p>Estamos especializados en acero laminado en fr\u00edo, acero galvanizado, acero Galvalume, acero prepintado y hojalata hojas \/ bobinas, tambi\u00e9n haciendo el procesamiento profundo de estos productos, por ejemplo, la fabricaci\u00f3n de las chapas onduladas de acero, chapa prepintada para techos, bobinas cortadas a tiras y as\u00ed sucesivamente.<\/p>\n<p>Empezamos nuestro negocio desde 2005, hoy hemos establecido nuestra propia f\u00e1brica para la fabricaci\u00f3n de Galvanizado, Galvalume y Pre-pintado de chapa para techos y chapa de acero, tambi\u00e9n hemos cooperado con nuestro socio para haber establecido la l\u00ednea de bobina de acero galvanizado, y las l\u00edneas de bobina de acero prepintado, nuestra capacidad de producci\u00f3n anual puede llegar a m\u00e1s de 300000 toneladas.<\/p>\n<div data-w-e-type=\"imageTwo\">\n<div data-w-e-type=\"attachment\" data-imagetype=\"two\" data-attachmentid=\"\" data-attachmentkey=\"\" data-parenttype=\"imageTwo\" data-position=\"left\" data-imgurl=\"\" data-imagewidth=\"\" data-imageheight=\"\" data-url=\"\"><img decoding=\"async\" class=\"lazy\" src=\"https:\/\/p.globalsources.com\/IMAGES\/PDT\/B6022187367\/Aluminum-Coil.jpg\" data-src=\"https:\/\/p.globalsources.com\/IMAGES\/PDT\/B6022187367\/Aluminum-Coil.jpg\" data-extentions-extra-ocr-id=\"44a8fe60eeb6a8b5333d8a8d91f0963a\" \/><\/div>\n<div data-w-e-type=\"attachment\" data-imagetype=\"two\" data-attachmentid=\"\" data-attachmentkey=\"\" data-parenttype=\"imageTwo\" data-position=\"right\" data-imgurl=\"\" data-imagewidth=\"\" data-imageheight=\"\" data-url=\"\"><img decoding=\"async\" class=\"lazy\" src=\"https:\/\/p.globalsources.com\/IMAGES\/PDT\/B6022187444\/Aluminum-Coil.jpg\" data-src=\"https:\/\/p.globalsources.com\/IMAGES\/PDT\/B6022187444\/Aluminum-Coil.jpg\" data-extentions-extra-ocr-id=\"44a8fe60eeb6a8b5333d8a8d91f0963a\" \/><\/div>\n<\/div>\n<div data-w-e-type=\"imageSingle\">\n<div data-w-e-type=\"attachment\" data-imagetype=\"one\" data-attachmentid=\"\" data-attachmentkey=\"\" data-parenttype=\"imageSingle\" data-position=\"\" data-imgurl=\"\" data-imagewidth=\"\" data-imageheight=\"\" data-url=\"\"><\/div>\n<\/div>\n<\/div>\n<\/div>\n<div class=\"textImg-box\" data-v-d0e03504=\"\" data-v-e8f33c66=\"\"><\/div>\n<\/div>\n<div id=\"Shipping\" class=\"certifications\" data-v-e8f33c66=\"\">\n<h3 class=\"title\" data-v-e8f33c66=\"\">Informaci\u00f3n de env\u00edo<\/h3>\n<div class=\"certifications-content\" data-v-e8f33c66=\"\">\n<div class=\"ant-descriptions ant-descriptions-small ant-descriptions-bordered\" data-v-e8f33c66=\"\">\n<div class=\"ant-descriptions-view\">\n<table data-extentions-extra-tablecapture-id=\"314987\">\n<tbody>\n<tr class=\"ant-descriptions-row\">\n<th class=\"ant-descriptions-item-label ant-descriptions-item-colon\">C\u00f3digo HTS<\/th>\n<td class=\"ant-descriptions-item-content\" colspan=\"5\">7210.49.00 00<\/td>\n<\/tr>\n<\/tbody>\n<\/table>\n<\/div>\n<\/div>\n<div class=\"ant-descriptions ant-descriptions-small ant-descriptions-bordered\" data-v-e8f33c66=\"\">\n<div class=\"ant-descriptions-view\">\n<table data-extentions-extra-tablecapture-id=\"532766\">\n<tbody>\n<tr class=\"ant-descriptions-row\">\n<th class=\"ant-descriptions-item-label ant-descriptions-item-colon\">Plazos de entrega<\/th>\n<td class=\"ant-descriptions-item-content\" colspan=\"5\">7-15 d\u00edas<\/td>\n<\/tr>\n<\/tbody>\n<\/table>\n<\/div>\n<\/div>\n<\/div>\n<\/div>\n<div id=\"MainExportMarkets\" class=\"markets\" data-v-e8f33c66=\"\">\n<h3 class=\"title\" data-v-e8f33c66=\"\">Principales mercados de exportaci\u00f3n<\/h3>\n<div class=\"markets-content\" data-v-e8f33c66=\"\">\n<div class=\"markets-content-row\" data-v-e8f33c66=\"\">\n<div class=\"item\" data-v-e8f33c66=\"\">- Asia<\/div>\n<div class=\"item\" data-v-e8f33c66=\"\">- Australasia<\/div>\n<div class=\"item\" data-v-e8f33c66=\"\">- Am\u00e9rica Central y del Sur<\/div>\n<div class=\"item\" data-v-e8f33c66=\"\">- Europa del Este<\/div>\n<\/div>\n<div class=\"markets-content-row\" data-v-e8f33c66=\"\">\n<div class=\"item\" data-v-e8f33c66=\"\">- Oriente Medio\/\u00c1frica<\/div>\n<div class=\"item\" data-v-e8f33c66=\"\">- Norteam\u00e9rica<\/div>\n<div class=\"item\" data-v-e8f33c66=\"\">- Europa Occidental<\/div>\n<\/div>\n<\/div>\n<\/div>\n<\/div>","protected":false},"excerpt":{"rendered":"<p>Product Information Shipping Information Main Export Markets Model Number SINOLC78A Brand Name Sino Metal origin China Small Orders Accepted Key Specifications\/ Special Features: Color-coated aluminum coils are color-coated on aluminum coil. Common fluorocarbon color-coated aluminum and polyester color-coated aluminum are widely used in aluminum-plastic panels, aluminum veneers, and aluminum honeycomb panels. Aluminum ceiling, roof surface,&#8230;<\/p>","protected":false},"featured_media":939,"comment_status":"open","ping_status":"closed","template":"","meta":{"_kadence_starter_templates_imported_post":false,"_kad_post_transparent":"default","_kad_post_title":"","_kad_post_layout":"default","_kad_post_sidebar_id":"","_kad_post_content_style":"default","_kad_post_vertical_padding":"default","_kad_post_feature":"","_kad_post_feature_position":"","_kad_post_header":false,"_kad_post_footer":false},"product_brand":[],"product_cat":[31],"product_tag":[],"class_list":{"0":"post-942","1":"product","2":"type-product","3":"status-publish","4":"has-post-thumbnail","6":"product_cat-pre-painted-aluminum-coil-ppal","8":"first","9":"instock","10":"shipping-taxable","11":"product-type-simple","12":"entry","13":"content-bg","14":"loop-entry"},"jetpack_sharing_enabled":true,"_links":{"self":[{"href":"https:\/\/cnsinometal.com\/es\/wp-json\/wp\/v2\/product\/942","targetHints":{"allow":["GET"]}}],"collection":[{"href":"https:\/\/cnsinometal.com\/es\/wp-json\/wp\/v2\/product"}],"about":[{"href":"https:\/\/cnsinometal.com\/es\/wp-json\/wp\/v2\/types\/product"}],"replies":[{"embeddable":true,"href":"https:\/\/cnsinometal.com\/es\/wp-json\/wp\/v2\/comments?post=942"}],"wp:featuredmedia":[{"embeddable":true,"href":"https:\/\/cnsinometal.com\/es\/wp-json\/wp\/v2\/media\/939"}],"wp:attachment":[{"href":"https:\/\/cnsinometal.com\/es\/wp-json\/wp\/v2\/media?parent=942"}],"wp:term":[{"taxonomy":"product_brand","embeddable":true,"href":"https:\/\/cnsinometal.com\/es\/wp-json\/wp\/v2\/product_brand?post=942"},{"taxonomy":"product_cat","embeddable":true,"href":"https:\/\/cnsinometal.com\/es\/wp-json\/wp\/v2\/product_cat?post=942"},{"taxonomy":"product_tag","embeddable":true,"href":"https:\/\/cnsinometal.com\/es\/wp-json\/wp\/v2\/product_tag?post=942"}],"curies":[{"name":"wp","href":"https:\/\/api.w.org\/{rel}","templated":true}]}}