{"id":710,"date":"2025-05-27T09:17:53","date_gmt":"2025-05-27T01:17:53","guid":{"rendered":"http:\/\/cnsinometal.com\/?post_type=product&#038;p=710"},"modified":"2025-05-27T09:17:53","modified_gmt":"2025-05-27T01:17:53","slug":"pre-painted-aluminum-coilppal","status":"publish","type":"product","link":"https:\/\/cnsinometal.com\/es\/producto\/pre-painted-aluminum-coilppal\/","title":{"rendered":"BOBINA DE ALUMINIO LACADO (PPAL)"},"content":{"rendered":"<div id=\"Product\" class=\"descriptions\" data-v-b47b212a=\"\">\n<div class=\"ant-descriptions ant-descriptions-small ant-descriptions-bordered\" data-v-b47b212a=\"\">\n<div class=\"ant-descriptions-view\">\n<table>\n<tbody>\n<tr class=\"ant-descriptions-row\">\n<th class=\"ant-descriptions-item-label ant-descriptions-item-colon\">N\u00famero de modelo<\/th>\n<td class=\"ant-descriptions-item-content\" colspan=\"5\">SINO02-PPGL\/PPGI<\/td>\n<\/tr>\n<tr class=\"ant-descriptions-row\">\n<th class=\"ant-descriptions-item-label ant-descriptions-item-colon\">Peque\u00f1os pedidos<\/th>\n<td class=\"ant-descriptions-item-content\" colspan=\"5\">Aceptado<\/td>\n<\/tr>\n<\/tbody>\n<\/table>\n<\/div>\n<\/div>\n<\/div>\n<div class=\"certifications-box\" data-v-b47b212a=\"\">\n<div class=\"specifications\" data-v-b47b212a=\"\">\n<h3 class=\"specifications-title\" data-v-b47b212a=\"\">Especificaciones clave\/ Caracter\u00edsticas especiales:<\/h3>\n<div class=\"tpl_txt_editor\" data-v-b47b212a=\"\">\n<h3><strong>Especificaci\u00f3n de los productos<\/strong><\/h3>\n<p>Las bobinas de acero galvanizado prepintado utilizan acero laminado en fr\u00edo o acero laminado en caliente como material de base, mediante el recubrimiento de zinc en la superficie de la chapa de acero, para resistir la corrosi\u00f3n en la superficie de la chapa de acero y prolongar la vida \u00fatil.<\/p>\n<div class=\"gs-desc-table\">\n<table>\n<tbody>\n<tr>\n<th colspan=\"1\" rowspan=\"1\" width=\"auto\">Nombre del producto<\/th>\n<th colspan=\"1\" rowspan=\"1\" width=\"auto\">Acero estampado<\/th>\n<\/tr>\n<tr>\n<td colspan=\"1\" rowspan=\"1\" width=\"auto\">Marca<\/td>\n<td colspan=\"1\" rowspan=\"1\" width=\"auto\">SINO METAL<\/td>\n<\/tr>\n<tr>\n<td colspan=\"1\" rowspan=\"1\" width=\"auto\">Normas<\/td>\n<td colspan=\"1\" rowspan=\"1\" width=\"auto\">ASTM\/AISI\/BS\/DIN\/JIS\/<br \/>\nGB y m\u00e1s<\/td>\n<\/tr>\n<tr>\n<td colspan=\"1\" rowspan=\"1\" width=\"auto\">Base met\u00e1lica<\/td>\n<td colspan=\"1\" rowspan=\"1\" width=\"auto\">PPGI\/PPGL\/PPAL<\/td>\n<\/tr>\n<tr>\n<td colspan=\"1\" rowspan=\"1\" width=\"auto\">Espesor<\/td>\n<td colspan=\"1\" rowspan=\"1\" width=\"auto\">0,14 mm-1,50 mm<\/td>\n<\/tr>\n<tr>\n<td colspan=\"1\" rowspan=\"1\" width=\"auto\">Anchura<\/td>\n<td colspan=\"1\" rowspan=\"1\" width=\"auto\">30 mm-1500 mm<\/td>\n<\/tr>\n<tr>\n<td colspan=\"1\" rowspan=\"1\" width=\"auto\">Color<\/td>\n<td colspan=\"1\" rowspan=\"1\" width=\"auto\">Color RAL, o a petici\u00f3n del cliente<\/td>\n<\/tr>\n<tr>\n<td colspan=\"1\" rowspan=\"1\" width=\"auto\">Pintar<\/td>\n<td colspan=\"1\" rowspan=\"1\" width=\"auto\">PE, SMP, HDP, PVDF<\/td>\n<\/tr>\n<tr>\n<td colspan=\"1\" rowspan=\"1\" width=\"auto\">Superficie<\/td>\n<td colspan=\"1\" rowspan=\"1\" width=\"auto\">Brillo\/mate\/m\u00e1rmol<br \/>\nmadera\/camuflaje\/ladrillo<\/td>\n<\/tr>\n<tr>\n<td colspan=\"1\" rowspan=\"1\" width=\"auto\">Certificados<\/td>\n<td colspan=\"1\" rowspan=\"1\" width=\"auto\">ISO 9001\/ISO 14002\/SGS\/SONCAP<\/td>\n<\/tr>\n<tr>\n<td colspan=\"1\" rowspan=\"1\" width=\"auto\">Base met\u00e1lica<\/td>\n<td colspan=\"1\" rowspan=\"1\" width=\"auto\">CRC\/HRC<\/td>\n<\/tr>\n<tr>\n<td colspan=\"1\" rowspan=\"1\" width=\"auto\">Revestimiento de Al-Zinc<\/td>\n<td colspan=\"1\" rowspan=\"1\" width=\"auto\">40-150g\/m2<\/td>\n<\/tr>\n<tr>\n<td colspan=\"1\" rowspan=\"1\" width=\"auto\">Revestimiento de color<\/td>\n<td colspan=\"1\" rowspan=\"1\" width=\"auto\">Superior: 15-35um Posterior: 5-30um<\/td>\n<\/tr>\n<tr>\n<td colspan=\"1\" rowspan=\"1\" width=\"auto\">Dureza<\/td>\n<td colspan=\"1\" rowspan=\"1\" width=\"auto\">HRB55-HRB90<\/td>\n<\/tr>\n<tr>\n<td colspan=\"1\" rowspan=\"1\" width=\"auto\">Pel\u00edcula de guardia<\/td>\n<td colspan=\"1\" rowspan=\"1\" width=\"auto\">PVC y m\u00e1s<\/td>\n<\/tr>\n<tr>\n<td colspan=\"1\" rowspan=\"1\" width=\"auto\">Embalaje<\/td>\n<td colspan=\"1\" rowspan=\"1\" width=\"auto\">Embalaje apto para la exportaci\u00f3n o seg\u00fan los requisitos del cliente<\/td>\n<\/tr>\n<tr>\n<td colspan=\"1\" rowspan=\"1\" width=\"auto\">Aplicaciones<\/td>\n<td colspan=\"1\" rowspan=\"1\" width=\"auto\">Ingenier\u00eda civil, construcci\u00f3n, automoci\u00f3n, electricidad<\/td>\n<\/tr>\n<\/tbody>\n<\/table>\n<\/div>\n<p><strong>Bobinas de acero prelacado Estructura<\/strong><\/p>\n<div data-w-e-type=\"imageSingle\">\n<div data-w-e-type=\"attachment\" data-imagetype=\"one\" data-attachmentid=\"6014075183\" data-attachmentkey=\"NG\" data-parenttype=\"imageSingle\" data-position=\"\" data-imgurl=\"https:\/\/supplier.globalsources.com\/api\/supplier-console-attachment\/attachment\/v1\/view?attachmentId=6014075183&amp;attachmentKey=NG&amp;typeCode=P&amp;isProductImage=true\" data-imagewidth=\"\" data-imageheight=\"\" data-url=\"\"><img decoding=\"async\" class=\"lazy\" src=\"https:\/\/p.globalsources.com\/IMAGES\/PDT\/B6014089299\/PPGL.jpg\" data-src=\"https:\/\/p.globalsources.com\/IMAGES\/PDT\/B6014089299\/PPGL.jpg\" \/><\/div>\n<\/div>\n<p><strong>Pintura-Fluoruro de polivinilideno (PVDF)<\/strong><\/p>\n<p>Gracias a su gran capacidad de enlace qu\u00edmico, el revestimiento de PVDF es muy resistente a la corrosi\u00f3n y conserva el color. Adem\u00e1s, su gran peso molecular y su estructura lineal le confieren una gran resistencia qu\u00edmica, a los rayos UV y al calor. Incluso en un entorno t\u00edpico, su vida \u00fatil puede alcanzar los 20-25 a\u00f1os.<\/p>\n<div data-w-e-type=\"imageSingle\">\n<div data-w-e-type=\"attachment\" data-imagetype=\"one\" data-attachmentid=\"6014079803\" data-attachmentkey=\"NG\" data-parenttype=\"imageSingle\" data-position=\"\" data-imgurl=\"https:\/\/supplier.globalsources.com\/api\/supplier-console-attachment\/attachment\/v1\/view?attachmentId=6014079803&amp;attachmentKey=NG&amp;typeCode=P&amp;isProductImage=true\" data-imagewidth=\"\" data-imageheight=\"\" data-url=\"\"><img decoding=\"async\" class=\"lazy\" src=\"https:\/\/p.globalsources.com\/IMAGES\/PDT\/B6014089310\/PPGL.jpg\" data-src=\"https:\/\/p.globalsources.com\/IMAGES\/PDT\/B6014089310\/PPGL.jpg\" \/><\/div>\n<\/div>\n<p><strong>Descripci\u00f3n del producto<\/strong><\/p>\n<div data-w-e-type=\"imageSingle\">\n<div data-w-e-type=\"attachment\" data-imagetype=\"one\" data-attachmentid=\"6014542923\" data-attachmentkey=\"NG\" data-parenttype=\"imageSingle\" data-position=\"\" data-imgurl=\"https:\/\/supplier.globalsources.com\/api\/supplier-console-attachment\/attachment\/v1\/view?attachmentId=6014542923&amp;attachmentKey=NG&amp;typeCode=P&amp;isProductImage=true\" data-imagewidth=\"\" data-imageheight=\"\" data-url=\"\"><img decoding=\"async\" class=\"lazy\" src=\"https:\/\/p.globalsources.com\/IMAGES\/PDT\/B6014584865\/PPGL.png\" data-src=\"https:\/\/p.globalsources.com\/IMAGES\/PDT\/B6014584865\/PPGL.png\" \/><\/div>\n<\/div>\n<p><strong>Aplicaci\u00f3n del producto<\/strong><\/p>\n<div data-w-e-type=\"imageSingle\">\n<div data-w-e-type=\"attachment\" data-imagetype=\"one\" data-attachmentid=\"6014553267\" data-attachmentkey=\"NG\" data-parenttype=\"imageSingle\" data-position=\"\" data-imgurl=\"https:\/\/supplier.globalsources.com\/api\/supplier-console-attachment\/attachment\/v1\/view?attachmentId=6014553267&amp;attachmentKey=NG&amp;typeCode=P&amp;isProductImage=true\" data-imagewidth=\"\" data-imageheight=\"\" data-url=\"\"><img decoding=\"async\" class=\"lazy\" src=\"https:\/\/p.globalsources.com\/IMAGES\/PDT\/B6014584036\/PPGL.png\" data-src=\"https:\/\/p.globalsources.com\/IMAGES\/PDT\/B6014584036\/PPGL.png\" \/><\/div>\n<\/div>\n<p><strong>Certificado<\/strong><\/p>\n<div data-w-e-type=\"imageSingle\">\n<div data-w-e-type=\"attachment\" data-imagetype=\"one\" data-attachmentid=\"6014553726\" data-attachmentkey=\"NG\" data-parenttype=\"imageSingle\" data-position=\"\" data-imgurl=\"https:\/\/supplier.globalsources.com\/api\/supplier-console-attachment\/attachment\/v1\/view?attachmentId=6014553726&amp;attachmentKey=NG&amp;typeCode=P&amp;isProductImage=true\" data-imagewidth=\"\" data-imageheight=\"\" data-url=\"\"><img decoding=\"async\" class=\"lazy\" src=\"https:\/\/p.globalsources.com\/IMAGES\/PDT\/B6014584866\/PPGL.jpg\" data-src=\"https:\/\/p.globalsources.com\/IMAGES\/PDT\/B6014584866\/PPGL.jpg\" \/><\/div>\n<\/div>\n<p><strong> \u00a0Embalaje y env\u00edo<\/strong><\/p>\n<div data-w-e-type=\"imageSingle\">\n<div data-w-e-type=\"attachment\" data-imagetype=\"one\" data-attachmentid=\"6014582694\" data-attachmentkey=\"NG\" data-parenttype=\"imageSingle\" data-position=\"\" data-imgurl=\"https:\/\/supplier.globalsources.com\/api\/supplier-console-attachment\/attachment\/v1\/view?attachmentId=6014582694&amp;attachmentKey=NG&amp;typeCode=P&amp;isProductImage=true\" data-imagewidth=\"\" data-imageheight=\"\" data-url=\"\"><img decoding=\"async\" class=\"lazy\" src=\"https:\/\/p.globalsources.com\/IMAGES\/PDT\/B6014584867\/PPGL.png\" data-src=\"https:\/\/p.globalsources.com\/IMAGES\/PDT\/B6014584867\/PPGL.png\" \/><\/div>\n<\/div>\n<p><strong>Nuestras ventajas:<\/strong><\/p>\n<p>Con una capacidad anual de 300.000 toneladas, investigamos y desarrollamos constantemente la tecnolog\u00eda de producci\u00f3n de galvanizado, y nuestro objetivo es desarrollar aplicaciones m\u00e1s ecol\u00f3gicas y diversificadas para estos productos.<\/p>\n<p>Creemos que PPGI ofrece una combinaci\u00f3n imbatible de calidad, rendimiento y valor. Si tiene alguna pregunta sobre este producto o desea saber m\u00e1s sobre c\u00f3mo puede beneficiar a su negocio, no dude en ponerse en contacto con nosotros. Nos dedicamos a ofrecer un excelente servicio de atenci\u00f3n al cliente y a ayudar a nuestros clientes a alcanzar sus objetivos empresariales.<\/p>\n<p>Gracias por considerar nuestra empresa y esperamos tener la oportunidad de trabajar con usted y ayudarle a alcanzar el \u00e9xito.<\/p>\n<div data-w-e-type=\"imageSingle\">\n<div data-w-e-type=\"attachment\" data-imagetype=\"one\" data-attachmentid=\"6014584514\" data-attachmentkey=\"NG\" data-parenttype=\"imageSingle\" data-position=\"\" data-imgurl=\"https:\/\/supplier.globalsources.com\/api\/supplier-console-attachment\/attachment\/v1\/view?attachmentId=6014584514&amp;attachmentKey=NG&amp;typeCode=P&amp;isProductImage=true\" data-imagewidth=\"\" data-imageheight=\"\" data-url=\"\"><img decoding=\"async\" class=\"lazy\" src=\"https:\/\/p.globalsources.com\/IMAGES\/PDT\/B6014584880\/PPGL.jpg\" data-src=\"https:\/\/p.globalsources.com\/IMAGES\/PDT\/B6014584880\/PPGL.jpg\" \/><\/div>\n<\/div>\n<h3><\/h3>\n<h3><\/h3>\n<h3><\/h3>\n<\/div>\n<\/div>\n<div class=\"textImg-box\" data-v-d0e03504=\"\" data-v-b47b212a=\"\"><\/div>\n<\/div>\n<div id=\"MainExportMarkets\" class=\"markets\" data-v-b47b212a=\"\">\n<h3 class=\"title\" data-v-b47b212a=\"\">Principales mercados de exportaci\u00f3n<\/h3>\n<div class=\"markets-content\" data-v-b47b212a=\"\">\n<div class=\"markets-content-row\" data-v-b47b212a=\"\">\n<div class=\"item\" data-v-b47b212a=\"\">- Asia<\/div>\n<div class=\"item\" data-v-b47b212a=\"\">- Australasia<\/div>\n<div class=\"item\" data-v-b47b212a=\"\">- Am\u00e9rica Central y del Sur<\/div>\n<div class=\"item\" data-v-b47b212a=\"\">- Europa del Este<\/div>\n<\/div>\n<div class=\"markets-content-row\" data-v-b47b212a=\"\">\n<div class=\"item\" data-v-b47b212a=\"\">- Oriente Medio\/\u00c1frica<\/div>\n<div class=\"item\" data-v-b47b212a=\"\">- Norteam\u00e9rica<\/div>\n<div class=\"item\" data-v-b47b212a=\"\">- Europa Occidental<\/div>\n<\/div>\n<\/div>\n<\/div>","protected":false},"excerpt":{"rendered":"<p>Caracter\u00edsticas:<\/p>\n<ul>\n<li>Espesor:0,14 mm-1,5 mm<\/li>\n<li>Anchura:50mm-1500mm<\/li>\n<li>Metal base: Bobina de acero galvanizado, bobina de acero Galvalume, bobina de aluminio<\/li>\n<li>Color: el producto puede pintarse en cualquier color seg\u00fan las preferencias del cliente y las necesidades de sus proyectos.<\/li>\n<li>Pel\u00edcula de protecci\u00f3n: PVC, etc.<\/li>\n<li>Sistema de pintura: Poli\u00e9ster, HDP, SMP, PVDF<\/li>\n<li>Acabado de la superficie:Brillante, mate, malla\/terciopelo, estilo impreso<\/li>\n<\/ul>","protected":false},"featured_media":714,"comment_status":"open","ping_status":"closed","template":"","meta":{"_kadence_starter_templates_imported_post":false,"_kad_post_transparent":"default","_kad_post_title":"","_kad_post_layout":"default","_kad_post_sidebar_id":"","_kad_post_content_style":"default","_kad_post_vertical_padding":"default","_kad_post_feature":"","_kad_post_feature_position":"","_kad_post_header":false,"_kad_post_footer":false},"product_brand":[],"product_cat":[31],"product_tag":[],"class_list":{"0":"post-710","1":"product","2":"type-product","3":"status-publish","4":"has-post-thumbnail","6":"product_cat-pre-painted-aluminum-coil-ppal","8":"first","9":"instock","10":"shipping-taxable","11":"product-type-simple","12":"entry","13":"content-bg","14":"loop-entry"},"jetpack_sharing_enabled":true,"_links":{"self":[{"href":"https:\/\/cnsinometal.com\/es\/wp-json\/wp\/v2\/product\/710","targetHints":{"allow":["GET"]}}],"collection":[{"href":"https:\/\/cnsinometal.com\/es\/wp-json\/wp\/v2\/product"}],"about":[{"href":"https:\/\/cnsinometal.com\/es\/wp-json\/wp\/v2\/types\/product"}],"replies":[{"embeddable":true,"href":"https:\/\/cnsinometal.com\/es\/wp-json\/wp\/v2\/comments?post=710"}],"wp:featuredmedia":[{"embeddable":true,"href":"https:\/\/cnsinometal.com\/es\/wp-json\/wp\/v2\/media\/714"}],"wp:attachment":[{"href":"https:\/\/cnsinometal.com\/es\/wp-json\/wp\/v2\/media?parent=710"}],"wp:term":[{"taxonomy":"product_brand","embeddable":true,"href":"https:\/\/cnsinometal.com\/es\/wp-json\/wp\/v2\/product_brand?post=710"},{"taxonomy":"product_cat","embeddable":true,"href":"https:\/\/cnsinometal.com\/es\/wp-json\/wp\/v2\/product_cat?post=710"},{"taxonomy":"product_tag","embeddable":true,"href":"https:\/\/cnsinometal.com\/es\/wp-json\/wp\/v2\/product_tag?post=710"}],"curies":[{"name":"wp","href":"https:\/\/api.w.org\/{rel}","templated":true}]}}