{"id":706,"date":"2025-05-22T13:48:14","date_gmt":"2025-05-22T05:48:14","guid":{"rendered":"http:\/\/cnsinometal.com\/?post_type=product&#038;p=706"},"modified":"2025-05-22T13:48:14","modified_gmt":"2025-05-22T05:48:14","slug":"good-quality-best-price-roofing-sheet","status":"publish","type":"product","link":"https:\/\/cnsinometal.com\/es\/producto\/good-quality-best-price-roofing-sheet\/","title":{"rendered":"Chapa para tejados de buena calidad al mejor precio"},"content":{"rendered":"<div class=\"\" data-v-b47b212a=\"\">\n<div class=\"ant-affix\">\n<div class=\"tabs affix-tabs affix-tab-box\" data-v-b47b212a=\"\">\n<div class=\"ant-anchor-wrapper\" data-v-b47b212a=\"\">\n<div class=\"ant-anchor fixed\">\n<div class=\"tab ant-anchor-link ant-anchor-link-active\" data-v-b47b212a=\"\">\n<h2 data-v-b47b212a=\"\">Informaci\u00f3n sobre el producto<\/h2>\n<\/div>\n<\/div>\n<\/div>\n<\/div>\n<\/div>\n<\/div>\n<div id=\"content\" class=\"content info-content\" data-v-b47b212a=\"\">\n<div id=\"Product\" class=\"descriptions\" data-v-b47b212a=\"\">\n<div class=\"ant-descriptions ant-descriptions-small ant-descriptions-bordered\" data-v-b47b212a=\"\">\n<div class=\"ant-descriptions-view\">\n<table>\n<tbody>\n<tr class=\"ant-descriptions-row\">\n<th class=\"ant-descriptions-item-label ant-descriptions-item-colon\">N\u00famero de modelo<\/th>\n<td class=\"ant-descriptions-item-content\" colspan=\"5\">Baldosa ondulada revestida SINO08-#6496<\/td>\n<\/tr>\n<tr class=\"ant-descriptions-row\">\n<th class=\"ant-descriptions-item-label ant-descriptions-item-colon\">Peque\u00f1os pedidos<\/th>\n<td class=\"ant-descriptions-item-content\" colspan=\"5\">Aceptado<\/td>\n<\/tr>\n<\/tbody>\n<\/table>\n<\/div>\n<\/div>\n<\/div>\n<div class=\"certifications-box\" data-v-b47b212a=\"\">\n<div class=\"specifications\" data-v-b47b212a=\"\">\n<h3 class=\"specifications-title\" data-v-b47b212a=\"\">Especificaciones clave\/ Caracter\u00edsticas especiales:<\/h3>\n<div class=\"tpl_txt_editor\" data-v-b47b212a=\"\">\n<div class=\"gs-desc-table\">\n<table>\n<tbody>\n<tr>\n<th colspan=\"1\" rowspan=\"1\" width=\"auto\">N\u00famero de modelo<\/th>\n<th colspan=\"1\" rowspan=\"1\" width=\"auto\">SINO07<\/th>\n<\/tr>\n<tr>\n<td colspan=\"1\" rowspan=\"1\" width=\"auto\">Peque\u00f1os pedidos<\/td>\n<td colspan=\"1\" rowspan=\"1\" width=\"auto\">Aceptado<\/td>\n<\/tr>\n<\/tbody>\n<\/table>\n<\/div>\n<p>El acero corrugado est\u00e1 disponible en chapas con crestas onduladas, de aspecto similar a las patatas fritas onduladas. Este producto se utiliza en proyectos de construcci\u00f3n para cubiertas o revestimientos. Hace muchos a\u00f1os que se construyen tejados de chapa ondulada, y este tipo de material est\u00e1 volviendo a popularizarse por su durabilidad.<\/p>\n<p>Es ligero y econ\u00f3mico de instalar, y puede utilizarse tanto en edificios comerciales como en viviendas. Este tipo de material para tejados es muy duradero y puede soportar una gran cantidad de peso sin combarse. Las casas de las regiones costeras son m\u00e1s propensas a utilizar metal corrugado, ya que es un material resistente a la humedad. Tambi\u00e9n se comporta bien en entornos donde hay amenaza de vientos fuertes, acumulaci\u00f3n importante de nieve o tormentas.<\/p>\n<p><strong>ESPECIFICACI\u00d3N DEL PRODUCTO<\/strong><\/p>\n<div class=\"gs-desc-table\">\n<table>\n<tbody>\n<tr>\n<th colspan=\"1\" rowspan=\"1\" width=\"auto\">Espesor<\/th>\n<th colspan=\"1\" rowspan=\"1\" width=\"auto\">0,13 mm-1,0 mm\/BWG\/AWG<\/th>\n<\/tr>\n<tr>\n<td colspan=\"1\" rowspan=\"1\" width=\"auto\">Anchura antes de la ondulaci\u00f3n<\/td>\n<td colspan=\"1\" rowspan=\"1\" width=\"auto\">762 mm-1200 mm<\/td>\n<\/tr>\n<tr>\n<td colspan=\"1\" rowspan=\"1\" width=\"auto\">Anchura tras ondulaci\u00f3n<\/td>\n<td colspan=\"1\" rowspan=\"1\" width=\"auto\">600mm-1000mm<\/td>\n<\/tr>\n<tr>\n<td colspan=\"1\" rowspan=\"1\" width=\"auto\">Longitud<\/td>\n<td colspan=\"1\" rowspan=\"1\" width=\"auto\">1000mm-3800mm<\/td>\n<\/tr>\n<tr>\n<td colspan=\"1\" rowspan=\"1\" width=\"auto\">Revestimiento<\/td>\n<td colspan=\"1\" rowspan=\"1\" width=\"auto\">40g\/m2-120g\/m2<\/td>\n<\/tr>\n<tr>\n<td colspan=\"1\" rowspan=\"1\" width=\"auto\">Pinturas<\/td>\n<td colspan=\"1\" rowspan=\"1\" width=\"auto\">Parte superior: 16-25micras Parte posterior: 5-7micras<\/td>\n<\/tr>\n<tr>\n<td colspan=\"1\" rowspan=\"1\" width=\"auto\">Color<\/td>\n<td colspan=\"1\" rowspan=\"1\" width=\"auto\">ESCALA RAL<\/td>\n<\/tr>\n<tr>\n<td colspan=\"1\" rowspan=\"1\" width=\"auto\">Peso por paquete<\/td>\n<td colspan=\"1\" rowspan=\"1\" width=\"auto\">2mt-4mt<\/td>\n<\/tr>\n<tr>\n<td colspan=\"1\" rowspan=\"1\" width=\"auto\">Material de base<\/td>\n<td colspan=\"1\" rowspan=\"1\" width=\"auto\">Prepintado<\/td>\n<\/tr>\n<\/tbody>\n<\/table>\n<\/div>\n<p><strong>DESCRIPCI\u00d3N DEL PRODUCTO<\/strong><\/p>\n<\/div>\n<\/div>\n<\/div>\n<\/div>\n<div data-w-e-type=\"imageSingle\">\n<div data-w-e-type=\"attachment\" data-imagetype=\"one\" data-attachmentid=\"6015196262\" data-attachmentkey=\"NG\" data-parenttype=\"imageSingle\" data-position=\"\" data-imgurl=\"https:\/\/supplier.globalsources.com\/api\/supplier-console-attachment\/attachment\/v1\/view?attachmentId=6015196262&amp;attachmentKey=NG&amp;typeCode=P&amp;isProductImage=true\" data-imagewidth=\"\" data-imageheight=\"\" data-url=\"\"><img decoding=\"async\" class=\"lazy\" src=\"https:\/\/p.globalsources.com\/IMAGES\/PDT\/B6015210045\/roofing-sheet-roofing-tiles.png\" data-src=\"https:\/\/p.globalsources.com\/IMAGES\/PDT\/B6015210045\/roofing-sheet-roofing-tiles.png\" \/><\/div>\n<\/div>\n<p><strong>EMBALAJE Y ENV\u00cdO<\/strong><\/p>\n<div data-w-e-type=\"imageSingle\">\n<div data-w-e-type=\"attachment\" data-imagetype=\"one\" data-attachmentid=\"6015196738\" data-attachmentkey=\"NG\" data-parenttype=\"imageSingle\" data-position=\"\" data-imgurl=\"https:\/\/supplier.globalsources.com\/api\/supplier-console-attachment\/attachment\/v1\/view?attachmentId=6015196738&amp;attachmentKey=NG&amp;typeCode=P&amp;isProductImage=true\" data-imagewidth=\"\" data-imageheight=\"\" data-url=\"\"><img decoding=\"async\" class=\"lazy\" src=\"https:\/\/p.globalsources.com\/IMAGES\/PDT\/B6015210057\/roofing-sheet-roofing-tiles.png\" data-src=\"https:\/\/p.globalsources.com\/IMAGES\/PDT\/B6015210057\/roofing-sheet-roofing-tiles.png\" \/><\/div>\n<\/div>\n<p><strong>APLICACI\u00d3N DEL PRODUCTO<\/strong><\/p>\n<div data-w-e-type=\"imageSingle\">\n<div data-w-e-type=\"attachment\" data-imagetype=\"one\" data-attachmentid=\"6015209996\" data-attachmentkey=\"NG\" data-parenttype=\"imageSingle\" data-position=\"\" data-imgurl=\"https:\/\/supplier.globalsources.com\/api\/supplier-console-attachment\/attachment\/v1\/view?attachmentId=6015209996&amp;attachmentKey=NG&amp;typeCode=P&amp;isProductImage=true\" data-imagewidth=\"\" data-imageheight=\"\" data-url=\"\"><img decoding=\"async\" class=\"lazy\" src=\"https:\/\/p.globalsources.com\/IMAGES\/PDT\/B6015210046\/roofing-sheet-roofing-tiles.png\" data-src=\"https:\/\/p.globalsources.com\/IMAGES\/PDT\/B6015210046\/roofing-sheet-roofing-tiles.png\" \/><\/div>\n<\/div>\n<p><strong>CERTIFICADO<\/strong><\/p>\n<div data-w-e-type=\"imageSingle\">\n<div data-w-e-type=\"attachment\" data-imagetype=\"one\" data-attachmentid=\"6015177411\" data-attachmentkey=\"NG\" data-parenttype=\"imageSingle\" data-position=\"\" data-imgurl=\"https:\/\/supplier.globalsources.com\/api\/supplier-console-attachment\/attachment\/v1\/view?attachmentId=6015177411&amp;attachmentKey=NG&amp;typeCode=P&amp;isProductImage=true\" data-imagewidth=\"\" data-imageheight=\"\" data-url=\"\"><img decoding=\"async\" class=\"lazy\" src=\"https:\/\/p.globalsources.com\/IMAGES\/PDT\/B6015178251\/roofing-sheet-roofing-tiles.jpg\" data-src=\"https:\/\/p.globalsources.com\/IMAGES\/PDT\/B6015178251\/roofing-sheet-roofing-tiles.jpg\" \/><\/div>\n<\/div>\n<p>&nbsp;<\/p>\n<div id=\"content\" class=\"content info-content\" data-v-b47b212a=\"\">\n<div id=\"Shipping\" class=\"certifications\" data-v-b47b212a=\"\">\n<h3 class=\"title\" data-v-b47b212a=\"\">Informaci\u00f3n de env\u00edo<\/h3>\n<div class=\"certifications-content\" data-v-b47b212a=\"\">\n<div class=\"ant-descriptions ant-descriptions-small ant-descriptions-bordered\" data-v-b47b212a=\"\">\n<div class=\"ant-descriptions-view\">\n<table>\n<tbody>\n<tr class=\"ant-descriptions-row\">\n<th class=\"ant-descriptions-item-label ant-descriptions-item-colon\">Puerto FOB<\/th>\n<td class=\"ant-descriptions-item-content\" colspan=\"5\">Qingdao<\/td>\n<\/tr>\n<\/tbody>\n<\/table>\n<\/div>\n<\/div>\n<div class=\"ant-descriptions ant-descriptions-small ant-descriptions-bordered\" data-v-b47b212a=\"\">\n<div class=\"ant-descriptions-view\">\n<table>\n<tbody>\n<tr class=\"ant-descriptions-row\">\n<th class=\"ant-descriptions-item-label ant-descriptions-item-colon\">Plazos de entrega<\/th>\n<td class=\"ant-descriptions-item-content\" colspan=\"5\">25-35 d\u00edas<\/td>\n<\/tr>\n<\/tbody>\n<\/table>\n<\/div>\n<\/div>\n<\/div>\n<\/div>\n<div id=\"MainExportMarkets\" class=\"markets\" data-v-b47b212a=\"\">\n<h3 class=\"title\" data-v-b47b212a=\"\">Principales mercados de exportaci\u00f3n<\/h3>\n<div class=\"markets-content\" data-v-b47b212a=\"\">\n<div class=\"markets-content-row\" data-v-b47b212a=\"\">\n<div class=\"item\" data-v-b47b212a=\"\">- Asia<\/div>\n<div class=\"item\" data-v-b47b212a=\"\">- Australasia<\/div>\n<div class=\"item\" data-v-b47b212a=\"\">- Am\u00e9rica Central y del Sur<\/div>\n<div class=\"item\" data-v-b47b212a=\"\">- Europa del Este<\/div>\n<\/div>\n<div class=\"markets-content-row\" data-v-b47b212a=\"\">\n<div class=\"item\" data-v-b47b212a=\"\">- Oriente Medio\/\u00c1frica<\/div>\n<div class=\"item\" data-v-b47b212a=\"\">- Norteam\u00e9rica<\/div>\n<div class=\"item\" data-v-b47b212a=\"\">- Europa Occidental<\/div>\n<\/div>\n<\/div>\n<\/div>\n<\/div>\n<div class=\"content border-radius\" data-v-b47b212a=\"\">\n<div id=\"Payment\" class=\"payment-details\" data-v-b47b212a=\"\">\n<div class=\"title\" data-v-b47b212a=\"\">Datos de pago<\/div>\n<div class=\"table\" data-v-b47b212a=\"\">\n<div class=\"ant-descriptions ant-descriptions-small ant-descriptions-bordered\" data-v-b47b212a=\"\">\n<div class=\"ant-descriptions-view\">\n<table>\n<tbody>\n<tr class=\"ant-descriptions-row\">\n<th class=\"ant-descriptions-item-label ant-descriptions-item-colon\">Forma de pago<\/th>\n<td class=\"ant-descriptions-item-content\" colspan=\"5\">Carta de cr\u00e9dito a la vista (Sight L\/C)<\/td>\n<\/tr>\n<\/tbody>\n<\/table>\n<\/div>\n<\/div>\n<\/div>\n<\/div>\n<\/div>\n<p>&nbsp;<\/p>","protected":false},"excerpt":{"rendered":"<p>Espesor: 0,20 mm-0,8 mm<\/p>\n<p>Anchura:600mm-1250mm<\/p>\n<p>Dise\u00f1o:Onda, Trapezoide, Teja, etc.<\/p>\n<p>Color: color del sistema RAL<\/p>","protected":false},"featured_media":707,"comment_status":"open","ping_status":"closed","template":"","meta":{"_kadence_starter_templates_imported_post":false,"_kad_post_transparent":"default","_kad_post_title":"","_kad_post_layout":"default","_kad_post_sidebar_id":"","_kad_post_content_style":"default","_kad_post_vertical_padding":"default","_kad_post_feature":"","_kad_post_feature_position":"","_kad_post_header":false,"_kad_post_footer":false},"product_brand":[],"product_cat":[32],"product_tag":[37,36],"class_list":{"0":"post-706","1":"product","2":"type-product","3":"status-publish","4":"has-post-thumbnail","6":"product_cat-roofing-sheet","7":"product_tag-roofing-material","8":"product_tag-roofing-sheet","10":"first","11":"instock","12":"shipping-taxable","13":"product-type-simple","14":"entry","15":"content-bg","16":"loop-entry"},"jetpack_sharing_enabled":true,"_links":{"self":[{"href":"https:\/\/cnsinometal.com\/es\/wp-json\/wp\/v2\/product\/706","targetHints":{"allow":["GET"]}}],"collection":[{"href":"https:\/\/cnsinometal.com\/es\/wp-json\/wp\/v2\/product"}],"about":[{"href":"https:\/\/cnsinometal.com\/es\/wp-json\/wp\/v2\/types\/product"}],"replies":[{"embeddable":true,"href":"https:\/\/cnsinometal.com\/es\/wp-json\/wp\/v2\/comments?post=706"}],"wp:featuredmedia":[{"embeddable":true,"href":"https:\/\/cnsinometal.com\/es\/wp-json\/wp\/v2\/media\/707"}],"wp:attachment":[{"href":"https:\/\/cnsinometal.com\/es\/wp-json\/wp\/v2\/media?parent=706"}],"wp:term":[{"taxonomy":"product_brand","embeddable":true,"href":"https:\/\/cnsinometal.com\/es\/wp-json\/wp\/v2\/product_brand?post=706"},{"taxonomy":"product_cat","embeddable":true,"href":"https:\/\/cnsinometal.com\/es\/wp-json\/wp\/v2\/product_cat?post=706"},{"taxonomy":"product_tag","embeddable":true,"href":"https:\/\/cnsinometal.com\/es\/wp-json\/wp\/v2\/product_tag?post=706"}],"curies":[{"name":"wp","href":"https:\/\/api.w.org\/{rel}","templated":true}]}}