{"id":694,"date":"2025-04-10T10:07:23","date_gmt":"2025-04-10T02:07:23","guid":{"rendered":"http:\/\/cnsinometal.com\/?post_type=product&#038;p=694"},"modified":"2025-04-10T10:07:23","modified_gmt":"2025-04-10T02:07:23","slug":"galvanized-stee-coilgi","status":"publish","type":"product","link":"https:\/\/cnsinometal.com\/es\/producto\/galvanized-stee-coilgi\/","title":{"rendered":"Bobina de acero galvanizado (GI)"},"content":{"rendered":"<p>El galvanizado es un proceso de revestimiento met\u00e1lico que aplica una capa protectora de zinc a sustratos de acero o hierro para evitar la corrosi\u00f3n mediante la protecci\u00f3n de \u00e1nodos de sacrificio. Los m\u00e9todos m\u00e1s comunes son el galvanizado en caliente (inmersi\u00f3n del acero en zinc fundido) y el electrogalvanizado (deposici\u00f3n electrol\u00edtica de zinc). El acero galvanizado combina la resistencia del acero con las propiedades anticorrosivas del zinc, y se utiliza ampliamente en la construcci\u00f3n, torres de transmisi\u00f3n el\u00e9ctrica, piezas de automoci\u00f3n, tuber\u00edas e infraestructuras exteriores.<\/p>\n<h2>Detalles del producto<\/h2>\n<table style=\"height: 251px;\" width=\"997\">\n<tbody>\n<tr>\n<td width=\"162\">Art\u00edculo<\/td>\n<td width=\"365\">Bobina GI<\/td>\n<\/tr>\n<tr>\n<td>Est\u00e1ndar<\/td>\n<td>AISI; ASTM; BS; GB; JIS<\/td>\n<\/tr>\n<tr>\n<td>Sustrato<\/td>\n<td>Acero laminado en caliente\/ Acero laminado en fr\u00edo<\/td>\n<\/tr>\n<tr>\n<td>Espesor<\/td>\n<td>0,12 mm-2 mm<\/td>\n<\/tr>\n<tr>\n<td>Anchura<\/td>\n<td>50 mm-1500 mm<\/td>\n<\/tr>\n<tr>\n<td>Revestimiento<\/td>\n<td>20g\/\u33a1-275g\/\u33a1<\/td>\n<\/tr>\n<tr>\n<td>Peso de la bobina<\/td>\n<td>seg\u00fan sus necesidades<\/td>\n<\/tr>\n<tr>\n<td>Estructura de la superficie<\/td>\n<td>\u00c1ngulo cero; \u00c1ngulo peque\u00f1o;\u00c1ngulo normal;\u00c1ngulo grande<\/td>\n<\/tr>\n<tr>\n<td>Paquete<\/td>\n<td>Paquete de exportaci\u00f3n est\u00e1ndar o seg\u00fan sus necesidades<\/td>\n<\/tr>\n<\/tbody>\n<\/table>\n<p>&nbsp;<\/p>\n<p>&nbsp;<\/p>\n<h2>Bobina de acero galvanizado Ventajas y caracter\u00edsticas<\/h2>\n<ul class=\"auto-hide-last-sibling-br\">\n<li><em>Excelente resistencia a la corrosi\u00f3n<\/em>: La capa de zinc forma una densa pel\u00edcula protectora sobre la superficie met\u00e1lica, impidiendo eficazmente que el aire, la humedad y otras sustancias corrosivas entren en contacto con el metal base, lo que prolonga enormemente la vida \u00fatil del producto.<\/li>\n<li><em>Buena propiedad decorativa<\/em>: Los productos galvanizados suelen tener un aspecto brillante y uniforme. Pueden realizarse distintos tratamientos superficiales, como la pasivaci\u00f3n y el revestimiento de aceite, seg\u00fan las necesidades para conseguir un mejor efecto decorativo y satisfacer los requisitos est\u00e9ticos de los distintos escenarios de aplicaci\u00f3n.<\/li>\n<li><em>Fuerte adherencia<\/em>: Existe una fuerte fuerza de uni\u00f3n entre la capa de zinc y el metal base, que puede soportar cierto grado de deformaci\u00f3n sin desprenderse, lo que garantiza la integridad y eficacia de la capa protectora.<\/li>\n<li><em>Coste elevado - eficacia<\/em>: En comparaci\u00f3n con otros m\u00e9todos de tratamiento anticorrosi\u00f3n, como el niquelado y el cromado, el galvanizado tiene un coste relativamente bajo y puede proporcionar una protecci\u00f3n fiable, con una elevada relaci\u00f3n coste-rendimiento.<\/li>\n<li><em>Buen rendimiento de procesamiento<\/em>: Los productos galvanizados siguen teniendo un buen rendimiento de procesamiento y pueden someterse a diversas operaciones de procesamiento, como estampado, doblado y soldadura, sin causar da\u00f1os graves a la capa de zinc.<\/li>\n<\/ul>\n<ul>\n<li style=\"list-style-type: none;\"><\/li>\n<\/ul>\n<h2>\u00c1reas de aplicaci\u00f3n<\/h2>\n<ul class=\"auto-hide-last-sibling-br\">\n<li><em>Industria de la construcci\u00f3n<\/em>: Se utiliza en tejados, paredes, puertas y ventanas, conductos de ventilaci\u00f3n, etc. Puede resistir eficazmente la erosi\u00f3n del viento y la lluvia, prolongar la vida \u00fatil de los componentes de los edificios y proporcionar un aspecto est\u00e9tico. Por ejemplo, las chapas de acero galvanizado se utilizan a menudo como material de revestimiento de los tejados de los edificios.<\/li>\n<li><em>Industria del autom\u00f3vil<\/em>: Los productos galvanizados se utilizan en muchas partes de los autom\u00f3viles, como la carrocer\u00eda, el chasis y los componentes. Por ejemplo, las chapas de acero galvanizado se utilizan en la fabricaci\u00f3n de carrocer\u00edas para mejorar la resistencia a la corrosi\u00f3n y a los impactos de la carrocer\u00eda y prolongar la vida \u00fatil del veh\u00edculo.<\/li>\n<li><em>Industria energ\u00e9tica<\/em>: Las instalaciones el\u00e9ctricas, como las torres de transmisi\u00f3n, los postes de servicios p\u00fablicos y las bandejas de cables, suelen adoptar un tratamiento de galvanizaci\u00f3n para evitar que el metal se oxide y corroa en el entorno exterior y garantizar el funcionamiento seguro y estable de las instalaciones el\u00e9ctricas.<\/li>\n<li><em>Fabricaci\u00f3n mec\u00e1nica<\/em>: Despu\u00e9s de galvanizar varias piezas mec\u00e1nicas y carcasas de equipos, no s\u00f3lo puede mejorar la resistencia a la corrosi\u00f3n, sino tambi\u00e9n mejorar la calidad de la apariencia y mejorar la calidad general del producto.<\/li>\n<li><em>Sector de los electrodom\u00e9sticos<\/em>: Las carcasas exteriores y los componentes internos de electrodom\u00e9sticos como frigor\u00edficos, aparatos de aire acondicionado y lavadoras suelen utilizar chapas de acero galvanizado o alambres de acero galvanizado para mejorar la resistencia a la corrosi\u00f3n y la durabilidad de los productos y ofrecer un buen aspecto.<\/li>\n<\/ul>\n<p>&nbsp;<\/p>","protected":false},"excerpt":{"rendered":"<p>Galvanizing is a metal coating process that applies a protective zinc layer to steel or iron substrates to prevent corrosion through sacrificial anode protection. Common methods include hot-dip galvanizing(immersing steel in molten zinc) and electro-galvanizing(electrolytic zinc deposition). Galvanized steel combines the strength of steel with zinc\u2019s anti-corrosive properties, widely used in construction, power transmission towers,&#8230;<\/p>","protected":false},"featured_media":695,"comment_status":"open","ping_status":"closed","template":"","meta":{"_kadence_starter_templates_imported_post":false,"_kad_post_transparent":"default","_kad_post_title":"","_kad_post_layout":"default","_kad_post_sidebar_id":"","_kad_post_content_style":"default","_kad_post_vertical_padding":"default","_kad_post_feature":"","_kad_post_feature_position":"","_kad_post_header":false,"_kad_post_footer":false},"product_brand":[],"product_cat":[27,22],"product_tag":[],"class_list":{"0":"post-694","1":"product","2":"type-product","3":"status-publish","4":"has-post-thumbnail","6":"product_cat-galvanized-steel-coil-gi","7":"product_cat-uncategorized","9":"first","10":"instock","11":"shipping-taxable","12":"product-type-simple","13":"entry","14":"content-bg","15":"loop-entry"},"jetpack_sharing_enabled":true,"_links":{"self":[{"href":"https:\/\/cnsinometal.com\/es\/wp-json\/wp\/v2\/product\/694","targetHints":{"allow":["GET"]}}],"collection":[{"href":"https:\/\/cnsinometal.com\/es\/wp-json\/wp\/v2\/product"}],"about":[{"href":"https:\/\/cnsinometal.com\/es\/wp-json\/wp\/v2\/types\/product"}],"replies":[{"embeddable":true,"href":"https:\/\/cnsinometal.com\/es\/wp-json\/wp\/v2\/comments?post=694"}],"wp:featuredmedia":[{"embeddable":true,"href":"https:\/\/cnsinometal.com\/es\/wp-json\/wp\/v2\/media\/695"}],"wp:attachment":[{"href":"https:\/\/cnsinometal.com\/es\/wp-json\/wp\/v2\/media?parent=694"}],"wp:term":[{"taxonomy":"product_brand","embeddable":true,"href":"https:\/\/cnsinometal.com\/es\/wp-json\/wp\/v2\/product_brand?post=694"},{"taxonomy":"product_cat","embeddable":true,"href":"https:\/\/cnsinometal.com\/es\/wp-json\/wp\/v2\/product_cat?post=694"},{"taxonomy":"product_tag","embeddable":true,"href":"https:\/\/cnsinometal.com\/es\/wp-json\/wp\/v2\/product_tag?post=694"}],"curies":[{"name":"wp","href":"https:\/\/api.w.org\/{rel}","templated":true}]}}