{"id":684,"date":"2025-04-09T16:47:17","date_gmt":"2025-04-09T08:47:17","guid":{"rendered":"http:\/\/cnsinometal.com\/?post_type=product&#038;p=684"},"modified":"2025-04-10T10:04:58","modified_gmt":"2025-04-10T02:04:58","slug":"galvalume-steel-coil%ef%bc%88gl%ef%bc%89","status":"publish","type":"product","link":"https:\/\/cnsinometal.com\/es\/producto\/galvalume-steel-coil%ef%bc%88gl%ef%bc%89\/","title":{"rendered":"Bobina de acero Galvalume\uff08GL\uff09"},"content":{"rendered":"<p>El acero recubierto de aluminio-zinc es un material resistente a la corrosi\u00f3n que se obtiene recubriendo en caliente un sustrato de acero con una aleaci\u00f3n de aluminio-zinc (normalmente 55% de aluminio, 43,4% de zinc y 1,6% de silicio). Este revestimiento combina la resistencia al calor y la protecci\u00f3n de barrera del aluminio con las propiedades de \u00e1nodo de sacrificio del zinc, ofreciendo un doble mecanismo anticorrosi\u00f3n. Su caracter\u00edstico brillo met\u00e1lico blanco plateado y el patr\u00f3n de la superficie en forma de lentejuelas lo hacen ideal para cubiertas, componentes de automoci\u00f3n y aplicaciones industriales.<\/p>\n<h2>Detalles del producto:<\/h2>\n<table style=\"border-collapse: collapse; width: 608px; height: 325px;\" border=\"0\" width=\"500\" cellspacing=\"0\" cellpadding=\"0\">\n<tbody>\n<tr style=\"height: 25.00pt;\">\n<td class=\"et2\" style=\"height: 25.00pt; width: 132.00pt;\" width=\"176\" height=\"33\">Art\u00edculo<\/td>\n<td class=\"et2\" style=\"width: 243.00pt;\" width=\"324\">Bobina GL<\/td>\n<\/tr>\n<tr style=\"height: 25.00pt;\">\n<td class=\"et3\" style=\"height: 25.00pt;\" height=\"33\">ID de bobina<\/td>\n<td class=\"et3\">508 mm\/610 mm<\/td>\n<\/tr>\n<tr style=\"height: 25.00pt;\">\n<td class=\"et3\" style=\"height: 25.00pt;\" height=\"33\">Est\u00e1ndar<\/td>\n<td class=\"et3\">GB, JIS, ASTM, EN<\/td>\n<\/tr>\n<tr style=\"height: 25.00pt;\">\n<td class=\"et3\" style=\"height: 25.00pt;\" height=\"33\">Espesor<\/td>\n<td class=\"et3\">0,13 mm-0,8 mm<\/td>\n<\/tr>\n<tr style=\"height: 25.00pt;\">\n<td class=\"et3\" style=\"height: 25.00pt;\" height=\"33\">Anchura<\/td>\n<td class=\"et3\">50 mm-1500 mm<\/td>\n<\/tr>\n<tr style=\"height: 25.00pt;\">\n<td class=\"et3\" style=\"height: 25.00pt;\" height=\"33\">Revestimiento<\/td>\n<td class=\"et3\">20g\/\u33a1-275g\/\u33a1<\/td>\n<\/tr>\n<tr style=\"height: 25.00pt;\">\n<td class=\"et3\" style=\"height: 25.00pt;\" height=\"33\">Peso de la bobina<\/td>\n<td class=\"et3\">seg\u00fan sus necesidades<\/td>\n<\/tr>\n<tr style=\"height: 25.00pt;\">\n<td class=\"et3\" style=\"height: 25.00pt;\" height=\"33\">Tratamiento de superficies<\/td>\n<td class=\"et3\">Aceite; Cromado; Aceite y cromado; AFP<\/td>\n<\/tr>\n<tr style=\"height: 25.00pt;\">\n<td class=\"et3\" style=\"height: 25.00pt;\" height=\"33\">Paquete<\/td>\n<td class=\"et3\">Paquete de exportaci\u00f3n est\u00e1ndar o seg\u00fan sus necesidades<\/td>\n<\/tr>\n<\/tbody>\n<\/table>\n<p>&nbsp;<\/p>\n<h3><strong><b>Bobina de aluminio-cinc Ventajas y caracter\u00edsticas<\/b><\/strong><\/h3>\n<ul>\n<li><strong>Excelente resistencia a la corrosi\u00f3n<\/strong>: El revestimiento de aleaci\u00f3n de aluminio - zinc en la superficie de los productos aluminizados - zinc tiene una buena resistencia a la corrosi\u00f3n. El elemento de aluminio forma f\u00e1cilmente una densa pel\u00edcula de \u00f3xido de aluminio en el aire, que puede impedir eficazmente que el ox\u00edgeno y la humedad entren en contacto con el metal base y evitar la oxidaci\u00f3n. Por ejemplo, en ambientes exteriores, el acero ordinario puede mostrar signos de oxidaci\u00f3n en poco tiempo, mientras que el acero aluminizado - zincado puede seguir manteniendo un buen aspecto y rendimiento despu\u00e9s de a\u00f1os de uso.<\/li>\n<li><strong>Buena resistencia al calor<\/strong>: Los productos de aluminio - zinc tienen una buena resistencia al calor y pueden soportar un cierto grado de alta temperatura. El recubrimiento de aleaci\u00f3n de aluminio - zinc puede formar una pel\u00edcula protectora estable a altas temperaturas, que puede ser utilizado en algunas ocasiones que necesitan para soportar altas temperaturas, tales como el sistema de escape del autom\u00f3vil, que puede efectivamente extender la vida \u00fatil de los componentes.<\/li>\n<li><strong>Alta Reflectividad<\/strong>: Los productos de zinc aluminizado tienen una alta reflectividad en la superficie y una gran capacidad para reflejar la luz y el calor. Esta caracter\u00edstica hace que tenga grandes ventajas en el campo de la construcci\u00f3n. Se puede utilizar para materiales de tejado, que pueden reflejar eficazmente la luz solar, reducir la temperatura interior, y reducir el consumo de energ\u00eda de los equipos de refrigeraci\u00f3n, tales como acondicionadores de aire, logrando la conservaci\u00f3n de la energ\u00eda y la protecci\u00f3n del medio ambiente.<\/li>\n<li><strong>Excelente rendimiento de procesamiento<\/strong>: Los productos de zinc aluminizado tienen un buen rendimiento de procesamiento y pueden someterse a diversas operaciones de procesamiento, como estampado, doblado y soldadura, para satisfacer las necesidades de procesamiento de diferentes industrias. Durante el proceso de transformaci\u00f3n, el revestimiento de zinc aluminizado no se desprende ni se da\u00f1a con facilidad, y puede mantener un buen rendimiento.<\/li>\n<li><strong>Aspecto hermoso<\/strong>: Los productos de zinc aluminizado tienen un brillo met\u00e1lico gris plateado en la superficie, y su aspecto es bello y generoso. Esta hermosa apariencia hace que sea ampliamente utilizado en algunos campos con altos requisitos de apariencia, tales como la decoraci\u00f3n de edificios y electrodom\u00e9sticos conchas, lo que puede mejorar el grado general y la competitividad de los productos en el mercado.<\/li>\n<\/ul>\n<h3><strong><b>\u00c1mbitos de aplicaci\u00f3n<\/b><\/strong><\/h3>\n<ul>\n<li><strong>Industria de la construcci\u00f3n<\/strong>: Se utiliza ampliamente en techos de edificios, paredes, paneles de techos, puertas de persianas enrollables, etc. Su resistencia a la corrosi\u00f3n y su belleza pueden hacer que el aspecto del edificio dure mucho tiempo y sea hermoso, y al mismo tiempo, puede proteger eficazmente la estructura del edificio de la erosi\u00f3n del ambiente externo.<\/li>\n<li><strong>Industria de electrodom\u00e9sticos<\/strong>: Se utiliza para las carcasas de frigor\u00edficos, aparatos de aire acondicionado, lavadoras y otros electrodom\u00e9sticos. La resistencia a la corrosi\u00f3n y la bella apariencia de los productos de zinc aluminizado pueden mejorar la calidad y la vida \u00fatil de los electrodom\u00e9sticos, y su buen rendimiento de procesamiento tambi\u00e9n es conveniente para los fabricantes de electrodom\u00e9sticos para llevar a cabo el procesamiento de moldeo.<\/li>\n<li><strong>Industria del autom\u00f3vil<\/strong>: Puede utilizarse para piezas estructurales de carrocer\u00edas de autom\u00f3viles, cap\u00f3s de motores, soportes de radiadores y otros componentes. La resistencia a la corrosi\u00f3n y la resistencia al calor de los productos de zinc aluminizado pueden satisfacer los requisitos de uso de los autom\u00f3viles en diferentes entornos, proteger eficazmente los componentes del autom\u00f3vil y prolongar la vida \u00fatil de los autom\u00f3viles.<\/li>\n<li><strong>Industria electr\u00f3nica<\/strong>: Se utiliza en carcasas y radiadores de equipos electr\u00f3nicos. La alta reflectividad y el buen rendimiento de disipaci\u00f3n de calor de los productos de zinc aluminizado son \u00fatiles para la disipaci\u00f3n de calor de los equipos electr\u00f3nicos, y su resistencia a la corrosi\u00f3n tambi\u00e9n puede garantizar la fiabilidad de los equipos electr\u00f3nicos en diferentes entornos.<\/li>\n<\/ul>","protected":false},"excerpt":{"rendered":"<p>Grosor: 0,13 mm-0,8 mm<br \/>\nAnchura:50mm-1500mm<br \/>\nDi\u00e1metro interior: 508 mm o 610 mm<br \/>\nTratamiento de superficie: Aceite; Cromado; Aceite y cromado; AFP<\/p>","protected":false},"featured_media":691,"comment_status":"open","ping_status":"closed","template":"","meta":{"_kadence_starter_templates_imported_post":false,"_kad_post_transparent":"default","_kad_post_title":"","_kad_post_layout":"default","_kad_post_sidebar_id":"","_kad_post_content_style":"default","_kad_post_vertical_padding":"default","_kad_post_feature":"","_kad_post_feature_position":"","_kad_post_header":false,"_kad_post_footer":false},"product_brand":[],"product_cat":[28],"product_tag":[],"class_list":{"0":"post-684","1":"product","2":"type-product","3":"status-publish","4":"has-post-thumbnail","6":"product_cat-galvalume-steel-coil-gl","8":"first","9":"instock","10":"shipping-taxable","11":"product-type-simple","12":"entry","13":"content-bg","14":"loop-entry"},"jetpack_sharing_enabled":true,"_links":{"self":[{"href":"https:\/\/cnsinometal.com\/es\/wp-json\/wp\/v2\/product\/684","targetHints":{"allow":["GET"]}}],"collection":[{"href":"https:\/\/cnsinometal.com\/es\/wp-json\/wp\/v2\/product"}],"about":[{"href":"https:\/\/cnsinometal.com\/es\/wp-json\/wp\/v2\/types\/product"}],"replies":[{"embeddable":true,"href":"https:\/\/cnsinometal.com\/es\/wp-json\/wp\/v2\/comments?post=684"}],"wp:featuredmedia":[{"embeddable":true,"href":"https:\/\/cnsinometal.com\/es\/wp-json\/wp\/v2\/media\/691"}],"wp:attachment":[{"href":"https:\/\/cnsinometal.com\/es\/wp-json\/wp\/v2\/media?parent=684"}],"wp:term":[{"taxonomy":"product_brand","embeddable":true,"href":"https:\/\/cnsinometal.com\/es\/wp-json\/wp\/v2\/product_brand?post=684"},{"taxonomy":"product_cat","embeddable":true,"href":"https:\/\/cnsinometal.com\/es\/wp-json\/wp\/v2\/product_cat?post=684"},{"taxonomy":"product_tag","embeddable":true,"href":"https:\/\/cnsinometal.com\/es\/wp-json\/wp\/v2\/product_tag?post=684"}],"curies":[{"name":"wp","href":"https:\/\/api.w.org\/{rel}","templated":true}]}}