{"id":618,"date":"2025-02-17T17:39:42","date_gmt":"2025-02-17T09:39:42","guid":{"rendered":"http:\/\/cnsinometal.com\/?post_type=product&#038;p=618"},"modified":"2025-04-08T14:53:20","modified_gmt":"2025-04-08T06:53:20","slug":"lazarite-blue-ppgl-coil-2","status":"publish","type":"product","link":"https:\/\/cnsinometal.com\/es\/producto\/lazarite-blue-ppgl-coil-2\/","title":{"rendered":"Bobina de acero galvalume revestida de color (PPGL)"},"content":{"rendered":"<p>Shandong Sino Metal Co., Ltd es una empresa integrada l\u00edder de procesamiento y comercio en China, nos centramos en la producci\u00f3n y venta de bobinas de acero recubiertas de color. La calidad superior hace que nuestros productos obtengan el amplio reconocimiento de los clientes.<br \/>\n\u00bfBusca fabricantes de bobinas de acero Galvalume prepintadas en China? P\u00f3ngase en contacto con Shandong Sino Metal hoy mismo e impulse su marca con nuestras bobinas de acero Galvalume prepintadas.<br \/>\n<strong>\u00bfQu\u00e9 son las bobinas de acero Galvalume prelacado? Bobinas de acero Galvalume prelacado Introducci\u00f3n<\/strong><br \/>\nIntroducir el material base de aluminio-cinc en la l\u00ednea de producci\u00f3n de revestimientos. Aplique primero la imprimaci\u00f3n y, a continuaci\u00f3n, la capa de acabado para garantizar la uniformidad y la adherencia del revestimiento. Las bobinas de aluminio-cinc recubiertas de color se utilizan ampliamente en la construcci\u00f3n, los electrodom\u00e9sticos y otros campos.<br \/>\n<strong>Estructura del revestimiento de color<\/strong><br \/>\n<img fetchpriority=\"high\" decoding=\"async\" class=\"alignnone size-full wp-image-620\" src=\"http:\/\/cnsinometal.com\/wp-content\/uploads\/2025\/02\/\u56fe\u72472-2.jpg\" alt=\"\" width=\"984\" height=\"697\" srcset=\"https:\/\/cnsinometal.com\/wp-content\/uploads\/2025\/02\/\u56fe\u72472-2.jpg 984w, https:\/\/cnsinometal.com\/wp-content\/uploads\/2025\/02\/\u56fe\u72472-2-800x567.jpg 800w, https:\/\/cnsinometal.com\/wp-content\/uploads\/2025\/02\/\u56fe\u72472-2-300x213.jpg 300w, https:\/\/cnsinometal.com\/wp-content\/uploads\/2025\/02\/\u56fe\u72472-2-768x544.jpg 768w, https:\/\/cnsinometal.com\/wp-content\/uploads\/2025\/02\/\u56fe\u72472-2-18x12.jpg 18w\" sizes=\"(max-width: 984px) 100vw, 984px\" \/><br \/>\n<strong>Acerca de la l\u00ednea de producci\u00f3n de revestimiento de color<\/strong><br \/>\n<img decoding=\"async\" class=\"alignnone size-full wp-image-621\" src=\"http:\/\/cnsinometal.com\/wp-content\/uploads\/2025\/02\/\u56fe\u72473-2.jpg\" alt=\"\" width=\"541\" height=\"810\" srcset=\"https:\/\/cnsinometal.com\/wp-content\/uploads\/2025\/02\/\u56fe\u72473-2.jpg 541w, https:\/\/cnsinometal.com\/wp-content\/uploads\/2025\/02\/\u56fe\u72473-2-200x300.jpg 200w, https:\/\/cnsinometal.com\/wp-content\/uploads\/2025\/02\/\u56fe\u72473-2-8x12.jpg 8w\" sizes=\"(max-width: 541px) 100vw, 541px\" \/> <img decoding=\"async\" class=\"alignnone size-full wp-image-622\" src=\"http:\/\/cnsinometal.com\/wp-content\/uploads\/2025\/02\/\u56fe\u72474-1.jpg\" alt=\"\" width=\"616\" height=\"822\" srcset=\"https:\/\/cnsinometal.com\/wp-content\/uploads\/2025\/02\/\u56fe\u72474-1.jpg 616w, https:\/\/cnsinometal.com\/wp-content\/uploads\/2025\/02\/\u56fe\u72474-1-225x300.jpg 225w, https:\/\/cnsinometal.com\/wp-content\/uploads\/2025\/02\/\u56fe\u72474-1-9x12.jpg 9w\" sizes=\"(max-width: 616px) 100vw, 616px\" \/> <img loading=\"lazy\" decoding=\"async\" class=\"alignnone size-full wp-image-623\" src=\"http:\/\/cnsinometal.com\/wp-content\/uploads\/2025\/02\/\u56fe\u72475-1.jpg\" alt=\"\" width=\"485\" height=\"647\" srcset=\"https:\/\/cnsinometal.com\/wp-content\/uploads\/2025\/02\/\u56fe\u72475-1.jpg 485w, https:\/\/cnsinometal.com\/wp-content\/uploads\/2025\/02\/\u56fe\u72475-1-225x300.jpg 225w, https:\/\/cnsinometal.com\/wp-content\/uploads\/2025\/02\/\u56fe\u72475-1-9x12.jpg 9w\" sizes=\"(max-width: 485px) 100vw, 485px\" \/> <img loading=\"lazy\" decoding=\"async\" class=\"alignnone size-full wp-image-624\" src=\"http:\/\/cnsinometal.com\/wp-content\/uploads\/2025\/02\/\u56fe\u72476-1.jpg\" alt=\"\" width=\"490\" height=\"654\" srcset=\"https:\/\/cnsinometal.com\/wp-content\/uploads\/2025\/02\/\u56fe\u72476-1.jpg 490w, https:\/\/cnsinometal.com\/wp-content\/uploads\/2025\/02\/\u56fe\u72476-1-225x300.jpg 225w, https:\/\/cnsinometal.com\/wp-content\/uploads\/2025\/02\/\u56fe\u72476-1-9x12.jpg 9w\" sizes=\"(max-width: 490px) 100vw, 490px\" \/> <img loading=\"lazy\" decoding=\"async\" class=\"alignnone size-full wp-image-625\" src=\"http:\/\/cnsinometal.com\/wp-content\/uploads\/2025\/02\/\u56fe\u72477-1.jpg\" alt=\"\" width=\"488\" height=\"651\" srcset=\"https:\/\/cnsinometal.com\/wp-content\/uploads\/2025\/02\/\u56fe\u72477-1.jpg 488w, https:\/\/cnsinometal.com\/wp-content\/uploads\/2025\/02\/\u56fe\u72477-1-225x300.jpg 225w, https:\/\/cnsinometal.com\/wp-content\/uploads\/2025\/02\/\u56fe\u72477-1-9x12.jpg 9w\" sizes=\"(max-width: 488px) 100vw, 488px\" \/> <img loading=\"lazy\" decoding=\"async\" class=\"alignnone size-full wp-image-626\" src=\"http:\/\/cnsinometal.com\/wp-content\/uploads\/2025\/02\/\u56fe\u72478.jpg\" alt=\"\" width=\"481\" height=\"641\" srcset=\"https:\/\/cnsinometal.com\/wp-content\/uploads\/2025\/02\/\u56fe\u72478.jpg 481w, https:\/\/cnsinometal.com\/wp-content\/uploads\/2025\/02\/\u56fe\u72478-225x300.jpg 225w, https:\/\/cnsinometal.com\/wp-content\/uploads\/2025\/02\/\u56fe\u72478-9x12.jpg 9w\" sizes=\"(max-width: 481px) 100vw, 481px\" \/><br \/>\n<strong>Bobina de aluminio-cinc recubierta de color Ventajas y caracter\u00edsticas<\/strong><br \/>\n<strong>Ventajas<\/strong><br \/>\n1.Resistencia superior a la corrosi\u00f3n<br \/>\nEl aluminio-zinc (55% Al, 43,4% Zn,1,6% Si) combinado con pintura org\u00e1nica proporciona una resistencia a la corrosi\u00f3n 2-6X mejor que el acero galvanizado, ideal para zonas costeras\/industriales.<br \/>\n2.Tolerancia a altas temperaturas<br \/>\nSoporta hasta 600\u00b0C (a corto plazo), adecuado para aplicaciones expuestas al calor (por ejemplo, chimeneas, exteriores de hornos)<br \/>\n3.Versatilidad est\u00e9tica<br \/>\nDisponible en revestimientos de PVDF\/SMP o poli\u00e9ster con diversos colores (normas RAL\/Pantone), que realzan el dise\u00f1o arquitect\u00f3nico.<br \/>\n4. Ligero y muy resistente<br \/>\nLas calidades avanzadas de acero de alta resistencia (AHSS) (por ejemplo, HX420LAD) reducen el peso en 15-20% manteniendo la integridad estructural.<br \/>\n5. Vida \u00fatil prolongada<br \/>\nVida \u00fatil probada de m\u00e1s de 25 a\u00f1os en pruebas de campo (ISO 12944 clase C5-M), lo que minimiza los costes de sustituci\u00f3n.<br \/>\nCaracter\u00edsticas<br \/>\n1. Estructura multicapa<br \/>\nMetal base (acero CRCA) + capa de aleaci\u00f3n Alu-Zinc + sistema de imprimaci\u00f3n\/revestimiento superior<br \/>\n2. Proceso de revestimiento continuo<br \/>\nEl galvanizado en caliente seguido del revestimiento de la bobina garantiza un control preciso del espesor<br \/>\n3. Formabilidad<br \/>\nCompatible con perfilado\/perforado, certificado para perfiles complejos.<br \/>\n4. Ecol\u00f3gico<br \/>\nTotalmente reciclables (con certificaci\u00f3n GRS), los revestimientos con bajo contenido en COV cumplen los requisitos LEED\/BREEAM.<br \/>\n5. Utilidad intersectorial<br \/>\nAmpliamente utilizado en la construcci\u00f3n (paneles s\u00e1ndwich), electrodom\u00e9sticos (tambores de lavadora) y automoci\u00f3n (componentes HVAC).<br \/>\n<strong>Acerca del envasado<\/strong><br \/>\n1.Embalaje de exportaci\u00f3n est\u00e1ndar en condiciones de navegar<br \/>\n2.Embalaje vertical u horizontal<\/p>\n<p><img loading=\"lazy\" decoding=\"async\" class=\"alignnone size-full wp-image-627\" src=\"http:\/\/cnsinometal.com\/wp-content\/uploads\/2025\/02\/\u56fe\u72479.jpg\" alt=\"\" width=\"532\" height=\"710\" srcset=\"https:\/\/cnsinometal.com\/wp-content\/uploads\/2025\/02\/\u56fe\u72479.jpg 532w, https:\/\/cnsinometal.com\/wp-content\/uploads\/2025\/02\/\u56fe\u72479-225x300.jpg 225w, https:\/\/cnsinometal.com\/wp-content\/uploads\/2025\/02\/\u56fe\u72479-9x12.jpg 9w\" sizes=\"(max-width: 532px) 100vw, 532px\" \/> <img loading=\"lazy\" decoding=\"async\" class=\"alignnone size-full wp-image-628\" src=\"http:\/\/cnsinometal.com\/wp-content\/uploads\/2025\/02\/\u56fe\u724710.jpg\" alt=\"\" width=\"539\" height=\"720\" srcset=\"https:\/\/cnsinometal.com\/wp-content\/uploads\/2025\/02\/\u56fe\u724710.jpg 539w, https:\/\/cnsinometal.com\/wp-content\/uploads\/2025\/02\/\u56fe\u724710-225x300.jpg 225w, https:\/\/cnsinometal.com\/wp-content\/uploads\/2025\/02\/\u56fe\u724710-9x12.jpg 9w\" sizes=\"(max-width: 539px) 100vw, 539px\" \/> <img loading=\"lazy\" decoding=\"async\" class=\"alignnone size-full wp-image-629\" src=\"http:\/\/cnsinometal.com\/wp-content\/uploads\/2025\/02\/\u56fe\u724711.jpg\" alt=\"\" width=\"663\" height=\"651\" srcset=\"https:\/\/cnsinometal.com\/wp-content\/uploads\/2025\/02\/\u56fe\u724711.jpg 663w, https:\/\/cnsinometal.com\/wp-content\/uploads\/2025\/02\/\u56fe\u724711-300x295.jpg 300w, https:\/\/cnsinometal.com\/wp-content\/uploads\/2025\/02\/\u56fe\u724711-12x12.jpg 12w\" sizes=\"(max-width: 663px) 100vw, 663px\" \/> <img loading=\"lazy\" decoding=\"async\" class=\"alignnone size-full wp-image-630\" src=\"http:\/\/cnsinometal.com\/wp-content\/uploads\/2025\/02\/\u56fe\u724712.jpg\" alt=\"\" width=\"495\" height=\"657\" srcset=\"https:\/\/cnsinometal.com\/wp-content\/uploads\/2025\/02\/\u56fe\u724712.jpg 495w, https:\/\/cnsinometal.com\/wp-content\/uploads\/2025\/02\/\u56fe\u724712-226x300.jpg 226w, https:\/\/cnsinometal.com\/wp-content\/uploads\/2025\/02\/\u56fe\u724712-9x12.jpg 9w\" sizes=\"(max-width: 495px) 100vw, 495px\" \/><\/p>","protected":false},"excerpt":{"rendered":"<p>Espesor: 0,16 mm-1,2 mm<br \/>\nAnchura:50mm-1500mm<br \/>\nDi\u00e1metro interior: 508 mm<br \/>\nMetal base: bobina de acero con aluminio y zinc<\/p>","protected":false},"featured_media":277,"comment_status":"open","ping_status":"closed","template":"","meta":{"_kadence_starter_templates_imported_post":false,"_kad_post_transparent":"default","_kad_post_title":"","_kad_post_layout":"default","_kad_post_sidebar_id":"","_kad_post_content_style":"default","_kad_post_vertical_padding":"default","_kad_post_feature":"","_kad_post_feature_position":"","_kad_post_header":false,"_kad_post_footer":false},"product_brand":[],"product_cat":[30],"product_tag":[],"class_list":{"0":"post-618","1":"product","2":"type-product","3":"status-publish","4":"has-post-thumbnail","6":"product_cat-pre-painted-galvalume-steel-coil-ppgl","8":"first","9":"instock","10":"shipping-taxable","11":"product-type-simple","12":"entry","13":"content-bg","14":"loop-entry"},"jetpack_sharing_enabled":true,"_links":{"self":[{"href":"https:\/\/cnsinometal.com\/es\/wp-json\/wp\/v2\/product\/618","targetHints":{"allow":["GET"]}}],"collection":[{"href":"https:\/\/cnsinometal.com\/es\/wp-json\/wp\/v2\/product"}],"about":[{"href":"https:\/\/cnsinometal.com\/es\/wp-json\/wp\/v2\/types\/product"}],"replies":[{"embeddable":true,"href":"https:\/\/cnsinometal.com\/es\/wp-json\/wp\/v2\/comments?post=618"}],"wp:featuredmedia":[{"embeddable":true,"href":"https:\/\/cnsinometal.com\/es\/wp-json\/wp\/v2\/media\/277"}],"wp:attachment":[{"href":"https:\/\/cnsinometal.com\/es\/wp-json\/wp\/v2\/media?parent=618"}],"wp:term":[{"taxonomy":"product_brand","embeddable":true,"href":"https:\/\/cnsinometal.com\/es\/wp-json\/wp\/v2\/product_brand?post=618"},{"taxonomy":"product_cat","embeddable":true,"href":"https:\/\/cnsinometal.com\/es\/wp-json\/wp\/v2\/product_cat?post=618"},{"taxonomy":"product_tag","embeddable":true,"href":"https:\/\/cnsinometal.com\/es\/wp-json\/wp\/v2\/product_tag?post=618"}],"curies":[{"name":"wp","href":"https:\/\/api.w.org\/{rel}","templated":true}]}}