{"id":606,"date":"2025-02-17T17:29:00","date_gmt":"2025-02-17T09:29:00","guid":{"rendered":"http:\/\/cnsinometal.com\/?post_type=product&#038;p=606"},"modified":"2025-02-17T17:29:00","modified_gmt":"2025-02-17T09:29:00","slug":"ral3011-ppgi-ppgl-roofing-sheet","status":"publish","type":"product","link":"https:\/\/cnsinometal.com\/es\/producto\/ral3011-ppgi-ppgl-roofing-sheet\/","title":{"rendered":"RAL3011 PPGI\/PPGL L\u00e1minas para tejados"},"content":{"rendered":"<p>Shandong Sino Metal Co., Ltd es una empresa integrada l\u00edder de procesamiento y comercio en China, nos centramos en la producci\u00f3n y venta de bobinas de acero recubiertas de color. La calidad superior hace que nuestros productos obtengan el amplio reconocimiento de los clientes.<br \/>\n\u00bfBusca fabricantes de chapas para tejados en China? P\u00f3ngase en contacto con Shandong Sino Metal hoy mismo e impulse su marca con nuestras chapas para tejados.<br \/>\n<strong>Acerca de las l\u00e1minas para tejados PPGI\/PPGL<\/strong><br \/>\nLas chapas para tejados ofrecen belleza y durabilidad para satisfacer todas sus necesidades agr\u00edcolas, residenciales y comerciales. Como proveedor mayorista y fabricante en China, Shandong Sino Metal dispone de una f\u00e1brica para suministrar l\u00e1minas para tejados con diferentes dise\u00f1os y tama\u00f1os. Adem\u00e1s, los colores y patrones son personalizables.<br \/>\n<strong>L\u00ednea de producci\u00f3n<\/strong><\/p>\n<p><img fetchpriority=\"high\" decoding=\"async\" class=\"alignnone size-medium wp-image-611\" src=\"http:\/\/cnsinometal.com\/wp-content\/uploads\/2025\/02\/\u56fe\u72471-1-225x300.jpg\" alt=\"\" width=\"225\" height=\"300\" srcset=\"https:\/\/cnsinometal.com\/wp-content\/uploads\/2025\/02\/\u56fe\u72471-1-225x300.jpg 225w, https:\/\/cnsinometal.com\/wp-content\/uploads\/2025\/02\/\u56fe\u72471-1-800x1067.jpg 800w, https:\/\/cnsinometal.com\/wp-content\/uploads\/2025\/02\/\u56fe\u72471-1-768x1024.jpg 768w, https:\/\/cnsinometal.com\/wp-content\/uploads\/2025\/02\/\u56fe\u72471-1-1152x1536.jpg 1152w, https:\/\/cnsinometal.com\/wp-content\/uploads\/2025\/02\/\u56fe\u72471-1-9x12.jpg 9w, https:\/\/cnsinometal.com\/wp-content\/uploads\/2025\/02\/\u56fe\u72471-1.jpg 1279w\" sizes=\"(max-width: 225px) 100vw, 225px\" \/><\/p>\n<p><img decoding=\"async\" class=\"alignnone size-medium wp-image-612\" src=\"http:\/\/cnsinometal.com\/wp-content\/uploads\/2025\/02\/\u56fe\u72472-1-300x225.jpg\" alt=\"\" width=\"300\" height=\"225\" srcset=\"https:\/\/cnsinometal.com\/wp-content\/uploads\/2025\/02\/\u56fe\u72472-1-300x225.jpg 300w, https:\/\/cnsinometal.com\/wp-content\/uploads\/2025\/02\/\u56fe\u72472-1-800x600.jpg 800w, https:\/\/cnsinometal.com\/wp-content\/uploads\/2025\/02\/\u56fe\u72472-1-1024x768.jpg 1024w, https:\/\/cnsinometal.com\/wp-content\/uploads\/2025\/02\/\u56fe\u72472-1-768x576.jpg 768w, https:\/\/cnsinometal.com\/wp-content\/uploads\/2025\/02\/\u56fe\u72472-1-16x12.jpg 16w, https:\/\/cnsinometal.com\/wp-content\/uploads\/2025\/02\/\u56fe\u72472-1.jpg 1200w\" sizes=\"(max-width: 300px) 100vw, 300px\" \/><\/p>\n<p><img decoding=\"async\" class=\"alignnone size-medium wp-image-613\" src=\"http:\/\/cnsinometal.com\/wp-content\/uploads\/2025\/02\/\u56fe\u72473-1-300x225.jpg\" alt=\"\" width=\"300\" height=\"225\" srcset=\"https:\/\/cnsinometal.com\/wp-content\/uploads\/2025\/02\/\u56fe\u72473-1-300x225.jpg 300w, https:\/\/cnsinometal.com\/wp-content\/uploads\/2025\/02\/\u56fe\u72473-1-800x600.jpg 800w, https:\/\/cnsinometal.com\/wp-content\/uploads\/2025\/02\/\u56fe\u72473-1-1024x768.jpg 1024w, https:\/\/cnsinometal.com\/wp-content\/uploads\/2025\/02\/\u56fe\u72473-1-768x576.jpg 768w, https:\/\/cnsinometal.com\/wp-content\/uploads\/2025\/02\/\u56fe\u72473-1-16x12.jpg 16w, https:\/\/cnsinometal.com\/wp-content\/uploads\/2025\/02\/\u56fe\u72473-1.jpg 1200w\" sizes=\"(max-width: 300px) 100vw, 300px\" \/><\/p>\n<p><strong>Aplicaci\u00f3n de las l\u00e1minas para tejados PPGI\/PPGL<\/strong><br \/>\n1. Las aplicaciones agr\u00edcolas incluyen, entre otras, invernaderos, gallineros, establos, pajares y graneros.<br \/>\n2. Las aplicaciones residenciales incluyen casas, casas improvisadas, apartamentos, torres, garajes, cobertizos de almacenamiento, etc.<br \/>\n3. Aplicaciones comerciales, por ejemplo, f\u00e1bricas, almacenes, plantas de fabricaci\u00f3n, grandes almacenes, edificios de oficinas, etc.<br \/>\n4. Edificios p\u00fablicos, como cines, salas de exposiciones, gimnasios, edificios terminales, escuelas y hospitales.<\/p>\n<p><strong>Ventajas de las l\u00e1minas para tejados PPGI\/PPGL<\/strong><br \/>\n1.Larga vida \u00fatil<br \/>\n2.Reducci\u00f3n del ruido y aislamiento t\u00e9rmico<br \/>\n3.Bajo coste de instalaci\u00f3n<br \/>\n4.Bonito aspecto<br \/>\n5.Buen rendimiento del drenaje<br \/>\n6.Excelentes prestaciones de seguridad<\/p>\n<p><strong>Acerca del embalaje y la carga<\/strong><\/p>\n<p><img loading=\"lazy\" decoding=\"async\" class=\"alignnone size-medium wp-image-614\" src=\"http:\/\/cnsinometal.com\/wp-content\/uploads\/2025\/02\/\u56fe\u72474-300x135.jpg\" alt=\"\" width=\"300\" height=\"135\" srcset=\"https:\/\/cnsinometal.com\/wp-content\/uploads\/2025\/02\/\u56fe\u72474-300x135.jpg 300w, https:\/\/cnsinometal.com\/wp-content\/uploads\/2025\/02\/\u56fe\u72474-800x360.jpg 800w, https:\/\/cnsinometal.com\/wp-content\/uploads\/2025\/02\/\u56fe\u72474-1024x461.jpg 1024w, https:\/\/cnsinometal.com\/wp-content\/uploads\/2025\/02\/\u56fe\u72474-768x346.jpg 768w, https:\/\/cnsinometal.com\/wp-content\/uploads\/2025\/02\/\u56fe\u72474-18x8.jpg 18w, https:\/\/cnsinometal.com\/wp-content\/uploads\/2025\/02\/\u56fe\u72474.jpg 1264w\" sizes=\"(max-width: 300px) 100vw, 300px\" \/><\/p>\n<p><img loading=\"lazy\" decoding=\"async\" class=\"alignnone size-medium wp-image-615\" src=\"http:\/\/cnsinometal.com\/wp-content\/uploads\/2025\/02\/\u56fe\u72475-300x225.jpg\" alt=\"\" width=\"300\" height=\"225\" srcset=\"https:\/\/cnsinometal.com\/wp-content\/uploads\/2025\/02\/\u56fe\u72475-300x225.jpg 300w, https:\/\/cnsinometal.com\/wp-content\/uploads\/2025\/02\/\u56fe\u72475-16x12.jpg 16w, https:\/\/cnsinometal.com\/wp-content\/uploads\/2025\/02\/\u56fe\u72475.jpg 532w\" sizes=\"(max-width: 300px) 100vw, 300px\" \/><\/p>\n<p><img loading=\"lazy\" decoding=\"async\" class=\"alignnone size-medium wp-image-616\" src=\"http:\/\/cnsinometal.com\/wp-content\/uploads\/2025\/02\/\u56fe\u72476-300x225.jpg\" alt=\"\" width=\"300\" height=\"225\" srcset=\"https:\/\/cnsinometal.com\/wp-content\/uploads\/2025\/02\/\u56fe\u72476-300x225.jpg 300w, https:\/\/cnsinometal.com\/wp-content\/uploads\/2025\/02\/\u56fe\u72476-16x12.jpg 16w, https:\/\/cnsinometal.com\/wp-content\/uploads\/2025\/02\/\u56fe\u72476.jpg 560w\" sizes=\"(max-width: 300px) 100vw, 300px\" \/><\/p>\n<p><img loading=\"lazy\" decoding=\"async\" class=\"alignnone size-medium wp-image-617\" src=\"http:\/\/cnsinometal.com\/wp-content\/uploads\/2025\/02\/\u56fe\u72477-300x225.jpg\" alt=\"\" width=\"300\" height=\"225\" srcset=\"https:\/\/cnsinometal.com\/wp-content\/uploads\/2025\/02\/\u56fe\u72477-300x225.jpg 300w, https:\/\/cnsinometal.com\/wp-content\/uploads\/2025\/02\/\u56fe\u72477-800x600.jpg 800w, https:\/\/cnsinometal.com\/wp-content\/uploads\/2025\/02\/\u56fe\u72477-1024x768.jpg 1024w, https:\/\/cnsinometal.com\/wp-content\/uploads\/2025\/02\/\u56fe\u72477-768x576.jpg 768w, https:\/\/cnsinometal.com\/wp-content\/uploads\/2025\/02\/\u56fe\u72477-16x12.jpg 16w, https:\/\/cnsinometal.com\/wp-content\/uploads\/2025\/02\/\u56fe\u72477.jpg 1259w\" sizes=\"(max-width: 300px) 100vw, 300px\" \/><\/p>","protected":false},"excerpt":{"rendered":"<p>Espesor: 0,20 mm-0,8 mm<br \/>\nAnchura:600mm-1250mm<br \/>\nDise\u00f1o:Onda, Trapezoide, Teja, etc.<br \/>\nColor: RAL3011<\/p>","protected":false},"featured_media":607,"comment_status":"open","ping_status":"closed","template":"","meta":{"_kadence_starter_templates_imported_post":false,"_kad_post_transparent":"default","_kad_post_title":"","_kad_post_layout":"default","_kad_post_sidebar_id":"","_kad_post_content_style":"default","_kad_post_vertical_padding":"default","_kad_post_feature":"","_kad_post_feature_position":"","_kad_post_header":false,"_kad_post_footer":false},"product_brand":[],"product_cat":[32],"product_tag":[],"class_list":{"0":"post-606","1":"product","2":"type-product","3":"status-publish","4":"has-post-thumbnail","6":"product_cat-roofing-sheet","8":"first","9":"instock","10":"shipping-taxable","11":"product-type-simple","12":"entry","13":"content-bg","14":"loop-entry"},"jetpack_sharing_enabled":true,"_links":{"self":[{"href":"https:\/\/cnsinometal.com\/es\/wp-json\/wp\/v2\/product\/606","targetHints":{"allow":["GET"]}}],"collection":[{"href":"https:\/\/cnsinometal.com\/es\/wp-json\/wp\/v2\/product"}],"about":[{"href":"https:\/\/cnsinometal.com\/es\/wp-json\/wp\/v2\/types\/product"}],"replies":[{"embeddable":true,"href":"https:\/\/cnsinometal.com\/es\/wp-json\/wp\/v2\/comments?post=606"}],"wp:featuredmedia":[{"embeddable":true,"href":"https:\/\/cnsinometal.com\/es\/wp-json\/wp\/v2\/media\/607"}],"wp:attachment":[{"href":"https:\/\/cnsinometal.com\/es\/wp-json\/wp\/v2\/media?parent=606"}],"wp:term":[{"taxonomy":"product_brand","embeddable":true,"href":"https:\/\/cnsinometal.com\/es\/wp-json\/wp\/v2\/product_brand?post=606"},{"taxonomy":"product_cat","embeddable":true,"href":"https:\/\/cnsinometal.com\/es\/wp-json\/wp\/v2\/product_cat?post=606"},{"taxonomy":"product_tag","embeddable":true,"href":"https:\/\/cnsinometal.com\/es\/wp-json\/wp\/v2\/product_tag?post=606"}],"curies":[{"name":"wp","href":"https:\/\/api.w.org\/{rel}","templated":true}]}}