{"id":603,"date":"2025-02-17T16:22:13","date_gmt":"2025-02-17T08:22:13","guid":{"rendered":"http:\/\/cnsinometal.com\/?post_type=product&#038;p=603"},"modified":"2025-02-17T16:41:06","modified_gmt":"2025-02-17T08:41:06","slug":"wrinkle-ppgi-sheet","status":"publish","type":"product","link":"https:\/\/cnsinometal.com\/es\/producto\/wrinkle-ppgi-sheet\/","title":{"rendered":"Plancha PPGI antiarrugas"},"content":{"rendered":"<p>Shandong Sino Metal Co., Ltd es una empresa integrada l\u00edder de procesamiento y comercio en China, nos centramos en la producci\u00f3n y venta de bobinas de acero recubiertas de color. La calidad superior hace que nuestros productos obtengan el amplio reconocimiento de los clientes.<\/p>\r\n\r\n\r\n\r\n<p>\u00bfBusca fabricantes de chapas para tejados en China? P\u00f3ngase en contacto con Shandong Sino Metal hoy mismo e impulse su marca con nuestras chapas para tejados.<\/p>\r\n\r\n\r\n\r\n<p><strong>Acerca de las l\u00e1minas para tejados PPGI\/PPGL<\/strong><\/p>\r\n\r\n\r\n\r\n<p>Las chapas para tejados ofrecen belleza y durabilidad para satisfacer todas sus necesidades agr\u00edcolas, residenciales y comerciales. Como proveedor mayorista y fabricante en China, Shandong Sino Metal dispone de una f\u00e1brica para suministrar l\u00e1minas para tejados con diferentes dise\u00f1os y tama\u00f1os. Adem\u00e1s, los colores y patrones son personalizables.<\/p>\r\n\r\n\r\n\r\n<p><strong>L\u00ednea de producci\u00f3n<\/strong><\/p>\r\n\r\n\r\n\r\n<figure class=\"wp-block-image size-large\"><img fetchpriority=\"high\" decoding=\"async\" width=\"1024\" height=\"816\" class=\"wp-image-592\" src=\"http:\/\/cnsinometal.com\/wp-content\/uploads\/2025\/02\/\u672a\u6807\u9898-8_02-1024x816.jpg\" alt=\"\" srcset=\"https:\/\/cnsinometal.com\/wp-content\/uploads\/2025\/02\/\u672a\u6807\u9898-8_02-1024x816.jpg 1024w, https:\/\/cnsinometal.com\/wp-content\/uploads\/2025\/02\/\u672a\u6807\u9898-8_02-800x637.jpg 800w, https:\/\/cnsinometal.com\/wp-content\/uploads\/2025\/02\/\u672a\u6807\u9898-8_02-300x239.jpg 300w, https:\/\/cnsinometal.com\/wp-content\/uploads\/2025\/02\/\u672a\u6807\u9898-8_02-768x612.jpg 768w, https:\/\/cnsinometal.com\/wp-content\/uploads\/2025\/02\/\u672a\u6807\u9898-8_02-15x12.jpg 15w, https:\/\/cnsinometal.com\/wp-content\/uploads\/2025\/02\/\u672a\u6807\u9898-8_02.jpg 1200w\" sizes=\"(max-width: 1024px) 100vw, 1024px\" \/><\/figure>\r\n\r\n\r\n\r\n<p><strong>Aplicaci\u00f3n de las l\u00e1minas para tejados PPGI\/PPGL<\/strong><\/p>\r\n\r\n\r\n\r\n<p>1. Las aplicaciones agr\u00edcolas incluyen, entre otras, invernaderos, gallineros, establos, pajares y graneros.<\/p>\r\n\r\n\r\n\r\n<p>2. Las aplicaciones residenciales incluyen casas, casas improvisadas, apartamentos, torres, garajes, cobertizos de almacenamiento, etc.<\/p>\r\n\r\n\r\n\r\n<p>3. Aplicaciones comerciales, por ejemplo, f\u00e1bricas, almacenes, plantas de fabricaci\u00f3n, grandes almacenes, edificios de oficinas, etc.<\/p>\r\n\r\n\r\n\r\n<p>4. Edificios p\u00fablicos, como cines, salas de exposiciones, gimnasios, edificios terminales, escuelas y hospitales.<\/p>\r\n\r\n\r\n\r\n<p><strong>Ventajas de las l\u00e1minas para tejados PPGI\/PPGL<\/strong><\/p>\r\n\r\n\r\n\r\n<ol class=\"wp-block-list\">\r\n<li>Larga vida \u00fatil<\/li>\r\n\r\n\r\n\r\n<li>Reducci\u00f3n del ruido y aislamiento t\u00e9rmico<\/li>\r\n\r\n\r\n\r\n<li>Bajo coste de instalaci\u00f3n<\/li>\r\n\r\n\r\n\r\n<li>Aspecto hermoso<\/li>\r\n\r\n\r\n\r\n<li>Buen rendimiento del drenaje<\/li>\r\n\r\n\r\n\r\n<li>Excelentes prestaciones de seguridad<\/li>\r\n<\/ol>\r\n\r\n\r\n\r\n<h3 class=\"wp-block-heading\"><strong>Acerca del embalaje y la carga<\/strong><\/h3>\r\n<p><img decoding=\"async\" class=\"wp-image-571 alignnone\" src=\"http:\/\/cnsinometal.com\/wp-content\/uploads\/2025\/02\/\u5fae\u4fe1\u56fe\u7247_202405101127491-300x225.jpg\" alt=\"\" width=\"600\" height=\"450\" srcset=\"https:\/\/cnsinometal.com\/wp-content\/uploads\/2025\/02\/\u5fae\u4fe1\u56fe\u7247_202405101127491-300x225.jpg 300w, https:\/\/cnsinometal.com\/wp-content\/uploads\/2025\/02\/\u5fae\u4fe1\u56fe\u7247_202405101127491-800x600.jpg 800w, https:\/\/cnsinometal.com\/wp-content\/uploads\/2025\/02\/\u5fae\u4fe1\u56fe\u7247_202405101127491-1024x768.jpg 1024w, https:\/\/cnsinometal.com\/wp-content\/uploads\/2025\/02\/\u5fae\u4fe1\u56fe\u7247_202405101127491-768x576.jpg 768w, https:\/\/cnsinometal.com\/wp-content\/uploads\/2025\/02\/\u5fae\u4fe1\u56fe\u7247_202405101127491-1536x1152.jpg 1536w, https:\/\/cnsinometal.com\/wp-content\/uploads\/2025\/02\/\u5fae\u4fe1\u56fe\u7247_202405101127491-2048x1536.jpg 2048w, https:\/\/cnsinometal.com\/wp-content\/uploads\/2025\/02\/\u5fae\u4fe1\u56fe\u7247_202405101127491-16x12.jpg 16w\" sizes=\"(max-width: 600px) 100vw, 600px\" \/><br \/><img decoding=\"async\" class=\"wp-image-575 alignnone\" src=\"http:\/\/cnsinometal.com\/wp-content\/uploads\/2025\/02\/\u5fae\u4fe1\u56fe\u7247_202405101128011-1-300x225.jpg\" alt=\"\" width=\"600\" height=\"450\" srcset=\"https:\/\/cnsinometal.com\/wp-content\/uploads\/2025\/02\/\u5fae\u4fe1\u56fe\u7247_202405101128011-1-300x225.jpg 300w, https:\/\/cnsinometal.com\/wp-content\/uploads\/2025\/02\/\u5fae\u4fe1\u56fe\u7247_202405101128011-1-800x600.jpg 800w, https:\/\/cnsinometal.com\/wp-content\/uploads\/2025\/02\/\u5fae\u4fe1\u56fe\u7247_202405101128011-1-1024x768.jpg 1024w, https:\/\/cnsinometal.com\/wp-content\/uploads\/2025\/02\/\u5fae\u4fe1\u56fe\u7247_202405101128011-1-768x576.jpg 768w, https:\/\/cnsinometal.com\/wp-content\/uploads\/2025\/02\/\u5fae\u4fe1\u56fe\u7247_202405101128011-1-1536x1152.jpg 1536w, https:\/\/cnsinometal.com\/wp-content\/uploads\/2025\/02\/\u5fae\u4fe1\u56fe\u7247_202405101128011-1-2048x1536.jpg 2048w, https:\/\/cnsinometal.com\/wp-content\/uploads\/2025\/02\/\u5fae\u4fe1\u56fe\u7247_202405101128011-1-16x12.jpg 16w\" sizes=\"(max-width: 600px) 100vw, 600px\" \/><img loading=\"lazy\" decoding=\"async\" class=\"wp-image-576 alignleft\" src=\"http:\/\/cnsinometal.com\/wp-content\/uploads\/2025\/02\/\u5fae\u4fe1\u56fe\u7247_202405101127581-300x225.jpg\" alt=\"\" width=\"600\" height=\"450\" srcset=\"https:\/\/cnsinometal.com\/wp-content\/uploads\/2025\/02\/\u5fae\u4fe1\u56fe\u7247_202405101127581-300x225.jpg 300w, https:\/\/cnsinometal.com\/wp-content\/uploads\/2025\/02\/\u5fae\u4fe1\u56fe\u7247_202405101127581-800x600.jpg 800w, https:\/\/cnsinometal.com\/wp-content\/uploads\/2025\/02\/\u5fae\u4fe1\u56fe\u7247_202405101127581-1024x768.jpg 1024w, https:\/\/cnsinometal.com\/wp-content\/uploads\/2025\/02\/\u5fae\u4fe1\u56fe\u7247_202405101127581-768x576.jpg 768w, https:\/\/cnsinometal.com\/wp-content\/uploads\/2025\/02\/\u5fae\u4fe1\u56fe\u7247_202405101127581-1536x1152.jpg 1536w\" sizes=\"(max-width: 600px) 100vw, 600px\" \/><img loading=\"lazy\" decoding=\"async\" class=\"wp-image-577 alignleft\" src=\"http:\/\/cnsinometal.com\/wp-content\/uploads\/2025\/02\/\u5fae\u4fe1\u56fe\u7247_202412031129001-300x225.jpg\" alt=\"\" width=\"600\" height=\"450\" srcset=\"https:\/\/cnsinometal.com\/wp-content\/uploads\/2025\/02\/\u5fae\u4fe1\u56fe\u7247_202412031129001-300x225.jpg 300w, https:\/\/cnsinometal.com\/wp-content\/uploads\/2025\/02\/\u5fae\u4fe1\u56fe\u7247_202412031129001-800x600.jpg 800w, https:\/\/cnsinometal.com\/wp-content\/uploads\/2025\/02\/\u5fae\u4fe1\u56fe\u7247_202412031129001-1024x768.jpg 1024w, https:\/\/cnsinometal.com\/wp-content\/uploads\/2025\/02\/\u5fae\u4fe1\u56fe\u7247_202412031129001-768x576.jpg 768w, https:\/\/cnsinometal.com\/wp-content\/uploads\/2025\/02\/\u5fae\u4fe1\u56fe\u7247_202412031129001-1536x1152.jpg 1536w, https:\/\/cnsinometal.com\/wp-content\/uploads\/2025\/02\/\u5fae\u4fe1\u56fe\u7247_202412031129001-2048x1536.jpg 2048w, https:\/\/cnsinometal.com\/wp-content\/uploads\/2025\/02\/\u5fae\u4fe1\u56fe\u7247_202412031129001-16x12.jpg 16w\" sizes=\"(max-width: 600px) 100vw, 600px\" \/><\/p>","protected":false},"excerpt":{"rendered":"<p class=\"MsoNormal\"><span style=\"mso-spacerun: 'yes'; font-family: \u5b8b\u4f53; mso-ascii-font-family: Arial; mso-hansi-font-family: Arial; mso-bidi-font-family: Arial; font-size: 14.0000pt; mso-font-kerning: 1.0000pt;\"><span style=\"font-family: Arial;\">Espesor: 0,20 mm-0,8 mm<\/span><\/span><\/p>\n<p class=\"MsoNormal\"><span style=\"mso-spacerun: 'yes'; font-family: \u5b8b\u4f53; mso-ascii-font-family: Arial; mso-hansi-font-family: Arial; mso-bidi-font-family: Arial; font-size: 14.0000pt; mso-font-kerning: 1.0000pt;\"><span style=\"font-family: Arial;\">Anchura:600mm-1250mm<\/span><\/span><\/p>\n<p class=\"MsoNormal\"><span style=\"mso-spacerun: 'yes'; font-family: \u5b8b\u4f53; mso-ascii-font-family: Arial; mso-hansi-font-family: Arial; mso-bidi-font-family: Arial; font-size: 14.0000pt; mso-font-kerning: 1.0000pt;\"><span style=\"font-family: Arial;\">Dise\u00f1o:Onda, Trapezoide, Teja, etc.<\/span><\/span><\/p>\n<p class=\"MsoNormal\"><span style=\"mso-spacerun: 'yes'; font-family: \u5b8b\u4f53; mso-ascii-font-family: Arial; mso-hansi-font-family: Arial; mso-bidi-font-family: Arial; font-size: 14.0000pt; mso-font-kerning: 1.0000pt;\"><span style=\"font-family: Arial;\">Color: Arrugado\u00a0<\/span><\/span><\/p>","protected":false},"featured_media":476,"comment_status":"open","ping_status":"closed","template":"","meta":{"_kadence_starter_templates_imported_post":false,"_kad_post_transparent":"default","_kad_post_title":"","_kad_post_layout":"default","_kad_post_sidebar_id":"","_kad_post_content_style":"default","_kad_post_vertical_padding":"default","_kad_post_feature":"","_kad_post_feature_position":"","_kad_post_header":false,"_kad_post_footer":false},"product_brand":[],"product_cat":[32,22],"product_tag":[],"class_list":{"0":"post-603","1":"product","2":"type-product","3":"status-publish","4":"has-post-thumbnail","6":"product_cat-roofing-sheet","7":"product_cat-uncategorized","9":"first","10":"instock","11":"shipping-taxable","12":"product-type-simple","13":"entry","14":"content-bg","15":"loop-entry"},"jetpack_sharing_enabled":true,"_links":{"self":[{"href":"https:\/\/cnsinometal.com\/es\/wp-json\/wp\/v2\/product\/603","targetHints":{"allow":["GET"]}}],"collection":[{"href":"https:\/\/cnsinometal.com\/es\/wp-json\/wp\/v2\/product"}],"about":[{"href":"https:\/\/cnsinometal.com\/es\/wp-json\/wp\/v2\/types\/product"}],"replies":[{"embeddable":true,"href":"https:\/\/cnsinometal.com\/es\/wp-json\/wp\/v2\/comments?post=603"}],"wp:featuredmedia":[{"embeddable":true,"href":"https:\/\/cnsinometal.com\/es\/wp-json\/wp\/v2\/media\/476"}],"wp:attachment":[{"href":"https:\/\/cnsinometal.com\/es\/wp-json\/wp\/v2\/media?parent=603"}],"wp:term":[{"taxonomy":"product_brand","embeddable":true,"href":"https:\/\/cnsinometal.com\/es\/wp-json\/wp\/v2\/product_brand?post=603"},{"taxonomy":"product_cat","embeddable":true,"href":"https:\/\/cnsinometal.com\/es\/wp-json\/wp\/v2\/product_cat?post=603"},{"taxonomy":"product_tag","embeddable":true,"href":"https:\/\/cnsinometal.com\/es\/wp-json\/wp\/v2\/product_tag?post=603"}],"curies":[{"name":"wp","href":"https:\/\/api.w.org\/{rel}","templated":true}]}}