{"id":563,"date":"2025-02-12T13:53:55","date_gmt":"2025-02-12T05:53:55","guid":{"rendered":"http:\/\/cnsinometal.com\/?post_type=product&#038;p=563"},"modified":"2025-08-19T16:00:22","modified_gmt":"2025-08-19T08:00:22","slug":"ppgi-ppgl-roofing-sheet","status":"publish","type":"product","link":"https:\/\/cnsinometal.com\/es\/producto\/ppgi-ppgl-roofing-sheet\/","title":{"rendered":"L\u00e1minas para tejados PPGI\/PPGL"},"content":{"rendered":"<h3>Chapa de acero prelacado<\/h3>\n<table style=\"border-collapse: collapse; width: 516.02pt;\" border=\"0\" width=\"688\" cellspacing=\"0\" cellpadding=\"0\">\n<tbody>\n<tr style=\"height: 18.75pt;\">\n<td class=\"et2\" style=\"height: 18.75pt; width: 108.00pt;\" width=\"144\" height=\"25\">Art\u00edculo<\/td>\n<td class=\"et2\" style=\"width: 408.00pt;\" width=\"544\">Chapa de acero prelacada<\/td>\n<\/tr>\n<tr style=\"height: 18.75pt;\">\n<td class=\"et3\" style=\"height: 18.75pt;\" height=\"25\">Sustrato<\/td>\n<td class=\"et3\">PPGI\/PPGL<\/td>\n<\/tr>\n<tr style=\"height: 18.75pt;\">\n<td class=\"et3\" style=\"height: 18.75pt;\" height=\"25\">Espesor<\/td>\n<td class=\"et3\">0,16 mm-1,2 mm<\/td>\n<\/tr>\n<tr style=\"height: 18.75pt;\">\n<td class=\"et3\" style=\"height: 18.75pt;\" height=\"25\">Anchura<\/td>\n<td class=\"et3\">600mm-1250mm<\/td>\n<\/tr>\n<tr style=\"height: 18.75pt;\">\n<td class=\"et3\" style=\"height: 18.75pt;\" height=\"25\">Longitud<\/td>\n<td class=\"et3\">Seg\u00fan sus necesidades<\/td>\n<\/tr>\n<tr style=\"height: 18.75pt;\">\n<td class=\"et3\" style=\"height: 18.75pt;\" height=\"25\">Tipos de pintura<\/td>\n<td class=\"et3\">PE,SMP,HDP,PVDF<\/td>\n<\/tr>\n<tr style=\"height: 18.75pt;\">\n<td class=\"et3\" style=\"height: 18.75pt;\" height=\"25\">Color<\/td>\n<td class=\"et3\">Color del sistema RAL<\/td>\n<\/tr>\n<tr style=\"height: 18.75pt;\">\n<td class=\"et3\" style=\"height: 18.75pt;\" height=\"25\">Paquete<\/td>\n<td class=\"et3\">Paquete de exportaci\u00f3n est\u00e1ndar o seg\u00fan sus necesidades<\/td>\n<\/tr>\n<\/tbody>\n<\/table>\n<p>Shandong Sino Metal Co., Ltd es una empresa integrada l\u00edder de procesamiento y comercio en China, nos centramos en la producci\u00f3n y venta de bobinas de acero recubiertas de color. La calidad superior hace que nuestros productos obtengan el amplio reconocimiento de los clientes.<\/p>\n<p>\u00bfBusca fabricantes de chapas para tejados en China? P\u00f3ngase en contacto con <span style=\"color: #ff0000;\"><strong>Shandong Sino Metal<\/strong><\/span>\u00a0hoy mismo y potencie su marca con nuestras l\u00e1minas para tejados<\/p>\n<h3><strong><b>Acerca de <\/b><\/strong>Chapa de acero prelacado<\/h3>\n<p>Las chapas para tejados ofrecen belleza y durabilidad para satisfacer todas sus necesidades agr\u00edcolas, residenciales y comerciales. Como proveedor mayorista y fabricante en China, Shandong Sino Metal dispone de una f\u00e1brica para suministrar l\u00e1minas para tejados con diferentes dise\u00f1os y tama\u00f1os. Adem\u00e1s, los colores y patrones son personalizables.<\/p>\n<h3>L\u00ednea de producci\u00f3n<\/h3>\n<p><img fetchpriority=\"high\" decoding=\"async\" class=\"alignnone wp-image-592 size-full\" src=\"http:\/\/cnsinometal.com\/wp-content\/uploads\/2025\/02\/\u672a\u6807\u9898-8_02.jpg\" alt=\"\" width=\"1200\" height=\"956\" srcset=\"https:\/\/cnsinometal.com\/wp-content\/uploads\/2025\/02\/\u672a\u6807\u9898-8_02.jpg 1200w, https:\/\/cnsinometal.com\/wp-content\/uploads\/2025\/02\/\u672a\u6807\u9898-8_02-800x637.jpg 800w, https:\/\/cnsinometal.com\/wp-content\/uploads\/2025\/02\/\u672a\u6807\u9898-8_02-300x239.jpg 300w, https:\/\/cnsinometal.com\/wp-content\/uploads\/2025\/02\/\u672a\u6807\u9898-8_02-1024x816.jpg 1024w, https:\/\/cnsinometal.com\/wp-content\/uploads\/2025\/02\/\u672a\u6807\u9898-8_02-768x612.jpg 768w, https:\/\/cnsinometal.com\/wp-content\/uploads\/2025\/02\/\u672a\u6807\u9898-8_02-15x12.jpg 15w\" sizes=\"(max-width: 1200px) 100vw, 1200px\" \/><\/p>\n<h3><strong><b>\u00a0 <\/b><\/strong><strong><b>Aplicaci\u00f3n de las l\u00e1minas para tejados PPGI\/PPGL<\/b><\/strong><\/h3>\n<ol>\n<li>Las aplicaciones agr\u00edcolas incluyen, entre otras, invernaderos, gallineros, establos, pajares y graneros.<\/li>\n<li>Las aplicaciones residenciales incluyen casas, casas improvisadas, apartamentos, torres, garajes, cobertizos de almacenamiento, etc.<\/li>\n<li>Aplicaciones comerciales, por ejemplo, f\u00e1bricas, almacenes, plantas de fabricaci\u00f3n, grandes almacenes, edificios de oficinas, etc.<\/li>\n<li>Edificios p\u00fablicos, como cines, salas de exposiciones, gimnasios, edificios terminales, escuelas y hospitales.<\/li>\n<\/ol>\n<h3><strong><b>\u00a0<\/b><\/strong><strong><b>Ventajas de las l\u00e1minas para tejados PPGI\/PPGL<\/b><\/strong><\/h3>\n<p>1. Larga vida \u00fatil<\/p>\n<p>2. Reducci\u00f3n del ruido y aislamiento t\u00e9rmico<\/p>\n<p>3. Bajo coste de instalaci\u00f3n<\/p>\n<p>4. Apariencia bella<\/p>\n<p>5. Buen rendimiento del drenaje<\/p>\n<p>6. Excelentes prestaciones de seguridad<\/p>\n<h3><\/h3>\n<h3><\/h3>\n<h3><\/h3>\n<h3><\/h3>\n<h3><\/h3>\n<h3><\/h3>\n<h3><\/h3>\n<h3><\/h3>\n<h3><strong><b>Embalaje<\/b><\/strong><\/h3>\n<h3><b> <\/b><img decoding=\"async\" class=\"wp-image-571 alignleft\" src=\"http:\/\/cnsinometal.com\/wp-content\/uploads\/2025\/02\/\u5fae\u4fe1\u56fe\u7247_202405101127491-1024x768.jpg\" alt=\"\" width=\"350\" height=\"263\" srcset=\"https:\/\/cnsinometal.com\/wp-content\/uploads\/2025\/02\/\u5fae\u4fe1\u56fe\u7247_202405101127491-1024x768.jpg 1024w, https:\/\/cnsinometal.com\/wp-content\/uploads\/2025\/02\/\u5fae\u4fe1\u56fe\u7247_202405101127491-800x600.jpg 800w, https:\/\/cnsinometal.com\/wp-content\/uploads\/2025\/02\/\u5fae\u4fe1\u56fe\u7247_202405101127491-300x225.jpg 300w, https:\/\/cnsinometal.com\/wp-content\/uploads\/2025\/02\/\u5fae\u4fe1\u56fe\u7247_202405101127491-768x576.jpg 768w, https:\/\/cnsinometal.com\/wp-content\/uploads\/2025\/02\/\u5fae\u4fe1\u56fe\u7247_202405101127491-1536x1152.jpg 1536w, https:\/\/cnsinometal.com\/wp-content\/uploads\/2025\/02\/\u5fae\u4fe1\u56fe\u7247_202405101127491-2048x1536.jpg 2048w, https:\/\/cnsinometal.com\/wp-content\/uploads\/2025\/02\/\u5fae\u4fe1\u56fe\u7247_202405101127491-16x12.jpg 16w\" sizes=\"(max-width: 350px) 100vw, 350px\" \/> <img decoding=\"async\" class=\"wp-image-575 alignleft\" src=\"http:\/\/cnsinometal.com\/wp-content\/uploads\/2025\/02\/\u5fae\u4fe1\u56fe\u7247_202405101128011-1-1024x768.jpg\" alt=\"\" width=\"350\" height=\"263\" srcset=\"https:\/\/cnsinometal.com\/wp-content\/uploads\/2025\/02\/\u5fae\u4fe1\u56fe\u7247_202405101128011-1-1024x768.jpg 1024w, https:\/\/cnsinometal.com\/wp-content\/uploads\/2025\/02\/\u5fae\u4fe1\u56fe\u7247_202405101128011-1-800x600.jpg 800w, https:\/\/cnsinometal.com\/wp-content\/uploads\/2025\/02\/\u5fae\u4fe1\u56fe\u7247_202405101128011-1-300x225.jpg 300w, https:\/\/cnsinometal.com\/wp-content\/uploads\/2025\/02\/\u5fae\u4fe1\u56fe\u7247_202405101128011-1-768x576.jpg 768w, https:\/\/cnsinometal.com\/wp-content\/uploads\/2025\/02\/\u5fae\u4fe1\u56fe\u7247_202405101128011-1-1536x1152.jpg 1536w, https:\/\/cnsinometal.com\/wp-content\/uploads\/2025\/02\/\u5fae\u4fe1\u56fe\u7247_202405101128011-1-2048x1536.jpg 2048w, https:\/\/cnsinometal.com\/wp-content\/uploads\/2025\/02\/\u5fae\u4fe1\u56fe\u7247_202405101128011-1-16x12.jpg 16w\" sizes=\"(max-width: 350px) 100vw, 350px\" \/><img loading=\"lazy\" decoding=\"async\" class=\"alignleft wp-image-577\" src=\"http:\/\/cnsinometal.com\/wp-content\/uploads\/2025\/02\/\u5fae\u4fe1\u56fe\u7247_202412031129001-1024x768.jpg\" alt=\"\" width=\"350\" height=\"263\" srcset=\"https:\/\/cnsinometal.com\/wp-content\/uploads\/2025\/02\/\u5fae\u4fe1\u56fe\u7247_202412031129001-1024x768.jpg 1024w, https:\/\/cnsinometal.com\/wp-content\/uploads\/2025\/02\/\u5fae\u4fe1\u56fe\u7247_202412031129001-800x600.jpg 800w, https:\/\/cnsinometal.com\/wp-content\/uploads\/2025\/02\/\u5fae\u4fe1\u56fe\u7247_202412031129001-300x225.jpg 300w, https:\/\/cnsinometal.com\/wp-content\/uploads\/2025\/02\/\u5fae\u4fe1\u56fe\u7247_202412031129001-768x576.jpg 768w, https:\/\/cnsinometal.com\/wp-content\/uploads\/2025\/02\/\u5fae\u4fe1\u56fe\u7247_202412031129001-1536x1152.jpg 1536w, https:\/\/cnsinometal.com\/wp-content\/uploads\/2025\/02\/\u5fae\u4fe1\u56fe\u7247_202412031129001-2048x1536.jpg 2048w, https:\/\/cnsinometal.com\/wp-content\/uploads\/2025\/02\/\u5fae\u4fe1\u56fe\u7247_202412031129001-16x12.jpg 16w\" sizes=\"(max-width: 350px) 100vw, 350px\" \/><\/h3>","protected":false},"excerpt":{"rendered":"<p>Espesor: 0,20 mm-0,8 mm<\/p>\n<p>Anchura:600mm-1250mm<\/p>\n<p>Dise\u00f1o:Onda, Trapezoide, Teja, etc.<\/p>\n<p>Color: color del sistema RAL<\/p>","protected":false},"featured_media":674,"comment_status":"open","ping_status":"closed","template":"","meta":{"_kadence_starter_templates_imported_post":false,"_kad_post_transparent":"default","_kad_post_title":"","_kad_post_layout":"default","_kad_post_sidebar_id":"","_kad_post_content_style":"default","_kad_post_vertical_padding":"default","_kad_post_feature":"","_kad_post_feature_position":"","_kad_post_header":false,"_kad_post_footer":false},"product_brand":[],"product_cat":[32],"product_tag":[],"class_list":{"0":"post-563","1":"product","2":"type-product","3":"status-publish","4":"has-post-thumbnail","6":"product_cat-roofing-sheet","8":"first","9":"instock","10":"shipping-taxable","11":"product-type-simple","12":"entry","13":"content-bg","14":"loop-entry"},"jetpack_sharing_enabled":true,"_links":{"self":[{"href":"https:\/\/cnsinometal.com\/es\/wp-json\/wp\/v2\/product\/563","targetHints":{"allow":["GET"]}}],"collection":[{"href":"https:\/\/cnsinometal.com\/es\/wp-json\/wp\/v2\/product"}],"about":[{"href":"https:\/\/cnsinometal.com\/es\/wp-json\/wp\/v2\/types\/product"}],"replies":[{"embeddable":true,"href":"https:\/\/cnsinometal.com\/es\/wp-json\/wp\/v2\/comments?post=563"}],"wp:featuredmedia":[{"embeddable":true,"href":"https:\/\/cnsinometal.com\/es\/wp-json\/wp\/v2\/media\/674"}],"wp:attachment":[{"href":"https:\/\/cnsinometal.com\/es\/wp-json\/wp\/v2\/media?parent=563"}],"wp:term":[{"taxonomy":"product_brand","embeddable":true,"href":"https:\/\/cnsinometal.com\/es\/wp-json\/wp\/v2\/product_brand?post=563"},{"taxonomy":"product_cat","embeddable":true,"href":"https:\/\/cnsinometal.com\/es\/wp-json\/wp\/v2\/product_cat?post=563"},{"taxonomy":"product_tag","embeddable":true,"href":"https:\/\/cnsinometal.com\/es\/wp-json\/wp\/v2\/product_tag?post=563"}],"curies":[{"name":"wp","href":"https:\/\/api.w.org\/{rel}","templated":true}]}}