{"id":556,"date":"2025-02-12T09:43:03","date_gmt":"2025-02-12T01:43:03","guid":{"rendered":"http:\/\/cnsinometal.com\/?post_type=product&#038;p=556"},"modified":"2025-02-12T11:06:46","modified_gmt":"2025-02-12T03:06:46","slug":"ral-8017-ppgi-coil","status":"publish","type":"product","link":"https:\/\/cnsinometal.com\/es\/producto\/ral-8017-ppgi-coil\/","title":{"rendered":"Bobina PPGI RAL 8017"},"content":{"rendered":"<h3><strong>Bobina de acero galvanizado prelacado<\/strong><\/h3>\n<table style=\"border-collapse: collapse; width: 516.02pt;\" border=\"0\" width=\"688\" cellspacing=\"0\" cellpadding=\"0\">\n<tbody>\n<tr style=\"height: 25.00pt;\">\n<td class=\"et2\" style=\"height: 25.00pt; width: 108.00pt;\" width=\"144\" height=\"33\">Art\u00edculo<\/td>\n<td class=\"et2\" style=\"width: 408.00pt;\" width=\"544\">Bobina PPGI<\/td>\n<\/tr>\n<tr style=\"height: 25.00pt;\">\n<td class=\"et3\" style=\"height: 25.00pt;\" height=\"33\">Sustrato<\/td>\n<td class=\"et3\">Acero galvanizado<\/td>\n<\/tr>\n<tr style=\"height: 25.00pt;\">\n<td class=\"et3\" style=\"height: 25.00pt;\" height=\"33\">Grado<\/td>\n<td class=\"et3\">DX51\/52\/53\/54D+Z<span class=\"font3\">\uff0c<\/span><span class=\"font2\">S280GD+Z,S350GD+Z,S550GD+Z,SECC,etc.<\/span><\/td>\n<\/tr>\n<tr style=\"height: 25.00pt;\">\n<td class=\"et3\" style=\"height: 25.00pt;\" height=\"33\">Espesor<\/td>\n<td class=\"et3\">0,16 mm-1,2 mm<\/td>\n<\/tr>\n<tr style=\"height: 25.00pt;\">\n<td class=\"et3\" style=\"height: 25.00pt;\" height=\"33\">Anchura<\/td>\n<td class=\"et3\">50 mm-1500 mm<\/td>\n<\/tr>\n<tr style=\"height: 25.00pt;\">\n<td class=\"et3\" style=\"height: 25.00pt;\" height=\"33\">Tipos de pintura<\/td>\n<td class=\"et3\">PE,SMP,HDP,PVDF<\/td>\n<\/tr>\n<tr style=\"height: 25.00pt;\">\n<td class=\"et3\" style=\"height: 25.00pt;\" height=\"33\">Color<\/td>\n<td class=\"et3\">Color del sistema RAL<\/td>\n<\/tr>\n<tr style=\"height: 25.00pt;\">\n<td class=\"et3\" style=\"height: 25.00pt;\" height=\"33\">Di\u00e1metro interior<\/td>\n<td class=\"et3\">508 mm o 610 mm<\/td>\n<\/tr>\n<tr style=\"height: 25.00pt;\">\n<td class=\"et3\" style=\"height: 25.00pt;\" height=\"33\">Paquete<\/td>\n<td class=\"et3\">Paquete de exportaci\u00f3n est\u00e1ndar o seg\u00fan sus necesidades<\/td>\n<\/tr>\n<\/tbody>\n<\/table>\n<p>&nbsp;<\/p>\n<p>Shandong Sino Metal Co., Ltd es una empresa integrada l\u00edder de procesamiento y comercio en China, nos centramos en la producci\u00f3n y venta de bobinas de acero recubiertas de color. La calidad superior hace que nuestros productos obtengan el amplio reconocimiento de los clientes.<\/p>\n<p>\u00bfBusca fabricantes de bobinas de acero galvanizado prepintado en China? P\u00f3ngase en contacto con <strong><span style=\"color: #ff0000;\">Shandong Sino Metal<\/span><\/strong>\u00a0hoy mismo y potencie su marca con nuestras bobinas de acero galvanizado prelacado.<\/p>\n<h4><strong><b>\u00bfQu\u00e9 son las bobinas de acero galvanizado prelacado? <\/b><\/strong><\/h4>\n<p><strong><b>\u00a0<\/b><\/strong>Utiliza bobinas de acero galvanizado como material de base. Las bobinas de acero galvanizado se limpian primero y se someten a un tratamiento previo para eliminar el aceite y el polvo de la superficie. A continuaci\u00f3n, el material base preparado se recubre con un revestimiento org\u00e1nico, como PE, SMP, HDP, PVDF, etc.<\/p>\n<h4><strong><b>Aplicaci\u00f3n de las bobinas de acero galvanizado prelacado<\/b><\/strong><\/h4>\n<ol>\n<li><a href=\"https:\/\/wzppgi.com\/ppgi-roofing-sheet\/\">Tejados<\/a>paneles de pared y techos<\/li>\n<li>Ventanas y puertas<\/li>\n<li>Paneles de electrodom\u00e9sticos<\/li>\n<li>Muebles<\/li>\n<li>Industria del autom\u00f3vil<\/li>\n<li>Otros, como las se\u00f1ales de tr\u00e1fico, las pizarras blancas, etc.<\/li>\n<\/ol>\n<h4><strong>Estructura del revestimiento de color<\/strong><\/h4>\n<p><img fetchpriority=\"high\" decoding=\"async\" class=\"alignnone size-large wp-image-530\" src=\"http:\/\/cnsinometal.com\/wp-content\/uploads\/2025\/02\/506ee12f01080a9cbbe2eab04d6a6c9-2-1024x725.jpg\" alt=\"\" width=\"1024\" height=\"725\" srcset=\"https:\/\/cnsinometal.com\/wp-content\/uploads\/2025\/02\/506ee12f01080a9cbbe2eab04d6a6c9-2-1024x725.jpg 1024w, https:\/\/cnsinometal.com\/wp-content\/uploads\/2025\/02\/506ee12f01080a9cbbe2eab04d6a6c9-2-scaled-800x567.jpg 800w, https:\/\/cnsinometal.com\/wp-content\/uploads\/2025\/02\/506ee12f01080a9cbbe2eab04d6a6c9-2-300x212.jpg 300w, https:\/\/cnsinometal.com\/wp-content\/uploads\/2025\/02\/506ee12f01080a9cbbe2eab04d6a6c9-2-768x544.jpg 768w\" sizes=\"(max-width: 1024px) 100vw, 1024px\" \/><\/p>\n<h4><strong>L\u00ednea de producci\u00f3n de revestimiento de color<br \/>\n<\/strong><\/h4>\n<p><img decoding=\"async\" class=\"wp-image-557 alignleft\" src=\"http:\/\/cnsinometal.com\/wp-content\/uploads\/2025\/02\/777-1-768x1024.jpg\" alt=\"\" width=\"375\" height=\"500\" srcset=\"https:\/\/cnsinometal.com\/wp-content\/uploads\/2025\/02\/777-1-768x1024.jpg 768w, https:\/\/cnsinometal.com\/wp-content\/uploads\/2025\/02\/777-1-800x1067.jpg 800w, https:\/\/cnsinometal.com\/wp-content\/uploads\/2025\/02\/777-1-225x300.jpg 225w, https:\/\/cnsinometal.com\/wp-content\/uploads\/2025\/02\/777-1-1152x1536.jpg 1152w, https:\/\/cnsinometal.com\/wp-content\/uploads\/2025\/02\/777-1-9x12.jpg 9w, https:\/\/cnsinometal.com\/wp-content\/uploads\/2025\/02\/777-1.jpg 1410w\" sizes=\"(max-width: 375px) 100vw, 375px\" \/><img decoding=\"async\" class=\"wp-image-544 alignleft\" src=\"http:\/\/cnsinometal.com\/wp-content\/uploads\/2025\/02\/111-768x1024.jpg\" alt=\"\" width=\"375\" height=\"500\" srcset=\"https:\/\/cnsinometal.com\/wp-content\/uploads\/2025\/02\/111-768x1024.jpg 768w, https:\/\/cnsinometal.com\/wp-content\/uploads\/2025\/02\/111-800x1067.jpg 800w, https:\/\/cnsinometal.com\/wp-content\/uploads\/2025\/02\/111-225x300.jpg 225w, https:\/\/cnsinometal.com\/wp-content\/uploads\/2025\/02\/111-1152x1536.jpg 1152w, https:\/\/cnsinometal.com\/wp-content\/uploads\/2025\/02\/111-9x12.jpg 9w, https:\/\/cnsinometal.com\/wp-content\/uploads\/2025\/02\/111.jpg 1440w\" sizes=\"(max-width: 375px) 100vw, 375px\" \/><img loading=\"lazy\" decoding=\"async\" class=\"wp-image-545 alignleft\" src=\"http:\/\/cnsinometal.com\/wp-content\/uploads\/2025\/02\/222-768x1024.jpg\" alt=\"\" width=\"375\" height=\"500\" srcset=\"https:\/\/cnsinometal.com\/wp-content\/uploads\/2025\/02\/222-768x1024.jpg 768w, https:\/\/cnsinometal.com\/wp-content\/uploads\/2025\/02\/222-800x1067.jpg 800w, https:\/\/cnsinometal.com\/wp-content\/uploads\/2025\/02\/222-225x300.jpg 225w, https:\/\/cnsinometal.com\/wp-content\/uploads\/2025\/02\/222-1152x1536.jpg 1152w, https:\/\/cnsinometal.com\/wp-content\/uploads\/2025\/02\/222-9x12.jpg 9w, https:\/\/cnsinometal.com\/wp-content\/uploads\/2025\/02\/222.jpg 1440w\" sizes=\"(max-width: 375px) 100vw, 375px\" \/><img loading=\"lazy\" decoding=\"async\" class=\"wp-image-546 alignleft\" src=\"http:\/\/cnsinometal.com\/wp-content\/uploads\/2025\/02\/333-768x1024.jpg\" alt=\"\" width=\"375\" height=\"500\" srcset=\"https:\/\/cnsinometal.com\/wp-content\/uploads\/2025\/02\/333-768x1024.jpg 768w, https:\/\/cnsinometal.com\/wp-content\/uploads\/2025\/02\/333-800x1067.jpg 800w, https:\/\/cnsinometal.com\/wp-content\/uploads\/2025\/02\/333-225x300.jpg 225w, https:\/\/cnsinometal.com\/wp-content\/uploads\/2025\/02\/333-1152x1536.jpg 1152w, https:\/\/cnsinometal.com\/wp-content\/uploads\/2025\/02\/333-9x12.jpg 9w, https:\/\/cnsinometal.com\/wp-content\/uploads\/2025\/02\/333.jpg 1422w\" sizes=\"(max-width: 375px) 100vw, 375px\" \/><img loading=\"lazy\" decoding=\"async\" class=\"wp-image-547 alignleft\" src=\"http:\/\/cnsinometal.com\/wp-content\/uploads\/2025\/02\/444-768x1024.jpg\" alt=\"\" width=\"375\" height=\"500\" srcset=\"https:\/\/cnsinometal.com\/wp-content\/uploads\/2025\/02\/444-768x1024.jpg 768w, https:\/\/cnsinometal.com\/wp-content\/uploads\/2025\/02\/444-800x1067.jpg 800w, https:\/\/cnsinometal.com\/wp-content\/uploads\/2025\/02\/444-225x300.jpg 225w, https:\/\/cnsinometal.com\/wp-content\/uploads\/2025\/02\/444-1152x1536.jpg 1152w, https:\/\/cnsinometal.com\/wp-content\/uploads\/2025\/02\/444-9x12.jpg 9w, https:\/\/cnsinometal.com\/wp-content\/uploads\/2025\/02\/444.jpg 1440w\" sizes=\"(max-width: 375px) 100vw, 375px\" \/><img loading=\"lazy\" decoding=\"async\" class=\"wp-image-548 alignnone\" src=\"http:\/\/cnsinometal.com\/wp-content\/uploads\/2025\/02\/555-768x1024.jpg\" alt=\"\" width=\"375\" height=\"500\" srcset=\"https:\/\/cnsinometal.com\/wp-content\/uploads\/2025\/02\/555-768x1024.jpg 768w, https:\/\/cnsinometal.com\/wp-content\/uploads\/2025\/02\/555-800x1067.jpg 800w, https:\/\/cnsinometal.com\/wp-content\/uploads\/2025\/02\/555-225x300.jpg 225w, https:\/\/cnsinometal.com\/wp-content\/uploads\/2025\/02\/555-1152x1536.jpg 1152w, https:\/\/cnsinometal.com\/wp-content\/uploads\/2025\/02\/555-9x12.jpg 9w, https:\/\/cnsinometal.com\/wp-content\/uploads\/2025\/02\/555.jpg 1440w\" sizes=\"(max-width: 375px) 100vw, 375px\" \/><\/p>\n<h4><strong><b>Bobinas de acero galvanizado con revestimiento de color Caracter\u00edsticas<\/b><\/strong><\/h4>\n<ol>\n<li>Excelente resistencia a la corrosi\u00f3n<\/li>\n<li>Aspecto hermoso<\/li>\n<li>Buen rendimiento de procesamiento<\/li>\n<li>Peso ligero<\/li>\n<li>Varios colores y dise\u00f1os<\/li>\n<li>Soluci\u00f3n a medida<\/li>\n<\/ol>\n<h4><strong><b>Acerca del envasado<\/b><\/strong><\/h4>\n<ol>\n<li>Embalaje est\u00e1ndar apto para la exportaci\u00f3n<\/li>\n<li>Embalaje vertical o embalaje horizontal<\/li>\n<li><img loading=\"lazy\" decoding=\"async\" class=\"wp-image-549 alignleft\" src=\"http:\/\/cnsinometal.com\/wp-content\/uploads\/2025\/02\/fcf0c73d677579ed4ad0e6187af5d66-768x1024.jpg\" alt=\"\" width=\"375\" height=\"500\" srcset=\"https:\/\/cnsinometal.com\/wp-content\/uploads\/2025\/02\/fcf0c73d677579ed4ad0e6187af5d66-768x1024.jpg 768w, https:\/\/cnsinometal.com\/wp-content\/uploads\/2025\/02\/fcf0c73d677579ed4ad0e6187af5d66-800x1067.jpg 800w, https:\/\/cnsinometal.com\/wp-content\/uploads\/2025\/02\/fcf0c73d677579ed4ad0e6187af5d66-225x300.jpg 225w, https:\/\/cnsinometal.com\/wp-content\/uploads\/2025\/02\/fcf0c73d677579ed4ad0e6187af5d66-1152x1536.jpg 1152w, https:\/\/cnsinometal.com\/wp-content\/uploads\/2025\/02\/fcf0c73d677579ed4ad0e6187af5d66-9x12.jpg 9w, https:\/\/cnsinometal.com\/wp-content\/uploads\/2025\/02\/fcf0c73d677579ed4ad0e6187af5d66.jpg 1280w\" sizes=\"(max-width: 375px) 100vw, 375px\" \/> <img loading=\"lazy\" decoding=\"async\" class=\"wp-image-550 alignleft\" src=\"http:\/\/cnsinometal.com\/wp-content\/uploads\/2025\/02\/28d4bc4d06d1c77793f69724997cd85-768x1024.jpg\" alt=\"\" width=\"375\" height=\"500\" srcset=\"https:\/\/cnsinometal.com\/wp-content\/uploads\/2025\/02\/28d4bc4d06d1c77793f69724997cd85-768x1024.jpg 768w, https:\/\/cnsinometal.com\/wp-content\/uploads\/2025\/02\/28d4bc4d06d1c77793f69724997cd85-800x1067.jpg 800w, https:\/\/cnsinometal.com\/wp-content\/uploads\/2025\/02\/28d4bc4d06d1c77793f69724997cd85-225x300.jpg 225w, https:\/\/cnsinometal.com\/wp-content\/uploads\/2025\/02\/28d4bc4d06d1c77793f69724997cd85-1152x1536.jpg 1152w, https:\/\/cnsinometal.com\/wp-content\/uploads\/2025\/02\/28d4bc4d06d1c77793f69724997cd85-9x12.jpg 9w, https:\/\/cnsinometal.com\/wp-content\/uploads\/2025\/02\/28d4bc4d06d1c77793f69724997cd85.jpg 1280w\" sizes=\"(max-width: 375px) 100vw, 375px\" \/><img loading=\"lazy\" decoding=\"async\" class=\"wp-image-551 alignleft\" src=\"http:\/\/cnsinometal.com\/wp-content\/uploads\/2025\/02\/c11b9dbd0c3ed282156974105a36178-768x1024.jpg\" alt=\"\" width=\"375\" height=\"500\" srcset=\"https:\/\/cnsinometal.com\/wp-content\/uploads\/2025\/02\/c11b9dbd0c3ed282156974105a36178-768x1024.jpg 768w, https:\/\/cnsinometal.com\/wp-content\/uploads\/2025\/02\/c11b9dbd0c3ed282156974105a36178-800x1067.jpg 800w, https:\/\/cnsinometal.com\/wp-content\/uploads\/2025\/02\/c11b9dbd0c3ed282156974105a36178-225x300.jpg 225w, https:\/\/cnsinometal.com\/wp-content\/uploads\/2025\/02\/c11b9dbd0c3ed282156974105a36178-1152x1536.jpg 1152w, https:\/\/cnsinometal.com\/wp-content\/uploads\/2025\/02\/c11b9dbd0c3ed282156974105a36178-9x12.jpg 9w, https:\/\/cnsinometal.com\/wp-content\/uploads\/2025\/02\/c11b9dbd0c3ed282156974105a36178.jpg 1280w\" sizes=\"(max-width: 375px) 100vw, 375px\" \/><img loading=\"lazy\" decoding=\"async\" class=\"wp-image-553 alignleft\" src=\"http:\/\/cnsinometal.com\/wp-content\/uploads\/2025\/02\/75a7e608a1387e931d70be41034c6b2-768x1024.jpg\" alt=\"\" width=\"375\" height=\"500\" srcset=\"https:\/\/cnsinometal.com\/wp-content\/uploads\/2025\/02\/75a7e608a1387e931d70be41034c6b2-768x1024.jpg 768w, https:\/\/cnsinometal.com\/wp-content\/uploads\/2025\/02\/75a7e608a1387e931d70be41034c6b2-scaled-800x1067.jpg 800w, https:\/\/cnsinometal.com\/wp-content\/uploads\/2025\/02\/75a7e608a1387e931d70be41034c6b2-225x300.jpg 225w, https:\/\/cnsinometal.com\/wp-content\/uploads\/2025\/02\/75a7e608a1387e931d70be41034c6b2-scaled.jpg 1920w\" sizes=\"(max-width: 375px) 100vw, 375px\" \/><img loading=\"lazy\" decoding=\"async\" class=\"wp-image-560\" src=\"http:\/\/cnsinometal.com\/wp-content\/uploads\/2025\/02\/\u5fae\u4fe1\u56fe\u7247_20241203112913-1024x768.jpg\" alt=\"\" width=\"667\" height=\"500\" srcset=\"https:\/\/cnsinometal.com\/wp-content\/uploads\/2025\/02\/\u5fae\u4fe1\u56fe\u7247_20241203112913-1024x768.jpg 1024w, https:\/\/cnsinometal.com\/wp-content\/uploads\/2025\/02\/\u5fae\u4fe1\u56fe\u7247_20241203112913-scaled-800x600.jpg 800w, https:\/\/cnsinometal.com\/wp-content\/uploads\/2025\/02\/\u5fae\u4fe1\u56fe\u7247_20241203112913-300x225.jpg 300w, https:\/\/cnsinometal.com\/wp-content\/uploads\/2025\/02\/\u5fae\u4fe1\u56fe\u7247_20241203112913-768x576.jpg 768w, https:\/\/cnsinometal.com\/wp-content\/uploads\/2025\/02\/\u5fae\u4fe1\u56fe\u7247_20241203112913-1536x1152.jpg 1536w, https:\/\/cnsinometal.com\/wp-content\/uploads\/2025\/02\/\u5fae\u4fe1\u56fe\u7247_20241203112913-2048x1536.jpg 2048w, https:\/\/cnsinometal.com\/wp-content\/uploads\/2025\/02\/\u5fae\u4fe1\u56fe\u7247_20241203112913-16x12.jpg 16w\" sizes=\"(max-width: 667px) 100vw, 667px\" \/><\/li>\n<\/ol>","protected":false},"excerpt":{"rendered":"<p>Espesor: 0,16 mm-1,2 mm<\/p>\n<p>Anchura:50mm-1500mm<\/p>\n<p>Di\u00e1metro interior: 508 mm<\/p>\n<p>Metal base: bobina de acero galvanizado<\/p>\n<p>Color: RAL8017<\/p>","protected":false},"featured_media":562,"comment_status":"open","ping_status":"closed","template":"","meta":{"_kadence_starter_templates_imported_post":false,"_kad_post_transparent":"default","_kad_post_title":"","_kad_post_layout":"default","_kad_post_sidebar_id":"","_kad_post_content_style":"default","_kad_post_vertical_padding":"default","_kad_post_feature":"","_kad_post_feature_position":"","_kad_post_header":false,"_kad_post_footer":false},"product_brand":[],"product_cat":[29],"product_tag":[],"class_list":{"0":"post-556","1":"product","2":"type-product","3":"status-publish","4":"has-post-thumbnail","6":"product_cat-pre-painted-galvanized-steel-coil-ppgi","8":"first","9":"instock","10":"shipping-taxable","11":"product-type-simple","12":"entry","13":"content-bg","14":"loop-entry"},"jetpack_sharing_enabled":true,"_links":{"self":[{"href":"https:\/\/cnsinometal.com\/es\/wp-json\/wp\/v2\/product\/556","targetHints":{"allow":["GET"]}}],"collection":[{"href":"https:\/\/cnsinometal.com\/es\/wp-json\/wp\/v2\/product"}],"about":[{"href":"https:\/\/cnsinometal.com\/es\/wp-json\/wp\/v2\/types\/product"}],"replies":[{"embeddable":true,"href":"https:\/\/cnsinometal.com\/es\/wp-json\/wp\/v2\/comments?post=556"}],"wp:featuredmedia":[{"embeddable":true,"href":"https:\/\/cnsinometal.com\/es\/wp-json\/wp\/v2\/media\/562"}],"wp:attachment":[{"href":"https:\/\/cnsinometal.com\/es\/wp-json\/wp\/v2\/media?parent=556"}],"wp:term":[{"taxonomy":"product_brand","embeddable":true,"href":"https:\/\/cnsinometal.com\/es\/wp-json\/wp\/v2\/product_brand?post=556"},{"taxonomy":"product_cat","embeddable":true,"href":"https:\/\/cnsinometal.com\/es\/wp-json\/wp\/v2\/product_cat?post=556"},{"taxonomy":"product_tag","embeddable":true,"href":"https:\/\/cnsinometal.com\/es\/wp-json\/wp\/v2\/product_tag?post=556"}],"curies":[{"name":"wp","href":"https:\/\/api.w.org\/{rel}","templated":true}]}}