{"id":518,"date":"2025-02-11T09:36:51","date_gmt":"2025-02-11T01:36:51","guid":{"rendered":"http:\/\/cnsinometal.com\/?post_type=product&#038;p=518"},"modified":"2025-02-12T11:02:55","modified_gmt":"2025-02-12T03:02:55","slug":"lazarite-blue-ppgl-coil","status":"publish","type":"product","link":"https:\/\/cnsinometal.com\/es\/producto\/lazarite-blue-ppgl-coil\/","title":{"rendered":"Bobina PPGL azul lazarita"},"content":{"rendered":"<h3>Bobina PPGL<\/h3>\n<table style=\"border-collapse: collapse; width: 516.02pt;\" border=\"0\" width=\"688\" cellspacing=\"0\" cellpadding=\"0\">\n<tbody>\n<tr style=\"height: 25.00pt;\">\n<td class=\"et2\" style=\"height: 25.00pt; width: 108.00pt;\" width=\"144\" height=\"33\">Art\u00edculo<\/td>\n<td class=\"et2\" style=\"width: 408.00pt;\" width=\"544\">Bobina PPGL<\/td>\n<\/tr>\n<tr style=\"height: 25.00pt;\">\n<td class=\"et3\" style=\"height: 25.00pt;\" height=\"33\">Sustrato<\/td>\n<td class=\"et3\">Acero Galvalume<\/td>\n<\/tr>\n<tr style=\"height: 25.00pt;\">\n<td class=\"et3\" style=\"height: 25.00pt;\" height=\"33\">Espesor<\/td>\n<td class=\"et3\">0,16 mm-1,2 mm<\/td>\n<\/tr>\n<tr style=\"height: 25.00pt;\">\n<td class=\"et3\" style=\"height: 25.00pt;\" height=\"33\">Anchura<\/td>\n<td class=\"et3\">50 mm-1500 mm<\/td>\n<\/tr>\n<tr style=\"height: 25.00pt;\">\n<td class=\"et3\" style=\"height: 25.00pt;\" height=\"33\">Tipos de pintura<\/td>\n<td class=\"et3\">PE,SMP,HDP,PVDF<\/td>\n<\/tr>\n<tr style=\"height: 25.00pt;\">\n<td class=\"et3\" style=\"height: 25.00pt;\" height=\"33\">Color<\/td>\n<td class=\"et3\">Color del sistema RAL<\/td>\n<\/tr>\n<tr style=\"height: 25.00pt;\">\n<td class=\"et3\" style=\"height: 25.00pt;\" height=\"33\">Di\u00e1metro interior<\/td>\n<td class=\"et3\">508 mm o 610 mm<\/td>\n<\/tr>\n<tr style=\"height: 25.00pt;\">\n<td class=\"et3\" style=\"height: 25.00pt;\" height=\"33\">Paquete<\/td>\n<td class=\"et3\">Paquete de exportaci\u00f3n est\u00e1ndar o seg\u00fan sus necesidades<\/td>\n<\/tr>\n<\/tbody>\n<\/table>\n<p>&nbsp;<\/p>\n<p>Shandong Sino Metal Co., Ltd es una empresa integrada l\u00edder de procesamiento y comercio en China, nos centramos en la producci\u00f3n y venta de bobinas de acero recubiertas de color. La calidad superior hace que nuestros productos obtengan el amplio reconocimiento de los clientes.<\/p>\n<p>\u00bfBusca fabricantes de bobinas de acero Galvalume prepintadas en China? P\u00f3ngase en contacto con <span style=\"color: #ff0000;\"><strong>Shandong Sino Metal<\/strong><\/span>\u00a0hoy mismo y potencie su marca con nuestras bobinas de acero Galvalume prepintado.<\/p>\n<h4><strong><b>\u00bfQu\u00e9 son las bobinas de acero Galvalume prelacado? Bobinas de acero Galvalume prelacado Introducci\u00f3n<\/b><\/strong><\/h4>\n<p>Introducir el material base de aluminio-cinc en la l\u00ednea de producci\u00f3n de revestimientos. Aplique primero la imprimaci\u00f3n y, a continuaci\u00f3n, la capa de acabado para garantizar la uniformidad y la adherencia del revestimiento. Las bobinas de aluminio-cinc recubiertas de color se utilizan ampliamente en la construcci\u00f3n, los electrodom\u00e9sticos y otros campos.<\/p>\n<p><img fetchpriority=\"high\" decoding=\"async\" class=\"alignnone wp-image-530\" src=\"http:\/\/cnsinometal.com\/wp-content\/uploads\/2025\/02\/506ee12f01080a9cbbe2eab04d6a6c9-2-1024x725.jpg\" alt=\"\" width=\"781\" height=\"554\" srcset=\"https:\/\/cnsinometal.com\/wp-content\/uploads\/2025\/02\/506ee12f01080a9cbbe2eab04d6a6c9-2-1024x725.jpg 1024w, https:\/\/cnsinometal.com\/wp-content\/uploads\/2025\/02\/506ee12f01080a9cbbe2eab04d6a6c9-2-scaled-800x567.jpg 800w, https:\/\/cnsinometal.com\/wp-content\/uploads\/2025\/02\/506ee12f01080a9cbbe2eab04d6a6c9-2-300x212.jpg 300w, https:\/\/cnsinometal.com\/wp-content\/uploads\/2025\/02\/506ee12f01080a9cbbe2eab04d6a6c9-2-768x544.jpg 768w\" sizes=\"(max-width: 781px) 100vw, 781px\" \/><\/p>\n<h4><strong>L\u00ednea de producci\u00f3n de revestimiento de color<\/strong><\/h4>\n<p><strong><img decoding=\"async\" class=\"wp-image-555 alignleft\" src=\"http:\/\/cnsinometal.com\/wp-content\/uploads\/2025\/02\/777-768x1024.jpg\" alt=\"\" width=\"375\" height=\"500\" srcset=\"https:\/\/cnsinometal.com\/wp-content\/uploads\/2025\/02\/777-768x1024.jpg 768w, https:\/\/cnsinometal.com\/wp-content\/uploads\/2025\/02\/777-800x1067.jpg 800w, https:\/\/cnsinometal.com\/wp-content\/uploads\/2025\/02\/777-225x300.jpg 225w, https:\/\/cnsinometal.com\/wp-content\/uploads\/2025\/02\/777-1152x1536.jpg 1152w, https:\/\/cnsinometal.com\/wp-content\/uploads\/2025\/02\/777-9x12.jpg 9w, https:\/\/cnsinometal.com\/wp-content\/uploads\/2025\/02\/777.jpg 1410w\" sizes=\"(max-width: 375px) 100vw, 375px\" \/><\/strong><\/p>\n<p><img decoding=\"async\" class=\"wp-image-544 alignleft\" src=\"http:\/\/cnsinometal.com\/wp-content\/uploads\/2025\/02\/111-768x1024.jpg\" alt=\"\" width=\"375\" height=\"500\" srcset=\"https:\/\/cnsinometal.com\/wp-content\/uploads\/2025\/02\/111-768x1024.jpg 768w, https:\/\/cnsinometal.com\/wp-content\/uploads\/2025\/02\/111-800x1067.jpg 800w, https:\/\/cnsinometal.com\/wp-content\/uploads\/2025\/02\/111-225x300.jpg 225w, https:\/\/cnsinometal.com\/wp-content\/uploads\/2025\/02\/111-1152x1536.jpg 1152w, https:\/\/cnsinometal.com\/wp-content\/uploads\/2025\/02\/111-9x12.jpg 9w, https:\/\/cnsinometal.com\/wp-content\/uploads\/2025\/02\/111.jpg 1440w\" sizes=\"(max-width: 375px) 100vw, 375px\" \/>\u00a0 \u00a0 \u00a0<img loading=\"lazy\" decoding=\"async\" class=\"wp-image-545 alignleft\" src=\"http:\/\/cnsinometal.com\/wp-content\/uploads\/2025\/02\/222-768x1024.jpg\" alt=\"\" width=\"375\" height=\"500\" srcset=\"https:\/\/cnsinometal.com\/wp-content\/uploads\/2025\/02\/222-768x1024.jpg 768w, https:\/\/cnsinometal.com\/wp-content\/uploads\/2025\/02\/222-800x1067.jpg 800w, https:\/\/cnsinometal.com\/wp-content\/uploads\/2025\/02\/222-225x300.jpg 225w, https:\/\/cnsinometal.com\/wp-content\/uploads\/2025\/02\/222-1152x1536.jpg 1152w, https:\/\/cnsinometal.com\/wp-content\/uploads\/2025\/02\/222-9x12.jpg 9w, https:\/\/cnsinometal.com\/wp-content\/uploads\/2025\/02\/222.jpg 1440w\" sizes=\"(max-width: 375px) 100vw, 375px\" \/><\/p>\n<p><img loading=\"lazy\" decoding=\"async\" class=\"wp-image-546 alignleft\" src=\"http:\/\/cnsinometal.com\/wp-content\/uploads\/2025\/02\/333-768x1024.jpg\" alt=\"\" width=\"375\" height=\"500\" srcset=\"https:\/\/cnsinometal.com\/wp-content\/uploads\/2025\/02\/333-768x1024.jpg 768w, https:\/\/cnsinometal.com\/wp-content\/uploads\/2025\/02\/333-800x1067.jpg 800w, https:\/\/cnsinometal.com\/wp-content\/uploads\/2025\/02\/333-225x300.jpg 225w, https:\/\/cnsinometal.com\/wp-content\/uploads\/2025\/02\/333-1152x1536.jpg 1152w, https:\/\/cnsinometal.com\/wp-content\/uploads\/2025\/02\/333-9x12.jpg 9w, https:\/\/cnsinometal.com\/wp-content\/uploads\/2025\/02\/333.jpg 1422w\" sizes=\"(max-width: 375px) 100vw, 375px\" \/>\u00a0 \u00a0 \u00a0 \u00a0 <img loading=\"lazy\" decoding=\"async\" class=\"wp-image-547 alignleft\" src=\"http:\/\/cnsinometal.com\/wp-content\/uploads\/2025\/02\/444-768x1024.jpg\" alt=\"\" width=\"375\" height=\"500\" srcset=\"https:\/\/cnsinometal.com\/wp-content\/uploads\/2025\/02\/444-768x1024.jpg 768w, https:\/\/cnsinometal.com\/wp-content\/uploads\/2025\/02\/444-800x1067.jpg 800w, https:\/\/cnsinometal.com\/wp-content\/uploads\/2025\/02\/444-225x300.jpg 225w, https:\/\/cnsinometal.com\/wp-content\/uploads\/2025\/02\/444-1152x1536.jpg 1152w, https:\/\/cnsinometal.com\/wp-content\/uploads\/2025\/02\/444-9x12.jpg 9w, https:\/\/cnsinometal.com\/wp-content\/uploads\/2025\/02\/444.jpg 1440w\" sizes=\"(max-width: 375px) 100vw, 375px\" \/>\u00a0 \u00a0 \u00a0 \u00a0<img loading=\"lazy\" decoding=\"async\" class=\"wp-image-548 alignleft\" src=\"http:\/\/cnsinometal.com\/wp-content\/uploads\/2025\/02\/555-768x1024.jpg\" alt=\"\" width=\"375\" height=\"500\" srcset=\"https:\/\/cnsinometal.com\/wp-content\/uploads\/2025\/02\/555-768x1024.jpg 768w, https:\/\/cnsinometal.com\/wp-content\/uploads\/2025\/02\/555-800x1067.jpg 800w, https:\/\/cnsinometal.com\/wp-content\/uploads\/2025\/02\/555-225x300.jpg 225w, https:\/\/cnsinometal.com\/wp-content\/uploads\/2025\/02\/555-1152x1536.jpg 1152w, https:\/\/cnsinometal.com\/wp-content\/uploads\/2025\/02\/555-9x12.jpg 9w, https:\/\/cnsinometal.com\/wp-content\/uploads\/2025\/02\/555.jpg 1440w\" sizes=\"(max-width: 375px) 100vw, 375px\" \/><\/p>\n<p>&nbsp;<\/p>\n<p>&nbsp;<\/p>\n<p>&nbsp;<\/p>\n<p>&nbsp;<\/p>\n<p>&nbsp;<\/p>\n<p>&nbsp;<\/p>\n<p>&nbsp;<\/p>\n<p>&nbsp;<\/p>\n<p>&nbsp;<\/p>\n<p>&nbsp;<\/p>\n<p>&nbsp;<\/p>\n<p>&nbsp;<\/p>\n<p>&nbsp;<\/p>\n<p>&nbsp;<\/p>\n<p>&nbsp;<\/p>\n<p>&nbsp;<\/p>\n<h4><strong><b>Bobina de aluminio-cinc recubierta de color Ventajas y caracter\u00edsticas<\/b><\/strong><strong><b>\u00a0<\/b><\/strong><\/h4>\n<p><strong><b>Ventajas<\/b><\/strong><\/p>\n<ol>\n<li>Resistencia superior a la corrosi\u00f3n<\/li>\n<\/ol>\n<p>El aluminio-zinc (55% Al, 43,4% Zn,1,6% Si) combinado con pintura org\u00e1nica proporciona una resistencia a la corrosi\u00f3n 2-6X mejor que el acero galvanizado, ideal para zonas costeras\/industriales.<\/p>\n<ol start=\"2\">\n<li>Tolerancia a altas temperaturas<\/li>\n<\/ol>\n<p>Soporta hasta 600\u00b0C (a corto plazo), adecuado para aplicaciones expuestas al calor (por ejemplo, chimeneas, exteriores de hornos)<\/p>\n<ol start=\"3\">\n<li>Versatilidad est\u00e9tica<\/li>\n<\/ol>\n<p>Disponible en revestimientos de PVDF\/SMP o poli\u00e9ster con diversos colores (normas RAL\/Pantone), que realzan el dise\u00f1o arquitect\u00f3nico.<\/p>\n<ol start=\"4\">\n<li>Ligero y muy resistente<\/li>\n<\/ol>\n<p>Las calidades avanzadas de acero de alta resistencia (AHSS) (por ejemplo, HX420LAD) reducen el peso en 15-20% manteniendo la integridad estructural.<\/p>\n<ol start=\"5\">\n<li>Vida \u00fatil prolongada<\/li>\n<\/ol>\n<p>Vida \u00fatil probada de m\u00e1s de 25 a\u00f1os en pruebas de campo (ISO 12944 clase C5-M), lo que minimiza los costes de sustituci\u00f3n.<\/p>\n<p>Caracter\u00edsticas<\/p>\n<ol>\n<li>Estructura multicapa<\/li>\n<\/ol>\n<p>Metal base (acero CRCA) + capa de aleaci\u00f3n Alu-Zinc + sistema de imprimaci\u00f3n\/revestimiento superior<\/p>\n<ol start=\"2\">\n<li>Proceso de revestimiento continuo<\/li>\n<\/ol>\n<p>El galvanizado en caliente seguido del revestimiento de la bobina garantiza un control preciso del espesor<\/p>\n<ol start=\"3\">\n<li>Formabilidad<\/li>\n<\/ol>\n<p>Compatible con perfilado\/perforado, certificado para perfiles complejos.<\/p>\n<ol start=\"4\">\n<li>Ecol\u00f3gico<\/li>\n<\/ol>\n<p>Totalmente reciclables (con certificaci\u00f3n GRS), los revestimientos con bajo contenido en COV cumplen los requisitos LEED\/BREEAM.<\/p>\n<ol start=\"5\">\n<li>Utilidad intersectorial<\/li>\n<\/ol>\n<p>Ampliamente utilizado en la construcci\u00f3n (paneles s\u00e1ndwich), electrodom\u00e9sticos (tambores de lavadora) y automoci\u00f3n (componentes HVAC).<\/p>\n<h4><strong><b>Acerca del envasado<\/b><\/strong><\/h4>\n<ol>\n<li>Embalaje est\u00e1ndar apto para la exportaci\u00f3n<\/li>\n<li>Embalaje vertical o embalaje horizontal<br \/>\n<img loading=\"lazy\" decoding=\"async\" class=\"wp-image-549 alignleft\" src=\"http:\/\/cnsinometal.com\/wp-content\/uploads\/2025\/02\/fcf0c73d677579ed4ad0e6187af5d66-768x1024.jpg\" alt=\"\" width=\"375\" height=\"500\" srcset=\"https:\/\/cnsinometal.com\/wp-content\/uploads\/2025\/02\/fcf0c73d677579ed4ad0e6187af5d66-768x1024.jpg 768w, https:\/\/cnsinometal.com\/wp-content\/uploads\/2025\/02\/fcf0c73d677579ed4ad0e6187af5d66-800x1067.jpg 800w, https:\/\/cnsinometal.com\/wp-content\/uploads\/2025\/02\/fcf0c73d677579ed4ad0e6187af5d66-225x300.jpg 225w, https:\/\/cnsinometal.com\/wp-content\/uploads\/2025\/02\/fcf0c73d677579ed4ad0e6187af5d66-1152x1536.jpg 1152w, https:\/\/cnsinometal.com\/wp-content\/uploads\/2025\/02\/fcf0c73d677579ed4ad0e6187af5d66-9x12.jpg 9w, https:\/\/cnsinometal.com\/wp-content\/uploads\/2025\/02\/fcf0c73d677579ed4ad0e6187af5d66.jpg 1280w\" sizes=\"(max-width: 375px) 100vw, 375px\" \/> <img loading=\"lazy\" decoding=\"async\" class=\"wp-image-550 alignleft\" src=\"http:\/\/cnsinometal.com\/wp-content\/uploads\/2025\/02\/28d4bc4d06d1c77793f69724997cd85-768x1024.jpg\" alt=\"\" width=\"375\" height=\"500\" srcset=\"https:\/\/cnsinometal.com\/wp-content\/uploads\/2025\/02\/28d4bc4d06d1c77793f69724997cd85-768x1024.jpg 768w, https:\/\/cnsinometal.com\/wp-content\/uploads\/2025\/02\/28d4bc4d06d1c77793f69724997cd85-800x1067.jpg 800w, https:\/\/cnsinometal.com\/wp-content\/uploads\/2025\/02\/28d4bc4d06d1c77793f69724997cd85-225x300.jpg 225w, https:\/\/cnsinometal.com\/wp-content\/uploads\/2025\/02\/28d4bc4d06d1c77793f69724997cd85-1152x1536.jpg 1152w, https:\/\/cnsinometal.com\/wp-content\/uploads\/2025\/02\/28d4bc4d06d1c77793f69724997cd85-9x12.jpg 9w, https:\/\/cnsinometal.com\/wp-content\/uploads\/2025\/02\/28d4bc4d06d1c77793f69724997cd85.jpg 1280w\" sizes=\"(max-width: 375px) 100vw, 375px\" \/><img loading=\"lazy\" decoding=\"async\" class=\"wp-image-551 alignleft\" src=\"http:\/\/cnsinometal.com\/wp-content\/uploads\/2025\/02\/c11b9dbd0c3ed282156974105a36178-768x1024.jpg\" alt=\"\" width=\"375\" height=\"500\" srcset=\"https:\/\/cnsinometal.com\/wp-content\/uploads\/2025\/02\/c11b9dbd0c3ed282156974105a36178-768x1024.jpg 768w, https:\/\/cnsinometal.com\/wp-content\/uploads\/2025\/02\/c11b9dbd0c3ed282156974105a36178-800x1067.jpg 800w, https:\/\/cnsinometal.com\/wp-content\/uploads\/2025\/02\/c11b9dbd0c3ed282156974105a36178-225x300.jpg 225w, https:\/\/cnsinometal.com\/wp-content\/uploads\/2025\/02\/c11b9dbd0c3ed282156974105a36178-1152x1536.jpg 1152w, https:\/\/cnsinometal.com\/wp-content\/uploads\/2025\/02\/c11b9dbd0c3ed282156974105a36178-9x12.jpg 9w, https:\/\/cnsinometal.com\/wp-content\/uploads\/2025\/02\/c11b9dbd0c3ed282156974105a36178.jpg 1280w\" sizes=\"(max-width: 375px) 100vw, 375px\" \/><img loading=\"lazy\" decoding=\"async\" class=\"wp-image-552 alignleft\" src=\"http:\/\/cnsinometal.com\/wp-content\/uploads\/2025\/02\/5c2e95ac017e25034f9a093edff6b44-1024x768.jpg\" alt=\"\" width=\"667\" height=\"500\" srcset=\"https:\/\/cnsinometal.com\/wp-content\/uploads\/2025\/02\/5c2e95ac017e25034f9a093edff6b44-1024x768.jpg 1024w, https:\/\/cnsinometal.com\/wp-content\/uploads\/2025\/02\/5c2e95ac017e25034f9a093edff6b44-800x600.jpg 800w, https:\/\/cnsinometal.com\/wp-content\/uploads\/2025\/02\/5c2e95ac017e25034f9a093edff6b44-300x225.jpg 300w, https:\/\/cnsinometal.com\/wp-content\/uploads\/2025\/02\/5c2e95ac017e25034f9a093edff6b44-768x576.jpg 768w, https:\/\/cnsinometal.com\/wp-content\/uploads\/2025\/02\/5c2e95ac017e25034f9a093edff6b44-1536x1152.jpg 1536w, https:\/\/cnsinometal.com\/wp-content\/uploads\/2025\/02\/5c2e95ac017e25034f9a093edff6b44-16x12.jpg 16w, https:\/\/cnsinometal.com\/wp-content\/uploads\/2025\/02\/5c2e95ac017e25034f9a093edff6b44.jpg 1702w\" sizes=\"(max-width: 667px) 100vw, 667px\" \/><img loading=\"lazy\" decoding=\"async\" class=\"wp-image-554 alignnone\" src=\"http:\/\/cnsinometal.com\/wp-content\/uploads\/2025\/02\/666-768x1024.jpg\" alt=\"\" width=\"375\" height=\"500\" srcset=\"https:\/\/cnsinometal.com\/wp-content\/uploads\/2025\/02\/666-768x1024.jpg 768w, https:\/\/cnsinometal.com\/wp-content\/uploads\/2025\/02\/666-800x1067.jpg 800w, https:\/\/cnsinometal.com\/wp-content\/uploads\/2025\/02\/666-225x300.jpg 225w, https:\/\/cnsinometal.com\/wp-content\/uploads\/2025\/02\/666-1152x1536.jpg 1152w, https:\/\/cnsinometal.com\/wp-content\/uploads\/2025\/02\/666-9x12.jpg 9w, https:\/\/cnsinometal.com\/wp-content\/uploads\/2025\/02\/666.jpg 1421w\" sizes=\"(max-width: 375px) 100vw, 375px\" \/><\/li>\n<\/ol>","protected":false},"excerpt":{"rendered":"<p>Espesor: 0,16 mm-1,2 mm<\/p>\n<p>Anchura:50mm-1500m<\/p>\n<p>Di\u00e1metro interior: 508 mm<\/p>\n<p>Metal base: bobina de acero con aluminio y zinc<\/p>\n<p>Color: Azul Lazabite<\/p>","protected":false},"featured_media":527,"comment_status":"open","ping_status":"closed","template":"","meta":{"_kadence_starter_templates_imported_post":false,"_kad_post_transparent":"default","_kad_post_title":"","_kad_post_layout":"default","_kad_post_sidebar_id":"","_kad_post_content_style":"default","_kad_post_vertical_padding":"default","_kad_post_feature":"","_kad_post_feature_position":"","_kad_post_header":false,"_kad_post_footer":false},"product_brand":[],"product_cat":[34,30],"product_tag":[],"class_list":{"0":"post-518","1":"product","2":"type-product","3":"status-publish","4":"has-post-thumbnail","6":"product_cat-lazarite-blue-ppgl-coil","7":"product_cat-pre-painted-galvalume-steel-coil-ppgl","9":"first","10":"instock","11":"shipping-taxable","12":"product-type-simple","13":"entry","14":"content-bg","15":"loop-entry"},"jetpack_sharing_enabled":true,"_links":{"self":[{"href":"https:\/\/cnsinometal.com\/es\/wp-json\/wp\/v2\/product\/518","targetHints":{"allow":["GET"]}}],"collection":[{"href":"https:\/\/cnsinometal.com\/es\/wp-json\/wp\/v2\/product"}],"about":[{"href":"https:\/\/cnsinometal.com\/es\/wp-json\/wp\/v2\/types\/product"}],"replies":[{"embeddable":true,"href":"https:\/\/cnsinometal.com\/es\/wp-json\/wp\/v2\/comments?post=518"}],"wp:featuredmedia":[{"embeddable":true,"href":"https:\/\/cnsinometal.com\/es\/wp-json\/wp\/v2\/media\/527"}],"wp:attachment":[{"href":"https:\/\/cnsinometal.com\/es\/wp-json\/wp\/v2\/media?parent=518"}],"wp:term":[{"taxonomy":"product_brand","embeddable":true,"href":"https:\/\/cnsinometal.com\/es\/wp-json\/wp\/v2\/product_brand?post=518"},{"taxonomy":"product_cat","embeddable":true,"href":"https:\/\/cnsinometal.com\/es\/wp-json\/wp\/v2\/product_cat?post=518"},{"taxonomy":"product_tag","embeddable":true,"href":"https:\/\/cnsinometal.com\/es\/wp-json\/wp\/v2\/product_tag?post=518"}],"curies":[{"name":"wp","href":"https:\/\/api.w.org\/{rel}","templated":true}]}}