{"id":279,"date":"2024-10-09T19:57:43","date_gmt":"2024-10-09T11:57:43","guid":{"rendered":"http:\/\/cnsinometal.com\/?post_type=product&#038;p=279"},"modified":"2025-02-11T10:05:36","modified_gmt":"2025-02-11T02:05:36","slug":"roofing-sheet","status":"publish","type":"product","link":"https:\/\/cnsinometal.com\/es\/producto\/roofing-sheet\/","title":{"rendered":"HOJA DE CUBIERTA"},"content":{"rendered":"<p>Gracias a nuestra tecnolog\u00eda propia, hemos mejorado los equipos tradicionales de prensado de baldosas. Inicialmente, la forma tradicional de las baldosas s\u00f3lo se pod\u00eda utilizar para cerramientos primitivos de autopistas y refugios de construcci\u00f3n residencial; sin embargo, las baldosas fabricadas por nuestra empresa pueden alcanzar los est\u00e1ndares de exportaci\u00f3n de ultramar, y son adecuadas para su utilizaci\u00f3n en instalaciones de alta gama como estaciones de autopistas, aeropuertos y gimnasios. Las prensas de azulejos mejoradas y reestructuradas muestran un \"estilo europeo\" y adoptan el \"esp\u00edritu de Luban\", por lo que nuestros productos han sido bien recibidos por los clientes extranjeros. Entre ellos, la segunda fase de productos de aluminio con revestimiento de color, algunos de los cuales se utilizan en paneles de autom\u00f3viles y electrodom\u00e9sticos, e importantes proyectos nacionales de construcci\u00f3n.<\/p>","protected":false},"excerpt":{"rendered":"<p>Gracias a nuestra tecnolog\u00eda propia, hemos mejorado los equipos tradicionales de prensado de tejas. Inicialmente, la forma tradicional de las baldosas s\u00f3lo se pod\u00eda utilizar para cerramientos primitivos de autopistas y refugios de construcci\u00f3n residencial; sin embargo, las baldosas fabricadas por nuestra empresa pueden alcanzar los est\u00e1ndares de exportaci\u00f3n de ultramar, y son adecuadas para su utilizaci\u00f3n en instalaciones de gama alta, como estaciones de autopistas, aeropuertos y gimnasios.....<\/p>","protected":false},"featured_media":280,"comment_status":"open","ping_status":"closed","template":"","meta":{"_kadence_starter_templates_imported_post":false,"_kad_post_transparent":"default","_kad_post_title":"","_kad_post_layout":"default","_kad_post_sidebar_id":"","_kad_post_content_style":"default","_kad_post_vertical_padding":"default","_kad_post_feature":"","_kad_post_feature_position":"","_kad_post_header":false,"_kad_post_footer":false},"product_brand":[],"product_cat":[24,32],"product_tag":[],"class_list":{"0":"post-279","1":"product","2":"type-product","3":"status-publish","4":"has-post-thumbnail","6":"product_cat-products","7":"product_cat-roofing-sheet","9":"first","10":"instock","11":"shipping-taxable","12":"product-type-simple","13":"entry","14":"content-bg","15":"loop-entry"},"jetpack_sharing_enabled":true,"_links":{"self":[{"href":"https:\/\/cnsinometal.com\/es\/wp-json\/wp\/v2\/product\/279","targetHints":{"allow":["GET"]}}],"collection":[{"href":"https:\/\/cnsinometal.com\/es\/wp-json\/wp\/v2\/product"}],"about":[{"href":"https:\/\/cnsinometal.com\/es\/wp-json\/wp\/v2\/types\/product"}],"replies":[{"embeddable":true,"href":"https:\/\/cnsinometal.com\/es\/wp-json\/wp\/v2\/comments?post=279"}],"wp:featuredmedia":[{"embeddable":true,"href":"https:\/\/cnsinometal.com\/es\/wp-json\/wp\/v2\/media\/280"}],"wp:attachment":[{"href":"https:\/\/cnsinometal.com\/es\/wp-json\/wp\/v2\/media?parent=279"}],"wp:term":[{"taxonomy":"product_brand","embeddable":true,"href":"https:\/\/cnsinometal.com\/es\/wp-json\/wp\/v2\/product_brand?post=279"},{"taxonomy":"product_cat","embeddable":true,"href":"https:\/\/cnsinometal.com\/es\/wp-json\/wp\/v2\/product_cat?post=279"},{"taxonomy":"product_tag","embeddable":true,"href":"https:\/\/cnsinometal.com\/es\/wp-json\/wp\/v2\/product_tag?post=279"}],"curies":[{"name":"wp","href":"https:\/\/api.w.org\/{rel}","templated":true}]}}