{"id":271,"date":"2024-10-09T19:46:15","date_gmt":"2024-10-09T11:46:15","guid":{"rendered":"http:\/\/cnsinometal.com\/?post_type=product&#038;p=271"},"modified":"2025-04-08T14:44:54","modified_gmt":"2025-04-08T06:44:54","slug":"prepainted-steel-coil","status":"publish","type":"product","link":"https:\/\/cnsinometal.com\/es\/producto\/prepainted-steel-coil\/","title":{"rendered":"BOBINA DE ACERO GALVALUME PREPINTADA (PPGL)"},"content":{"rendered":"<p>Shandong Sino Metal Co., Ltd es una empresa integrada l\u00edder de procesamiento y comercio en China, nos centramos en la producci\u00f3n y venta de bobinas de acero recubiertas de color. La calidad superior hace que nuestros productos obtengan el amplio reconocimiento de los clientes.<\/p>\n<p>\u00bfBusca fabricantes de bobinas de acero Galvalume prepintadas en China? P\u00f3ngase en contacto con Shandong Sino Metal hoy mismo e impulse su marca con nuestras bobinas de acero Galvalume prepintadas.<\/p>\n<p>\u00bfQu\u00e9 son las bobinas de acero Galvalume prelacado? Bobinas de acero Galvalume prelacado Introducci\u00f3n<\/p>\n<p>Introducir el material base de aluminio-cinc en la l\u00ednea de producci\u00f3n de revestimientos. Aplique primero la imprimaci\u00f3n y, a continuaci\u00f3n, la capa de acabado para garantizar la uniformidad y la adherencia del revestimiento. Las bobinas de aluminio-cinc recubiertas de color se utilizan ampliamente en la construcci\u00f3n, los electrodom\u00e9sticos y otros campos.<\/p>\n<p>Estructura del revestimiento de color<br \/>\n<img fetchpriority=\"high\" decoding=\"async\" class=\"alignnone size-full wp-image-633\" src=\"http:\/\/cnsinometal.com\/wp-content\/uploads\/2025\/02\/\u56fe\u72472-3.jpg\" alt=\"\" width=\"984\" height=\"697\" srcset=\"https:\/\/cnsinometal.com\/wp-content\/uploads\/2025\/02\/\u56fe\u72472-3.jpg 984w, https:\/\/cnsinometal.com\/wp-content\/uploads\/2025\/02\/\u56fe\u72472-3-800x567.jpg 800w, https:\/\/cnsinometal.com\/wp-content\/uploads\/2025\/02\/\u56fe\u72472-3-300x213.jpg 300w, https:\/\/cnsinometal.com\/wp-content\/uploads\/2025\/02\/\u56fe\u72472-3-768x544.jpg 768w, https:\/\/cnsinometal.com\/wp-content\/uploads\/2025\/02\/\u56fe\u72472-3-18x12.jpg 18w\" sizes=\"(max-width: 984px) 100vw, 984px\" \/><\/p>\n<p><strong><b>Bobina de aluminio-cinc recubierta de color Ventajas y caracter\u00edsticas<\/b><\/strong><\/p>\n<p><strong><b>\u00a0<\/b><\/strong><\/p>\n<p><strong><b>Ventajas<\/b><\/strong><\/p>\n<ol>\n<li>Resistencia superior a la corrosi\u00f3n<\/li>\n<\/ol>\n<p>El aluminio-zinc (55% Al, 43,4% Zn,1,6% Si) combinado con pintura org\u00e1nica proporciona una resistencia a la corrosi\u00f3n 2-6X mejor que el acero galvanizado, ideal para zonas costeras\/industriales.<\/p>\n<ol start=\"2\">\n<li>Tolerancia a altas temperaturas<\/li>\n<\/ol>\n<p>Soporta hasta 600\u00b0C (a corto plazo), adecuado para aplicaciones expuestas al calor (por ejemplo, chimeneas, exteriores de hornos)<\/p>\n<ol start=\"3\">\n<li>Versatilidad est\u00e9tica<\/li>\n<\/ol>\n<p>Disponible en revestimientos de PVDF\/SMP o poli\u00e9ster con diversos colores (normas RAL\/Pantone), que realzan el dise\u00f1o arquitect\u00f3nico.<\/p>\n<ol start=\"4\">\n<li>Ligero y muy resistente<\/li>\n<\/ol>\n<p>Las calidades avanzadas de acero de alta resistencia (AHSS) (por ejemplo, HX420LAD) reducen el peso en 15-20% manteniendo la integridad estructural.<\/p>\n<ol start=\"5\">\n<li>Vida \u00fatil prolongada<\/li>\n<\/ol>\n<p>Vida \u00fatil probada de m\u00e1s de 25 a\u00f1os en pruebas de campo (ISO 12944 clase C5-M), lo que minimiza los costes de sustituci\u00f3n.<\/p>\n<p>Caracter\u00edsticas<\/p>\n<ol>\n<li>Estructura multicapa<\/li>\n<\/ol>\n<p>Metal base (acero CRCA) + capa de aleaci\u00f3n Alu-Zinc + sistema de imprimaci\u00f3n\/revestimiento superior<\/p>\n<ol start=\"2\">\n<li>Proceso de revestimiento continuo<\/li>\n<\/ol>\n<p>El galvanizado en caliente seguido del revestimiento de la bobina garantiza un control preciso del espesor<\/p>\n<ol start=\"3\">\n<li>Formabilidad<\/li>\n<\/ol>\n<p>Compatible con perfilado\/perforado, certificado para perfiles complejos.<\/p>\n<ol start=\"4\">\n<li>Ecol\u00f3gico<\/li>\n<\/ol>\n<p>Totalmente reciclables (con certificaci\u00f3n GRS), los revestimientos con bajo contenido en COV cumplen los requisitos LEED\/BREEAM.<\/p>\n<ol start=\"5\">\n<li>Utilidad intersectorial<\/li>\n<\/ol>\n<p>Ampliamente utilizado en la construcci\u00f3n (paneles s\u00e1ndwich), electrodom\u00e9sticos (tambores de lavadora) y automoci\u00f3n (componentes HVAC).<\/p>","protected":false},"excerpt":{"rendered":"<p>Espesor: 0,16 mm-1,2 mm<br \/>\nAnchura:50mm-1500mm<br \/>\nDi\u00e1metro interior: 508 mm<br \/>\nMetal base: bobina de acero con aluminio y zinc<\/p>","protected":false},"featured_media":665,"comment_status":"open","ping_status":"closed","template":"","meta":{"_kadence_starter_templates_imported_post":false,"_kad_post_transparent":"default","_kad_post_title":"","_kad_post_layout":"default","_kad_post_sidebar_id":"","_kad_post_content_style":"default","_kad_post_vertical_padding":"default","_kad_post_feature":"","_kad_post_feature_position":"","_kad_post_header":false,"_kad_post_footer":false},"product_brand":[],"product_cat":[30,24],"product_tag":[],"class_list":{"0":"post-271","1":"product","2":"type-product","3":"status-publish","4":"has-post-thumbnail","6":"product_cat-pre-painted-galvalume-steel-coil-ppgl","7":"product_cat-products","9":"first","10":"instock","11":"shipping-taxable","12":"product-type-simple","13":"entry","14":"content-bg","15":"loop-entry"},"jetpack_sharing_enabled":true,"_links":{"self":[{"href":"https:\/\/cnsinometal.com\/es\/wp-json\/wp\/v2\/product\/271","targetHints":{"allow":["GET"]}}],"collection":[{"href":"https:\/\/cnsinometal.com\/es\/wp-json\/wp\/v2\/product"}],"about":[{"href":"https:\/\/cnsinometal.com\/es\/wp-json\/wp\/v2\/types\/product"}],"replies":[{"embeddable":true,"href":"https:\/\/cnsinometal.com\/es\/wp-json\/wp\/v2\/comments?post=271"}],"wp:featuredmedia":[{"embeddable":true,"href":"https:\/\/cnsinometal.com\/es\/wp-json\/wp\/v2\/media\/665"}],"wp:attachment":[{"href":"https:\/\/cnsinometal.com\/es\/wp-json\/wp\/v2\/media?parent=271"}],"wp:term":[{"taxonomy":"product_brand","embeddable":true,"href":"https:\/\/cnsinometal.com\/es\/wp-json\/wp\/v2\/product_brand?post=271"},{"taxonomy":"product_cat","embeddable":true,"href":"https:\/\/cnsinometal.com\/es\/wp-json\/wp\/v2\/product_cat?post=271"},{"taxonomy":"product_tag","embeddable":true,"href":"https:\/\/cnsinometal.com\/es\/wp-json\/wp\/v2\/product_tag?post=271"}],"curies":[{"name":"wp","href":"https:\/\/api.w.org\/{rel}","templated":true}]}}