{"id":220,"date":"2024-10-09T18:56:47","date_gmt":"2024-10-09T10:56:47","guid":{"rendered":"http:\/\/cnsinometal.com\/?post_type=product&#038;p=220"},"modified":"2025-02-11T10:04:52","modified_gmt":"2025-02-11T02:04:52","slug":"gi-coil","status":"publish","type":"product","link":"https:\/\/cnsinometal.com\/es\/producto\/gi-coil\/","title":{"rendered":"BOBINA DE ACERO GALVANIZADO (GI)"},"content":{"rendered":"<p>Las bobinas de acero galvanizado en caliente utilizan acero laminado en fr\u00edo o bobinas de acero laminado en caliente como material de base, mediante el recubrimiento de zinc en la superficie de la placa de acero, para resistir la corrosi\u00f3n en la superficie de la placa de acero y extender la vida de trabajo. Se utiliza en ingenier\u00eda civil y construcci\u00f3n, as\u00ed como en piezas de autom\u00f3viles y el\u00e9ctricas.<\/p>\n<p>Con una capacidad anual de 300.000 toneladas, investigamos y desarrollamos constantemente la tecnolog\u00eda de producci\u00f3n de galvanizado, y nuestro objetivo es desarrollar aplicaciones m\u00e1s respetuosas con el medio ambiente y diversificadas para estos productos.<\/p>","protected":false},"excerpt":{"rendered":"<p>Caracter\u00edsticas:<\/p>\n<ul>\n<li>Espesor:0,12-4,0 mm<\/li>\n<li>Anchura:50mm-1500mm<\/li>\n<li>ID bobina:508\/610mm<\/li>\n<li>Metal base: bobina de acero laminado en caliente<\/li>\n<li>Acabado superficial:Mini\/gran \u00e1ngulo, \u00e1ngulo cero<\/li>\n<li>Tratamiento de superficie: Impresi\u00f3n antidedos, cromado, engrasado\/no engrasado<\/li>\n<\/ul>","protected":false},"featured_media":223,"comment_status":"open","ping_status":"closed","template":"","meta":{"_kadence_starter_templates_imported_post":false,"_kad_post_transparent":"default","_kad_post_title":"","_kad_post_layout":"default","_kad_post_sidebar_id":"","_kad_post_content_style":"default","_kad_post_vertical_padding":"default","_kad_post_feature":"","_kad_post_feature_position":"","_kad_post_header":false,"_kad_post_footer":false},"product_brand":[],"product_cat":[27,24],"product_tag":[],"class_list":{"0":"post-220","1":"product","2":"type-product","3":"status-publish","4":"has-post-thumbnail","6":"product_cat-galvanized-steel-coil-gi","7":"product_cat-products","9":"first","10":"instock","11":"shipping-taxable","12":"product-type-simple","13":"entry","14":"content-bg","15":"loop-entry"},"jetpack_sharing_enabled":true,"_links":{"self":[{"href":"https:\/\/cnsinometal.com\/es\/wp-json\/wp\/v2\/product\/220","targetHints":{"allow":["GET"]}}],"collection":[{"href":"https:\/\/cnsinometal.com\/es\/wp-json\/wp\/v2\/product"}],"about":[{"href":"https:\/\/cnsinometal.com\/es\/wp-json\/wp\/v2\/types\/product"}],"replies":[{"embeddable":true,"href":"https:\/\/cnsinometal.com\/es\/wp-json\/wp\/v2\/comments?post=220"}],"wp:featuredmedia":[{"embeddable":true,"href":"https:\/\/cnsinometal.com\/es\/wp-json\/wp\/v2\/media\/223"}],"wp:attachment":[{"href":"https:\/\/cnsinometal.com\/es\/wp-json\/wp\/v2\/media?parent=220"}],"wp:term":[{"taxonomy":"product_brand","embeddable":true,"href":"https:\/\/cnsinometal.com\/es\/wp-json\/wp\/v2\/product_brand?post=220"},{"taxonomy":"product_cat","embeddable":true,"href":"https:\/\/cnsinometal.com\/es\/wp-json\/wp\/v2\/product_cat?post=220"},{"taxonomy":"product_tag","embeddable":true,"href":"https:\/\/cnsinometal.com\/es\/wp-json\/wp\/v2\/product_tag?post=220"}],"curies":[{"name":"wp","href":"https:\/\/api.w.org\/{rel}","templated":true}]}}