{"id":1042,"date":"2025-10-16T11:22:54","date_gmt":"2025-10-16T03:22:54","guid":{"rendered":"https:\/\/cnsinometal.com\/?post_type=product&#038;p=1042"},"modified":"2025-10-16T11:22:54","modified_gmt":"2025-10-16T03:22:54","slug":"wholesale-prepainted-galvalume-steel-coil","status":"publish","type":"product","link":"https:\/\/cnsinometal.com\/es\/producto\/wholesale-prepainted-galvalume-steel-coil\/","title":{"rendered":"Venta al por mayor Bobina de acero galvalume prepintada"},"content":{"rendered":"<div class=\"\" data-v-e8f33c66=\"\">\n<div class=\"ant-affix\">\n<div class=\"tabs affix-tabs affix-tab-box\" data-v-e8f33c66=\"\">\n<div class=\"ant-anchor-wrapper\" data-v-e8f33c66=\"\">\n<div class=\"ant-anchor fixed\">\n<div class=\"tab ant-anchor-link ant-anchor-link-active\" data-v-e8f33c66=\"\">\n<h2 data-v-e8f33c66=\"\">Informaci\u00f3n sobre el producto<\/h2>\n<\/div>\n<div class=\"tab ant-anchor-link\" data-v-e8f33c66=\"\">\n<h2 data-v-e8f33c66=\"\">Informaci\u00f3n de env\u00edo<\/h2>\n<\/div>\n<div class=\"tab ant-anchor-link\" data-v-e8f33c66=\"\">\n<h2 data-v-e8f33c66=\"\">Principales mercados de exportaci\u00f3n<\/h2>\n<\/div>\n<\/div>\n<\/div>\n<\/div>\n<\/div>\n<\/div>\n<div id=\"content\" class=\"content info-content\" data-v-e8f33c66=\"\">\n<div id=\"Product\" class=\"descriptions\" data-v-e8f33c66=\"\">\n<div class=\"ant-descriptions ant-descriptions-small ant-descriptions-bordered\" data-v-e8f33c66=\"\">\n<div class=\"ant-descriptions-view\">\n<table data-extentions-extra-tablecapture-id=\"596161\">\n<tbody>\n<tr class=\"ant-descriptions-row\">\n<th class=\"ant-descriptions-item-label ant-descriptions-item-colon\">N\u00famero de modelo<\/th>\n<td class=\"ant-descriptions-item-content\" colspan=\"5\">SINOLC75A<\/td>\n<\/tr>\n<tr class=\"ant-descriptions-row\">\n<th class=\"ant-descriptions-item-label ant-descriptions-item-colon\">Marca<\/th>\n<td class=\"ant-descriptions-item-content\" colspan=\"5\">Sino Metal<\/td>\n<\/tr>\n<tr class=\"ant-descriptions-row\">\n<th class=\"ant-descriptions-item-label ant-descriptions-item-colon\">origen<\/th>\n<td class=\"ant-descriptions-item-content\" colspan=\"5\">China<\/td>\n<\/tr>\n<tr class=\"ant-descriptions-row\">\n<th class=\"ant-descriptions-item-label ant-descriptions-item-colon\">Peque\u00f1os pedidos<\/th>\n<td class=\"ant-descriptions-item-content\" colspan=\"5\">Aceptado<\/td>\n<\/tr>\n<\/tbody>\n<\/table>\n<\/div>\n<\/div>\n<\/div>\n<div class=\"certifications-box\" data-v-e8f33c66=\"\">\n<div class=\"specifications\" data-v-e8f33c66=\"\">\n<h3 class=\"specifications-title\" data-v-e8f33c66=\"\">Especificaciones clave\/ Caracter\u00edsticas especiales:<\/h3>\n<div class=\"tpl_txt_editor\" data-v-e8f33c66=\"\">\n<p><strong>El acero estampado es un tipo de producto de acero recubierto de color disponible en varios patrones. Debido a su bonita apariencia, conveniencia y excelente resistencia a la corrosi\u00f3n, es ampliamente utilizado en electrodom\u00e9sticos, muebles y decoraci\u00f3n de edificios en los \u00faltimos a\u00f1os.<\/strong><\/p>\n<div class=\"gs-desc-table\">\n<table data-extentions-extra-tablecapture-id=\"493240\">\n<tbody>\n<tr>\n<td colspan=\"1\" rowspan=\"1\" width=\"151\">Nombre del producto<\/td>\n<td colspan=\"3\" rowspan=\"1\" width=\"510\">Acero estampado<\/td>\n<\/tr>\n<tr>\n<td colspan=\"1\" rowspan=\"1\" width=\"auto\">Marca<\/td>\n<td colspan=\"3\" rowspan=\"1\" width=\"auto\">SINO METAL<\/td>\n<\/tr>\n<tr>\n<td colspan=\"1\" rowspan=\"1\" width=\"auto\">Normas<\/td>\n<td colspan=\"3\" rowspan=\"1\" width=\"auto\">ASTM\/AISI\/BS\/DIN\/JIS\/GB y m\u00e1s<\/td>\n<\/tr>\n<tr>\n<td colspan=\"1\" rowspan=\"1\" width=\"auto\">Base met\u00e1lica<\/td>\n<td colspan=\"3\" rowspan=\"1\" width=\"auto\">PPGI\/PPGL<\/td>\n<\/tr>\n<tr>\n<td colspan=\"1\" rowspan=\"1\" width=\"auto\">Espesor<\/td>\n<td colspan=\"3\" rowspan=\"1\" width=\"auto\">0,14-1,50 mm<\/td>\n<\/tr>\n<tr>\n<td colspan=\"1\" rowspan=\"1\" width=\"auto\">Anchura<\/td>\n<td colspan=\"3\" rowspan=\"1\" width=\"auto\">30-1500 mm<\/td>\n<\/tr>\n<tr>\n<td colspan=\"1\" rowspan=\"1\" width=\"auto\">Color<\/td>\n<td colspan=\"3\" rowspan=\"1\" width=\"auto\">Color RAL, a petici\u00f3n del cliente<\/td>\n<\/tr>\n<tr>\n<td colspan=\"1\" rowspan=\"1\" width=\"auto\">Pintar<\/td>\n<td colspan=\"3\" rowspan=\"1\" width=\"auto\">PE, SMP, HDP, PVDF<\/td>\n<\/tr>\n<tr>\n<td colspan=\"1\" rowspan=\"1\" width=\"auto\">Superficie<\/td>\n<td colspan=\"3\" rowspan=\"1\" width=\"auto\">Brillo\/mate\/m\u00e1rmol\/madera\/camuflaje\/ladrillo<\/td>\n<\/tr>\n<tr>\n<td colspan=\"1\" rowspan=\"1\" width=\"auto\">Certificados<\/td>\n<td colspan=\"3\" rowspan=\"1\" width=\"auto\">ISO 9001\/ISO 14001\/SGS\/SONCAP<\/td>\n<\/tr>\n<tr>\n<td colspan=\"1\" rowspan=\"1\" width=\"auto\">Base met\u00e1lica<\/td>\n<td colspan=\"3\" rowspan=\"1\" width=\"auto\">CRC\/HRC<\/td>\n<\/tr>\n<tr>\n<td colspan=\"1\" rowspan=\"1\" width=\"auto\">Revestimiento de Al-Zinc<\/td>\n<td colspan=\"3\" rowspan=\"1\" width=\"auto\">40-150g\/m2<\/td>\n<\/tr>\n<tr>\n<td colspan=\"1\" rowspan=\"1\" width=\"auto\">Revestimiento de color<\/td>\n<td colspan=\"3\" rowspan=\"1\" width=\"auto\">Superior: 15-35um Posterior: 5-30um<\/td>\n<\/tr>\n<tr>\n<td colspan=\"1\" rowspan=\"1\" width=\"auto\">Dureza<\/td>\n<td colspan=\"3\" rowspan=\"1\" width=\"auto\">HRB55-HRB90<\/td>\n<\/tr>\n<tr>\n<td colspan=\"1\" rowspan=\"1\" width=\"auto\">Pel\u00edcula de guardia<\/td>\n<td colspan=\"3\" rowspan=\"1\" width=\"auto\">PVC y m\u00e1s<\/td>\n<\/tr>\n<tr>\n<td colspan=\"1\" rowspan=\"1\" width=\"auto\">Embalaje<\/td>\n<td colspan=\"3\" rowspan=\"1\" width=\"auto\">Embalaje apto para la exportaci\u00f3n o seg\u00fan los requisitos del cliente<\/td>\n<\/tr>\n<tr>\n<td colspan=\"1\" rowspan=\"1\" width=\"auto\">Aplicaciones<\/td>\n<td colspan=\"3\" rowspan=\"1\" width=\"510\">Electrodom\u00e9sticos,Construcciones,Transporte,Ventanas y puertas<\/td>\n<\/tr>\n<\/tbody>\n<\/table>\n<\/div>\n<p><strong>Diferencia entre el metal base PPGI y el PPGL<\/strong><\/p>\n<p>1.PPGI es la abreviatura de acero galvanizado prelacado, mientras que PPGL es la abreviatura de acero galvalume prelacado. Como su nombre indica, PPGI utiliza chapas galvanizadas (con una capa de recubrimiento de zinc) como metal base. Mientras que el PPGL es con chapa de galvalume como sustrato, que se recubre con 55% de aluminio, 43,3% de zinc y 1,6% de silicio.<\/p>\n<p>2. El recubrimiento de Al-Zn es m\u00e1s resistente a la corrosi\u00f3n que la chapa de acero recubierta de zinc.<\/p>\n<p>3.Con el mismo peso, el revestimiento de Al-Zn puede cubrir 3% m\u00e1s de espacio que la l\u00e1mina GI.<\/p>\n<p>4.PPGL tiene mejor resistencia a la corrosi\u00f3n y al calor que PPGI.<\/p>\n<p>5.If usted no sabe c\u00f3mo elegir, los pls sienten libres de cntact me, y le daremos el soultion m\u00e1s conveniente.<\/p>\n<div data-w-e-type=\"imageTwo\">\n<div data-w-e-type=\"attachment\" data-imagetype=\"two\" data-attachmentid=\"\" data-attachmentkey=\"\" data-parenttype=\"imageTwo\" data-position=\"left\" data-imgurl=\"\" data-imagewidth=\"\" data-imageheight=\"\" data-url=\"\"><img decoding=\"async\" class=\"lazy\" src=\"https:\/\/p.globalsources.com\/IMAGES\/PDT\/B6016460690\/steel-coils.jpg\" data-src=\"https:\/\/p.globalsources.com\/IMAGES\/PDT\/B6016460690\/steel-coils.jpg\" data-extentions-extra-ocr-id=\"44a8fe60eeb6a8b5333d8a8d91f0963a\" \/><\/div>\n<div data-w-e-type=\"attachment\" data-imagetype=\"two\" data-attachmentid=\"\" data-attachmentkey=\"\" data-parenttype=\"imageTwo\" data-position=\"right\" data-imgurl=\"\" data-imagewidth=\"\" data-imageheight=\"\" data-url=\"\"><img decoding=\"async\" class=\"lazy\" src=\"https:\/\/p.globalsources.com\/IMAGES\/PDT\/B6016460688\/steel-coils.jpg\" data-src=\"https:\/\/p.globalsources.com\/IMAGES\/PDT\/B6016460688\/steel-coils.jpg\" data-extentions-extra-ocr-id=\"44a8fe60eeb6a8b5333d8a8d91f0963a\" \/><\/div>\n<\/div>\n<p>Bobina de acero galvanizado Bobina de acero galvalume<\/p>\n<p><strong>Bobinas de acero prepintadas Estructura<\/strong><\/p>\n<div data-w-e-type=\"imageSingle\">\n<div data-w-e-type=\"attachment\" data-imagetype=\"one\" data-attachmentid=\"\" data-attachmentkey=\"\" data-parenttype=\"imageSingle\" data-position=\"\" data-imgurl=\"\" data-imagewidth=\"\" data-imageheight=\"\" data-url=\"\"><img decoding=\"async\" class=\"lazy\" src=\"https:\/\/p.globalsources.com\/IMAGES\/PDT\/B6016460693\/steel-coils.png\" data-src=\"https:\/\/p.globalsources.com\/IMAGES\/PDT\/B6016460693\/steel-coils.png\" data-extentions-extra-ocr-id=\"44a8fe60eeb6a8b5333d8a8d91f0963a\" \/><\/div>\n<\/div>\n<p><strong>Pintura-Fluoruro de polivinilideno (PVDF)<\/strong><\/p>\n<p>Debido a la fuerte capacidad de enlace qu\u00edmico, <a class=\"gs-pp-link\" href=\"https:\/\/wzppgi.com\/what-is-pvdf-coating\/\" target=\"\">Revestimiento de PVDF<\/a> tiene una fuerte corrosividad y retenci\u00f3n del color. Adem\u00e1s, su gran peso molecular y su estructura lineal le confieren una gran resistencia qu\u00edmica, a los rayos UV y al calor. Incluso en un entorno t\u00edpico, su vida \u00fatil puede alcanzar los 20-25 a\u00f1os.<\/p>\n<div data-w-e-type=\"imageSingle\">\n<div data-w-e-type=\"attachment\" data-imagetype=\"one\" data-attachmentid=\"\" data-attachmentkey=\"\" data-parenttype=\"imageSingle\" data-position=\"\" data-imgurl=\"\" data-imagewidth=\"\" data-imageheight=\"\" data-url=\"\"><img decoding=\"async\" class=\"lazy\" src=\"https:\/\/p.globalsources.com\/IMAGES\/PDT\/B6016460689\/steel-coils.png\" data-src=\"https:\/\/p.globalsources.com\/IMAGES\/PDT\/B6016460689\/steel-coils.png\" data-extentions-extra-ocr-id=\"44a8fe60eeb6a8b5333d8a8d91f0963a\" \/><\/div>\n<\/div>\n<p><strong>Proceso de las bobinas de acero prelacado<\/strong><\/p>\n<div data-w-e-type=\"imageSingle\">\n<div data-w-e-type=\"attachment\" data-imagetype=\"one\" data-attachmentid=\"\" data-attachmentkey=\"\" data-parenttype=\"imageSingle\" data-position=\"\" data-imgurl=\"\" data-imagewidth=\"\" data-imageheight=\"\" data-url=\"\"><img decoding=\"async\" class=\"lazy\" src=\"https:\/\/p.globalsources.com\/IMAGES\/PDT\/B6016460695\/steel-coils.png\" data-src=\"https:\/\/p.globalsources.com\/IMAGES\/PDT\/B6016460695\/steel-coils.png\" data-extentions-extra-ocr-id=\"44a8fe60eeb6a8b5333d8a8d91f0963a\" \/><\/div>\n<\/div>\n<p><strong>Certificado<\/strong><\/p>\n<div data-w-e-type=\"imageSingle\">\n<div data-w-e-type=\"attachment\" data-imagetype=\"one\" data-attachmentid=\"\" data-attachmentkey=\"\" data-parenttype=\"imageSingle\" data-position=\"\" data-imgurl=\"\" data-imagewidth=\"\" data-imageheight=\"\" data-url=\"\"><img decoding=\"async\" class=\"lazy\" src=\"https:\/\/p.globalsources.com\/IMAGES\/PDT\/B6016460694\/steel-coils.jpg\" data-src=\"https:\/\/p.globalsources.com\/IMAGES\/PDT\/B6016460694\/steel-coils.jpg\" data-extentions-extra-ocr-id=\"44a8fe60eeb6a8b5333d8a8d91f0963a\" \/><\/div>\n<\/div>\n<p><strong>Campo de aplicaci\u00f3n<\/strong><\/p>\n<p>1. Electrodom\u00e9sticos, como las carcasas de frigor\u00edficos, aparatos de aire acondicionado, microondas, equipos de v\u00eddeo, etc.<\/p>\n<p>2. Construcciones, por ejemplo, techos, paredes, puertas ign\u00edfugas, tabiques, paneles s\u00e1ndwich, etc. En general, se utiliza mucho para la decoraci\u00f3n de interiores.<\/p>\n<p>3. Transporte, por ejemplo, el panel embellecedor interior del coche, mamparo marino, etc.<\/p>\n<p>4. Ventanas y puertas, como paneles de puertas, puertas de seguridad, puertas de garaje, marcos de puertas o ventanas, etc.<\/p>\n<div data-w-e-type=\"imageTwo\">\n<div data-w-e-type=\"attachment\" data-imagetype=\"two\" data-attachmentid=\"\" data-attachmentkey=\"\" data-parenttype=\"imageTwo\" data-position=\"left\" data-imgurl=\"\" data-imagewidth=\"\" data-imageheight=\"\" data-url=\"\"><img decoding=\"async\" class=\"lazy\" src=\"https:\/\/p.globalsources.com\/IMAGES\/PDT\/B6016460691\/steel-coils.jpg\" data-src=\"https:\/\/p.globalsources.com\/IMAGES\/PDT\/B6016460691\/steel-coils.jpg\" data-extentions-extra-ocr-id=\"44a8fe60eeb6a8b5333d8a8d91f0963a\" \/><\/div>\n<div data-w-e-type=\"attachment\" data-imagetype=\"two\" data-attachmentid=\"\" data-attachmentkey=\"\" data-parenttype=\"imageTwo\" data-position=\"right\" data-imgurl=\"\" data-imagewidth=\"\" data-imageheight=\"\" data-url=\"\"><img decoding=\"async\" class=\"lazy\" src=\"https:\/\/p.globalsources.com\/IMAGES\/PDT\/B6016460696\/steel-coils.jpg\" data-src=\"https:\/\/p.globalsources.com\/IMAGES\/PDT\/B6016460696\/steel-coils.jpg\" data-extentions-extra-ocr-id=\"44a8fe60eeb6a8b5333d8a8d91f0963a\" \/><\/div>\n<\/div>\n<p>ACERCA DE SINO METAL<\/p>\n<p>Shandong Sino Metal Co.,ltd es una empresa integrada l\u00edder en fabricaci\u00f3n y comercio en China<\/p>\n<p>Estamos especializados en acero laminado en fr\u00edo, acero galvanizado, acero Galvalume, acero prepintado y hojalata hojas \/ bobinas, tambi\u00e9n haciendo el procesamiento profundo de estos productos, por ejemplo, la fabricaci\u00f3n de las chapas onduladas de acero, chapa prepintada para techos, bobinas cortadas a tiras y as\u00ed sucesivamente.<\/p>\n<p>Empezamos nuestro negocio desde 2005, hoy hemos establecido nuestra propia f\u00e1brica para la fabricaci\u00f3n de Galvanizado, Galvalume y Pre-pintado de chapa para techos y chapa de acero, tambi\u00e9n hemos cooperado con nuestro socio para haber establecido la l\u00ednea de bobina de acero galvanizado, y las l\u00edneas de bobina de acero prepintado, nuestra capacidad de producci\u00f3n anual puede llegar a m\u00e1s de 300000 toneladas.<\/p>\n<div data-w-e-type=\"imageTwo\">\n<div data-w-e-type=\"attachment\" data-imagetype=\"two\" data-attachmentid=\"\" data-attachmentkey=\"\" data-parenttype=\"imageTwo\" data-position=\"left\" data-imgurl=\"\" data-imagewidth=\"\" data-imageheight=\"\" data-url=\"\"><img decoding=\"async\" class=\"lazy\" src=\"https:\/\/p.globalsources.com\/IMAGES\/PDT\/B6022180427\/steel-coils.jpg\" data-src=\"https:\/\/p.globalsources.com\/IMAGES\/PDT\/B6022180427\/steel-coils.jpg\" data-extentions-extra-ocr-id=\"44a8fe60eeb6a8b5333d8a8d91f0963a\" \/><\/div>\n<div data-w-e-type=\"attachment\" data-imagetype=\"two\" data-attachmentid=\"\" data-attachmentkey=\"\" data-parenttype=\"imageTwo\" data-position=\"right\" data-imgurl=\"\" data-imagewidth=\"\" data-imageheight=\"\" data-url=\"\"><img decoding=\"async\" class=\"lazy\" src=\"https:\/\/p.globalsources.com\/IMAGES\/PDT\/B6022180411\/steel-coils.jpg\" data-src=\"https:\/\/p.globalsources.com\/IMAGES\/PDT\/B6022180411\/steel-coils.jpg\" data-extentions-extra-ocr-id=\"44a8fe60eeb6a8b5333d8a8d91f0963a\" \/><\/div>\n<\/div>\n<\/div>\n<\/div>\n<\/div>\n<\/div>","protected":false},"excerpt":{"rendered":"<p>Product Information Shipping Information Main Export Markets Model Number SINOLC75A Brand Name Sino Metal origin China Small Orders Accepted Key Specifications\/ Special Features: Pattern printed steel is a kind of color coated steel product available in various patterns. Due to its pretty appearance, convenience, and excellent corrosion resistance, it is widely used in home appliances,&#8230;<\/p>","protected":false},"featured_media":999,"comment_status":"open","ping_status":"closed","template":"","meta":{"_kadence_starter_templates_imported_post":false,"_kad_post_transparent":"default","_kad_post_title":"","_kad_post_layout":"default","_kad_post_sidebar_id":"","_kad_post_content_style":"default","_kad_post_vertical_padding":"default","_kad_post_feature":"","_kad_post_feature_position":"","_kad_post_header":false,"_kad_post_footer":false},"product_brand":[],"product_cat":[30],"product_tag":[],"class_list":{"0":"post-1042","1":"product","2":"type-product","3":"status-publish","4":"has-post-thumbnail","6":"product_cat-pre-painted-galvalume-steel-coil-ppgl","8":"first","9":"instock","10":"shipping-taxable","11":"product-type-simple","12":"entry","13":"content-bg","14":"loop-entry"},"jetpack_sharing_enabled":true,"_links":{"self":[{"href":"https:\/\/cnsinometal.com\/es\/wp-json\/wp\/v2\/product\/1042","targetHints":{"allow":["GET"]}}],"collection":[{"href":"https:\/\/cnsinometal.com\/es\/wp-json\/wp\/v2\/product"}],"about":[{"href":"https:\/\/cnsinometal.com\/es\/wp-json\/wp\/v2\/types\/product"}],"replies":[{"embeddable":true,"href":"https:\/\/cnsinometal.com\/es\/wp-json\/wp\/v2\/comments?post=1042"}],"wp:featuredmedia":[{"embeddable":true,"href":"https:\/\/cnsinometal.com\/es\/wp-json\/wp\/v2\/media\/999"}],"wp:attachment":[{"href":"https:\/\/cnsinometal.com\/es\/wp-json\/wp\/v2\/media?parent=1042"}],"wp:term":[{"taxonomy":"product_brand","embeddable":true,"href":"https:\/\/cnsinometal.com\/es\/wp-json\/wp\/v2\/product_brand?post=1042"},{"taxonomy":"product_cat","embeddable":true,"href":"https:\/\/cnsinometal.com\/es\/wp-json\/wp\/v2\/product_cat?post=1042"},{"taxonomy":"product_tag","embeddable":true,"href":"https:\/\/cnsinometal.com\/es\/wp-json\/wp\/v2\/product_tag?post=1042"}],"curies":[{"name":"wp","href":"https:\/\/api.w.org\/{rel}","templated":true}]}}