{"id":1031,"date":"2025-09-23T10:43:46","date_gmt":"2025-09-23T02:43:46","guid":{"rendered":"https:\/\/cnsinometal.com\/?post_type=product&#038;p=1031"},"modified":"2025-09-23T10:44:57","modified_gmt":"2025-09-23T02:44:57","slug":"q195-high-quality-galvanized-steel-coil-gi-zero-spangle-oem-odm-z30-z275-construction-material","status":"publish","type":"product","link":"https:\/\/cnsinometal.com\/es\/producto\/q195-high-quality-galvanized-steel-coil-gi-zero-spangle-oem-odm-z30-z275-construction-material\/","title":{"rendered":"Q195 bobina de acero galvanizado de alta calidad GI Zero Spangle OEM ODM Z30-Z275 material de construcci\u00f3n"},"content":{"rendered":"<div class=\"tab ant-anchor-link\" data-v-e8f33c66=\"\">\n<div class=\"\" data-v-e8f33c66=\"\">\n<div class=\"ant-affix\">\n<div class=\"tabs affix-tabs affix-tab-box\" data-v-e8f33c66=\"\">\n<div class=\"ant-anchor-wrapper\" data-v-e8f33c66=\"\">\n<div class=\"ant-anchor fixed\">\n<div class=\"tab ant-anchor-link\" data-v-e8f33c66=\"\">\n<h2 data-v-e8f33c66=\"\">Informaci\u00f3n sobre el producto<\/h2>\n<\/div>\n<div class=\"tab ant-anchor-link ant-anchor-link-active\" data-v-e8f33c66=\"\">\n<h2 data-v-e8f33c66=\"\">Informaci\u00f3n de env\u00edo<\/h2>\n<\/div>\n<div class=\"tab ant-anchor-link\" data-v-e8f33c66=\"\">\n<h2 data-v-e8f33c66=\"\">Principales mercados de exportaci\u00f3n<\/h2>\n<\/div>\n<\/div>\n<\/div>\n<\/div>\n<\/div>\n<\/div>\n<div id=\"content\" class=\"content info-content\" data-v-e8f33c66=\"\">\n<div id=\"Product\" class=\"descriptions\" data-v-e8f33c66=\"\">\n<div class=\"ant-descriptions ant-descriptions-small ant-descriptions-bordered\" data-v-e8f33c66=\"\">\n<div class=\"ant-descriptions-view\">\n<table data-extentions-extra-tablecapture-id=\"411621\">\n<tbody>\n<tr class=\"ant-descriptions-row\">\n<th class=\"ant-descriptions-item-label ant-descriptions-item-colon\">N\u00famero de modelo<\/th>\n<td class=\"ant-descriptions-item-content\" colspan=\"5\">SINOLC19<\/td>\n<\/tr>\n<tr class=\"ant-descriptions-row\">\n<th class=\"ant-descriptions-item-label ant-descriptions-item-colon\">Marca<\/th>\n<td class=\"ant-descriptions-item-content\" colspan=\"5\">Sino Metal<\/td>\n<\/tr>\n<tr class=\"ant-descriptions-row\">\n<th class=\"ant-descriptions-item-label ant-descriptions-item-colon\">origen<\/th>\n<td class=\"ant-descriptions-item-content\" colspan=\"5\">China<\/td>\n<\/tr>\n<tr class=\"ant-descriptions-row\">\n<th class=\"ant-descriptions-item-label ant-descriptions-item-colon\">Peque\u00f1os pedidos<\/th>\n<td class=\"ant-descriptions-item-content\" colspan=\"5\">Aceptado<\/td>\n<\/tr>\n<\/tbody>\n<\/table>\n<\/div>\n<\/div>\n<\/div>\n<div class=\"certifications-box\" data-v-e8f33c66=\"\">\n<div class=\"specifications\" data-v-e8f33c66=\"\">\n<h3 class=\"specifications-title\" data-v-e8f33c66=\"\">Especificaciones clave\/ Caracter\u00edsticas especiales:<\/h3>\n<div class=\"tpl_txt_editor\" data-v-e8f33c66=\"\">\n<p><strong>La chapa de acero galvanizado con lentejuelas es la lentejuela obtenida por la condensaci\u00f3n del revestimiento de zinc en condiciones normales tras la galvanizaci\u00f3n. Se utiliza principalmente en edificios y otros lugares donde hay poco contacto directo con el cuerpo humano.<\/strong><\/p>\n<p>&nbsp;<\/p>\n<p><strong>Las chapas de acero galvanizado sin lentejuelas se fabrican principalmente mediante un proceso de producci\u00f3n especial para controlar el plomo en el caldero de zinc hasta un determinado nivel, o bien, una vez que el fleje de acero sale del caldero de galvanizado, se somete a un tratamiento especial para controlar las lentejuelas hasta un nivel inferior a un determinado nivel. Se utiliza principalmente en carcasas de electrodom\u00e9sticos<\/strong><\/p>\n<div class=\"gs-desc-table\">\n<table data-extentions-extra-tablecapture-id=\"981820\">\n<tbody>\n<tr>\n<td colspan=\"1\" rowspan=\"1\" width=\"177\">Nombre del producto<\/td>\n<td colspan=\"3\" rowspan=\"1\" width=\"510\">Bobina de acero galvanizado<\/td>\n<\/tr>\n<tr>\n<td colspan=\"1\" rowspan=\"1\" width=\"auto\">Marca<\/td>\n<td colspan=\"3\" rowspan=\"1\" width=\"auto\">SINO METAL<\/td>\n<\/tr>\n<tr>\n<td colspan=\"1\" rowspan=\"1\" width=\"auto\">Normas<\/td>\n<td colspan=\"3\" rowspan=\"1\" width=\"auto\">ASTM\/AISI\/BS\/DIN\/JIS\/GB y m\u00e1s<\/td>\n<\/tr>\n<tr>\n<td colspan=\"1\" rowspan=\"1\" width=\"auto\">Espesor<\/td>\n<td colspan=\"3\" rowspan=\"1\" width=\"auto\">0,12-4,00 mm<\/td>\n<\/tr>\n<tr>\n<td colspan=\"1\" rowspan=\"1\" width=\"auto\">Anchura<\/td>\n<td colspan=\"3\" rowspan=\"1\" width=\"auto\">30-1500 mm<\/td>\n<\/tr>\n<tr>\n<td colspan=\"1\" rowspan=\"1\" width=\"auto\">Longitud<\/td>\n<td colspan=\"3\" rowspan=\"1\" width=\"auto\">Seg\u00fan las necesidades del cliente<\/td>\n<\/tr>\n<tr>\n<td colspan=\"1\" rowspan=\"1\" width=\"auto\">Certificados<\/td>\n<td colspan=\"3\" rowspan=\"1\" width=\"auto\">ISO 9001\/ISO 14001\/SGS\/SONCAP<\/td>\n<\/tr>\n<tr>\n<td colspan=\"1\" rowspan=\"1\" width=\"auto\">Base met\u00e1lica<\/td>\n<td colspan=\"3\" rowspan=\"1\" width=\"auto\">CRC\/HRC<\/td>\n<\/tr>\n<tr>\n<td colspan=\"1\" rowspan=\"1\" width=\"auto\">Revestimiento de zinc<\/td>\n<td colspan=\"3\" rowspan=\"1\" width=\"auto\">40-275 g\/m2<\/td>\n<\/tr>\n<tr>\n<td colspan=\"1\" rowspan=\"1\" width=\"auto\">Dureza<\/td>\n<td colspan=\"3\" rowspan=\"1\" width=\"auto\">HRB55-HRB90<\/td>\n<\/tr>\n<tr>\n<td colspan=\"1\" rowspan=\"1\" width=\"auto\">Pel\u00edcula de guardia<\/td>\n<td colspan=\"3\" rowspan=\"1\" width=\"auto\">PVC y m\u00e1s<\/td>\n<\/tr>\n<tr>\n<td colspan=\"1\" rowspan=\"1\" width=\"auto\">Estructura de la superficie<\/td>\n<td colspan=\"3\" rowspan=\"1\" width=\"auto\">Cero Spangle\/Spangle<\/td>\n<\/tr>\n<tr>\n<td colspan=\"1\" rowspan=\"1\" width=\"auto\">Embalaje<\/td>\n<td colspan=\"3\" rowspan=\"1\" width=\"auto\">Embalaje apto para la exportaci\u00f3n o seg\u00fan los requisitos del cliente<\/td>\n<\/tr>\n<tr>\n<td colspan=\"1\" rowspan=\"2\" width=\"auto\">Aplicaciones<\/td>\n<td colspan=\"3\" rowspan=\"2\" width=\"510\">electrodom\u00e9sticos, paneles para oficinas, chapas para tejados, paneles para autom\u00f3viles, construcci\u00f3n y sustrato de bobinas de acero prelacado.<\/td>\n<\/tr>\n<\/tbody>\n<\/table>\n<\/div>\n<div data-w-e-type=\"imageTwo\">\n<div data-w-e-type=\"attachment\" data-imagetype=\"two\" data-attachmentid=\"\" data-attachmentkey=\"\" data-parenttype=\"imageTwo\" data-position=\"left\" data-imgurl=\"\" data-imagewidth=\"\" data-imageheight=\"\"><img decoding=\"async\" class=\"lazy\" src=\"https:\/\/p.globalsources.com\/IMAGES\/PDT\/B5567332045\/Cold-rolled-galvanized-steel-coils.jpg\" data-image=\"5567332045\" data-src=\"https:\/\/p.globalsources.com\/IMAGES\/PDT\/B5567332045\/Cold-rolled-galvanized-steel-coils.jpg\" data-extentions-extra-ocr-id=\"44a8fe60eeb6a8b5333d8a8d91f0963a\" \/><\/div>\n<div data-w-e-type=\"attachment\" data-imagetype=\"two\" data-attachmentid=\"\" data-attachmentkey=\"\" data-parenttype=\"imageTwo\" data-position=\"right\" data-imgurl=\"\" data-imagewidth=\"\" data-imageheight=\"\"><img decoding=\"async\" class=\"lazy\" src=\"https:\/\/p.globalsources.com\/IMAGES\/PDT\/B5567332052\/Cold-rolled-galvanized-steel-coils.jpg\" data-image=\"5567332052\" data-src=\"https:\/\/p.globalsources.com\/IMAGES\/PDT\/B5567332052\/Cold-rolled-galvanized-steel-coils.jpg\" data-extentions-extra-ocr-id=\"44a8fe60eeb6a8b5333d8a8d91f0963a\" \/><\/div>\n<\/div>\n<p>Spangle Zero Spangle<\/p>\n<p><strong>Capa de revestimiento galvanizado<\/strong><\/p>\n<div data-w-e-type=\"imageSingle\">\n<div data-w-e-type=\"attachment\" data-imagetype=\"one\" data-attachmentid=\"\" data-attachmentkey=\"\" data-parenttype=\"imageSingle\" data-position=\"\" data-imgurl=\"\" data-imagewidth=\"\" data-imageheight=\"\"><img decoding=\"async\" class=\"lazy\" src=\"https:\/\/p.globalsources.com\/IMAGES\/PDT\/B5567332053\/Cold-rolled-galvanized-steel-coils.jpg\" data-image=\"5567332053\" data-src=\"https:\/\/p.globalsources.com\/IMAGES\/PDT\/B5567332053\/Cold-rolled-galvanized-steel-coils.jpg\" data-extentions-extra-ocr-id=\"44a8fe60eeb6a8b5333d8a8d91f0963a\" \/><\/div>\n<\/div>\n<div data-w-e-type=\"imageSingle\">\n<div data-w-e-type=\"attachment\" data-imagetype=\"one\" data-attachmentid=\"\" data-attachmentkey=\"\" data-parenttype=\"imageSingle\" data-position=\"\" data-imgurl=\"\" data-imagewidth=\"\" data-imageheight=\"\"><img decoding=\"async\" class=\"lazy\" src=\"https:\/\/p.globalsources.com\/IMAGES\/PDT\/B5567332054\/Cold-rolled-galvanized-steel-coils.png\" data-image=\"5567332054\" data-src=\"https:\/\/p.globalsources.com\/IMAGES\/PDT\/B5567332054\/Cold-rolled-galvanized-steel-coils.png\" data-extentions-extra-ocr-id=\"44a8fe60eeb6a8b5333d8a8d91f0963a\" \/><\/div>\n<\/div>\n<p><strong>Certificado<\/strong><\/p>\n<div data-w-e-type=\"imageSingle\">\n<div data-w-e-type=\"attachment\" data-imagetype=\"one\" data-attachmentid=\"\" data-attachmentkey=\"\" data-parenttype=\"imageSingle\" data-position=\"\" data-imgurl=\"\" data-imagewidth=\"\" data-imageheight=\"\"><img decoding=\"async\" class=\"lazy\" src=\"https:\/\/p.globalsources.com\/IMAGES\/PDT\/B5567332081\/Cold-rolled-galvanized-steel-coils.jpg\" data-image=\"5567332081\" data-src=\"https:\/\/p.globalsources.com\/IMAGES\/PDT\/B5567332081\/Cold-rolled-galvanized-steel-coils.jpg\" data-extentions-extra-ocr-id=\"44a8fe60eeb6a8b5333d8a8d91f0963a\" \/><\/div>\n<\/div>\n<p>ACERCA DE SINO METAL<\/p>\n<p>Shandong Sino Metal Co.,ltd es una empresa integrada l\u00edder en fabricaci\u00f3n y comercio en China<\/p>\n<p>Estamos especializados en acero laminado en fr\u00edo, acero galvanizado, acero Galvalume, acero prepintado y hojalata hojas \/ bobinas, tambi\u00e9n haciendo el procesamiento profundo de estos productos, por ejemplo, la fabricaci\u00f3n de las chapas onduladas de acero, chapa prepintada para techos, bobinas cortadas a tiras y as\u00ed sucesivamente.<\/p>\n<p>Empezamos nuestro negocio desde 2005, hoy hemos establecido nuestra propia f\u00e1brica para la fabricaci\u00f3n de Galvanizado, Galvalume y Pre-pintado de chapa para techos y chapa de acero, tambi\u00e9n hemos cooperado con nuestro socio para haber establecido la l\u00ednea de bobina de acero galvanizado, y las l\u00edneas de bobina de acero prepintado, nuestra capacidad de producci\u00f3n anual puede llegar a m\u00e1s de 300000 toneladas.<\/p>\n<div data-w-e-type=\"imageTwo\">\n<div data-w-e-type=\"attachment\" data-imagetype=\"two\" data-attachmentid=\"\" data-attachmentkey=\"\" data-parenttype=\"imageTwo\" data-position=\"left\" data-imgurl=\"\" data-imagewidth=\"\" data-imageheight=\"\"><img decoding=\"async\" class=\"lazy\" src=\"https:\/\/p.globalsources.com\/IMAGES\/PDT\/B5567332060\/Cold-rolled-galvanized-steel-coils.jpg\" data-image=\"5567332060\" data-src=\"https:\/\/p.globalsources.com\/IMAGES\/PDT\/B5567332060\/Cold-rolled-galvanized-steel-coils.jpg\" data-extentions-extra-ocr-id=\"44a8fe60eeb6a8b5333d8a8d91f0963a\" \/><\/div>\n<div data-w-e-type=\"attachment\" data-imagetype=\"two\" data-attachmentid=\"\" data-attachmentkey=\"\" data-parenttype=\"imageTwo\" data-position=\"right\" data-imgurl=\"\" data-imagewidth=\"\" data-imageheight=\"\"><img decoding=\"async\" class=\"lazy\" src=\"https:\/\/p.globalsources.com\/IMAGES\/PDT\/B5567332061\/Cold-rolled-galvanized-steel-coils.jpg\" data-image=\"5567332061\" data-src=\"https:\/\/p.globalsources.com\/IMAGES\/PDT\/B5567332061\/Cold-rolled-galvanized-steel-coils.jpg\" data-extentions-extra-ocr-id=\"44a8fe60eeb6a8b5333d8a8d91f0963a\" \/><\/div>\n<\/div>\n<div data-w-e-type=\"imageSingle\">\n<div data-w-e-type=\"attachment\" data-imagetype=\"one\" data-attachmentid=\"\" data-attachmentkey=\"\" data-parenttype=\"imageSingle\" data-position=\"\" data-imgurl=\"\" data-imagewidth=\"808\" data-imageheight=\"484\"><\/div>\n<\/div>\n<\/div>\n<\/div>\n<div class=\"textImg-box\" data-v-d0e03504=\"\" data-v-e8f33c66=\"\"><\/div>\n<\/div>\n<div id=\"Shipping\" class=\"certifications\" data-v-e8f33c66=\"\">\n<h3 class=\"title\" data-v-e8f33c66=\"\">Informaci\u00f3n de env\u00edo<\/h3>\n<div class=\"certifications-content\" data-v-e8f33c66=\"\">\n<div class=\"ant-descriptions ant-descriptions-small ant-descriptions-bordered\" data-v-e8f33c66=\"\">\n<div class=\"ant-descriptions-view\">\n<table data-extentions-extra-tablecapture-id=\"71220\">\n<tbody>\n<tr class=\"ant-descriptions-row\">\n<th class=\"ant-descriptions-item-label ant-descriptions-item-colon\">C\u00f3digo HTS<\/th>\n<td class=\"ant-descriptions-item-content\" colspan=\"5\">7210.49.00 00<\/td>\n<\/tr>\n<\/tbody>\n<\/table>\n<\/div>\n<\/div>\n<div class=\"ant-descriptions ant-descriptions-small ant-descriptions-bordered\" data-v-e8f33c66=\"\">\n<div class=\"ant-descriptions-view\">\n<table data-extentions-extra-tablecapture-id=\"577522\">\n<tbody>\n<tr class=\"ant-descriptions-row\">\n<th class=\"ant-descriptions-item-label ant-descriptions-item-colon\">Plazos de entrega<\/th>\n<td class=\"ant-descriptions-item-content\" colspan=\"5\">7-15 d\u00edas<\/td>\n<\/tr>\n<\/tbody>\n<\/table>\n<\/div>\n<\/div>\n<\/div>\n<\/div>\n<div id=\"MainExportMarkets\" class=\"markets\" data-v-e8f33c66=\"\">\n<h3 class=\"title\" data-v-e8f33c66=\"\">Principales mercados de exportaci\u00f3n<\/h3>\n<div class=\"markets-content\" data-v-e8f33c66=\"\">\n<div class=\"markets-content-row\" data-v-e8f33c66=\"\">\n<div class=\"item\" data-v-e8f33c66=\"\">- Asia<\/div>\n<div class=\"item\" data-v-e8f33c66=\"\">- Australasia<\/div>\n<div class=\"item\" data-v-e8f33c66=\"\">- Am\u00e9rica Central y del Sur<\/div>\n<div class=\"item\" data-v-e8f33c66=\"\">- Europa del Este<\/div>\n<\/div>\n<div class=\"markets-content-row\" data-v-e8f33c66=\"\">\n<div class=\"item\" data-v-e8f33c66=\"\">- Oriente Medio\/\u00c1frica<\/div>\n<div class=\"item\" data-v-e8f33c66=\"\">- Norteam\u00e9rica<\/div>\n<div class=\"item\" data-v-e8f33c66=\"\">- Europa Occidental<\/div>\n<\/div>\n<\/div>\n<\/div>\n<\/div>\n<\/div>","protected":false},"excerpt":{"rendered":"<div class=\"\" data-v-e8f33c66=\"\">\n<div class=\"ant-affix\">\n<div class=\"tabs affix-tabs affix-tab-box\" data-v-e8f33c66=\"\">\n<div class=\"ant-anchor-wrapper\" data-v-e8f33c66=\"\">\n<div class=\"ant-anchor fixed\">\n<div class=\"tab ant-anchor-link\" data-v-e8f33c66=\"\">\n<h2 data-v-e8f33c66=\"\">Principales mercados de exportaci\u00f3n<\/h2>\n<\/div>\n<\/div>\n<\/div>\n<\/div>\n<\/div>\n<\/div>\n<div id=\"content\" class=\"content info-content\" data-v-e8f33c66=\"\">\n<div id=\"Product\" class=\"descriptions\" data-v-e8f33c66=\"\">\n<div class=\"ant-descriptions ant-descriptions-small ant-descriptions-bordered\" data-v-e8f33c66=\"\">\n<div class=\"ant-descriptions-view\">\n<table data-extentions-extra-tablecapture-id=\"411621\">\n<tbody>\n<tr class=\"ant-descriptions-row\">\n<th class=\"ant-descriptions-item-label ant-descriptions-item-colon\">N\u00famero de modelo<\/th>\n<td class=\"ant-descriptions-item-content\" colspan=\"5\">SINOLC19<\/td>\n<\/tr>\n<tr class=\"ant-descriptions-row\">\n<th class=\"ant-descriptions-item-label ant-descriptions-item-colon\">Marca<\/th>\n<td class=\"ant-descriptions-item-content\" colspan=\"5\">Sino Metal<\/td>\n<\/tr>\n<tr class=\"ant-descriptions-row\">\n<th class=\"ant-descriptions-item-label ant-descriptions-item-colon\">origen<\/th>\n<td class=\"ant-descriptions-item-content\" colspan=\"5\">China<\/td>\n<\/tr>\n<tr class=\"ant-descriptions-row\">\n<th class=\"ant-descriptions-item-label ant-descriptions-item-colon\">Peque\u00f1os pedidos<\/th>\n<td class=\"ant-descriptions-item-content\" colspan=\"5\">Aceptado<\/td>\n<\/tr>\n<\/tbody>\n<\/table>\n<\/div>\n<\/div>\n<\/div>\n<\/div>","protected":false},"featured_media":1024,"comment_status":"open","ping_status":"closed","template":"","meta":{"_kadence_starter_templates_imported_post":false,"_kad_post_transparent":"default","_kad_post_title":"","_kad_post_layout":"default","_kad_post_sidebar_id":"","_kad_post_content_style":"default","_kad_post_vertical_padding":"default","_kad_post_feature":"","_kad_post_feature_position":"","_kad_post_header":false,"_kad_post_footer":false},"product_brand":[],"product_cat":[27],"product_tag":[],"class_list":{"0":"post-1031","1":"product","2":"type-product","3":"status-publish","4":"has-post-thumbnail","6":"product_cat-galvanized-steel-coil-gi","8":"first","9":"instock","10":"shipping-taxable","11":"product-type-simple","12":"entry","13":"content-bg","14":"loop-entry"},"jetpack_sharing_enabled":true,"_links":{"self":[{"href":"https:\/\/cnsinometal.com\/es\/wp-json\/wp\/v2\/product\/1031","targetHints":{"allow":["GET"]}}],"collection":[{"href":"https:\/\/cnsinometal.com\/es\/wp-json\/wp\/v2\/product"}],"about":[{"href":"https:\/\/cnsinometal.com\/es\/wp-json\/wp\/v2\/types\/product"}],"replies":[{"embeddable":true,"href":"https:\/\/cnsinometal.com\/es\/wp-json\/wp\/v2\/comments?post=1031"}],"wp:featuredmedia":[{"embeddable":true,"href":"https:\/\/cnsinometal.com\/es\/wp-json\/wp\/v2\/media\/1024"}],"wp:attachment":[{"href":"https:\/\/cnsinometal.com\/es\/wp-json\/wp\/v2\/media?parent=1031"}],"wp:term":[{"taxonomy":"product_brand","embeddable":true,"href":"https:\/\/cnsinometal.com\/es\/wp-json\/wp\/v2\/product_brand?post=1031"},{"taxonomy":"product_cat","embeddable":true,"href":"https:\/\/cnsinometal.com\/es\/wp-json\/wp\/v2\/product_cat?post=1031"},{"taxonomy":"product_tag","embeddable":true,"href":"https:\/\/cnsinometal.com\/es\/wp-json\/wp\/v2\/product_tag?post=1031"}],"curies":[{"name":"wp","href":"https:\/\/api.w.org\/{rel}","templated":true}]}}