{"id":1018,"date":"2025-08-26T11:21:16","date_gmt":"2025-08-26T03:21:16","guid":{"rendered":"http:\/\/cnsinometal.com\/?post_type=product&#038;p=1018"},"modified":"2025-08-26T11:21:16","modified_gmt":"2025-08-26T03:21:16","slug":"coated-alloy-steel-corrosion-resistant-aluzinc-steel-coil-sheet","status":"publish","type":"product","link":"https:\/\/cnsinometal.com\/es\/producto\/coated-alloy-steel-corrosion-resistant-aluzinc-steel-coil-sheet\/","title":{"rendered":"Aleaci\u00f3n de acero recubierto resistente a la corrosi\u00f3n Aluzinc bobina \/ hoja de acero"},"content":{"rendered":"<div class=\"\" data-v-e8f33c66=\"\">\n<div class=\"ant-affix\">\n<div class=\"tabs affix-tabs affix-tab-box\" data-v-e8f33c66=\"\">\n<div class=\"ant-anchor-wrapper\" data-v-e8f33c66=\"\">\n<div class=\"ant-anchor fixed\">\n<div class=\"tab ant-anchor-link\" data-v-e8f33c66=\"\">\n<h2 data-v-e8f33c66=\"\">Informaci\u00f3n sobre el producto<\/h2>\n<\/div>\n<div class=\"tab ant-anchor-link\" data-v-e8f33c66=\"\">\n<h2 data-v-e8f33c66=\"\">Informaci\u00f3n de env\u00edo<\/h2>\n<\/div>\n<div class=\"tab ant-anchor-link ant-anchor-link-active\" data-v-e8f33c66=\"\">\n<h2 data-v-e8f33c66=\"\">Principales mercados de exportaci\u00f3n<\/h2>\n<\/div>\n<div class=\"tab ant-anchor-link\" data-v-e8f33c66=\"\">\n<h2 data-v-e8f33c66=\"\">Datos de pago<\/h2>\n<\/div>\n<\/div>\n<\/div>\n<\/div>\n<\/div>\n<\/div>\n<div id=\"content\" class=\"content info-content\" data-v-e8f33c66=\"\">\n<div id=\"Product\" class=\"descriptions\" data-v-e8f33c66=\"\">\n<div class=\"ant-descriptions ant-descriptions-small ant-descriptions-bordered\" data-v-e8f33c66=\"\">\n<div class=\"ant-descriptions-view\">\n<table data-extentions-extra-tablecapture-id=\"845521\">\n<tbody>\n<tr class=\"ant-descriptions-row\">\n<th class=\"ant-descriptions-item-label ant-descriptions-item-colon\">N\u00famero de modelo<\/th>\n<td class=\"ant-descriptions-item-content\" colspan=\"5\">Sino0700<\/td>\n<\/tr>\n<tr class=\"ant-descriptions-row\">\n<th class=\"ant-descriptions-item-label ant-descriptions-item-colon\">Marca<\/th>\n<td class=\"ant-descriptions-item-content\" colspan=\"5\">Shandong Sino<\/td>\n<\/tr>\n<tr class=\"ant-descriptions-row\">\n<th class=\"ant-descriptions-item-label ant-descriptions-item-colon\">origen<\/th>\n<td class=\"ant-descriptions-item-content\" colspan=\"5\">China<\/td>\n<\/tr>\n<tr class=\"ant-descriptions-row\">\n<th class=\"ant-descriptions-item-label ant-descriptions-item-colon\">Peque\u00f1os pedidos<\/th>\n<td class=\"ant-descriptions-item-content\" colspan=\"5\">Aceptado<\/td>\n<\/tr>\n<\/tbody>\n<\/table>\n<\/div>\n<\/div>\n<\/div>\n<div class=\"certifications-box\" data-v-e8f33c66=\"\">\n<div class=\"specifications\" data-v-e8f33c66=\"\">\n<h3 class=\"specifications-title\" data-v-e8f33c66=\"\">Especificaciones clave\/ Caracter\u00edsticas especiales:<\/h3>\n<div class=\"tpl_txt_editor\" data-v-e8f33c66=\"\">\n<p>Par\u00e1metros del producto<\/p>\n<p><strong>Completo duro de alta calidad precio razonable de buena calidad por inmersi\u00f3n en caliente de acero Galvalume Coil<\/strong><\/p>\n<div class=\"gs-desc-table\">\n<table data-extentions-extra-tablecapture-id=\"652356\">\n<tbody>\n<tr>\n<td colspan=\"1\" rowspan=\"1\" width=\"auto\">Productos<\/td>\n<td colspan=\"1\" rowspan=\"1\" width=\"auto\">Bobina GL<\/td>\n<\/tr>\n<tr>\n<td colspan=\"1\" rowspan=\"1\" width=\"auto\">Grado<\/td>\n<td colspan=\"1\" rowspan=\"1\" width=\"auto\">SGCH,SGCC,DX51D,DC51D,ASTM A653<\/td>\n<\/tr>\n<tr>\n<td colspan=\"1\" rowspan=\"1\" width=\"auto\">Est\u00e1ndar<\/td>\n<td colspan=\"1\" rowspan=\"1\" width=\"auto\">JIS G3302,JIS G3312,EN10142,ASTM A653M<\/td>\n<\/tr>\n<tr>\n<td colspan=\"1\" rowspan=\"1\" width=\"auto\">Espesor<\/td>\n<td colspan=\"1\" rowspan=\"1\" width=\"auto\">0,12 mm-1,2 mm<\/td>\n<\/tr>\n<tr>\n<td colspan=\"1\" rowspan=\"1\" width=\"auto\">Anchura<\/td>\n<td colspan=\"1\" rowspan=\"1\" width=\"auto\">600mm-1250mm<\/td>\n<\/tr>\n<tr>\n<td colspan=\"1\" rowspan=\"1\" width=\"auto\">Revestimiento AZ<\/td>\n<td colspan=\"1\" rowspan=\"1\" width=\"auto\">30-275 g\/m2<\/td>\n<\/tr>\n<tr>\n<td colspan=\"1\" rowspan=\"1\" width=\"auto\">Plazo de entrega<\/td>\n<td colspan=\"1\" rowspan=\"1\" width=\"auto\">20 d\u00edas despu\u00e9s de recibir la LC o el dep\u00f3sito.<\/td>\n<\/tr>\n<tr>\n<td colspan=\"1\" rowspan=\"1\" width=\"auto\">Condiciones de pago<\/td>\n<td colspan=\"1\" rowspan=\"1\" width=\"auto\">L\/C,D\/A,D\/P,T\/T,Western Union<\/td>\n<\/tr>\n<tr>\n<td colspan=\"1\" rowspan=\"1\" width=\"auto\">Capacidad de suministro<\/td>\n<td colspan=\"1\" rowspan=\"1\" width=\"auto\">10000 toneladas m\u00e9tricas\/toneladas m\u00e9tricas al mes<\/td>\n<\/tr>\n<tr>\n<td colspan=\"1\" rowspan=\"1\" width=\"auto\">MOQ<\/td>\n<td colspan=\"1\" rowspan=\"1\" width=\"auto\">25 toneladas m\u00e9tricas<\/td>\n<\/tr>\n<tr>\n<td colspan=\"1\" rowspan=\"1\" width=\"auto\">Aplicaci\u00f3n<\/td>\n<td colspan=\"1\" rowspan=\"1\" width=\"auto\">Mec\u00e1nica&amp;fabricaci\u00f3n,Estructura de acero,Construcci\u00f3n naval,Puentes<\/p>\n<p>Productos<\/p>\n<p><img decoding=\"async\" class=\"lazy\" src=\"https:\/\/sc04.alicdn.com\/kf\/H4318adbe65284a9dae03483bc15e2ee50\/229169152\/H4318adbe65284a9dae03483bc15e2ee50.jpg\" alt=\"\" data-href=\"\" data-src=\"https:\/\/sc04.alicdn.com\/kf\/H4318adbe65284a9dae03483bc15e2ee50\/229169152\/H4318adbe65284a9dae03483bc15e2ee50.jpg\" data-extentions-extra-ocr-id=\"44a8fe60eeb6a8b5333d8a8d91f0963a\" \/><br \/>\n<img decoding=\"async\" class=\"lazy\" src=\"https:\/\/sc04.alicdn.com\/kf\/HTB182UzN3HqK1RjSZJnq6zNLpXaD\/229169152\/HTB182UzN3HqK1RjSZJnq6zNLpXaD.jpg\" alt=\"\" data-href=\"\" data-src=\"https:\/\/sc04.alicdn.com\/kf\/HTB182UzN3HqK1RjSZJnq6zNLpXaD\/229169152\/HTB182UzN3HqK1RjSZJnq6zNLpXaD.jpg\" data-extentions-extra-ocr-id=\"44a8fe60eeb6a8b5333d8a8d91f0963a\" \/><br \/>\n<img decoding=\"async\" class=\"lazy\" src=\"https:\/\/sc04.alicdn.com\/kf\/H3aea180f3eef4dff9bce3b3d2d8051d6S\/229169152\/H3aea180f3eef4dff9bce3b3d2d8051d6S.jpg\" alt=\"\" data-href=\"\" data-src=\"https:\/\/sc04.alicdn.com\/kf\/H3aea180f3eef4dff9bce3b3d2d8051d6S\/229169152\/H3aea180f3eef4dff9bce3b3d2d8051d6S.jpg\" data-extentions-extra-ocr-id=\"44a8fe60eeb6a8b5333d8a8d91f0963a\" \/><\/p>\n<p><img decoding=\"async\" class=\"lazy\" src=\"https:\/\/sc04.alicdn.com\/kf\/H8b6b6a2efbbb442ba5bbcf9ad82a8b22o\/229169152\/H8b6b6a2efbbb442ba5bbcf9ad82a8b22o.jpg\" alt=\"\" data-href=\"\" data-src=\"https:\/\/sc04.alicdn.com\/kf\/H8b6b6a2efbbb442ba5bbcf9ad82a8b22o\/229169152\/H8b6b6a2efbbb442ba5bbcf9ad82a8b22o.jpg\" data-extentions-extra-ocr-id=\"44a8fe60eeb6a8b5333d8a8d91f0963a\" \/><br \/>\n<img decoding=\"async\" class=\"lazy\" src=\"https:\/\/sc04.alicdn.com\/kf\/HTB1ftg6atfvK1RjSspoq6zfNpXaw\/229169152\/HTB1ftg6atfvK1RjSspoq6zfNpXaw.jpg\" alt=\"\" data-href=\"\" data-src=\"https:\/\/sc04.alicdn.com\/kf\/HTB1ftg6atfvK1RjSspoq6zfNpXaw\/229169152\/HTB1ftg6atfvK1RjSspoq6zfNpXaw.jpg\" data-extentions-extra-ocr-id=\"44a8fe60eeb6a8b5333d8a8d91f0963a\" \/><\/p>\n<p><img decoding=\"async\" class=\"lazy\" src=\"https:\/\/sc04.alicdn.com\/kf\/H2d264373251e418793743929b9b468d0U\/229169152\/H2d264373251e418793743929b9b468d0U.jpg\" alt=\"\" data-href=\"\" data-src=\"https:\/\/sc04.alicdn.com\/kf\/H2d264373251e418793743929b9b468d0U\/229169152\/H2d264373251e418793743929b9b468d0U.jpg\" data-extentions-extra-ocr-id=\"44a8fe60eeb6a8b5333d8a8d91f0963a\" \/><br \/>\n<img decoding=\"async\" class=\"lazy\" src=\"https:\/\/sc04.alicdn.com\/kf\/HTB1TvE_asfrK1RjSszc760GGFXaM\/229169152\/HTB1TvE_asfrK1RjSszc760GGFXaM.png\" alt=\"\" data-href=\"\" data-src=\"https:\/\/sc04.alicdn.com\/kf\/HTB1TvE_asfrK1RjSszc760GGFXaM\/229169152\/HTB1TvE_asfrK1RjSszc760GGFXaM.png\" data-extentions-extra-ocr-id=\"44a8fe60eeb6a8b5333d8a8d91f0963a\" \/><\/p>\n<p><img decoding=\"async\" class=\"lazy\" src=\"https:\/\/sc04.alicdn.com\/kf\/HTB1A.0aaODxK1Rjy1zcq6yGeXXaa\/229169152\/HTB1A.0aaODxK1Rjy1zcq6yGeXXaa.jpg\" alt=\"\" data-href=\"\" data-src=\"https:\/\/sc04.alicdn.com\/kf\/HTB1A.0aaODxK1Rjy1zcq6yGeXXaa\/229169152\/HTB1A.0aaODxK1Rjy1zcq6yGeXXaa.jpg\" data-extentions-extra-ocr-id=\"44a8fe60eeb6a8b5333d8a8d91f0963a\" \/><br \/>\n<img decoding=\"async\" class=\"lazy\" src=\"https:\/\/sc04.alicdn.com\/kf\/HTB1uEVaaJfvK1RjSszhq6AcGFXaR\/229169152\/HTB1uEVaaJfvK1RjSszhq6AcGFXaR.jpg\" alt=\"\" data-href=\"\" data-src=\"https:\/\/sc04.alicdn.com\/kf\/HTB1uEVaaJfvK1RjSszhq6AcGFXaR\/229169152\/HTB1uEVaaJfvK1RjSszhq6AcGFXaR.jpg\" data-extentions-extra-ocr-id=\"44a8fe60eeb6a8b5333d8a8d91f0963a\" \/><\/td>\n<\/tr>\n<\/tbody>\n<\/table>\n<\/div>\n<\/div>\n<\/div>\n<div class=\"textImg-box\" data-v-d0e03504=\"\" data-v-e8f33c66=\"\"><\/div>\n<\/div>\n<div id=\"Shipping\" class=\"certifications\" data-v-e8f33c66=\"\">\n<h3 class=\"title\" data-v-e8f33c66=\"\">Informaci\u00f3n de env\u00edo<\/h3>\n<div class=\"certifications-content\" data-v-e8f33c66=\"\">\n<div class=\"ant-descriptions ant-descriptions-small ant-descriptions-bordered\" data-v-e8f33c66=\"\">\n<div class=\"ant-descriptions-view\">\n<table data-extentions-extra-tablecapture-id=\"872375\">\n<tbody>\n<tr class=\"ant-descriptions-row\">\n<th class=\"ant-descriptions-item-label ant-descriptions-item-colon\">Puerto FOB<\/th>\n<td class=\"ant-descriptions-item-content\" colspan=\"5\">Qingdao<\/td>\n<\/tr>\n<tr class=\"ant-descriptions-row\">\n<th class=\"ant-descriptions-item-label ant-descriptions-item-colon\">C\u00f3digo HTS<\/th>\n<td class=\"ant-descriptions-item-content\" colspan=\"5\">7210.61.90 00<\/td>\n<\/tr>\n<\/tbody>\n<\/table>\n<\/div>\n<\/div>\n<div class=\"ant-descriptions ant-descriptions-small ant-descriptions-bordered\" data-v-e8f33c66=\"\">\n<div class=\"ant-descriptions-view\">\n<table data-extentions-extra-tablecapture-id=\"418809\">\n<tbody>\n<tr class=\"ant-descriptions-row\">\n<th class=\"ant-descriptions-item-label ant-descriptions-item-colon\">Plazos de entrega<\/th>\n<td class=\"ant-descriptions-item-content\" colspan=\"5\">10-35 d\u00edas<\/td>\n<\/tr>\n<\/tbody>\n<\/table>\n<\/div>\n<\/div>\n<\/div>\n<\/div>\n<div id=\"MainExportMarkets\" class=\"markets\" data-v-e8f33c66=\"\">\n<h3 class=\"title\" data-v-e8f33c66=\"\">Principales mercados de exportaci\u00f3n<\/h3>\n<div class=\"markets-content\" data-v-e8f33c66=\"\">\n<div class=\"markets-content-row\" data-v-e8f33c66=\"\">\n<div class=\"item\" data-v-e8f33c66=\"\">- Asia<\/div>\n<div class=\"item\" data-v-e8f33c66=\"\">- Australasia<\/div>\n<div class=\"item\" data-v-e8f33c66=\"\">- Am\u00e9rica Central y del Sur<\/div>\n<div class=\"item\" data-v-e8f33c66=\"\">- Europa del Este<\/div>\n<\/div>\n<div class=\"markets-content-row\" data-v-e8f33c66=\"\">\n<div class=\"item\" data-v-e8f33c66=\"\">- Oriente Medio\/\u00c1frica<\/div>\n<div class=\"item\" data-v-e8f33c66=\"\">- Norteam\u00e9rica<\/div>\n<div class=\"item\" data-v-e8f33c66=\"\">- Europa Occidental<\/div>\n<\/div>\n<\/div>\n<\/div>\n<\/div>","protected":false},"excerpt":{"rendered":"<h3 class=\"title\" data-v-e8f33c66=\"\">Principales mercados de exportaci\u00f3n<\/h3>\n<div class=\"markets-content\" data-v-e8f33c66=\"\">\n<div class=\"markets-content-row\" data-v-e8f33c66=\"\">\n<div class=\"item\" data-v-e8f33c66=\"\">- Asia<\/div>\n<div class=\"item\" data-v-e8f33c66=\"\">- Australasia<\/div>\n<div class=\"item\" data-v-e8f33c66=\"\">- Am\u00e9rica Central y del Sur<\/div>\n<div class=\"item\" data-v-e8f33c66=\"\">- Europa del Este<\/div>\n<\/div>\n<div class=\"markets-content-row\" data-v-e8f33c66=\"\">\n<div class=\"item\" data-v-e8f33c66=\"\">- Oriente Medio\/\u00c1frica<\/div>\n<div class=\"item\" data-v-e8f33c66=\"\">- Norteam\u00e9rica<\/div>\n<div class=\"item\" data-v-e8f33c66=\"\">- Europa Occidental<\/div>\n<\/div>\n<\/div>","protected":false},"featured_media":695,"comment_status":"open","ping_status":"closed","template":"","meta":{"_kadence_starter_templates_imported_post":false,"_kad_post_transparent":"default","_kad_post_title":"","_kad_post_layout":"default","_kad_post_sidebar_id":"","_kad_post_content_style":"default","_kad_post_vertical_padding":"default","_kad_post_feature":"","_kad_post_feature_position":"","_kad_post_header":false,"_kad_post_footer":false},"product_brand":[],"product_cat":[28],"product_tag":[],"class_list":{"0":"post-1018","1":"product","2":"type-product","3":"status-publish","4":"has-post-thumbnail","6":"product_cat-galvalume-steel-coil-gl","8":"first","9":"instock","10":"shipping-taxable","11":"product-type-simple","12":"entry","13":"content-bg","14":"loop-entry"},"jetpack_sharing_enabled":true,"_links":{"self":[{"href":"https:\/\/cnsinometal.com\/es\/wp-json\/wp\/v2\/product\/1018","targetHints":{"allow":["GET"]}}],"collection":[{"href":"https:\/\/cnsinometal.com\/es\/wp-json\/wp\/v2\/product"}],"about":[{"href":"https:\/\/cnsinometal.com\/es\/wp-json\/wp\/v2\/types\/product"}],"replies":[{"embeddable":true,"href":"https:\/\/cnsinometal.com\/es\/wp-json\/wp\/v2\/comments?post=1018"}],"wp:featuredmedia":[{"embeddable":true,"href":"https:\/\/cnsinometal.com\/es\/wp-json\/wp\/v2\/media\/695"}],"wp:attachment":[{"href":"https:\/\/cnsinometal.com\/es\/wp-json\/wp\/v2\/media?parent=1018"}],"wp:term":[{"taxonomy":"product_brand","embeddable":true,"href":"https:\/\/cnsinometal.com\/es\/wp-json\/wp\/v2\/product_brand?post=1018"},{"taxonomy":"product_cat","embeddable":true,"href":"https:\/\/cnsinometal.com\/es\/wp-json\/wp\/v2\/product_cat?post=1018"},{"taxonomy":"product_tag","embeddable":true,"href":"https:\/\/cnsinometal.com\/es\/wp-json\/wp\/v2\/product_tag?post=1018"}],"curies":[{"name":"wp","href":"https:\/\/api.w.org\/{rel}","templated":true}]}}