{"id":1013,"date":"2025-08-26T11:14:05","date_gmt":"2025-08-26T03:14:05","guid":{"rendered":"http:\/\/cnsinometal.com\/?post_type=product&#038;p=1013"},"modified":"2025-08-26T11:14:05","modified_gmt":"2025-08-26T03:14:05","slug":"factory-wholesale-prime-quality-color-coated-aluminum-coil-prepainted-al-coil-ppal-coil","status":"publish","type":"product","link":"https:\/\/cnsinometal.com\/es\/producto\/factory-wholesale-prime-quality-color-coated-aluminum-coil-prepainted-al-coil-ppal-coil\/","title":{"rendered":"Bobina de aluminio prelacado de primera calidad con revestimiento de color al por mayor de f\u00e1brica Bobina PPAL"},"content":{"rendered":"<div class=\"\" data-v-e8f33c66=\"\">\n<div class=\"ant-affix\">\n<div class=\"tabs affix-tabs affix-tab-box\" data-v-e8f33c66=\"\">\n<div class=\"ant-anchor-wrapper\" data-v-e8f33c66=\"\">\n<div class=\"ant-anchor fixed\">\n<div class=\"tab ant-anchor-link\" data-v-e8f33c66=\"\">\n<h2 data-v-e8f33c66=\"\">Informaci\u00f3n sobre el producto<\/h2>\n<\/div>\n<div class=\"tab ant-anchor-link ant-anchor-link-active\" data-v-e8f33c66=\"\">\n<h2 data-v-e8f33c66=\"\">Informaci\u00f3n de env\u00edo<\/h2>\n<\/div>\n<div class=\"tab ant-anchor-link\" data-v-e8f33c66=\"\">\n<h2 data-v-e8f33c66=\"\">Principales mercados de exportaci\u00f3n<\/h2>\n<\/div>\n<div class=\"tab ant-anchor-link\" data-v-e8f33c66=\"\">\n<h2 data-v-e8f33c66=\"\">Datos de pago<\/h2>\n<\/div>\n<\/div>\n<\/div>\n<\/div>\n<\/div>\n<\/div>\n<div id=\"content\" class=\"content info-content\" data-v-e8f33c66=\"\">\n<div id=\"Product\" class=\"descriptions\" data-v-e8f33c66=\"\">\n<div class=\"ant-descriptions ant-descriptions-small ant-descriptions-bordered\" data-v-e8f33c66=\"\">\n<div class=\"ant-descriptions-view\">\n<table data-extentions-extra-tablecapture-id=\"630663\">\n<tbody>\n<tr class=\"ant-descriptions-row\">\n<th class=\"ant-descriptions-item-label ant-descriptions-item-colon\">N\u00famero de modelo<\/th>\n<td class=\"ant-descriptions-item-content\" colspan=\"5\">Sino0694<\/td>\n<\/tr>\n<tr class=\"ant-descriptions-row\">\n<th class=\"ant-descriptions-item-label ant-descriptions-item-colon\">Marca<\/th>\n<td class=\"ant-descriptions-item-content\" colspan=\"5\">Shandong Sino<\/td>\n<\/tr>\n<tr class=\"ant-descriptions-row\">\n<th class=\"ant-descriptions-item-label ant-descriptions-item-colon\">origen<\/th>\n<td class=\"ant-descriptions-item-content\" colspan=\"5\">China<\/td>\n<\/tr>\n<tr class=\"ant-descriptions-row\">\n<th class=\"ant-descriptions-item-label ant-descriptions-item-colon\">Peque\u00f1os pedidos<\/th>\n<td class=\"ant-descriptions-item-content\" colspan=\"5\">Aceptado<\/td>\n<\/tr>\n<\/tbody>\n<\/table>\n<\/div>\n<\/div>\n<\/div>\n<div class=\"certifications-box\" data-v-e8f33c66=\"\">\n<div class=\"specifications\" data-v-e8f33c66=\"\">\n<h3 class=\"specifications-title\" data-v-e8f33c66=\"\">Especificaciones clave\/ Caracter\u00edsticas especiales:<\/h3>\n<div class=\"tpl_txt_editor\" data-v-e8f33c66=\"\">\n<p>Descripci\u00f3n del producto<\/p>\n<p><img decoding=\"async\" class=\"lazy\" src=\"https:\/\/sc04.alicdn.com\/kf\/H2584996184fc42fc84e5a01903caedaai\/243517123\/H2584996184fc42fc84e5a01903caedaai.png\" alt=\"\" data-href=\"\" data-src=\"https:\/\/sc04.alicdn.com\/kf\/H2584996184fc42fc84e5a01903caedaai\/243517123\/H2584996184fc42fc84e5a01903caedaai.png\" data-extentions-extra-ocr-id=\"44a8fe60eeb6a8b5333d8a8d91f0963a\" \/><\/p>\n<h3>Chapa de aluminio<\/h3>\n<p><strong>La placa de aluminio se refiere a materiales de aluminio con un espesor de 0.2mm a 500mm, un ancho de 200mm y un largo de menos de 16m. Materiales de aluminio por debajo de 0.2mm y tiras o barras de aluminio dentro de 200mm (por supuesto, con el avance de grandes equipos, hay m\u00e1s placas de aluminio con un ancho m\u00e1ximo de 600mm). La placa de aluminio se refiere a una placa rectangular hecha por laminaci\u00f3n de lingotes de aluminio, que se puede dividir en placa de aluminio puro, placa de aluminio de aleaci\u00f3n, placa de aluminio delgada, placa de aluminio mediana y gruesa, y placa de aluminio estampada.<\/strong><\/p>\n<p>Las placas de aluminio son materiales de aluminio con un espesor de m\u00e1s de 0.2mm y menos de 500mm, un ancho de m\u00e1s de 200mm, y un largo de menos de 16m, llamadas placas de aluminio o l\u00e1minas de aluminio, menos de 0.2mm son materiales de aluminio, y anchos de menos de 200mm son llamados filas o tiras (por supuesto Con el avance de los equipos a gran escala, hay m\u00e1s placas de aluminio con un ancho m\u00e1ximo de 600mm).La placa de aluminio se refiere a una placa rectangular laminada a partir de lingotes de aluminio. Se divide en placa de aluminio puro, placa de aluminio de aleaci\u00f3n, placa de aluminio delgada, placa de aluminio de espesor medio y placa de aluminio estampado.<\/p>\n<p><img decoding=\"async\" class=\"lazy\" src=\"https:\/\/sc04.alicdn.com\/kf\/H535c13c7537040b989311ddfbe1df48ev\/243517123\/H535c13c7537040b989311ddfbe1df48ev.jpg\" alt=\"\" data-href=\"\" data-src=\"https:\/\/sc04.alicdn.com\/kf\/H535c13c7537040b989311ddfbe1df48ev\/243517123\/H535c13c7537040b989311ddfbe1df48ev.jpg\" data-extentions-extra-ocr-id=\"44a8fe60eeb6a8b5333d8a8d91f0963a\" \/><\/p>\n<p><img decoding=\"async\" class=\"lazy\" src=\"https:\/\/sc04.alicdn.com\/kf\/H3f8749714cfb4f6297a334e3bcba6d09l\/243517123\/H3f8749714cfb4f6297a334e3bcba6d09l.jpg\" alt=\"\" data-href=\"\" data-src=\"https:\/\/sc04.alicdn.com\/kf\/H3f8749714cfb4f6297a334e3bcba6d09l\/243517123\/H3f8749714cfb4f6297a334e3bcba6d09l.jpg\" data-extentions-extra-ocr-id=\"44a8fe60eeb6a8b5333d8a8d91f0963a\" \/><\/p>\n<p>Especificaci\u00f3n<\/p>\n<div class=\"gs-desc-table\">\n<table data-extentions-extra-tablecapture-id=\"595349\">\n<tbody>\n<tr>\n<td colspan=\"1\" rowspan=\"1\" width=\"auto\">Nombre del producto<\/td>\n<td colspan=\"1\" rowspan=\"1\" width=\"auto\">chapa de aluminio<\/td>\n<\/tr>\n<tr>\n<td colspan=\"1\" rowspan=\"1\" width=\"auto\">anchura<\/td>\n<td colspan=\"1\" rowspan=\"1\" width=\"auto\">20-1500 mm o seg\u00fan las necesidades<\/td>\n<\/tr>\n<tr>\n<td colspan=\"1\" rowspan=\"2\" width=\"auto\">Espesor<\/td>\n<td colspan=\"1\" rowspan=\"2\" width=\"auto\">0,1 mm-60 mm o seg\u00fan las necesidades<\/td>\n<\/tr>\n<tr>\n<td colspan=\"1\" rowspan=\"1\" width=\"auto\">Est\u00e1ndar<\/td>\n<td colspan=\"1\" rowspan=\"1\" width=\"auto\">AISI,ASTM,DIN,JIS,GB,JIS,SUS,EN,etc.<\/td>\n<\/tr>\n<tr>\n<td colspan=\"1\" rowspan=\"1\" width=\"auto\">T\u00e9cnica<\/td>\n<td colspan=\"1\" rowspan=\"1\" width=\"auto\">aleaci\u00f3n de aluminio<\/td>\n<\/tr>\n<tr>\n<td colspan=\"1\" rowspan=\"1\" width=\"auto\">Temple<\/td>\n<td colspan=\"1\" rowspan=\"1\" width=\"auto\">O H12 H14 H18<\/td>\n<\/tr>\n<tr>\n<td colspan=\"1\" rowspan=\"1\" width=\"auto\">Tolerancia de espesor<\/td>\n<td colspan=\"1\" rowspan=\"1\" width=\"auto\">\u00b10,1 mm<\/td>\n<\/tr>\n<tr>\n<td colspan=\"1\" rowspan=\"1\" width=\"auto\">Material<\/td>\n<td colspan=\"1\" rowspan=\"1\" width=\"auto\">1050 1040 1045 1060 1070<\/td>\n<\/tr>\n<tr>\n<td colspan=\"1\" rowspan=\"1\" width=\"auto\">Aplicaci\u00f3n<\/td>\n<td colspan=\"1\" rowspan=\"1\" width=\"auto\">Se utiliza principalmente para hacer las cocinas como el plato de la cacerola y as\u00ed sucesivamente<\/td>\n<\/tr>\n<tr>\n<td colspan=\"1\" rowspan=\"1\" width=\"auto\">MOQ<\/td>\n<td colspan=\"1\" rowspan=\"1\" width=\"auto\">Tambi\u00e9n aceptamos pedidos de muestras.<\/td>\n<\/tr>\n<tr>\n<td colspan=\"1\" rowspan=\"1\" width=\"auto\">Plazo de entrega<\/td>\n<td colspan=\"1\" rowspan=\"1\" width=\"auto\">Entre 5 y 7 d\u00edas laborables despu\u00e9s de recibir el dep\u00f3sito<\/td>\n<\/tr>\n<tr>\n<td colspan=\"1\" rowspan=\"1\" width=\"auto\">Embalaje para exportaci\u00f3n<\/td>\n<td colspan=\"1\" rowspan=\"1\" width=\"auto\">Papel impermeable, y la tira de acero packed.Standard exportaci\u00f3n Seaworthy Package.Suit para todo tipo de transporte, o como requieren<\/td>\n<\/tr>\n<tr>\n<td colspan=\"1\" rowspan=\"1\" width=\"auto\">Capacidad<\/td>\n<td colspan=\"1\" rowspan=\"1\" width=\"auto\">250.000 toneladas\/a\u00f1o<\/td>\n<\/tr>\n<tr>\n<td colspan=\"1\" rowspan=\"1\" width=\"auto\">Certificados<\/td>\n<td colspan=\"1\" rowspan=\"1\" width=\"auto\">API ISO9001-2008,SGS.BV<\/p>\n<p>Proceso de producci\u00f3n<\/p>\n<p><img decoding=\"async\" class=\"lazy\" src=\"https:\/\/sc04.alicdn.com\/kf\/Hb2e4eea272eb4740862c02bcdc3bb6d0e\/243517123\/Hb2e4eea272eb4740862c02bcdc3bb6d0e.png\" alt=\"\" data-href=\"\" data-src=\"https:\/\/sc04.alicdn.com\/kf\/Hb2e4eea272eb4740862c02bcdc3bb6d0e\/243517123\/Hb2e4eea272eb4740862c02bcdc3bb6d0e.png\" data-extentions-extra-ocr-id=\"44a8fe60eeb6a8b5333d8a8d91f0963a\" \/><\/td>\n<\/tr>\n<\/tbody>\n<\/table>\n<\/div>\n<\/div>\n<\/div>\n<div class=\"textImg-box\" data-v-d0e03504=\"\" data-v-e8f33c66=\"\"><\/div>\n<\/div>\n<div id=\"Shipping\" class=\"certifications\" data-v-e8f33c66=\"\">\n<h3 class=\"title\" data-v-e8f33c66=\"\">Informaci\u00f3n de env\u00edo<\/h3>\n<div class=\"certifications-content\" data-v-e8f33c66=\"\">\n<div class=\"ant-descriptions ant-descriptions-small ant-descriptions-bordered\" data-v-e8f33c66=\"\">\n<div class=\"ant-descriptions-view\">\n<table data-extentions-extra-tablecapture-id=\"941507\">\n<tbody>\n<tr class=\"ant-descriptions-row\">\n<th class=\"ant-descriptions-item-label ant-descriptions-item-colon\">Puerto FOB<\/th>\n<td class=\"ant-descriptions-item-content\" colspan=\"5\">Qingdao<\/td>\n<\/tr>\n<tr class=\"ant-descriptions-row\">\n<th class=\"ant-descriptions-item-label ant-descriptions-item-colon\">C\u00f3digo HTS<\/th>\n<td class=\"ant-descriptions-item-content\" colspan=\"5\">7606.91.10 00<\/td>\n<\/tr>\n<\/tbody>\n<\/table>\n<\/div>\n<\/div>\n<div class=\"ant-descriptions ant-descriptions-small ant-descriptions-bordered\" data-v-e8f33c66=\"\">\n<div class=\"ant-descriptions-view\">\n<table data-extentions-extra-tablecapture-id=\"18684\">\n<tbody>\n<tr class=\"ant-descriptions-row\">\n<th class=\"ant-descriptions-item-label ant-descriptions-item-colon\">Plazos de entrega<\/th>\n<td class=\"ant-descriptions-item-content\" colspan=\"5\">10-40 d\u00edas<\/td>\n<\/tr>\n<\/tbody>\n<\/table>\n<\/div>\n<\/div>\n<\/div>\n<\/div>\n<div id=\"MainExportMarkets\" class=\"markets\" data-v-e8f33c66=\"\">\n<h3 class=\"title\" data-v-e8f33c66=\"\">Principales mercados de exportaci\u00f3n<\/h3>\n<div class=\"markets-content\" data-v-e8f33c66=\"\">\n<div class=\"markets-content-row\" data-v-e8f33c66=\"\">\n<div class=\"item\" data-v-e8f33c66=\"\">- Asia<\/div>\n<div class=\"item\" data-v-e8f33c66=\"\">- Australasia<\/div>\n<div class=\"item\" data-v-e8f33c66=\"\">- Am\u00e9rica Central y del Sur<\/div>\n<div class=\"item\" data-v-e8f33c66=\"\">- Europa del Este<\/div>\n<\/div>\n<div class=\"markets-content-row\" data-v-e8f33c66=\"\">\n<div class=\"item\" data-v-e8f33c66=\"\">- Oriente Medio\/\u00c1frica<\/div>\n<div class=\"item\" data-v-e8f33c66=\"\">- Norteam\u00e9rica<\/div>\n<div class=\"item\" data-v-e8f33c66=\"\">- Europa Occidental<\/div>\n<\/div>\n<\/div>\n<\/div>\n<\/div>","protected":false},"excerpt":{"rendered":"<p>Product Information Shipping Information Main Export Markets Payment Details Model Number Sino0694 Brand Name Shandong Sino origin China Small Orders Accepted Key Specifications\/ Special Features: Product Description \u200cAluminum plate Aluminum plate refers to aluminum materials with a thickness of 0.2mm to 500mm, a width of 200mm and a length of less than 16m. Aluminum materials&#8230;<\/p>","protected":false},"featured_media":716,"comment_status":"open","ping_status":"closed","template":"","meta":{"_kadence_starter_templates_imported_post":false,"_kad_post_transparent":"default","_kad_post_title":"","_kad_post_layout":"default","_kad_post_sidebar_id":"","_kad_post_content_style":"default","_kad_post_vertical_padding":"default","_kad_post_feature":"","_kad_post_feature_position":"","_kad_post_header":false,"_kad_post_footer":false},"product_brand":[],"product_cat":[31],"product_tag":[],"class_list":{"0":"post-1013","1":"product","2":"type-product","3":"status-publish","4":"has-post-thumbnail","6":"product_cat-pre-painted-aluminum-coil-ppal","8":"first","9":"instock","10":"shipping-taxable","11":"product-type-simple","12":"entry","13":"content-bg","14":"loop-entry"},"jetpack_sharing_enabled":true,"_links":{"self":[{"href":"https:\/\/cnsinometal.com\/es\/wp-json\/wp\/v2\/product\/1013","targetHints":{"allow":["GET"]}}],"collection":[{"href":"https:\/\/cnsinometal.com\/es\/wp-json\/wp\/v2\/product"}],"about":[{"href":"https:\/\/cnsinometal.com\/es\/wp-json\/wp\/v2\/types\/product"}],"replies":[{"embeddable":true,"href":"https:\/\/cnsinometal.com\/es\/wp-json\/wp\/v2\/comments?post=1013"}],"wp:featuredmedia":[{"embeddable":true,"href":"https:\/\/cnsinometal.com\/es\/wp-json\/wp\/v2\/media\/716"}],"wp:attachment":[{"href":"https:\/\/cnsinometal.com\/es\/wp-json\/wp\/v2\/media?parent=1013"}],"wp:term":[{"taxonomy":"product_brand","embeddable":true,"href":"https:\/\/cnsinometal.com\/es\/wp-json\/wp\/v2\/product_brand?post=1013"},{"taxonomy":"product_cat","embeddable":true,"href":"https:\/\/cnsinometal.com\/es\/wp-json\/wp\/v2\/product_cat?post=1013"},{"taxonomy":"product_tag","embeddable":true,"href":"https:\/\/cnsinometal.com\/es\/wp-json\/wp\/v2\/product_tag?post=1013"}],"curies":[{"name":"wp","href":"https:\/\/api.w.org\/{rel}","templated":true}]}}