{"id":1010,"date":"2025-08-26T11:09:17","date_gmt":"2025-08-26T03:09:17","guid":{"rendered":"http:\/\/cnsinometal.com\/?post_type=product&#038;p=1010"},"modified":"2025-08-26T11:09:18","modified_gmt":"2025-08-26T03:09:18","slug":"color-painted-galvanized-zinc-coil-for-bending-and-cutting","status":"publish","type":"product","link":"https:\/\/cnsinometal.com\/es\/producto\/color-painted-galvanized-zinc-coil-for-bending-and-cutting\/","title":{"rendered":"Bobina de zinc galvanizado pintada en color para doblar y cortar"},"content":{"rendered":"<div class=\"\" data-v-e8f33c66=\"\">\n<div class=\"ant-affix\">\n<div class=\"tabs affix-tabs affix-tab-box\" data-v-e8f33c66=\"\">\n<div class=\"ant-anchor-wrapper\" data-v-e8f33c66=\"\">\n<div class=\"ant-anchor fixed\">\n<div class=\"tab ant-anchor-link ant-anchor-link-active\" data-v-e8f33c66=\"\">\n<h2 data-v-e8f33c66=\"\">Informaci\u00f3n sobre el producto<\/h2>\n<\/div>\n<div class=\"tab ant-anchor-link\" data-v-e8f33c66=\"\">\n<h2 data-v-e8f33c66=\"\">Informaci\u00f3n de env\u00edo<\/h2>\n<\/div>\n<div class=\"tab ant-anchor-link\" data-v-e8f33c66=\"\">\n<h2 data-v-e8f33c66=\"\">Principales mercados de exportaci\u00f3n<\/h2>\n<\/div>\n<div class=\"tab ant-anchor-link\" data-v-e8f33c66=\"\">\n<h2 data-v-e8f33c66=\"\">Datos de pago<\/h2>\n<\/div>\n<\/div>\n<\/div>\n<\/div>\n<\/div>\n<\/div>\n<div id=\"content\" class=\"content info-content\" data-v-e8f33c66=\"\">\n<div id=\"Product\" class=\"descriptions\" data-v-e8f33c66=\"\">\n<div class=\"ant-descriptions ant-descriptions-small ant-descriptions-bordered\" data-v-e8f33c66=\"\">\n<div class=\"ant-descriptions-view\">\n<table data-extentions-extra-tablecapture-id=\"346838\">\n<tbody>\n<tr class=\"ant-descriptions-row\">\n<th class=\"ant-descriptions-item-label ant-descriptions-item-colon\">N\u00famero de modelo<\/th>\n<td class=\"ant-descriptions-item-content\" colspan=\"5\">Sino0716<\/td>\n<\/tr>\n<tr class=\"ant-descriptions-row\">\n<th class=\"ant-descriptions-item-label ant-descriptions-item-colon\">Marca<\/th>\n<td class=\"ant-descriptions-item-content\" colspan=\"5\">Shandong Sino<\/td>\n<\/tr>\n<tr class=\"ant-descriptions-row\">\n<th class=\"ant-descriptions-item-label ant-descriptions-item-colon\">origen<\/th>\n<td class=\"ant-descriptions-item-content\" colspan=\"5\">China<\/td>\n<\/tr>\n<tr class=\"ant-descriptions-row\">\n<th class=\"ant-descriptions-item-label ant-descriptions-item-colon\">Peque\u00f1os pedidos<\/th>\n<td class=\"ant-descriptions-item-content\" colspan=\"5\">Aceptado<\/td>\n<\/tr>\n<\/tbody>\n<\/table>\n<\/div>\n<\/div>\n<\/div>\n<div class=\"certifications-box\" data-v-e8f33c66=\"\">\n<div class=\"specifications\" data-v-e8f33c66=\"\">\n<h3 class=\"specifications-title\" data-v-e8f33c66=\"\">Especificaciones clave\/ Caracter\u00edsticas especiales:<\/h3>\n<div class=\"tpl_txt_editor\" data-v-e8f33c66=\"\">\n<p><strong>Especificaciones del producto<\/strong><\/p>\n<div class=\"gs-desc-table\">\n<table data-extentions-extra-tablecapture-id=\"939201\">\n<tbody>\n<tr>\n<td colspan=\"1\" rowspan=\"1\" width=\"auto\">Norma t\u00e9cnica<\/td>\n<td colspan=\"1\" rowspan=\"1\" width=\"auto\">EN10147\/EN10142\/DIN 17162\/JIS G3302\/ASTM A653<\/td>\n<\/tr>\n<tr>\n<td colspan=\"1\" rowspan=\"1\" width=\"auto\">Grado de acero<\/td>\n<td colspan=\"4\" rowspan=\"1\" width=\"auto\">DC51D+Z, DC52D+Z, DC53D+Z, S280GD+Z, S350GD+Z, S550GD+Z, DC51D+AZ, DC52D+AZ, S250GD+AZ, S300GD+AZ, S350GD+AZ, S550GD+AZ, SECC,SECE, BLCE+Z, BLDE+Z, BUSDE+Zo los requisitos del cliente.<\/td>\n<\/tr>\n<tr>\n<td colspan=\"1\" rowspan=\"1\" width=\"auto\">Acero base<\/td>\n<td colspan=\"4\" rowspan=\"1\" width=\"auto\">Acero galvanizado en caliente, Acero galvalume en caliente, Acero electrogalvanizado<\/td>\n<\/tr>\n<tr>\n<td colspan=\"1\" rowspan=\"1\" width=\"auto\">Espesor<\/td>\n<td colspan=\"4\" rowspan=\"1\" width=\"auto\">0,12-6,0 mm<\/td>\n<\/tr>\n<tr>\n<td colspan=\"1\" rowspan=\"1\" width=\"auto\">Anchura<\/td>\n<td colspan=\"4\" rowspan=\"1\" width=\"auto\">600-1500 mm<\/td>\n<\/tr>\n<tr>\n<td colspan=\"1\" rowspan=\"1\" width=\"auto\">Color de la superficie<\/td>\n<td colspan=\"4\" rowspan=\"1\" width=\"auto\">RAL, patr\u00f3n de grano de madera, patr\u00f3n de camuflaje, patr\u00f3n de piedra, patr\u00f3n mate, patr\u00f3n de alto brillo, patr\u00f3n de flores, etc.<\/td>\n<\/tr>\n<tr>\n<td colspan=\"1\" rowspan=\"1\" width=\"auto\">Calidad<\/td>\n<td colspan=\"4\" rowspan=\"1\" width=\"auto\">Aprobado por SGS,ISO<\/td>\n<\/tr>\n<tr>\n<td colspan=\"1\" rowspan=\"1\" width=\"auto\">Peso de la bobina<\/td>\n<td colspan=\"4\" rowspan=\"1\" width=\"auto\">3-20 toneladas m\u00e9tricas por bobina<\/td>\n<\/tr>\n<tr>\n<td colspan=\"1\" rowspan=\"1\" width=\"auto\">Paquete<\/td>\n<td colspan=\"1\" rowspan=\"1\" width=\"auto\">El papel impermeable es el embalaje interior, el acero galvanizado o la hoja de acero revestida es el embalaje exterior, la placa protectora lateral, entonces envuelto por siete belt.or de acero seg\u00fan el requisito de cliente.<\/td>\n<\/tr>\n<tr>\n<td colspan=\"1\" rowspan=\"1\" width=\"auto\">Mercado de exportaci\u00f3n<\/td>\n<td colspan=\"1\" rowspan=\"1\" width=\"auto\">Europa, \u00c1frica, Asia Central, Sudeste Asi\u00e1tico, Oriente Medio, Sudam\u00e9rica, Norteam\u00e9rica, etc.<\/p>\n<p><img decoding=\"async\" class=\"lazy\" src=\"https:\/\/sc04.alicdn.com\/kf\/Hfd2e324fe9214c77a01b341a767be9a3D\/252268812\/Hfd2e324fe9214c77a01b341a767be9a3D.png\" alt=\"\" data-href=\"\" data-src=\"https:\/\/sc04.alicdn.com\/kf\/Hfd2e324fe9214c77a01b341a767be9a3D\/252268812\/Hfd2e324fe9214c77a01b341a767be9a3D.png\" data-extentions-extra-ocr-id=\"44a8fe60eeb6a8b5333d8a8d91f0963a\" \/><br \/>\n<img decoding=\"async\" class=\"lazy\" src=\"https:\/\/sc04.alicdn.com\/kf\/H4034effcc14b40329925c3be63f5d1c7D\/252268812\/H4034effcc14b40329925c3be63f5d1c7D.png\" alt=\"\" data-href=\"\" data-src=\"https:\/\/sc04.alicdn.com\/kf\/H4034effcc14b40329925c3be63f5d1c7D\/252268812\/H4034effcc14b40329925c3be63f5d1c7D.png\" data-extentions-extra-ocr-id=\"44a8fe60eeb6a8b5333d8a8d91f0963a\" \/><\/p>\n<p><img decoding=\"async\" class=\"lazy\" src=\"https:\/\/sc04.alicdn.com\/kf\/H538d58a94e214463a838cd6e3f04a88f2\/252268812\/H538d58a94e214463a838cd6e3f04a88f2.png\" alt=\"\" data-href=\"\" data-src=\"https:\/\/sc04.alicdn.com\/kf\/H538d58a94e214463a838cd6e3f04a88f2\/252268812\/H538d58a94e214463a838cd6e3f04a88f2.png\" data-extentions-extra-ocr-id=\"44a8fe60eeb6a8b5333d8a8d91f0963a\" \/><\/p>\n<p><img decoding=\"async\" class=\"lazy\" src=\"https:\/\/sc04.alicdn.com\/kf\/H040a89b7c472481ca7dea613a950451bw\/252268812\/H040a89b7c472481ca7dea613a950451bw.jpg\" alt=\"\" data-href=\"\" data-src=\"https:\/\/sc04.alicdn.com\/kf\/H040a89b7c472481ca7dea613a950451bw\/252268812\/H040a89b7c472481ca7dea613a950451bw.jpg\" data-extentions-extra-ocr-id=\"44a8fe60eeb6a8b5333d8a8d91f0963a\" \/><br \/>\n<img decoding=\"async\" class=\"lazy\" src=\"https:\/\/sc04.alicdn.com\/kf\/Haec448e1cc034a0091b68ecc0896250fT\/252268812\/Haec448e1cc034a0091b68ecc0896250fT.jpg\" alt=\"\" data-href=\"\" data-src=\"https:\/\/sc04.alicdn.com\/kf\/Haec448e1cc034a0091b68ecc0896250fT\/252268812\/Haec448e1cc034a0091b68ecc0896250fT.jpg\" data-extentions-extra-ocr-id=\"44a8fe60eeb6a8b5333d8a8d91f0963a\" \/><\/p>\n<p><strong>Presentaci\u00f3n del producto<\/p>\n<p><\/strong>PPGI y PPGL (acero galvanizado prepintado y acero galvalume prepintado), tambi\u00e9n conocido como acero prepintado o bobina de acero con revestimiento de color, es un producto hecho de chapa de acero galvanizado en caliente, chapa de acero galvalume en caliente, chapa de acero electrogalvanizado, etc. Despu\u00e9s del pretratamiento de la superficie, una o varias capas de recubrimiento org\u00e1nico se aplican en la superficie, y luego se hornea y se solidifica. La bobina de acero recubierta de color es ligera de peso, de aspecto hermoso, y tiene un buen rendimiento anti-corrosi\u00f3n, y puede ser procesada directamente. El color se divide generalmente en gris, azul marino, rojo ladrillo, etc. Se utiliza principalmente en publicidad, construcci\u00f3n, decoraci\u00f3n, electrodom\u00e9sticos, aparatos el\u00e9ctricos, industria del mueble e industria del transporte. Los revestimientos utilizados para las bobinas de acero con revestimiento de color se basan en el entorno en el que se selecciona la resina, como el poli\u00e9ster modificado con silicona, el plastisol de cloruro de polivinilo, el cloruro de polivinilideno y similares.<\/p>\n<p><img decoding=\"async\" class=\"lazy\" src=\"https:\/\/sc04.alicdn.com\/kf\/H7d11db633a9443c0a4d211bf9dfce332B\/252268812\/H7d11db633a9443c0a4d211bf9dfce332B.png\" alt=\"\" data-href=\"\" data-src=\"https:\/\/sc04.alicdn.com\/kf\/H7d11db633a9443c0a4d211bf9dfce332B\/252268812\/H7d11db633a9443c0a4d211bf9dfce332B.png\" data-extentions-extra-ocr-id=\"44a8fe60eeb6a8b5333d8a8d91f0963a\" \/><\/p>\n<p><img decoding=\"async\" class=\"lazy\" src=\"https:\/\/sc04.alicdn.com\/kf\/Hfc83b70a0f684714a4a5582eb586bf65X\/252268812\/Hfc83b70a0f684714a4a5582eb586bf65X.png\" alt=\"\" data-href=\"\" data-src=\"https:\/\/sc04.alicdn.com\/kf\/Hfc83b70a0f684714a4a5582eb586bf65X\/252268812\/Hfc83b70a0f684714a4a5582eb586bf65X.png\" data-extentions-extra-ocr-id=\"44a8fe60eeb6a8b5333d8a8d91f0963a\" \/><\/p>\n<p><strong>PPGI<\/p>\n<p><\/strong><img decoding=\"async\" class=\"lazy\" src=\"https:\/\/sc04.alicdn.com\/kf\/H2b3d8083452e4fe8b17f4e10138fcf96X\/252268812\/H2b3d8083452e4fe8b17f4e10138fcf96X.png\" alt=\"\" data-href=\"\" data-src=\"https:\/\/sc04.alicdn.com\/kf\/H2b3d8083452e4fe8b17f4e10138fcf96X\/252268812\/H2b3d8083452e4fe8b17f4e10138fcf96X.png\" data-extentions-extra-ocr-id=\"44a8fe60eeb6a8b5333d8a8d91f0963a\" \/><\/p>\n<p><strong>PPGL<\/p>\n<p>Proceso de producci\u00f3n<\/p>\n<p><\/strong><img decoding=\"async\" class=\"lazy\" src=\"https:\/\/sc04.alicdn.com\/kf\/Hd9cd54a4dd204fa8ab1ab4d4e5069e0d5\/252268812\/Hd9cd54a4dd204fa8ab1ab4d4e5069e0d5.png\" alt=\"\" data-href=\"\" data-src=\"https:\/\/sc04.alicdn.com\/kf\/Hd9cd54a4dd204fa8ab1ab4d4e5069e0d5\/252268812\/Hd9cd54a4dd204fa8ab1ab4d4e5069e0d5.png\" data-extentions-extra-ocr-id=\"44a8fe60eeb6a8b5333d8a8d91f0963a\" \/><\/p>\n<p><strong>Detalles del producto<\/p>\n<p><\/strong><img decoding=\"async\" class=\"lazy\" src=\"https:\/\/sc04.alicdn.com\/kf\/H28517544124543a89d8a5a5d3c39882eA\/252268812\/H28517544124543a89d8a5a5d3c39882eA.jpg\" alt=\"\" data-href=\"\" data-src=\"https:\/\/sc04.alicdn.com\/kf\/H28517544124543a89d8a5a5d3c39882eA\/252268812\/H28517544124543a89d8a5a5d3c39882eA.jpg\" data-extentions-extra-ocr-id=\"44a8fe60eeb6a8b5333d8a8d91f0963a\" \/><br \/>\n<img decoding=\"async\" class=\"lazy\" src=\"https:\/\/sc04.alicdn.com\/kf\/Hacbda1634f2449dd92131166333876bem\/252268812\/Hacbda1634f2449dd92131166333876bem.jpg\" alt=\"\" data-href=\"\" data-src=\"https:\/\/sc04.alicdn.com\/kf\/Hacbda1634f2449dd92131166333876bem\/252268812\/Hacbda1634f2449dd92131166333876bem.jpg\" data-extentions-extra-ocr-id=\"44a8fe60eeb6a8b5333d8a8d91f0963a\" \/><br \/>\n<img decoding=\"async\" class=\"lazy\" src=\"https:\/\/sc04.alicdn.com\/kf\/Hb7ad21d5d21749018645a787e683a6aaB\/252268812\/Hb7ad21d5d21749018645a787e683a6aaB.jpg\" alt=\"\" data-href=\"\" data-src=\"https:\/\/sc04.alicdn.com\/kf\/Hb7ad21d5d21749018645a787e683a6aaB\/252268812\/Hb7ad21d5d21749018645a787e683a6aaB.jpg\" data-extentions-extra-ocr-id=\"44a8fe60eeb6a8b5333d8a8d91f0963a\" \/><br \/>\n<img decoding=\"async\" class=\"lazy\" src=\"https:\/\/sc04.alicdn.com\/kf\/H37da2adafe104a73af1fb55369eca3c75\/252268812\/H37da2adafe104a73af1fb55369eca3c75.jpg\" alt=\"\" data-href=\"\" data-src=\"https:\/\/sc04.alicdn.com\/kf\/H37da2adafe104a73af1fb55369eca3c75\/252268812\/H37da2adafe104a73af1fb55369eca3c75.jpg\" data-extentions-extra-ocr-id=\"44a8fe60eeb6a8b5333d8a8d91f0963a\" \/><\/p>\n<p><strong>L\u00ednea de producci\u00f3n<\/p>\n<p><\/strong><img decoding=\"async\" class=\"lazy\" src=\"https:\/\/sc04.alicdn.com\/kf\/H5f3a4d8d10a4465a8b4fb59033cf6358u\/252268812\/H5f3a4d8d10a4465a8b4fb59033cf6358u.png\" alt=\"\" data-href=\"\" data-src=\"https:\/\/sc04.alicdn.com\/kf\/H5f3a4d8d10a4465a8b4fb59033cf6358u\/252268812\/H5f3a4d8d10a4465a8b4fb59033cf6358u.png\" data-extentions-extra-ocr-id=\"44a8fe60eeb6a8b5333d8a8d91f0963a\" \/><\/p>\n<p><img decoding=\"async\" class=\"lazy\" src=\"https:\/\/sc04.alicdn.com\/kf\/H28517544124543a89d8a5a5d3c39882eA\/252268812\/H28517544124543a89d8a5a5d3c39882eA.jpg\" alt=\"\" data-href=\"\" data-src=\"https:\/\/sc04.alicdn.com\/kf\/H28517544124543a89d8a5a5d3c39882eA\/252268812\/H28517544124543a89d8a5a5d3c39882eA.jpg\" data-extentions-extra-ocr-id=\"44a8fe60eeb6a8b5333d8a8d91f0963a\" \/><br \/>\n<img decoding=\"async\" class=\"lazy\" src=\"https:\/\/sc04.alicdn.com\/kf\/Hacbda1634f2449dd92131166333876bem\/252268812\/Hacbda1634f2449dd92131166333876bem.jpg\" alt=\"\" data-href=\"\" data-src=\"https:\/\/sc04.alicdn.com\/kf\/Hacbda1634f2449dd92131166333876bem\/252268812\/Hacbda1634f2449dd92131166333876bem.jpg\" data-extentions-extra-ocr-id=\"44a8fe60eeb6a8b5333d8a8d91f0963a\" \/><br \/>\n<img decoding=\"async\" class=\"lazy\" src=\"https:\/\/sc04.alicdn.com\/kf\/Hb7ad21d5d21749018645a787e683a6aaB\/252268812\/Hb7ad21d5d21749018645a787e683a6aaB.jpg\" alt=\"\" data-href=\"\" data-src=\"https:\/\/sc04.alicdn.com\/kf\/Hb7ad21d5d21749018645a787e683a6aaB\/252268812\/Hb7ad21d5d21749018645a787e683a6aaB.jpg\" data-extentions-extra-ocr-id=\"44a8fe60eeb6a8b5333d8a8d91f0963a\" \/><\/p>\n<p><strong>Categor\u00eda de productos<\/p>\n<p><\/strong><img decoding=\"async\" class=\"lazy\" src=\"https:\/\/sc04.alicdn.com\/kf\/H2c0e64fd6c6f4fb59875ae597d7f4bdeP\/252268812\/H2c0e64fd6c6f4fb59875ae597d7f4bdeP.png\" alt=\"\" data-href=\"\" data-src=\"https:\/\/sc04.alicdn.com\/kf\/H2c0e64fd6c6f4fb59875ae597d7f4bdeP\/252268812\/H2c0e64fd6c6f4fb59875ae597d7f4bdeP.png\" data-extentions-extra-ocr-id=\"44a8fe60eeb6a8b5333d8a8d91f0963a\" \/><\/p>\n<p><strong>Bobina de acero prelacado autolimpiante<\/p>\n<p><\/strong><img decoding=\"async\" class=\"lazy\" src=\"https:\/\/sc04.alicdn.com\/kf\/H530bceba930f4d3c8207fb4d0f821a77M\/252268812\/H530bceba930f4d3c8207fb4d0f821a77M.png\" alt=\"\" data-href=\"\" data-src=\"https:\/\/sc04.alicdn.com\/kf\/H530bceba930f4d3c8207fb4d0f821a77M\/252268812\/H530bceba930f4d3c8207fb4d0f821a77M.png\" data-extentions-extra-ocr-id=\"44a8fe60eeb6a8b5333d8a8d91f0963a\" \/><\/p>\n<p><strong>Bobina de acero prelacado con control t\u00e9rmico<\/p>\n<p><\/strong><img decoding=\"async\" class=\"lazy\" src=\"https:\/\/sc04.alicdn.com\/kf\/H1fab9f1042924c3da4754235ab69ab79d\/252268812\/H1fab9f1042924c3da4754235ab69ab79d.png\" alt=\"\" data-href=\"\" data-src=\"https:\/\/sc04.alicdn.com\/kf\/H1fab9f1042924c3da4754235ab69ab79d\/252268812\/H1fab9f1042924c3da4754235ab69ab79d.png\" data-extentions-extra-ocr-id=\"44a8fe60eeb6a8b5333d8a8d91f0963a\" \/><\/p>\n<p><strong>Bobina de acero prelacado antiest\u00e1tico<\/p>\n<p><\/strong><img decoding=\"async\" class=\"lazy\" src=\"https:\/\/sc04.alicdn.com\/kf\/H8579693c8698416eb660237ad2ac751fx\/252268812\/H8579693c8698416eb660237ad2ac751fx.jpg\" alt=\"\" data-href=\"\" data-src=\"https:\/\/sc04.alicdn.com\/kf\/H8579693c8698416eb660237ad2ac751fx\/252268812\/H8579693c8698416eb660237ad2ac751fx.jpg\" data-extentions-extra-ocr-id=\"44a8fe60eeb6a8b5333d8a8d91f0963a\" \/><\/p>\n<p><strong>Bobina de acero prelacado antis\u00e9ptico<\/p>\n<p><\/strong><img decoding=\"async\" class=\"lazy\" src=\"https:\/\/sc04.alicdn.com\/kf\/H107016460f66462e910431ab7bc618faZ\/252268812\/H107016460f66462e910431ab7bc618faZ.jpg\" alt=\"\" data-href=\"\" data-src=\"https:\/\/sc04.alicdn.com\/kf\/H107016460f66462e910431ab7bc618faZ\/252268812\/H107016460f66462e910431ab7bc618faZ.jpg\" data-extentions-extra-ocr-id=\"44a8fe60eeb6a8b5333d8a8d91f0963a\" \/><\/p>\n<p><strong>Bobina de acero prelacado resistente al per\u00f3xido de hidr\u00f3geno<\/p>\n<p><\/strong><img decoding=\"async\" class=\"lazy\" src=\"https:\/\/sc04.alicdn.com\/kf\/Heac8a059803943c7aa0afb597dc8ef8dB\/252268812\/Heac8a059803943c7aa0afb597dc8ef8dB.jpg\" alt=\"\" data-href=\"\" data-src=\"https:\/\/sc04.alicdn.com\/kf\/Heac8a059803943c7aa0afb597dc8ef8dB\/252268812\/Heac8a059803943c7aa0afb597dc8ef8dB.jpg\" data-extentions-extra-ocr-id=\"44a8fe60eeb6a8b5333d8a8d91f0963a\" \/><\/p>\n<p><strong>Bobina de acero prelacado para cr\u00eda de animales<\/p>\n<p><\/strong><\/td>\n<\/tr>\n<\/tbody>\n<\/table>\n<\/div>\n<h3>Tipo de revestimiento<\/h3>\n<p><strong>Poli\u00e9ster (PE): Buena adherencia, colores vivos, amplia gama de conformabilidad y durabilidad en exteriores, resistencia qu\u00edmica media y bajo coste. Poli\u00e9ster modificado con silicona (SMP): Buena resistencia a la abrasi\u00f3n y al calor, as\u00ed como buena durabilidad exterior y resistencia al caleo, retenci\u00f3n del brillo, flexibilidad general y coste medio. Poli\u00e9ster de alta durabilidad (HDP): Excelente retenci\u00f3n del color y rendimiento anti-ultravioleta, excelente durabilidad en exteriores y anti-pulverizaci\u00f3n, buena adherencia de la pel\u00edcula de pintura, color intenso, excelente rendimiento de costes. Fluoruro de polivinilideno (PVDF): Excelente retenci\u00f3n del color y resistencia a los rayos UV, excelente durabilidad en exteriores y resistencia al caleo, excelente resistencia a los disolventes, buena moldeabilidad, resistencia a las manchas, color limitado y coste elevado. <\/strong><\/p>\n<h3><\/h3>\n<p><strong>1.Hot-sumerja galvanizada hoja de acero revestida del color (hoja de acero galvanizada prepintada)<\/strong><br \/>\nEl producto obtenido recubriendo una chapa de acero galvanizada en caliente con un revestimiento org\u00e1nico es una chapa galvanizada en caliente con revestimiento de color. Adem\u00e1s del efecto protector del zinc, la chapa galvanizada en caliente con revestimiento de color tambi\u00e9n protege contra la oxidaci\u00f3n y tiene una vida \u00fatil m\u00e1s larga que la chapa galvanizada en caliente;<\/p>\n<p><strong>2.Hot-sumerja aluminio-cinc color revestido (hoja de acero prepintada del galvalume)<\/strong><br \/>\nLas chapas de acero aluminizado-cincado por inmersi\u00f3n en caliente tambi\u00e9n pueden utilizarse como sustratos recubiertos de color (55% AI-Zn y 5% AI-Zn);<\/p>\n<\/div>\n<\/div>\n<div class=\"textImg-box\" data-v-d0e03504=\"\" data-v-e8f33c66=\"\"><\/div>\n<\/div>\n<div id=\"Shipping\" class=\"certifications\" data-v-e8f33c66=\"\">\n<h3 class=\"title\" data-v-e8f33c66=\"\">Informaci\u00f3n de env\u00edo<\/h3>\n<div class=\"certifications-content\" data-v-e8f33c66=\"\">\n<div class=\"ant-descriptions ant-descriptions-small ant-descriptions-bordered\" data-v-e8f33c66=\"\">\n<div class=\"ant-descriptions-view\">\n<table data-extentions-extra-tablecapture-id=\"155408\">\n<tbody>\n<tr class=\"ant-descriptions-row\">\n<th class=\"ant-descriptions-item-label ant-descriptions-item-colon\">Puerto FOB<\/th>\n<td class=\"ant-descriptions-item-content\" colspan=\"5\">Qingdao<\/td>\n<\/tr>\n<tr class=\"ant-descriptions-row\">\n<th class=\"ant-descriptions-item-label ant-descriptions-item-colon\">C\u00f3digo HTS<\/th>\n<td class=\"ant-descriptions-item-content\" colspan=\"5\">7210.49.00 00<\/td>\n<\/tr>\n<\/tbody>\n<\/table>\n<\/div>\n<\/div>\n<div class=\"ant-descriptions ant-descriptions-small ant-descriptions-bordered\" data-v-e8f33c66=\"\">\n<div class=\"ant-descriptions-view\">\n<table data-extentions-extra-tablecapture-id=\"390388\">\n<tbody>\n<tr class=\"ant-descriptions-row\">\n<th class=\"ant-descriptions-item-label ant-descriptions-item-colon\">Plazos de entrega<\/th>\n<td class=\"ant-descriptions-item-content\" colspan=\"5\">5-40 d\u00edas<\/td>\n<\/tr>\n<\/tbody>\n<\/table>\n<\/div>\n<\/div>\n<\/div>\n<\/div>\n<div id=\"MainExportMarkets\" class=\"markets\" data-v-e8f33c66=\"\">\n<h3 class=\"title\" data-v-e8f33c66=\"\">Principales mercados de exportaci\u00f3n<\/h3>\n<div class=\"markets-content\" data-v-e8f33c66=\"\">\n<div class=\"markets-content-row\" data-v-e8f33c66=\"\">\n<div class=\"item\" data-v-e8f33c66=\"\">- Asia<\/div>\n<div class=\"item\" data-v-e8f33c66=\"\">- Australasia<\/div>\n<div class=\"item\" data-v-e8f33c66=\"\">- Am\u00e9rica Central y del Sur<\/div>\n<div class=\"item\" data-v-e8f33c66=\"\">- Europa del Este<\/div>\n<\/div>\n<div class=\"markets-content-row\" data-v-e8f33c66=\"\">\n<div class=\"item\" data-v-e8f33c66=\"\">- Oriente Medio\/\u00c1frica<\/div>\n<div class=\"item\" data-v-e8f33c66=\"\">- Norteam\u00e9rica<\/div>\n<div class=\"item\" data-v-e8f33c66=\"\">- Europa Occidental<\/div>\n<\/div>\n<\/div>\n<\/div>\n<\/div>","protected":false},"excerpt":{"rendered":"<h3 class=\"title\" data-v-e8f33c66=\"\">Principales mercados de exportaci\u00f3n<\/h3>\n<div class=\"markets-content\" data-v-e8f33c66=\"\">\n<div class=\"markets-content-row\" data-v-e8f33c66=\"\">\n<div class=\"item\" data-v-e8f33c66=\"\">- Asia<\/div>\n<div class=\"item\" data-v-e8f33c66=\"\">- Australasia<\/div>\n<div class=\"item\" data-v-e8f33c66=\"\">- Am\u00e9rica Central y del Sur<\/div>\n<div class=\"item\" data-v-e8f33c66=\"\">- Europa del Este<\/div>\n<\/div>\n<div class=\"markets-content-row\" data-v-e8f33c66=\"\">\n<div class=\"item\" data-v-e8f33c66=\"\">- Oriente Medio\/\u00c1frica<\/div>\n<div class=\"item\" data-v-e8f33c66=\"\">- Norteam\u00e9rica<\/div>\n<div class=\"item\" data-v-e8f33c66=\"\">- Europa Occidental<\/div>\n<\/div>\n<\/div>","protected":false},"featured_media":947,"comment_status":"open","ping_status":"closed","template":"","meta":{"_kadence_starter_templates_imported_post":false,"_kad_post_transparent":"default","_kad_post_title":"","_kad_post_layout":"default","_kad_post_sidebar_id":"","_kad_post_content_style":"default","_kad_post_vertical_padding":"default","_kad_post_feature":"","_kad_post_feature_position":"","_kad_post_header":false,"_kad_post_footer":false},"product_brand":[],"product_cat":[29],"product_tag":[],"class_list":{"0":"post-1010","1":"product","2":"type-product","3":"status-publish","4":"has-post-thumbnail","6":"product_cat-pre-painted-galvanized-steel-coil-ppgi","8":"first","9":"instock","10":"shipping-taxable","11":"product-type-simple","12":"entry","13":"content-bg","14":"loop-entry"},"jetpack_sharing_enabled":true,"_links":{"self":[{"href":"https:\/\/cnsinometal.com\/es\/wp-json\/wp\/v2\/product\/1010","targetHints":{"allow":["GET"]}}],"collection":[{"href":"https:\/\/cnsinometal.com\/es\/wp-json\/wp\/v2\/product"}],"about":[{"href":"https:\/\/cnsinometal.com\/es\/wp-json\/wp\/v2\/types\/product"}],"replies":[{"embeddable":true,"href":"https:\/\/cnsinometal.com\/es\/wp-json\/wp\/v2\/comments?post=1010"}],"wp:featuredmedia":[{"embeddable":true,"href":"https:\/\/cnsinometal.com\/es\/wp-json\/wp\/v2\/media\/947"}],"wp:attachment":[{"href":"https:\/\/cnsinometal.com\/es\/wp-json\/wp\/v2\/media?parent=1010"}],"wp:term":[{"taxonomy":"product_brand","embeddable":true,"href":"https:\/\/cnsinometal.com\/es\/wp-json\/wp\/v2\/product_brand?post=1010"},{"taxonomy":"product_cat","embeddable":true,"href":"https:\/\/cnsinometal.com\/es\/wp-json\/wp\/v2\/product_cat?post=1010"},{"taxonomy":"product_tag","embeddable":true,"href":"https:\/\/cnsinometal.com\/es\/wp-json\/wp\/v2\/product_tag?post=1010"}],"curies":[{"name":"wp","href":"https:\/\/api.w.org\/{rel}","templated":true}]}}