{"id":1005,"date":"2025-08-22T09:45:30","date_gmt":"2025-08-22T01:45:30","guid":{"rendered":"http:\/\/cnsinometal.com\/?post_type=product&#038;p=1005"},"modified":"2025-08-22T09:45:30","modified_gmt":"2025-08-22T01:45:30","slug":"pattern-aluminum-coil-small-coil-color-coated","status":"publish","type":"product","link":"https:\/\/cnsinometal.com\/es\/producto\/pattern-aluminum-coil-small-coil-color-coated\/","title":{"rendered":"Bobina de aluminio con dise\u00f1o Bobina peque\u00f1a Revestida de color"},"content":{"rendered":"<div class=\"\" data-v-e8f33c66=\"\">\n<div class=\"ant-affix\">\n<div class=\"tabs affix-tabs affix-tab-box\" data-v-e8f33c66=\"\">\n<div class=\"ant-anchor-wrapper\" data-v-e8f33c66=\"\">\n<div class=\"ant-anchor fixed\">\n<div class=\"tab ant-anchor-link ant-anchor-link-active\" data-v-e8f33c66=\"\">\n<h2 data-v-e8f33c66=\"\">Informaci\u00f3n sobre el producto<\/h2>\n<\/div>\n<div class=\"tab ant-anchor-link\" data-v-e8f33c66=\"\">\n<h2 data-v-e8f33c66=\"\">Informaci\u00f3n de env\u00edo<\/h2>\n<\/div>\n<div class=\"tab ant-anchor-link\" data-v-e8f33c66=\"\">\n<h2 data-v-e8f33c66=\"\">Principales mercados de exportaci\u00f3n<\/h2>\n<\/div>\n<div class=\"tab ant-anchor-link\" data-v-e8f33c66=\"\">\n<h2 data-v-e8f33c66=\"\">Datos de pago<\/h2>\n<\/div>\n<\/div>\n<\/div>\n<\/div>\n<\/div>\n<\/div>\n<div id=\"content\" class=\"content info-content\" data-v-e8f33c66=\"\">\n<div id=\"Product\" class=\"descriptions\" data-v-e8f33c66=\"\">\n<div class=\"ant-descriptions ant-descriptions-small ant-descriptions-bordered\" data-v-e8f33c66=\"\">\n<div class=\"ant-descriptions-view\">\n<table data-extentions-extra-tablecapture-id=\"658524\">\n<tbody>\n<tr class=\"ant-descriptions-row\">\n<th class=\"ant-descriptions-item-label ant-descriptions-item-colon\">N\u00famero de modelo<\/th>\n<td class=\"ant-descriptions-item-content\" colspan=\"5\">Sino0692<\/td>\n<\/tr>\n<tr class=\"ant-descriptions-row\">\n<th class=\"ant-descriptions-item-label ant-descriptions-item-colon\">Marca<\/th>\n<td class=\"ant-descriptions-item-content\" colspan=\"5\">Shandong Sino<\/td>\n<\/tr>\n<tr class=\"ant-descriptions-row\">\n<th class=\"ant-descriptions-item-label ant-descriptions-item-colon\">origen<\/th>\n<td class=\"ant-descriptions-item-content\" colspan=\"5\">China<\/td>\n<\/tr>\n<tr class=\"ant-descriptions-row\">\n<th class=\"ant-descriptions-item-label ant-descriptions-item-colon\">Peque\u00f1os pedidos<\/th>\n<td class=\"ant-descriptions-item-content\" colspan=\"5\">Aceptado<\/td>\n<\/tr>\n<\/tbody>\n<\/table>\n<\/div>\n<\/div>\n<\/div>\n<div class=\"certifications-box\" data-v-e8f33c66=\"\">\n<div class=\"specifications\" data-v-e8f33c66=\"\">\n<h3 class=\"specifications-title\" data-v-e8f33c66=\"\">Especificaciones clave\/ Caracter\u00edsticas especiales:<\/h3>\n<div class=\"tpl_txt_editor\" data-v-e8f33c66=\"\">\n<p>Detalles fotos<\/p>\n<p><img decoding=\"async\" class=\"lazy\" src=\"https:\/\/sc04.alicdn.com\/kf\/HTB1vF9aaEGF3KVjSZFvq6z_nXXa3\/234855382\/HTB1vF9aaEGF3KVjSZFvq6z_nXXa3.jpg\" alt=\"\" data-href=\"\" data-src=\"https:\/\/sc04.alicdn.com\/kf\/HTB1vF9aaEGF3KVjSZFvq6z_nXXa3\/234855382\/HTB1vF9aaEGF3KVjSZFvq6z_nXXa3.jpg\" data-extentions-extra-ocr-id=\"44a8fe60eeb6a8b5333d8a8d91f0963a\" \/><\/p>\n<p><img decoding=\"async\" class=\"lazy\" src=\"https:\/\/sc04.alicdn.com\/kf\/Hd5ea919e165c4cc984f6c6782aa7a2259\/234855382\/Hd5ea919e165c4cc984f6c6782aa7a2259.jpg\" alt=\"\" data-href=\"\" data-src=\"https:\/\/sc04.alicdn.com\/kf\/Hd5ea919e165c4cc984f6c6782aa7a2259\/234855382\/Hd5ea919e165c4cc984f6c6782aa7a2259.jpg\" data-extentions-extra-ocr-id=\"44a8fe60eeb6a8b5333d8a8d91f0963a\" \/><\/p>\n<p><img decoding=\"async\" class=\"lazy\" src=\"https:\/\/sc04.alicdn.com\/kf\/Hda49611c5db04e96a100742d8773baf3H\/234855382\/Hda49611c5db04e96a100742d8773baf3H.jpg\" alt=\"\" data-href=\"\" data-src=\"https:\/\/sc04.alicdn.com\/kf\/Hda49611c5db04e96a100742d8773baf3H\/234855382\/Hda49611c5db04e96a100742d8773baf3H.jpg\" data-extentions-extra-ocr-id=\"44a8fe60eeb6a8b5333d8a8d91f0963a\" \/><\/p>\n<p><img decoding=\"async\" class=\"lazy\" src=\"https:\/\/sc04.alicdn.com\/kf\/Hce9afdcbc8bf4ad6b4700c7c341d971dT\/234855382\/Hce9afdcbc8bf4ad6b4700c7c341d971dT.jpg\" alt=\"\" data-href=\"\" data-src=\"https:\/\/sc04.alicdn.com\/kf\/Hce9afdcbc8bf4ad6b4700c7c341d971dT\/234855382\/Hce9afdcbc8bf4ad6b4700c7c341d971dT.jpg\" data-extentions-extra-ocr-id=\"44a8fe60eeb6a8b5333d8a8d91f0963a\" \/><\/p>\n<p>Especificaci\u00f3n<\/p>\n<div class=\"gs-desc-table\">\n<table data-extentions-extra-tablecapture-id=\"731214\">\n<tbody>\n<tr>\n<td colspan=\"1\" rowspan=\"1\" width=\"auto\">Nombre del producto<\/td>\n<td colspan=\"1\" rowspan=\"1\" width=\"auto\">Bobina de aluminio con revestimiento de color<\/td>\n<\/tr>\n<tr>\n<td colspan=\"1\" rowspan=\"1\" width=\"auto\">Lugar de origen<\/td>\n<td colspan=\"1\" rowspan=\"1\" width=\"auto\">China<\/td>\n<\/tr>\n<tr>\n<td colspan=\"1\" rowspan=\"1\" width=\"auto\">Origen<\/td>\n<td colspan=\"1\" rowspan=\"1\" width=\"auto\">Shandong<\/td>\n<\/tr>\n<tr>\n<td colspan=\"1\" rowspan=\"1\" width=\"auto\">Marca<\/td>\n<td colspan=\"1\" rowspan=\"1\" width=\"auto\">HZ<\/td>\n<\/tr>\n<tr>\n<td colspan=\"1\" rowspan=\"1\" width=\"auto\">N\u00famero de modelo<\/td>\n<td colspan=\"1\" rowspan=\"1\" width=\"auto\">HZ-Bobina de aluminio<\/td>\n<\/tr>\n<tr>\n<td colspan=\"1\" rowspan=\"1\" width=\"auto\">Aplicaci\u00f3n<\/td>\n<td colspan=\"1\" rowspan=\"1\" width=\"auto\">Material de construcci\u00f3n<\/td>\n<\/tr>\n<tr>\n<td colspan=\"1\" rowspan=\"1\" width=\"auto\">Anchura<\/td>\n<td colspan=\"1\" rowspan=\"1\" width=\"auto\">Personalizado<\/td>\n<\/tr>\n<tr>\n<td colspan=\"1\" rowspan=\"1\" width=\"auto\">Aleaci\u00f3n o no<\/td>\n<td colspan=\"1\" rowspan=\"1\" width=\"auto\">Es aleaci\u00f3n<\/td>\n<\/tr>\n<tr>\n<td colspan=\"1\" rowspan=\"1\" width=\"auto\">Grado<\/td>\n<td colspan=\"1\" rowspan=\"1\" width=\"auto\">Serie 1000<\/td>\n<\/tr>\n<tr>\n<td colspan=\"1\" rowspan=\"1\" width=\"auto\">Temple<\/td>\n<td colspan=\"1\" rowspan=\"1\" width=\"auto\">T3 - T8<\/td>\n<\/tr>\n<tr>\n<td colspan=\"1\" rowspan=\"1\" width=\"auto\">Tolerancia<\/td>\n<td colspan=\"1\" rowspan=\"1\" width=\"auto\">\u00b11%<\/td>\n<\/tr>\n<tr>\n<td colspan=\"1\" rowspan=\"1\" width=\"auto\">Servicio de tramitaci\u00f3n<\/td>\n<td colspan=\"1\" rowspan=\"1\" width=\"auto\">Plegado, desenrollado, soldadura, punzonado, corte<\/td>\n<\/tr>\n<tr>\n<td colspan=\"1\" rowspan=\"1\" width=\"auto\">Plazo de entrega<\/td>\n<td colspan=\"1\" rowspan=\"1\" width=\"auto\">8-14 d\u00edas<\/td>\n<\/tr>\n<tr>\n<td colspan=\"1\" rowspan=\"1\" width=\"auto\">Nombre del producto<\/td>\n<td colspan=\"1\" rowspan=\"1\" width=\"auto\">Bobina de aluminio<\/td>\n<\/tr>\n<tr>\n<td colspan=\"1\" rowspan=\"1\" width=\"auto\">Utilizaci\u00f3n<\/td>\n<td colspan=\"1\" rowspan=\"1\" width=\"auto\">Construcci\u00f3n de edificios<\/td>\n<\/tr>\n<tr>\n<td colspan=\"1\" rowspan=\"1\" width=\"auto\">Forma<\/td>\n<td colspan=\"1\" rowspan=\"1\" width=\"auto\">bobina<\/td>\n<\/tr>\n<tr>\n<td colspan=\"1\" rowspan=\"1\" width=\"auto\">MOQ<\/td>\n<td colspan=\"1\" rowspan=\"1\" width=\"auto\">5 TONELADAS<\/td>\n<\/tr>\n<tr>\n<td colspan=\"1\" rowspan=\"1\" width=\"auto\">Muestra<\/td>\n<td colspan=\"1\" rowspan=\"1\" width=\"auto\">gratis<\/td>\n<\/tr>\n<tr>\n<td colspan=\"1\" rowspan=\"1\" width=\"auto\">Superficie<\/td>\n<td colspan=\"1\" rowspan=\"1\" width=\"auto\">recubierto de color<\/td>\n<\/tr>\n<tr>\n<td colspan=\"1\" rowspan=\"1\" width=\"auto\">Material<\/td>\n<td colspan=\"1\" rowspan=\"1\" width=\"auto\">1050\/1060\/1070\/1100\/3003\/5052\/5083\/6061\/6063<\/td>\n<\/tr>\n<tr>\n<td colspan=\"1\" rowspan=\"1\" width=\"auto\">Est\u00e1ndar<\/td>\n<td colspan=\"1\" rowspan=\"1\" width=\"auto\">ASTM AISI JIS DIN GB<\/td>\n<\/tr>\n<tr>\n<td colspan=\"1\" rowspan=\"1\" width=\"auto\">Anchura<\/td>\n<td colspan=\"1\" rowspan=\"1\" width=\"auto\">600-1250 mm<\/td>\n<\/tr>\n<tr>\n<td colspan=\"1\" rowspan=\"1\" width=\"auto\">CERTIFICADO<\/td>\n<td colspan=\"1\" rowspan=\"1\" width=\"auto\">ISO9001<\/p>\n<p>Embalaje y entrega<\/p>\n<p><img decoding=\"async\" class=\"lazy\" src=\"https:\/\/sc04.alicdn.com\/kf\/H3c3206e73afe47ef949cf8998266fe0dC\/234855382\/H3c3206e73afe47ef949cf8998266fe0dC.jpg\" alt=\"\" data-href=\"\" data-src=\"https:\/\/sc04.alicdn.com\/kf\/H3c3206e73afe47ef949cf8998266fe0dC\/234855382\/H3c3206e73afe47ef949cf8998266fe0dC.jpg\" data-extentions-extra-ocr-id=\"44a8fe60eeb6a8b5333d8a8d91f0963a\" \/><br \/>\n<img decoding=\"async\" class=\"lazy\" src=\"https:\/\/sc04.alicdn.com\/kf\/H9ca839b2a43f400dab21b3c9da79573dY\/234855382\/H9ca839b2a43f400dab21b3c9da79573dY.jpg\" alt=\"\" data-href=\"\" data-src=\"https:\/\/sc04.alicdn.com\/kf\/H9ca839b2a43f400dab21b3c9da79573dY\/234855382\/H9ca839b2a43f400dab21b3c9da79573dY.jpg\" data-extentions-extra-ocr-id=\"44a8fe60eeb6a8b5333d8a8d91f0963a\" \/><\/p>\n<p>Embalaje est\u00e1ndar para exportaci\u00f3n: pel\u00edcula de pl\u00e1stico+papel impermeable+placa de acero+bandas de acero para embalaje<br \/>\nEmbalaje est\u00e1ndar de exportaci\u00f3n en horizontal (agujero a un lado)<br \/>\nEmbalaje est\u00e1ndar de exportaci\u00f3n en vertical (agujero hacia el cielo)<\/td>\n<\/tr>\n<\/tbody>\n<\/table>\n<\/div>\n<\/div>\n<\/div>\n<div class=\"textImg-box\" data-v-d0e03504=\"\" data-v-e8f33c66=\"\"><\/div>\n<\/div>\n<div id=\"Shipping\" class=\"certifications\" data-v-e8f33c66=\"\">\n<h3 class=\"title\" data-v-e8f33c66=\"\">Informaci\u00f3n de env\u00edo<\/h3>\n<div class=\"certifications-content\" data-v-e8f33c66=\"\">\n<div class=\"ant-descriptions ant-descriptions-small ant-descriptions-bordered\" data-v-e8f33c66=\"\">\n<div class=\"ant-descriptions-view\">\n<table data-extentions-extra-tablecapture-id=\"431726\">\n<tbody>\n<tr class=\"ant-descriptions-row\">\n<th class=\"ant-descriptions-item-label ant-descriptions-item-colon\">Puerto FOB<\/th>\n<td class=\"ant-descriptions-item-content\" colspan=\"5\">Qingdao<\/td>\n<\/tr>\n<tr class=\"ant-descriptions-row\">\n<th class=\"ant-descriptions-item-label ant-descriptions-item-colon\">C\u00f3digo HTS<\/th>\n<td class=\"ant-descriptions-item-content\" colspan=\"5\">7616.99.90 90<\/td>\n<\/tr>\n<\/tbody>\n<\/table>\n<\/div>\n<\/div>\n<div class=\"ant-descriptions ant-descriptions-small ant-descriptions-bordered\" data-v-e8f33c66=\"\">\n<div class=\"ant-descriptions-view\">\n<table data-extentions-extra-tablecapture-id=\"588417\">\n<tbody>\n<tr class=\"ant-descriptions-row\">\n<th class=\"ant-descriptions-item-label ant-descriptions-item-colon\">Plazos de entrega<\/th>\n<td class=\"ant-descriptions-item-content\" colspan=\"5\">5-30 d\u00edas<\/td>\n<\/tr>\n<\/tbody>\n<\/table>\n<\/div>\n<\/div>\n<\/div>\n<\/div>\n<div id=\"MainExportMarkets\" class=\"markets\" data-v-e8f33c66=\"\">\n<h3 class=\"title\" data-v-e8f33c66=\"\">Principales mercados de exportaci\u00f3n<\/h3>\n<div class=\"markets-content\" data-v-e8f33c66=\"\">\n<div class=\"markets-content-row\" data-v-e8f33c66=\"\">\n<div class=\"item\" data-v-e8f33c66=\"\">- Asia<\/div>\n<div class=\"item\" data-v-e8f33c66=\"\">- Australasia<\/div>\n<div class=\"item\" data-v-e8f33c66=\"\">- Am\u00e9rica Central y del Sur<\/div>\n<div class=\"item\" data-v-e8f33c66=\"\">- Europa del Este<\/div>\n<\/div>\n<div class=\"markets-content-row\" data-v-e8f33c66=\"\">\n<div class=\"item\" data-v-e8f33c66=\"\">- Oriente Medio\/\u00c1frica<\/div>\n<div class=\"item\" data-v-e8f33c66=\"\">- Norteam\u00e9rica<\/div>\n<div class=\"item\" data-v-e8f33c66=\"\">- Europa Occidental<\/div>\n<\/div>\n<\/div>\n<\/div>\n<\/div>\n<div class=\"content border-radius\" data-v-e8f33c66=\"\">\n<div id=\"Payment\" class=\"payment-details\" data-v-e8f33c66=\"\">\n<div class=\"title\" data-v-e8f33c66=\"\">Datos de pago<\/div>\n<\/div>\n<\/div>","protected":false},"excerpt":{"rendered":"<div id=\"content\" class=\"content info-content\" data-v-e8f33c66=\"\">\n<div id=\"MainExportMarkets\" class=\"markets\" data-v-e8f33c66=\"\">\n<h3 class=\"title\" data-v-e8f33c66=\"\">Principales mercados de exportaci\u00f3n<\/h3>\n<div class=\"markets-content\" data-v-e8f33c66=\"\">\n<div class=\"markets-content-row\" data-v-e8f33c66=\"\">\n<div class=\"item\" data-v-e8f33c66=\"\">- Asia<\/div>\n<div class=\"item\" data-v-e8f33c66=\"\">- Australasia<\/div>\n<div class=\"item\" data-v-e8f33c66=\"\">- Am\u00e9rica Central y del Sur<\/div>\n<div class=\"item\" data-v-e8f33c66=\"\">- Europa del Este<\/div>\n<\/div>\n<div class=\"markets-content-row\" data-v-e8f33c66=\"\">\n<div class=\"item\" data-v-e8f33c66=\"\">- Oriente Medio\/\u00c1frica<\/div>\n<div class=\"item\" data-v-e8f33c66=\"\">- Norteam\u00e9rica<\/div>\n<div class=\"item\" data-v-e8f33c66=\"\">- Europa Occidental<\/div>\n<\/div>\n<\/div>\n<\/div>\n<\/div>\n<div class=\"content border-radius\" data-v-e8f33c66=\"\">\n<div id=\"Payment\" class=\"payment-details\" data-v-e8f33c66=\"\">\n<div class=\"title\" data-v-e8f33c66=\"\">Datos de pago<\/div>\n<\/div>\n<\/div>","protected":false},"featured_media":940,"comment_status":"open","ping_status":"closed","template":"","meta":{"_kadence_starter_templates_imported_post":false,"_kad_post_transparent":"default","_kad_post_title":"","_kad_post_layout":"default","_kad_post_sidebar_id":"","_kad_post_content_style":"default","_kad_post_vertical_padding":"default","_kad_post_feature":"","_kad_post_feature_position":"","_kad_post_header":false,"_kad_post_footer":false},"product_brand":[],"product_cat":[31],"product_tag":[],"class_list":{"0":"post-1005","1":"product","2":"type-product","3":"status-publish","4":"has-post-thumbnail","6":"product_cat-pre-painted-aluminum-coil-ppal","8":"first","9":"instock","10":"shipping-taxable","11":"product-type-simple","12":"entry","13":"content-bg","14":"loop-entry"},"jetpack_sharing_enabled":true,"_links":{"self":[{"href":"https:\/\/cnsinometal.com\/es\/wp-json\/wp\/v2\/product\/1005","targetHints":{"allow":["GET"]}}],"collection":[{"href":"https:\/\/cnsinometal.com\/es\/wp-json\/wp\/v2\/product"}],"about":[{"href":"https:\/\/cnsinometal.com\/es\/wp-json\/wp\/v2\/types\/product"}],"replies":[{"embeddable":true,"href":"https:\/\/cnsinometal.com\/es\/wp-json\/wp\/v2\/comments?post=1005"}],"wp:featuredmedia":[{"embeddable":true,"href":"https:\/\/cnsinometal.com\/es\/wp-json\/wp\/v2\/media\/940"}],"wp:attachment":[{"href":"https:\/\/cnsinometal.com\/es\/wp-json\/wp\/v2\/media?parent=1005"}],"wp:term":[{"taxonomy":"product_brand","embeddable":true,"href":"https:\/\/cnsinometal.com\/es\/wp-json\/wp\/v2\/product_brand?post=1005"},{"taxonomy":"product_cat","embeddable":true,"href":"https:\/\/cnsinometal.com\/es\/wp-json\/wp\/v2\/product_cat?post=1005"},{"taxonomy":"product_tag","embeddable":true,"href":"https:\/\/cnsinometal.com\/es\/wp-json\/wp\/v2\/product_tag?post=1005"}],"curies":[{"name":"wp","href":"https:\/\/api.w.org\/{rel}","templated":true}]}}