{"id":1002,"date":"2025-08-22T09:38:46","date_gmt":"2025-08-22T01:38:46","guid":{"rendered":"http:\/\/cnsinometal.com\/?post_type=product&#038;p=1002"},"modified":"2025-08-22T09:38:46","modified_gmt":"2025-08-22T01:38:46","slug":"ppgl-coils-home-appliance-construction-material-oem-odm","status":"publish","type":"product","link":"https:\/\/cnsinometal.com\/es\/producto\/ppgl-coils-home-appliance-construction-material-oem-odm\/","title":{"rendered":"Bobinas de PPGL Electrodom\u00e9sticos Material de construcci\u00f3n OEM ODM"},"content":{"rendered":"<div class=\"\" data-v-e8f33c66=\"\">\n<div class=\"ant-affix\">\n<div class=\"tabs affix-tabs affix-tab-box\" data-v-e8f33c66=\"\">\n<div class=\"ant-anchor-wrapper\" data-v-e8f33c66=\"\">\n<div class=\"ant-anchor fixed\">\n<div class=\"tab ant-anchor-link\" data-v-e8f33c66=\"\">\n<h2 data-v-e8f33c66=\"\">Informaci\u00f3n sobre el producto<\/h2>\n<\/div>\n<div class=\"tab ant-anchor-link ant-anchor-link-active\" data-v-e8f33c66=\"\">\n<h2 data-v-e8f33c66=\"\">Informaci\u00f3n de env\u00edo<\/h2>\n<\/div>\n<div class=\"tab ant-anchor-link\" data-v-e8f33c66=\"\">\n<h2 data-v-e8f33c66=\"\">Principales mercados de exportaci\u00f3n<\/h2>\n<\/div>\n<div class=\"tab ant-anchor-link\" data-v-e8f33c66=\"\">\n<h2 data-v-e8f33c66=\"\">Datos de pago<\/h2>\n<\/div>\n<\/div>\n<\/div>\n<\/div>\n<\/div>\n<\/div>\n<div id=\"content\" class=\"content info-content\" data-v-e8f33c66=\"\">\n<div id=\"Product\" class=\"descriptions\" data-v-e8f33c66=\"\">\n<div class=\"ant-descriptions ant-descriptions-small ant-descriptions-bordered\" data-v-e8f33c66=\"\">\n<div class=\"ant-descriptions-view\">\n<table data-extentions-extra-tablecapture-id=\"523560\">\n<tbody>\n<tr class=\"ant-descriptions-row\">\n<th class=\"ant-descriptions-item-label ant-descriptions-item-colon\">N\u00famero de modelo<\/th>\n<td class=\"ant-descriptions-item-content\" colspan=\"5\">SINOLC30A<\/td>\n<\/tr>\n<tr class=\"ant-descriptions-row\">\n<th class=\"ant-descriptions-item-label ant-descriptions-item-colon\">Marca<\/th>\n<td class=\"ant-descriptions-item-content\" colspan=\"5\">Sino Metal<\/td>\n<\/tr>\n<tr class=\"ant-descriptions-row\">\n<th class=\"ant-descriptions-item-label ant-descriptions-item-colon\">origen<\/th>\n<td class=\"ant-descriptions-item-content\" colspan=\"5\">China<\/td>\n<\/tr>\n<tr class=\"ant-descriptions-row\">\n<th class=\"ant-descriptions-item-label ant-descriptions-item-colon\">Peque\u00f1os pedidos<\/th>\n<td class=\"ant-descriptions-item-content\" colspan=\"5\">Aceptado<\/td>\n<\/tr>\n<\/tbody>\n<\/table>\n<\/div>\n<\/div>\n<\/div>\n<div class=\"certifications-box\" data-v-e8f33c66=\"\">\n<div class=\"specifications\" data-v-e8f33c66=\"\">\n<h3 class=\"specifications-title\" data-v-e8f33c66=\"\">Especificaciones clave\/ Caracter\u00edsticas especiales:<\/h3>\n<div class=\"tpl_txt_editor\" data-v-e8f33c66=\"\">\n<p><strong>Las bobinas de acero galvanizado prelacado son un producto que se obtiene sometiendo un <\/strong><a class=\"gs-pp-link\" href=\"http:\/\/www.cosasteel.com\/galvanized-steel-coil-sheet\/\" target=\"\"><strong>chapa de acero galvanizada en caliente<\/strong><\/a><strong> a un tratamiento qu\u00edmico superficial, aplicando un revestimiento org\u00e1nico sobre la superficie, seguido de horneado y curado.<\/strong><\/p>\n<p>&nbsp;<\/p>\n<div class=\"gs-desc-table\">\n<table data-extentions-extra-tablecapture-id=\"738238\">\n<tbody>\n<tr>\n<td colspan=\"1\" rowspan=\"1\" width=\"177\">Nombre del producto<\/td>\n<td colspan=\"3\" rowspan=\"1\" width=\"510\">Bobina de acero galvanizado prelacado<\/td>\n<\/tr>\n<tr>\n<td colspan=\"1\" rowspan=\"1\" width=\"auto\">Marca<\/td>\n<td colspan=\"3\" rowspan=\"1\" width=\"auto\">SINO METAL<\/td>\n<\/tr>\n<tr>\n<td colspan=\"1\" rowspan=\"1\" width=\"auto\">Normas<\/td>\n<td colspan=\"3\" rowspan=\"1\" width=\"auto\">ASTM\/AISI\/BS\/DIN\/JIS\/GB y m\u00e1s<\/td>\n<\/tr>\n<tr>\n<td colspan=\"1\" rowspan=\"1\" width=\"auto\">Base met\u00e1lica<\/td>\n<td colspan=\"3\" rowspan=\"1\" width=\"auto\">GI\/GL\/CRC<\/td>\n<\/tr>\n<tr>\n<td colspan=\"1\" rowspan=\"1\" width=\"auto\">Espesor<\/td>\n<td colspan=\"3\" rowspan=\"1\" width=\"auto\">0,14-1,50 mm<\/td>\n<\/tr>\n<tr>\n<td colspan=\"1\" rowspan=\"1\" width=\"auto\">Anchura<\/td>\n<td colspan=\"3\" rowspan=\"1\" width=\"auto\">30-1500 mm<\/td>\n<\/tr>\n<tr>\n<td colspan=\"1\" rowspan=\"1\" width=\"auto\">Color<\/td>\n<td colspan=\"3\" rowspan=\"1\" width=\"auto\">Color RAL, a petici\u00f3n del cliente<\/td>\n<\/tr>\n<tr>\n<td colspan=\"1\" rowspan=\"1\" width=\"auto\">Pintar<\/td>\n<td colspan=\"3\" rowspan=\"1\" width=\"auto\">PE, SMP, HDP, PVDF<\/td>\n<\/tr>\n<tr>\n<td colspan=\"1\" rowspan=\"1\" width=\"auto\">Superficie<\/td>\n<td colspan=\"3\" rowspan=\"1\" width=\"auto\">Brillo\/mate\/m\u00e1rmol\/madera\/camuflaje\/ladrillo<\/td>\n<\/tr>\n<tr>\n<td colspan=\"1\" rowspan=\"1\" width=\"auto\">Certificados<\/td>\n<td colspan=\"3\" rowspan=\"1\" width=\"auto\">ISO 9001\/ISO 14001\/SGS\/SONCAP<\/td>\n<\/tr>\n<tr>\n<td colspan=\"1\" rowspan=\"1\" width=\"auto\">Base met\u00e1lica<\/td>\n<td colspan=\"3\" rowspan=\"1\" width=\"auto\">CRC\/HRC<\/td>\n<\/tr>\n<tr>\n<td colspan=\"1\" rowspan=\"1\" width=\"auto\">Revestimiento de zinc<\/td>\n<td colspan=\"3\" rowspan=\"1\" width=\"auto\">40-275 g\/m2<\/td>\n<\/tr>\n<tr>\n<td colspan=\"1\" rowspan=\"1\" width=\"auto\">Revestimiento de color<\/td>\n<td colspan=\"3\" rowspan=\"1\" width=\"auto\">Superior: 15-35um Posterior: 5-30um<\/td>\n<\/tr>\n<tr>\n<td colspan=\"1\" rowspan=\"1\" width=\"auto\">Dureza<\/td>\n<td colspan=\"3\" rowspan=\"1\" width=\"auto\">HRB55-HRB90<\/td>\n<\/tr>\n<tr>\n<td colspan=\"1\" rowspan=\"1\" width=\"auto\">Pel\u00edcula de guardia<\/td>\n<td colspan=\"3\" rowspan=\"1\" width=\"auto\">PVC y m\u00e1s<\/td>\n<\/tr>\n<tr>\n<td colspan=\"1\" rowspan=\"1\" width=\"auto\">Embalaje<\/td>\n<td colspan=\"3\" rowspan=\"1\" width=\"auto\">Embalaje apto para la exportaci\u00f3n o seg\u00fan los requisitos del cliente<\/td>\n<\/tr>\n<tr>\n<td colspan=\"1\" rowspan=\"1\" width=\"auto\">Aplicaciones<\/td>\n<td colspan=\"3\" rowspan=\"1\" width=\"510\">tejados, canalones, paneles s\u00e1ndwich, fachadas de edificios industriales, paneles para c\u00e1maras frigor\u00edficas, puertas enrollables y electrodom\u00e9sticos<\/td>\n<\/tr>\n<\/tbody>\n<\/table>\n<\/div>\n<p><strong>Bobinas de acero prepintadas Estructura<\/strong><\/p>\n<div data-w-e-type=\"imageSingle\">\n<div data-w-e-type=\"attachment\" data-imagetype=\"one\" data-attachmentid=\"\" data-attachmentkey=\"\" data-parenttype=\"imageSingle\" data-position=\"\" data-imgurl=\"\" data-imagewidth=\"\" data-imageheight=\"\" data-url=\"\"><img decoding=\"async\" class=\"lazy\" src=\"https:\/\/p.globalsources.com\/IMAGES\/PDT\/B6024024895\/Prepainted-zinc-coated-steel-coil.png\" data-src=\"https:\/\/p.globalsources.com\/IMAGES\/PDT\/B6024024895\/Prepainted-zinc-coated-steel-coil.png\" data-extentions-extra-ocr-id=\"44a8fe60eeb6a8b5333d8a8d91f0963a\" \/><\/div>\n<\/div>\n<p><strong>Pintura-Poli\u00e9ster modificado con silicona (SMP)<\/strong><\/p>\n<p>El poli\u00e9ster contiene grupos activos -OH\/-COOH, que pueden reaccionar f\u00e1cilmente con otros pol\u00edmeros para mejorar la resistencia a la luz solar y las propiedades de caleo del PE. Por lo tanto, el SMP tiene una buena retenci\u00f3n del color y resistencia al calor. Adem\u00e1s, la resistencia a la corrosi\u00f3n del <a class=\"gs-pp-link\" href=\"https:\/\/wzppgi.com\/what-is-smp-coating\/\" target=\"\">SMP<\/a> alcanza los 10-12 a\u00f1os. Pero su precio es superior al del PE. Como la adherencia y la conformabilidad de la resina de silicona no son buenas, las chapas de acero con revestimiento de color SMP no son adecuadas para productos que requieren m\u00faltiples procesos de conformado. La mayor\u00eda de ellas se utilizan para techos y paredes exteriores de edificios.<\/p>\n<div data-w-e-type=\"imageSingle\">\n<div data-w-e-type=\"attachment\" data-imagetype=\"one\" data-attachmentid=\"\" data-attachmentkey=\"\" data-parenttype=\"imageSingle\" data-position=\"\" data-imgurl=\"\" data-imagewidth=\"\" data-imageheight=\"\" data-url=\"\"><img decoding=\"async\" class=\"lazy\" src=\"https:\/\/p.globalsources.com\/IMAGES\/PDT\/B6024025436\/Prepainted-zinc-coated-steel-coil.png\" data-src=\"https:\/\/p.globalsources.com\/IMAGES\/PDT\/B6024025436\/Prepainted-zinc-coated-steel-coil.png\" data-extentions-extra-ocr-id=\"44a8fe60eeb6a8b5333d8a8d91f0963a\" \/><\/div>\n<\/div>\n<p><strong>Proceso de las bobinas de acero prelacado<\/strong><\/p>\n<div data-w-e-type=\"imageSingle\">\n<div data-w-e-type=\"attachment\" data-imagetype=\"one\" data-attachmentid=\"\" data-attachmentkey=\"\" data-parenttype=\"imageSingle\" data-position=\"\" data-imgurl=\"\" data-imagewidth=\"\" data-imageheight=\"\" data-url=\"\"><img decoding=\"async\" class=\"lazy\" src=\"https:\/\/p.globalsources.com\/IMAGES\/PDT\/B6024025437\/Prepainted-zinc-coated-steel-coil.png\" data-src=\"https:\/\/p.globalsources.com\/IMAGES\/PDT\/B6024025437\/Prepainted-zinc-coated-steel-coil.png\" data-extentions-extra-ocr-id=\"44a8fe60eeb6a8b5333d8a8d91f0963a\" \/><\/div>\n<\/div>\n<p><strong>Certificado<\/strong><\/p>\n<div data-w-e-type=\"imageSingle\">\n<div data-w-e-type=\"attachment\" data-imagetype=\"one\" data-attachmentid=\"\" data-attachmentkey=\"\" data-parenttype=\"imageSingle\" data-position=\"\" data-imgurl=\"\" data-imagewidth=\"\" data-imageheight=\"\" data-url=\"\"><img decoding=\"async\" class=\"lazy\" src=\"https:\/\/p.globalsources.com\/IMAGES\/PDT\/B6024025438\/Prepainted-zinc-coated-steel-coil.jpg\" data-src=\"https:\/\/p.globalsources.com\/IMAGES\/PDT\/B6024025438\/Prepainted-zinc-coated-steel-coil.jpg\" data-extentions-extra-ocr-id=\"44a8fe60eeb6a8b5333d8a8d91f0963a\" \/><\/div>\n<\/div>\n<p><strong>Campo de aplicaci\u00f3n<\/strong><\/p>\n<p>Los principales usos de las bobinas de acero galvanizado prelacado (bobinas PPGI) son los electrodom\u00e9sticos y la construcci\u00f3n.<\/p>\n<p>Los electrodom\u00e9sticos se utilizan principalmente para paneles laterales de puertas de frigor\u00edficos y carcasas de aparatos de aire acondicionado, congeladores y lavadoras. El campo de la construcci\u00f3n tiene un uso m\u00e1s extendido que el de los electrodom\u00e9sticos.<\/p>\n<p>Las bobinas de PPGI para la construcci\u00f3n se utilizan para cubiertas, canalones, paneles s\u00e1ndwich, fachadas de edificios industriales, paneles para c\u00e1maras frigor\u00edficas y puertas enrollables.<\/p>\n<div data-w-e-type=\"imageTwo\">\n<div data-w-e-type=\"attachment\" data-imagetype=\"two\" data-attachmentid=\"\" data-attachmentkey=\"\" data-parenttype=\"imageTwo\" data-position=\"left\" data-imgurl=\"\" data-imagewidth=\"\" data-imageheight=\"\" data-url=\"\"><img decoding=\"async\" class=\"lazy\" src=\"https:\/\/p.globalsources.com\/IMAGES\/PDT\/B6024025439\/Prepainted-zinc-coated-steel-coil.jpg\" data-src=\"https:\/\/p.globalsources.com\/IMAGES\/PDT\/B6024025439\/Prepainted-zinc-coated-steel-coil.jpg\" data-extentions-extra-ocr-id=\"44a8fe60eeb6a8b5333d8a8d91f0963a\" \/><\/div>\n<div data-w-e-type=\"attachment\" data-imagetype=\"two\" data-attachmentid=\"\" data-attachmentkey=\"\" data-parenttype=\"imageTwo\" data-position=\"right\" data-imgurl=\"\" data-imagewidth=\"\" data-imageheight=\"\" data-url=\"\"><img decoding=\"async\" class=\"lazy\" src=\"https:\/\/p.globalsources.com\/IMAGES\/PDT\/B6024025197\/Prepainted-zinc-coated-steel-coil.jpg\" data-src=\"https:\/\/p.globalsources.com\/IMAGES\/PDT\/B6024025197\/Prepainted-zinc-coated-steel-coil.jpg\" data-extentions-extra-ocr-id=\"44a8fe60eeb6a8b5333d8a8d91f0963a\" \/><\/div>\n<\/div>\n<p>ACERCA DE SINO METAL<\/p>\n<p>Shandong Sino Metal Co.,ltd es una empresa integrada l\u00edder en fabricaci\u00f3n y comercio en China<\/p>\n<p>Estamos especializados en acero laminado en fr\u00edo, acero galvanizado, acero Galvalume, acero prepintado y hojalata hojas \/ bobinas, tambi\u00e9n haciendo el procesamiento profundo de estos productos, por ejemplo, la fabricaci\u00f3n de las chapas onduladas de acero, chapa prepintada para techos, bobinas cortadas a tiras y as\u00ed sucesivamente.<\/p>\n<p>Empezamos nuestro negocio desde 2005, hoy hemos establecido nuestra propia f\u00e1brica para la fabricaci\u00f3n de Galvanizado, Galvalume y Pre-pintado de chapa para techos y chapa de acero, tambi\u00e9n hemos cooperado con nuestro socio para haber establecido la l\u00ednea de bobina de acero galvanizado, y las l\u00edneas de bobina de acero prepintado, nuestra capacidad de producci\u00f3n anual puede llegar a m\u00e1s de 300000 toneladas.<\/p>\n<div data-w-e-type=\"imageTwo\">\n<div data-w-e-type=\"attachment\" data-imagetype=\"two\" data-attachmentid=\"\" data-attachmentkey=\"\" data-parenttype=\"imageTwo\" data-position=\"left\" data-imgurl=\"\" data-imagewidth=\"\" data-imageheight=\"\" data-url=\"\"><img decoding=\"async\" class=\"lazy\" src=\"https:\/\/p.globalsources.com\/IMAGES\/PDT\/B6024025449\/Prepainted-zinc-coated-steel-coil.jpg\" data-src=\"https:\/\/p.globalsources.com\/IMAGES\/PDT\/B6024025449\/Prepainted-zinc-coated-steel-coil.jpg\" data-extentions-extra-ocr-id=\"44a8fe60eeb6a8b5333d8a8d91f0963a\" \/><\/div>\n<div data-w-e-type=\"attachment\" data-imagetype=\"two\" data-attachmentid=\"\" data-attachmentkey=\"\" data-parenttype=\"imageTwo\" data-position=\"right\" data-imgurl=\"\" data-imagewidth=\"\" data-imageheight=\"\" data-url=\"\"><img decoding=\"async\" class=\"lazy\" src=\"https:\/\/p.globalsources.com\/IMAGES\/PDT\/B6024025462\/Prepainted-zinc-coated-steel-coil.jpg\" data-src=\"https:\/\/p.globalsources.com\/IMAGES\/PDT\/B6024025462\/Prepainted-zinc-coated-steel-coil.jpg\" data-extentions-extra-ocr-id=\"44a8fe60eeb6a8b5333d8a8d91f0963a\" \/><\/div>\n<\/div>\n<div data-w-e-type=\"imageSingle\">\n<div data-w-e-type=\"attachment\" data-imagetype=\"one\" data-attachmentid=\"\" data-attachmentkey=\"\" data-parenttype=\"imageSingle\" data-position=\"\" data-imgurl=\"\" data-imagewidth=\"\" data-imageheight=\"\" data-url=\"\"><\/div>\n<\/div>\n<\/div>\n<\/div>\n<div class=\"textImg-box\" data-v-d0e03504=\"\" data-v-e8f33c66=\"\"><\/div>\n<\/div>\n<div id=\"Shipping\" class=\"certifications\" data-v-e8f33c66=\"\">\n<h3 class=\"title\" data-v-e8f33c66=\"\">Informaci\u00f3n de env\u00edo<\/h3>\n<div class=\"certifications-content\" data-v-e8f33c66=\"\">\n<div class=\"ant-descriptions ant-descriptions-small ant-descriptions-bordered\" data-v-e8f33c66=\"\">\n<div class=\"ant-descriptions-view\">\n<table data-extentions-extra-tablecapture-id=\"758641\">\n<tbody>\n<tr class=\"ant-descriptions-row\">\n<th class=\"ant-descriptions-item-label ant-descriptions-item-colon\">Puerto FOB<\/th>\n<td class=\"ant-descriptions-item-content\" colspan=\"5\">Qingdao o Tianjin<\/td>\n<\/tr>\n<tr class=\"ant-descriptions-row\">\n<th class=\"ant-descriptions-item-label ant-descriptions-item-colon\">C\u00f3digo HTS<\/th>\n<td class=\"ant-descriptions-item-content\" colspan=\"5\">7210.70.10 00<\/td>\n<\/tr>\n<\/tbody>\n<\/table>\n<\/div>\n<\/div>\n<div class=\"ant-descriptions ant-descriptions-small ant-descriptions-bordered\" data-v-e8f33c66=\"\">\n<div class=\"ant-descriptions-view\">\n<table data-extentions-extra-tablecapture-id=\"323294\">\n<tbody>\n<tr class=\"ant-descriptions-row\">\n<th class=\"ant-descriptions-item-label ant-descriptions-item-colon\">Plazos de entrega<\/th>\n<td class=\"ant-descriptions-item-content\" colspan=\"5\">7-15 d\u00edas<\/td>\n<\/tr>\n<\/tbody>\n<\/table>\n<\/div>\n<\/div>\n<\/div>\n<\/div>\n<div id=\"MainExportMarkets\" class=\"markets\" data-v-e8f33c66=\"\">\n<h3 class=\"title\" data-v-e8f33c66=\"\">Principales mercados de exportaci\u00f3n<\/h3>\n<div class=\"markets-content\" data-v-e8f33c66=\"\">\n<div class=\"markets-content-row\" data-v-e8f33c66=\"\">\n<div class=\"item\" data-v-e8f33c66=\"\">- Am\u00e9rica Central y del Sur<\/div>\n<div class=\"item\" data-v-e8f33c66=\"\">- Europa del Este<\/div>\n<div class=\"item\" data-v-e8f33c66=\"\">- Oriente Medio\/\u00c1frica<\/div>\n<div class=\"item\" data-v-e8f33c66=\"\">- Norteam\u00e9rica<\/div>\n<\/div>\n<div class=\"markets-content-row\" data-v-e8f33c66=\"\">\n<div class=\"item\" data-v-e8f33c66=\"\">- Asia<\/div>\n<div class=\"item\" data-v-e8f33c66=\"\">- Australasia<\/div>\n<div class=\"item\" data-v-e8f33c66=\"\">- Europa Occidental<\/div>\n<\/div>\n<\/div>\n<\/div>\n<\/div>","protected":false},"excerpt":{"rendered":"<p>Nombre del productoBobina de acero galvanizado prelacadoNombre de la marcaSINO METALSNormasASTM\/AISI\/BS\/DIN\/JIS\/GB y m\u00e1sMetal baseGI\/GL\/CRCTespesor0,14-1,50mmAncho30-1500mmColorColorRAL, seg\u00fan la petici\u00f3n del clientePinturaPE, SMP, HDP, PVDFSuperficieBrillo\/mate\/m\u00e1rmol\/madera\/camuflaje\/ladrilloCertificadosISO 9001\/ISO 14001\/SGS\/SONCAP<\/p>","protected":false},"featured_media":1001,"comment_status":"open","ping_status":"closed","template":"","meta":{"_kadence_starter_templates_imported_post":false,"_kad_post_transparent":"default","_kad_post_title":"","_kad_post_layout":"default","_kad_post_sidebar_id":"","_kad_post_content_style":"default","_kad_post_vertical_padding":"default","_kad_post_feature":"","_kad_post_feature_position":"","_kad_post_header":false,"_kad_post_footer":false},"product_brand":[],"product_cat":[30],"product_tag":[],"class_list":{"0":"post-1002","1":"product","2":"type-product","3":"status-publish","4":"has-post-thumbnail","6":"product_cat-pre-painted-galvalume-steel-coil-ppgl","8":"first","9":"instock","10":"shipping-taxable","11":"product-type-simple","12":"entry","13":"content-bg","14":"loop-entry"},"jetpack_sharing_enabled":true,"_links":{"self":[{"href":"https:\/\/cnsinometal.com\/es\/wp-json\/wp\/v2\/product\/1002","targetHints":{"allow":["GET"]}}],"collection":[{"href":"https:\/\/cnsinometal.com\/es\/wp-json\/wp\/v2\/product"}],"about":[{"href":"https:\/\/cnsinometal.com\/es\/wp-json\/wp\/v2\/types\/product"}],"replies":[{"embeddable":true,"href":"https:\/\/cnsinometal.com\/es\/wp-json\/wp\/v2\/comments?post=1002"}],"wp:featuredmedia":[{"embeddable":true,"href":"https:\/\/cnsinometal.com\/es\/wp-json\/wp\/v2\/media\/1001"}],"wp:attachment":[{"href":"https:\/\/cnsinometal.com\/es\/wp-json\/wp\/v2\/media?parent=1002"}],"wp:term":[{"taxonomy":"product_brand","embeddable":true,"href":"https:\/\/cnsinometal.com\/es\/wp-json\/wp\/v2\/product_brand?post=1002"},{"taxonomy":"product_cat","embeddable":true,"href":"https:\/\/cnsinometal.com\/es\/wp-json\/wp\/v2\/product_cat?post=1002"},{"taxonomy":"product_tag","embeddable":true,"href":"https:\/\/cnsinometal.com\/es\/wp-json\/wp\/v2\/product_tag?post=1002"}],"curies":[{"name":"wp","href":"https:\/\/api.w.org\/{rel}","templated":true}]}}